{"id":5510,"date":"2025-04-16T17:24:07","date_gmt":"2025-04-16T10:24:07","guid":{"rendered":"https:\/\/nge.vn\/?post_type=product&#038;p=5510"},"modified":"2025-04-16T17:24:09","modified_gmt":"2025-04-16T10:24:09","slug":"nhua-giong-nylon-pa100-nylon-like-resin-mau-grey-500ml-chai","status":"publish","type":"product","link":"https:\/\/nge.vn\/en\/product\/nhua-giong-nylon-pa100-nylon-like-resin-mau-grey-500ml-chai\/","title":{"rendered":"Nh\u1ef1a gi\u1ed1ng nylon PA100 Nylon-Like Resin m\u00e0u Grey 500ml\/ chai"},"content":{"rendered":"<div>Nh\u1ef1a gi\u1ed1ng nylon PA100 Nylon-Like Resin m\u00e0u Grey 500ml\/ chai<\/div>\n<div>Nh\u1ef1a gi\u1ed1ng nylon l\u00e0 v\u1eadt li\u1ec7u nh\u1ef1a c\u00f3 \u0111\u1ed9 b\u1ec1n cao \u0111\u01b0\u1ee3c eSUN ph\u00e1t minh cho c\u00e1c \u1ee9ng d\u1ee5ng k\u1ef9 thu\u1eadt v\u00e0 s\u1ea3n xu\u1ea5t.<\/div>\n<div><\/div>\n<div>+\u0110\u1ed9 d\u1ebbo dai v\u00e0 kh\u1ea3 n\u0103ng ch\u1ed1ng va \u0111\u1eadp tuy\u1ec7t v\u1eddi<\/div>\n<div>+C\u00f3 th\u1ec3 g\u1eadp 180 \u0111\u1ed9 m\u00e0 kh\u00f4ng b\u1ecb g\u00e3y<\/div>\n<div>+S\u1ebd kh\u00f4ng b\u1ecb b\u1ed9t khi ho\u1ea1t \u0111\u1ed9ng \u1edf t\u1ed1c \u0111\u1ed9 cao;<\/div>\n<div>+\u0110\u1ed9 b\u1ec1n t\u1ed1t v\u00e0 \u1ed5n \u0111\u1ecbnh l\u00e2u d\u00e0i<\/div>\n<div>+\u0110\u1ed9 co th\u1ea5p, \u0111\u1ed9 ch\u00ednh x\u00e1c cao v\u00e0 ch\u1ea5t l\u01b0\u1ee3ng b\u1ec1 m\u1eb7t t\u1ed1t<\/div>\n<div><\/div>\n<div>*Ghi Ch\u00fa: L\u1eafc \u0111\u1ec1u tr\u01b0\u1edbc khi in<\/div>\n<div>*\u1ee8ng d\u1ee5ng<\/div>\n<div>+\u0110\u1ed3 g\u00e1 l\u1eafp v\u00e0 \u0111\u1ed3 \u0111\u1ea1c<\/div>\n<div>+M\u00e1y bay m\u00f4 h\u00ecnh<\/div>\n<div>+B\u1ed9 ph\u1eadn c\u00f4ng nghi\u1ec7p<\/div>\n<div>+Ch\u1ebf t\u1ea1o m\u1eabu<\/div>\n<div>+B\u1ed9 ph\u1eadn c\u1ed1 \u0111\u1ecbnh<\/div>\n<div>+Snap<\/div>\n<div>+B\u00e1nh r\u0103ng<\/div>\n<div><\/div>\n<div>\u00a03D PRINTING PHOTOPOLYMER RESIN Properties Table( *Recommended Settings For Printer can be viewed by visiting \u201cDownload\u201d)<\/div>\n<div>+3D PRINTING PHOTOPOLYMER RESIN PA100 Nylon-Like Resin<\/div>\n<div>+Viscosity(mPa\u00b7s) 500<\/div>\n<div>+Density(g\/cm3) 1.05-1.15<\/div>\n<div>+Tensile Strength(MPa) 68<\/div>\n<div>+Elongation at Break(%) 15<\/div>\n<div>+Flexural Strength(MPa) 35<\/div>\n<div>+Impact Strength(J\/m) 20<\/div>\n<div>+Tearing Strength(GPa) \/<\/div>\n<div>+Heat Distortion Temp(\u2103) \/<\/div>\n<div>+Hardness(Shore D) 75<\/div>\n<div><\/div>\n<div>**Vui l\u00f2ng li\u00ean h\u1ec7 tr\u1ef1c ti\u1ebfp shop \u0111\u1ec3 \u0111\u01b0\u1ee3c t\u01b0 v\u1ea5n th\u00eam<br \/>\n0913.939.775 contact A.Quan (for English)<br \/>\n094.144.0951 contact A.Quynh<br \/>\n** Price does not include VAT (+8 or 10% if VAT invoice is issued)<\/div>","protected":false},"excerpt":{"rendered":"<div>\u00a03D PRINTING PHOTOPOLYMER RESIN Properties Table( *Recommended Settings For Printer can be viewed by visiting \u201cDownload\u201d)<\/div>\n<div>+3D PRINTING PHOTOPOLYMER RESIN PA100 Nylon-Like Resin<\/div>\n<div>+Viscosity(mPa\u00b7s) 500<\/div>\n<div>+Density(g\/cm3) 1.05-1.15<\/div>\n<div>+Tensile Strength(MPa) 68<\/div>\n<div>+Elongation at Break(%) 15<\/div>\n<div>+Flexural Strength(MPa) 35<\/div>\n<div>+Impact Strength(J\/m) 20<\/div>\n<div>+Tearing Strength(GPa) \/<\/div>\n<div>+Heat Distortion Temp(\u2103) \/<\/div>\n<div>+Hardness(Shore D) 75<\/div>","protected":false},"featured_media":5519,"comment_status":"open","ping_status":"closed","template":"","meta":{"inline_featured_image":false},"product_brand":[],"product_cat":[500],"product_tag":[],"class_list":{"0":"post-5510","1":"product","2":"type-product","3":"status-publish","4":"has-post-thumbnail","6":"product_cat-tuyen-dung","8":"first","9":"instock","10":"sale","11":"taxable","12":"shipping-taxable","13":"purchasable","14":"product-type-simple"},"yoast_head":"<!-- This site is optimized with the Yoast SEO Premium plugin v22.8 (Yoast SEO v26.9) - https:\/\/yoast.com\/product\/yoast-seo-premium-wordpress\/ -->\n<title>Nh\u1ef1a gi\u1ed1ng nylon PA100 Nylon-Like Resin m\u00e0u Grey 500ml\/ chai - NGE 3D Printers Services<\/title>\n<meta name=\"description\" content=\"\u0110\u1ed9 d\u1ebbo dai v\u00e0 kh\u1ea3 n\u0103ng ch\u1ed1ng va \u0111\u1eadp cao C\u00f3 th\u1ec3 g\u1eadp 180 \u0111\u1ed9 m\u00e0 kh\u00f4ng b\u1ecb g\u00e3y \u0110\u1ed9 b\u1ec1n t\u1ed1t v\u00e0 \u1ed5n \u0111\u1ecbnh l\u00e2u d\u00e0i \u0110\u1ed9 co th\u1ea5p, \u0111\u1ed9 ch\u00ednh x\u00e1c cao ch\u1ea5t l\u01b0\u1ee3ng b\u1ec1 m\u1eb7t t\u1ed1t\" \/>\n<meta name=\"robots\" content=\"index, follow, max-snippet:-1, max-image-preview:large, max-video-preview:-1\" \/>\n<link rel=\"canonical\" href=\"https:\/\/nge.vn\/en\/product\/nhua-giong-nylon-pa100-nylon-like-resin-mau-grey-500ml-chai\/\" \/>\n<meta property=\"og:locale\" content=\"en_US\" \/>\n<meta property=\"og:type\" content=\"article\" \/>\n<meta property=\"og:title\" content=\"Nh\u1ef1a gi\u1ed1ng nylon PA100 Nylon-Like Resin m\u00e0u Grey 500ml\/ chai\" \/>\n<meta property=\"og:description\" content=\"\u0110\u1ed9 d\u1ebbo dai v\u00e0 kh\u1ea3 n\u0103ng ch\u1ed1ng va \u0111\u1eadp cao C\u00f3 th\u1ec3 g\u1eadp 180 \u0111\u1ed9 m\u00e0 kh\u00f4ng b\u1ecb g\u00e3y \u0110\u1ed9 b\u1ec1n t\u1ed1t v\u00e0 \u1ed5n \u0111\u1ecbnh l\u00e2u d\u00e0i \u0110\u1ed9 co th\u1ea5p, \u0111\u1ed9 ch\u00ednh x\u00e1c cao ch\u1ea5t l\u01b0\u1ee3ng b\u1ec1 m\u1eb7t t\u1ed1t\" \/>\n<meta property=\"og:url\" content=\"https:\/\/nge.vn\/en\/product\/nhua-giong-nylon-pa100-nylon-like-resin-mau-grey-500ml-chai\/\" \/>\n<meta property=\"og:site_name\" content=\"NGE 3D Printers Services\" \/>\n<meta property=\"article:modified_time\" content=\"2025-04-16T10:24:09+00:00\" \/>\n<meta property=\"og:image\" content=\"https:\/\/nge.vn\/wp-content\/uploads\/2025\/04\/pa100-1.png\" \/>\n\t<meta property=\"og:image:width\" content=\"845\" \/>\n\t<meta property=\"og:image:height\" content=\"853\" \/>\n\t<meta property=\"og:image:type\" content=\"image\/png\" \/>\n<meta name=\"twitter:card\" content=\"summary_large_image\" \/>\n<meta name=\"twitter:label1\" content=\"Est. reading time\" \/>\n\t<meta name=\"twitter:data1\" content=\"2 minutes\" \/>\n<script type=\"application\/ld+json\" class=\"yoast-schema-graph\">{\"@context\":\"https:\/\/schema.org\",\"@graph\":[{\"@type\":\"WebPage\",\"@id\":\"https:\/\/nge.vn\/san-pham\/nhua-giong-nylon-pa100-nylon-like-resin-mau-grey-500ml-chai\/\",\"url\":\"https:\/\/nge.vn\/san-pham\/nhua-giong-nylon-pa100-nylon-like-resin-mau-grey-500ml-chai\/\",\"name\":\"Nh\u1ef1a gi\u1ed1ng nylon PA100 Nylon-Like Resin m\u00e0u Grey 500ml\/ chai - NGE 3D Printers Services\",\"isPartOf\":{\"@id\":\"https:\/\/nge.vn\/#website\"},\"primaryImageOfPage\":{\"@id\":\"https:\/\/nge.vn\/san-pham\/nhua-giong-nylon-pa100-nylon-like-resin-mau-grey-500ml-chai\/#primaryimage\"},\"image\":{\"@id\":\"https:\/\/nge.vn\/san-pham\/nhua-giong-nylon-pa100-nylon-like-resin-mau-grey-500ml-chai\/#primaryimage\"},\"thumbnailUrl\":\"https:\/\/nge.vn\/wp-content\/uploads\/2025\/04\/pa100-1.png\",\"datePublished\":\"2025-04-16T10:24:07+00:00\",\"dateModified\":\"2025-04-16T10:24:09+00:00\",\"description\":\"\u0110\u1ed9 d\u1ebbo dai v\u00e0 kh\u1ea3 n\u0103ng ch\u1ed1ng va \u0111\u1eadp cao C\u00f3 th\u1ec3 g\u1eadp 180 \u0111\u1ed9 m\u00e0 kh\u00f4ng b\u1ecb g\u00e3y \u0110\u1ed9 b\u1ec1n t\u1ed1t v\u00e0 \u1ed5n \u0111\u1ecbnh l\u00e2u d\u00e0i \u0110\u1ed9 co th\u1ea5p, \u0111\u1ed9 ch\u00ednh x\u00e1c cao ch\u1ea5t l\u01b0\u1ee3ng b\u1ec1 m\u1eb7t t\u1ed1t\",\"breadcrumb\":{\"@id\":\"https:\/\/nge.vn\/san-pham\/nhua-giong-nylon-pa100-nylon-like-resin-mau-grey-500ml-chai\/#breadcrumb\"},\"inLanguage\":\"en-US\",\"potentialAction\":[{\"@type\":\"ReadAction\",\"target\":[\"https:\/\/nge.vn\/san-pham\/nhua-giong-nylon-pa100-nylon-like-resin-mau-grey-500ml-chai\/\"]}]},{\"@type\":\"ImageObject\",\"inLanguage\":\"en-US\",\"@id\":\"https:\/\/nge.vn\/san-pham\/nhua-giong-nylon-pa100-nylon-like-resin-mau-grey-500ml-chai\/#primaryimage\",\"url\":\"https:\/\/nge.vn\/wp-content\/uploads\/2025\/04\/pa100-1.png\",\"contentUrl\":\"https:\/\/nge.vn\/wp-content\/uploads\/2025\/04\/pa100-1.png\",\"width\":845,\"height\":853,\"caption\":\"PA100 Nylon-Like Resin color Grey\"},{\"@type\":\"BreadcrumbList\",\"@id\":\"https:\/\/nge.vn\/san-pham\/nhua-giong-nylon-pa100-nylon-like-resin-mau-grey-500ml-chai\/#breadcrumb\",\"itemListElement\":[{\"@type\":\"ListItem\",\"position\":1,\"name\":\"Trang ch\u1ee7\",\"item\":\"https:\/\/nge.vn\/\"},{\"@type\":\"ListItem\",\"position\":2,\"name\":\"S\u1ea3n ph\u1ea9m\",\"item\":\"https:\/\/nge.vn\/san-pham\/\"},{\"@type\":\"ListItem\",\"position\":3,\"name\":\"Nh\u1ef1a gi\u1ed1ng nylon PA100 Nylon-Like Resin m\u00e0u Grey 500ml\/ chai\"}]},{\"@type\":\"WebSite\",\"@id\":\"https:\/\/nge.vn\/#website\",\"url\":\"https:\/\/nge.vn\/\",\"name\":\"NGE 3D Printers Services\",\"description\":\"\",\"potentialAction\":[{\"@type\":\"SearchAction\",\"target\":{\"@type\":\"EntryPoint\",\"urlTemplate\":\"https:\/\/nge.vn\/?s={search_term_string}\"},\"query-input\":{\"@type\":\"PropertyValueSpecification\",\"valueRequired\":true,\"valueName\":\"search_term_string\"}}],\"inLanguage\":\"en-US\"}]}<\/script>\n<!-- \/ Yoast SEO Premium plugin. -->","yoast_head_json":{"title":"Nh\u1ef1a gi\u1ed1ng nylon PA100 Nylon-Like Resin m\u00e0u Grey 500ml\/ chai - NGE 3D Printers Services","description":"\u0110\u1ed9 d\u1ebbo dai v\u00e0 kh\u1ea3 n\u0103ng ch\u1ed1ng va \u0111\u1eadp cao C\u00f3 th\u1ec3 g\u1eadp 180 \u0111\u1ed9 m\u00e0 kh\u00f4ng b\u1ecb g\u00e3y \u0110\u1ed9 b\u1ec1n t\u1ed1t v\u00e0 \u1ed5n \u0111\u1ecbnh l\u00e2u d\u00e0i \u0110\u1ed9 co th\u1ea5p, \u0111\u1ed9 ch\u00ednh x\u00e1c cao ch\u1ea5t l\u01b0\u1ee3ng b\u1ec1 m\u1eb7t t\u1ed1t","robots":{"index":"index","follow":"follow","max-snippet":"max-snippet:-1","max-image-preview":"max-image-preview:large","max-video-preview":"max-video-preview:-1"},"canonical":"https:\/\/nge.vn\/en\/product\/nhua-giong-nylon-pa100-nylon-like-resin-mau-grey-500ml-chai\/","og_locale":"en_US","og_type":"article","og_title":"Nh\u1ef1a gi\u1ed1ng nylon PA100 Nylon-Like Resin m\u00e0u Grey 500ml\/ chai","og_description":"\u0110\u1ed9 d\u1ebbo dai v\u00e0 kh\u1ea3 n\u0103ng ch\u1ed1ng va \u0111\u1eadp cao C\u00f3 th\u1ec3 g\u1eadp 180 \u0111\u1ed9 m\u00e0 kh\u00f4ng b\u1ecb g\u00e3y \u0110\u1ed9 b\u1ec1n t\u1ed1t v\u00e0 \u1ed5n \u0111\u1ecbnh l\u00e2u d\u00e0i \u0110\u1ed9 co th\u1ea5p, \u0111\u1ed9 ch\u00ednh x\u00e1c cao ch\u1ea5t l\u01b0\u1ee3ng b\u1ec1 m\u1eb7t t\u1ed1t","og_url":"https:\/\/nge.vn\/en\/product\/nhua-giong-nylon-pa100-nylon-like-resin-mau-grey-500ml-chai\/","og_site_name":"NGE 3D Printers Services","article_modified_time":"2025-04-16T10:24:09+00:00","og_image":[{"width":845,"height":853,"url":"https:\/\/nge.vn\/wp-content\/uploads\/2025\/04\/pa100-1.png","type":"image\/png"}],"twitter_card":"summary_large_image","twitter_misc":{"Est. reading time":"2 minutes"},"schema":{"@context":"https:\/\/schema.org","@graph":[{"@type":"WebPage","@id":"https:\/\/nge.vn\/san-pham\/nhua-giong-nylon-pa100-nylon-like-resin-mau-grey-500ml-chai\/","url":"https:\/\/nge.vn\/san-pham\/nhua-giong-nylon-pa100-nylon-like-resin-mau-grey-500ml-chai\/","name":"Nh\u1ef1a gi\u1ed1ng nylon PA100 Nylon-Like Resin m\u00e0u Grey 500ml\/ chai - NGE 3D Printers Services","isPartOf":{"@id":"https:\/\/nge.vn\/#website"},"primaryImageOfPage":{"@id":"https:\/\/nge.vn\/san-pham\/nhua-giong-nylon-pa100-nylon-like-resin-mau-grey-500ml-chai\/#primaryimage"},"image":{"@id":"https:\/\/nge.vn\/san-pham\/nhua-giong-nylon-pa100-nylon-like-resin-mau-grey-500ml-chai\/#primaryimage"},"thumbnailUrl":"https:\/\/nge.vn\/wp-content\/uploads\/2025\/04\/pa100-1.png","datePublished":"2025-04-16T10:24:07+00:00","dateModified":"2025-04-16T10:24:09+00:00","description":"\u0110\u1ed9 d\u1ebbo dai v\u00e0 kh\u1ea3 n\u0103ng ch\u1ed1ng va \u0111\u1eadp cao C\u00f3 th\u1ec3 g\u1eadp 180 \u0111\u1ed9 m\u00e0 kh\u00f4ng b\u1ecb g\u00e3y \u0110\u1ed9 b\u1ec1n t\u1ed1t v\u00e0 \u1ed5n \u0111\u1ecbnh l\u00e2u d\u00e0i \u0110\u1ed9 co th\u1ea5p, \u0111\u1ed9 ch\u00ednh x\u00e1c cao ch\u1ea5t l\u01b0\u1ee3ng b\u1ec1 m\u1eb7t t\u1ed1t","breadcrumb":{"@id":"https:\/\/nge.vn\/san-pham\/nhua-giong-nylon-pa100-nylon-like-resin-mau-grey-500ml-chai\/#breadcrumb"},"inLanguage":"en-US","potentialAction":[{"@type":"ReadAction","target":["https:\/\/nge.vn\/san-pham\/nhua-giong-nylon-pa100-nylon-like-resin-mau-grey-500ml-chai\/"]}]},{"@type":"ImageObject","inLanguage":"en-US","@id":"https:\/\/nge.vn\/san-pham\/nhua-giong-nylon-pa100-nylon-like-resin-mau-grey-500ml-chai\/#primaryimage","url":"https:\/\/nge.vn\/wp-content\/uploads\/2025\/04\/pa100-1.png","contentUrl":"https:\/\/nge.vn\/wp-content\/uploads\/2025\/04\/pa100-1.png","width":845,"height":853,"caption":"PA100 Nylon-Like Resin color Grey"},{"@type":"BreadcrumbList","@id":"https:\/\/nge.vn\/san-pham\/nhua-giong-nylon-pa100-nylon-like-resin-mau-grey-500ml-chai\/#breadcrumb","itemListElement":[{"@type":"ListItem","position":1,"name":"Trang ch\u1ee7","item":"https:\/\/nge.vn\/"},{"@type":"ListItem","position":2,"name":"S\u1ea3n ph\u1ea9m","item":"https:\/\/nge.vn\/san-pham\/"},{"@type":"ListItem","position":3,"name":"Nh\u1ef1a gi\u1ed1ng nylon PA100 Nylon-Like Resin m\u00e0u Grey 500ml\/ chai"}]},{"@type":"WebSite","@id":"https:\/\/nge.vn\/#website","url":"https:\/\/nge.vn\/","name":"NGE 3D Printers Services","description":"","potentialAction":[{"@type":"SearchAction","target":{"@type":"EntryPoint","urlTemplate":"https:\/\/nge.vn\/?s={search_term_string}"},"query-input":{"@type":"PropertyValueSpecification","valueRequired":true,"valueName":"search_term_string"}}],"inLanguage":"en-US"}]}},"_links":{"self":[{"href":"https:\/\/nge.vn\/en\/wp-json\/wp\/v2\/product\/5510","targetHints":{"allow":["GET"]}}],"collection":[{"href":"https:\/\/nge.vn\/en\/wp-json\/wp\/v2\/product"}],"about":[{"href":"https:\/\/nge.vn\/en\/wp-json\/wp\/v2\/types\/product"}],"replies":[{"embeddable":true,"href":"https:\/\/nge.vn\/en\/wp-json\/wp\/v2\/comments?post=5510"}],"wp:featuredmedia":[{"embeddable":true,"href":"https:\/\/nge.vn\/en\/wp-json\/wp\/v2\/media\/5519"}],"wp:attachment":[{"href":"https:\/\/nge.vn\/en\/wp-json\/wp\/v2\/media?parent=5510"}],"wp:term":[{"taxonomy":"product_brand","embeddable":true,"href":"https:\/\/nge.vn\/en\/wp-json\/wp\/v2\/product_brand?post=5510"},{"taxonomy":"product_cat","embeddable":true,"href":"https:\/\/nge.vn\/en\/wp-json\/wp\/v2\/product_cat?post=5510"},{"taxonomy":"product_tag","embeddable":true,"href":"https:\/\/nge.vn\/en\/wp-json\/wp\/v2\/product_tag?post=5510"}],"curies":[{"name":"wp","href":"https:\/\/api.w.org\/{rel}","templated":true}]}}