{"id":534,"date":"2024-10-25T12:47:16","date_gmt":"2024-10-25T05:47:16","guid":{"rendered":"https:\/\/nge.123websitedev.com\/san-pham\/tam-pei-plate-glossy-surface-be-mat-bong-size-235235mm-dung-cho-series-ender-3-ender-5\/"},"modified":"2024-10-29T17:18:20","modified_gmt":"2024-10-29T10:18:20","slug":"tam-pei-plate-glossy-surface-be-mat-bong-size-235235mm-dung-cho-series-ender-3-ender-5","status":"publish","type":"product","link":"https:\/\/nge.vn\/en\/product\/tam-pei-plate-glossy-surface-be-mat-bong-size-235235mm-dung-cho-series-ender-3-ender-5\/","title":{"rendered":"T\u1ea5m PEI Plate Glossy Surface b\u1ec1 m\u1eb7t b\u00f3ng size 235*235mm d\u00f9ng cho Series Ender 3 &amp; Ender 5"},"content":{"rendered":"<p>T\u1ea5m PEI Plate Glossy Surface b\u1ec1 m\u1eb7t b\u00f3ng size 235*235 cho c\u00e1c m\u00e1y Series Ender 3 &amp; Ender 5 &amp; CR-20, CP-01&#8230;<br \/>\n_T\u1ea5m in PEI<br \/>\n+Ch\u00e1y ch\u1eadm<br \/>\n+Ch\u1ed1ng n\u00f3ng<br \/>\n+Ch\u1ed1ng m\u00e0i m\u00f2n<br \/>\n+S\u1eed d\u1ee5ng nhi\u1ec1u l\u1ea7n<\/p>\n<p>_Ba l\u1edbp ch\u1ed3ng l\u00ean nhau ch\u1ecbu nhi\u1ec7t v\u00e0 b\u1ec1n:<br \/>\n+Printing surface of PEI<br \/>\n+Spring plate.<br \/>\n+Magnetic base<\/p>\n<p>_B\u1ec1 m\u1eb7t PEI (l\u1edbp m\u1eb7t):<br \/>\n+Ch\u1ed1ng ch\u00e1y v\u00e0 ch\u1ecbu nhi\u1ec7t<br \/>\n+B\u1ec1 m\u1eb7t in c\u1ee7a PEI c\u00f3 \u0111\u1ed9 \u1ed5n \u0111\u1ecbnh nhi\u1ec7t \u0111\u1ed9 cao, ch\u1ed1ng ch\u00e1y, ch\u1ecbu nhi\u1ec7t v\u00e0 ch\u1ed1ng m\u00e0i m\u00f2n<\/p>\n<p>**PEI (Polyetherimide): c\u00f3 kh\u1ea3 n\u0103ng ch\u1ed1ng ch\u00e1y v\u1ed1n c\u00f3, \u00edt kh\u00f3i, ch\u1ec9 s\u1ed1 oxy l\u00e0 46% v\u00e0 m\u1ee9c \u0111\u1ed9 ch\u00e1y l\u00e0 UL94-V-0. PEI c\u00f3 \u0111\u1ed9 \u1ed5n \u0111\u1ecbnh nhi\u1ec7t \u0111\u1ed9 cao v\u00e0 \u0111\u1ed9 c\u1ee9ng cao<\/p>\n<p>_PEI spring plate (T\u1ea5m l\u00f2 xo PEI):<br \/>\n+Kh\u00f4ng bi\u1ebfn d\u1ea1ng d\u01b0\u1edbi 200\u2103<br \/>\n+S\u01a1n t\u0129nh \u0111i\u1ec7n PEI nguy\u00ean b\u1ea3n c\u00f3 kh\u1ea3 n\u0103ng ch\u1ecbu nhi\u1ec7t. T\u1ea5m l\u00f2 xo b\u1eb1ng th\u00e9p c\u1ee9ng c\u00f3 kh\u1ea3 n\u0103ng ch\u1ecbu nhi\u1ec7t \u0111\u1ed9 200\u2103 m\u1ed9t c\u00e1ch nh\u1ea5t qu\u00e1n m\u00e0 kh\u00f4ng b\u1ecb bi\u1ebfn d\u1ea1ng<br \/>\n+Ch\u1ecbu \u0111\u01b0\u1ee3c 200\u2103 li\u00ean t\u1ee5c<\/p>\n<p>_Magnetic rubber plate (T\u1ea5m cao su t\u1eeb t\u00ednh):<br \/>\n+\u0110\u1ed9 b\u00e1m d\u00ednh ch\u1eafc ch\u1eafn khi in<br \/>\n+B\u1ec1 m\u1eb7t ph\u1ee7 b\u00f3ng PEI c\u00f3 th\u1ec3 k\u1ebft d\u00ednh t\u1ed1t c\u00e1c lo\u1ea1i s\u1ee3i nh\u1ef1a kh\u00e1c nhau, \u0111\u1eb7c bi\u1ec7t l\u00e0 PLA v\u00e0 ABS, kh\u00f4ng b\u1ecb cong v\u00eanh v\u00e0 b\u00e1m d\u00ednh m\u1ea1nh<br \/>\n+Ch\u1ecbu \u0111\u01b0\u1ee3c 130\u2103 li\u00ean t\u1ee5c<\/p>\n<p>**S\u1eed d\u1ee5ng cho c\u00e1c m\u00e1y in 3d: Series Ender 3, Ender 3 Pro, Ender 3 V2, Ender 5, CR-20, CR-20 Pro, CP-01&#8230;<\/p>\n<p>**\u0110\u1ec3 \u0111\u01b0\u1ee3c nh\u1eadn h\u1ed9 tr\u1ee3 th\u00eam v\u1ec1 Gi\u00e1 v\u00e0 Th\u00f4ng tin c\u1ee7a s\u1ea3n ph\u1ea9m, vui l\u00f2ng li\u00ean h\u1ec7:<br \/>\n          0913.939.775 &#8211; 0934.156.173 g\u1eb7p A. Qu\u00e2n (for English)<br \/>\n          094.144.0951 contact A.Quynh<br \/>\n**Selling price does not include VAT (+10% if VAT invoice is issued)<\/p>","protected":false},"excerpt":{"rendered":"<p>T\u1ea5m PEI Plate Glossy Surface b\u1ec1 m\u1eb7t b\u00f3ng size 235*235mm d\u00f9ng cho Series Ender 3 &amp; Ender 5<\/p>","protected":false},"featured_media":525,"comment_status":"open","ping_status":"closed","template":"","meta":{"inline_featured_image":false},"product_brand":[],"product_cat":[458,462,461,40],"product_tag":[],"class_list":{"0":"post-534","1":"product","2":"type-product","3":"status-publish","4":"has-post-thumbnail","6":"product_cat-ban-kinh-carbon-va-pei","7":"product_cat-board-va-man-hinh-dieu-khien","8":"product_cat-linh-kien-cum-dun-va-cam-bien","9":"product_cat-linh-kien-va-phu-kien","11":"first","12":"instock","13":"taxable","14":"shipping-taxable","15":"purchasable","16":"product-type-simple"},"yoast_head":"<!-- This site is optimized with the Yoast SEO Premium plugin v22.8 (Yoast SEO v26.9) - https:\/\/yoast.com\/product\/yoast-seo-premium-wordpress\/ -->\n<title>T\u1ea5m PEI Plate Glossy Surface b\u1ec1 m\u1eb7t b\u00f3ng size 235*235mm d\u00f9ng cho Series Ender 3 &amp; Ender 5 - NGE 3D Printers Services<\/title>\n<meta name=\"robots\" content=\"index, follow, max-snippet:-1, max-image-preview:large, max-video-preview:-1\" \/>\n<link rel=\"canonical\" href=\"https:\/\/nge.vn\/en\/product\/tam-pei-plate-glossy-surface-be-mat-bong-size-235235mm-dung-cho-series-ender-3-ender-5\/\" \/>\n<meta property=\"og:locale\" content=\"en_US\" \/>\n<meta property=\"og:type\" content=\"article\" \/>\n<meta property=\"og:title\" content=\"T\u1ea5m PEI Plate Glossy Surface b\u1ec1 m\u1eb7t b\u00f3ng size 235*235mm d\u00f9ng cho Series Ender 3 &amp; Ender 5\" \/>\n<meta property=\"og:description\" content=\"T\u1ea5m PEI Plate Glossy Surface b\u1ec1 m\u1eb7t b\u00f3ng size 235*235mm d\u00f9ng cho Series Ender 3 &amp; Ender 5\" \/>\n<meta property=\"og:url\" content=\"https:\/\/nge.vn\/en\/product\/tam-pei-plate-glossy-surface-be-mat-bong-size-235235mm-dung-cho-series-ender-3-ender-5\/\" \/>\n<meta property=\"og:site_name\" content=\"NGE 3D Printers Services\" \/>\n<meta property=\"article:modified_time\" content=\"2024-10-29T10:18:20+00:00\" \/>\n<meta property=\"og:image\" content=\"https:\/\/nge.vn\/wp-content\/uploads\/2024\/10\/images-upload-woo2F05ea2af4400f9e17899773056199bc75.jpg\" \/>\n\t<meta property=\"og:image:width\" content=\"1000\" \/>\n\t<meta property=\"og:image:height\" content=\"1000\" \/>\n\t<meta property=\"og:image:type\" content=\"image\/jpeg\" \/>\n<meta name=\"twitter:card\" content=\"summary_large_image\" \/>\n<meta name=\"twitter:label1\" content=\"Est. reading time\" \/>\n\t<meta name=\"twitter:data1\" content=\"2 minutes\" \/>\n<script type=\"application\/ld+json\" class=\"yoast-schema-graph\">{\"@context\":\"https:\/\/schema.org\",\"@graph\":[{\"@type\":\"WebPage\",\"@id\":\"https:\/\/nge.vn\/san-pham\/tam-pei-plate-glossy-surface-be-mat-bong-size-235235mm-dung-cho-series-ender-3-ender-5\/\",\"url\":\"https:\/\/nge.vn\/san-pham\/tam-pei-plate-glossy-surface-be-mat-bong-size-235235mm-dung-cho-series-ender-3-ender-5\/\",\"name\":\"T\u1ea5m PEI Plate Glossy Surface b\u1ec1 m\u1eb7t b\u00f3ng size 235*235mm d\u00f9ng cho Series Ender 3 &amp; Ender 5 - NGE 3D Printers Services\",\"isPartOf\":{\"@id\":\"https:\/\/nge.vn\/#website\"},\"primaryImageOfPage\":{\"@id\":\"https:\/\/nge.vn\/san-pham\/tam-pei-plate-glossy-surface-be-mat-bong-size-235235mm-dung-cho-series-ender-3-ender-5\/#primaryimage\"},\"image\":{\"@id\":\"https:\/\/nge.vn\/san-pham\/tam-pei-plate-glossy-surface-be-mat-bong-size-235235mm-dung-cho-series-ender-3-ender-5\/#primaryimage\"},\"thumbnailUrl\":\"https:\/\/nge.vn\/wp-content\/uploads\/2024\/10\/images-upload-woo2F05ea2af4400f9e17899773056199bc75.jpg\",\"datePublished\":\"2024-10-25T05:47:16+00:00\",\"dateModified\":\"2024-10-29T10:18:20+00:00\",\"breadcrumb\":{\"@id\":\"https:\/\/nge.vn\/san-pham\/tam-pei-plate-glossy-surface-be-mat-bong-size-235235mm-dung-cho-series-ender-3-ender-5\/#breadcrumb\"},\"inLanguage\":\"en-US\",\"potentialAction\":[{\"@type\":\"ReadAction\",\"target\":[\"https:\/\/nge.vn\/san-pham\/tam-pei-plate-glossy-surface-be-mat-bong-size-235235mm-dung-cho-series-ender-3-ender-5\/\"]}]},{\"@type\":\"ImageObject\",\"inLanguage\":\"en-US\",\"@id\":\"https:\/\/nge.vn\/san-pham\/tam-pei-plate-glossy-surface-be-mat-bong-size-235235mm-dung-cho-series-ender-3-ender-5\/#primaryimage\",\"url\":\"https:\/\/nge.vn\/wp-content\/uploads\/2024\/10\/images-upload-woo2F05ea2af4400f9e17899773056199bc75.jpg\",\"contentUrl\":\"https:\/\/nge.vn\/wp-content\/uploads\/2024\/10\/images-upload-woo2F05ea2af4400f9e17899773056199bc75.jpg\",\"width\":1000,\"height\":1000},{\"@type\":\"BreadcrumbList\",\"@id\":\"https:\/\/nge.vn\/san-pham\/tam-pei-plate-glossy-surface-be-mat-bong-size-235235mm-dung-cho-series-ender-3-ender-5\/#breadcrumb\",\"itemListElement\":[{\"@type\":\"ListItem\",\"position\":1,\"name\":\"Trang ch\u1ee7\",\"item\":\"https:\/\/nge.vn\/\"},{\"@type\":\"ListItem\",\"position\":2,\"name\":\"S\u1ea3n ph\u1ea9m\",\"item\":\"https:\/\/nge.vn\/san-pham\/\"},{\"@type\":\"ListItem\",\"position\":3,\"name\":\"T\u1ea5m PEI Plate Glossy Surface b\u1ec1 m\u1eb7t b\u00f3ng size 235*235mm d\u00f9ng cho Series Ender 3 &amp; Ender 5\"}]},{\"@type\":\"WebSite\",\"@id\":\"https:\/\/nge.vn\/#website\",\"url\":\"https:\/\/nge.vn\/\",\"name\":\"NGE 3D Printers Services\",\"description\":\"\",\"potentialAction\":[{\"@type\":\"SearchAction\",\"target\":{\"@type\":\"EntryPoint\",\"urlTemplate\":\"https:\/\/nge.vn\/?s={search_term_string}\"},\"query-input\":{\"@type\":\"PropertyValueSpecification\",\"valueRequired\":true,\"valueName\":\"search_term_string\"}}],\"inLanguage\":\"en-US\"}]}<\/script>\n<!-- \/ Yoast SEO Premium plugin. -->","yoast_head_json":{"title":"T\u1ea5m PEI Plate Glossy Surface b\u1ec1 m\u1eb7t b\u00f3ng size 235*235mm d\u00f9ng cho Series Ender 3 &amp; Ender 5 - NGE 3D Printers Services","robots":{"index":"index","follow":"follow","max-snippet":"max-snippet:-1","max-image-preview":"max-image-preview:large","max-video-preview":"max-video-preview:-1"},"canonical":"https:\/\/nge.vn\/en\/product\/tam-pei-plate-glossy-surface-be-mat-bong-size-235235mm-dung-cho-series-ender-3-ender-5\/","og_locale":"en_US","og_type":"article","og_title":"T\u1ea5m PEI Plate Glossy Surface b\u1ec1 m\u1eb7t b\u00f3ng size 235*235mm d\u00f9ng cho Series Ender 3 &amp; Ender 5","og_description":"T\u1ea5m PEI Plate Glossy Surface b\u1ec1 m\u1eb7t b\u00f3ng size 235*235mm d\u00f9ng cho Series Ender 3 &amp; Ender 5","og_url":"https:\/\/nge.vn\/en\/product\/tam-pei-plate-glossy-surface-be-mat-bong-size-235235mm-dung-cho-series-ender-3-ender-5\/","og_site_name":"NGE 3D Printers Services","article_modified_time":"2024-10-29T10:18:20+00:00","og_image":[{"width":1000,"height":1000,"url":"https:\/\/nge.vn\/wp-content\/uploads\/2024\/10\/images-upload-woo2F05ea2af4400f9e17899773056199bc75.jpg","type":"image\/jpeg"}],"twitter_card":"summary_large_image","twitter_misc":{"Est. reading time":"2 minutes"},"schema":{"@context":"https:\/\/schema.org","@graph":[{"@type":"WebPage","@id":"https:\/\/nge.vn\/san-pham\/tam-pei-plate-glossy-surface-be-mat-bong-size-235235mm-dung-cho-series-ender-3-ender-5\/","url":"https:\/\/nge.vn\/san-pham\/tam-pei-plate-glossy-surface-be-mat-bong-size-235235mm-dung-cho-series-ender-3-ender-5\/","name":"T\u1ea5m PEI Plate Glossy Surface b\u1ec1 m\u1eb7t b\u00f3ng size 235*235mm d\u00f9ng cho Series Ender 3 &amp; Ender 5 - NGE 3D Printers Services","isPartOf":{"@id":"https:\/\/nge.vn\/#website"},"primaryImageOfPage":{"@id":"https:\/\/nge.vn\/san-pham\/tam-pei-plate-glossy-surface-be-mat-bong-size-235235mm-dung-cho-series-ender-3-ender-5\/#primaryimage"},"image":{"@id":"https:\/\/nge.vn\/san-pham\/tam-pei-plate-glossy-surface-be-mat-bong-size-235235mm-dung-cho-series-ender-3-ender-5\/#primaryimage"},"thumbnailUrl":"https:\/\/nge.vn\/wp-content\/uploads\/2024\/10\/images-upload-woo2F05ea2af4400f9e17899773056199bc75.jpg","datePublished":"2024-10-25T05:47:16+00:00","dateModified":"2024-10-29T10:18:20+00:00","breadcrumb":{"@id":"https:\/\/nge.vn\/san-pham\/tam-pei-plate-glossy-surface-be-mat-bong-size-235235mm-dung-cho-series-ender-3-ender-5\/#breadcrumb"},"inLanguage":"en-US","potentialAction":[{"@type":"ReadAction","target":["https:\/\/nge.vn\/san-pham\/tam-pei-plate-glossy-surface-be-mat-bong-size-235235mm-dung-cho-series-ender-3-ender-5\/"]}]},{"@type":"ImageObject","inLanguage":"en-US","@id":"https:\/\/nge.vn\/san-pham\/tam-pei-plate-glossy-surface-be-mat-bong-size-235235mm-dung-cho-series-ender-3-ender-5\/#primaryimage","url":"https:\/\/nge.vn\/wp-content\/uploads\/2024\/10\/images-upload-woo2F05ea2af4400f9e17899773056199bc75.jpg","contentUrl":"https:\/\/nge.vn\/wp-content\/uploads\/2024\/10\/images-upload-woo2F05ea2af4400f9e17899773056199bc75.jpg","width":1000,"height":1000},{"@type":"BreadcrumbList","@id":"https:\/\/nge.vn\/san-pham\/tam-pei-plate-glossy-surface-be-mat-bong-size-235235mm-dung-cho-series-ender-3-ender-5\/#breadcrumb","itemListElement":[{"@type":"ListItem","position":1,"name":"Trang ch\u1ee7","item":"https:\/\/nge.vn\/"},{"@type":"ListItem","position":2,"name":"S\u1ea3n ph\u1ea9m","item":"https:\/\/nge.vn\/san-pham\/"},{"@type":"ListItem","position":3,"name":"T\u1ea5m PEI Plate Glossy Surface b\u1ec1 m\u1eb7t b\u00f3ng size 235*235mm d\u00f9ng cho Series Ender 3 &amp; Ender 5"}]},{"@type":"WebSite","@id":"https:\/\/nge.vn\/#website","url":"https:\/\/nge.vn\/","name":"NGE 3D Printers Services","description":"","potentialAction":[{"@type":"SearchAction","target":{"@type":"EntryPoint","urlTemplate":"https:\/\/nge.vn\/?s={search_term_string}"},"query-input":{"@type":"PropertyValueSpecification","valueRequired":true,"valueName":"search_term_string"}}],"inLanguage":"en-US"}]}},"_links":{"self":[{"href":"https:\/\/nge.vn\/en\/wp-json\/wp\/v2\/product\/534","targetHints":{"allow":["GET"]}}],"collection":[{"href":"https:\/\/nge.vn\/en\/wp-json\/wp\/v2\/product"}],"about":[{"href":"https:\/\/nge.vn\/en\/wp-json\/wp\/v2\/types\/product"}],"replies":[{"embeddable":true,"href":"https:\/\/nge.vn\/en\/wp-json\/wp\/v2\/comments?post=534"}],"wp:featuredmedia":[{"embeddable":true,"href":"https:\/\/nge.vn\/en\/wp-json\/wp\/v2\/media\/525"}],"wp:attachment":[{"href":"https:\/\/nge.vn\/en\/wp-json\/wp\/v2\/media?parent=534"}],"wp:term":[{"taxonomy":"product_brand","embeddable":true,"href":"https:\/\/nge.vn\/en\/wp-json\/wp\/v2\/product_brand?post=534"},{"taxonomy":"product_cat","embeddable":true,"href":"https:\/\/nge.vn\/en\/wp-json\/wp\/v2\/product_cat?post=534"},{"taxonomy":"product_tag","embeddable":true,"href":"https:\/\/nge.vn\/en\/wp-json\/wp\/v2\/product_tag?post=534"}],"curies":[{"name":"wp","href":"https:\/\/api.w.org\/{rel}","templated":true}]}}