{"id":5265,"date":"2025-04-09T18:11:04","date_gmt":"2025-04-09T11:11:04","guid":{"rendered":"https:\/\/nge.vn\/?post_type=product&#038;p=5265"},"modified":"2025-04-09T18:16:00","modified_gmt":"2025-04-09T11:16:00","slug":"nhua-in-3d-fdm-esun-abs-fr-abs-max-mau-black-1kg-cuon","status":"publish","type":"product","link":"https:\/\/nge.vn\/en\/product\/nhua-in-3d-fdm-esun-abs-fr-abs-max-mau-black-1kg-cuon\/","title":{"rendered":"Nh\u1ef1a in 3d FDM eSun ABS-FR (ABS Max) m\u00e0u Black 1kg\/ Cu\u1ed9n"},"content":{"rendered":"<div>Nh\u1ef1a in 3d FDM eSun ABS-FR (ABS Max) m\u00e0u Black<\/div>\n<div>\u0110\u01b0\u1ee3c s\u1eeda \u0111\u1ed5i tr\u00ean c\u01a1 s\u1edf s\u1ee3i nh\u1ef1a ABS, ABS-FR c\u00f3 t\u00ednh ch\u1ea5t c\u01a1 h\u1ecdc cao h\u01a1n. ABS \u0111\u01b0\u1ee3c c\u1ea5p \u0111\u1ed9 th\u00e2n thi\u1ec7n v\u1edbi m\u00f4i tr\u01b0\u1eddng v\u00e0 ch\u1ea5t ch\u1ed1ng ch\u00e1y, \u0111\u1ea1t \u0111\u1ebfn ch\u1ea5t ch\u1ed1ng ch\u00e1y c\u1ea5p \u0111\u1ed9 UL94V-0, c\u00f3 kh\u1ea3 n\u0103ng ch\u1ed1ng ch\u00e1y v\u00e0 an to\u00e0n h\u01a1n.<\/div>\n<div>_V\u1edbi \u0111\u1ed9 b\u1ec1n cao v\u00e0 kh\u1ea3 n\u0103ng ch\u1ed1ng va \u0111\u1eadp, ABS-FR c\u00f3 th\u1ec3 in c\u00e1c b\u1ed9 ph\u1eadn m\u1ea1nh m\u1ebd v\u00e0 b\u1ec1n;<\/div>\n<div>_Nhi\u1ec7t \u0111\u1ed9 bi\u1ebfn d\u1ea1ng nhi\u1ec7t cao, v\u00ec v\u1eady s\u1ee3i nh\u1ef1a ABS ch\u1ea5t ch\u1ed1ng ch\u00e1y n\u00e0y c\u00f3 th\u1ec3 \u0111\u01b0\u1ee3c s\u1eed d\u1ee5ng trong m\u1ed9t s\u1ed1 \u1ee9ng d\u1ee5ng ngo\u00e0i tr\u1eddi v\u00e0 nhi\u1ec7t \u0111\u1ed9 cao.<\/div>\n<div>+Ch\u1ed1ng ch\u00e1y<\/div>\n<div>+M\u1ea1nh m\u1ebd v\u00e0 b\u1ec1n<\/div>\n<div>+\u0110\u1ed9 c\u1ee9ng cao<\/div>\n<div>+Kh\u00e1ng va ch\u1ea1m cao<\/div>\n<div>+\u0111i\u1ec7n tr\u1edf nhi\u1ec7t<\/div>\n<div>*\u1ee8ng d\u1ee5ng : M\u00e1y m\u00f3c, khu\u00f4n, \u00f4 t\u00f4 \u0111i\u1ec7n, chi\u1ebfu s\u00e1ng, thi\u1ebft b\u1ecb \u0111i\u1ec7n t\u1eed, giao th\u00f4ng<\/div>\n<div><\/div>\n<div>**Filament Properties Table<\/div>\n<div>+3D PRINTING FILAMENT ABS-FR<\/div>\n<div>+Density(g\/cm3) 1.05<\/div>\n<div>+Heat Distortion Temp(\u2103,0.45MPa) 85<\/div>\n<div>+Melt Flow Index(g\/10min) 60(220\u2103\/10kg)<\/div>\n<div>+Tensile Strength(MPa) 45<\/div>\n<div>+Elongation at Break(%) 30<\/div>\n<div>+Flexural Strength(MPa) 58<\/div>\n<div>+Flexural Modulus(MPa) 2400<\/div>\n<div>+IZOD Impact Strength(kJ\/\u33a1) 48<\/div>\n<div>+Durability 8\/10<\/div>\n<div>+Printability 8\/10<\/div>\n<div><\/div>\n<div>**Recommended printing parameters<\/div>\n<div>+Extruder Temperature(\u2103) 240 \u2013 270\u2103<\/div>\n<div>+Recommended temperature\uff1a240\u2103<\/div>\n<div>+Bed temperature(\u2103) 95 \u2013 110\u00b0C<\/div>\n<div>+Fan Speed 0%<\/div>\n<div>+Printing Speed 40 \u2013 100mm\/s<\/div>\n<div>+Heated Bed Required<\/div>\n<div>+Print recommend Drying at 65\u2103\/&gt;4h<\/div>\n<div>+Recommended Build Surfaces High temperature tape, PVP solid glue<\/div>\n<div><\/div>\n<div>**Notes:<\/div>\n<div>+L\u00e0m kh\u00f4 c\u00e1c s\u1ee3i (65 \u2103\/&gt; 3H) tr\u01b0\u1edbc khi in \u0111\u1ec3 \u0111\u1ea1t \u0111\u01b0\u1ee3c hi\u1ec7u \u1ee9ng in t\u1ed1t nh\u1ea5t. \u0110\u01b0\u1ee3c khuy\u1ebfn ngh\u1ecb s\u1eed d\u1ee5ng c\u00f9ng v\u1edbi &#8220;Creality Space Pi Filament Dryer Plus&#8221; trong qu\u00e1 tr\u00ecnh in.<\/div>\n<div>+S\u1ef1 co ng\u00f3t c\u1ee7a v\u1eadt li\u1ec7u ABS Max l\u00e0 l\u1edbn, v\u00ec v\u1eady b\u1ea3o qu\u1ea3n nhi\u1ec7t n\u00ean \u0111\u01b0\u1ee3c ch\u00fa \u00fd khi in, v\u00e0 n\u00f3 n\u00ean \u0111\u01b0\u1ee3c in trong m\u1ed9t m\u00e1y in c\u00f3 bu\u1ed3ng k\u00edn.<\/div>\n<div><\/div>\n<div>**Vui l\u00f2ng li\u00ean h\u1ec7 tr\u1ef1c ti\u1ebfp shop \u0111\u1ec3 \u0111\u01b0\u1ee3c t\u01b0 v\u1ea5n th\u00eam<br \/>\n0913.939.775 contact A.Quan (for English)<br \/>\n094.144.0951 contact A.Quynh<br \/>\n** Price does not include VAT (+8 or 10% if VAT invoice is issued)<\/div>","protected":false},"excerpt":{"rendered":"<p>+Ch\u1ed1ng ch\u00e1y<br \/>\n+M\u1ea1nh m\u1ebd v\u00e0 b\u1ec1n<br \/>\n+\u0110\u1ed9 c\u1ee9ng cao<br \/>\n+Kh\u00e1ng va ch\u1ea1m cao<br \/>\n+\u0111i\u1ec7n tr\u1edf nhi\u1ec7t<br \/>\n*\u1ee8ng d\u1ee5ng : M\u00e1y m\u00f3c, khu\u00f4n, \u00f4 t\u00f4 \u0111i\u1ec7n, chi\u1ebfu s\u00e1ng, thi\u1ebft b\u1ecb \u0111i\u1ec7n t\u1eed, giao th\u00f4ng<\/p>","protected":false},"featured_media":5266,"comment_status":"open","ping_status":"closed","template":"","meta":{"inline_featured_image":false},"product_brand":[],"product_cat":[456,466],"product_tag":[570,571],"class_list":{"0":"post-5265","1":"product","2":"type-product","3":"status-publish","4":"has-post-thumbnail","6":"product_cat-nhua-in-3d-fdm","7":"product_cat-soi-nhua-esun-fdm","8":"product_tag-abs-fr","9":"product_tag-esun_abs-fr","11":"first","12":"instock","13":"taxable","14":"shipping-taxable","15":"purchasable","16":"product-type-simple"},"yoast_head":"<!-- This site is optimized with the Yoast SEO Premium plugin v22.8 (Yoast SEO v26.9) - https:\/\/yoast.com\/product\/yoast-seo-premium-wordpress\/ -->\n<title>Nh\u1ef1a in 3d FDM eSun ABS-FR (ABS Max) m\u00e0u Black 1kg\/ Cu\u1ed9n - NGE 3D Printers Services<\/title>\n<meta name=\"description\" content=\"_Nhi\u1ec7t \u0111\u1ed9 bi\u1ebfn d\u1ea1ng nhi\u1ec7t cao, v\u00ec v\u1eady s\u1ee3i nh\u1ef1a ABS ch\u1ea5t ch\u1ed1ng ch\u00e1y n\u00e0y c\u00f3 th\u1ec3 \u0111\u01b0\u1ee3c s\u1eed d\u1ee5ng trong m\u1ed9t s\u1ed1 \u1ee9ng d\u1ee5ng ngo\u00e0i tr\u1eddi v\u00e0 nhi\u1ec7t \u0111\u1ed9 cao.\" \/>\n<meta name=\"robots\" content=\"index, follow, max-snippet:-1, max-image-preview:large, max-video-preview:-1\" \/>\n<link rel=\"canonical\" href=\"https:\/\/nge.vn\/en\/product\/nhua-in-3d-fdm-esun-abs-fr-abs-max-mau-black-1kg-cuon\/\" \/>\n<meta property=\"og:locale\" content=\"en_US\" \/>\n<meta property=\"og:type\" content=\"article\" \/>\n<meta property=\"og:title\" content=\"Nh\u1ef1a in 3d FDM eSun ABS-FR (ABS Max) m\u00e0u Black 1kg\/ Cu\u1ed9n\" \/>\n<meta property=\"og:description\" content=\"_Nhi\u1ec7t \u0111\u1ed9 bi\u1ebfn d\u1ea1ng nhi\u1ec7t cao, v\u00ec v\u1eady s\u1ee3i nh\u1ef1a ABS ch\u1ea5t ch\u1ed1ng ch\u00e1y n\u00e0y c\u00f3 th\u1ec3 \u0111\u01b0\u1ee3c s\u1eed d\u1ee5ng trong m\u1ed9t s\u1ed1 \u1ee9ng d\u1ee5ng ngo\u00e0i tr\u1eddi v\u00e0 nhi\u1ec7t \u0111\u1ed9 cao.\" \/>\n<meta property=\"og:url\" content=\"https:\/\/nge.vn\/en\/product\/nhua-in-3d-fdm-esun-abs-fr-abs-max-mau-black-1kg-cuon\/\" \/>\n<meta property=\"og:site_name\" content=\"NGE 3D Printers Services\" \/>\n<meta property=\"article:modified_time\" content=\"2025-04-09T11:16:00+00:00\" \/>\n<meta property=\"og:image\" content=\"https:\/\/nge.vn\/wp-content\/uploads\/2025\/04\/ABS-FR-BLACK.png\" \/>\n\t<meta property=\"og:image:width\" content=\"1000\" \/>\n\t<meta property=\"og:image:height\" content=\"1000\" \/>\n\t<meta property=\"og:image:type\" content=\"image\/png\" \/>\n<meta name=\"twitter:card\" content=\"summary_large_image\" \/>\n<meta name=\"twitter:label1\" content=\"Est. reading time\" \/>\n\t<meta name=\"twitter:data1\" content=\"2 minutes\" \/>\n<script type=\"application\/ld+json\" class=\"yoast-schema-graph\">{\"@context\":\"https:\/\/schema.org\",\"@graph\":[{\"@type\":\"WebPage\",\"@id\":\"https:\/\/nge.vn\/san-pham\/nhua-in-3d-fdm-esun-abs-fr-abs-max-mau-black-1kg-cuon\/\",\"url\":\"https:\/\/nge.vn\/san-pham\/nhua-in-3d-fdm-esun-abs-fr-abs-max-mau-black-1kg-cuon\/\",\"name\":\"Nh\u1ef1a in 3d FDM eSun ABS-FR (ABS Max) m\u00e0u Black 1kg\/ Cu\u1ed9n - NGE 3D Printers Services\",\"isPartOf\":{\"@id\":\"https:\/\/nge.vn\/#website\"},\"primaryImageOfPage\":{\"@id\":\"https:\/\/nge.vn\/san-pham\/nhua-in-3d-fdm-esun-abs-fr-abs-max-mau-black-1kg-cuon\/#primaryimage\"},\"image\":{\"@id\":\"https:\/\/nge.vn\/san-pham\/nhua-in-3d-fdm-esun-abs-fr-abs-max-mau-black-1kg-cuon\/#primaryimage\"},\"thumbnailUrl\":\"https:\/\/nge.vn\/wp-content\/uploads\/2025\/04\/ABS-FR-BLACK.png\",\"datePublished\":\"2025-04-09T11:11:04+00:00\",\"dateModified\":\"2025-04-09T11:16:00+00:00\",\"description\":\"_Nhi\u1ec7t \u0111\u1ed9 bi\u1ebfn d\u1ea1ng nhi\u1ec7t cao, v\u00ec v\u1eady s\u1ee3i nh\u1ef1a ABS ch\u1ea5t ch\u1ed1ng ch\u00e1y n\u00e0y c\u00f3 th\u1ec3 \u0111\u01b0\u1ee3c s\u1eed d\u1ee5ng trong m\u1ed9t s\u1ed1 \u1ee9ng d\u1ee5ng ngo\u00e0i tr\u1eddi v\u00e0 nhi\u1ec7t \u0111\u1ed9 cao.\",\"breadcrumb\":{\"@id\":\"https:\/\/nge.vn\/san-pham\/nhua-in-3d-fdm-esun-abs-fr-abs-max-mau-black-1kg-cuon\/#breadcrumb\"},\"inLanguage\":\"en-US\",\"potentialAction\":[{\"@type\":\"ReadAction\",\"target\":[\"https:\/\/nge.vn\/san-pham\/nhua-in-3d-fdm-esun-abs-fr-abs-max-mau-black-1kg-cuon\/\"]}]},{\"@type\":\"ImageObject\",\"inLanguage\":\"en-US\",\"@id\":\"https:\/\/nge.vn\/san-pham\/nhua-in-3d-fdm-esun-abs-fr-abs-max-mau-black-1kg-cuon\/#primaryimage\",\"url\":\"https:\/\/nge.vn\/wp-content\/uploads\/2025\/04\/ABS-FR-BLACK.png\",\"contentUrl\":\"https:\/\/nge.vn\/wp-content\/uploads\/2025\/04\/ABS-FR-BLACK.png\",\"width\":1000,\"height\":1000,\"caption\":\"Nh\u1ef1a in 3d FDM eSun ABS-FR (ABS Max) m\u00e0u Black 1kg\/ Cu\u1ed9n\"},{\"@type\":\"BreadcrumbList\",\"@id\":\"https:\/\/nge.vn\/san-pham\/nhua-in-3d-fdm-esun-abs-fr-abs-max-mau-black-1kg-cuon\/#breadcrumb\",\"itemListElement\":[{\"@type\":\"ListItem\",\"position\":1,\"name\":\"Trang ch\u1ee7\",\"item\":\"https:\/\/nge.vn\/\"},{\"@type\":\"ListItem\",\"position\":2,\"name\":\"S\u1ea3n ph\u1ea9m\",\"item\":\"https:\/\/nge.vn\/san-pham\/\"},{\"@type\":\"ListItem\",\"position\":3,\"name\":\"Nh\u1ef1a in 3d FDM eSun ABS-FR (ABS Max) m\u00e0u Black 1kg\/ Cu\u1ed9n\"}]},{\"@type\":\"WebSite\",\"@id\":\"https:\/\/nge.vn\/#website\",\"url\":\"https:\/\/nge.vn\/\",\"name\":\"NGE 3D Printers Services\",\"description\":\"\",\"potentialAction\":[{\"@type\":\"SearchAction\",\"target\":{\"@type\":\"EntryPoint\",\"urlTemplate\":\"https:\/\/nge.vn\/?s={search_term_string}\"},\"query-input\":{\"@type\":\"PropertyValueSpecification\",\"valueRequired\":true,\"valueName\":\"search_term_string\"}}],\"inLanguage\":\"en-US\"}]}<\/script>\n<!-- \/ Yoast SEO Premium plugin. -->","yoast_head_json":{"title":"Nh\u1ef1a in 3d FDM eSun ABS-FR (ABS Max) m\u00e0u Black 1kg\/ Cu\u1ed9n - NGE 3D Printers Services","description":"_Nhi\u1ec7t \u0111\u1ed9 bi\u1ebfn d\u1ea1ng nhi\u1ec7t cao, v\u00ec v\u1eady s\u1ee3i nh\u1ef1a ABS ch\u1ea5t ch\u1ed1ng ch\u00e1y n\u00e0y c\u00f3 th\u1ec3 \u0111\u01b0\u1ee3c s\u1eed d\u1ee5ng trong m\u1ed9t s\u1ed1 \u1ee9ng d\u1ee5ng ngo\u00e0i tr\u1eddi v\u00e0 nhi\u1ec7t \u0111\u1ed9 cao.","robots":{"index":"index","follow":"follow","max-snippet":"max-snippet:-1","max-image-preview":"max-image-preview:large","max-video-preview":"max-video-preview:-1"},"canonical":"https:\/\/nge.vn\/en\/product\/nhua-in-3d-fdm-esun-abs-fr-abs-max-mau-black-1kg-cuon\/","og_locale":"en_US","og_type":"article","og_title":"Nh\u1ef1a in 3d FDM eSun ABS-FR (ABS Max) m\u00e0u Black 1kg\/ Cu\u1ed9n","og_description":"_Nhi\u1ec7t \u0111\u1ed9 bi\u1ebfn d\u1ea1ng nhi\u1ec7t cao, v\u00ec v\u1eady s\u1ee3i nh\u1ef1a ABS ch\u1ea5t ch\u1ed1ng ch\u00e1y n\u00e0y c\u00f3 th\u1ec3 \u0111\u01b0\u1ee3c s\u1eed d\u1ee5ng trong m\u1ed9t s\u1ed1 \u1ee9ng d\u1ee5ng ngo\u00e0i tr\u1eddi v\u00e0 nhi\u1ec7t \u0111\u1ed9 cao.","og_url":"https:\/\/nge.vn\/en\/product\/nhua-in-3d-fdm-esun-abs-fr-abs-max-mau-black-1kg-cuon\/","og_site_name":"NGE 3D Printers Services","article_modified_time":"2025-04-09T11:16:00+00:00","og_image":[{"width":1000,"height":1000,"url":"https:\/\/nge.vn\/wp-content\/uploads\/2025\/04\/ABS-FR-BLACK.png","type":"image\/png"}],"twitter_card":"summary_large_image","twitter_misc":{"Est. reading time":"2 minutes"},"schema":{"@context":"https:\/\/schema.org","@graph":[{"@type":"WebPage","@id":"https:\/\/nge.vn\/san-pham\/nhua-in-3d-fdm-esun-abs-fr-abs-max-mau-black-1kg-cuon\/","url":"https:\/\/nge.vn\/san-pham\/nhua-in-3d-fdm-esun-abs-fr-abs-max-mau-black-1kg-cuon\/","name":"Nh\u1ef1a in 3d FDM eSun ABS-FR (ABS Max) m\u00e0u Black 1kg\/ Cu\u1ed9n - NGE 3D Printers Services","isPartOf":{"@id":"https:\/\/nge.vn\/#website"},"primaryImageOfPage":{"@id":"https:\/\/nge.vn\/san-pham\/nhua-in-3d-fdm-esun-abs-fr-abs-max-mau-black-1kg-cuon\/#primaryimage"},"image":{"@id":"https:\/\/nge.vn\/san-pham\/nhua-in-3d-fdm-esun-abs-fr-abs-max-mau-black-1kg-cuon\/#primaryimage"},"thumbnailUrl":"https:\/\/nge.vn\/wp-content\/uploads\/2025\/04\/ABS-FR-BLACK.png","datePublished":"2025-04-09T11:11:04+00:00","dateModified":"2025-04-09T11:16:00+00:00","description":"_Nhi\u1ec7t \u0111\u1ed9 bi\u1ebfn d\u1ea1ng nhi\u1ec7t cao, v\u00ec v\u1eady s\u1ee3i nh\u1ef1a ABS ch\u1ea5t ch\u1ed1ng ch\u00e1y n\u00e0y c\u00f3 th\u1ec3 \u0111\u01b0\u1ee3c s\u1eed d\u1ee5ng trong m\u1ed9t s\u1ed1 \u1ee9ng d\u1ee5ng ngo\u00e0i tr\u1eddi v\u00e0 nhi\u1ec7t \u0111\u1ed9 cao.","breadcrumb":{"@id":"https:\/\/nge.vn\/san-pham\/nhua-in-3d-fdm-esun-abs-fr-abs-max-mau-black-1kg-cuon\/#breadcrumb"},"inLanguage":"en-US","potentialAction":[{"@type":"ReadAction","target":["https:\/\/nge.vn\/san-pham\/nhua-in-3d-fdm-esun-abs-fr-abs-max-mau-black-1kg-cuon\/"]}]},{"@type":"ImageObject","inLanguage":"en-US","@id":"https:\/\/nge.vn\/san-pham\/nhua-in-3d-fdm-esun-abs-fr-abs-max-mau-black-1kg-cuon\/#primaryimage","url":"https:\/\/nge.vn\/wp-content\/uploads\/2025\/04\/ABS-FR-BLACK.png","contentUrl":"https:\/\/nge.vn\/wp-content\/uploads\/2025\/04\/ABS-FR-BLACK.png","width":1000,"height":1000,"caption":"Nh\u1ef1a in 3d FDM eSun ABS-FR (ABS Max) m\u00e0u Black 1kg\/ Cu\u1ed9n"},{"@type":"BreadcrumbList","@id":"https:\/\/nge.vn\/san-pham\/nhua-in-3d-fdm-esun-abs-fr-abs-max-mau-black-1kg-cuon\/#breadcrumb","itemListElement":[{"@type":"ListItem","position":1,"name":"Trang ch\u1ee7","item":"https:\/\/nge.vn\/"},{"@type":"ListItem","position":2,"name":"S\u1ea3n ph\u1ea9m","item":"https:\/\/nge.vn\/san-pham\/"},{"@type":"ListItem","position":3,"name":"Nh\u1ef1a in 3d FDM eSun ABS-FR (ABS Max) m\u00e0u Black 1kg\/ Cu\u1ed9n"}]},{"@type":"WebSite","@id":"https:\/\/nge.vn\/#website","url":"https:\/\/nge.vn\/","name":"NGE 3D Printers Services","description":"","potentialAction":[{"@type":"SearchAction","target":{"@type":"EntryPoint","urlTemplate":"https:\/\/nge.vn\/?s={search_term_string}"},"query-input":{"@type":"PropertyValueSpecification","valueRequired":true,"valueName":"search_term_string"}}],"inLanguage":"en-US"}]}},"_links":{"self":[{"href":"https:\/\/nge.vn\/en\/wp-json\/wp\/v2\/product\/5265","targetHints":{"allow":["GET"]}}],"collection":[{"href":"https:\/\/nge.vn\/en\/wp-json\/wp\/v2\/product"}],"about":[{"href":"https:\/\/nge.vn\/en\/wp-json\/wp\/v2\/types\/product"}],"replies":[{"embeddable":true,"href":"https:\/\/nge.vn\/en\/wp-json\/wp\/v2\/comments?post=5265"}],"wp:featuredmedia":[{"embeddable":true,"href":"https:\/\/nge.vn\/en\/wp-json\/wp\/v2\/media\/5266"}],"wp:attachment":[{"href":"https:\/\/nge.vn\/en\/wp-json\/wp\/v2\/media?parent=5265"}],"wp:term":[{"taxonomy":"product_brand","embeddable":true,"href":"https:\/\/nge.vn\/en\/wp-json\/wp\/v2\/product_brand?post=5265"},{"taxonomy":"product_cat","embeddable":true,"href":"https:\/\/nge.vn\/en\/wp-json\/wp\/v2\/product_cat?post=5265"},{"taxonomy":"product_tag","embeddable":true,"href":"https:\/\/nge.vn\/en\/wp-json\/wp\/v2\/product_tag?post=5265"}],"curies":[{"name":"wp","href":"https:\/\/api.w.org\/{rel}","templated":true}]}}