{"id":524,"date":"2024-10-25T12:44:37","date_gmt":"2024-10-25T05:44:37","guid":{"rendered":"https:\/\/nge.123websitedev.com\/san-pham\/loi-cuon-nhua-3d-esun-espool-thao-rap-su-dung-nhieu-lan\/"},"modified":"2024-10-28T16:10:29","modified_gmt":"2024-10-28T09:10:29","slug":"loi-cuon-nhua-3d-esun-espool-thao-rap-su-dung-nhieu-lan","status":"publish","type":"product","link":"https:\/\/nge.vn\/en\/product\/loi-cuon-nhua-3d-esun-espool-thao-rap-su-dung-nhieu-lan\/","title":{"rendered":"L\u00f5i cu\u1ed9n nh\u1ef1a 3d ESUN eSpool (th\u00e1o r\u00e1p s\u1eed d\u1ee5ng nhi\u1ec1u l\u1ea7n)"},"content":{"rendered":"<p>L\u00f5i cu\u1ed9n nh\u1ef1a 3d ESUN eSpool (th\u00e1o r\u00e1p s\u1eed d\u1ee5ng nhi\u1ec1u l\u1ea7n)<br \/>\n_eSpool l\u00e0 m\u1ed9t l\u00f5i c\u1ee7a cu\u1ed9n nh\u1ef1a c\u00f3 th\u1ec3 t\u00e1i s\u1eed d\u1ee5ng v\u00e0 c\u00f3 th\u1ec3 th\u00e1o r\u1eddi \u0111\u01b0\u1ee3c thi\u1ebft k\u1ebf \u0111\u1eb7c bi\u1ec7t cho c\u00e1c cu\u1ed9n nh\u1ef1a in 3d m\u00e0 kh\u00f4ng c\u00f3 l\u00f5i.<br \/>\n**\u01afu \u0111i\u1ec3m:<br \/>\n 1. S\u1eed d\u1ee5ng v\u1eadt li\u1ec7u PC trong su\u1ed1t, quan s\u00e1t th\u1eddi gian th\u1ef1c vi\u1ec7c s\u1eed d\u1ee5ng c\u00e1c s\u1ee3i, \u0111\u1ed9 b\u1ec1n v\u00e0 \u0111\u1ed9 d\u1ebbo dai cao<br \/>\n 2. C\u1ea5u tr\u00fac l\u1eafp r\u00e1p th\u00e2n t\u1ea5m, tr\u1ecdng l\u01b0\u1ee3ng nh\u1eb9, ti\u1ebft ki\u1ec7m kh\u00f4ng gian, v\u1eadn chuy\u1ec3n thu\u1eadn ti\u1ec7n, ti\u1ebft ki\u1ec7m t\u00e0i nguy\u00ean, c\u00f3 th\u1ec3 t\u00e1i s\u1eed d\u1ee5ng, th\u00e2n thi\u1ec7n v\u1edbi m\u00f4i tr\u01b0\u1eddng<br \/>\n3. C\u1ea5u tr\u00fac r\u1ed7ng l\u1edbn, v\u1eadt li\u1ec7u PC c\u00f3 th\u1ec3 ch\u1ecbu nhi\u1ec7t \u0111\u1ed9 cao, thu\u1eadn ti\u1ec7n cho vi\u1ec7c s\u1ea5y kh\u00f4 c\u00e1c lo\u1ea1i s\u1ee3i th\u00f4ng th\u01b0\u1eddng v\u00e0 hi\u1ec7u su\u1ea5t cao<br \/>\n4. T\u00fai \u0111\u00f3ng g\u00f3i \u0111\u01b0\u1ee3c l\u00e0m b\u1eb1ng v\u1eadt li\u1ec7u sinh h\u1ecdc PBAT v\u00e0 PLA c\u00f3 th\u1ec3 ph\u00e2n h\u1ee7y sinh h\u1ecdc v\u00e0 th\u00e2n thi\u1ec7n v\u1edbi m\u00f4i tr\u01b0\u1eddng, ph\u00f9 h\u1ee3p v\u1edbi ti\u00eau chu\u1ea9n xu\u1ea5t kh\u1ea9u c\u1ee7a EU<br \/>\n**M\u00f4i tr\u01b0\u1eddng th\u00e2n thi\u1ec7n:<br \/>\n_S\u1ea3n ph\u1ea9m c\u00f3 th\u1ec3 \u0111\u01b0\u1ee3c th\u00e1o r\u1eddi v\u00e0 t\u00e1i ch\u1ebf v\u00e0 th\u00e2n thi\u1ec7n v\u1edbi m\u00f4i tr\u01b0\u1eddng; bao b\u00ec \u0111\u01b0\u1ee3c l\u00e0m b\u1eb1ng v\u1eadt li\u1ec7u sinh h\u1ecdc PBAT v\u00e0 PLA c\u00f3 th\u1ec3 ph\u00e2n h\u1ee7y sinh h\u1ecdc.<br \/>\n**\u00dd t\u01b0\u1edfng thi\u1ebft k\u1ebf s\u1ea3n ph\u1ea9m:<br \/>\n_V\u1edbi s\u1ef1 ph\u1ed5 bi\u1ebfn c\u1ee7a c\u00f4ng ngh\u1ec7 in 3D, vi\u1ec7c s\u1eed d\u1ee5ng c\u00e1c s\u1ee3i in 3D c\u0169ng t\u0103ng m\u1ea1nh. Trong s\u1ed1 \u0111\u00f3, FDM 3D Printing \u0111\u00e3 d\u1ea7n tr\u1edf th\u00e0nh xu h\u01b0\u1edbng ch\u1ee7 \u0111\u1ea1o. S\u1ee3i \u0111\u01b0\u1ee3c s\u1eed d\u1ee5ng trong in 3D FDM ch\u1ee7 y\u1ebfu l\u00e0 d\u1ea1ng s\u1ee3i c\u00f3 \u1ed1ng cu\u1ed9n, chi\u1ebfm kh\u00f4ng gian l\u1edbn v\u00e0 tr\u1ecdng l\u01b0\u1ee3ng nh\u1ea5t \u0111\u1ecbnh, kh\u00f4ng thu\u1eadn ti\u1ec7n khi \u0111\u00f3ng g\u00f3i v\u00e0 v\u1eadn chuy\u1ec3n, d\u1eabn \u0111\u1ebfn chi ph\u00ed v\u1eadn chuy\u1ec3n cao h\u01a1n.<br \/>\nChi ph\u00ed s\u1ea3n xu\u1ea5t cao s\u1ebd g\u00e2y l\u00e3ng ph\u00ed t\u00e0i nguy\u00ean v\u00e0 \u00f4 nhi\u1ec5m m\u00f4i tr\u01b0\u1eddng cao khi b\u1ea1n v\u1ee9t b\u1ecf nh\u1eefng \u1ed1ng cu\u1ed1n kh\u00f4ng th\u1ec3 t\u00e1i ch\u1ebf. \u0110\u1ec3 b\u1ea3o v\u1ec7 m\u00f4i tr\u01b0\u1eddng c\u1ee7a ch\u00fang ta, m\u00e1y pha c\u00e0 ph\u00ea espool c\u00f3 th\u1ec3 th\u00e1o r\u1eddi v\u00e0 t\u00e1i s\u1eed d\u1ee5ng n\u00e0y \u0111\u00e3 \u0111\u01b0\u1ee3c thi\u1ebft k\u1ebf.<br \/>\n**B\u1eb1ng s\u00e1ng ch\u1ebf s\u1ea3n ph\u1ea9m: M\u00f4 h\u00ecnh ti\u1ec7n \u00edch (kh\u00e1m); thi\u1ebft k\u1ebf<br \/>\n**H\u01b0\u1edbng d\u1eabn l\u1eafp r\u00e1p:<br \/>\n 1. \u0110\u1ea7u ti\u00ean, h\u00e3y ph\u00e2n bi\u1ec7t m\u1eb7t tr\u01b0\u1edbc v\u00e0 m\u1eb7t sau c\u1ee7a espool, m\u1eb7t c\u00f3 r\u00e3nh v\u00e0 khe nh\u00e3n l\u00e0 m\u1eb7t tr\u01b0\u1edbc, m\u1eb7t nh\u1eb5n l\u00e0 m\u1eb7t sau;<br \/>\n2. C\u0103n ch\u1ec9nh 3 ph\u1ea7n c\u1ee7a m\u1ea3nh nh\u1ecf v\u1edbi c\u00e1c l\u1ed7 c\u1ed1 \u0111\u1ecbnh v\u00e0 l\u1eafp ch\u00fang v\u00e0o m\u1eb7t sau c\u1ee7a \u0111\u0129a;<br \/>\n3. \u0110\u1eb7t b\u1ed9 n\u1ea1p d\u00e2y t\u00f3c v\u00e0o espool;<br \/>\n4. C\u0103n ch\u1ec9nh \u0111\u0129a kia v\u1edbi tr\u1ee5 c\u1ed1 \u0111\u1ecbnh v\u00e0 b\u1ea5m v\u00e0 n\u1ed1i.<\/p>\n<p>**\u0110\u1ec3 \u0111\u01b0\u1ee3c nh\u1eadn h\u1ed9 tr\u1ee3 th\u00eam v\u1ec1 Gi\u00e1 v\u00e0 Th\u00f4ng tin c\u1ee7a s\u1ea3n ph\u1ea9m, vui l\u00f2ng li\u00ean h\u1ec7:<br \/>\n          0913.939.775 g\u1eb7p A. Qu\u00e2n (for English)<br \/>\n          094.144.0951 contact A.Quynh<br \/>\n**Selling price does not include VAT (+10% if VAT invoice is issued)<\/p>","protected":false},"excerpt":{"rendered":"<p>L\u00f5i cu\u1ed9n nh\u1ef1a 3d ESUN eSpool (th\u00e1o r\u00e1p s\u1eed d\u1ee5ng nhi\u1ec1u l\u1ea7n)<\/p>","protected":false},"featured_media":515,"comment_status":"open","ping_status":"closed","template":"","meta":{"inline_featured_image":false},"product_brand":[],"product_cat":[40,56,43],"product_tag":[],"class_list":{"0":"post-524","1":"product","2":"type-product","3":"status-publish","4":"has-post-thumbnail","6":"product_cat-linh-kien-va-phu-kien","7":"product_cat-linh-phu-kien-may-in-3d-creality","8":"product_cat-nhua-in-3d-resin","10":"first","11":"instock","12":"taxable","13":"shipping-taxable","14":"purchasable","15":"product-type-simple"},"yoast_head":"<!-- This site is optimized with the Yoast SEO Premium plugin v22.8 (Yoast SEO v26.9) - https:\/\/yoast.com\/product\/yoast-seo-premium-wordpress\/ -->\n<title>L\u00f5i cu\u1ed9n nh\u1ef1a 3d ESUN eSpool (th\u00e1o r\u00e1p s\u1eed d\u1ee5ng nhi\u1ec1u l\u1ea7n) - NGE 3D Printers Services<\/title>\n<meta name=\"robots\" content=\"index, follow, max-snippet:-1, max-image-preview:large, max-video-preview:-1\" \/>\n<link rel=\"canonical\" href=\"https:\/\/nge.vn\/en\/product\/loi-cuon-nhua-3d-esun-espool-thao-rap-su-dung-nhieu-lan\/\" \/>\n<meta property=\"og:locale\" content=\"en_US\" \/>\n<meta property=\"og:type\" content=\"article\" \/>\n<meta property=\"og:title\" content=\"L\u00f5i cu\u1ed9n nh\u1ef1a 3d ESUN eSpool (th\u00e1o r\u00e1p s\u1eed d\u1ee5ng nhi\u1ec1u l\u1ea7n)\" \/>\n<meta property=\"og:description\" content=\"L\u00f5i cu\u1ed9n nh\u1ef1a 3d ESUN eSpool (th\u00e1o r\u00e1p s\u1eed d\u1ee5ng nhi\u1ec1u l\u1ea7n)\" \/>\n<meta property=\"og:url\" content=\"https:\/\/nge.vn\/en\/product\/loi-cuon-nhua-3d-esun-espool-thao-rap-su-dung-nhieu-lan\/\" \/>\n<meta property=\"og:site_name\" content=\"NGE 3D Printers Services\" \/>\n<meta property=\"article:modified_time\" content=\"2024-10-28T09:10:29+00:00\" \/>\n<meta property=\"og:image\" content=\"https:\/\/nge.vn\/wp-content\/uploads\/2024\/10\/images-upload-woo2Fdccb892bf46caa6d1f60a35e3a61df1a.jpg\" \/>\n\t<meta property=\"og:image:width\" content=\"500\" \/>\n\t<meta property=\"og:image:height\" content=\"500\" \/>\n\t<meta property=\"og:image:type\" content=\"image\/jpeg\" \/>\n<meta name=\"twitter:card\" content=\"summary_large_image\" \/>\n<meta name=\"twitter:label1\" content=\"Est. reading time\" \/>\n\t<meta name=\"twitter:data1\" content=\"4 minutes\" \/>\n<script type=\"application\/ld+json\" class=\"yoast-schema-graph\">{\"@context\":\"https:\/\/schema.org\",\"@graph\":[{\"@type\":\"WebPage\",\"@id\":\"https:\/\/nge.vn\/san-pham\/loi-cuon-nhua-3d-esun-espool-thao-rap-su-dung-nhieu-lan\/\",\"url\":\"https:\/\/nge.vn\/san-pham\/loi-cuon-nhua-3d-esun-espool-thao-rap-su-dung-nhieu-lan\/\",\"name\":\"L\u00f5i cu\u1ed9n nh\u1ef1a 3d ESUN eSpool (th\u00e1o r\u00e1p s\u1eed d\u1ee5ng nhi\u1ec1u l\u1ea7n) - NGE 3D Printers Services\",\"isPartOf\":{\"@id\":\"https:\/\/nge.vn\/#website\"},\"primaryImageOfPage\":{\"@id\":\"https:\/\/nge.vn\/san-pham\/loi-cuon-nhua-3d-esun-espool-thao-rap-su-dung-nhieu-lan\/#primaryimage\"},\"image\":{\"@id\":\"https:\/\/nge.vn\/san-pham\/loi-cuon-nhua-3d-esun-espool-thao-rap-su-dung-nhieu-lan\/#primaryimage\"},\"thumbnailUrl\":\"https:\/\/nge.vn\/wp-content\/uploads\/2024\/10\/images-upload-woo2Fdccb892bf46caa6d1f60a35e3a61df1a.jpg\",\"datePublished\":\"2024-10-25T05:44:37+00:00\",\"dateModified\":\"2024-10-28T09:10:29+00:00\",\"breadcrumb\":{\"@id\":\"https:\/\/nge.vn\/san-pham\/loi-cuon-nhua-3d-esun-espool-thao-rap-su-dung-nhieu-lan\/#breadcrumb\"},\"inLanguage\":\"en-US\",\"potentialAction\":[{\"@type\":\"ReadAction\",\"target\":[\"https:\/\/nge.vn\/san-pham\/loi-cuon-nhua-3d-esun-espool-thao-rap-su-dung-nhieu-lan\/\"]}]},{\"@type\":\"ImageObject\",\"inLanguage\":\"en-US\",\"@id\":\"https:\/\/nge.vn\/san-pham\/loi-cuon-nhua-3d-esun-espool-thao-rap-su-dung-nhieu-lan\/#primaryimage\",\"url\":\"https:\/\/nge.vn\/wp-content\/uploads\/2024\/10\/images-upload-woo2Fdccb892bf46caa6d1f60a35e3a61df1a.jpg\",\"contentUrl\":\"https:\/\/nge.vn\/wp-content\/uploads\/2024\/10\/images-upload-woo2Fdccb892bf46caa6d1f60a35e3a61df1a.jpg\",\"width\":500,\"height\":500},{\"@type\":\"BreadcrumbList\",\"@id\":\"https:\/\/nge.vn\/san-pham\/loi-cuon-nhua-3d-esun-espool-thao-rap-su-dung-nhieu-lan\/#breadcrumb\",\"itemListElement\":[{\"@type\":\"ListItem\",\"position\":1,\"name\":\"Trang ch\u1ee7\",\"item\":\"https:\/\/nge.vn\/\"},{\"@type\":\"ListItem\",\"position\":2,\"name\":\"S\u1ea3n ph\u1ea9m\",\"item\":\"https:\/\/nge.vn\/san-pham\/\"},{\"@type\":\"ListItem\",\"position\":3,\"name\":\"L\u00f5i cu\u1ed9n nh\u1ef1a 3d ESUN eSpool (th\u00e1o r\u00e1p s\u1eed d\u1ee5ng nhi\u1ec1u l\u1ea7n)\"}]},{\"@type\":\"WebSite\",\"@id\":\"https:\/\/nge.vn\/#website\",\"url\":\"https:\/\/nge.vn\/\",\"name\":\"NGE 3D Printers Services\",\"description\":\"\",\"potentialAction\":[{\"@type\":\"SearchAction\",\"target\":{\"@type\":\"EntryPoint\",\"urlTemplate\":\"https:\/\/nge.vn\/?s={search_term_string}\"},\"query-input\":{\"@type\":\"PropertyValueSpecification\",\"valueRequired\":true,\"valueName\":\"search_term_string\"}}],\"inLanguage\":\"en-US\"}]}<\/script>\n<!-- \/ Yoast SEO Premium plugin. -->","yoast_head_json":{"title":"L\u00f5i cu\u1ed9n nh\u1ef1a 3d ESUN eSpool (th\u00e1o r\u00e1p s\u1eed d\u1ee5ng nhi\u1ec1u l\u1ea7n) - NGE 3D Printers Services","robots":{"index":"index","follow":"follow","max-snippet":"max-snippet:-1","max-image-preview":"max-image-preview:large","max-video-preview":"max-video-preview:-1"},"canonical":"https:\/\/nge.vn\/en\/product\/loi-cuon-nhua-3d-esun-espool-thao-rap-su-dung-nhieu-lan\/","og_locale":"en_US","og_type":"article","og_title":"L\u00f5i cu\u1ed9n nh\u1ef1a 3d ESUN eSpool (th\u00e1o r\u00e1p s\u1eed d\u1ee5ng nhi\u1ec1u l\u1ea7n)","og_description":"L\u00f5i cu\u1ed9n nh\u1ef1a 3d ESUN eSpool (th\u00e1o r\u00e1p s\u1eed d\u1ee5ng nhi\u1ec1u l\u1ea7n)","og_url":"https:\/\/nge.vn\/en\/product\/loi-cuon-nhua-3d-esun-espool-thao-rap-su-dung-nhieu-lan\/","og_site_name":"NGE 3D Printers Services","article_modified_time":"2024-10-28T09:10:29+00:00","og_image":[{"width":500,"height":500,"url":"https:\/\/nge.vn\/wp-content\/uploads\/2024\/10\/images-upload-woo2Fdccb892bf46caa6d1f60a35e3a61df1a.jpg","type":"image\/jpeg"}],"twitter_card":"summary_large_image","twitter_misc":{"Est. reading time":"4 minutes"},"schema":{"@context":"https:\/\/schema.org","@graph":[{"@type":"WebPage","@id":"https:\/\/nge.vn\/san-pham\/loi-cuon-nhua-3d-esun-espool-thao-rap-su-dung-nhieu-lan\/","url":"https:\/\/nge.vn\/san-pham\/loi-cuon-nhua-3d-esun-espool-thao-rap-su-dung-nhieu-lan\/","name":"L\u00f5i cu\u1ed9n nh\u1ef1a 3d ESUN eSpool (th\u00e1o r\u00e1p s\u1eed d\u1ee5ng nhi\u1ec1u l\u1ea7n) - NGE 3D Printers Services","isPartOf":{"@id":"https:\/\/nge.vn\/#website"},"primaryImageOfPage":{"@id":"https:\/\/nge.vn\/san-pham\/loi-cuon-nhua-3d-esun-espool-thao-rap-su-dung-nhieu-lan\/#primaryimage"},"image":{"@id":"https:\/\/nge.vn\/san-pham\/loi-cuon-nhua-3d-esun-espool-thao-rap-su-dung-nhieu-lan\/#primaryimage"},"thumbnailUrl":"https:\/\/nge.vn\/wp-content\/uploads\/2024\/10\/images-upload-woo2Fdccb892bf46caa6d1f60a35e3a61df1a.jpg","datePublished":"2024-10-25T05:44:37+00:00","dateModified":"2024-10-28T09:10:29+00:00","breadcrumb":{"@id":"https:\/\/nge.vn\/san-pham\/loi-cuon-nhua-3d-esun-espool-thao-rap-su-dung-nhieu-lan\/#breadcrumb"},"inLanguage":"en-US","potentialAction":[{"@type":"ReadAction","target":["https:\/\/nge.vn\/san-pham\/loi-cuon-nhua-3d-esun-espool-thao-rap-su-dung-nhieu-lan\/"]}]},{"@type":"ImageObject","inLanguage":"en-US","@id":"https:\/\/nge.vn\/san-pham\/loi-cuon-nhua-3d-esun-espool-thao-rap-su-dung-nhieu-lan\/#primaryimage","url":"https:\/\/nge.vn\/wp-content\/uploads\/2024\/10\/images-upload-woo2Fdccb892bf46caa6d1f60a35e3a61df1a.jpg","contentUrl":"https:\/\/nge.vn\/wp-content\/uploads\/2024\/10\/images-upload-woo2Fdccb892bf46caa6d1f60a35e3a61df1a.jpg","width":500,"height":500},{"@type":"BreadcrumbList","@id":"https:\/\/nge.vn\/san-pham\/loi-cuon-nhua-3d-esun-espool-thao-rap-su-dung-nhieu-lan\/#breadcrumb","itemListElement":[{"@type":"ListItem","position":1,"name":"Trang ch\u1ee7","item":"https:\/\/nge.vn\/"},{"@type":"ListItem","position":2,"name":"S\u1ea3n ph\u1ea9m","item":"https:\/\/nge.vn\/san-pham\/"},{"@type":"ListItem","position":3,"name":"L\u00f5i cu\u1ed9n nh\u1ef1a 3d ESUN eSpool (th\u00e1o r\u00e1p s\u1eed d\u1ee5ng nhi\u1ec1u l\u1ea7n)"}]},{"@type":"WebSite","@id":"https:\/\/nge.vn\/#website","url":"https:\/\/nge.vn\/","name":"NGE 3D Printers Services","description":"","potentialAction":[{"@type":"SearchAction","target":{"@type":"EntryPoint","urlTemplate":"https:\/\/nge.vn\/?s={search_term_string}"},"query-input":{"@type":"PropertyValueSpecification","valueRequired":true,"valueName":"search_term_string"}}],"inLanguage":"en-US"}]}},"_links":{"self":[{"href":"https:\/\/nge.vn\/en\/wp-json\/wp\/v2\/product\/524","targetHints":{"allow":["GET"]}}],"collection":[{"href":"https:\/\/nge.vn\/en\/wp-json\/wp\/v2\/product"}],"about":[{"href":"https:\/\/nge.vn\/en\/wp-json\/wp\/v2\/types\/product"}],"replies":[{"embeddable":true,"href":"https:\/\/nge.vn\/en\/wp-json\/wp\/v2\/comments?post=524"}],"wp:featuredmedia":[{"embeddable":true,"href":"https:\/\/nge.vn\/en\/wp-json\/wp\/v2\/media\/515"}],"wp:attachment":[{"href":"https:\/\/nge.vn\/en\/wp-json\/wp\/v2\/media?parent=524"}],"wp:term":[{"taxonomy":"product_brand","embeddable":true,"href":"https:\/\/nge.vn\/en\/wp-json\/wp\/v2\/product_brand?post=524"},{"taxonomy":"product_cat","embeddable":true,"href":"https:\/\/nge.vn\/en\/wp-json\/wp\/v2\/product_cat?post=524"},{"taxonomy":"product_tag","embeddable":true,"href":"https:\/\/nge.vn\/en\/wp-json\/wp\/v2\/product_tag?post=524"}],"curies":[{"name":"wp","href":"https:\/\/api.w.org\/{rel}","templated":true}]}}