{"id":5235,"date":"2025-04-09T16:34:58","date_gmt":"2025-04-09T09:34:58","guid":{"rendered":"https:\/\/nge.vn\/?post_type=product&#038;p=5235"},"modified":"2025-12-02T18:57:35","modified_gmt":"2025-12-02T11:57:35","slug":"cuon-nhua-in-3d-esun-pla-basic-chat-luong-cao-1kg-loi-nhua","status":"publish","type":"product","link":"https:\/\/nge.vn\/en\/product\/cuon-nhua-in-3d-esun-pla-basic-chat-luong-cao-1kg-loi-nhua\/","title":{"rendered":"Cu\u1ed9n nh\u1ef1a in 3d eSun PLA-Basic ch\u1ea5t l\u01b0\u1ee3ng cao 1kg l\u00f5i nh\u1ef1a"},"content":{"rendered":"<div>M\u1ed9t b\u1ea3n in c\u01a1 b\u1ea3n chi ph\u00ed th\u1ea5p c\u00f3 th\u1ec3 ti\u00eau th\u1ee5 d\u1ef1a tr\u00ean PLA \u0111\u00e3 s\u1eeda \u0111\u1ed5i. M\u1eb7c d\u00f9 duy tr\u00ec c\u00e1c \u0111\u1eb7c \u0111i\u1ec3m m\u00f4i tr\u01b0\u1eddng c\u1ee7a n\u00f3, c\u00e1c v\u1eadt li\u1ec7u \u0111\u1eb7c bi\u1ec7t \u0111\u01b0\u1ee3c th\u00eam v\u00e0o gi\u00fap t\u0103ng c\u01b0\u1eddng t\u00ednh l\u01b0u \u0111\u1ed9ng v\u00e0 hi\u1ec7u su\u1ea5t in nhanh c\u1ee7a PLA-Basic, cho ph\u00e9p t\u1ed1c \u0111\u1ed9 d\u00f2ng kh\u1ed1i l\u01b0\u1ee3ng t\u1ed1i \u0111a c\u1ee7a n\u00f3 \u0111\u1ea1t kho\u1ea3ng 30mm\u00b3\/s trong \u0111i\u1ec1u ki\u1ec7n in c\u1ee7a m\u00e1y s\u00ea-ri Bambu P1 v\u1edbi v\u00f2i 0,4mm. V\u1eadt li\u1ec7u PLA-Basic r\u1ea5t d\u1ec5 in, kh\u00f4ng t\u1ea1o ra m\u00f9i kh\u00f3 ch\u1ecbu, kh\u00f4ng d\u1ec5 v\u1ebd, s\u1ea3n ph\u1ea9m ho\u00e0n ch\u1ec9nh kh\u00f4ng cong v\u00eanh v\u00e0 c\u00f3 ch\u1ea5t l\u01b0\u1ee3ng \u0111\u00fac t\u1ed1t. \u0110\u00f3 l\u00e0 m\u1ed9t l\u1ef1a ch\u1ecdn hi\u1ec7u qu\u1ea3 v\u1ec1 chi ph\u00ed trong s\u1ed1 c\u00e1c v\u1eadt t\u01b0 in nhanh 3D.<\/div>\n<div><\/div>\n<div>_V\u1eadt t\u01b0 in \u1ea5n c\u01a1 b\u1ea3n chi ph\u00ed th\u1ea5p d\u1ef1a tr\u00ean PLA \u0111\u00e3 \u0111\u01b0\u1ee3c s\u1eeda \u0111\u1ed5i.<\/div>\n<div>_Trong khi v\u1eabn duy tr\u00ec c\u00e1c \u0111\u1eb7c t\u00ednh m\u00f4i tr\u01b0\u1eddng, c\u00e1c v\u1eadt li\u1ec7u \u0111\u1eb7c bi\u1ec7t \u0111\u01b0\u1ee3c b\u1ed5 sung gi\u00fap t\u0103ng c\u01b0\u1eddng t\u00ednh l\u01b0u lo\u00e1t v\u00e0 hi\u1ec7u su\u1ea5t in nhanh c\u1ee7a PLA-basic, cho ph\u00e9p t\u1ed1c \u0111\u1ed9 d\u00f2ng ch\u1ea3y t\u1ed1i \u0111a c\u1ee7a n\u00f3 \u0111\u1ea1t kho\u1ea3ng 30mm\u00b3\/s trong \u0111i\u1ec1u ki\u1ec7n in c\u1ee7a m\u00e1y d\u00f2ng Bambu P1 v\u1edbi \u0111\u1ea7u phun 0,4mm.<\/div>\n<div>_Ch\u1ea5t li\u1ec7u PLA-basic d\u1ec5 in, kh\u00f4ng t\u1ea1o m\u00f9i kh\u00f3 ch\u1ecbu, kh\u00f4ng d\u1ec5 k\u00e9o, th\u00e0nh ph\u1ea9m kh\u00f4ng b\u1ecb cong v\u00eanh, ch\u1ea5t l\u01b0\u1ee3ng \u0111\u00fac t\u1ed1t. \u0110\u00e2y l\u00e0 s\u1ef1 l\u1ef1a ch\u1ecdn ti\u1ebft ki\u1ec7m chi ph\u00ed trong s\u1ed1 c\u00e1c v\u1eadt t\u01b0 in nhanh 3D.<\/div>\n<div>+T\u1ed1c \u0111\u1ed9 cao prining<\/div>\n<div>+D\u1ec5 d\u00e0ng in<\/div>\n<div>+Hi\u1ec7u qu\u1ea3 chi ph\u00ed<\/div>\n<div><\/div>\n<div>_\u1ee8ng d\u1ee5ng:<\/div>\n<div>Trang tr\u00ed Thi\u1ebft k\u1ebf nguy\u00ean m\u1eabu m\u00f4 h\u00ecnh Kh\u00e1i ni\u1ec7m s\u1edbm<\/div>\n<div><\/div>\n<div>+T\u01b0\u01a1ng th\u00edch v\u1edbi h\u1ea7u h\u1ebft c\u00e1c m\u00e1y in 3D FDM v\u00e0 m\u00e1y in t\u1ed1c \u0111\u1ed9 cao, ch\u1eb3ng h\u1ea1n nh\u01b0: Bambu Lab P1P \/ X1 \/ X1C \/ A1 Mini, Ankermake M5, Voron 2.4, FLSUN V400, Makerbot, Flashforge, Raise3d, Creality K1 \/ K1 Max\/ K2 Plus\/ Creality Hi\/ Ender 5 Max<\/div>\n<div>+Kh\u00f4ng c\u00f3 bong b\u00f3ng, \u00edt t\u01a1, t\u1ef7 l\u1ec7 in th\u00e0nh c\u00f4ng cao. M\u00f9i th\u1ea5p. Kh\u00f4ng cong v\u00eanh, co r\u00fat th\u1ea5p, kh\u00f4ng bi\u1ebfn d\u1ea1ng, kh\u00f4ng n\u1ee9t. \u0110\u1ed9 ch\u00ednh x\u00e1c in cao v\u00e0 hi\u1ec7u \u1ee9ng \u0111\u00fac t\u1ed1t. \u0110\u01b0\u1ee3c l\u00e0m b\u1eb1ng nguy\u00ean li\u1ec7u tinh b\u1ed9t c\u00f3 ngu\u1ed3n g\u1ed1c t\u1eeb t\u00e0i nguy\u00ean th\u1ef1c v\u1eadt t\u00e1i t\u1ea1o. \u0110\u01b0\u1ee3c s\u1eed d\u1ee5ng trong s\u00e1ng t\u1ea1o v\u0103n h\u00f3a, ng\u00e0nh ho\u1ea1t h\u00ecnh, \u0111\u1ea1o c\u1ee5 phim v\u00e0 truy\u1ec1n h\u00ecnh v\u00e0 c\u00e1c l\u0129nh v\u1ef1c kh\u00e1c.<\/div>\n<div>+\u0110\u1ed9 tr\u00f2n ho\u00e0n h\u1ea3o v\u00e0 dung sai \u0111\u01b0\u1eddng k\u00ednh r\u1ea5t ch\u1eb7t ch\u1ebd, cu\u1ed9n d\u00e2y t\u1ed1t, kh\u00f4ng ch\u1ed3ng ch\u00e9o ho\u1eb7c r\u1ed1i. L\u00e0m tan ch\u1ea3y t\u1ed1t, cho \u0103n tr\u01a1n tru v\u00e0 li\u00ean t\u1ee5c m\u00e0 kh\u00f4ng l\u00e0m t\u1eafc ngh\u1ebdn v\u00f2i phun ho\u1eb7c \u0111\u00f9n.<\/div>\n<div>+D\u1ea3i Esun \u0111i k\u00e8m trong m\u1ed9t t\u00fai ch\u00e2n kh\u00f4ng k\u00edn v\u1edbi t\u00fai h\u00fat \u1ea9m, d\u1ec5 d\u00e0ng gi\u1eef c\u00e1c s\u1ee3i m\u00e1y in 3D c\u1ee7a b\u1ea1n \u1edf \u0111i\u1ec1u ki\u1ec7n l\u01b0u tr\u1eef t\u1ed1i \u01b0u v\u00e0 kh\u00f4ng b\u1ecb b\u1ea9n ho\u1eb7c b\u1ee5i b\u1ea9n tr\u01b0\u1edbc khi m\u1edf bao b\u00ec k\u00edn.<\/div>\n<div>_Parameter Information<\/div>\n<div>+3D PRINTING FILAMENT PLA Basic<\/div>\n<div>+Density(g\/cm3): 1.24<\/div>\n<div>+Heat Distortion Temp (\u00b0C,0.45MPa): 50-60<\/div>\n<div>+Melt Flow Index\/g\/10min): 3.5-4.5 (190\u00b0C\/2.16KG)<\/div>\n<div>+Tensile Strength(MPa) (Z): 20-30<\/div>\n<div>+Tensile Strength(MPa) (XY)<\/div>\n<div>+Elongation at Break(%)(Z): 5-10<\/div>\n<div>+Elongation at Break(%)(XY)<\/div>\n<div>+Flexural Strength(MPa)(Z)<\/div>\n<div>+Flexural Strength(MPa)(XY): 101.2<\/div>\n<div>+Flexural Modulus(MPa)(Z)<\/div>\n<div>+Flexural Modulus(MPa)(XY): 3111.8<\/div>\n<div>+IZOD Impact Strength(kJ\/m3)(Z)<\/div>\n<div>+IZOD Impact Strength(kJ\/m2)(XY): 3.09<\/div>\n<div>+Extruder Temperature(\u00b0C): 210 &#8211; 230\u00b0C Recommended temperature 215\u00b0C<\/div>\n<div>+Bed temperature(\u00b0C): 45 &#8211; 60\u00b0C<\/div>\n<div>+Fan Speed (%): 100%<\/div>\n<div>+Printing Speed (mm\/S): 40-300mm\/s<\/div>\n<div>+Heated Bed: Optional<\/div>\n<div>+ecommended Build Surfaces: Masking Paper, PVP Solid Glue, PEI<\/div>\n<div><\/div>\n<div>**Vui l\u00f2ng li\u00ean h\u1ec7 tr\u1ef1c ti\u1ebfp shop \u0111\u1ec3 \u0111\u01b0\u1ee3c t\u01b0 v\u1ea5n th\u00eam<br \/>\n0913.939.775 contact A.Quan (for English)<br \/>\n094.144.0951 contact A.Quynh<br \/>\n** Price does not include VAT (+8 or 10% if VAT invoice is issued)<\/div>","protected":false},"excerpt":{"rendered":"<p>_Ch\u1ea5t li\u1ec7u PLA-basic d\u1ec5 in, kh\u00f4ng t\u1ea1o m\u00f9i kh\u00f3 ch\u1ecbu, kh\u00f4ng d\u1ec5 k\u00e9o, th\u00e0nh ph\u1ea9m kh\u00f4ng b\u1ecb cong v\u00eanh, ch\u1ea5t l\u01b0\u1ee3ng \u0111\u00fac t\u1ed1t. \u0110\u00e2y l\u00e0 s\u1ef1 l\u1ef1a ch\u1ecdn ti\u1ebft ki\u1ec7m chi ph\u00ed trong s\u1ed1 c\u00e1c v\u1eadt t\u01b0 in nhanh 3D.<br \/>\n+T\u1ed1c \u0111\u1ed9 cao prining<br \/>\n+D\u1ec5 d\u00e0ng in<br \/>\n+Hi\u1ec7u qu\u1ea3 chi ph\u00ed<\/p>","protected":false},"featured_media":5199,"comment_status":"open","ping_status":"closed","template":"","meta":{"inline_featured_image":false},"product_brand":[],"product_cat":[456,466],"product_tag":[565,566,564],"class_list":{"0":"post-5235","1":"product","2":"type-product","3":"status-publish","4":"has-post-thumbnail","6":"product_cat-nhua-in-3d-fdm","7":"product_cat-soi-nhua-esun-fdm","8":"product_tag-epla-basic","9":"product_tag-esun-pla","10":"product_tag-pla-basic","12":"first","13":"instock","14":"sale","15":"taxable","16":"shipping-taxable","17":"purchasable","18":"product-type-variable"},"yoast_head":"<!-- This site is optimized with the Yoast SEO Premium plugin v22.8 (Yoast SEO v26.9) - https:\/\/yoast.com\/product\/yoast-seo-premium-wordpress\/ -->\n<title>Cu\u1ed9n nh\u1ef1a in 3d eSun PLA-Basic ch\u1ea5t l\u01b0\u1ee3ng cao 1kg l\u00f5i nh\u1ef1a - NGE 3D Printers Services<\/title>\n<meta name=\"description\" content=\"Ch\u1ea5t li\u1ec7u PLA-basic d\u1ec5 in, kh\u00f4ng t\u1ea1o m\u00f9i kh\u00f3 ch\u1ecbu, kh\u00f4ng d\u1ec5 k\u00e9o, th\u00e0nh ph\u1ea9m kh\u00f4ng b\u1ecb cong v\u00eanh, ch\u1ea5t l\u01b0\u1ee3ng \u0111\u00fac t\u1ed1t. \u0110\u00e2y l\u00e0 s\u1ef1 l\u1ef1a ch\u1ecdn ti\u1ebft ki\u1ec7m chi ph\u00ed trong s\u1ed1 c\u00e1c v\u1eadt t\u01b0 in nhanh 3D.\" \/>\n<meta name=\"robots\" content=\"index, follow, max-snippet:-1, max-image-preview:large, max-video-preview:-1\" \/>\n<link rel=\"canonical\" href=\"https:\/\/nge.vn\/en\/product\/cuon-nhua-in-3d-esun-pla-basic-chat-luong-cao-1kg-loi-nhua\/\" \/>\n<meta property=\"og:locale\" content=\"en_US\" \/>\n<meta property=\"og:type\" content=\"article\" \/>\n<meta property=\"og:title\" content=\"Cu\u1ed9n nh\u1ef1a in 3d eSun PLA-Basic ch\u1ea5t l\u01b0\u1ee3ng cao 1kg l\u00f5i nh\u1ef1a\" \/>\n<meta property=\"og:description\" content=\"Ch\u1ea5t li\u1ec7u PLA-basic d\u1ec5 in, kh\u00f4ng t\u1ea1o m\u00f9i kh\u00f3 ch\u1ecbu, kh\u00f4ng d\u1ec5 k\u00e9o, th\u00e0nh ph\u1ea9m kh\u00f4ng b\u1ecb cong v\u00eanh, ch\u1ea5t l\u01b0\u1ee3ng \u0111\u00fac t\u1ed1t. \u0110\u00e2y l\u00e0 s\u1ef1 l\u1ef1a ch\u1ecdn ti\u1ebft ki\u1ec7m chi ph\u00ed trong s\u1ed1 c\u00e1c v\u1eadt t\u01b0 in nhanh 3D.\" \/>\n<meta property=\"og:url\" content=\"https:\/\/nge.vn\/en\/product\/cuon-nhua-in-3d-esun-pla-basic-chat-luong-cao-1kg-loi-nhua\/\" \/>\n<meta property=\"og:site_name\" content=\"NGE 3D Printers Services\" \/>\n<meta property=\"article:modified_time\" content=\"2025-12-02T11:57:35+00:00\" \/>\n<meta property=\"og:image\" content=\"https:\/\/nge.vn\/wp-content\/uploads\/2025\/04\/02-296e.jpg\" \/>\n\t<meta property=\"og:image:width\" content=\"990\" \/>\n\t<meta property=\"og:image:height\" content=\"1301\" \/>\n\t<meta property=\"og:image:type\" content=\"image\/jpeg\" \/>\n<meta name=\"twitter:card\" content=\"summary_large_image\" \/>\n<meta name=\"twitter:label1\" content=\"Est. reading time\" \/>\n\t<meta name=\"twitter:data1\" content=\"4 minutes\" \/>\n<script type=\"application\/ld+json\" class=\"yoast-schema-graph\">{\"@context\":\"https:\/\/schema.org\",\"@graph\":[{\"@type\":\"WebPage\",\"@id\":\"https:\/\/nge.vn\/san-pham\/cuon-nhua-in-3d-esun-pla-basic-chat-luong-cao-1kg-loi-nhua\/\",\"url\":\"https:\/\/nge.vn\/san-pham\/cuon-nhua-in-3d-esun-pla-basic-chat-luong-cao-1kg-loi-nhua\/\",\"name\":\"Cu\u1ed9n nh\u1ef1a in 3d eSun PLA-Basic ch\u1ea5t l\u01b0\u1ee3ng cao 1kg l\u00f5i nh\u1ef1a - NGE 3D Printers Services\",\"isPartOf\":{\"@id\":\"https:\/\/nge.vn\/#website\"},\"primaryImageOfPage\":{\"@id\":\"https:\/\/nge.vn\/san-pham\/cuon-nhua-in-3d-esun-pla-basic-chat-luong-cao-1kg-loi-nhua\/#primaryimage\"},\"image\":{\"@id\":\"https:\/\/nge.vn\/san-pham\/cuon-nhua-in-3d-esun-pla-basic-chat-luong-cao-1kg-loi-nhua\/#primaryimage\"},\"thumbnailUrl\":\"https:\/\/nge.vn\/wp-content\/uploads\/2025\/04\/02-296e.jpg\",\"datePublished\":\"2025-04-09T09:34:58+00:00\",\"dateModified\":\"2025-12-02T11:57:35+00:00\",\"description\":\"Ch\u1ea5t li\u1ec7u PLA-basic d\u1ec5 in, kh\u00f4ng t\u1ea1o m\u00f9i kh\u00f3 ch\u1ecbu, kh\u00f4ng d\u1ec5 k\u00e9o, th\u00e0nh ph\u1ea9m kh\u00f4ng b\u1ecb cong v\u00eanh, ch\u1ea5t l\u01b0\u1ee3ng \u0111\u00fac t\u1ed1t. \u0110\u00e2y l\u00e0 s\u1ef1 l\u1ef1a ch\u1ecdn ti\u1ebft ki\u1ec7m chi ph\u00ed trong s\u1ed1 c\u00e1c v\u1eadt t\u01b0 in nhanh 3D.\",\"breadcrumb\":{\"@id\":\"https:\/\/nge.vn\/san-pham\/cuon-nhua-in-3d-esun-pla-basic-chat-luong-cao-1kg-loi-nhua\/#breadcrumb\"},\"inLanguage\":\"en-US\",\"potentialAction\":[{\"@type\":\"ReadAction\",\"target\":[\"https:\/\/nge.vn\/san-pham\/cuon-nhua-in-3d-esun-pla-basic-chat-luong-cao-1kg-loi-nhua\/\"]}]},{\"@type\":\"ImageObject\",\"inLanguage\":\"en-US\",\"@id\":\"https:\/\/nge.vn\/san-pham\/cuon-nhua-in-3d-esun-pla-basic-chat-luong-cao-1kg-loi-nhua\/#primaryimage\",\"url\":\"https:\/\/nge.vn\/wp-content\/uploads\/2025\/04\/02-296e.jpg\",\"contentUrl\":\"https:\/\/nge.vn\/wp-content\/uploads\/2025\/04\/02-296e.jpg\",\"width\":990,\"height\":1301,\"caption\":\"Cu\u1ed9n nh\u1ef1a in 3d eSun PLA-Basic ch\u1ea5t l\u01b0\u1ee3ng cao 1kg l\u00f5i nh\u1ef1a\"},{\"@type\":\"BreadcrumbList\",\"@id\":\"https:\/\/nge.vn\/san-pham\/cuon-nhua-in-3d-esun-pla-basic-chat-luong-cao-1kg-loi-nhua\/#breadcrumb\",\"itemListElement\":[{\"@type\":\"ListItem\",\"position\":1,\"name\":\"Trang ch\u1ee7\",\"item\":\"https:\/\/nge.vn\/\"},{\"@type\":\"ListItem\",\"position\":2,\"name\":\"S\u1ea3n ph\u1ea9m\",\"item\":\"https:\/\/nge.vn\/san-pham\/\"},{\"@type\":\"ListItem\",\"position\":3,\"name\":\"Cu\u1ed9n nh\u1ef1a in 3d eSun PLA-Basic ch\u1ea5t l\u01b0\u1ee3ng cao 1kg l\u00f5i nh\u1ef1a\"}]},{\"@type\":\"WebSite\",\"@id\":\"https:\/\/nge.vn\/#website\",\"url\":\"https:\/\/nge.vn\/\",\"name\":\"NGE 3D Printers Services\",\"description\":\"\",\"potentialAction\":[{\"@type\":\"SearchAction\",\"target\":{\"@type\":\"EntryPoint\",\"urlTemplate\":\"https:\/\/nge.vn\/?s={search_term_string}\"},\"query-input\":{\"@type\":\"PropertyValueSpecification\",\"valueRequired\":true,\"valueName\":\"search_term_string\"}}],\"inLanguage\":\"en-US\"}]}<\/script>\n<!-- \/ Yoast SEO Premium plugin. -->","yoast_head_json":{"title":"Cu\u1ed9n nh\u1ef1a in 3d eSun PLA-Basic ch\u1ea5t l\u01b0\u1ee3ng cao 1kg l\u00f5i nh\u1ef1a - NGE 3D Printers Services","description":"Ch\u1ea5t li\u1ec7u PLA-basic d\u1ec5 in, kh\u00f4ng t\u1ea1o m\u00f9i kh\u00f3 ch\u1ecbu, kh\u00f4ng d\u1ec5 k\u00e9o, th\u00e0nh ph\u1ea9m kh\u00f4ng b\u1ecb cong v\u00eanh, ch\u1ea5t l\u01b0\u1ee3ng \u0111\u00fac t\u1ed1t. \u0110\u00e2y l\u00e0 s\u1ef1 l\u1ef1a ch\u1ecdn ti\u1ebft ki\u1ec7m chi ph\u00ed trong s\u1ed1 c\u00e1c v\u1eadt t\u01b0 in nhanh 3D.","robots":{"index":"index","follow":"follow","max-snippet":"max-snippet:-1","max-image-preview":"max-image-preview:large","max-video-preview":"max-video-preview:-1"},"canonical":"https:\/\/nge.vn\/en\/product\/cuon-nhua-in-3d-esun-pla-basic-chat-luong-cao-1kg-loi-nhua\/","og_locale":"en_US","og_type":"article","og_title":"Cu\u1ed9n nh\u1ef1a in 3d eSun PLA-Basic ch\u1ea5t l\u01b0\u1ee3ng cao 1kg l\u00f5i nh\u1ef1a","og_description":"Ch\u1ea5t li\u1ec7u PLA-basic d\u1ec5 in, kh\u00f4ng t\u1ea1o m\u00f9i kh\u00f3 ch\u1ecbu, kh\u00f4ng d\u1ec5 k\u00e9o, th\u00e0nh ph\u1ea9m kh\u00f4ng b\u1ecb cong v\u00eanh, ch\u1ea5t l\u01b0\u1ee3ng \u0111\u00fac t\u1ed1t. \u0110\u00e2y l\u00e0 s\u1ef1 l\u1ef1a ch\u1ecdn ti\u1ebft ki\u1ec7m chi ph\u00ed trong s\u1ed1 c\u00e1c v\u1eadt t\u01b0 in nhanh 3D.","og_url":"https:\/\/nge.vn\/en\/product\/cuon-nhua-in-3d-esun-pla-basic-chat-luong-cao-1kg-loi-nhua\/","og_site_name":"NGE 3D Printers Services","article_modified_time":"2025-12-02T11:57:35+00:00","og_image":[{"width":990,"height":1301,"url":"https:\/\/nge.vn\/wp-content\/uploads\/2025\/04\/02-296e.jpg","type":"image\/jpeg"}],"twitter_card":"summary_large_image","twitter_misc":{"Est. reading time":"4 minutes"},"schema":{"@context":"https:\/\/schema.org","@graph":[{"@type":"WebPage","@id":"https:\/\/nge.vn\/san-pham\/cuon-nhua-in-3d-esun-pla-basic-chat-luong-cao-1kg-loi-nhua\/","url":"https:\/\/nge.vn\/san-pham\/cuon-nhua-in-3d-esun-pla-basic-chat-luong-cao-1kg-loi-nhua\/","name":"Cu\u1ed9n nh\u1ef1a in 3d eSun PLA-Basic ch\u1ea5t l\u01b0\u1ee3ng cao 1kg l\u00f5i nh\u1ef1a - NGE 3D Printers Services","isPartOf":{"@id":"https:\/\/nge.vn\/#website"},"primaryImageOfPage":{"@id":"https:\/\/nge.vn\/san-pham\/cuon-nhua-in-3d-esun-pla-basic-chat-luong-cao-1kg-loi-nhua\/#primaryimage"},"image":{"@id":"https:\/\/nge.vn\/san-pham\/cuon-nhua-in-3d-esun-pla-basic-chat-luong-cao-1kg-loi-nhua\/#primaryimage"},"thumbnailUrl":"https:\/\/nge.vn\/wp-content\/uploads\/2025\/04\/02-296e.jpg","datePublished":"2025-04-09T09:34:58+00:00","dateModified":"2025-12-02T11:57:35+00:00","description":"Ch\u1ea5t li\u1ec7u PLA-basic d\u1ec5 in, kh\u00f4ng t\u1ea1o m\u00f9i kh\u00f3 ch\u1ecbu, kh\u00f4ng d\u1ec5 k\u00e9o, th\u00e0nh ph\u1ea9m kh\u00f4ng b\u1ecb cong v\u00eanh, ch\u1ea5t l\u01b0\u1ee3ng \u0111\u00fac t\u1ed1t. \u0110\u00e2y l\u00e0 s\u1ef1 l\u1ef1a ch\u1ecdn ti\u1ebft ki\u1ec7m chi ph\u00ed trong s\u1ed1 c\u00e1c v\u1eadt t\u01b0 in nhanh 3D.","breadcrumb":{"@id":"https:\/\/nge.vn\/san-pham\/cuon-nhua-in-3d-esun-pla-basic-chat-luong-cao-1kg-loi-nhua\/#breadcrumb"},"inLanguage":"en-US","potentialAction":[{"@type":"ReadAction","target":["https:\/\/nge.vn\/san-pham\/cuon-nhua-in-3d-esun-pla-basic-chat-luong-cao-1kg-loi-nhua\/"]}]},{"@type":"ImageObject","inLanguage":"en-US","@id":"https:\/\/nge.vn\/san-pham\/cuon-nhua-in-3d-esun-pla-basic-chat-luong-cao-1kg-loi-nhua\/#primaryimage","url":"https:\/\/nge.vn\/wp-content\/uploads\/2025\/04\/02-296e.jpg","contentUrl":"https:\/\/nge.vn\/wp-content\/uploads\/2025\/04\/02-296e.jpg","width":990,"height":1301,"caption":"Cu\u1ed9n nh\u1ef1a in 3d eSun PLA-Basic ch\u1ea5t l\u01b0\u1ee3ng cao 1kg l\u00f5i nh\u1ef1a"},{"@type":"BreadcrumbList","@id":"https:\/\/nge.vn\/san-pham\/cuon-nhua-in-3d-esun-pla-basic-chat-luong-cao-1kg-loi-nhua\/#breadcrumb","itemListElement":[{"@type":"ListItem","position":1,"name":"Trang ch\u1ee7","item":"https:\/\/nge.vn\/"},{"@type":"ListItem","position":2,"name":"S\u1ea3n ph\u1ea9m","item":"https:\/\/nge.vn\/san-pham\/"},{"@type":"ListItem","position":3,"name":"Cu\u1ed9n nh\u1ef1a in 3d eSun PLA-Basic ch\u1ea5t l\u01b0\u1ee3ng cao 1kg l\u00f5i nh\u1ef1a"}]},{"@type":"WebSite","@id":"https:\/\/nge.vn\/#website","url":"https:\/\/nge.vn\/","name":"NGE 3D Printers Services","description":"","potentialAction":[{"@type":"SearchAction","target":{"@type":"EntryPoint","urlTemplate":"https:\/\/nge.vn\/?s={search_term_string}"},"query-input":{"@type":"PropertyValueSpecification","valueRequired":true,"valueName":"search_term_string"}}],"inLanguage":"en-US"}]}},"_links":{"self":[{"href":"https:\/\/nge.vn\/en\/wp-json\/wp\/v2\/product\/5235","targetHints":{"allow":["GET"]}}],"collection":[{"href":"https:\/\/nge.vn\/en\/wp-json\/wp\/v2\/product"}],"about":[{"href":"https:\/\/nge.vn\/en\/wp-json\/wp\/v2\/types\/product"}],"replies":[{"embeddable":true,"href":"https:\/\/nge.vn\/en\/wp-json\/wp\/v2\/comments?post=5235"}],"wp:featuredmedia":[{"embeddable":true,"href":"https:\/\/nge.vn\/en\/wp-json\/wp\/v2\/media\/5199"}],"wp:attachment":[{"href":"https:\/\/nge.vn\/en\/wp-json\/wp\/v2\/media?parent=5235"}],"wp:term":[{"taxonomy":"product_brand","embeddable":true,"href":"https:\/\/nge.vn\/en\/wp-json\/wp\/v2\/product_brand?post=5235"},{"taxonomy":"product_cat","embeddable":true,"href":"https:\/\/nge.vn\/en\/wp-json\/wp\/v2\/product_cat?post=5235"},{"taxonomy":"product_tag","embeddable":true,"href":"https:\/\/nge.vn\/en\/wp-json\/wp\/v2\/product_tag?post=5235"}],"curies":[{"name":"wp","href":"https:\/\/api.w.org\/{rel}","templated":true}]}}