{"id":5178,"date":"2025-04-09T15:47:38","date_gmt":"2025-04-09T08:47:38","guid":{"rendered":"https:\/\/nge.vn\/?post_type=product&#038;p=5178"},"modified":"2025-04-09T15:56:35","modified_gmt":"2025-04-09T08:56:35","slug":"nhua-in-3d-esun-pla-cmyk-bo-4-mau-cyan-magenta-yellow-va-white-1kg-cuon-loi-nhua","status":"publish","type":"product","link":"https:\/\/nge.vn\/en\/product\/nhua-in-3d-esun-pla-cmyk-bo-4-mau-cyan-magenta-yellow-va-white-1kg-cuon-loi-nhua\/","title":{"rendered":"Nh\u1ef1a in 3d ESUN PLA+ CMYK b\u1ed9 4 m\u00e0u (Cyan, Magenta, Yellow v\u00e0 White) 1kg\/ Cu\u1ed9n l\u00f5i nh\u1ef1a"},"content":{"rendered":"<p>_B\u1ed9 b\u1ed1n cu\u1ed9n nh\u1ef1a PLA+ CMYK ch\u1ee9a c\u00e1c s\u1ee3i PLA+ m\u00e0u Cyan, Magenta, Yellow v\u00e0 White.<br \/>\n_D\u1ef1a tr\u00ean nguy\u00ean t\u1eafc tr\u1ed9n m\u00e0u, th\u00f4ng qua s\u1ef1 ch\u1ed3ng ch\u1ea5t c\u1ee7a b\u1ed1n m\u00e0u n\u00e0y, kh\u00e1m ph\u00e1 v\u00e0 t\u1ea1o ra m\u00e0u s\u1eafc v\u00f4 h\u1ea1n, mang l\u1ea1i tr\u1ea3i nghi\u1ec7m h\u00ecnh \u1ea3nh phong ph\u00fa cho c\u00e1c t\u00e1c ph\u1ea9m in 3D.<br \/>\n+In t\u1ed1c \u0111\u1ed9 cao<br \/>\n+D\u1ec5 d\u00e0ng in \u1ea5n<br \/>\n+Ti\u1ebft ki\u1ec7m chi ph\u00ed<br \/>\n+\u0110\u1ed3 trang tr\u00ed<br \/>\n+M\u00f4 h\u00ecnh kh\u00e1i ni\u1ec7m ban \u0111\u1ea7u<br \/>\n+Thi\u1ebft k\u1ebf nguy\u00ean m\u1eabu nhanh ch\u00f3ng<\/p>\n<p>**Notes: H\u00ecnh \u1ea3nh hi\u1ec3n th\u1ecb l\u00e0 m\u1ed9t bi\u1ec3u di\u1ec5n c\u1ee7a v\u1eadt ph\u1ea9m, m\u00e0u c\u00f3 th\u1ec3 thay \u0111\u1ed5i m\u1ed9t ch\u00fat do c\u00e0i \u0111\u1eb7t m\u00e0u c\u1ee7a m\u1ed7i m\u00e0n h\u00ecnh ri\u00eang l\u1ebb. Vui l\u00f2ng ki\u1ec3m tra l\u1ea1i k\u00edch th\u01b0\u1edbc v\u00e0 m\u00e0u s\u1eafc tr\u01b0\u1edbc khi mua.<\/p>\n<p>**\u1ee8ng d\u1ee5ng: lithophane<\/p>\n<p>_Printing parameter<br \/>\n+Printing Temperature: 210-230\u00b0C (Recommend 215\u00b0C)<br \/>\n+Base Plate Temperature: 45-60\u00b0C (Crepe paper,PVP glue stick, PEI)<br \/>\n+Printing Speed: 40-100mm\/s<br \/>\n+Density: 1.23g\/cm3<br \/>\n+Fan: 100%<br \/>\n+Melt Index: 5(190\u00b0C\/2.16kg)g\/10min<br \/>\n+Tensile Strength: 60MPa<br \/>\n+Elongation at break: 20%<br \/>\n+Bending strength: 74MPa<br \/>\n+Flexural Modulus: 1973MPa<br \/>\n+Lzod notched impact strength: 6KJ\/m2<br \/>\n+Heat distortion temperature: 53\u00b0C(0.45MPa)<br \/>\n+Filament length(1.75mm): 340-345m<\/p>\n<p>**Vui l\u00f2ng li\u00ean h\u1ec7 tr\u1ef1c ti\u1ebfp shop \u0111\u1ec3 \u0111\u01b0\u1ee3c t\u01b0 v\u1ea5n th\u00eam<br \/>\n0913.939.775 contact A.Quan (for English)<br \/>\n094.144.0951 contact A.Quynh<br \/>\n** Price does not include VAT (+8 or 10% if VAT invoice is issued)<\/p>\n<p>&nbsp;<\/p>","protected":false},"excerpt":{"rendered":"<p>+In t\u1ed1c \u0111\u1ed9 cao<br \/>\n+D\u1ec5 d\u00e0ng in \u1ea5n<br \/>\n+Ti\u1ebft ki\u1ec7m chi ph\u00ed<br \/>\n+\u0110\u1ed3 trang tr\u00ed<br \/>\n+M\u00f4 h\u00ecnh kh\u00e1i ni\u1ec7m ban \u0111\u1ea7u<br \/>\n+Thi\u1ebft k\u1ebf nguy\u00ean m\u1eabu nhanh ch\u00f3ng<\/p>","protected":false},"featured_media":5192,"comment_status":"open","ping_status":"closed","template":"","meta":{"inline_featured_image":false},"product_brand":[],"product_cat":[455,456,466],"product_tag":[],"class_list":{"0":"post-5178","1":"product","2":"type-product","3":"status-publish","4":"has-post-thumbnail","6":"product_cat-nhua-in-3d","7":"product_cat-nhua-in-3d-fdm","8":"product_cat-soi-nhua-esun-fdm","10":"first","11":"instock","12":"sale","13":"taxable","14":"shipping-taxable","15":"purchasable","16":"product-type-variable"},"yoast_head":"<!-- This site is optimized with the Yoast SEO Premium plugin v22.8 (Yoast SEO v26.9) - https:\/\/yoast.com\/product\/yoast-seo-premium-wordpress\/ -->\n<title>Nh\u1ef1a in 3d ESUN PLA+ CMYK b\u1ed9 4 m\u00e0u (Cyan, Magenta, Yellow v\u00e0 White) 1kg\/ Cu\u1ed9n l\u00f5i nh\u1ef1a - NGE 3D Printers Services<\/title>\n<meta name=\"description\" content=\"Nh\u1ef1a in 3d ESUN PLA+ CMYK b\u1ed9 4 m\u00e0u (Cyan, Magenta, Yellow v\u00e0 White)\" \/>\n<meta name=\"robots\" content=\"index, follow, max-snippet:-1, max-image-preview:large, max-video-preview:-1\" \/>\n<link rel=\"canonical\" href=\"https:\/\/nge.vn\/en\/product\/nhua-in-3d-esun-pla-cmyk-bo-4-mau-cyan-magenta-yellow-va-white-1kg-cuon-loi-nhua\/\" \/>\n<meta property=\"og:locale\" content=\"en_US\" \/>\n<meta property=\"og:type\" content=\"article\" \/>\n<meta property=\"og:title\" content=\"Nh\u1ef1a in 3d ESUN PLA+ CMYK b\u1ed9 4 m\u00e0u (Cyan, Magenta, Yellow v\u00e0 White) 1kg\/ Cu\u1ed9n l\u00f5i nh\u1ef1a\" \/>\n<meta property=\"og:description\" content=\"Nh\u1ef1a in 3d ESUN PLA+ CMYK b\u1ed9 4 m\u00e0u (Cyan, Magenta, Yellow v\u00e0 White)\" \/>\n<meta property=\"og:url\" content=\"https:\/\/nge.vn\/en\/product\/nhua-in-3d-esun-pla-cmyk-bo-4-mau-cyan-magenta-yellow-va-white-1kg-cuon-loi-nhua\/\" \/>\n<meta property=\"og:site_name\" content=\"NGE 3D Printers Services\" \/>\n<meta property=\"article:modified_time\" content=\"2025-04-09T08:56:35+00:00\" \/>\n<meta property=\"og:image\" content=\"https:\/\/nge.vn\/wp-content\/uploads\/2025\/04\/Sfea54861d63d445d97a416dc9487f142D.jpg\" \/>\n\t<meta property=\"og:image:width\" content=\"990\" \/>\n\t<meta property=\"og:image:height\" content=\"1511\" \/>\n\t<meta property=\"og:image:type\" content=\"image\/jpeg\" \/>\n<meta name=\"twitter:card\" content=\"summary_large_image\" \/>\n<meta name=\"twitter:label1\" content=\"Est. reading time\" \/>\n\t<meta name=\"twitter:data1\" content=\"2 minutes\" \/>\n<script type=\"application\/ld+json\" class=\"yoast-schema-graph\">{\"@context\":\"https:\/\/schema.org\",\"@graph\":[{\"@type\":\"WebPage\",\"@id\":\"https:\/\/nge.vn\/san-pham\/nhua-in-3d-esun-pla-cmyk-bo-4-mau-cyan-magenta-yellow-va-white-1kg-cuon-loi-nhua\/\",\"url\":\"https:\/\/nge.vn\/san-pham\/nhua-in-3d-esun-pla-cmyk-bo-4-mau-cyan-magenta-yellow-va-white-1kg-cuon-loi-nhua\/\",\"name\":\"Nh\u1ef1a in 3d ESUN PLA+ CMYK b\u1ed9 4 m\u00e0u (Cyan, Magenta, Yellow v\u00e0 White) 1kg\/ Cu\u1ed9n l\u00f5i nh\u1ef1a - NGE 3D Printers Services\",\"isPartOf\":{\"@id\":\"https:\/\/nge.vn\/#website\"},\"primaryImageOfPage\":{\"@id\":\"https:\/\/nge.vn\/san-pham\/nhua-in-3d-esun-pla-cmyk-bo-4-mau-cyan-magenta-yellow-va-white-1kg-cuon-loi-nhua\/#primaryimage\"},\"image\":{\"@id\":\"https:\/\/nge.vn\/san-pham\/nhua-in-3d-esun-pla-cmyk-bo-4-mau-cyan-magenta-yellow-va-white-1kg-cuon-loi-nhua\/#primaryimage\"},\"thumbnailUrl\":\"https:\/\/nge.vn\/wp-content\/uploads\/2025\/04\/Sfea54861d63d445d97a416dc9487f142D.jpg\",\"datePublished\":\"2025-04-09T08:47:38+00:00\",\"dateModified\":\"2025-04-09T08:56:35+00:00\",\"description\":\"Nh\u1ef1a in 3d ESUN PLA+ CMYK b\u1ed9 4 m\u00e0u (Cyan, Magenta, Yellow v\u00e0 White)\",\"breadcrumb\":{\"@id\":\"https:\/\/nge.vn\/san-pham\/nhua-in-3d-esun-pla-cmyk-bo-4-mau-cyan-magenta-yellow-va-white-1kg-cuon-loi-nhua\/#breadcrumb\"},\"inLanguage\":\"en-US\",\"potentialAction\":[{\"@type\":\"ReadAction\",\"target\":[\"https:\/\/nge.vn\/san-pham\/nhua-in-3d-esun-pla-cmyk-bo-4-mau-cyan-magenta-yellow-va-white-1kg-cuon-loi-nhua\/\"]}]},{\"@type\":\"ImageObject\",\"inLanguage\":\"en-US\",\"@id\":\"https:\/\/nge.vn\/san-pham\/nhua-in-3d-esun-pla-cmyk-bo-4-mau-cyan-magenta-yellow-va-white-1kg-cuon-loi-nhua\/#primaryimage\",\"url\":\"https:\/\/nge.vn\/wp-content\/uploads\/2025\/04\/Sfea54861d63d445d97a416dc9487f142D.jpg\",\"contentUrl\":\"https:\/\/nge.vn\/wp-content\/uploads\/2025\/04\/Sfea54861d63d445d97a416dc9487f142D.jpg\",\"width\":990,\"height\":1511,\"caption\":\"Nh\u1ef1a in 3d ESUN PLA+ CMYK b\u1ed9 4 m\u00e0u (Cyan, Magenta, Yellow v\u00e0 White) 1kg\/ Cu\u1ed9n l\u00f5i nh\u1ef1a\"},{\"@type\":\"BreadcrumbList\",\"@id\":\"https:\/\/nge.vn\/san-pham\/nhua-in-3d-esun-pla-cmyk-bo-4-mau-cyan-magenta-yellow-va-white-1kg-cuon-loi-nhua\/#breadcrumb\",\"itemListElement\":[{\"@type\":\"ListItem\",\"position\":1,\"name\":\"Trang ch\u1ee7\",\"item\":\"https:\/\/nge.vn\/\"},{\"@type\":\"ListItem\",\"position\":2,\"name\":\"S\u1ea3n ph\u1ea9m\",\"item\":\"https:\/\/nge.vn\/san-pham\/\"},{\"@type\":\"ListItem\",\"position\":3,\"name\":\"Nh\u1ef1a in 3d ESUN PLA+ CMYK b\u1ed9 4 m\u00e0u (Cyan, Magenta, Yellow v\u00e0 White) 1kg\/ Cu\u1ed9n l\u00f5i nh\u1ef1a\"}]},{\"@type\":\"WebSite\",\"@id\":\"https:\/\/nge.vn\/#website\",\"url\":\"https:\/\/nge.vn\/\",\"name\":\"NGE 3D Printers Services\",\"description\":\"\",\"potentialAction\":[{\"@type\":\"SearchAction\",\"target\":{\"@type\":\"EntryPoint\",\"urlTemplate\":\"https:\/\/nge.vn\/?s={search_term_string}\"},\"query-input\":{\"@type\":\"PropertyValueSpecification\",\"valueRequired\":true,\"valueName\":\"search_term_string\"}}],\"inLanguage\":\"en-US\"}]}<\/script>\n<!-- \/ Yoast SEO Premium plugin. -->","yoast_head_json":{"title":"Nh\u1ef1a in 3d ESUN PLA+ CMYK b\u1ed9 4 m\u00e0u (Cyan, Magenta, Yellow v\u00e0 White) 1kg\/ Cu\u1ed9n l\u00f5i nh\u1ef1a - NGE 3D Printers Services","description":"Nh\u1ef1a in 3d ESUN PLA+ CMYK b\u1ed9 4 m\u00e0u (Cyan, Magenta, Yellow v\u00e0 White)","robots":{"index":"index","follow":"follow","max-snippet":"max-snippet:-1","max-image-preview":"max-image-preview:large","max-video-preview":"max-video-preview:-1"},"canonical":"https:\/\/nge.vn\/en\/product\/nhua-in-3d-esun-pla-cmyk-bo-4-mau-cyan-magenta-yellow-va-white-1kg-cuon-loi-nhua\/","og_locale":"en_US","og_type":"article","og_title":"Nh\u1ef1a in 3d ESUN PLA+ CMYK b\u1ed9 4 m\u00e0u (Cyan, Magenta, Yellow v\u00e0 White) 1kg\/ Cu\u1ed9n l\u00f5i nh\u1ef1a","og_description":"Nh\u1ef1a in 3d ESUN PLA+ CMYK b\u1ed9 4 m\u00e0u (Cyan, Magenta, Yellow v\u00e0 White)","og_url":"https:\/\/nge.vn\/en\/product\/nhua-in-3d-esun-pla-cmyk-bo-4-mau-cyan-magenta-yellow-va-white-1kg-cuon-loi-nhua\/","og_site_name":"NGE 3D Printers Services","article_modified_time":"2025-04-09T08:56:35+00:00","og_image":[{"width":990,"height":1511,"url":"https:\/\/nge.vn\/wp-content\/uploads\/2025\/04\/Sfea54861d63d445d97a416dc9487f142D.jpg","type":"image\/jpeg"}],"twitter_card":"summary_large_image","twitter_misc":{"Est. reading time":"2 minutes"},"schema":{"@context":"https:\/\/schema.org","@graph":[{"@type":"WebPage","@id":"https:\/\/nge.vn\/san-pham\/nhua-in-3d-esun-pla-cmyk-bo-4-mau-cyan-magenta-yellow-va-white-1kg-cuon-loi-nhua\/","url":"https:\/\/nge.vn\/san-pham\/nhua-in-3d-esun-pla-cmyk-bo-4-mau-cyan-magenta-yellow-va-white-1kg-cuon-loi-nhua\/","name":"Nh\u1ef1a in 3d ESUN PLA+ CMYK b\u1ed9 4 m\u00e0u (Cyan, Magenta, Yellow v\u00e0 White) 1kg\/ Cu\u1ed9n l\u00f5i nh\u1ef1a - NGE 3D Printers Services","isPartOf":{"@id":"https:\/\/nge.vn\/#website"},"primaryImageOfPage":{"@id":"https:\/\/nge.vn\/san-pham\/nhua-in-3d-esun-pla-cmyk-bo-4-mau-cyan-magenta-yellow-va-white-1kg-cuon-loi-nhua\/#primaryimage"},"image":{"@id":"https:\/\/nge.vn\/san-pham\/nhua-in-3d-esun-pla-cmyk-bo-4-mau-cyan-magenta-yellow-va-white-1kg-cuon-loi-nhua\/#primaryimage"},"thumbnailUrl":"https:\/\/nge.vn\/wp-content\/uploads\/2025\/04\/Sfea54861d63d445d97a416dc9487f142D.jpg","datePublished":"2025-04-09T08:47:38+00:00","dateModified":"2025-04-09T08:56:35+00:00","description":"Nh\u1ef1a in 3d ESUN PLA+ CMYK b\u1ed9 4 m\u00e0u (Cyan, Magenta, Yellow v\u00e0 White)","breadcrumb":{"@id":"https:\/\/nge.vn\/san-pham\/nhua-in-3d-esun-pla-cmyk-bo-4-mau-cyan-magenta-yellow-va-white-1kg-cuon-loi-nhua\/#breadcrumb"},"inLanguage":"en-US","potentialAction":[{"@type":"ReadAction","target":["https:\/\/nge.vn\/san-pham\/nhua-in-3d-esun-pla-cmyk-bo-4-mau-cyan-magenta-yellow-va-white-1kg-cuon-loi-nhua\/"]}]},{"@type":"ImageObject","inLanguage":"en-US","@id":"https:\/\/nge.vn\/san-pham\/nhua-in-3d-esun-pla-cmyk-bo-4-mau-cyan-magenta-yellow-va-white-1kg-cuon-loi-nhua\/#primaryimage","url":"https:\/\/nge.vn\/wp-content\/uploads\/2025\/04\/Sfea54861d63d445d97a416dc9487f142D.jpg","contentUrl":"https:\/\/nge.vn\/wp-content\/uploads\/2025\/04\/Sfea54861d63d445d97a416dc9487f142D.jpg","width":990,"height":1511,"caption":"Nh\u1ef1a in 3d ESUN PLA+ CMYK b\u1ed9 4 m\u00e0u (Cyan, Magenta, Yellow v\u00e0 White) 1kg\/ Cu\u1ed9n l\u00f5i nh\u1ef1a"},{"@type":"BreadcrumbList","@id":"https:\/\/nge.vn\/san-pham\/nhua-in-3d-esun-pla-cmyk-bo-4-mau-cyan-magenta-yellow-va-white-1kg-cuon-loi-nhua\/#breadcrumb","itemListElement":[{"@type":"ListItem","position":1,"name":"Trang ch\u1ee7","item":"https:\/\/nge.vn\/"},{"@type":"ListItem","position":2,"name":"S\u1ea3n ph\u1ea9m","item":"https:\/\/nge.vn\/san-pham\/"},{"@type":"ListItem","position":3,"name":"Nh\u1ef1a in 3d ESUN PLA+ CMYK b\u1ed9 4 m\u00e0u (Cyan, Magenta, Yellow v\u00e0 White) 1kg\/ Cu\u1ed9n l\u00f5i nh\u1ef1a"}]},{"@type":"WebSite","@id":"https:\/\/nge.vn\/#website","url":"https:\/\/nge.vn\/","name":"NGE 3D Printers Services","description":"","potentialAction":[{"@type":"SearchAction","target":{"@type":"EntryPoint","urlTemplate":"https:\/\/nge.vn\/?s={search_term_string}"},"query-input":{"@type":"PropertyValueSpecification","valueRequired":true,"valueName":"search_term_string"}}],"inLanguage":"en-US"}]}},"_links":{"self":[{"href":"https:\/\/nge.vn\/en\/wp-json\/wp\/v2\/product\/5178","targetHints":{"allow":["GET"]}}],"collection":[{"href":"https:\/\/nge.vn\/en\/wp-json\/wp\/v2\/product"}],"about":[{"href":"https:\/\/nge.vn\/en\/wp-json\/wp\/v2\/types\/product"}],"replies":[{"embeddable":true,"href":"https:\/\/nge.vn\/en\/wp-json\/wp\/v2\/comments?post=5178"}],"wp:featuredmedia":[{"embeddable":true,"href":"https:\/\/nge.vn\/en\/wp-json\/wp\/v2\/media\/5192"}],"wp:attachment":[{"href":"https:\/\/nge.vn\/en\/wp-json\/wp\/v2\/media?parent=5178"}],"wp:term":[{"taxonomy":"product_brand","embeddable":true,"href":"https:\/\/nge.vn\/en\/wp-json\/wp\/v2\/product_brand?post=5178"},{"taxonomy":"product_cat","embeddable":true,"href":"https:\/\/nge.vn\/en\/wp-json\/wp\/v2\/product_cat?post=5178"},{"taxonomy":"product_tag","embeddable":true,"href":"https:\/\/nge.vn\/en\/wp-json\/wp\/v2\/product_tag?post=5178"}],"curies":[{"name":"wp","href":"https:\/\/api.w.org\/{rel}","templated":true}]}}