{"id":5173,"date":"2025-03-28T20:48:29","date_gmt":"2025-03-28T13:48:29","guid":{"rendered":"https:\/\/nge.vn\/?post_type=product&#038;p=5173"},"modified":"2025-03-28T20:48:30","modified_gmt":"2025-03-28T13:48:30","slug":"dau-dun-nhua-cho-may-in-3d-creality-ender-5-max-brass-nozzle","status":"publish","type":"product","link":"https:\/\/nge.vn\/en\/product\/dau-dun-nhua-cho-may-in-3d-creality-ender-5-max-brass-nozzle\/","title":{"rendered":"\u0110\u1ea7u \u0111\u00f9n nh\u1ef1a cho m\u00e1y in 3d Creality Ender-5 Max Brass Nozzle"},"content":{"rendered":"<p>\u0110\u1ea7u \u0111\u00f9n nh\u1ef1a cho m\u00e1y in 3d Creality Ender-5 Max Brass Nozzle<\/p>\n<p>V\u00f2i phun b\u1eb1ng \u0111\u1ed3ng thau Ender-5 Max<br \/>\n+\u0110\u1ed9 d\u1eabn nhi\u1ec7t cao<br \/>\n+\u0110\u1ed9 c\u1ee9ng cao<br \/>\n+\u00cdt t\u1eafc ngh\u1ebdn<br \/>\n+Kh\u00f4ng r\u00f2 r\u1ec9<\/p>\n<p>_\u0110\u1ed3ng thau cao c\u1ea5p, hi\u1ec7u su\u1ea5t tuy\u1ec7t v\u1eddi<br \/>\n\u0110\u01b0\u1ee3c l\u00e0m b\u1eb1ng \u0111\u1ed3ng thau cao c\u1ea5p c\u00f3 \u0111\u1ed9 d\u1eabn nhi\u1ec7t tuy\u1ec7t v\u1eddi, c\u00f3 \u0111\u1ed9 c\u1ee9ng cao v\u00e0 kh\u1ea3 n\u0103ng ch\u1ed1ng m\u00e0i m\u00f2n \u0111\u01b0\u1ee3c c\u1ea3i thi\u1ec7n, \u0111\u1ea3m b\u1ea3o \u0111\u00f9n \u0111\u1ed3ng \u0111\u1ec1u.<\/p>\n<p>_Ch\u1ecbu \u0111\u01b0\u1ee3c nhi\u1ec7t \u0111\u1ed9 l\u00ean \u0111\u1ebfn 300\u00b0C<br \/>\nN\u00f3 x\u1eed l\u00fd c\u00e1c s\u1ee3i nhi\u1ec7t \u0111\u1ed9 cao m\u1ed9t c\u00e1ch d\u1ec5 d\u00e0ng, cho ph\u00e9p b\u1ea1n in nhi\u1ec1u lo\u1ea1i v\u1eadt li\u1ec7u h\u01a1n m\u1ed9t c\u00e1ch d\u1ec5 d\u00e0ng.<\/p>\n<p>\u00cdt t\u1eafc ngh\u1ebdn h\u01a1n<br \/>\n\u2022 Th\u00e0nh trong c\u1ee7a c\u1ed5ng c\u1ea5p li\u1ec7u nh\u1eb5n<br \/>\n\u2022 \u0110\u1ed9 nh\u00e1m b\u1ec1 m\u1eb7t &lt;0,4<br \/>\n\u2022 \u0110\u1ea3m b\u1ea3o c\u1ea5p li\u1ec7u tr\u01a1n tru h\u01a1n<br \/>\n\u2022 D\u00f2ng ch\u1ea3y li\u1ec1n m\u1ea1ch kh\u00f4ng b\u1ecb t\u1eafc ngh\u1ebdn<br \/>\nKh\u00f4ng r\u00f2 r\u1ec9<br \/>\n\u2022 B\u1ec1 m\u1eb7t ti\u1ebfp x\u00fac ph\u1eb3ng<br \/>\n\u2022 Ho\u00e0n to\u00e0n v\u1eeba v\u1eb7n v\u1edbi \u0111i\u1ec3m ng\u1eaft nhi\u1ec7t<br \/>\n\u2022 Ng\u0103n ng\u1eeba r\u00f2 r\u1ec9 v\u00f2i phun hi\u1ec7u qu\u1ea3<\/p>\n<p>_Kh\u1ea3 n\u0103ng t\u01b0\u01a1ng th\u00edch r\u1ed9ng<br \/>\nC\u00f3 th\u1ec3 s\u1eed d\u1ee5ng \u0111\u1ec3 in h\u1ea7u h\u1ebft c\u00e1c v\u1eadt li\u1ec7u FDM nh\u01b0 PLA, ABS, PETG, TPE, TPU, PC, v.v.<\/p>\n<p>_Product specifications<br \/>\n+T\u00ean s\u1ea3n ph\u1ea9m: V\u00f2i phun b\u1eb1ng \u0111\u1ed3ng thau Ender-5 Max<br \/>\n+\u0110\u01b0\u1eddng k\u00ednh v\u00f2i phun: 0,4mm<br \/>\n+V\u1eadt t\u01b0 ti\u00eau hao \u00e1p d\u1ee5ng: PLA, ABS, PETG, TPE, TPU, PC v\u00e0 h\u1ea7u h\u1ebft c\u00e1c v\u1eadt li\u1ec7u FDM kh\u00e1c<br \/>\nEnder-5Max Brass Nozzle 4004020073<\/p>\n<p>**Vui l\u00f2ng li\u00ean h\u1ec7 tr\u1ef1c ti\u1ebfp shop \u0111\u1ec3 \u0111\u01b0\u1ee3c t\u01b0 v\u1ea5n th\u00eam<br \/>\n0913.939.775 contact A.Quan (for English)<br \/>\n094.144.0951 contact A.Quynh<br \/>\n** Price does not include VAT (+8 or 10% if VAT invoice is issued)<\/p>","protected":false},"excerpt":{"rendered":"<p><strong>\u00cdt t\u1eafc ngh\u1ebdn h\u01a1n<\/strong><br \/>\n\u2022 Th\u00e0nh trong c\u1ee7a c\u1ed5ng c\u1ea5p li\u1ec7u nh\u1eb5n<br \/>\n\u2022 \u0110\u1ed9 nh\u00e1m b\u1ec1 m\u1eb7t &lt;0,4<br \/>\n\u2022 \u0110\u1ea3m b\u1ea3o c\u1ea5p li\u1ec7u tr\u01a1n tru h\u01a1n<br \/>\n\u2022 D\u00f2ng ch\u1ea3y li\u1ec1n m\u1ea1ch kh\u00f4ng b\u1ecb t\u1eafc ngh\u1ebdn<br \/>\n<strong>Kh\u00f4ng r\u00f2 r\u1ec9<\/strong><br \/>\n\u2022 B\u1ec1 m\u1eb7t ti\u1ebfp x\u00fac ph\u1eb3ng<br \/>\n\u2022 Ho\u00e0n to\u00e0n v\u1eeba v\u1eb7n v\u1edbi \u0111i\u1ec3m ng\u1eaft nhi\u1ec7t<br \/>\n\u2022 Ng\u0103n ng\u1eeba r\u00f2 r\u1ec9 v\u00f2i phun hi\u1ec7u qu\u1ea3<\/p>","protected":false},"featured_media":5163,"comment_status":"open","ping_status":"closed","template":"","meta":{"inline_featured_image":false},"product_brand":[],"product_cat":[461,40,56],"product_tag":[545,493,546],"class_list":{"0":"post-5173","1":"product","2":"type-product","3":"status-publish","4":"has-post-thumbnail","6":"product_cat-linh-kien-cum-dun-va-cam-bien","7":"product_cat-linh-kien-va-phu-kien","8":"product_cat-linh-phu-kien-may-in-3d-creality","9":"product_tag-ender-5maxbrassnozzle","10":"product_tag-ender5max","11":"product_tag-nozzle","13":"first","14":"instock","15":"taxable","16":"shipping-taxable","17":"purchasable","18":"product-type-simple"},"yoast_head":"<!-- This site is optimized with the Yoast SEO Premium plugin v22.8 (Yoast SEO v26.9) - https:\/\/yoast.com\/product\/yoast-seo-premium-wordpress\/ -->\n<title>\u0110\u1ea7u \u0111\u00f9n nh\u1ef1a cho m\u00e1y in 3d Creality Ender-5 Max Brass Nozzle - NGE 3D Printers Services<\/title>\n<meta name=\"description\" content=\"\u0110\u1ea7u \u0111\u00f9n nh\u1ef1a cho m\u00e1y in 3d Creality Ender-5 Max Brass Nozzle\" \/>\n<meta name=\"robots\" content=\"index, follow, max-snippet:-1, max-image-preview:large, max-video-preview:-1\" \/>\n<link rel=\"canonical\" href=\"https:\/\/nge.vn\/en\/product\/dau-dun-nhua-cho-may-in-3d-creality-ender-5-max-brass-nozzle\/\" \/>\n<meta property=\"og:locale\" content=\"en_US\" \/>\n<meta property=\"og:type\" content=\"article\" \/>\n<meta property=\"og:title\" content=\"\u0110\u1ea7u \u0111\u00f9n nh\u1ef1a cho m\u00e1y in 3d Creality Ender-5 Max Brass Nozzle\" \/>\n<meta property=\"og:description\" content=\"\u0110\u1ea7u \u0111\u00f9n nh\u1ef1a cho m\u00e1y in 3d Creality Ender-5 Max Brass Nozzle\" \/>\n<meta property=\"og:url\" content=\"https:\/\/nge.vn\/en\/product\/dau-dun-nhua-cho-may-in-3d-creality-ender-5-max-brass-nozzle\/\" \/>\n<meta property=\"og:site_name\" content=\"NGE 3D Printers Services\" \/>\n<meta property=\"article:modified_time\" content=\"2025-03-28T13:48:30+00:00\" \/>\n<meta property=\"og:image\" content=\"https:\/\/nge.vn\/wp-content\/uploads\/2025\/03\/2e8f6436-7f7f-43af-8c32-87e34d6846a4.jpg\" \/>\n\t<meta property=\"og:image:width\" content=\"750\" \/>\n\t<meta property=\"og:image:height\" content=\"857\" \/>\n\t<meta property=\"og:image:type\" content=\"image\/jpeg\" \/>\n<meta name=\"twitter:card\" content=\"summary_large_image\" \/>\n<meta name=\"twitter:label1\" content=\"Est. reading time\" \/>\n\t<meta name=\"twitter:data1\" content=\"2 minutes\" \/>\n<script type=\"application\/ld+json\" class=\"yoast-schema-graph\">{\"@context\":\"https:\/\/schema.org\",\"@graph\":[{\"@type\":\"WebPage\",\"@id\":\"https:\/\/nge.vn\/san-pham\/dau-dun-nhua-cho-may-in-3d-creality-ender-5-max-brass-nozzle\/\",\"url\":\"https:\/\/nge.vn\/san-pham\/dau-dun-nhua-cho-may-in-3d-creality-ender-5-max-brass-nozzle\/\",\"name\":\"\u0110\u1ea7u \u0111\u00f9n nh\u1ef1a cho m\u00e1y in 3d Creality Ender-5 Max Brass Nozzle - NGE 3D Printers Services\",\"isPartOf\":{\"@id\":\"https:\/\/nge.vn\/#website\"},\"primaryImageOfPage\":{\"@id\":\"https:\/\/nge.vn\/san-pham\/dau-dun-nhua-cho-may-in-3d-creality-ender-5-max-brass-nozzle\/#primaryimage\"},\"image\":{\"@id\":\"https:\/\/nge.vn\/san-pham\/dau-dun-nhua-cho-may-in-3d-creality-ender-5-max-brass-nozzle\/#primaryimage\"},\"thumbnailUrl\":\"https:\/\/nge.vn\/wp-content\/uploads\/2025\/03\/2e8f6436-7f7f-43af-8c32-87e34d6846a4.jpg\",\"datePublished\":\"2025-03-28T13:48:29+00:00\",\"dateModified\":\"2025-03-28T13:48:30+00:00\",\"description\":\"\u0110\u1ea7u \u0111\u00f9n nh\u1ef1a cho m\u00e1y in 3d Creality Ender-5 Max Brass Nozzle\",\"breadcrumb\":{\"@id\":\"https:\/\/nge.vn\/san-pham\/dau-dun-nhua-cho-may-in-3d-creality-ender-5-max-brass-nozzle\/#breadcrumb\"},\"inLanguage\":\"en-US\",\"potentialAction\":[{\"@type\":\"ReadAction\",\"target\":[\"https:\/\/nge.vn\/san-pham\/dau-dun-nhua-cho-may-in-3d-creality-ender-5-max-brass-nozzle\/\"]}]},{\"@type\":\"ImageObject\",\"inLanguage\":\"en-US\",\"@id\":\"https:\/\/nge.vn\/san-pham\/dau-dun-nhua-cho-may-in-3d-creality-ender-5-max-brass-nozzle\/#primaryimage\",\"url\":\"https:\/\/nge.vn\/wp-content\/uploads\/2025\/03\/2e8f6436-7f7f-43af-8c32-87e34d6846a4.jpg\",\"contentUrl\":\"https:\/\/nge.vn\/wp-content\/uploads\/2025\/03\/2e8f6436-7f7f-43af-8c32-87e34d6846a4.jpg\",\"width\":750,\"height\":857,\"caption\":\"\u0110\u1ea7u \u0111\u00f9n nh\u1ef1a cho m\u00e1y in 3d Creality Ender-5 Max Brass Nozzle\"},{\"@type\":\"BreadcrumbList\",\"@id\":\"https:\/\/nge.vn\/san-pham\/dau-dun-nhua-cho-may-in-3d-creality-ender-5-max-brass-nozzle\/#breadcrumb\",\"itemListElement\":[{\"@type\":\"ListItem\",\"position\":1,\"name\":\"Trang ch\u1ee7\",\"item\":\"https:\/\/nge.vn\/\"},{\"@type\":\"ListItem\",\"position\":2,\"name\":\"S\u1ea3n ph\u1ea9m\",\"item\":\"https:\/\/nge.vn\/san-pham\/\"},{\"@type\":\"ListItem\",\"position\":3,\"name\":\"\u0110\u1ea7u \u0111\u00f9n nh\u1ef1a cho m\u00e1y in 3d Creality Ender-5 Max Brass Nozzle\"}]},{\"@type\":\"WebSite\",\"@id\":\"https:\/\/nge.vn\/#website\",\"url\":\"https:\/\/nge.vn\/\",\"name\":\"NGE 3D Printers Services\",\"description\":\"\",\"potentialAction\":[{\"@type\":\"SearchAction\",\"target\":{\"@type\":\"EntryPoint\",\"urlTemplate\":\"https:\/\/nge.vn\/?s={search_term_string}\"},\"query-input\":{\"@type\":\"PropertyValueSpecification\",\"valueRequired\":true,\"valueName\":\"search_term_string\"}}],\"inLanguage\":\"en-US\"}]}<\/script>\n<!-- \/ Yoast SEO Premium plugin. -->","yoast_head_json":{"title":"\u0110\u1ea7u \u0111\u00f9n nh\u1ef1a cho m\u00e1y in 3d Creality Ender-5 Max Brass Nozzle - NGE 3D Printers Services","description":"\u0110\u1ea7u \u0111\u00f9n nh\u1ef1a cho m\u00e1y in 3d Creality Ender-5 Max Brass Nozzle","robots":{"index":"index","follow":"follow","max-snippet":"max-snippet:-1","max-image-preview":"max-image-preview:large","max-video-preview":"max-video-preview:-1"},"canonical":"https:\/\/nge.vn\/en\/product\/dau-dun-nhua-cho-may-in-3d-creality-ender-5-max-brass-nozzle\/","og_locale":"en_US","og_type":"article","og_title":"\u0110\u1ea7u \u0111\u00f9n nh\u1ef1a cho m\u00e1y in 3d Creality Ender-5 Max Brass Nozzle","og_description":"\u0110\u1ea7u \u0111\u00f9n nh\u1ef1a cho m\u00e1y in 3d Creality Ender-5 Max Brass Nozzle","og_url":"https:\/\/nge.vn\/en\/product\/dau-dun-nhua-cho-may-in-3d-creality-ender-5-max-brass-nozzle\/","og_site_name":"NGE 3D Printers Services","article_modified_time":"2025-03-28T13:48:30+00:00","og_image":[{"width":750,"height":857,"url":"https:\/\/nge.vn\/wp-content\/uploads\/2025\/03\/2e8f6436-7f7f-43af-8c32-87e34d6846a4.jpg","type":"image\/jpeg"}],"twitter_card":"summary_large_image","twitter_misc":{"Est. reading time":"2 minutes"},"schema":{"@context":"https:\/\/schema.org","@graph":[{"@type":"WebPage","@id":"https:\/\/nge.vn\/san-pham\/dau-dun-nhua-cho-may-in-3d-creality-ender-5-max-brass-nozzle\/","url":"https:\/\/nge.vn\/san-pham\/dau-dun-nhua-cho-may-in-3d-creality-ender-5-max-brass-nozzle\/","name":"\u0110\u1ea7u \u0111\u00f9n nh\u1ef1a cho m\u00e1y in 3d Creality Ender-5 Max Brass Nozzle - NGE 3D Printers Services","isPartOf":{"@id":"https:\/\/nge.vn\/#website"},"primaryImageOfPage":{"@id":"https:\/\/nge.vn\/san-pham\/dau-dun-nhua-cho-may-in-3d-creality-ender-5-max-brass-nozzle\/#primaryimage"},"image":{"@id":"https:\/\/nge.vn\/san-pham\/dau-dun-nhua-cho-may-in-3d-creality-ender-5-max-brass-nozzle\/#primaryimage"},"thumbnailUrl":"https:\/\/nge.vn\/wp-content\/uploads\/2025\/03\/2e8f6436-7f7f-43af-8c32-87e34d6846a4.jpg","datePublished":"2025-03-28T13:48:29+00:00","dateModified":"2025-03-28T13:48:30+00:00","description":"\u0110\u1ea7u \u0111\u00f9n nh\u1ef1a cho m\u00e1y in 3d Creality Ender-5 Max Brass Nozzle","breadcrumb":{"@id":"https:\/\/nge.vn\/san-pham\/dau-dun-nhua-cho-may-in-3d-creality-ender-5-max-brass-nozzle\/#breadcrumb"},"inLanguage":"en-US","potentialAction":[{"@type":"ReadAction","target":["https:\/\/nge.vn\/san-pham\/dau-dun-nhua-cho-may-in-3d-creality-ender-5-max-brass-nozzle\/"]}]},{"@type":"ImageObject","inLanguage":"en-US","@id":"https:\/\/nge.vn\/san-pham\/dau-dun-nhua-cho-may-in-3d-creality-ender-5-max-brass-nozzle\/#primaryimage","url":"https:\/\/nge.vn\/wp-content\/uploads\/2025\/03\/2e8f6436-7f7f-43af-8c32-87e34d6846a4.jpg","contentUrl":"https:\/\/nge.vn\/wp-content\/uploads\/2025\/03\/2e8f6436-7f7f-43af-8c32-87e34d6846a4.jpg","width":750,"height":857,"caption":"\u0110\u1ea7u \u0111\u00f9n nh\u1ef1a cho m\u00e1y in 3d Creality Ender-5 Max Brass Nozzle"},{"@type":"BreadcrumbList","@id":"https:\/\/nge.vn\/san-pham\/dau-dun-nhua-cho-may-in-3d-creality-ender-5-max-brass-nozzle\/#breadcrumb","itemListElement":[{"@type":"ListItem","position":1,"name":"Trang ch\u1ee7","item":"https:\/\/nge.vn\/"},{"@type":"ListItem","position":2,"name":"S\u1ea3n ph\u1ea9m","item":"https:\/\/nge.vn\/san-pham\/"},{"@type":"ListItem","position":3,"name":"\u0110\u1ea7u \u0111\u00f9n nh\u1ef1a cho m\u00e1y in 3d Creality Ender-5 Max Brass Nozzle"}]},{"@type":"WebSite","@id":"https:\/\/nge.vn\/#website","url":"https:\/\/nge.vn\/","name":"NGE 3D Printers Services","description":"","potentialAction":[{"@type":"SearchAction","target":{"@type":"EntryPoint","urlTemplate":"https:\/\/nge.vn\/?s={search_term_string}"},"query-input":{"@type":"PropertyValueSpecification","valueRequired":true,"valueName":"search_term_string"}}],"inLanguage":"en-US"}]}},"_links":{"self":[{"href":"https:\/\/nge.vn\/en\/wp-json\/wp\/v2\/product\/5173","targetHints":{"allow":["GET"]}}],"collection":[{"href":"https:\/\/nge.vn\/en\/wp-json\/wp\/v2\/product"}],"about":[{"href":"https:\/\/nge.vn\/en\/wp-json\/wp\/v2\/types\/product"}],"replies":[{"embeddable":true,"href":"https:\/\/nge.vn\/en\/wp-json\/wp\/v2\/comments?post=5173"}],"wp:featuredmedia":[{"embeddable":true,"href":"https:\/\/nge.vn\/en\/wp-json\/wp\/v2\/media\/5163"}],"wp:attachment":[{"href":"https:\/\/nge.vn\/en\/wp-json\/wp\/v2\/media?parent=5173"}],"wp:term":[{"taxonomy":"product_brand","embeddable":true,"href":"https:\/\/nge.vn\/en\/wp-json\/wp\/v2\/product_brand?post=5173"},{"taxonomy":"product_cat","embeddable":true,"href":"https:\/\/nge.vn\/en\/wp-json\/wp\/v2\/product_cat?post=5173"},{"taxonomy":"product_tag","embeddable":true,"href":"https:\/\/nge.vn\/en\/wp-json\/wp\/v2\/product_tag?post=5173"}],"curies":[{"name":"wp","href":"https:\/\/api.w.org\/{rel}","templated":true}]}}