{"id":5148,"date":"2025-03-28T19:28:17","date_gmt":"2025-03-28T12:28:17","guid":{"rendered":"https:\/\/nge.vn\/?post_type=product&#038;p=5148"},"modified":"2025-11-21T09:55:15","modified_gmt":"2025-11-21T02:55:15","slug":"bo-dau-dun-gom-cho-may-in-3d-creality-k2-plus-ceramic-heating-block-kit","status":"publish","type":"product","link":"https:\/\/nge.vn\/en\/product\/bo-dau-dun-gom-cho-may-in-3d-creality-k2-plus-ceramic-heating-block-kit\/","title":{"rendered":"B\u1ed9 \u0111\u1ea7u \u0111\u00f9n g\u1ed1m cho m\u00e1y in 3d Creality K2 Plus Ceramic Heating Block Kit"},"content":{"rendered":"<h2 style=\"text-align: center;\"><strong>B\u1ed9 \u0111\u1ea7u \u0111\u00f9n g\u1ed1m cho m\u00e1y in 3d Creality K2 Plus Ceramic Heating Block Kit<\/strong><\/h2>\n<p>_B\u1ed9 kh\u1ed1i s\u01b0\u1edfi g\u1ed1m K2 PLUS<br \/>\n+\u0110\u1ed9 d\u1eabn nhi\u1ec7t cao<br \/>\n+\u0110\u1ea7u phun thay \u0111\u1ed5i nhanh<br \/>\n+Ch\u1ecbu nhi\u1ec7t \u0111\u1ed9 cao 350\u00b0C<\/p>\n<p>_S\u01b0\u1edfi \u1ea5m \u0111\u1ed3ng \u0111\u1ec1u c\u00f3 \u0111\u1ed9 d\u1eabn nhi\u1ec7t cao<br \/>\nL\u00f2 s\u01b0\u1edfi g\u1ed1m bao quanh 360\u00b0 c\u1ea3i thi\u1ec7n hi\u1ec7u qu\u1ea3 s\u01b0\u1edfi \u1ea5m, s\u01b0\u1edfi \u1ea5m \u0111\u1ed3ng \u0111\u1ec1u h\u01a1n v\u00e0 truy\u1ec1n nhi\u1ec7t nhanh h\u01a1n.<\/p>\n<p>_Thi\u1ebft k\u1ebf t\u00edch h\u1ee3p ho\u00e0n to\u00e0n b\u1eb1ng kim lo\u1ea1i \u0111\u1ec3 l\u1eafp r\u00e1p v\u00e0 th\u00e1o g\u1ee1 nhanh ch\u00f3ng<br \/>\nV\u00f2i phun v\u00e0 b\u1ed9 ng\u1eaft nhi\u1ec7t s\u1eed d\u1ee5ng thi\u1ebft k\u1ebf t\u00edch h\u1ee3p ho\u00e0n to\u00e0n b\u1eb1ng kim lo\u1ea1i, gi\u00fap th\u00e1o g\u1ee1 nhanh ch\u00f3ng v\u00e0 thay th\u1ebf thu\u1eadn ti\u1ec7n<\/p>\n<p>_V\u1eadt li\u1ec7u n\u00e2ng c\u1ea5p, ch\u1ecbu nhi\u1ec7t \u0111\u1ed9 cao 350\u00b0C v\u00e0 th\u00edch h\u1ee3p in nhi\u1ec1u lo\u1ea1i s\u1ee3i<br \/>\nB\u1ed9 ph\u1eadn t\u1ea3n nhi\u1ec7t \u0111\u01b0\u1ee3c l\u00e0m b\u1eb1ng h\u1ee3p kim titan, l\u00e0m gi\u1ea3m s\u1ef1 d\u1eabn nhi\u1ec7t. \u0110\u1ea7u phun \u0111\u01b0\u1ee3c l\u00e0m b\u1eb1ng h\u1ee3p kim \u0111\u1ed3ng v\u00e0 th\u00e9p c\u1ee9ng, h\u1ed7 tr\u1ee3 in c\u00e1c lo\u1ea1i s\u1ee3i kh\u00e1c nhau nh\u01b0<br \/>\nPLA, ABS, PETG, TPU, PP, PC, PLA-CF, PA-CF, PET-CF<br \/>\n*\u0110\u1ea7u v\u00f2i \u0111\u01b0\u1ee3c l\u00e0m b\u1eb1ng v\u1eadt li\u1ec7u th\u00e9p c\u1ee9ng (SKD11), c\u00f3 \u0111\u1ed9 c\u1ee9ng Moh l\u00e0 7,8, mang l\u1ea1i tu\u1ed5i th\u1ecd g\u1ea5p s\u00e1u l\u1ea7n<br \/>\n*H\u1ee3p kim \u0111\u1ed3ng c\u00f3 h\u1ec7 s\u1ed1 d\u1eabn nhi\u1ec7t 330 W\/m K \u0111\u1ea3m b\u1ea3o truy\u1ec1n nhi\u1ec7t \u0111\u1ec1u<\/p>\n<p>_Tay ngh\u1ec1 ch\u00ednh x\u00e1c, \u0111\u01b0\u1ee3c ch\u1ebf t\u00e1c b\u1eb1ng s\u1ef1 kh\u00e9o l\u00e9o<br \/>\n+T\u01b0\u1eddng trong m\u1ecbn: kh\u00f4ng b\u1ecb t\u1eafc ngh\u1ebdn \u0110\u1ed9 nh\u00e1m c\u1ee7a l\u1ed7 b\u00ean trong Ra &lt; 0,4, \u0111\u1ea3m b\u1ea3o c\u1ea5p s\u1ee3i tr\u01a1n tru<br \/>\n+Gia c\u00f4ng ch\u00ednh x\u00e1c: tay ngh\u1ec1 ho\u00e0n h\u1ea3o Kh\u00f4ng c\u00f3 g\u1edd \u1edf ph\u1ea7n m\u1edf, in \u1ea5n \u1ed5n \u0111\u1ecbnh v\u00e0 gi\u1ea3m t\u1eafc ngh\u1ebdn<br \/>\n+\u00d4m s\u00e1t: kh\u00f4ng r\u00f2 r\u1ec9 C\u00e1c kh\u1edbp n\u1ed1i v\u1eeba kh\u00edt ng\u0103n ch\u1eb7n hi\u1ec7u qu\u1ea3 s\u1ef1 r\u00f2 r\u1ec9 d\u00e2y t\u00f3c trong qu\u00e1 tr\u00ecnh in<\/p>\n<p>_Tr\u01b0ng b\u00e0y s\u1ea3n ph\u1ea9m<br \/>\n+\u0110\u1ea7u phun: 0.4mm*1<br \/>\n+Tr\u1ecdng l\u01b0\u1ee3ng: 45g<br \/>\n+Tr\u1ecdng l\u01b0\u1ee3ng g\u00f3i h\u00e0ng: 67g<br \/>\n+C\u00f4ng su\u1ea5t l\u00e0m n\u00f3ng g\u1ed1m: 100W<br \/>\n+\u0110\u01b0\u1eddng k\u00ednh d\u00e2y t\u00f3c \u0111\u1ee1: 01,75\u00b10,05mm<br \/>\n+C\u00e1c lo\u1ea1i s\u1ee3i t\u01b0\u01a1ng th\u00edch: PLA, ABS, PETG, TPU, PP, PC, PLA-CF, PA-CF, PET-CF,..<\/p>\n<p>+K2 Plus Ceramic Heating Block: 4001030145<\/p>\n<p>**Vui l\u00f2ng li\u00ean h\u1ec7 tr\u1ef1c ti\u1ebfp shop \u0111\u1ec3 \u0111\u01b0\u1ee3c t\u01b0 v\u1ea5n th\u00eam<br \/>\n0913.939.775 contact A.Quan (for English)<br \/>\n094.144.0951 contact A.Quynh<br \/>\n** Price does not include VAT (+8 or 10% if VAT invoice is issued)<\/p>","protected":false},"excerpt":{"rendered":"<p>B\u1ed9 \u0111\u1ea7u \u0111\u00f9n g\u1ed1m cho m\u00e1y in 3d Creality K2 Plus Ceramic Heating Block Kit _B\u1ed9 kh\u1ed1i s\u01b0\u1edfi g\u1ed1m K2 PLUS +\u0110\u1ed9 d\u1eabn nhi\u1ec7t cao +\u0110\u1ea7u phun thay \u0111\u1ed5i nhanh +Ch\u1ecbu nhi\u1ec7t \u0111\u1ed9 cao 350\u00b0C _S\u01b0\u1edfi \u1ea5m \u0111\u1ed3ng \u0111\u1ec1u c\u00f3 \u0111\u1ed9 d\u1eabn nhi\u1ec7t cao L\u00f2 s\u01b0\u1edfi g\u1ed1m bao quanh 360\u00b0 c\u1ea3i thi\u1ec7n hi\u1ec7u qu\u1ea3 s\u01b0\u1edfi&#8230;<\/p>","protected":false},"featured_media":5149,"comment_status":"open","ping_status":"closed","template":"","meta":{"inline_featured_image":false},"product_brand":[],"product_cat":[461,40,56],"product_tag":[520,501,544,503],"class_list":{"0":"post-5148","1":"product","2":"type-product","3":"status-publish","4":"has-post-thumbnail","6":"product_cat-linh-kien-cum-dun-va-cam-bien","7":"product_cat-linh-kien-va-phu-kien","8":"product_cat-linh-phu-kien-may-in-3d-creality","9":"product_tag-ceramicheatingblockkit","10":"product_tag-k2plus","11":"product_tag-k2plusceramicheatingblockkit","12":"product_tag-k2pluscombo","14":"first","15":"instock","16":"sale","17":"taxable","18":"shipping-taxable","19":"purchasable","20":"product-type-simple"},"yoast_head":"<!-- This site is optimized with the Yoast SEO Premium plugin v22.8 (Yoast SEO v26.9) - https:\/\/yoast.com\/product\/yoast-seo-premium-wordpress\/ -->\n<title>B\u1ed9 \u0111\u1ea7u \u0111\u00f9n g\u1ed1m cho m\u00e1y in 3d Creality K2 Plus Ceramic Heating Block Kit - NGE 3D Printers Services<\/title>\n<meta name=\"description\" content=\"B\u1ed9 \u0111\u1ea7u \u0111\u00f9n g\u1ed1m cho m\u00e1y in 3d Creality K2 Plus Ceramic Heating Block Kit\" \/>\n<meta name=\"robots\" content=\"index, follow, max-snippet:-1, max-image-preview:large, max-video-preview:-1\" \/>\n<link rel=\"canonical\" href=\"https:\/\/nge.vn\/en\/product\/bo-dau-dun-gom-cho-may-in-3d-creality-k2-plus-ceramic-heating-block-kit\/\" \/>\n<meta property=\"og:locale\" content=\"en_US\" \/>\n<meta property=\"og:type\" content=\"article\" \/>\n<meta property=\"og:title\" content=\"B\u1ed9 \u0111\u1ea7u \u0111\u00f9n g\u1ed1m cho m\u00e1y in 3d Creality K2 Plus Ceramic Heating Block Kit\" \/>\n<meta property=\"og:description\" content=\"B\u1ed9 \u0111\u1ea7u \u0111\u00f9n g\u1ed1m cho m\u00e1y in 3d Creality K2 Plus Ceramic Heating Block Kit\" \/>\n<meta property=\"og:url\" content=\"https:\/\/nge.vn\/en\/product\/bo-dau-dun-gom-cho-may-in-3d-creality-k2-plus-ceramic-heating-block-kit\/\" \/>\n<meta property=\"og:site_name\" content=\"NGE 3D Printers Services\" \/>\n<meta property=\"article:modified_time\" content=\"2025-11-21T02:55:15+00:00\" \/>\n<meta property=\"og:image\" content=\"https:\/\/nge.vn\/wp-content\/uploads\/2025\/03\/4cf06500-2e22-4712-b4ad-6cfefcc2e077.jpg\" \/>\n\t<meta property=\"og:image:width\" content=\"750\" \/>\n\t<meta property=\"og:image:height\" content=\"957\" \/>\n\t<meta property=\"og:image:type\" content=\"image\/jpeg\" \/>\n<meta name=\"twitter:card\" content=\"summary_large_image\" \/>\n<meta name=\"twitter:label1\" content=\"Est. reading time\" \/>\n\t<meta name=\"twitter:data1\" content=\"3 minutes\" \/>\n<script type=\"application\/ld+json\" class=\"yoast-schema-graph\">{\"@context\":\"https:\/\/schema.org\",\"@graph\":[{\"@type\":\"WebPage\",\"@id\":\"https:\/\/nge.vn\/san-pham\/bo-dau-dun-gom-cho-may-in-3d-creality-k2-plus-ceramic-heating-block-kit\/\",\"url\":\"https:\/\/nge.vn\/san-pham\/bo-dau-dun-gom-cho-may-in-3d-creality-k2-plus-ceramic-heating-block-kit\/\",\"name\":\"B\u1ed9 \u0111\u1ea7u \u0111\u00f9n g\u1ed1m cho m\u00e1y in 3d Creality K2 Plus Ceramic Heating Block Kit - NGE 3D Printers Services\",\"isPartOf\":{\"@id\":\"https:\/\/nge.vn\/#website\"},\"primaryImageOfPage\":{\"@id\":\"https:\/\/nge.vn\/san-pham\/bo-dau-dun-gom-cho-may-in-3d-creality-k2-plus-ceramic-heating-block-kit\/#primaryimage\"},\"image\":{\"@id\":\"https:\/\/nge.vn\/san-pham\/bo-dau-dun-gom-cho-may-in-3d-creality-k2-plus-ceramic-heating-block-kit\/#primaryimage\"},\"thumbnailUrl\":\"https:\/\/nge.vn\/wp-content\/uploads\/2025\/03\/4cf06500-2e22-4712-b4ad-6cfefcc2e077.jpg\",\"datePublished\":\"2025-03-28T12:28:17+00:00\",\"dateModified\":\"2025-11-21T02:55:15+00:00\",\"description\":\"B\u1ed9 \u0111\u1ea7u \u0111\u00f9n g\u1ed1m cho m\u00e1y in 3d Creality K2 Plus Ceramic Heating Block Kit\",\"breadcrumb\":{\"@id\":\"https:\/\/nge.vn\/san-pham\/bo-dau-dun-gom-cho-may-in-3d-creality-k2-plus-ceramic-heating-block-kit\/#breadcrumb\"},\"inLanguage\":\"en-US\",\"potentialAction\":[{\"@type\":\"ReadAction\",\"target\":[\"https:\/\/nge.vn\/san-pham\/bo-dau-dun-gom-cho-may-in-3d-creality-k2-plus-ceramic-heating-block-kit\/\"]}]},{\"@type\":\"ImageObject\",\"inLanguage\":\"en-US\",\"@id\":\"https:\/\/nge.vn\/san-pham\/bo-dau-dun-gom-cho-may-in-3d-creality-k2-plus-ceramic-heating-block-kit\/#primaryimage\",\"url\":\"https:\/\/nge.vn\/wp-content\/uploads\/2025\/03\/4cf06500-2e22-4712-b4ad-6cfefcc2e077.jpg\",\"contentUrl\":\"https:\/\/nge.vn\/wp-content\/uploads\/2025\/03\/4cf06500-2e22-4712-b4ad-6cfefcc2e077.jpg\",\"width\":750,\"height\":957,\"caption\":\"B\u1ed9 \u0111\u1ea7u \u0111\u00f9n g\u1ed1m cho m\u00e1y in 3d Creality K2 Plus Ceramic Heating Block Kit\"},{\"@type\":\"BreadcrumbList\",\"@id\":\"https:\/\/nge.vn\/san-pham\/bo-dau-dun-gom-cho-may-in-3d-creality-k2-plus-ceramic-heating-block-kit\/#breadcrumb\",\"itemListElement\":[{\"@type\":\"ListItem\",\"position\":1,\"name\":\"Trang ch\u1ee7\",\"item\":\"https:\/\/nge.vn\/\"},{\"@type\":\"ListItem\",\"position\":2,\"name\":\"S\u1ea3n ph\u1ea9m\",\"item\":\"https:\/\/nge.vn\/san-pham\/\"},{\"@type\":\"ListItem\",\"position\":3,\"name\":\"B\u1ed9 \u0111\u1ea7u \u0111\u00f9n g\u1ed1m cho m\u00e1y in 3d Creality K2 Plus Ceramic Heating Block Kit\"}]},{\"@type\":\"WebSite\",\"@id\":\"https:\/\/nge.vn\/#website\",\"url\":\"https:\/\/nge.vn\/\",\"name\":\"NGE 3D Printers Services\",\"description\":\"\",\"potentialAction\":[{\"@type\":\"SearchAction\",\"target\":{\"@type\":\"EntryPoint\",\"urlTemplate\":\"https:\/\/nge.vn\/?s={search_term_string}\"},\"query-input\":{\"@type\":\"PropertyValueSpecification\",\"valueRequired\":true,\"valueName\":\"search_term_string\"}}],\"inLanguage\":\"en-US\"}]}<\/script>\n<!-- \/ Yoast SEO Premium plugin. -->","yoast_head_json":{"title":"B\u1ed9 \u0111\u1ea7u \u0111\u00f9n g\u1ed1m cho m\u00e1y in 3d Creality K2 Plus Ceramic Heating Block Kit - NGE 3D Printers Services","description":"B\u1ed9 \u0111\u1ea7u \u0111\u00f9n g\u1ed1m cho m\u00e1y in 3d Creality K2 Plus Ceramic Heating Block Kit","robots":{"index":"index","follow":"follow","max-snippet":"max-snippet:-1","max-image-preview":"max-image-preview:large","max-video-preview":"max-video-preview:-1"},"canonical":"https:\/\/nge.vn\/en\/product\/bo-dau-dun-gom-cho-may-in-3d-creality-k2-plus-ceramic-heating-block-kit\/","og_locale":"en_US","og_type":"article","og_title":"B\u1ed9 \u0111\u1ea7u \u0111\u00f9n g\u1ed1m cho m\u00e1y in 3d Creality K2 Plus Ceramic Heating Block Kit","og_description":"B\u1ed9 \u0111\u1ea7u \u0111\u00f9n g\u1ed1m cho m\u00e1y in 3d Creality K2 Plus Ceramic Heating Block Kit","og_url":"https:\/\/nge.vn\/en\/product\/bo-dau-dun-gom-cho-may-in-3d-creality-k2-plus-ceramic-heating-block-kit\/","og_site_name":"NGE 3D Printers Services","article_modified_time":"2025-11-21T02:55:15+00:00","og_image":[{"width":750,"height":957,"url":"https:\/\/nge.vn\/wp-content\/uploads\/2025\/03\/4cf06500-2e22-4712-b4ad-6cfefcc2e077.jpg","type":"image\/jpeg"}],"twitter_card":"summary_large_image","twitter_misc":{"Est. reading time":"3 minutes"},"schema":{"@context":"https:\/\/schema.org","@graph":[{"@type":"WebPage","@id":"https:\/\/nge.vn\/san-pham\/bo-dau-dun-gom-cho-may-in-3d-creality-k2-plus-ceramic-heating-block-kit\/","url":"https:\/\/nge.vn\/san-pham\/bo-dau-dun-gom-cho-may-in-3d-creality-k2-plus-ceramic-heating-block-kit\/","name":"B\u1ed9 \u0111\u1ea7u \u0111\u00f9n g\u1ed1m cho m\u00e1y in 3d Creality K2 Plus Ceramic Heating Block Kit - NGE 3D Printers Services","isPartOf":{"@id":"https:\/\/nge.vn\/#website"},"primaryImageOfPage":{"@id":"https:\/\/nge.vn\/san-pham\/bo-dau-dun-gom-cho-may-in-3d-creality-k2-plus-ceramic-heating-block-kit\/#primaryimage"},"image":{"@id":"https:\/\/nge.vn\/san-pham\/bo-dau-dun-gom-cho-may-in-3d-creality-k2-plus-ceramic-heating-block-kit\/#primaryimage"},"thumbnailUrl":"https:\/\/nge.vn\/wp-content\/uploads\/2025\/03\/4cf06500-2e22-4712-b4ad-6cfefcc2e077.jpg","datePublished":"2025-03-28T12:28:17+00:00","dateModified":"2025-11-21T02:55:15+00:00","description":"B\u1ed9 \u0111\u1ea7u \u0111\u00f9n g\u1ed1m cho m\u00e1y in 3d Creality K2 Plus Ceramic Heating Block Kit","breadcrumb":{"@id":"https:\/\/nge.vn\/san-pham\/bo-dau-dun-gom-cho-may-in-3d-creality-k2-plus-ceramic-heating-block-kit\/#breadcrumb"},"inLanguage":"en-US","potentialAction":[{"@type":"ReadAction","target":["https:\/\/nge.vn\/san-pham\/bo-dau-dun-gom-cho-may-in-3d-creality-k2-plus-ceramic-heating-block-kit\/"]}]},{"@type":"ImageObject","inLanguage":"en-US","@id":"https:\/\/nge.vn\/san-pham\/bo-dau-dun-gom-cho-may-in-3d-creality-k2-plus-ceramic-heating-block-kit\/#primaryimage","url":"https:\/\/nge.vn\/wp-content\/uploads\/2025\/03\/4cf06500-2e22-4712-b4ad-6cfefcc2e077.jpg","contentUrl":"https:\/\/nge.vn\/wp-content\/uploads\/2025\/03\/4cf06500-2e22-4712-b4ad-6cfefcc2e077.jpg","width":750,"height":957,"caption":"B\u1ed9 \u0111\u1ea7u \u0111\u00f9n g\u1ed1m cho m\u00e1y in 3d Creality K2 Plus Ceramic Heating Block Kit"},{"@type":"BreadcrumbList","@id":"https:\/\/nge.vn\/san-pham\/bo-dau-dun-gom-cho-may-in-3d-creality-k2-plus-ceramic-heating-block-kit\/#breadcrumb","itemListElement":[{"@type":"ListItem","position":1,"name":"Trang ch\u1ee7","item":"https:\/\/nge.vn\/"},{"@type":"ListItem","position":2,"name":"S\u1ea3n ph\u1ea9m","item":"https:\/\/nge.vn\/san-pham\/"},{"@type":"ListItem","position":3,"name":"B\u1ed9 \u0111\u1ea7u \u0111\u00f9n g\u1ed1m cho m\u00e1y in 3d Creality K2 Plus Ceramic Heating Block Kit"}]},{"@type":"WebSite","@id":"https:\/\/nge.vn\/#website","url":"https:\/\/nge.vn\/","name":"NGE 3D Printers Services","description":"","potentialAction":[{"@type":"SearchAction","target":{"@type":"EntryPoint","urlTemplate":"https:\/\/nge.vn\/?s={search_term_string}"},"query-input":{"@type":"PropertyValueSpecification","valueRequired":true,"valueName":"search_term_string"}}],"inLanguage":"en-US"}]}},"_links":{"self":[{"href":"https:\/\/nge.vn\/en\/wp-json\/wp\/v2\/product\/5148","targetHints":{"allow":["GET"]}}],"collection":[{"href":"https:\/\/nge.vn\/en\/wp-json\/wp\/v2\/product"}],"about":[{"href":"https:\/\/nge.vn\/en\/wp-json\/wp\/v2\/types\/product"}],"replies":[{"embeddable":true,"href":"https:\/\/nge.vn\/en\/wp-json\/wp\/v2\/comments?post=5148"}],"wp:featuredmedia":[{"embeddable":true,"href":"https:\/\/nge.vn\/en\/wp-json\/wp\/v2\/media\/5149"}],"wp:attachment":[{"href":"https:\/\/nge.vn\/en\/wp-json\/wp\/v2\/media?parent=5148"}],"wp:term":[{"taxonomy":"product_brand","embeddable":true,"href":"https:\/\/nge.vn\/en\/wp-json\/wp\/v2\/product_brand?post=5148"},{"taxonomy":"product_cat","embeddable":true,"href":"https:\/\/nge.vn\/en\/wp-json\/wp\/v2\/product_cat?post=5148"},{"taxonomy":"product_tag","embeddable":true,"href":"https:\/\/nge.vn\/en\/wp-json\/wp\/v2\/product_tag?post=5148"}],"curies":[{"name":"wp","href":"https:\/\/api.w.org\/{rel}","templated":true}]}}