{"id":5078,"date":"2025-03-24T19:11:46","date_gmt":"2025-03-24T12:11:46","guid":{"rendered":"https:\/\/nge.vn\/?post_type=product&#038;p=5078"},"modified":"2025-04-11T11:33:22","modified_gmt":"2025-04-11T04:33:22","slug":"soi-nhua-in-3d-ky-thuat-co-do-ben-cao-creality-cr-abs-filament-1-0kg-1-75mm","status":"publish","type":"product","link":"https:\/\/nge.vn\/en\/product\/soi-nhua-in-3d-ky-thuat-co-do-ben-cao-creality-cr-abs-filament-1-0kg-1-75mm\/","title":{"rendered":"S\u1ee3i nh\u1ef1a in 3d k\u1ef9 thu\u1eadt c\u00f3 \u0111\u1ed9 b\u1ec1n cao Creality CR-ABS Filament 1.0Kg 1.75mm"},"content":{"rendered":"<p>S\u1ee3i nh\u1ef1a in 3d k\u1ef9 thu\u1eadt c\u00f3 \u0111\u1ed9 b\u1ec1n cao Creality CR-ABS Filament 1.0Kg 1.75mm<br \/>\n_S\u1ee3i nh\u1ef1a k\u1ef9 thu\u1eadt c\u00f3 \u0111\u1ed9 b\u1ec1n cao<br \/>\nM\u1ed9t lo\u1ea1i nh\u1ef1a k\u1ef9 thu\u1eadt nhi\u1ec7t d\u1ebbo \u0111\u01b0\u1ee3c s\u1eed d\u1ee5ng r\u1ed9ng r\u00e3i<br \/>\n+K\u1ebft qu\u1ea3 in \u1ea5n t\u1ed1t<br \/>\n+Kh\u00f4ng \u0111\u1ed9c h\u1ea1i<br \/>\n+C\u1ee9ng r\u1eafn<br \/>\n+\u1ed4n \u0111\u1ecbnh k\u00edch th\u01b0\u1edbc<br \/>\n+Ch\u1ed1ng m\u00e0i m\u00f2n, ch\u1ecbu va \u0111\u1eadp cao<\/p>\n<p>_K\u1ebft qu\u1ea3 in \u1ea5n t\u1ed1t<br \/>\n_Kh\u00f4ng \u0111\u1ed9c h\u1ea1i<br \/>\n_D\u1ebbo v\u00e0 c\u1ee9ng \u0110\u1ed9 b\u1ec1n va \u0111\u1eadp cao<br \/>\n_T\u00ednh l\u01b0u \u0111\u1ed9ng t\u1ed1t<br \/>\n_T\u00ednh \u1ed5n \u0111\u1ecbnh cao<\/p>\n<p>_K\u1ebft qu\u1ea3 in \u1ea5n t\u1ed1t<br \/>\nSo v\u1edbi ABS th\u00f4ng th\u01b0\u1eddng, vi\u1ec7c in c\u00e1c v\u1eadt th\u1ec3 l\u1edbn c\u00f3 c\u1ea1nh v\u00e0 g\u00f3c, t\u00e1ch l\u1edbp, cong v\u00eanh, t\u00e1ch v\u00e0 c\u00e1c hi\u1ec7n t\u01b0\u1ee3ng kh\u00e1c r\u00f5 r\u00e0ng \u0111\u01b0\u1ee3c c\u1ea3i thi\u1ec7n, gi\u1ea3i ph\u00e1p c\u00f3 t\u00ednh l\u01b0u lo\u00e1t m\u1ea1nh m\u1ebd v\u00e0 qu\u00e1 tr\u00ecnh in tr\u01a1n tru.<\/p>\n<p>_Kh\u00f4ng \u0111\u1ed9c h\u1ea1i<br \/>\nTrong qu\u00e1 tr\u00ecnh in m\u00f4 h\u00ecnh, kh\u00f4ng ph\u00e1t th\u1ea3i ch\u1ea5t \u0111\u1ed9c h\u1ea1i, an to\u00e0n v\u00e0 kh\u00f4ng \u0111\u1ed9c h\u1ea1i.<br \/>\nS\u1ee9c kh\u1ecfe, b\u1ea3o v\u1ec7 m\u00f4i tr\u01b0\u1eddng, kh\u00f4ng \u0111\u1ed9c h\u1ea1i v\u00e0 kh\u00f4ng \u00f4 nhi\u1ec5m<\/p>\n<p>_Th\u1ec3 ch\u1ea5t t\u1ed1t<br \/>\nDai, c\u1ee9ng, c\u1ee9ng ch\u1eafc, kh\u00f4ng b\u1ecb t\u00e1ch l\u1edbp hay cong v\u00eanh.<\/p>\n<p>_T\u00ednh \u1ed5n \u0111\u1ecbnh cao<br \/>\nKh\u1ea3 n\u0103ng ch\u1ed1ng m\u00e0i m\u00f2n v\u00e0 \u0103n m\u00f2n tuy\u1ec7t v\u1eddi, \u1ed5n \u0111\u1ecbnh k\u00edch th\u01b0\u1edbc t\u1ed1t<\/p>\n<p>_Th\u00eam m\u00e0u s\u1eafc \u0111\u1ec3 x\u00e2y d\u1ef1ng th\u1ebf gi\u1edbi \u0111a s\u1eafc m\u00e0u in 3D<br \/>\nCh\u00fang t\u00f4i cung c\u1ea5p 10 m\u00e0u th\u01b0\u1eddng \u0111\u01b0\u1ee3c s\u1eed d\u1ee5ng v\u00e0 lu\u00f4n c\u00f3 m\u1ed9t m\u00e0u d\u00e0nh cho b\u1ea1n.<br \/>\nBlack, Red, Blue, Yellow, Gray, White<\/p>\n<p>_Thao t\u00e1c \u0111\u01a1n gi\u1ea3n, t\u01b0\u01a1ng th\u00edch t\u1ed1t<br \/>\nS\u1ee3i nh\u1ef1a CR-ABS t\u01b0\u01a1ng th\u00edch v\u1edbi t\u1ea5t c\u1ea3 c\u00e1c m\u00e1y in FDM c\u1ee7a Creatity 3D. B\u1ea1n c\u00f3 th\u1ec3 t\u1ea1o t\u00e1c ph\u1ea9m ngh\u1ec7 thu\u1eadt c\u1ee7a m\u00ecnh b\u1eb1ng v\u1eadt li\u1ec7u ch\u1ea5t l\u01b0\u1ee3ng cao n\u00e0y ch\u1ec9 b\u1eb1ng v\u00e0i b\u01b0\u1edbc \u0111\u01a1n gi\u1ea3n.<\/p>\n<p>\u1ee8ng d\u1ee5ng in:<br \/>\n+M\u00f4 h\u00ecnh con Voi<br \/>\n+B\u1ed9 ph\u1eadn parts m\u00e1y&#8230;<\/p>\n<p>_Product specifications<br \/>\n+T\u00ean s\u1ea3n ph\u1ea9m: D\u00e2y t\u00f3c m\u00e1y in 3D CR-ABS<br \/>\n+Nhi\u1ec7t \u0111\u1ed9 in: 220-260\u00b0C<br \/>\n+Tr\u1ecdng l\u01b0\u1ee3ng \u0111\u00f3ng g\u00f3i: 1.15kg<br \/>\n+T\u00e2y B\u1eafc: 1kg<br \/>\n+K\u00edch th\u01b0\u1edbc \u0111\u00f3ng g\u00f3i: 210*210*75mm<br \/>\n+Dung sai: +0.03mm<br \/>\n+\u0110\u1ed9 b\u1ec1n k\u00e9o: 43MPa<br \/>\n+Bong b\u00f3ng: Kh\u00f4ng<br \/>\n+\u0110\u01b0\u1eddng k\u00ednh s\u1ee3i nh\u1ef1a: 1.75mm<br \/>\n+M\u00e0u s\u1eafc: Black, White, Gray, Red, Blue, Yellow, Green, Orange, Pink, Brown<\/p>\n<p>** Price does not include VAT (+8 or 10% if VAT invoice is issued)<\/p>","protected":false},"excerpt":{"rendered":"<p>Creality CR-ABS l\u00e0 s\u1ee3i nh\u1ef1a k\u1ef9 thu\u1eadt c\u00f3 \u0111\u1ed9 b\u1ec1n cao, K\u1ebft qu\u1ea3 in \u1ea5n t\u1ed1t, Kh\u00f4ng \u0111\u1ed9c h\u1ea1i, C\u1ee9ng r\u1eafn, \u1ed4n \u0111\u1ecbnh k\u00edch th\u01b0\u1edbc, Ch\u1ed1ng m\u00e0i m\u00f2n, ch\u1ecbu va \u0111\u1eadp cao<\/p>\n<p>_Product specifications<br \/>\n+T\u00ean s\u1ea3n ph\u1ea9m: D\u00e2y t\u00f3c m\u00e1y in 3D CR-ABS<br \/>\n+Nhi\u1ec7t \u0111\u1ed9 in: 220-260\u00b0C<br \/>\n+Tr\u1ecdng l\u01b0\u1ee3ng \u0111\u00f3ng g\u00f3i: 1.15kg<br \/>\n+T\u00e2y B\u1eafc: 1kg<br \/>\n+K\u00edch th\u01b0\u1edbc \u0111\u00f3ng g\u00f3i: 210*210*75mm<br \/>\n+Dung sai: +0.03mm<br \/>\n+\u0110\u1ed9 b\u1ec1n k\u00e9o: 43MPa<br \/>\n+Bong b\u00f3ng: Kh\u00f4ng<br \/>\n+\u0110\u01b0\u1eddng k\u00ednh s\u1ee3i nh\u1ef1a: 1.75mm<br \/>\n+M\u00e0u s\u1eafc: Black, White, Gray, Red, Blue, Yellow, Green, Orange, Pink, Brown<\/p>","protected":false},"featured_media":5361,"comment_status":"open","ping_status":"closed","template":"","meta":{"inline_featured_image":false},"product_brand":[],"product_cat":[500],"product_tag":[],"class_list":{"0":"post-5078","1":"product","2":"type-product","3":"status-publish","4":"has-post-thumbnail","6":"product_cat-tuyen-dung","8":"first","9":"instock","10":"taxable","11":"shipping-taxable","12":"purchasable","13":"product-type-variable"},"yoast_head":"<!-- This site is optimized with the Yoast SEO Premium plugin v22.8 (Yoast SEO v26.9) - https:\/\/yoast.com\/product\/yoast-seo-premium-wordpress\/ -->\n<title>S\u1ee3i nh\u1ef1a in 3d k\u1ef9 thu\u1eadt c\u00f3 \u0111\u1ed9 b\u1ec1n cao Creality CR-ABS Filament 1.0Kg 1.75mm - NGE 3D Printers Services<\/title>\n<meta name=\"description\" content=\"Creality CR-ABS l\u00e0 s\u1ee3i nh\u1ef1a k\u1ef9 thu\u1eadt c\u00f3 \u0111\u1ed9 b\u1ec1n cao, K\u1ebft qu\u1ea3 in \u1ea5n t\u1ed1t, Kh\u00f4ng \u0111\u1ed9c h\u1ea1i, C\u1ee9ng r\u1eafn, \u1ed4n \u0111\u1ecbnh k\u00edch th\u01b0\u1edbc, Ch\u1ed1ng m\u00e0i m\u00f2n, ch\u1ecbu va \u0111\u1eadp cao\" \/>\n<meta name=\"robots\" content=\"index, follow, max-snippet:-1, max-image-preview:large, max-video-preview:-1\" \/>\n<link rel=\"canonical\" href=\"https:\/\/nge.vn\/en\/product\/soi-nhua-in-3d-ky-thuat-co-do-ben-cao-creality-cr-abs-filament-1-0kg-1-75mm\/\" \/>\n<meta property=\"og:locale\" content=\"en_US\" \/>\n<meta property=\"og:type\" content=\"article\" \/>\n<meta property=\"og:title\" content=\"S\u1ee3i nh\u1ef1a in 3d k\u1ef9 thu\u1eadt c\u00f3 \u0111\u1ed9 b\u1ec1n cao Creality CR-ABS Filament 1.0Kg 1.75mm\" \/>\n<meta property=\"og:description\" content=\"Creality CR-ABS l\u00e0 s\u1ee3i nh\u1ef1a k\u1ef9 thu\u1eadt c\u00f3 \u0111\u1ed9 b\u1ec1n cao, K\u1ebft qu\u1ea3 in \u1ea5n t\u1ed1t, Kh\u00f4ng \u0111\u1ed9c h\u1ea1i, C\u1ee9ng r\u1eafn, \u1ed4n \u0111\u1ecbnh k\u00edch th\u01b0\u1edbc, Ch\u1ed1ng m\u00e0i m\u00f2n, ch\u1ecbu va \u0111\u1eadp cao\" \/>\n<meta property=\"og:url\" content=\"https:\/\/nge.vn\/en\/product\/soi-nhua-in-3d-ky-thuat-co-do-ben-cao-creality-cr-abs-filament-1-0kg-1-75mm\/\" \/>\n<meta property=\"og:site_name\" content=\"NGE 3D Printers Services\" \/>\n<meta property=\"article:modified_time\" content=\"2025-04-11T04:33:22+00:00\" \/>\n<meta property=\"og:image\" content=\"https:\/\/nge.vn\/wp-content\/uploads\/2025\/03\/Untitled-design-33-1-600x600-1.png\" \/>\n\t<meta property=\"og:image:width\" content=\"600\" \/>\n\t<meta property=\"og:image:height\" content=\"600\" \/>\n\t<meta property=\"og:image:type\" content=\"image\/png\" \/>\n<meta name=\"twitter:card\" content=\"summary_large_image\" \/>\n<meta name=\"twitter:label1\" content=\"Est. reading time\" \/>\n\t<meta name=\"twitter:data1\" content=\"3 minutes\" \/>\n<script type=\"application\/ld+json\" class=\"yoast-schema-graph\">{\"@context\":\"https:\/\/schema.org\",\"@graph\":[{\"@type\":\"WebPage\",\"@id\":\"https:\/\/nge.vn\/san-pham\/soi-nhua-in-3d-ky-thuat-co-do-ben-cao-creality-cr-abs-filament-1-0kg-1-75mm\/\",\"url\":\"https:\/\/nge.vn\/san-pham\/soi-nhua-in-3d-ky-thuat-co-do-ben-cao-creality-cr-abs-filament-1-0kg-1-75mm\/\",\"name\":\"S\u1ee3i nh\u1ef1a in 3d k\u1ef9 thu\u1eadt c\u00f3 \u0111\u1ed9 b\u1ec1n cao Creality CR-ABS Filament 1.0Kg 1.75mm - NGE 3D Printers Services\",\"isPartOf\":{\"@id\":\"https:\/\/nge.vn\/#website\"},\"primaryImageOfPage\":{\"@id\":\"https:\/\/nge.vn\/san-pham\/soi-nhua-in-3d-ky-thuat-co-do-ben-cao-creality-cr-abs-filament-1-0kg-1-75mm\/#primaryimage\"},\"image\":{\"@id\":\"https:\/\/nge.vn\/san-pham\/soi-nhua-in-3d-ky-thuat-co-do-ben-cao-creality-cr-abs-filament-1-0kg-1-75mm\/#primaryimage\"},\"thumbnailUrl\":\"https:\/\/nge.vn\/wp-content\/uploads\/2025\/03\/Untitled-design-33-1-600x600-1.png\",\"datePublished\":\"2025-03-24T12:11:46+00:00\",\"dateModified\":\"2025-04-11T04:33:22+00:00\",\"description\":\"Creality CR-ABS l\u00e0 s\u1ee3i nh\u1ef1a k\u1ef9 thu\u1eadt c\u00f3 \u0111\u1ed9 b\u1ec1n cao, K\u1ebft qu\u1ea3 in \u1ea5n t\u1ed1t, Kh\u00f4ng \u0111\u1ed9c h\u1ea1i, C\u1ee9ng r\u1eafn, \u1ed4n \u0111\u1ecbnh k\u00edch th\u01b0\u1edbc, Ch\u1ed1ng m\u00e0i m\u00f2n, ch\u1ecbu va \u0111\u1eadp cao\",\"breadcrumb\":{\"@id\":\"https:\/\/nge.vn\/san-pham\/soi-nhua-in-3d-ky-thuat-co-do-ben-cao-creality-cr-abs-filament-1-0kg-1-75mm\/#breadcrumb\"},\"inLanguage\":\"en-US\",\"potentialAction\":[{\"@type\":\"ReadAction\",\"target\":[\"https:\/\/nge.vn\/san-pham\/soi-nhua-in-3d-ky-thuat-co-do-ben-cao-creality-cr-abs-filament-1-0kg-1-75mm\/\"]}]},{\"@type\":\"ImageObject\",\"inLanguage\":\"en-US\",\"@id\":\"https:\/\/nge.vn\/san-pham\/soi-nhua-in-3d-ky-thuat-co-do-ben-cao-creality-cr-abs-filament-1-0kg-1-75mm\/#primaryimage\",\"url\":\"https:\/\/nge.vn\/wp-content\/uploads\/2025\/03\/Untitled-design-33-1-600x600-1.png\",\"contentUrl\":\"https:\/\/nge.vn\/wp-content\/uploads\/2025\/03\/Untitled-design-33-1-600x600-1.png\",\"width\":600,\"height\":600,\"caption\":\"S\u1ee3i nh\u1ef1a in 3d k\u1ef9 thu\u1eadt c\u00f3 \u0111\u1ed9 b\u1ec1n cao Creality CR-ABS Filament 1.0Kg 1.75mm\"},{\"@type\":\"BreadcrumbList\",\"@id\":\"https:\/\/nge.vn\/san-pham\/soi-nhua-in-3d-ky-thuat-co-do-ben-cao-creality-cr-abs-filament-1-0kg-1-75mm\/#breadcrumb\",\"itemListElement\":[{\"@type\":\"ListItem\",\"position\":1,\"name\":\"Trang ch\u1ee7\",\"item\":\"https:\/\/nge.vn\/\"},{\"@type\":\"ListItem\",\"position\":2,\"name\":\"S\u1ea3n ph\u1ea9m\",\"item\":\"https:\/\/nge.vn\/san-pham\/\"},{\"@type\":\"ListItem\",\"position\":3,\"name\":\"S\u1ee3i nh\u1ef1a in 3d k\u1ef9 thu\u1eadt c\u00f3 \u0111\u1ed9 b\u1ec1n cao Creality CR-ABS Filament 1.0Kg 1.75mm\"}]},{\"@type\":\"WebSite\",\"@id\":\"https:\/\/nge.vn\/#website\",\"url\":\"https:\/\/nge.vn\/\",\"name\":\"NGE 3D Printers Services\",\"description\":\"\",\"potentialAction\":[{\"@type\":\"SearchAction\",\"target\":{\"@type\":\"EntryPoint\",\"urlTemplate\":\"https:\/\/nge.vn\/?s={search_term_string}\"},\"query-input\":{\"@type\":\"PropertyValueSpecification\",\"valueRequired\":true,\"valueName\":\"search_term_string\"}}],\"inLanguage\":\"en-US\"}]}<\/script>\n<!-- \/ Yoast SEO Premium plugin. -->","yoast_head_json":{"title":"S\u1ee3i nh\u1ef1a in 3d k\u1ef9 thu\u1eadt c\u00f3 \u0111\u1ed9 b\u1ec1n cao Creality CR-ABS Filament 1.0Kg 1.75mm - NGE 3D Printers Services","description":"Creality CR-ABS l\u00e0 s\u1ee3i nh\u1ef1a k\u1ef9 thu\u1eadt c\u00f3 \u0111\u1ed9 b\u1ec1n cao, K\u1ebft qu\u1ea3 in \u1ea5n t\u1ed1t, Kh\u00f4ng \u0111\u1ed9c h\u1ea1i, C\u1ee9ng r\u1eafn, \u1ed4n \u0111\u1ecbnh k\u00edch th\u01b0\u1edbc, Ch\u1ed1ng m\u00e0i m\u00f2n, ch\u1ecbu va \u0111\u1eadp cao","robots":{"index":"index","follow":"follow","max-snippet":"max-snippet:-1","max-image-preview":"max-image-preview:large","max-video-preview":"max-video-preview:-1"},"canonical":"https:\/\/nge.vn\/en\/product\/soi-nhua-in-3d-ky-thuat-co-do-ben-cao-creality-cr-abs-filament-1-0kg-1-75mm\/","og_locale":"en_US","og_type":"article","og_title":"S\u1ee3i nh\u1ef1a in 3d k\u1ef9 thu\u1eadt c\u00f3 \u0111\u1ed9 b\u1ec1n cao Creality CR-ABS Filament 1.0Kg 1.75mm","og_description":"Creality CR-ABS l\u00e0 s\u1ee3i nh\u1ef1a k\u1ef9 thu\u1eadt c\u00f3 \u0111\u1ed9 b\u1ec1n cao, K\u1ebft qu\u1ea3 in \u1ea5n t\u1ed1t, Kh\u00f4ng \u0111\u1ed9c h\u1ea1i, C\u1ee9ng r\u1eafn, \u1ed4n \u0111\u1ecbnh k\u00edch th\u01b0\u1edbc, Ch\u1ed1ng m\u00e0i m\u00f2n, ch\u1ecbu va \u0111\u1eadp cao","og_url":"https:\/\/nge.vn\/en\/product\/soi-nhua-in-3d-ky-thuat-co-do-ben-cao-creality-cr-abs-filament-1-0kg-1-75mm\/","og_site_name":"NGE 3D Printers Services","article_modified_time":"2025-04-11T04:33:22+00:00","og_image":[{"width":600,"height":600,"url":"https:\/\/nge.vn\/wp-content\/uploads\/2025\/03\/Untitled-design-33-1-600x600-1.png","type":"image\/png"}],"twitter_card":"summary_large_image","twitter_misc":{"Est. reading time":"3 minutes"},"schema":{"@context":"https:\/\/schema.org","@graph":[{"@type":"WebPage","@id":"https:\/\/nge.vn\/san-pham\/soi-nhua-in-3d-ky-thuat-co-do-ben-cao-creality-cr-abs-filament-1-0kg-1-75mm\/","url":"https:\/\/nge.vn\/san-pham\/soi-nhua-in-3d-ky-thuat-co-do-ben-cao-creality-cr-abs-filament-1-0kg-1-75mm\/","name":"S\u1ee3i nh\u1ef1a in 3d k\u1ef9 thu\u1eadt c\u00f3 \u0111\u1ed9 b\u1ec1n cao Creality CR-ABS Filament 1.0Kg 1.75mm - NGE 3D Printers Services","isPartOf":{"@id":"https:\/\/nge.vn\/#website"},"primaryImageOfPage":{"@id":"https:\/\/nge.vn\/san-pham\/soi-nhua-in-3d-ky-thuat-co-do-ben-cao-creality-cr-abs-filament-1-0kg-1-75mm\/#primaryimage"},"image":{"@id":"https:\/\/nge.vn\/san-pham\/soi-nhua-in-3d-ky-thuat-co-do-ben-cao-creality-cr-abs-filament-1-0kg-1-75mm\/#primaryimage"},"thumbnailUrl":"https:\/\/nge.vn\/wp-content\/uploads\/2025\/03\/Untitled-design-33-1-600x600-1.png","datePublished":"2025-03-24T12:11:46+00:00","dateModified":"2025-04-11T04:33:22+00:00","description":"Creality CR-ABS l\u00e0 s\u1ee3i nh\u1ef1a k\u1ef9 thu\u1eadt c\u00f3 \u0111\u1ed9 b\u1ec1n cao, K\u1ebft qu\u1ea3 in \u1ea5n t\u1ed1t, Kh\u00f4ng \u0111\u1ed9c h\u1ea1i, C\u1ee9ng r\u1eafn, \u1ed4n \u0111\u1ecbnh k\u00edch th\u01b0\u1edbc, Ch\u1ed1ng m\u00e0i m\u00f2n, ch\u1ecbu va \u0111\u1eadp cao","breadcrumb":{"@id":"https:\/\/nge.vn\/san-pham\/soi-nhua-in-3d-ky-thuat-co-do-ben-cao-creality-cr-abs-filament-1-0kg-1-75mm\/#breadcrumb"},"inLanguage":"en-US","potentialAction":[{"@type":"ReadAction","target":["https:\/\/nge.vn\/san-pham\/soi-nhua-in-3d-ky-thuat-co-do-ben-cao-creality-cr-abs-filament-1-0kg-1-75mm\/"]}]},{"@type":"ImageObject","inLanguage":"en-US","@id":"https:\/\/nge.vn\/san-pham\/soi-nhua-in-3d-ky-thuat-co-do-ben-cao-creality-cr-abs-filament-1-0kg-1-75mm\/#primaryimage","url":"https:\/\/nge.vn\/wp-content\/uploads\/2025\/03\/Untitled-design-33-1-600x600-1.png","contentUrl":"https:\/\/nge.vn\/wp-content\/uploads\/2025\/03\/Untitled-design-33-1-600x600-1.png","width":600,"height":600,"caption":"S\u1ee3i nh\u1ef1a in 3d k\u1ef9 thu\u1eadt c\u00f3 \u0111\u1ed9 b\u1ec1n cao Creality CR-ABS Filament 1.0Kg 1.75mm"},{"@type":"BreadcrumbList","@id":"https:\/\/nge.vn\/san-pham\/soi-nhua-in-3d-ky-thuat-co-do-ben-cao-creality-cr-abs-filament-1-0kg-1-75mm\/#breadcrumb","itemListElement":[{"@type":"ListItem","position":1,"name":"Trang ch\u1ee7","item":"https:\/\/nge.vn\/"},{"@type":"ListItem","position":2,"name":"S\u1ea3n ph\u1ea9m","item":"https:\/\/nge.vn\/san-pham\/"},{"@type":"ListItem","position":3,"name":"S\u1ee3i nh\u1ef1a in 3d k\u1ef9 thu\u1eadt c\u00f3 \u0111\u1ed9 b\u1ec1n cao Creality CR-ABS Filament 1.0Kg 1.75mm"}]},{"@type":"WebSite","@id":"https:\/\/nge.vn\/#website","url":"https:\/\/nge.vn\/","name":"NGE 3D Printers Services","description":"","potentialAction":[{"@type":"SearchAction","target":{"@type":"EntryPoint","urlTemplate":"https:\/\/nge.vn\/?s={search_term_string}"},"query-input":{"@type":"PropertyValueSpecification","valueRequired":true,"valueName":"search_term_string"}}],"inLanguage":"en-US"}]}},"_links":{"self":[{"href":"https:\/\/nge.vn\/en\/wp-json\/wp\/v2\/product\/5078","targetHints":{"allow":["GET"]}}],"collection":[{"href":"https:\/\/nge.vn\/en\/wp-json\/wp\/v2\/product"}],"about":[{"href":"https:\/\/nge.vn\/en\/wp-json\/wp\/v2\/types\/product"}],"replies":[{"embeddable":true,"href":"https:\/\/nge.vn\/en\/wp-json\/wp\/v2\/comments?post=5078"}],"wp:featuredmedia":[{"embeddable":true,"href":"https:\/\/nge.vn\/en\/wp-json\/wp\/v2\/media\/5361"}],"wp:attachment":[{"href":"https:\/\/nge.vn\/en\/wp-json\/wp\/v2\/media?parent=5078"}],"wp:term":[{"taxonomy":"product_brand","embeddable":true,"href":"https:\/\/nge.vn\/en\/wp-json\/wp\/v2\/product_brand?post=5078"},{"taxonomy":"product_cat","embeddable":true,"href":"https:\/\/nge.vn\/en\/wp-json\/wp\/v2\/product_cat?post=5078"},{"taxonomy":"product_tag","embeddable":true,"href":"https:\/\/nge.vn\/en\/wp-json\/wp\/v2\/product_tag?post=5078"}],"curies":[{"name":"wp","href":"https:\/\/api.w.org\/{rel}","templated":true}]}}