{"id":5059,"date":"2025-03-24T18:01:07","date_gmt":"2025-03-24T11:01:07","guid":{"rendered":"https:\/\/nge.vn\/?post_type=product&#038;p=5059"},"modified":"2026-04-03T14:22:19","modified_gmt":"2026-04-03T07:22:19","slug":"nhua-in-3d-creality-cr-tpu-filament-1kg-1-75mm","status":"publish","type":"product","link":"https:\/\/nge.vn\/en\/product\/nhua-in-3d-creality-cr-tpu-filament-1kg-1-75mm\/","title":{"rendered":"Nh\u1ef1a in 3d Creality CR-TPU Filament 1Kg 1.75mm"},"content":{"rendered":"<p>Nh\u1ef1a in 3d Creality CR-TPU Filament 1.0Kg 1.75mm<br \/>\nCh\u1ea5t k\u1ebft d\u00ednh m\u1ec1m ch\u1ea5t l\u01b0\u1ee3ng t\u1ed1t v\u1edbi \u0111\u1ed9 \u0111\u00e0n h\u1ed3i cao<br \/>\n+ Ch\u1ea5t k\u1ebft d\u00ednh m\u1ec1m c\u00f3 \u0111\u1ed9 \u0111\u00e0n h\u1ed3i cao Kh\u1ea3 n\u0103ng ch\u1ed1ng m\u00e0i m\u00f2n, ch\u1ed1ng l\u00e3o h\u00f3a cao<br \/>\n+ Kh\u00e1ng h\u00f3a ch\u1ea5t v\u00e0 kh\u00e1ng m\u00f4i tr\u01b0\u1eddng<br \/>\n+Ch\u1ed1ng th\u1ea5m n\u01b0\u1edbc v\u00e0 gi\u1eef \u1ea9mGi\u1eef \u1ea5m v\u00e0 ch\u1ed1ng l\u1ea1nh, ch\u1ed1ng tia c\u1ef1c t\u00edm<br \/>\n+b\u1ea3o v\u1ec7 m\u00f4i tr\u01b0\u1eddng<\/p>\n<p>_D\u00e2y t\u00f3c m\u00e1y in 3D CR-TPU<br \/>\n+Kh\u1ea3 n\u0103ng \u0111\u00e0n h\u1ed3i cao<br \/>\n+Ch\u1ea5t li\u1ec7u keo m\u1ec1m<br \/>\n+B\u1ea3o v\u1ec7 m\u00f4i tr\u01b0\u1eddng<br \/>\n+\u0110\u1ed9 b\u00f3ng t\u1ed1t<br \/>\n+Kh\u00e1ng h\u00f3a ch\u1ea5t<br \/>\n+Ch\u1ed1ng m\u00e0i m\u00f2n v\u00e0 ch\u1ed1ng l\u00e3o h\u00f3a<br \/>\n+Gi\u1eef \u1ea5m v\u00e0 ch\u1ed1ng l\u1ea1nh<br \/>\n+Ch\u1ed1ng tia c\u1ef1c t\u00edm<\/p>\n<p>_\u0110\u1ed9 \u0111\u00e0n h\u1ed3i cao, \u0111\u1ed9 b\u00f3ng t\u1ed1t<br \/>\nM\u1ec1m m\u1ea1i v\u00e0 \u0111\u00e0n h\u1ed3i, \u0111\u1ea7y d\u1ebbo dai, c\u00f3 \u0111\u1ed9 b\u00f3ng t\u1ed1t \u0111\u1ea7y \u0111\u00e0n h\u1ed3i.<\/p>\n<p>_Kh\u1ea3 n\u0103ng ch\u1ed1ng m\u00e0i m\u00f2n cao v\u00e0 ch\u1ed1ng l\u00e3o h\u00f3a<br \/>\nM\u00f4 h\u00ecnh in c\u00f3 kh\u1ea3 n\u0103ng ch\u1ed1ng ch\u1ecbu \u0111\u1ec3 m\u1eb7c v\u00e0 tr\u1ea7y x\u01b0\u1edbc, t\u1ed1t ch\u1ed1ng l\u00e3o h\u00f3a.<\/p>\n<p>_Hi\u1ec7u su\u1ea5t h\u00f3a h\u1ecdc t\u1ed1t, b\u1ea3o v\u1ec7 m\u00f4i tr\u01b0\u1eddng v\u00e0 kh\u00f4ng \u0111\u1ed9c h\u1ea1i<br \/>\nKh\u00e1ng h\u00f3a ch\u1ea5t tuy\u1ec7t v\u1eddi (ch\u1ed1ng n\u01b0\u1edbc, kh\u00e1ng d\u1ea7u, kh\u00e1ng dung m\u00f4i) v\u00e0 kh\u00e1ng m\u00f4i tr\u01b0\u1eddng, b\u1ea3o v\u1ec7 m\u00f4i tr\u01b0\u1eddng v\u00e0 kh\u00f4ng \u0111\u1ed9c h\u1ea1i.<\/p>\n<p>_Nhi\u1ec1u m\u00e0u s\u1eafc mang \u0111\u1ebfn cho b\u1ea1n<br \/>\nM\u1ed9t th\u1ebf gi\u1edbi \u0111\u1ea7y m\u00e0u s\u1eafc<br \/>\nC\u00f3 10 m\u00e0u ph\u1ed5 bi\u1ebfn, lu\u00f4n c\u00f3 m\u1ed9t m\u00e0u d\u00e0nh cho b\u1ea1n!<br \/>\nBlack, White, Gray, Blue, Yellow, Green, Pink, Red<\/p>\n<p>_Ho\u1ea1t \u0111\u1ed9ng \u0111\u01a1n gi\u1ea3n, kh\u1ea3 n\u0103ng t\u01b0\u01a1ng th\u00edch t\u1ed1t<br \/>\nCR-TPU t\u01b0\u01a1ng th\u00edch v\u1edbi t\u1ea5t c\u1ea3 c\u00e1c m\u00e1y in FDM c\u1ee7a creality 3D v\u00e0 b\u1ea1n c\u00f3 th\u1ec3<br \/>\nt\u1ea1o ra t\u00e1c ph\u1ea9m ngh\u1ec7 thu\u1eadt c\u1ee7a b\u1ea1n v\u1edbi d\u00e2y t\u00f3c ch\u1ea5t l\u01b0\u1ee3ng cao n\u00e0y ch\u1ec9 trong v\u00e0i ph\u00fat<br \/>\nc\u00e1c b\u01b0\u1edbc \u0111\u01a1n gi\u1ea3n.<\/p>\n<p>_\u1ee8ng d\u1ee5ng: V\u1ecf \u0111i\u1ec7n tho\u1ea1i di \u0111\u1ed9ng, \u0110\u00f4i gi\u00e0y&#8230;<\/p>\n<p>_Product specifications<br \/>\n+T\u00ean s\u1ea3n ph\u1ea9m: CR-TPU 3D printer filament<br \/>\n+N.W. : 1kg<br \/>\n+Nhi\u1ec7t \u0111\u1ed9 in: 210\u2014240\u00b0C<br \/>\n+Tr\u1ecdng l\u01b0\u1ee3ng g\u00f3i h\u00e0ng: 1,15kg<br \/>\n+Bong b\u00f3ng: Kh\u00f4ng<br \/>\n+K\u00edch th\u01b0\u1edbc \u0111\u00f3ng g\u00f3i: 210*210*75mm<br \/>\n+\u0110\u01b0\u1eddng k\u00ednh d\u00e2y t\u00f3c: 1.75mm.<br \/>\n+Dung sai: +0.03mm<br \/>\n+M\u00e0u s\u1eafc: Black, White, Gray, Blue, Yellow, Green, Pink, Red<\/p>\n<p>**Vui l\u00f2ng li\u00ean h\u1ec7 tr\u1ef1c ti\u1ebfp shop \u0111\u1ec3 \u0111\u01b0\u1ee3c t\u01b0 v\u1ea5n th\u00eam<br \/>\n0913.939.775 contact A.Quan (for English)<br \/>\n094.144.0951 contact A.Quynh<br \/>\n** Price does not include VAT (+8 or 10% if VAT invoice is issued)<\/p>","protected":false},"excerpt":{"rendered":"<p>Nh\u1ef1a in 3d Creality CR-TPU Filament 1.0Kg 1.75mm Ch\u1ea5t k\u1ebft d\u00ednh m\u1ec1m ch\u1ea5t l\u01b0\u1ee3ng t\u1ed1t v\u1edbi \u0111\u1ed9 \u0111\u00e0n h\u1ed3i cao + Ch\u1ea5t k\u1ebft d\u00ednh m\u1ec1m c\u00f3 \u0111\u1ed9 \u0111\u00e0n h\u1ed3i cao Kh\u1ea3 n\u0103ng ch\u1ed1ng m\u00e0i m\u00f2n, ch\u1ed1ng l\u00e3o h\u00f3a cao + Kh\u00e1ng h\u00f3a ch\u1ea5t v\u00e0 kh\u00e1ng m\u00f4i tr\u01b0\u1eddng +Ch\u1ed1ng th\u1ea5m n\u01b0\u1edbc v\u00e0 gi\u1eef \u1ea9mGi\u1eef \u1ea5m v\u00e0&#8230;<\/p>","protected":false},"featured_media":5364,"comment_status":"open","ping_status":"closed","template":"","meta":{"inline_featured_image":false},"product_brand":[],"product_cat":[455,465,456],"product_tag":[529,528,530],"class_list":{"0":"post-5059","1":"product","2":"type-product","3":"status-publish","4":"has-post-thumbnail","6":"product_cat-nhua-in-3d","7":"product_cat-nhua-in-3d-creality","8":"product_cat-nhua-in-3d-fdm","9":"product_tag-3dfilamentcr-tpu","10":"product_tag-cr-tpu","11":"product_tag-nhuacr-tpu","13":"first","14":"instock","15":"taxable","16":"shipping-taxable","17":"purchasable","18":"product-type-variable"},"yoast_head":"<!-- This site is optimized with the Yoast SEO Premium plugin v22.8 (Yoast SEO v26.9) - https:\/\/yoast.com\/product\/yoast-seo-premium-wordpress\/ -->\n<title>Nh\u1ef1a in 3d Creality CR-TPU Filament 1Kg 1.75mm - NGE 3D Printers Services<\/title>\n<meta name=\"description\" content=\"Nh\u1ef1a in 3d Creality CR-TPU Filament 1.0Kg 1.75mm\" \/>\n<meta name=\"robots\" content=\"index, follow, max-snippet:-1, max-image-preview:large, max-video-preview:-1\" \/>\n<link rel=\"canonical\" href=\"https:\/\/nge.vn\/en\/product\/nhua-in-3d-creality-cr-tpu-filament-1kg-1-75mm\/\" \/>\n<meta property=\"og:locale\" content=\"en_US\" \/>\n<meta property=\"og:type\" content=\"article\" \/>\n<meta property=\"og:title\" content=\"Nh\u1ef1a in 3d Creality CR-TPU Filament 1Kg 1.75mm\" \/>\n<meta property=\"og:description\" content=\"Nh\u1ef1a in 3d Creality CR-TPU Filament 1.0Kg 1.75mm\" \/>\n<meta property=\"og:url\" content=\"https:\/\/nge.vn\/en\/product\/nhua-in-3d-creality-cr-tpu-filament-1kg-1-75mm\/\" \/>\n<meta property=\"og:site_name\" content=\"NGE 3D Printers Services\" \/>\n<meta property=\"article:modified_time\" content=\"2026-04-03T07:22:19+00:00\" \/>\n<meta property=\"og:image\" content=\"https:\/\/nge.vn\/wp-content\/uploads\/2025\/03\/creality-cr-1-75mm-tpu-3d-printing-filament-1kg-white-712f3a-1695982315691._w800_p1_.png\" \/>\n\t<meta property=\"og:image:width\" content=\"800\" \/>\n\t<meta property=\"og:image:height\" content=\"800\" \/>\n\t<meta property=\"og:image:type\" content=\"image\/png\" \/>\n<meta name=\"twitter:card\" content=\"summary_large_image\" \/>\n<meta name=\"twitter:label1\" content=\"Est. reading time\" \/>\n\t<meta name=\"twitter:data1\" content=\"3 minutes\" \/>\n<script type=\"application\/ld+json\" class=\"yoast-schema-graph\">{\"@context\":\"https:\/\/schema.org\",\"@graph\":[{\"@type\":\"WebPage\",\"@id\":\"https:\/\/nge.vn\/san-pham\/nhua-in-3d-creality-cr-tpu-filament-1kg-1-75mm\/\",\"url\":\"https:\/\/nge.vn\/san-pham\/nhua-in-3d-creality-cr-tpu-filament-1kg-1-75mm\/\",\"name\":\"Nh\u1ef1a in 3d Creality CR-TPU Filament 1Kg 1.75mm - NGE 3D Printers Services\",\"isPartOf\":{\"@id\":\"https:\/\/nge.vn\/#website\"},\"primaryImageOfPage\":{\"@id\":\"https:\/\/nge.vn\/san-pham\/nhua-in-3d-creality-cr-tpu-filament-1kg-1-75mm\/#primaryimage\"},\"image\":{\"@id\":\"https:\/\/nge.vn\/san-pham\/nhua-in-3d-creality-cr-tpu-filament-1kg-1-75mm\/#primaryimage\"},\"thumbnailUrl\":\"https:\/\/nge.vn\/wp-content\/uploads\/2025\/03\/creality-cr-1-75mm-tpu-3d-printing-filament-1kg-white-712f3a-1695982315691._w800_p1_.png\",\"datePublished\":\"2025-03-24T11:01:07+00:00\",\"dateModified\":\"2026-04-03T07:22:19+00:00\",\"description\":\"Nh\u1ef1a in 3d Creality CR-TPU Filament 1.0Kg 1.75mm\",\"breadcrumb\":{\"@id\":\"https:\/\/nge.vn\/san-pham\/nhua-in-3d-creality-cr-tpu-filament-1kg-1-75mm\/#breadcrumb\"},\"inLanguage\":\"en-US\",\"potentialAction\":[{\"@type\":\"ReadAction\",\"target\":[\"https:\/\/nge.vn\/san-pham\/nhua-in-3d-creality-cr-tpu-filament-1kg-1-75mm\/\"]}]},{\"@type\":\"ImageObject\",\"inLanguage\":\"en-US\",\"@id\":\"https:\/\/nge.vn\/san-pham\/nhua-in-3d-creality-cr-tpu-filament-1kg-1-75mm\/#primaryimage\",\"url\":\"https:\/\/nge.vn\/wp-content\/uploads\/2025\/03\/creality-cr-1-75mm-tpu-3d-printing-filament-1kg-white-712f3a-1695982315691._w800_p1_.png\",\"contentUrl\":\"https:\/\/nge.vn\/wp-content\/uploads\/2025\/03\/creality-cr-1-75mm-tpu-3d-printing-filament-1kg-white-712f3a-1695982315691._w800_p1_.png\",\"width\":800,\"height\":800,\"caption\":\"Nh\u1ef1a in 3d Creality CR-TPU Filament 1.0Kg 1.75mm\"},{\"@type\":\"BreadcrumbList\",\"@id\":\"https:\/\/nge.vn\/san-pham\/nhua-in-3d-creality-cr-tpu-filament-1kg-1-75mm\/#breadcrumb\",\"itemListElement\":[{\"@type\":\"ListItem\",\"position\":1,\"name\":\"Trang ch\u1ee7\",\"item\":\"https:\/\/nge.vn\/\"},{\"@type\":\"ListItem\",\"position\":2,\"name\":\"S\u1ea3n ph\u1ea9m\",\"item\":\"https:\/\/nge.vn\/san-pham\/\"},{\"@type\":\"ListItem\",\"position\":3,\"name\":\"Nh\u1ef1a in 3d Creality CR-TPU Filament 1Kg 1.75mm\"}]},{\"@type\":\"WebSite\",\"@id\":\"https:\/\/nge.vn\/#website\",\"url\":\"https:\/\/nge.vn\/\",\"name\":\"NGE 3D Printers Services\",\"description\":\"\",\"potentialAction\":[{\"@type\":\"SearchAction\",\"target\":{\"@type\":\"EntryPoint\",\"urlTemplate\":\"https:\/\/nge.vn\/?s={search_term_string}\"},\"query-input\":{\"@type\":\"PropertyValueSpecification\",\"valueRequired\":true,\"valueName\":\"search_term_string\"}}],\"inLanguage\":\"en-US\"}]}<\/script>\n<!-- \/ Yoast SEO Premium plugin. -->","yoast_head_json":{"title":"Nh\u1ef1a in 3d Creality CR-TPU Filament 1Kg 1.75mm - NGE 3D Printers Services","description":"Nh\u1ef1a in 3d Creality CR-TPU Filament 1.0Kg 1.75mm","robots":{"index":"index","follow":"follow","max-snippet":"max-snippet:-1","max-image-preview":"max-image-preview:large","max-video-preview":"max-video-preview:-1"},"canonical":"https:\/\/nge.vn\/en\/product\/nhua-in-3d-creality-cr-tpu-filament-1kg-1-75mm\/","og_locale":"en_US","og_type":"article","og_title":"Nh\u1ef1a in 3d Creality CR-TPU Filament 1Kg 1.75mm","og_description":"Nh\u1ef1a in 3d Creality CR-TPU Filament 1.0Kg 1.75mm","og_url":"https:\/\/nge.vn\/en\/product\/nhua-in-3d-creality-cr-tpu-filament-1kg-1-75mm\/","og_site_name":"NGE 3D Printers Services","article_modified_time":"2026-04-03T07:22:19+00:00","og_image":[{"width":800,"height":800,"url":"https:\/\/nge.vn\/wp-content\/uploads\/2025\/03\/creality-cr-1-75mm-tpu-3d-printing-filament-1kg-white-712f3a-1695982315691._w800_p1_.png","type":"image\/png"}],"twitter_card":"summary_large_image","twitter_misc":{"Est. reading time":"3 minutes"},"schema":{"@context":"https:\/\/schema.org","@graph":[{"@type":"WebPage","@id":"https:\/\/nge.vn\/san-pham\/nhua-in-3d-creality-cr-tpu-filament-1kg-1-75mm\/","url":"https:\/\/nge.vn\/san-pham\/nhua-in-3d-creality-cr-tpu-filament-1kg-1-75mm\/","name":"Nh\u1ef1a in 3d Creality CR-TPU Filament 1Kg 1.75mm - NGE 3D Printers Services","isPartOf":{"@id":"https:\/\/nge.vn\/#website"},"primaryImageOfPage":{"@id":"https:\/\/nge.vn\/san-pham\/nhua-in-3d-creality-cr-tpu-filament-1kg-1-75mm\/#primaryimage"},"image":{"@id":"https:\/\/nge.vn\/san-pham\/nhua-in-3d-creality-cr-tpu-filament-1kg-1-75mm\/#primaryimage"},"thumbnailUrl":"https:\/\/nge.vn\/wp-content\/uploads\/2025\/03\/creality-cr-1-75mm-tpu-3d-printing-filament-1kg-white-712f3a-1695982315691._w800_p1_.png","datePublished":"2025-03-24T11:01:07+00:00","dateModified":"2026-04-03T07:22:19+00:00","description":"Nh\u1ef1a in 3d Creality CR-TPU Filament 1.0Kg 1.75mm","breadcrumb":{"@id":"https:\/\/nge.vn\/san-pham\/nhua-in-3d-creality-cr-tpu-filament-1kg-1-75mm\/#breadcrumb"},"inLanguage":"en-US","potentialAction":[{"@type":"ReadAction","target":["https:\/\/nge.vn\/san-pham\/nhua-in-3d-creality-cr-tpu-filament-1kg-1-75mm\/"]}]},{"@type":"ImageObject","inLanguage":"en-US","@id":"https:\/\/nge.vn\/san-pham\/nhua-in-3d-creality-cr-tpu-filament-1kg-1-75mm\/#primaryimage","url":"https:\/\/nge.vn\/wp-content\/uploads\/2025\/03\/creality-cr-1-75mm-tpu-3d-printing-filament-1kg-white-712f3a-1695982315691._w800_p1_.png","contentUrl":"https:\/\/nge.vn\/wp-content\/uploads\/2025\/03\/creality-cr-1-75mm-tpu-3d-printing-filament-1kg-white-712f3a-1695982315691._w800_p1_.png","width":800,"height":800,"caption":"Nh\u1ef1a in 3d Creality CR-TPU Filament 1.0Kg 1.75mm"},{"@type":"BreadcrumbList","@id":"https:\/\/nge.vn\/san-pham\/nhua-in-3d-creality-cr-tpu-filament-1kg-1-75mm\/#breadcrumb","itemListElement":[{"@type":"ListItem","position":1,"name":"Trang ch\u1ee7","item":"https:\/\/nge.vn\/"},{"@type":"ListItem","position":2,"name":"S\u1ea3n ph\u1ea9m","item":"https:\/\/nge.vn\/san-pham\/"},{"@type":"ListItem","position":3,"name":"Nh\u1ef1a in 3d Creality CR-TPU Filament 1Kg 1.75mm"}]},{"@type":"WebSite","@id":"https:\/\/nge.vn\/#website","url":"https:\/\/nge.vn\/","name":"NGE 3D Printers Services","description":"","potentialAction":[{"@type":"SearchAction","target":{"@type":"EntryPoint","urlTemplate":"https:\/\/nge.vn\/?s={search_term_string}"},"query-input":{"@type":"PropertyValueSpecification","valueRequired":true,"valueName":"search_term_string"}}],"inLanguage":"en-US"}]}},"_links":{"self":[{"href":"https:\/\/nge.vn\/en\/wp-json\/wp\/v2\/product\/5059","targetHints":{"allow":["GET"]}}],"collection":[{"href":"https:\/\/nge.vn\/en\/wp-json\/wp\/v2\/product"}],"about":[{"href":"https:\/\/nge.vn\/en\/wp-json\/wp\/v2\/types\/product"}],"replies":[{"embeddable":true,"href":"https:\/\/nge.vn\/en\/wp-json\/wp\/v2\/comments?post=5059"}],"wp:featuredmedia":[{"embeddable":true,"href":"https:\/\/nge.vn\/en\/wp-json\/wp\/v2\/media\/5364"}],"wp:attachment":[{"href":"https:\/\/nge.vn\/en\/wp-json\/wp\/v2\/media?parent=5059"}],"wp:term":[{"taxonomy":"product_brand","embeddable":true,"href":"https:\/\/nge.vn\/en\/wp-json\/wp\/v2\/product_brand?post=5059"},{"taxonomy":"product_cat","embeddable":true,"href":"https:\/\/nge.vn\/en\/wp-json\/wp\/v2\/product_cat?post=5059"},{"taxonomy":"product_tag","embeddable":true,"href":"https:\/\/nge.vn\/en\/wp-json\/wp\/v2\/product_tag?post=5059"}],"curies":[{"name":"wp","href":"https:\/\/api.w.org\/{rel}","templated":true}]}}