{"id":5051,"date":"2025-03-22T12:12:02","date_gmt":"2025-03-22T05:12:02","guid":{"rendered":"https:\/\/nge.vn\/?post_type=product&#038;p=5051"},"modified":"2025-03-24T18:39:55","modified_gmt":"2025-03-24T11:39:55","slug":"bo-banh-rang-cum-dun-extrusion-gear-kit-cho-may-in-3d-creality-k2-plus","status":"publish","type":"product","link":"https:\/\/nge.vn\/en\/product\/bo-banh-rang-cum-dun-extrusion-gear-kit-cho-may-in-3d-creality-k2-plus\/","title":{"rendered":"B\u1ed9 b\u00e1nh r\u0103ng c\u1ee5m \u0111\u00f9n Extrusion Gear Kit cho m\u00e1y in 3d Creality K2 Plus"},"content":{"rendered":"<p>B\u1ed9 b\u00e1nh r\u0103ng \u0111\u00f9n Extrusion Gear Kit cho m\u00e1y in 3d Creality K2 Plus<\/p>\n<p>+Tr\u1ecdng l\u01b0\u1ee3ng: 17g<br \/>\n+K\u00edch Th\u01b0\u1edbc: 15*15*10mm<br \/>\n+Tr\u1ecdng l\u01b0\u1ee3ng g\u00f3i: 19g<br \/>\n+K\u00edch Th\u01b0\u1edbc g\u00f3i: 10*11*2cm<br \/>\n+K2 Plus Extrusion Gear Kit: 4004120025<\/p>\n<p>***S\u1eed d\u1ee5ng cho m\u00e1y in 3d Creality K2 Plus<\/p>\n<p>** Price does not include VAT (+8 or 10% if VAT invoice is issued)<\/p>\n<figure id=\"attachment_5052\" aria-describedby=\"caption-attachment-5052\" style=\"width: 1123px\" class=\"wp-caption aligncenter\"><img loading=\"lazy\" decoding=\"async\" class=\"size-full wp-image-5052\" src=\"https:\/\/nge.123websitedev.com\/wp-content\/uploads\/2025\/03\/K2-Plus-Extrusion-Gear-Kit.jpg\" alt=\"B\u1ed9 b\u00e1nh r\u0103ng c\u1ee5m \u0111\u00f9n Extrusion Gear Kit cho m\u00e1y in 3d Creality K2 Plus\" width=\"1123\" height=\"801\" srcset=\"https:\/\/nge.vn\/wp-content\/uploads\/2025\/03\/K2-Plus-Extrusion-Gear-Kit.jpg 1123w, https:\/\/nge.vn\/wp-content\/uploads\/2025\/03\/K2-Plus-Extrusion-Gear-Kit-300x214.jpg 300w, https:\/\/nge.vn\/wp-content\/uploads\/2025\/03\/K2-Plus-Extrusion-Gear-Kit-1024x730.jpg 1024w, https:\/\/nge.vn\/wp-content\/uploads\/2025\/03\/K2-Plus-Extrusion-Gear-Kit-768x548.jpg 768w, https:\/\/nge.vn\/wp-content\/uploads\/2025\/03\/K2-Plus-Extrusion-Gear-Kit-18x12.jpg 18w, https:\/\/nge.vn\/wp-content\/uploads\/2025\/03\/K2-Plus-Extrusion-Gear-Kit-247x176.jpg 247w, https:\/\/nge.vn\/wp-content\/uploads\/2025\/03\/K2-Plus-Extrusion-Gear-Kit-510x364.jpg 510w\" sizes=\"auto, (max-width: 1123px) 100vw, 1123px\" \/><figcaption id=\"caption-attachment-5052\" class=\"wp-caption-text\">B\u1ed9 b\u00e1nh r\u0103ng c\u1ee5m \u0111\u00f9n Extrusion Gear Kit cho m\u00e1y in 3d Creality K2 Plus<\/figcaption><\/figure>\n<figure id=\"attachment_5057\" aria-describedby=\"caption-attachment-5057\" style=\"width: 596px\" class=\"wp-caption aligncenter\"><img loading=\"lazy\" decoding=\"async\" class=\"size-full wp-image-5057\" src=\"https:\/\/nge.123websitedev.com\/wp-content\/uploads\/2025\/03\/z6405151379003_2610ece219037132625f320ce3b6a920-removebg-preview.png\" alt=\"B\u1ed9 b\u00e1nh r\u0103ng c\u1ee5m \u0111\u00f9n Extrusion Gear Kit cho m\u00e1y in 3d Creality K2 Plus\" width=\"596\" height=\"419\" srcset=\"https:\/\/nge.vn\/wp-content\/uploads\/2025\/03\/z6405151379003_2610ece219037132625f320ce3b6a920-removebg-preview.png 596w, https:\/\/nge.vn\/wp-content\/uploads\/2025\/03\/z6405151379003_2610ece219037132625f320ce3b6a920-removebg-preview-300x211.png 300w, https:\/\/nge.vn\/wp-content\/uploads\/2025\/03\/z6405151379003_2610ece219037132625f320ce3b6a920-removebg-preview-18x12.png 18w, https:\/\/nge.vn\/wp-content\/uploads\/2025\/03\/z6405151379003_2610ece219037132625f320ce3b6a920-removebg-preview-247x174.png 247w, https:\/\/nge.vn\/wp-content\/uploads\/2025\/03\/z6405151379003_2610ece219037132625f320ce3b6a920-removebg-preview-510x359.png 510w\" sizes=\"auto, (max-width: 596px) 100vw, 596px\" \/><figcaption id=\"caption-attachment-5057\" class=\"wp-caption-text\">B\u1ed9 b\u00e1nh r\u0103ng c\u1ee5m \u0111\u00f9n Extrusion Gear Kit cho m\u00e1y in 3d Creality K2 Plus<\/figcaption><\/figure>\n<p><img loading=\"lazy\" decoding=\"async\" class=\"aligncenter size-full wp-image-5056\" src=\"https:\/\/nge.123websitedev.com\/wp-content\/uploads\/2025\/03\/z6405151355696_3990253554fbcac7220946902bbccb3a-removebg-preview.png\" alt=\"\" width=\"564\" height=\"371\" srcset=\"https:\/\/nge.vn\/wp-content\/uploads\/2025\/03\/z6405151355696_3990253554fbcac7220946902bbccb3a-removebg-preview.png 564w, https:\/\/nge.vn\/wp-content\/uploads\/2025\/03\/z6405151355696_3990253554fbcac7220946902bbccb3a-removebg-preview-300x197.png 300w, https:\/\/nge.vn\/wp-content\/uploads\/2025\/03\/z6405151355696_3990253554fbcac7220946902bbccb3a-removebg-preview-18x12.png 18w, https:\/\/nge.vn\/wp-content\/uploads\/2025\/03\/z6405151355696_3990253554fbcac7220946902bbccb3a-removebg-preview-247x162.png 247w, https:\/\/nge.vn\/wp-content\/uploads\/2025\/03\/z6405151355696_3990253554fbcac7220946902bbccb3a-removebg-preview-510x335.png 510w\" sizes=\"auto, (max-width: 564px) 100vw, 564px\" \/> <img loading=\"lazy\" decoding=\"async\" class=\"aligncenter size-full wp-image-5055\" src=\"https:\/\/nge.123websitedev.com\/wp-content\/uploads\/2025\/03\/z6405130057905_13613e80a31af43e5b2c8c5fa27a8c84.jpg\" alt=\"\" width=\"803\" height=\"799\" srcset=\"https:\/\/nge.vn\/wp-content\/uploads\/2025\/03\/z6405130057905_13613e80a31af43e5b2c8c5fa27a8c84.jpg 803w, https:\/\/nge.vn\/wp-content\/uploads\/2025\/03\/z6405130057905_13613e80a31af43e5b2c8c5fa27a8c84-300x300.jpg 300w, https:\/\/nge.vn\/wp-content\/uploads\/2025\/03\/z6405130057905_13613e80a31af43e5b2c8c5fa27a8c84-150x150.jpg 150w, https:\/\/nge.vn\/wp-content\/uploads\/2025\/03\/z6405130057905_13613e80a31af43e5b2c8c5fa27a8c84-768x764.jpg 768w, https:\/\/nge.vn\/wp-content\/uploads\/2025\/03\/z6405130057905_13613e80a31af43e5b2c8c5fa27a8c84-12x12.jpg 12w, https:\/\/nge.vn\/wp-content\/uploads\/2025\/03\/z6405130057905_13613e80a31af43e5b2c8c5fa27a8c84-247x246.jpg 247w, https:\/\/nge.vn\/wp-content\/uploads\/2025\/03\/z6405130057905_13613e80a31af43e5b2c8c5fa27a8c84-510x507.jpg 510w, https:\/\/nge.vn\/wp-content\/uploads\/2025\/03\/z6405130057905_13613e80a31af43e5b2c8c5fa27a8c84-100x100.jpg 100w\" sizes=\"auto, (max-width: 803px) 100vw, 803px\" \/> <img loading=\"lazy\" decoding=\"async\" class=\"aligncenter size-full wp-image-5054\" src=\"https:\/\/nge.123websitedev.com\/wp-content\/uploads\/2025\/03\/z6405130051778_a350f21e576564ed82f24d6298f927f2-removebg-preview.png\" alt=\"\" width=\"487\" height=\"512\" srcset=\"https:\/\/nge.vn\/wp-content\/uploads\/2025\/03\/z6405130051778_a350f21e576564ed82f24d6298f927f2-removebg-preview.png 487w, https:\/\/nge.vn\/wp-content\/uploads\/2025\/03\/z6405130051778_a350f21e576564ed82f24d6298f927f2-removebg-preview-285x300.png 285w, https:\/\/nge.vn\/wp-content\/uploads\/2025\/03\/z6405130051778_a350f21e576564ed82f24d6298f927f2-removebg-preview-11x12.png 11w, https:\/\/nge.vn\/wp-content\/uploads\/2025\/03\/z6405130051778_a350f21e576564ed82f24d6298f927f2-removebg-preview-247x260.png 247w\" sizes=\"auto, (max-width: 487px) 100vw, 487px\" \/> <img loading=\"lazy\" decoding=\"async\" class=\"aligncenter size-full wp-image-5053\" src=\"https:\/\/nge.123websitedev.com\/wp-content\/uploads\/2025\/03\/z6405130046453_8eb7f805408e95002cd2cdcabe0df618-removebg-preview.png\" alt=\"\" width=\"597\" height=\"418\" srcset=\"https:\/\/nge.vn\/wp-content\/uploads\/2025\/03\/z6405130046453_8eb7f805408e95002cd2cdcabe0df618-removebg-preview.png 597w, https:\/\/nge.vn\/wp-content\/uploads\/2025\/03\/z6405130046453_8eb7f805408e95002cd2cdcabe0df618-removebg-preview-300x210.png 300w, https:\/\/nge.vn\/wp-content\/uploads\/2025\/03\/z6405130046453_8eb7f805408e95002cd2cdcabe0df618-removebg-preview-18x12.png 18w, https:\/\/nge.vn\/wp-content\/uploads\/2025\/03\/z6405130046453_8eb7f805408e95002cd2cdcabe0df618-removebg-preview-247x173.png 247w, https:\/\/nge.vn\/wp-content\/uploads\/2025\/03\/z6405130046453_8eb7f805408e95002cd2cdcabe0df618-removebg-preview-510x357.png 510w\" sizes=\"auto, (max-width: 597px) 100vw, 597px\" \/><\/p>","protected":false},"excerpt":{"rendered":"<p>+Tr\u1ecdng l\u01b0\u1ee3ng: 17g<br \/>\n+K\u00edch Th\u01b0\u1edbc: 15*15*10mm<br \/>\n+Tr\u1ecdng l\u01b0\u1ee3ng g\u00f3i: 19g<br \/>\n+K\u00edch Th\u01b0\u1edbc g\u00f3i: 10*11*2cm<br \/>\n+K2 Plus Extrusion Gear Kit: 4004120025<\/p>\n<p>***S\u1eed d\u1ee5ng cho m\u00e1y in 3d Creality K2 Plus<\/p>","protected":false},"featured_media":5052,"comment_status":"open","ping_status":"closed","template":"","meta":{"inline_featured_image":false},"product_brand":[],"product_cat":[500],"product_tag":[526,525,527,524],"class_list":{"0":"post-5051","1":"product","2":"type-product","3":"status-publish","4":"has-post-thumbnail","6":"product_cat-tuyen-dung","7":"product_tag-bobanhrangcumdun","8":"product_tag-extrusiongearkit","9":"product_tag-extrusiongearkit_k2plus","10":"product_tag-bo-banh-rang-cum-dun-extrusion-gear-kit-cho-may-in-3d-creality-k2-plus","12":"first","13":"instock","14":"taxable","15":"shipping-taxable","16":"purchasable","17":"product-type-simple"},"yoast_head":"<!-- This site is optimized with the Yoast SEO Premium plugin v22.8 (Yoast SEO v26.9) - https:\/\/yoast.com\/product\/yoast-seo-premium-wordpress\/ -->\n<title>B\u1ed9 b\u00e1nh r\u0103ng c\u1ee5m \u0111\u00f9n Extrusion Gear Kit cho m\u00e1y in 3d Creality K2 Plus - NGE 3D Printers Services<\/title>\n<meta name=\"description\" content=\"B\u1ed9 b\u00e1nh r\u0103ng c\u1ee5m \u0111\u00f9n Extrusion Gear Kit cho m\u00e1y in 3d Creality K2 Plus\" \/>\n<meta name=\"robots\" content=\"index, follow, max-snippet:-1, max-image-preview:large, max-video-preview:-1\" \/>\n<link rel=\"canonical\" href=\"https:\/\/nge.vn\/en\/product\/bo-banh-rang-cum-dun-extrusion-gear-kit-cho-may-in-3d-creality-k2-plus\/\" \/>\n<meta property=\"og:locale\" content=\"en_US\" \/>\n<meta property=\"og:type\" content=\"article\" \/>\n<meta property=\"og:title\" content=\"B\u1ed9 b\u00e1nh r\u0103ng c\u1ee5m \u0111\u00f9n Extrusion Gear Kit cho m\u00e1y in 3d Creality K2 Plus\" \/>\n<meta property=\"og:description\" content=\"B\u1ed9 b\u00e1nh r\u0103ng c\u1ee5m \u0111\u00f9n Extrusion Gear Kit cho m\u00e1y in 3d Creality K2 Plus\" \/>\n<meta property=\"og:url\" content=\"https:\/\/nge.vn\/en\/product\/bo-banh-rang-cum-dun-extrusion-gear-kit-cho-may-in-3d-creality-k2-plus\/\" \/>\n<meta property=\"og:site_name\" content=\"NGE 3D Printers Services\" \/>\n<meta property=\"article:modified_time\" content=\"2025-03-24T11:39:55+00:00\" \/>\n<meta property=\"og:image\" content=\"https:\/\/nge.vn\/wp-content\/uploads\/2025\/03\/K2-Plus-Extrusion-Gear-Kit.jpg\" \/>\n\t<meta property=\"og:image:width\" content=\"1123\" \/>\n\t<meta property=\"og:image:height\" content=\"801\" \/>\n\t<meta property=\"og:image:type\" content=\"image\/jpeg\" \/>\n<meta name=\"twitter:card\" content=\"summary_large_image\" \/>\n<meta name=\"twitter:label1\" content=\"Est. reading time\" \/>\n\t<meta name=\"twitter:data1\" content=\"2 minutes\" \/>\n<script type=\"application\/ld+json\" class=\"yoast-schema-graph\">{\"@context\":\"https:\/\/schema.org\",\"@graph\":[{\"@type\":\"WebPage\",\"@id\":\"https:\/\/nge.vn\/san-pham\/bo-banh-rang-cum-dun-extrusion-gear-kit-cho-may-in-3d-creality-k2-plus\/\",\"url\":\"https:\/\/nge.vn\/san-pham\/bo-banh-rang-cum-dun-extrusion-gear-kit-cho-may-in-3d-creality-k2-plus\/\",\"name\":\"B\u1ed9 b\u00e1nh r\u0103ng c\u1ee5m \u0111\u00f9n Extrusion Gear Kit cho m\u00e1y in 3d Creality K2 Plus - NGE 3D Printers Services\",\"isPartOf\":{\"@id\":\"https:\/\/nge.vn\/#website\"},\"primaryImageOfPage\":{\"@id\":\"https:\/\/nge.vn\/san-pham\/bo-banh-rang-cum-dun-extrusion-gear-kit-cho-may-in-3d-creality-k2-plus\/#primaryimage\"},\"image\":{\"@id\":\"https:\/\/nge.vn\/san-pham\/bo-banh-rang-cum-dun-extrusion-gear-kit-cho-may-in-3d-creality-k2-plus\/#primaryimage\"},\"thumbnailUrl\":\"https:\/\/nge.vn\/wp-content\/uploads\/2025\/03\/K2-Plus-Extrusion-Gear-Kit.jpg\",\"datePublished\":\"2025-03-22T05:12:02+00:00\",\"dateModified\":\"2025-03-24T11:39:55+00:00\",\"description\":\"B\u1ed9 b\u00e1nh r\u0103ng c\u1ee5m \u0111\u00f9n Extrusion Gear Kit cho m\u00e1y in 3d Creality K2 Plus\",\"breadcrumb\":{\"@id\":\"https:\/\/nge.vn\/san-pham\/bo-banh-rang-cum-dun-extrusion-gear-kit-cho-may-in-3d-creality-k2-plus\/#breadcrumb\"},\"inLanguage\":\"en-US\",\"potentialAction\":[{\"@type\":\"ReadAction\",\"target\":[\"https:\/\/nge.vn\/san-pham\/bo-banh-rang-cum-dun-extrusion-gear-kit-cho-may-in-3d-creality-k2-plus\/\"]}]},{\"@type\":\"ImageObject\",\"inLanguage\":\"en-US\",\"@id\":\"https:\/\/nge.vn\/san-pham\/bo-banh-rang-cum-dun-extrusion-gear-kit-cho-may-in-3d-creality-k2-plus\/#primaryimage\",\"url\":\"https:\/\/nge.vn\/wp-content\/uploads\/2025\/03\/K2-Plus-Extrusion-Gear-Kit.jpg\",\"contentUrl\":\"https:\/\/nge.vn\/wp-content\/uploads\/2025\/03\/K2-Plus-Extrusion-Gear-Kit.jpg\",\"width\":1123,\"height\":801,\"caption\":\"B\u1ed9 b\u00e1nh r\u0103ng c\u1ee5m \u0111\u00f9n Extrusion Gear Kit cho m\u00e1y in 3d Creality K2 Plus\"},{\"@type\":\"BreadcrumbList\",\"@id\":\"https:\/\/nge.vn\/san-pham\/bo-banh-rang-cum-dun-extrusion-gear-kit-cho-may-in-3d-creality-k2-plus\/#breadcrumb\",\"itemListElement\":[{\"@type\":\"ListItem\",\"position\":1,\"name\":\"Trang ch\u1ee7\",\"item\":\"https:\/\/nge.vn\/\"},{\"@type\":\"ListItem\",\"position\":2,\"name\":\"S\u1ea3n ph\u1ea9m\",\"item\":\"https:\/\/nge.vn\/san-pham\/\"},{\"@type\":\"ListItem\",\"position\":3,\"name\":\"B\u1ed9 b\u00e1nh r\u0103ng c\u1ee5m \u0111\u00f9n Extrusion Gear Kit cho m\u00e1y in 3d Creality K2 Plus\"}]},{\"@type\":\"WebSite\",\"@id\":\"https:\/\/nge.vn\/#website\",\"url\":\"https:\/\/nge.vn\/\",\"name\":\"NGE 3D Printers Services\",\"description\":\"\",\"potentialAction\":[{\"@type\":\"SearchAction\",\"target\":{\"@type\":\"EntryPoint\",\"urlTemplate\":\"https:\/\/nge.vn\/?s={search_term_string}\"},\"query-input\":{\"@type\":\"PropertyValueSpecification\",\"valueRequired\":true,\"valueName\":\"search_term_string\"}}],\"inLanguage\":\"en-US\"}]}<\/script>\n<!-- \/ Yoast SEO Premium plugin. -->","yoast_head_json":{"title":"B\u1ed9 b\u00e1nh r\u0103ng c\u1ee5m \u0111\u00f9n Extrusion Gear Kit cho m\u00e1y in 3d Creality K2 Plus - NGE 3D Printers Services","description":"B\u1ed9 b\u00e1nh r\u0103ng c\u1ee5m \u0111\u00f9n Extrusion Gear Kit cho m\u00e1y in 3d Creality K2 Plus","robots":{"index":"index","follow":"follow","max-snippet":"max-snippet:-1","max-image-preview":"max-image-preview:large","max-video-preview":"max-video-preview:-1"},"canonical":"https:\/\/nge.vn\/en\/product\/bo-banh-rang-cum-dun-extrusion-gear-kit-cho-may-in-3d-creality-k2-plus\/","og_locale":"en_US","og_type":"article","og_title":"B\u1ed9 b\u00e1nh r\u0103ng c\u1ee5m \u0111\u00f9n Extrusion Gear Kit cho m\u00e1y in 3d Creality K2 Plus","og_description":"B\u1ed9 b\u00e1nh r\u0103ng c\u1ee5m \u0111\u00f9n Extrusion Gear Kit cho m\u00e1y in 3d Creality K2 Plus","og_url":"https:\/\/nge.vn\/en\/product\/bo-banh-rang-cum-dun-extrusion-gear-kit-cho-may-in-3d-creality-k2-plus\/","og_site_name":"NGE 3D Printers Services","article_modified_time":"2025-03-24T11:39:55+00:00","og_image":[{"width":1123,"height":801,"url":"https:\/\/nge.vn\/wp-content\/uploads\/2025\/03\/K2-Plus-Extrusion-Gear-Kit.jpg","type":"image\/jpeg"}],"twitter_card":"summary_large_image","twitter_misc":{"Est. reading time":"2 minutes"},"schema":{"@context":"https:\/\/schema.org","@graph":[{"@type":"WebPage","@id":"https:\/\/nge.vn\/san-pham\/bo-banh-rang-cum-dun-extrusion-gear-kit-cho-may-in-3d-creality-k2-plus\/","url":"https:\/\/nge.vn\/san-pham\/bo-banh-rang-cum-dun-extrusion-gear-kit-cho-may-in-3d-creality-k2-plus\/","name":"B\u1ed9 b\u00e1nh r\u0103ng c\u1ee5m \u0111\u00f9n Extrusion Gear Kit cho m\u00e1y in 3d Creality K2 Plus - NGE 3D Printers Services","isPartOf":{"@id":"https:\/\/nge.vn\/#website"},"primaryImageOfPage":{"@id":"https:\/\/nge.vn\/san-pham\/bo-banh-rang-cum-dun-extrusion-gear-kit-cho-may-in-3d-creality-k2-plus\/#primaryimage"},"image":{"@id":"https:\/\/nge.vn\/san-pham\/bo-banh-rang-cum-dun-extrusion-gear-kit-cho-may-in-3d-creality-k2-plus\/#primaryimage"},"thumbnailUrl":"https:\/\/nge.vn\/wp-content\/uploads\/2025\/03\/K2-Plus-Extrusion-Gear-Kit.jpg","datePublished":"2025-03-22T05:12:02+00:00","dateModified":"2025-03-24T11:39:55+00:00","description":"B\u1ed9 b\u00e1nh r\u0103ng c\u1ee5m \u0111\u00f9n Extrusion Gear Kit cho m\u00e1y in 3d Creality K2 Plus","breadcrumb":{"@id":"https:\/\/nge.vn\/san-pham\/bo-banh-rang-cum-dun-extrusion-gear-kit-cho-may-in-3d-creality-k2-plus\/#breadcrumb"},"inLanguage":"en-US","potentialAction":[{"@type":"ReadAction","target":["https:\/\/nge.vn\/san-pham\/bo-banh-rang-cum-dun-extrusion-gear-kit-cho-may-in-3d-creality-k2-plus\/"]}]},{"@type":"ImageObject","inLanguage":"en-US","@id":"https:\/\/nge.vn\/san-pham\/bo-banh-rang-cum-dun-extrusion-gear-kit-cho-may-in-3d-creality-k2-plus\/#primaryimage","url":"https:\/\/nge.vn\/wp-content\/uploads\/2025\/03\/K2-Plus-Extrusion-Gear-Kit.jpg","contentUrl":"https:\/\/nge.vn\/wp-content\/uploads\/2025\/03\/K2-Plus-Extrusion-Gear-Kit.jpg","width":1123,"height":801,"caption":"B\u1ed9 b\u00e1nh r\u0103ng c\u1ee5m \u0111\u00f9n Extrusion Gear Kit cho m\u00e1y in 3d Creality K2 Plus"},{"@type":"BreadcrumbList","@id":"https:\/\/nge.vn\/san-pham\/bo-banh-rang-cum-dun-extrusion-gear-kit-cho-may-in-3d-creality-k2-plus\/#breadcrumb","itemListElement":[{"@type":"ListItem","position":1,"name":"Trang ch\u1ee7","item":"https:\/\/nge.vn\/"},{"@type":"ListItem","position":2,"name":"S\u1ea3n ph\u1ea9m","item":"https:\/\/nge.vn\/san-pham\/"},{"@type":"ListItem","position":3,"name":"B\u1ed9 b\u00e1nh r\u0103ng c\u1ee5m \u0111\u00f9n Extrusion Gear Kit cho m\u00e1y in 3d Creality K2 Plus"}]},{"@type":"WebSite","@id":"https:\/\/nge.vn\/#website","url":"https:\/\/nge.vn\/","name":"NGE 3D Printers Services","description":"","potentialAction":[{"@type":"SearchAction","target":{"@type":"EntryPoint","urlTemplate":"https:\/\/nge.vn\/?s={search_term_string}"},"query-input":{"@type":"PropertyValueSpecification","valueRequired":true,"valueName":"search_term_string"}}],"inLanguage":"en-US"}]}},"_links":{"self":[{"href":"https:\/\/nge.vn\/en\/wp-json\/wp\/v2\/product\/5051","targetHints":{"allow":["GET"]}}],"collection":[{"href":"https:\/\/nge.vn\/en\/wp-json\/wp\/v2\/product"}],"about":[{"href":"https:\/\/nge.vn\/en\/wp-json\/wp\/v2\/types\/product"}],"replies":[{"embeddable":true,"href":"https:\/\/nge.vn\/en\/wp-json\/wp\/v2\/comments?post=5051"}],"wp:featuredmedia":[{"embeddable":true,"href":"https:\/\/nge.vn\/en\/wp-json\/wp\/v2\/media\/5052"}],"wp:attachment":[{"href":"https:\/\/nge.vn\/en\/wp-json\/wp\/v2\/media?parent=5051"}],"wp:term":[{"taxonomy":"product_brand","embeddable":true,"href":"https:\/\/nge.vn\/en\/wp-json\/wp\/v2\/product_brand?post=5051"},{"taxonomy":"product_cat","embeddable":true,"href":"https:\/\/nge.vn\/en\/wp-json\/wp\/v2\/product_cat?post=5051"},{"taxonomy":"product_tag","embeddable":true,"href":"https:\/\/nge.vn\/en\/wp-json\/wp\/v2\/product_tag?post=5051"}],"curies":[{"name":"wp","href":"https:\/\/api.w.org\/{rel}","templated":true}]}}