{"id":504,"date":"2024-10-25T12:40:17","date_gmt":"2024-10-25T05:40:17","guid":{"rendered":"https:\/\/nge.123websitedev.com\/san-pham\/bo-pei-in-hai-mat-k1-max-dual-sided-glossy-pet-matte-pei-printing-platform-board-kit-without-soft-magnetic-sticker\/"},"modified":"2024-10-29T17:18:12","modified_gmt":"2024-10-29T10:18:12","slug":"bo-pei-in-hai-mat-k1-max-dual-sided-glossy-pet-matte-pei-printing-platform-board-kit-without-soft-magnetic-sticker","status":"publish","type":"product","link":"https:\/\/nge.vn\/en\/product\/bo-pei-in-hai-mat-k1-max-dual-sided-glossy-pet-matte-pei-printing-platform-board-kit-without-soft-magnetic-sticker\/","title":{"rendered":"B\u1ed9 PEI in hai m\u1eb7t K1 Max Dual-Sided Glossy PET + Matte PEI Printing Platform Board Kit (Without soft magnetic sticker)"},"content":{"rendered":"<p>B\u1ed9 b\u00e0n PEI in hai m\u1eb7t K1 Max Dual-Sided Glossy PET + Matte PEI Printing Platform Board Kit (Without soft magnetic sticker)<\/p>\n<p>B\u1ea3ng n\u1ec1n in PEI b\u00f3ng + PET m\u1edd<br \/>\n_Ch\u1ee9c n\u0103ng s\u1eed d\u1ee5ng k\u00e9p \u0111\u1ec3 chuy\u1ec3n \u0111\u1ed5i linh ho\u1ea1t<br \/>\n+Chi ph\u00ed- Hi\u1ec7u qu\u1ea3<br \/>\n+D\u1ec5 d\u00e0ng th\u00e1o khu\u00f4n<br \/>\n+\u0110\u1ed9 ph\u1eb3ng cao<br \/>\n+Ch\u1ed1ng m\u00e0i m\u00f2n v\u00e0 b\u1ec1n<\/p>\n<p>_\u0110\u1ed9 b\u00e1m d\u00ednh cao, khu\u00f4n \u1ed5n \u0111\u1ecbnh<br \/>\nT\u1ea5m th\u00e9p l\u00f2 xo m\u1ecfng c\u00f3 \u0111\u1ed9 b\u00e1m d\u00ednh b\u1ec1 m\u1eb7t v\u1edbi v\u1eadt li\u1ec7u c\u00f3 \u0111\u1ed9 b\u00e1m d\u00ednh cao, gi\u00fap gi\u1ea3m qu\u00e1n t\u00ednh trong qu\u00e1 tr\u00ecnh di chuy\u1ec3n n\u1ec1n t\u1ea3ng \u0111\u1ec3 v\u1eadn h\u00e0nh m\u00e1y in 3D m\u01b0\u1ee3t m\u00e0 h\u01a1n.<br \/>\n+B\u1ec1 m\u1eb7t decal PET: Ch\u1ecbu \u0111\u01b0\u1ee3c nhi\u1ec7t \u0111\u1ed9 kho\u1ea3ng 80\u00b0C, n\u00ean in PLA, PETG, TPU<br \/>\n+0.4mm: T\u1ea5m th\u00e9p l\u00f2 xo m\u1ecfng<br \/>\n+B\u1ec1 m\u1eb7t m\u1edd PEI: C\u00f3 th\u1ec3 in h\u1ea7u h\u1ebft c\u00e1c lo\u1ea1i v\u1eadt t\u01b0 ti\u00eau hao tr\u00ean th\u1ecb tr\u01b0\u1eddng: Nh\u01b0 PLA, PETG, ABS, TPU, ASA, PET, PA, PC,..<\/p>\n<p>_S\u1eed d\u1ee5ng k\u00e9p M\u1ed9t s\u1ef1 k\u1ebft h\u1ee3p m\u1ea1nh m\u1ebd<br \/>\nM\u1ed9t n\u1ec1n t\u1ea3ng in \u0111\u00e1p \u1ee9ng nhu c\u1ea7u in \u1ea5n \u0111a d\u1ea1ng.<br \/>\n+Thi\u1ebft k\u1ebf k\u1ebft c\u1ea5u s\u1ee3i carbon PET, hoa v\u0103n \u0111\u1ed9c \u0111\u00e1o v\u00e0 s\u00e1ng t\u1ea1o, hi\u1ec7u \u1ee9ng k\u1ebft c\u1ea5u tuy\u1ec7t v\u1eddi tr\u00ean b\u1ec1 m\u1eb7t \u0111\u00e1y m\u00f4 h\u00ecnh<br \/>\n+PEI \u0111en m\u1edd c\u00f3 \u0111\u1ed9 b\u00e1m d\u00ednh cao, ch\u1ed1ng cong v\u00eanh m\u00f4 h\u00ecnh<br \/>\n+N\u1ec1n t\u1ea3ng hai m\u1eb7t k\u1ebft h\u1ee3p \u0111i\u1ec3m m\u1ea1nh c\u1ee7a c\u1ea3 hai, cho ph\u00e9p chuy\u1ec3n \u0111\u1ed5i li\u1ec1n m\u1ea1ch<\/p>\n<p>_\u0110\u1ed9 ph\u1eb3ng cao, d\u1ec5 \u0111\u00fac<br \/>\nT\u1ea5m th\u00e9p l\u00f2 xo c\u00f3 \u0111\u1ed9 ph\u1eb3ng cao, c\u00f3 \u0111\u1ed9 \u0111\u00e0n h\u1ed3i tuy\u1ec7t v\u1eddi, kh\u00f4ng b\u1ecb bi\u1ebfn d\u1ea1ng sau khi u\u1ed1n nhi\u1ec1u l\u1ea7n, t\u1ea1o \u0111i\u1ec1u ki\u1ec7n thu\u1eadn l\u1ee3i cho vi\u1ec7c th\u00e1o khu\u00f4n.<\/p>\n<p>_\u0110\u1ed9 b\u00e1m d\u00ednh t\u1eeb t\u00ednh m\u1ea1nh, ch\u1ed1ng d\u1ecbch chuy\u1ec3n<br \/>\nMi\u1ebfng d\u00e1n t\u1eeb t\u00ednh m\u1ea1nh m\u1ebd \u0111\u01b0\u1ee3c s\u1eed d\u1ee5ng \u0111\u1ec3 duy tr\u00ec t\u1eeb t\u00ednh cao ngay c\u1ea3 \u1edf nhi\u1ec7t \u0111\u1ed9 cao, \u0111\u1ea3m b\u1ea3o \u0111\u1ed9 \u1ed5n \u0111\u1ecbnh khi in.<\/p>\n<p>_Product specifications<br \/>\nT\u00ean s\u1ea3n ph\u1ea9m: B\u1ed9 b\u1ea3ng m\u1ea1ch in hai m\u1eb7t &#8211; PET b\u00f3ng + PEI m\u1edd<br \/>\nModel t\u01b0\u01a1ng th\u00edch: Creality K1 Max v\u00e0 Th\u00edch h\u1ee3p cho m\u00e1y in FDM c\u00f3 k\u00edch th\u01b0\u1edbc n\u1ec1n t\u1ea3ng 310\u00d7315mm<br \/>\nK\u00edch th\u01b0\u1edbc: 310\u00d7315mm<\/p>\n<p>_C\u00e0i \u0111\u1eb7t nhanh, \u0111\u1ecbnh v\u1ecb ch\u00ednh x\u00e1c<br \/>\nTay c\u1ea7m k\u00e9p \u0111\u1ed9c \u0111\u00e1o + thi\u1ebft k\u1ebf l\u1ed7 \u0111\u1ecbnh v\u1ecb k\u00e9p \u0111\u1ec3 l\u1eafp \u0111\u1eb7t ch\u00ednh x\u00e1c.<\/p>\n<p>** Price does not include VAT (+8 or 10% if VAT invoice is issued)<\/p>","protected":false},"excerpt":{"rendered":"<p>B\u1ed9 PEI in hai m\u1eb7t K1 Max Dual-Sided Glossy PET + Matte PEI Printing Platform Board Kit (Without soft magnetic sticker)<\/p>","protected":false},"featured_media":495,"comment_status":"open","ping_status":"closed","template":"","meta":{"inline_featured_image":false},"product_brand":[],"product_cat":[458,462,40,58,459],"product_tag":[],"class_list":{"0":"post-504","1":"product","2":"type-product","3":"status-publish","4":"has-post-thumbnail","6":"product_cat-ban-kinh-carbon-va-pei","7":"product_cat-board-va-man-hinh-dieu-khien","8":"product_cat-linh-kien-va-phu-kien","9":"product_cat-phu-kien-may-in-3d-bigtreetech","10":"product_cat-quat-va-day-belt-truc","12":"first","13":"instock","14":"taxable","15":"shipping-taxable","16":"purchasable","17":"product-type-simple"},"yoast_head":"<!-- This site is optimized with the Yoast SEO Premium plugin v22.8 (Yoast SEO v26.9) - https:\/\/yoast.com\/product\/yoast-seo-premium-wordpress\/ -->\n<title>B\u1ed9 PEI in hai m\u1eb7t K1 Max Dual-Sided Glossy PET + Matte PEI Printing Platform Board Kit (Without soft magnetic sticker) - NGE 3D Printers Services<\/title>\n<meta name=\"robots\" content=\"index, follow, max-snippet:-1, max-image-preview:large, max-video-preview:-1\" \/>\n<link rel=\"canonical\" href=\"https:\/\/nge.vn\/en\/product\/bo-pei-in-hai-mat-k1-max-dual-sided-glossy-pet-matte-pei-printing-platform-board-kit-without-soft-magnetic-sticker\/\" \/>\n<meta property=\"og:locale\" content=\"en_US\" \/>\n<meta property=\"og:type\" content=\"article\" \/>\n<meta property=\"og:title\" content=\"B\u1ed9 PEI in hai m\u1eb7t K1 Max Dual-Sided Glossy PET + Matte PEI Printing Platform Board Kit (Without soft magnetic sticker)\" \/>\n<meta property=\"og:description\" content=\"B\u1ed9 PEI in hai m\u1eb7t K1 Max Dual-Sided Glossy PET + Matte PEI Printing Platform Board Kit (Without soft magnetic sticker)\" \/>\n<meta property=\"og:url\" content=\"https:\/\/nge.vn\/en\/product\/bo-pei-in-hai-mat-k1-max-dual-sided-glossy-pet-matte-pei-printing-platform-board-kit-without-soft-magnetic-sticker\/\" \/>\n<meta property=\"og:site_name\" content=\"NGE 3D Printers Services\" \/>\n<meta property=\"article:modified_time\" content=\"2024-10-29T10:18:12+00:00\" \/>\n<meta property=\"og:image\" content=\"https:\/\/nge.vn\/wp-content\/uploads\/2024\/10\/images-upload-woo2F0278411b20f2381862a6117f608a81d5.jpg\" \/>\n\t<meta property=\"og:image:width\" content=\"1000\" \/>\n\t<meta property=\"og:image:height\" content=\"1000\" \/>\n\t<meta property=\"og:image:type\" content=\"image\/jpeg\" \/>\n<meta name=\"twitter:card\" content=\"summary_large_image\" \/>\n<meta name=\"twitter:label1\" content=\"Est. reading time\" \/>\n\t<meta name=\"twitter:data1\" content=\"3 minutes\" \/>\n<script type=\"application\/ld+json\" class=\"yoast-schema-graph\">{\"@context\":\"https:\/\/schema.org\",\"@graph\":[{\"@type\":\"WebPage\",\"@id\":\"https:\/\/nge.vn\/san-pham\/bo-pei-in-hai-mat-k1-max-dual-sided-glossy-pet-matte-pei-printing-platform-board-kit-without-soft-magnetic-sticker\/\",\"url\":\"https:\/\/nge.vn\/san-pham\/bo-pei-in-hai-mat-k1-max-dual-sided-glossy-pet-matte-pei-printing-platform-board-kit-without-soft-magnetic-sticker\/\",\"name\":\"B\u1ed9 PEI in hai m\u1eb7t K1 Max Dual-Sided Glossy PET + Matte PEI Printing Platform Board Kit (Without soft magnetic sticker) - NGE 3D Printers Services\",\"isPartOf\":{\"@id\":\"https:\/\/nge.vn\/#website\"},\"primaryImageOfPage\":{\"@id\":\"https:\/\/nge.vn\/san-pham\/bo-pei-in-hai-mat-k1-max-dual-sided-glossy-pet-matte-pei-printing-platform-board-kit-without-soft-magnetic-sticker\/#primaryimage\"},\"image\":{\"@id\":\"https:\/\/nge.vn\/san-pham\/bo-pei-in-hai-mat-k1-max-dual-sided-glossy-pet-matte-pei-printing-platform-board-kit-without-soft-magnetic-sticker\/#primaryimage\"},\"thumbnailUrl\":\"https:\/\/nge.vn\/wp-content\/uploads\/2024\/10\/images-upload-woo2F0278411b20f2381862a6117f608a81d5.jpg\",\"datePublished\":\"2024-10-25T05:40:17+00:00\",\"dateModified\":\"2024-10-29T10:18:12+00:00\",\"breadcrumb\":{\"@id\":\"https:\/\/nge.vn\/san-pham\/bo-pei-in-hai-mat-k1-max-dual-sided-glossy-pet-matte-pei-printing-platform-board-kit-without-soft-magnetic-sticker\/#breadcrumb\"},\"inLanguage\":\"en-US\",\"potentialAction\":[{\"@type\":\"ReadAction\",\"target\":[\"https:\/\/nge.vn\/san-pham\/bo-pei-in-hai-mat-k1-max-dual-sided-glossy-pet-matte-pei-printing-platform-board-kit-without-soft-magnetic-sticker\/\"]}]},{\"@type\":\"ImageObject\",\"inLanguage\":\"en-US\",\"@id\":\"https:\/\/nge.vn\/san-pham\/bo-pei-in-hai-mat-k1-max-dual-sided-glossy-pet-matte-pei-printing-platform-board-kit-without-soft-magnetic-sticker\/#primaryimage\",\"url\":\"https:\/\/nge.vn\/wp-content\/uploads\/2024\/10\/images-upload-woo2F0278411b20f2381862a6117f608a81d5.jpg\",\"contentUrl\":\"https:\/\/nge.vn\/wp-content\/uploads\/2024\/10\/images-upload-woo2F0278411b20f2381862a6117f608a81d5.jpg\",\"width\":1000,\"height\":1000},{\"@type\":\"BreadcrumbList\",\"@id\":\"https:\/\/nge.vn\/san-pham\/bo-pei-in-hai-mat-k1-max-dual-sided-glossy-pet-matte-pei-printing-platform-board-kit-without-soft-magnetic-sticker\/#breadcrumb\",\"itemListElement\":[{\"@type\":\"ListItem\",\"position\":1,\"name\":\"Trang ch\u1ee7\",\"item\":\"https:\/\/nge.vn\/\"},{\"@type\":\"ListItem\",\"position\":2,\"name\":\"S\u1ea3n ph\u1ea9m\",\"item\":\"https:\/\/nge.vn\/san-pham\/\"},{\"@type\":\"ListItem\",\"position\":3,\"name\":\"B\u1ed9 PEI in hai m\u1eb7t K1 Max Dual-Sided Glossy PET + Matte PEI Printing Platform Board Kit (Without soft magnetic sticker)\"}]},{\"@type\":\"WebSite\",\"@id\":\"https:\/\/nge.vn\/#website\",\"url\":\"https:\/\/nge.vn\/\",\"name\":\"NGE 3D Printers Services\",\"description\":\"\",\"potentialAction\":[{\"@type\":\"SearchAction\",\"target\":{\"@type\":\"EntryPoint\",\"urlTemplate\":\"https:\/\/nge.vn\/?s={search_term_string}\"},\"query-input\":{\"@type\":\"PropertyValueSpecification\",\"valueRequired\":true,\"valueName\":\"search_term_string\"}}],\"inLanguage\":\"en-US\"}]}<\/script>\n<!-- \/ Yoast SEO Premium plugin. -->","yoast_head_json":{"title":"B\u1ed9 PEI in hai m\u1eb7t K1 Max Dual-Sided Glossy PET + Matte PEI Printing Platform Board Kit (Without soft magnetic sticker) - NGE 3D Printers Services","robots":{"index":"index","follow":"follow","max-snippet":"max-snippet:-1","max-image-preview":"max-image-preview:large","max-video-preview":"max-video-preview:-1"},"canonical":"https:\/\/nge.vn\/en\/product\/bo-pei-in-hai-mat-k1-max-dual-sided-glossy-pet-matte-pei-printing-platform-board-kit-without-soft-magnetic-sticker\/","og_locale":"en_US","og_type":"article","og_title":"B\u1ed9 PEI in hai m\u1eb7t K1 Max Dual-Sided Glossy PET + Matte PEI Printing Platform Board Kit (Without soft magnetic sticker)","og_description":"B\u1ed9 PEI in hai m\u1eb7t K1 Max Dual-Sided Glossy PET + Matte PEI Printing Platform Board Kit (Without soft magnetic sticker)","og_url":"https:\/\/nge.vn\/en\/product\/bo-pei-in-hai-mat-k1-max-dual-sided-glossy-pet-matte-pei-printing-platform-board-kit-without-soft-magnetic-sticker\/","og_site_name":"NGE 3D Printers Services","article_modified_time":"2024-10-29T10:18:12+00:00","og_image":[{"width":1000,"height":1000,"url":"https:\/\/nge.vn\/wp-content\/uploads\/2024\/10\/images-upload-woo2F0278411b20f2381862a6117f608a81d5.jpg","type":"image\/jpeg"}],"twitter_card":"summary_large_image","twitter_misc":{"Est. reading time":"3 minutes"},"schema":{"@context":"https:\/\/schema.org","@graph":[{"@type":"WebPage","@id":"https:\/\/nge.vn\/san-pham\/bo-pei-in-hai-mat-k1-max-dual-sided-glossy-pet-matte-pei-printing-platform-board-kit-without-soft-magnetic-sticker\/","url":"https:\/\/nge.vn\/san-pham\/bo-pei-in-hai-mat-k1-max-dual-sided-glossy-pet-matte-pei-printing-platform-board-kit-without-soft-magnetic-sticker\/","name":"B\u1ed9 PEI in hai m\u1eb7t K1 Max Dual-Sided Glossy PET + Matte PEI Printing Platform Board Kit (Without soft magnetic sticker) - NGE 3D Printers Services","isPartOf":{"@id":"https:\/\/nge.vn\/#website"},"primaryImageOfPage":{"@id":"https:\/\/nge.vn\/san-pham\/bo-pei-in-hai-mat-k1-max-dual-sided-glossy-pet-matte-pei-printing-platform-board-kit-without-soft-magnetic-sticker\/#primaryimage"},"image":{"@id":"https:\/\/nge.vn\/san-pham\/bo-pei-in-hai-mat-k1-max-dual-sided-glossy-pet-matte-pei-printing-platform-board-kit-without-soft-magnetic-sticker\/#primaryimage"},"thumbnailUrl":"https:\/\/nge.vn\/wp-content\/uploads\/2024\/10\/images-upload-woo2F0278411b20f2381862a6117f608a81d5.jpg","datePublished":"2024-10-25T05:40:17+00:00","dateModified":"2024-10-29T10:18:12+00:00","breadcrumb":{"@id":"https:\/\/nge.vn\/san-pham\/bo-pei-in-hai-mat-k1-max-dual-sided-glossy-pet-matte-pei-printing-platform-board-kit-without-soft-magnetic-sticker\/#breadcrumb"},"inLanguage":"en-US","potentialAction":[{"@type":"ReadAction","target":["https:\/\/nge.vn\/san-pham\/bo-pei-in-hai-mat-k1-max-dual-sided-glossy-pet-matte-pei-printing-platform-board-kit-without-soft-magnetic-sticker\/"]}]},{"@type":"ImageObject","inLanguage":"en-US","@id":"https:\/\/nge.vn\/san-pham\/bo-pei-in-hai-mat-k1-max-dual-sided-glossy-pet-matte-pei-printing-platform-board-kit-without-soft-magnetic-sticker\/#primaryimage","url":"https:\/\/nge.vn\/wp-content\/uploads\/2024\/10\/images-upload-woo2F0278411b20f2381862a6117f608a81d5.jpg","contentUrl":"https:\/\/nge.vn\/wp-content\/uploads\/2024\/10\/images-upload-woo2F0278411b20f2381862a6117f608a81d5.jpg","width":1000,"height":1000},{"@type":"BreadcrumbList","@id":"https:\/\/nge.vn\/san-pham\/bo-pei-in-hai-mat-k1-max-dual-sided-glossy-pet-matte-pei-printing-platform-board-kit-without-soft-magnetic-sticker\/#breadcrumb","itemListElement":[{"@type":"ListItem","position":1,"name":"Trang ch\u1ee7","item":"https:\/\/nge.vn\/"},{"@type":"ListItem","position":2,"name":"S\u1ea3n ph\u1ea9m","item":"https:\/\/nge.vn\/san-pham\/"},{"@type":"ListItem","position":3,"name":"B\u1ed9 PEI in hai m\u1eb7t K1 Max Dual-Sided Glossy PET + Matte PEI Printing Platform Board Kit (Without soft magnetic sticker)"}]},{"@type":"WebSite","@id":"https:\/\/nge.vn\/#website","url":"https:\/\/nge.vn\/","name":"NGE 3D Printers Services","description":"","potentialAction":[{"@type":"SearchAction","target":{"@type":"EntryPoint","urlTemplate":"https:\/\/nge.vn\/?s={search_term_string}"},"query-input":{"@type":"PropertyValueSpecification","valueRequired":true,"valueName":"search_term_string"}}],"inLanguage":"en-US"}]}},"_links":{"self":[{"href":"https:\/\/nge.vn\/en\/wp-json\/wp\/v2\/product\/504","targetHints":{"allow":["GET"]}}],"collection":[{"href":"https:\/\/nge.vn\/en\/wp-json\/wp\/v2\/product"}],"about":[{"href":"https:\/\/nge.vn\/en\/wp-json\/wp\/v2\/types\/product"}],"replies":[{"embeddable":true,"href":"https:\/\/nge.vn\/en\/wp-json\/wp\/v2\/comments?post=504"}],"wp:featuredmedia":[{"embeddable":true,"href":"https:\/\/nge.vn\/en\/wp-json\/wp\/v2\/media\/495"}],"wp:attachment":[{"href":"https:\/\/nge.vn\/en\/wp-json\/wp\/v2\/media?parent=504"}],"wp:term":[{"taxonomy":"product_brand","embeddable":true,"href":"https:\/\/nge.vn\/en\/wp-json\/wp\/v2\/product_brand?post=504"},{"taxonomy":"product_cat","embeddable":true,"href":"https:\/\/nge.vn\/en\/wp-json\/wp\/v2\/product_cat?post=504"},{"taxonomy":"product_tag","embeddable":true,"href":"https:\/\/nge.vn\/en\/wp-json\/wp\/v2\/product_tag?post=504"}],"curies":[{"name":"wp","href":"https:\/\/api.w.org\/{rel}","templated":true}]}}