{"id":5028,"date":"2025-03-20T12:02:55","date_gmt":"2025-03-20T05:02:55","guid":{"rendered":"https:\/\/nge.vn\/?post_type=product&#038;p=5028"},"modified":"2025-03-20T12:05:32","modified_gmt":"2025-03-20T05:05:32","slug":"5028","status":"publish","type":"product","link":"https:\/\/nge.vn\/en\/product\/5028\/","title":{"rendered":"B\u1ed9 \u0111\u00f9n g\u1ed1m K1 Max Ceramic Heating Block Kit cho m\u00e1y in 3d Creality K1 v\u00e0 K1 Max"},"content":{"rendered":"<p>B\u1ed9 \u0111\u00f9n g\u1ed1m K1 Max Ceramic Heating Block Kit cho m\u00e1y in 3d Creality K1 v\u00e0 K1 Max<br \/>\n_G\u1ed1m s\u1ee9 d\u1eabn nhi\u1ec7t cao<br \/>\n_Ch\u1ecbu \u0111\u01b0\u1ee3c nhi\u1ec7t \u0111\u1ed9 cao h\u01a1n v\u00e0 t\u1ed1c \u0111\u1ed9 nhanh h\u01a1n<br \/>\n_\u0110\u1ed9 d\u1eabn nhi\u1ec7t cao<br \/>\n_In d\u00f2ng ch\u1ea3y cao<br \/>\n_Ch\u1ecbu nhi\u1ec7t \u0111\u1ed9 cao 300\u00b0C<br \/>\n_D\u1ec5 d\u00e0ng \u0111\u1ec3 c\u00e0i \u0111\u1eb7t<\/p>\n<p>+Packing Size: 92\u00d727\u00d720mm<br \/>\n+G.W\uff1a24g<br \/>\n+Ceramic Heating Block Kit: 4001030123<\/p>\n<p>** Price does not include VAT (+8 or 10% if VAT invoice is issued)<\/p>\n<p><img loading=\"lazy\" decoding=\"async\" class=\"aligncenter size-full wp-image-5036\" src=\"https:\/\/nge.123websitedev.com\/wp-content\/uploads\/2025\/03\/d97933db-2f16-4eb6-9df5-04231e1051af.jpg\" alt=\"\" width=\"750\" height=\"1499\" srcset=\"https:\/\/nge.vn\/wp-content\/uploads\/2025\/03\/d97933db-2f16-4eb6-9df5-04231e1051af.jpg 750w, https:\/\/nge.vn\/wp-content\/uploads\/2025\/03\/d97933db-2f16-4eb6-9df5-04231e1051af-150x300.jpg 150w, https:\/\/nge.vn\/wp-content\/uploads\/2025\/03\/d97933db-2f16-4eb6-9df5-04231e1051af-512x1024.jpg 512w, https:\/\/nge.vn\/wp-content\/uploads\/2025\/03\/d97933db-2f16-4eb6-9df5-04231e1051af-6x12.jpg 6w, https:\/\/nge.vn\/wp-content\/uploads\/2025\/03\/d97933db-2f16-4eb6-9df5-04231e1051af-247x494.jpg 247w, https:\/\/nge.vn\/wp-content\/uploads\/2025\/03\/d97933db-2f16-4eb6-9df5-04231e1051af-510x1019.jpg 510w\" sizes=\"auto, (max-width: 750px) 100vw, 750px\" \/> <img loading=\"lazy\" decoding=\"async\" class=\"aligncenter size-full wp-image-5035\" src=\"https:\/\/nge.123websitedev.com\/wp-content\/uploads\/2025\/03\/cbaecc98-469b-4bba-859c-446b953f0a62.jpg\" alt=\"\" width=\"750\" height=\"1121\" srcset=\"https:\/\/nge.vn\/wp-content\/uploads\/2025\/03\/cbaecc98-469b-4bba-859c-446b953f0a62.jpg 750w, https:\/\/nge.vn\/wp-content\/uploads\/2025\/03\/cbaecc98-469b-4bba-859c-446b953f0a62-201x300.jpg 201w, https:\/\/nge.vn\/wp-content\/uploads\/2025\/03\/cbaecc98-469b-4bba-859c-446b953f0a62-685x1024.jpg 685w, https:\/\/nge.vn\/wp-content\/uploads\/2025\/03\/cbaecc98-469b-4bba-859c-446b953f0a62-8x12.jpg 8w, https:\/\/nge.vn\/wp-content\/uploads\/2025\/03\/cbaecc98-469b-4bba-859c-446b953f0a62-247x369.jpg 247w, https:\/\/nge.vn\/wp-content\/uploads\/2025\/03\/cbaecc98-469b-4bba-859c-446b953f0a62-510x762.jpg 510w\" sizes=\"auto, (max-width: 750px) 100vw, 750px\" \/> <img loading=\"lazy\" decoding=\"async\" class=\"aligncenter size-full wp-image-5034\" src=\"https:\/\/nge.123websitedev.com\/wp-content\/uploads\/2025\/03\/995c5b20-7ca1-4367-a352-30ac2e588a19.jpg\" alt=\"\" width=\"750\" height=\"1251\" srcset=\"https:\/\/nge.vn\/wp-content\/uploads\/2025\/03\/995c5b20-7ca1-4367-a352-30ac2e588a19.jpg 750w, https:\/\/nge.vn\/wp-content\/uploads\/2025\/03\/995c5b20-7ca1-4367-a352-30ac2e588a19-180x300.jpg 180w, https:\/\/nge.vn\/wp-content\/uploads\/2025\/03\/995c5b20-7ca1-4367-a352-30ac2e588a19-614x1024.jpg 614w, https:\/\/nge.vn\/wp-content\/uploads\/2025\/03\/995c5b20-7ca1-4367-a352-30ac2e588a19-7x12.jpg 7w, https:\/\/nge.vn\/wp-content\/uploads\/2025\/03\/995c5b20-7ca1-4367-a352-30ac2e588a19-247x412.jpg 247w, https:\/\/nge.vn\/wp-content\/uploads\/2025\/03\/995c5b20-7ca1-4367-a352-30ac2e588a19-510x851.jpg 510w\" sizes=\"auto, (max-width: 750px) 100vw, 750px\" \/> <img loading=\"lazy\" decoding=\"async\" class=\"aligncenter size-full wp-image-5033\" src=\"https:\/\/nge.123websitedev.com\/wp-content\/uploads\/2025\/03\/876f7acc-d2ba-4c81-8d02-904e01a1b8bb.jpg\" alt=\"\" width=\"596\" height=\"371\" srcset=\"https:\/\/nge.vn\/wp-content\/uploads\/2025\/03\/876f7acc-d2ba-4c81-8d02-904e01a1b8bb.jpg 596w, https:\/\/nge.vn\/wp-content\/uploads\/2025\/03\/876f7acc-d2ba-4c81-8d02-904e01a1b8bb-300x187.jpg 300w, https:\/\/nge.vn\/wp-content\/uploads\/2025\/03\/876f7acc-d2ba-4c81-8d02-904e01a1b8bb-18x12.jpg 18w, https:\/\/nge.vn\/wp-content\/uploads\/2025\/03\/876f7acc-d2ba-4c81-8d02-904e01a1b8bb-247x154.jpg 247w, https:\/\/nge.vn\/wp-content\/uploads\/2025\/03\/876f7acc-d2ba-4c81-8d02-904e01a1b8bb-510x317.jpg 510w\" sizes=\"auto, (max-width: 596px) 100vw, 596px\" \/> <img loading=\"lazy\" decoding=\"async\" class=\"aligncenter size-full wp-image-5032\" src=\"https:\/\/nge.123websitedev.com\/wp-content\/uploads\/2025\/03\/49c1aecc-ca7c-4d7f-b544-22def0eb438b.jpg\" alt=\"\" width=\"750\" height=\"1147\" srcset=\"https:\/\/nge.vn\/wp-content\/uploads\/2025\/03\/49c1aecc-ca7c-4d7f-b544-22def0eb438b.jpg 750w, https:\/\/nge.vn\/wp-content\/uploads\/2025\/03\/49c1aecc-ca7c-4d7f-b544-22def0eb438b-196x300.jpg 196w, https:\/\/nge.vn\/wp-content\/uploads\/2025\/03\/49c1aecc-ca7c-4d7f-b544-22def0eb438b-670x1024.jpg 670w, https:\/\/nge.vn\/wp-content\/uploads\/2025\/03\/49c1aecc-ca7c-4d7f-b544-22def0eb438b-8x12.jpg 8w, https:\/\/nge.vn\/wp-content\/uploads\/2025\/03\/49c1aecc-ca7c-4d7f-b544-22def0eb438b-247x378.jpg 247w, https:\/\/nge.vn\/wp-content\/uploads\/2025\/03\/49c1aecc-ca7c-4d7f-b544-22def0eb438b-510x780.jpg 510w\" sizes=\"auto, (max-width: 750px) 100vw, 750px\" \/> <img loading=\"lazy\" decoding=\"async\" class=\"aligncenter size-full wp-image-5031\" src=\"https:\/\/nge.123websitedev.com\/wp-content\/uploads\/2025\/03\/9fe3eaad-8a00-494e-9c85-5d48cce78851.jpg\" alt=\"\" width=\"750\" height=\"1173\" srcset=\"https:\/\/nge.vn\/wp-content\/uploads\/2025\/03\/9fe3eaad-8a00-494e-9c85-5d48cce78851.jpg 750w, https:\/\/nge.vn\/wp-content\/uploads\/2025\/03\/9fe3eaad-8a00-494e-9c85-5d48cce78851-192x300.jpg 192w, https:\/\/nge.vn\/wp-content\/uploads\/2025\/03\/9fe3eaad-8a00-494e-9c85-5d48cce78851-655x1024.jpg 655w, https:\/\/nge.vn\/wp-content\/uploads\/2025\/03\/9fe3eaad-8a00-494e-9c85-5d48cce78851-8x12.jpg 8w, https:\/\/nge.vn\/wp-content\/uploads\/2025\/03\/9fe3eaad-8a00-494e-9c85-5d48cce78851-247x386.jpg 247w, https:\/\/nge.vn\/wp-content\/uploads\/2025\/03\/9fe3eaad-8a00-494e-9c85-5d48cce78851-510x798.jpg 510w\" sizes=\"auto, (max-width: 750px) 100vw, 750px\" \/> <img loading=\"lazy\" decoding=\"async\" class=\"aligncenter size-full wp-image-5030\" src=\"https:\/\/nge.123websitedev.com\/wp-content\/uploads\/2025\/03\/8a958ea5-8767-4c45-a48e-e2648bf277fc.jpg\" alt=\"\" width=\"750\" height=\"1011\" srcset=\"https:\/\/nge.vn\/wp-content\/uploads\/2025\/03\/8a958ea5-8767-4c45-a48e-e2648bf277fc.jpg 750w, https:\/\/nge.vn\/wp-content\/uploads\/2025\/03\/8a958ea5-8767-4c45-a48e-e2648bf277fc-223x300.jpg 223w, https:\/\/nge.vn\/wp-content\/uploads\/2025\/03\/8a958ea5-8767-4c45-a48e-e2648bf277fc-9x12.jpg 9w, https:\/\/nge.vn\/wp-content\/uploads\/2025\/03\/8a958ea5-8767-4c45-a48e-e2648bf277fc-247x333.jpg 247w, https:\/\/nge.vn\/wp-content\/uploads\/2025\/03\/8a958ea5-8767-4c45-a48e-e2648bf277fc-510x687.jpg 510w\" sizes=\"auto, (max-width: 750px) 100vw, 750px\" \/><\/p>\n<figure id=\"attachment_5029\" aria-describedby=\"caption-attachment-5029\" style=\"width: 750px\" class=\"wp-caption aligncenter\"><img loading=\"lazy\" decoding=\"async\" class=\"size-full wp-image-5029\" src=\"https:\/\/nge.123websitedev.com\/wp-content\/uploads\/2025\/03\/5beee15b-f658-497b-a98c-f0393d6049f1.jpg\" alt=\"B\u1ed9 \u0111\u00f9n g\u1ed1m K1 Max Ceramic Heating Block Kit cho m\u00e1y in 3d Creality K1 v\u00e0 K1 Max\" width=\"750\" height=\"1179\" srcset=\"https:\/\/nge.vn\/wp-content\/uploads\/2025\/03\/5beee15b-f658-497b-a98c-f0393d6049f1.jpg 750w, https:\/\/nge.vn\/wp-content\/uploads\/2025\/03\/5beee15b-f658-497b-a98c-f0393d6049f1-191x300.jpg 191w, https:\/\/nge.vn\/wp-content\/uploads\/2025\/03\/5beee15b-f658-497b-a98c-f0393d6049f1-651x1024.jpg 651w, https:\/\/nge.vn\/wp-content\/uploads\/2025\/03\/5beee15b-f658-497b-a98c-f0393d6049f1-8x12.jpg 8w, https:\/\/nge.vn\/wp-content\/uploads\/2025\/03\/5beee15b-f658-497b-a98c-f0393d6049f1-247x388.jpg 247w, https:\/\/nge.vn\/wp-content\/uploads\/2025\/03\/5beee15b-f658-497b-a98c-f0393d6049f1-510x802.jpg 510w\" sizes=\"auto, (max-width: 750px) 100vw, 750px\" \/><figcaption id=\"caption-attachment-5029\" class=\"wp-caption-text\">B\u1ed9 \u0111\u00f9n g\u1ed1m K1 Max Ceramic Heating Block Kit cho m\u00e1y in 3d Creality K1 v\u00e0 K1 Max<\/figcaption><\/figure>\n<h1 class=\"product-title product_title entry-title\"><a href=\"https:\/\/nge.vn\/en\/product\/may-in-3d-creality-k1-max-toc-do-cao-va-do-chinh-xac-cao-vung-in-303030cm\/\"><span style=\"font-size: 75%;\">M\u00e1y in 3d Creality K1 MAX \u0111\u1ed9 ch\u00ednh x\u00e1c cao size 30*30*30cm<\/span><\/a><\/h1>\n<h2><a href=\"https:\/\/www.theheketiep.com\/231\/may-in-3d-creality-k1-max-toc-do-cao-600mms-va-do-chinh-xac-cao-vung-in-303030cm.html\"><span style=\"font-size: 75%;\">M\u00e1y in 3d Creality K1 MAX t\u1ed1c \u0111\u1ed9 cao 600mm\/s v\u00e0 \u0111\u1ed9 ch\u00ednh x\u00e1c cao v\u00f9ng in 22*22*25cm<\/span><\/a><\/h2>\n<p>&nbsp;<\/p>","protected":false},"excerpt":{"rendered":"<p>_G\u1ed1m s\u1ee9 d\u1eabn nhi\u1ec7t cao<br \/>\n_Ch\u1ecbu \u0111\u01b0\u1ee3c nhi\u1ec7t \u0111\u1ed9 cao h\u01a1n v\u00e0 t\u1ed1c \u0111\u1ed9 nhanh h\u01a1n<br \/>\n_\u0110\u1ed9 d\u1eabn nhi\u1ec7t cao<br \/>\n_In d\u00f2ng ch\u1ea3y cao<br \/>\n_Ch\u1ecbu nhi\u1ec7t \u0111\u1ed9 cao 300\u00b0C<br \/>\n_D\u1ec5 d\u00e0ng \u0111\u1ec3 c\u00e0i \u0111\u1eb7t<\/p>\n<p>+Packing Size: 92\u00d727\u00d720mm<br \/>\n+G.W\uff1a24g<br \/>\n+Ceramic Heating Block Kit: 4001030123<\/p>","protected":false},"featured_media":5036,"comment_status":"open","ping_status":"closed","template":"","meta":{"inline_featured_image":false},"product_brand":[],"product_cat":[461,40,56],"product_tag":[519,520,521,515],"class_list":{"0":"post-5028","1":"product","2":"type-product","3":"status-publish","4":"has-post-thumbnail","6":"product_cat-linh-kien-cum-dun-va-cam-bien","7":"product_cat-linh-kien-va-phu-kien","8":"product_cat-linh-phu-kien-may-in-3d-creality","9":"product_tag-bo-dun-gom-k1-max","10":"product_tag-ceramicheatingblockkit","11":"product_tag-ceramicheatingblockkit_k1","12":"product_tag-k1max","14":"first","15":"instock","16":"taxable","17":"shipping-taxable","18":"purchasable","19":"product-type-simple"},"yoast_head":"<!-- This site is optimized with the Yoast SEO Premium plugin v22.8 (Yoast SEO v26.9) - https:\/\/yoast.com\/product\/yoast-seo-premium-wordpress\/ -->\n<title>B\u1ed9 \u0111\u00f9n g\u1ed1m K1 Max Ceramic Heating Block Kit cho m\u00e1y in 3d Creality K1 v\u00e0 K1 Max - NGE 3D Printers Services<\/title>\n<meta name=\"description\" content=\"B\u1ed9 \u0111\u00f9n g\u1ed1m K1 Max Ceramic Heating Block Kit cho m\u00e1y in 3d Creality K1 v\u00e0 K1 Max G\u1ed1m s\u1ee9 d\u1eabn nhi\u1ec7t cao Ch\u1ecbu \u0111\u01b0\u1ee3c nhi\u1ec7t \u0111\u1ed9 cao h\u01a1n v\u00e0 t\u1ed1c \u0111\u1ed9 nhanh h\u01a1n\" \/>\n<meta name=\"robots\" content=\"index, follow, max-snippet:-1, max-image-preview:large, max-video-preview:-1\" \/>\n<link rel=\"canonical\" href=\"https:\/\/nge.vn\/en\/product\/5028\/\" \/>\n<meta property=\"og:locale\" content=\"en_US\" \/>\n<meta property=\"og:type\" content=\"article\" \/>\n<meta property=\"og:title\" content=\"B\u1ed9 \u0111\u00f9n g\u1ed1m K1 Max Ceramic Heating Block Kit cho m\u00e1y in 3d Creality K1 v\u00e0 K1 Max\" \/>\n<meta property=\"og:description\" content=\"B\u1ed9 \u0111\u00f9n g\u1ed1m K1 Max Ceramic Heating Block Kit cho m\u00e1y in 3d Creality K1 v\u00e0 K1 Max G\u1ed1m s\u1ee9 d\u1eabn nhi\u1ec7t cao Ch\u1ecbu \u0111\u01b0\u1ee3c nhi\u1ec7t \u0111\u1ed9 cao h\u01a1n v\u00e0 t\u1ed1c \u0111\u1ed9 nhanh h\u01a1n\" \/>\n<meta property=\"og:url\" content=\"https:\/\/nge.vn\/en\/product\/5028\/\" \/>\n<meta property=\"og:site_name\" content=\"NGE 3D Printers Services\" \/>\n<meta property=\"article:modified_time\" content=\"2025-03-20T05:05:32+00:00\" \/>\n<meta property=\"og:image\" content=\"https:\/\/nge.vn\/wp-content\/uploads\/2025\/03\/d97933db-2f16-4eb6-9df5-04231e1051af.jpg\" \/>\n\t<meta property=\"og:image:width\" content=\"750\" \/>\n\t<meta property=\"og:image:height\" content=\"1499\" \/>\n\t<meta property=\"og:image:type\" content=\"image\/jpeg\" \/>\n<meta name=\"twitter:card\" content=\"summary_large_image\" \/>\n<meta name=\"twitter:label1\" content=\"Est. reading time\" \/>\n\t<meta name=\"twitter:data1\" content=\"3 minutes\" \/>\n<script type=\"application\/ld+json\" class=\"yoast-schema-graph\">{\"@context\":\"https:\/\/schema.org\",\"@graph\":[{\"@type\":\"WebPage\",\"@id\":\"https:\/\/nge.vn\/san-pham\/5028\/\",\"url\":\"https:\/\/nge.vn\/san-pham\/5028\/\",\"name\":\"B\u1ed9 \u0111\u00f9n g\u1ed1m K1 Max Ceramic Heating Block Kit cho m\u00e1y in 3d Creality K1 v\u00e0 K1 Max - NGE 3D Printers Services\",\"isPartOf\":{\"@id\":\"https:\/\/nge.vn\/#website\"},\"primaryImageOfPage\":{\"@id\":\"https:\/\/nge.vn\/san-pham\/5028\/#primaryimage\"},\"image\":{\"@id\":\"https:\/\/nge.vn\/san-pham\/5028\/#primaryimage\"},\"thumbnailUrl\":\"https:\/\/nge.vn\/wp-content\/uploads\/2025\/03\/d97933db-2f16-4eb6-9df5-04231e1051af.jpg\",\"datePublished\":\"2025-03-20T05:02:55+00:00\",\"dateModified\":\"2025-03-20T05:05:32+00:00\",\"description\":\"B\u1ed9 \u0111\u00f9n g\u1ed1m K1 Max Ceramic Heating Block Kit cho m\u00e1y in 3d Creality K1 v\u00e0 K1 Max G\u1ed1m s\u1ee9 d\u1eabn nhi\u1ec7t cao Ch\u1ecbu \u0111\u01b0\u1ee3c nhi\u1ec7t \u0111\u1ed9 cao h\u01a1n v\u00e0 t\u1ed1c \u0111\u1ed9 nhanh h\u01a1n\",\"breadcrumb\":{\"@id\":\"https:\/\/nge.vn\/san-pham\/5028\/#breadcrumb\"},\"inLanguage\":\"en-US\",\"potentialAction\":[{\"@type\":\"ReadAction\",\"target\":[\"https:\/\/nge.vn\/san-pham\/5028\/\"]}]},{\"@type\":\"ImageObject\",\"inLanguage\":\"en-US\",\"@id\":\"https:\/\/nge.vn\/san-pham\/5028\/#primaryimage\",\"url\":\"https:\/\/nge.vn\/wp-content\/uploads\/2025\/03\/d97933db-2f16-4eb6-9df5-04231e1051af.jpg\",\"contentUrl\":\"https:\/\/nge.vn\/wp-content\/uploads\/2025\/03\/d97933db-2f16-4eb6-9df5-04231e1051af.jpg\",\"width\":750,\"height\":1499},{\"@type\":\"BreadcrumbList\",\"@id\":\"https:\/\/nge.vn\/san-pham\/5028\/#breadcrumb\",\"itemListElement\":[{\"@type\":\"ListItem\",\"position\":1,\"name\":\"Trang ch\u1ee7\",\"item\":\"https:\/\/nge.vn\/\"},{\"@type\":\"ListItem\",\"position\":2,\"name\":\"S\u1ea3n ph\u1ea9m\",\"item\":\"https:\/\/nge.vn\/san-pham\/\"},{\"@type\":\"ListItem\",\"position\":3,\"name\":\"B\u1ed9 \u0111\u00f9n g\u1ed1m K1 Max Ceramic Heating Block Kit cho m\u00e1y in 3d Creality K1 v\u00e0 K1 Max\"}]},{\"@type\":\"WebSite\",\"@id\":\"https:\/\/nge.vn\/#website\",\"url\":\"https:\/\/nge.vn\/\",\"name\":\"NGE 3D Printers Services\",\"description\":\"\",\"potentialAction\":[{\"@type\":\"SearchAction\",\"target\":{\"@type\":\"EntryPoint\",\"urlTemplate\":\"https:\/\/nge.vn\/?s={search_term_string}\"},\"query-input\":{\"@type\":\"PropertyValueSpecification\",\"valueRequired\":true,\"valueName\":\"search_term_string\"}}],\"inLanguage\":\"en-US\"}]}<\/script>\n<!-- \/ Yoast SEO Premium plugin. -->","yoast_head_json":{"title":"B\u1ed9 \u0111\u00f9n g\u1ed1m K1 Max Ceramic Heating Block Kit cho m\u00e1y in 3d Creality K1 v\u00e0 K1 Max - NGE 3D Printers Services","description":"B\u1ed9 \u0111\u00f9n g\u1ed1m K1 Max Ceramic Heating Block Kit cho m\u00e1y in 3d Creality K1 v\u00e0 K1 Max G\u1ed1m s\u1ee9 d\u1eabn nhi\u1ec7t cao Ch\u1ecbu \u0111\u01b0\u1ee3c nhi\u1ec7t \u0111\u1ed9 cao h\u01a1n v\u00e0 t\u1ed1c \u0111\u1ed9 nhanh h\u01a1n","robots":{"index":"index","follow":"follow","max-snippet":"max-snippet:-1","max-image-preview":"max-image-preview:large","max-video-preview":"max-video-preview:-1"},"canonical":"https:\/\/nge.vn\/en\/product\/5028\/","og_locale":"en_US","og_type":"article","og_title":"B\u1ed9 \u0111\u00f9n g\u1ed1m K1 Max Ceramic Heating Block Kit cho m\u00e1y in 3d Creality K1 v\u00e0 K1 Max","og_description":"B\u1ed9 \u0111\u00f9n g\u1ed1m K1 Max Ceramic Heating Block Kit cho m\u00e1y in 3d Creality K1 v\u00e0 K1 Max G\u1ed1m s\u1ee9 d\u1eabn nhi\u1ec7t cao Ch\u1ecbu \u0111\u01b0\u1ee3c nhi\u1ec7t \u0111\u1ed9 cao h\u01a1n v\u00e0 t\u1ed1c \u0111\u1ed9 nhanh h\u01a1n","og_url":"https:\/\/nge.vn\/en\/product\/5028\/","og_site_name":"NGE 3D Printers Services","article_modified_time":"2025-03-20T05:05:32+00:00","og_image":[{"width":750,"height":1499,"url":"https:\/\/nge.vn\/wp-content\/uploads\/2025\/03\/d97933db-2f16-4eb6-9df5-04231e1051af.jpg","type":"image\/jpeg"}],"twitter_card":"summary_large_image","twitter_misc":{"Est. reading time":"3 minutes"},"schema":{"@context":"https:\/\/schema.org","@graph":[{"@type":"WebPage","@id":"https:\/\/nge.vn\/san-pham\/5028\/","url":"https:\/\/nge.vn\/san-pham\/5028\/","name":"B\u1ed9 \u0111\u00f9n g\u1ed1m K1 Max Ceramic Heating Block Kit cho m\u00e1y in 3d Creality K1 v\u00e0 K1 Max - NGE 3D Printers Services","isPartOf":{"@id":"https:\/\/nge.vn\/#website"},"primaryImageOfPage":{"@id":"https:\/\/nge.vn\/san-pham\/5028\/#primaryimage"},"image":{"@id":"https:\/\/nge.vn\/san-pham\/5028\/#primaryimage"},"thumbnailUrl":"https:\/\/nge.vn\/wp-content\/uploads\/2025\/03\/d97933db-2f16-4eb6-9df5-04231e1051af.jpg","datePublished":"2025-03-20T05:02:55+00:00","dateModified":"2025-03-20T05:05:32+00:00","description":"B\u1ed9 \u0111\u00f9n g\u1ed1m K1 Max Ceramic Heating Block Kit cho m\u00e1y in 3d Creality K1 v\u00e0 K1 Max G\u1ed1m s\u1ee9 d\u1eabn nhi\u1ec7t cao Ch\u1ecbu \u0111\u01b0\u1ee3c nhi\u1ec7t \u0111\u1ed9 cao h\u01a1n v\u00e0 t\u1ed1c \u0111\u1ed9 nhanh h\u01a1n","breadcrumb":{"@id":"https:\/\/nge.vn\/san-pham\/5028\/#breadcrumb"},"inLanguage":"en-US","potentialAction":[{"@type":"ReadAction","target":["https:\/\/nge.vn\/san-pham\/5028\/"]}]},{"@type":"ImageObject","inLanguage":"en-US","@id":"https:\/\/nge.vn\/san-pham\/5028\/#primaryimage","url":"https:\/\/nge.vn\/wp-content\/uploads\/2025\/03\/d97933db-2f16-4eb6-9df5-04231e1051af.jpg","contentUrl":"https:\/\/nge.vn\/wp-content\/uploads\/2025\/03\/d97933db-2f16-4eb6-9df5-04231e1051af.jpg","width":750,"height":1499},{"@type":"BreadcrumbList","@id":"https:\/\/nge.vn\/san-pham\/5028\/#breadcrumb","itemListElement":[{"@type":"ListItem","position":1,"name":"Trang ch\u1ee7","item":"https:\/\/nge.vn\/"},{"@type":"ListItem","position":2,"name":"S\u1ea3n ph\u1ea9m","item":"https:\/\/nge.vn\/san-pham\/"},{"@type":"ListItem","position":3,"name":"B\u1ed9 \u0111\u00f9n g\u1ed1m K1 Max Ceramic Heating Block Kit cho m\u00e1y in 3d Creality K1 v\u00e0 K1 Max"}]},{"@type":"WebSite","@id":"https:\/\/nge.vn\/#website","url":"https:\/\/nge.vn\/","name":"NGE 3D Printers Services","description":"","potentialAction":[{"@type":"SearchAction","target":{"@type":"EntryPoint","urlTemplate":"https:\/\/nge.vn\/?s={search_term_string}"},"query-input":{"@type":"PropertyValueSpecification","valueRequired":true,"valueName":"search_term_string"}}],"inLanguage":"en-US"}]}},"_links":{"self":[{"href":"https:\/\/nge.vn\/en\/wp-json\/wp\/v2\/product\/5028","targetHints":{"allow":["GET"]}}],"collection":[{"href":"https:\/\/nge.vn\/en\/wp-json\/wp\/v2\/product"}],"about":[{"href":"https:\/\/nge.vn\/en\/wp-json\/wp\/v2\/types\/product"}],"replies":[{"embeddable":true,"href":"https:\/\/nge.vn\/en\/wp-json\/wp\/v2\/comments?post=5028"}],"wp:featuredmedia":[{"embeddable":true,"href":"https:\/\/nge.vn\/en\/wp-json\/wp\/v2\/media\/5036"}],"wp:attachment":[{"href":"https:\/\/nge.vn\/en\/wp-json\/wp\/v2\/media?parent=5028"}],"wp:term":[{"taxonomy":"product_brand","embeddable":true,"href":"https:\/\/nge.vn\/en\/wp-json\/wp\/v2\/product_brand?post=5028"},{"taxonomy":"product_cat","embeddable":true,"href":"https:\/\/nge.vn\/en\/wp-json\/wp\/v2\/product_cat?post=5028"},{"taxonomy":"product_tag","embeddable":true,"href":"https:\/\/nge.vn\/en\/wp-json\/wp\/v2\/product_tag?post=5028"}],"curies":[{"name":"wp","href":"https:\/\/api.w.org\/{rel}","templated":true}]}}