{"id":5018,"date":"2025-03-20T11:16:03","date_gmt":"2025-03-20T04:16:03","guid":{"rendered":"https:\/\/nge.vn\/?post_type=product&#038;p=5018"},"modified":"2025-03-20T11:49:36","modified_gmt":"2025-03-20T04:49:36","slug":"bo-dun-extrusion-kit-cho-may-in-3d-creality-k1-k1-max-k1c-k1-se-ender-3-v3-ender-3-v3-plus","status":"publish","type":"product","link":"https:\/\/nge.vn\/en\/product\/bo-dun-extrusion-kit-cho-may-in-3d-creality-k1-k1-max-k1c-k1-se-ender-3-v3-ender-3-v3-plus\/","title":{"rendered":"B\u1ed9 \u0111\u00f9n Extrusion Kit cho m\u00e1y in 3d Creality K1, K1 Max, K1C, K1 SE, Ender-3 V3, Ender-3 V3 Plus"},"content":{"rendered":"<p>B\u1ed9 \u0111\u00f9n Extrusion Kit cho m\u00e1y in 3d Creality K1, K1 Max, K1C, K1 SE, Ender-3 V3, Ender-3 V3 Plus<\/p>\n<p>B\u1ed9 \u00e9p \u0111\u00f9n_G\u1ea7n_PA6+20%GF_\u0110en<\/p>\n<p>_Th\u00f4ng tin s\u1ea3n ph\u1ea9m<br \/>\n+Brand: Creality<br \/>\n+Packing Size\uff1a190\u00d780\u00d720mm<br \/>\n+G.W\uff1a65g<br \/>\n+N.W.\uff1a50g<br \/>\n+S\u1eed d\u1ee5ng cho c\u00e1c m\u00e1y in 3d Creality K1, K1 Max, K1C, K1 SE, Ender-3 V3, Ender-3 V3 Plus<br \/>\n+Extrusion Kit: 4001020076.<\/p>\n<p>** Price does not include VAT (+8 or 10% if VAT invoice is issued)<\/p>\n<figure id=\"attachment_5027\" aria-describedby=\"caption-attachment-5027\" style=\"width: 802px\" class=\"wp-caption aligncenter\"><img loading=\"lazy\" decoding=\"async\" class=\"size-full wp-image-5027\" src=\"https:\/\/nge.123websitedev.com\/wp-content\/uploads\/2025\/03\/b01cf5c7-c775-4acb-8751-051edbeae8c3-e1742443773806.jpg\" alt=\"B\u1ed9 \u0111\u00f9n Extrusion Kit cho m\u00e1y in 3d Creality K1, K1 Max, K1C, K1 SE, Ender-3 V3, Ender-3 V3 Plus\" width=\"802\" height=\"684\" srcset=\"https:\/\/nge.vn\/wp-content\/uploads\/2025\/03\/b01cf5c7-c775-4acb-8751-051edbeae8c3-e1742443773806.jpg 802w, https:\/\/nge.vn\/wp-content\/uploads\/2025\/03\/b01cf5c7-c775-4acb-8751-051edbeae8c3-e1742443773806-300x256.jpg 300w, https:\/\/nge.vn\/wp-content\/uploads\/2025\/03\/b01cf5c7-c775-4acb-8751-051edbeae8c3-e1742443773806-768x655.jpg 768w, https:\/\/nge.vn\/wp-content\/uploads\/2025\/03\/b01cf5c7-c775-4acb-8751-051edbeae8c3-e1742443773806-14x12.jpg 14w, https:\/\/nge.vn\/wp-content\/uploads\/2025\/03\/b01cf5c7-c775-4acb-8751-051edbeae8c3-e1742443773806-247x211.jpg 247w, https:\/\/nge.vn\/wp-content\/uploads\/2025\/03\/b01cf5c7-c775-4acb-8751-051edbeae8c3-e1742443773806-510x435.jpg 510w\" sizes=\"auto, (max-width: 802px) 100vw, 802px\" \/><figcaption id=\"caption-attachment-5027\" class=\"wp-caption-text\">B\u1ed9 \u0111\u00f9n Extrusion Kit cho m\u00e1y in 3d Creality K1, K1 Max, K1C, K1 SE, Ender-3 V3, Ender-3 V3 Plus<\/figcaption><\/figure>\n<p><img loading=\"lazy\" decoding=\"async\" class=\"aligncenter wp-image-5026 size-full\" src=\"https:\/\/nge.123websitedev.com\/wp-content\/uploads\/2025\/03\/9493e2f7-a23e-46ce-908f-faa46d4d72f8-e1742444152622.jpg\" alt=\"\" width=\"825\" height=\"733\" srcset=\"https:\/\/nge.vn\/wp-content\/uploads\/2025\/03\/9493e2f7-a23e-46ce-908f-faa46d4d72f8-e1742444152622.jpg 825w, https:\/\/nge.vn\/wp-content\/uploads\/2025\/03\/9493e2f7-a23e-46ce-908f-faa46d4d72f8-e1742444152622-300x267.jpg 300w, https:\/\/nge.vn\/wp-content\/uploads\/2025\/03\/9493e2f7-a23e-46ce-908f-faa46d4d72f8-e1742444152622-768x682.jpg 768w, https:\/\/nge.vn\/wp-content\/uploads\/2025\/03\/9493e2f7-a23e-46ce-908f-faa46d4d72f8-e1742444152622-14x12.jpg 14w, https:\/\/nge.vn\/wp-content\/uploads\/2025\/03\/9493e2f7-a23e-46ce-908f-faa46d4d72f8-e1742444152622-247x219.jpg 247w, https:\/\/nge.vn\/wp-content\/uploads\/2025\/03\/9493e2f7-a23e-46ce-908f-faa46d4d72f8-e1742444152622-510x453.jpg 510w\" sizes=\"auto, (max-width: 825px) 100vw, 825px\" \/> <img loading=\"lazy\" decoding=\"async\" class=\"aligncenter wp-image-5025 size-full\" src=\"https:\/\/nge.123websitedev.com\/wp-content\/uploads\/2025\/03\/1544b5b2-2f9d-4ffe-8365-7e97142e6467-e1742444123903.jpg\" alt=\"\" width=\"811\" height=\"803\" srcset=\"https:\/\/nge.vn\/wp-content\/uploads\/2025\/03\/1544b5b2-2f9d-4ffe-8365-7e97142e6467-e1742444123903.jpg 811w, https:\/\/nge.vn\/wp-content\/uploads\/2025\/03\/1544b5b2-2f9d-4ffe-8365-7e97142e6467-e1742444123903-300x297.jpg 300w, https:\/\/nge.vn\/wp-content\/uploads\/2025\/03\/1544b5b2-2f9d-4ffe-8365-7e97142e6467-e1742444123903-150x150.jpg 150w, https:\/\/nge.vn\/wp-content\/uploads\/2025\/03\/1544b5b2-2f9d-4ffe-8365-7e97142e6467-e1742444123903-768x760.jpg 768w, https:\/\/nge.vn\/wp-content\/uploads\/2025\/03\/1544b5b2-2f9d-4ffe-8365-7e97142e6467-e1742444123903-12x12.jpg 12w, https:\/\/nge.vn\/wp-content\/uploads\/2025\/03\/1544b5b2-2f9d-4ffe-8365-7e97142e6467-e1742444123903-247x245.jpg 247w, https:\/\/nge.vn\/wp-content\/uploads\/2025\/03\/1544b5b2-2f9d-4ffe-8365-7e97142e6467-e1742444123903-510x505.jpg 510w, https:\/\/nge.vn\/wp-content\/uploads\/2025\/03\/1544b5b2-2f9d-4ffe-8365-7e97142e6467-e1742444123903-100x100.jpg 100w\" sizes=\"auto, (max-width: 811px) 100vw, 811px\" \/> <img loading=\"lazy\" decoding=\"async\" class=\"aligncenter size-full wp-image-5024\" src=\"https:\/\/nge.123websitedev.com\/wp-content\/uploads\/2025\/03\/237d5e8a-3dc1-4196-bbd6-5692156b6877.jpg\" alt=\"\" width=\"863\" height=\"759\" srcset=\"https:\/\/nge.vn\/wp-content\/uploads\/2025\/03\/237d5e8a-3dc1-4196-bbd6-5692156b6877.jpg 863w, https:\/\/nge.vn\/wp-content\/uploads\/2025\/03\/237d5e8a-3dc1-4196-bbd6-5692156b6877-300x264.jpg 300w, https:\/\/nge.vn\/wp-content\/uploads\/2025\/03\/237d5e8a-3dc1-4196-bbd6-5692156b6877-768x675.jpg 768w, https:\/\/nge.vn\/wp-content\/uploads\/2025\/03\/237d5e8a-3dc1-4196-bbd6-5692156b6877-14x12.jpg 14w, https:\/\/nge.vn\/wp-content\/uploads\/2025\/03\/237d5e8a-3dc1-4196-bbd6-5692156b6877-247x217.jpg 247w, https:\/\/nge.vn\/wp-content\/uploads\/2025\/03\/237d5e8a-3dc1-4196-bbd6-5692156b6877-510x449.jpg 510w\" sizes=\"auto, (max-width: 863px) 100vw, 863px\" \/> <img loading=\"lazy\" decoding=\"async\" class=\"aligncenter size-full wp-image-5023\" src=\"https:\/\/nge.123websitedev.com\/wp-content\/uploads\/2025\/03\/35b99a63d3767c2825671.jpg\" alt=\"\" width=\"609\" height=\"497\" srcset=\"https:\/\/nge.vn\/wp-content\/uploads\/2025\/03\/35b99a63d3767c2825671.jpg 609w, https:\/\/nge.vn\/wp-content\/uploads\/2025\/03\/35b99a63d3767c2825671-300x245.jpg 300w, https:\/\/nge.vn\/wp-content\/uploads\/2025\/03\/35b99a63d3767c2825671-15x12.jpg 15w, https:\/\/nge.vn\/wp-content\/uploads\/2025\/03\/35b99a63d3767c2825671-247x202.jpg 247w, https:\/\/nge.vn\/wp-content\/uploads\/2025\/03\/35b99a63d3767c2825671-510x416.jpg 510w\" sizes=\"auto, (max-width: 609px) 100vw, 609px\" \/> <img loading=\"lazy\" decoding=\"async\" class=\"aligncenter wp-image-5022 size-full\" src=\"https:\/\/nge.123websitedev.com\/wp-content\/uploads\/2025\/03\/7a5c2b34-90a1-41ba-96cb-5b8acd446a6e-e1742444071801.jpg\" alt=\"\" width=\"769\" height=\"721\" srcset=\"https:\/\/nge.vn\/wp-content\/uploads\/2025\/03\/7a5c2b34-90a1-41ba-96cb-5b8acd446a6e-e1742444071801.jpg 769w, https:\/\/nge.vn\/wp-content\/uploads\/2025\/03\/7a5c2b34-90a1-41ba-96cb-5b8acd446a6e-e1742444071801-300x281.jpg 300w, https:\/\/nge.vn\/wp-content\/uploads\/2025\/03\/7a5c2b34-90a1-41ba-96cb-5b8acd446a6e-e1742444071801-13x12.jpg 13w, https:\/\/nge.vn\/wp-content\/uploads\/2025\/03\/7a5c2b34-90a1-41ba-96cb-5b8acd446a6e-e1742444071801-247x232.jpg 247w, https:\/\/nge.vn\/wp-content\/uploads\/2025\/03\/7a5c2b34-90a1-41ba-96cb-5b8acd446a6e-e1742444071801-510x478.jpg 510w\" sizes=\"auto, (max-width: 769px) 100vw, 769px\" \/> <img loading=\"lazy\" decoding=\"async\" class=\"aligncenter size-full wp-image-5021\" src=\"https:\/\/nge.123websitedev.com\/wp-content\/uploads\/2025\/03\/3-1.jpg\" alt=\"\" width=\"781\" height=\"489\" srcset=\"https:\/\/nge.vn\/wp-content\/uploads\/2025\/03\/3-1.jpg 781w, https:\/\/nge.vn\/wp-content\/uploads\/2025\/03\/3-1-300x188.jpg 300w, https:\/\/nge.vn\/wp-content\/uploads\/2025\/03\/3-1-768x481.jpg 768w, https:\/\/nge.vn\/wp-content\/uploads\/2025\/03\/3-1-18x12.jpg 18w, https:\/\/nge.vn\/wp-content\/uploads\/2025\/03\/3-1-247x155.jpg 247w, https:\/\/nge.vn\/wp-content\/uploads\/2025\/03\/3-1-510x319.jpg 510w\" sizes=\"auto, (max-width: 781px) 100vw, 781px\" \/> <img loading=\"lazy\" decoding=\"async\" class=\"aligncenter wp-image-5020 size-full\" src=\"https:\/\/nge.123websitedev.com\/wp-content\/uploads\/2025\/03\/2-1-e1742444039393.jpg\" alt=\"\" width=\"499\" height=\"559\" srcset=\"https:\/\/nge.vn\/wp-content\/uploads\/2025\/03\/2-1-e1742444039393.jpg 499w, https:\/\/nge.vn\/wp-content\/uploads\/2025\/03\/2-1-e1742444039393-268x300.jpg 268w, https:\/\/nge.vn\/wp-content\/uploads\/2025\/03\/2-1-e1742444039393-11x12.jpg 11w, https:\/\/nge.vn\/wp-content\/uploads\/2025\/03\/2-1-e1742444039393-247x277.jpg 247w\" sizes=\"auto, (max-width: 499px) 100vw, 499px\" \/><\/p>\n<figure id=\"attachment_5019\" aria-describedby=\"caption-attachment-5019\" style=\"width: 430px\" class=\"wp-caption aligncenter\"><img loading=\"lazy\" decoding=\"async\" class=\"size-full wp-image-5019\" src=\"https:\/\/nge.123websitedev.com\/wp-content\/uploads\/2025\/03\/1ca5ef7da668093650792.jpg\" alt=\"B\u1ed9 \u0111\u00f9n Extrusion Kit cho m\u00e1y in 3d Creality K1, K1 Max, K1C, K1 SE, Ender-3 V3, Ender-3 V3 Plus\" width=\"430\" height=\"485\" srcset=\"https:\/\/nge.vn\/wp-content\/uploads\/2025\/03\/1ca5ef7da668093650792.jpg 430w, https:\/\/nge.vn\/wp-content\/uploads\/2025\/03\/1ca5ef7da668093650792-266x300.jpg 266w, https:\/\/nge.vn\/wp-content\/uploads\/2025\/03\/1ca5ef7da668093650792-11x12.jpg 11w, https:\/\/nge.vn\/wp-content\/uploads\/2025\/03\/1ca5ef7da668093650792-247x279.jpg 247w\" sizes=\"auto, (max-width: 430px) 100vw, 430px\" \/><figcaption id=\"caption-attachment-5019\" class=\"wp-caption-text\">B\u1ed9 \u0111\u00f9n Extrusion Kit cho m\u00e1y in 3d Creality K1, K1 Max, K1C, K1 SE, Ender-3 V3, Ender-3 V3 Plus<\/figcaption><\/figure>","protected":false},"excerpt":{"rendered":"<p>B\u1ed9 \u0111\u00f9n Extrusion Kit cho m\u00e1y in 3d Creality K1, K1 Max, K1C, K1 SE, Ender-3 V3, Ender-3 V3 Plus B\u1ed9 \u00e9p \u0111\u00f9n_G\u1ea7n_PA6+20%GF_\u0110en _Th\u00f4ng tin s\u1ea3n ph\u1ea9m +Brand: Creality +Packing Size\uff1a190\u00d780\u00d720mm +G.W\uff1a65g +N.W.\uff1a50g +S\u1eed d\u1ee5ng cho c\u00e1c m\u00e1y in 3d Creality K1, K1 Max, K1C, K1 SE, Ender-3 V3, Ender-3 V3 Plus +Extrusion Kit: 4001020076&#8230;.<\/p>","protected":false},"featured_media":5027,"comment_status":"open","ping_status":"closed","template":"","meta":{"inline_featured_image":false},"product_brand":[],"product_cat":[461,40,56],"product_tag":[518,517,516,515],"class_list":{"0":"post-5018","1":"product","2":"type-product","3":"status-publish","4":"has-post-thumbnail","6":"product_cat-linh-kien-cum-dun-va-cam-bien","7":"product_cat-linh-kien-va-phu-kien","8":"product_cat-linh-phu-kien-may-in-3d-creality","9":"product_tag-cumdun","10":"product_tag-cumdunextrusionkit","11":"product_tag-extrusion-kit","12":"product_tag-k1max","14":"first","15":"instock","16":"taxable","17":"shipping-taxable","18":"purchasable","19":"product-type-simple"},"yoast_head":"<!-- This site is optimized with the Yoast SEO Premium plugin v22.8 (Yoast SEO v26.9) - https:\/\/yoast.com\/product\/yoast-seo-premium-wordpress\/ -->\n<title>B\u1ed9 \u0111\u00f9n Extrusion Kit cho m\u00e1y in 3d Creality K1, K1 Max, K1C, K1 SE, Ender-3 V3, Ender-3 V3 Plus - NGE 3D Printers Services<\/title>\n<meta name=\"description\" content=\"B\u1ed9 \u0111\u00f9n Extrusion Kit cho m\u00e1y in 3d Creality K1, K1 Max, K1C, K1 SE, Ender-3 V3, Ender-3 V3 Plus\" \/>\n<meta name=\"robots\" content=\"index, follow, max-snippet:-1, max-image-preview:large, max-video-preview:-1\" \/>\n<link rel=\"canonical\" href=\"https:\/\/nge.vn\/en\/product\/bo-dun-extrusion-kit-cho-may-in-3d-creality-k1-k1-max-k1c-k1-se-ender-3-v3-ender-3-v3-plus\/\" \/>\n<meta property=\"og:locale\" content=\"en_US\" \/>\n<meta property=\"og:type\" content=\"article\" \/>\n<meta property=\"og:title\" content=\"B\u1ed9 \u0111\u00f9n Extrusion Kit cho m\u00e1y in 3d Creality K1, K1 Max, K1C, K1 SE, Ender-3 V3, Ender-3 V3 Plus\" \/>\n<meta property=\"og:description\" content=\"B\u1ed9 \u0111\u00f9n Extrusion Kit cho m\u00e1y in 3d Creality K1, K1 Max, K1C, K1 SE, Ender-3 V3, Ender-3 V3 Plus\" \/>\n<meta property=\"og:url\" content=\"https:\/\/nge.vn\/en\/product\/bo-dun-extrusion-kit-cho-may-in-3d-creality-k1-k1-max-k1c-k1-se-ender-3-v3-ender-3-v3-plus\/\" \/>\n<meta property=\"og:site_name\" content=\"NGE 3D Printers Services\" \/>\n<meta property=\"article:modified_time\" content=\"2025-03-20T04:49:36+00:00\" \/>\n<meta property=\"og:image\" content=\"https:\/\/nge.vn\/wp-content\/uploads\/2025\/03\/b01cf5c7-c775-4acb-8751-051edbeae8c3-e1742443773806.jpg\" \/>\n\t<meta property=\"og:image:width\" content=\"802\" \/>\n\t<meta property=\"og:image:height\" content=\"684\" \/>\n\t<meta property=\"og:image:type\" content=\"image\/jpeg\" \/>\n<meta name=\"twitter:card\" content=\"summary_large_image\" \/>\n<meta name=\"twitter:label1\" content=\"Est. reading time\" \/>\n\t<meta name=\"twitter:data1\" content=\"3 minutes\" \/>\n<script type=\"application\/ld+json\" class=\"yoast-schema-graph\">{\"@context\":\"https:\/\/schema.org\",\"@graph\":[{\"@type\":\"WebPage\",\"@id\":\"https:\/\/nge.vn\/san-pham\/bo-dun-extrusion-kit-cho-may-in-3d-creality-k1-k1-max-k1c-k1-se-ender-3-v3-ender-3-v3-plus\/\",\"url\":\"https:\/\/nge.vn\/san-pham\/bo-dun-extrusion-kit-cho-may-in-3d-creality-k1-k1-max-k1c-k1-se-ender-3-v3-ender-3-v3-plus\/\",\"name\":\"B\u1ed9 \u0111\u00f9n Extrusion Kit cho m\u00e1y in 3d Creality K1, K1 Max, K1C, K1 SE, Ender-3 V3, Ender-3 V3 Plus - NGE 3D Printers Services\",\"isPartOf\":{\"@id\":\"https:\/\/nge.vn\/#website\"},\"primaryImageOfPage\":{\"@id\":\"https:\/\/nge.vn\/san-pham\/bo-dun-extrusion-kit-cho-may-in-3d-creality-k1-k1-max-k1c-k1-se-ender-3-v3-ender-3-v3-plus\/#primaryimage\"},\"image\":{\"@id\":\"https:\/\/nge.vn\/san-pham\/bo-dun-extrusion-kit-cho-may-in-3d-creality-k1-k1-max-k1c-k1-se-ender-3-v3-ender-3-v3-plus\/#primaryimage\"},\"thumbnailUrl\":\"https:\/\/nge.vn\/wp-content\/uploads\/2025\/03\/b01cf5c7-c775-4acb-8751-051edbeae8c3-e1742443773806.jpg\",\"datePublished\":\"2025-03-20T04:16:03+00:00\",\"dateModified\":\"2025-03-20T04:49:36+00:00\",\"description\":\"B\u1ed9 \u0111\u00f9n Extrusion Kit cho m\u00e1y in 3d Creality K1, K1 Max, K1C, K1 SE, Ender-3 V3, Ender-3 V3 Plus\",\"breadcrumb\":{\"@id\":\"https:\/\/nge.vn\/san-pham\/bo-dun-extrusion-kit-cho-may-in-3d-creality-k1-k1-max-k1c-k1-se-ender-3-v3-ender-3-v3-plus\/#breadcrumb\"},\"inLanguage\":\"en-US\",\"potentialAction\":[{\"@type\":\"ReadAction\",\"target\":[\"https:\/\/nge.vn\/san-pham\/bo-dun-extrusion-kit-cho-may-in-3d-creality-k1-k1-max-k1c-k1-se-ender-3-v3-ender-3-v3-plus\/\"]}]},{\"@type\":\"ImageObject\",\"inLanguage\":\"en-US\",\"@id\":\"https:\/\/nge.vn\/san-pham\/bo-dun-extrusion-kit-cho-may-in-3d-creality-k1-k1-max-k1c-k1-se-ender-3-v3-ender-3-v3-plus\/#primaryimage\",\"url\":\"https:\/\/nge.vn\/wp-content\/uploads\/2025\/03\/b01cf5c7-c775-4acb-8751-051edbeae8c3-e1742443773806.jpg\",\"contentUrl\":\"https:\/\/nge.vn\/wp-content\/uploads\/2025\/03\/b01cf5c7-c775-4acb-8751-051edbeae8c3-e1742443773806.jpg\",\"width\":802,\"height\":684,\"caption\":\"B\u1ed9 \u0111\u00f9n Extrusion Kit cho m\u00e1y in 3d Creality K1, K1 Max, K1C, K1 SE, Ender-3 V3, Ender-3 V3 Plus\"},{\"@type\":\"BreadcrumbList\",\"@id\":\"https:\/\/nge.vn\/san-pham\/bo-dun-extrusion-kit-cho-may-in-3d-creality-k1-k1-max-k1c-k1-se-ender-3-v3-ender-3-v3-plus\/#breadcrumb\",\"itemListElement\":[{\"@type\":\"ListItem\",\"position\":1,\"name\":\"Trang ch\u1ee7\",\"item\":\"https:\/\/nge.vn\/\"},{\"@type\":\"ListItem\",\"position\":2,\"name\":\"S\u1ea3n ph\u1ea9m\",\"item\":\"https:\/\/nge.vn\/san-pham\/\"},{\"@type\":\"ListItem\",\"position\":3,\"name\":\"B\u1ed9 \u0111\u00f9n Extrusion Kit cho m\u00e1y in 3d Creality K1, K1 Max, K1C, K1 SE, Ender-3 V3, Ender-3 V3 Plus\"}]},{\"@type\":\"WebSite\",\"@id\":\"https:\/\/nge.vn\/#website\",\"url\":\"https:\/\/nge.vn\/\",\"name\":\"NGE 3D Printers Services\",\"description\":\"\",\"potentialAction\":[{\"@type\":\"SearchAction\",\"target\":{\"@type\":\"EntryPoint\",\"urlTemplate\":\"https:\/\/nge.vn\/?s={search_term_string}\"},\"query-input\":{\"@type\":\"PropertyValueSpecification\",\"valueRequired\":true,\"valueName\":\"search_term_string\"}}],\"inLanguage\":\"en-US\"}]}<\/script>\n<!-- \/ Yoast SEO Premium plugin. -->","yoast_head_json":{"title":"B\u1ed9 \u0111\u00f9n Extrusion Kit cho m\u00e1y in 3d Creality K1, K1 Max, K1C, K1 SE, Ender-3 V3, Ender-3 V3 Plus - NGE 3D Printers Services","description":"B\u1ed9 \u0111\u00f9n Extrusion Kit cho m\u00e1y in 3d Creality K1, K1 Max, K1C, K1 SE, Ender-3 V3, Ender-3 V3 Plus","robots":{"index":"index","follow":"follow","max-snippet":"max-snippet:-1","max-image-preview":"max-image-preview:large","max-video-preview":"max-video-preview:-1"},"canonical":"https:\/\/nge.vn\/en\/product\/bo-dun-extrusion-kit-cho-may-in-3d-creality-k1-k1-max-k1c-k1-se-ender-3-v3-ender-3-v3-plus\/","og_locale":"en_US","og_type":"article","og_title":"B\u1ed9 \u0111\u00f9n Extrusion Kit cho m\u00e1y in 3d Creality K1, K1 Max, K1C, K1 SE, Ender-3 V3, Ender-3 V3 Plus","og_description":"B\u1ed9 \u0111\u00f9n Extrusion Kit cho m\u00e1y in 3d Creality K1, K1 Max, K1C, K1 SE, Ender-3 V3, Ender-3 V3 Plus","og_url":"https:\/\/nge.vn\/en\/product\/bo-dun-extrusion-kit-cho-may-in-3d-creality-k1-k1-max-k1c-k1-se-ender-3-v3-ender-3-v3-plus\/","og_site_name":"NGE 3D Printers Services","article_modified_time":"2025-03-20T04:49:36+00:00","og_image":[{"width":802,"height":684,"url":"https:\/\/nge.vn\/wp-content\/uploads\/2025\/03\/b01cf5c7-c775-4acb-8751-051edbeae8c3-e1742443773806.jpg","type":"image\/jpeg"}],"twitter_card":"summary_large_image","twitter_misc":{"Est. reading time":"3 minutes"},"schema":{"@context":"https:\/\/schema.org","@graph":[{"@type":"WebPage","@id":"https:\/\/nge.vn\/san-pham\/bo-dun-extrusion-kit-cho-may-in-3d-creality-k1-k1-max-k1c-k1-se-ender-3-v3-ender-3-v3-plus\/","url":"https:\/\/nge.vn\/san-pham\/bo-dun-extrusion-kit-cho-may-in-3d-creality-k1-k1-max-k1c-k1-se-ender-3-v3-ender-3-v3-plus\/","name":"B\u1ed9 \u0111\u00f9n Extrusion Kit cho m\u00e1y in 3d Creality K1, K1 Max, K1C, K1 SE, Ender-3 V3, Ender-3 V3 Plus - NGE 3D Printers Services","isPartOf":{"@id":"https:\/\/nge.vn\/#website"},"primaryImageOfPage":{"@id":"https:\/\/nge.vn\/san-pham\/bo-dun-extrusion-kit-cho-may-in-3d-creality-k1-k1-max-k1c-k1-se-ender-3-v3-ender-3-v3-plus\/#primaryimage"},"image":{"@id":"https:\/\/nge.vn\/san-pham\/bo-dun-extrusion-kit-cho-may-in-3d-creality-k1-k1-max-k1c-k1-se-ender-3-v3-ender-3-v3-plus\/#primaryimage"},"thumbnailUrl":"https:\/\/nge.vn\/wp-content\/uploads\/2025\/03\/b01cf5c7-c775-4acb-8751-051edbeae8c3-e1742443773806.jpg","datePublished":"2025-03-20T04:16:03+00:00","dateModified":"2025-03-20T04:49:36+00:00","description":"B\u1ed9 \u0111\u00f9n Extrusion Kit cho m\u00e1y in 3d Creality K1, K1 Max, K1C, K1 SE, Ender-3 V3, Ender-3 V3 Plus","breadcrumb":{"@id":"https:\/\/nge.vn\/san-pham\/bo-dun-extrusion-kit-cho-may-in-3d-creality-k1-k1-max-k1c-k1-se-ender-3-v3-ender-3-v3-plus\/#breadcrumb"},"inLanguage":"en-US","potentialAction":[{"@type":"ReadAction","target":["https:\/\/nge.vn\/san-pham\/bo-dun-extrusion-kit-cho-may-in-3d-creality-k1-k1-max-k1c-k1-se-ender-3-v3-ender-3-v3-plus\/"]}]},{"@type":"ImageObject","inLanguage":"en-US","@id":"https:\/\/nge.vn\/san-pham\/bo-dun-extrusion-kit-cho-may-in-3d-creality-k1-k1-max-k1c-k1-se-ender-3-v3-ender-3-v3-plus\/#primaryimage","url":"https:\/\/nge.vn\/wp-content\/uploads\/2025\/03\/b01cf5c7-c775-4acb-8751-051edbeae8c3-e1742443773806.jpg","contentUrl":"https:\/\/nge.vn\/wp-content\/uploads\/2025\/03\/b01cf5c7-c775-4acb-8751-051edbeae8c3-e1742443773806.jpg","width":802,"height":684,"caption":"B\u1ed9 \u0111\u00f9n Extrusion Kit cho m\u00e1y in 3d Creality K1, K1 Max, K1C, K1 SE, Ender-3 V3, Ender-3 V3 Plus"},{"@type":"BreadcrumbList","@id":"https:\/\/nge.vn\/san-pham\/bo-dun-extrusion-kit-cho-may-in-3d-creality-k1-k1-max-k1c-k1-se-ender-3-v3-ender-3-v3-plus\/#breadcrumb","itemListElement":[{"@type":"ListItem","position":1,"name":"Trang ch\u1ee7","item":"https:\/\/nge.vn\/"},{"@type":"ListItem","position":2,"name":"S\u1ea3n ph\u1ea9m","item":"https:\/\/nge.vn\/san-pham\/"},{"@type":"ListItem","position":3,"name":"B\u1ed9 \u0111\u00f9n Extrusion Kit cho m\u00e1y in 3d Creality K1, K1 Max, K1C, K1 SE, Ender-3 V3, Ender-3 V3 Plus"}]},{"@type":"WebSite","@id":"https:\/\/nge.vn\/#website","url":"https:\/\/nge.vn\/","name":"NGE 3D Printers Services","description":"","potentialAction":[{"@type":"SearchAction","target":{"@type":"EntryPoint","urlTemplate":"https:\/\/nge.vn\/?s={search_term_string}"},"query-input":{"@type":"PropertyValueSpecification","valueRequired":true,"valueName":"search_term_string"}}],"inLanguage":"en-US"}]}},"_links":{"self":[{"href":"https:\/\/nge.vn\/en\/wp-json\/wp\/v2\/product\/5018","targetHints":{"allow":["GET"]}}],"collection":[{"href":"https:\/\/nge.vn\/en\/wp-json\/wp\/v2\/product"}],"about":[{"href":"https:\/\/nge.vn\/en\/wp-json\/wp\/v2\/types\/product"}],"replies":[{"embeddable":true,"href":"https:\/\/nge.vn\/en\/wp-json\/wp\/v2\/comments?post=5018"}],"wp:featuredmedia":[{"embeddable":true,"href":"https:\/\/nge.vn\/en\/wp-json\/wp\/v2\/media\/5027"}],"wp:attachment":[{"href":"https:\/\/nge.vn\/en\/wp-json\/wp\/v2\/media?parent=5018"}],"wp:term":[{"taxonomy":"product_brand","embeddable":true,"href":"https:\/\/nge.vn\/en\/wp-json\/wp\/v2\/product_brand?post=5018"},{"taxonomy":"product_cat","embeddable":true,"href":"https:\/\/nge.vn\/en\/wp-json\/wp\/v2\/product_cat?post=5018"},{"taxonomy":"product_tag","embeddable":true,"href":"https:\/\/nge.vn\/en\/wp-json\/wp\/v2\/product_tag?post=5018"}],"curies":[{"name":"wp","href":"https:\/\/api.w.org\/{rel}","templated":true}]}}