{"id":4993,"date":"2025-03-19T14:25:34","date_gmt":"2025-03-19T07:25:34","guid":{"rendered":"https:\/\/nge.vn\/?post_type=product&#038;p=4993"},"modified":"2025-03-24T18:41:10","modified_gmt":"2025-03-24T11:41:10","slug":"cam-bien-can-ban-k2-plus-strain-gauge-cho-may-in-3d-creality-k2-plus-combo","status":"publish","type":"product","link":"https:\/\/nge.vn\/en\/product\/cam-bien-can-ban-k2-plus-strain-gauge-cho-may-in-3d-creality-k2-plus-combo\/","title":{"rendered":"C\u1ea3m bi\u1ebfn c\u00e2n b\u00e0n K2 Plus Strain Gauge cho m\u00e1y in 3d Creality K2 Plus Combo"},"content":{"rendered":"<p>C\u1ea3m bi\u1ebfn c\u00e2n b\u00e0n K2 Plus Strain Gauge cho m\u00e1y in 3d Creality K2 Plus<\/p>\n<p>C\u1ea3m bi\u1ebfn \u0111o bi\u1ebfn d\u1ea1ng b\u1ec1 m\u1eb7t b\u00e0n in cho m\u00e1y K2 Plus<br \/>\nK2 Plus Strain Gauge_Leveling Sensor<\/p>\n<p>+D\u00e2y cable d\u00e0i: 6cm<br \/>\n+Jack 4 pin<br \/>\n+Tr\u1ecdng l\u01b0\u1ee3ng s\u1ea3n ph\u1ea9m: 13g<br \/>\n+K\u00edch th\u01b0\u1edbc s\u1ea3n ph\u1ea9m: 3.8*2.4*0.2cm<br \/>\n+K\u00edch th\u01b0\u1edbc \u0111\u00f3ng g\u00f3i: 25g<br \/>\n+K\u00edch th\u01b0\u1edbc \u0111\u00f3ng g\u00f3i: 8*14*1cm<br \/>\n+S\u1eed d\u1ee5ng cho m\u00e1y K2 Plus<br \/>\n+K2 Plus Strain Gauge: 4001010038<\/p>\n<p>** Price does not include VAT (+8 or 10% if VAT invoice is issued)<\/p>\n<p>&nbsp;<\/p>\n<figure id=\"attachment_4997\" aria-describedby=\"caption-attachment-4997\" style=\"width: 878px\" class=\"wp-caption aligncenter\"><img loading=\"lazy\" decoding=\"async\" class=\"size-full wp-image-4997\" src=\"https:\/\/nge.123websitedev.com\/wp-content\/uploads\/2025\/03\/K2-Plus-Strain-Gauge3-e1742368962898.jpg\" alt=\"C\u1ea3m bi\u1ebfn c\u00e2n b\u00e0n K2 Plus Strain Gauge cho m\u00e1y in 3d Creality K2 Plus\" width=\"878\" height=\"1060\" srcset=\"https:\/\/nge.vn\/wp-content\/uploads\/2025\/03\/K2-Plus-Strain-Gauge3-e1742368962898.jpg 878w, https:\/\/nge.vn\/wp-content\/uploads\/2025\/03\/K2-Plus-Strain-Gauge3-e1742368962898-248x300.jpg 248w, https:\/\/nge.vn\/wp-content\/uploads\/2025\/03\/K2-Plus-Strain-Gauge3-e1742368962898-848x1024.jpg 848w, https:\/\/nge.vn\/wp-content\/uploads\/2025\/03\/K2-Plus-Strain-Gauge3-e1742368962898-768x927.jpg 768w, https:\/\/nge.vn\/wp-content\/uploads\/2025\/03\/K2-Plus-Strain-Gauge3-e1742368962898-10x12.jpg 10w, https:\/\/nge.vn\/wp-content\/uploads\/2025\/03\/K2-Plus-Strain-Gauge3-e1742368962898-247x298.jpg 247w, https:\/\/nge.vn\/wp-content\/uploads\/2025\/03\/K2-Plus-Strain-Gauge3-e1742368962898-510x616.jpg 510w\" sizes=\"auto, (max-width: 878px) 100vw, 878px\" \/><figcaption id=\"caption-attachment-4997\" class=\"wp-caption-text\">C\u1ea3m bi\u1ebfn c\u00e2n b\u00e0n K2 Plus Strain Gauge cho m\u00e1y in 3d Creality K2 Plus<\/figcaption><\/figure>","protected":false},"excerpt":{"rendered":"<p>C\u1ea3m bi\u1ebfn c\u00e2n b\u00e0n K2 Plus Strain Gauge cho m\u00e1y in 3d Creality K2 Plus C\u1ea3m bi\u1ebfn \u0111o bi\u1ebfn d\u1ea1ng b\u1ec1 m\u1eb7t b\u00e0n in cho m\u00e1y K2 Plus K2 Plus Strain Gauge_Leveling Sensor +D\u00e2y cable d\u00e0i: 6cm +Jack 4 pin +Tr\u1ecdng l\u01b0\u1ee3ng s\u1ea3n ph\u1ea9m: 13g +K\u00edch th\u01b0\u1edbc s\u1ea3n ph\u1ea9m: 3.8*2.4*0.2cm +K\u00edch th\u01b0\u1edbc \u0111\u00f3ng g\u00f3i: 25g&#8230;<\/p>","protected":false},"featured_media":4994,"comment_status":"open","ping_status":"closed","template":"","meta":{"inline_featured_image":false},"product_brand":[],"product_cat":[461,40,56],"product_tag":[511,501,503,512],"class_list":{"0":"post-4993","1":"product","2":"type-product","3":"status-publish","4":"has-post-thumbnail","6":"product_cat-linh-kien-cum-dun-va-cam-bien","7":"product_cat-linh-kien-va-phu-kien","8":"product_cat-linh-phu-kien-may-in-3d-creality","9":"product_tag-cambiencanban","10":"product_tag-k2plus","11":"product_tag-k2pluscombo","12":"product_tag-k2plusstraingauge","14":"first","15":"instock","16":"taxable","17":"shipping-taxable","18":"purchasable","19":"product-type-simple"},"yoast_head":"<!-- This site is optimized with the Yoast SEO Premium plugin v22.8 (Yoast SEO v26.9) - https:\/\/yoast.com\/product\/yoast-seo-premium-wordpress\/ -->\n<title>C\u1ea3m bi\u1ebfn c\u00e2n b\u00e0n K2 Plus Strain Gauge cho m\u00e1y in 3d Creality K2 Plus Combo - NGE 3D Printers Services<\/title>\n<meta name=\"description\" content=\"C\u1ea3m bi\u1ebfn c\u00e2n b\u00e0n K2 Plus Strain Gauge cho m\u00e1y in 3d Creality K2 Plus\" \/>\n<meta name=\"robots\" content=\"index, follow, max-snippet:-1, max-image-preview:large, max-video-preview:-1\" \/>\n<link rel=\"canonical\" href=\"https:\/\/nge.vn\/en\/product\/cam-bien-can-ban-k2-plus-strain-gauge-cho-may-in-3d-creality-k2-plus-combo\/\" \/>\n<meta property=\"og:locale\" content=\"en_US\" \/>\n<meta property=\"og:type\" content=\"article\" \/>\n<meta property=\"og:title\" content=\"C\u1ea3m bi\u1ebfn c\u00e2n b\u00e0n K2 Plus Strain Gauge cho m\u00e1y in 3d Creality K2 Plus Combo\" \/>\n<meta property=\"og:description\" content=\"C\u1ea3m bi\u1ebfn c\u00e2n b\u00e0n K2 Plus Strain Gauge cho m\u00e1y in 3d Creality K2 Plus\" \/>\n<meta property=\"og:url\" content=\"https:\/\/nge.vn\/en\/product\/cam-bien-can-ban-k2-plus-strain-gauge-cho-may-in-3d-creality-k2-plus-combo\/\" \/>\n<meta property=\"og:site_name\" content=\"NGE 3D Printers Services\" \/>\n<meta property=\"article:modified_time\" content=\"2025-03-24T11:41:10+00:00\" \/>\n<meta property=\"og:image\" content=\"https:\/\/nge.vn\/wp-content\/uploads\/2025\/03\/K2-Plus-Strain-Gauge-e1742369068171.jpg\" \/>\n\t<meta property=\"og:image:width\" content=\"1000\" \/>\n\t<meta property=\"og:image:height\" content=\"1025\" \/>\n\t<meta property=\"og:image:type\" content=\"image\/jpeg\" \/>\n<meta name=\"twitter:card\" content=\"summary_large_image\" \/>\n<meta name=\"twitter:label1\" content=\"Est. reading time\" \/>\n\t<meta name=\"twitter:data1\" content=\"1 minute\" \/>\n<script type=\"application\/ld+json\" class=\"yoast-schema-graph\">{\"@context\":\"https:\/\/schema.org\",\"@graph\":[{\"@type\":\"WebPage\",\"@id\":\"https:\/\/nge.vn\/san-pham\/cam-bien-can-ban-k2-plus-strain-gauge-cho-may-in-3d-creality-k2-plus-combo\/\",\"url\":\"https:\/\/nge.vn\/san-pham\/cam-bien-can-ban-k2-plus-strain-gauge-cho-may-in-3d-creality-k2-plus-combo\/\",\"name\":\"C\u1ea3m bi\u1ebfn c\u00e2n b\u00e0n K2 Plus Strain Gauge cho m\u00e1y in 3d Creality K2 Plus Combo - NGE 3D Printers Services\",\"isPartOf\":{\"@id\":\"https:\/\/nge.vn\/#website\"},\"primaryImageOfPage\":{\"@id\":\"https:\/\/nge.vn\/san-pham\/cam-bien-can-ban-k2-plus-strain-gauge-cho-may-in-3d-creality-k2-plus-combo\/#primaryimage\"},\"image\":{\"@id\":\"https:\/\/nge.vn\/san-pham\/cam-bien-can-ban-k2-plus-strain-gauge-cho-may-in-3d-creality-k2-plus-combo\/#primaryimage\"},\"thumbnailUrl\":\"https:\/\/nge.vn\/wp-content\/uploads\/2025\/03\/K2-Plus-Strain-Gauge-e1742369068171.jpg\",\"datePublished\":\"2025-03-19T07:25:34+00:00\",\"dateModified\":\"2025-03-24T11:41:10+00:00\",\"description\":\"C\u1ea3m bi\u1ebfn c\u00e2n b\u00e0n K2 Plus Strain Gauge cho m\u00e1y in 3d Creality K2 Plus\",\"breadcrumb\":{\"@id\":\"https:\/\/nge.vn\/san-pham\/cam-bien-can-ban-k2-plus-strain-gauge-cho-may-in-3d-creality-k2-plus-combo\/#breadcrumb\"},\"inLanguage\":\"en-US\",\"potentialAction\":[{\"@type\":\"ReadAction\",\"target\":[\"https:\/\/nge.vn\/san-pham\/cam-bien-can-ban-k2-plus-strain-gauge-cho-may-in-3d-creality-k2-plus-combo\/\"]}]},{\"@type\":\"ImageObject\",\"inLanguage\":\"en-US\",\"@id\":\"https:\/\/nge.vn\/san-pham\/cam-bien-can-ban-k2-plus-strain-gauge-cho-may-in-3d-creality-k2-plus-combo\/#primaryimage\",\"url\":\"https:\/\/nge.vn\/wp-content\/uploads\/2025\/03\/K2-Plus-Strain-Gauge-e1742369068171.jpg\",\"contentUrl\":\"https:\/\/nge.vn\/wp-content\/uploads\/2025\/03\/K2-Plus-Strain-Gauge-e1742369068171.jpg\",\"width\":1000,\"height\":1025,\"caption\":\"C\u1ea3m bi\u1ebfn c\u00e2n b\u00e0n K2 Plus Strain Gauge cho m\u00e1y in 3d Creality K2 Plus Combo\"},{\"@type\":\"BreadcrumbList\",\"@id\":\"https:\/\/nge.vn\/san-pham\/cam-bien-can-ban-k2-plus-strain-gauge-cho-may-in-3d-creality-k2-plus-combo\/#breadcrumb\",\"itemListElement\":[{\"@type\":\"ListItem\",\"position\":1,\"name\":\"Trang ch\u1ee7\",\"item\":\"https:\/\/nge.vn\/\"},{\"@type\":\"ListItem\",\"position\":2,\"name\":\"S\u1ea3n ph\u1ea9m\",\"item\":\"https:\/\/nge.vn\/san-pham\/\"},{\"@type\":\"ListItem\",\"position\":3,\"name\":\"C\u1ea3m bi\u1ebfn c\u00e2n b\u00e0n K2 Plus Strain Gauge cho m\u00e1y in 3d Creality K2 Plus Combo\"}]},{\"@type\":\"WebSite\",\"@id\":\"https:\/\/nge.vn\/#website\",\"url\":\"https:\/\/nge.vn\/\",\"name\":\"NGE 3D Printers Services\",\"description\":\"\",\"potentialAction\":[{\"@type\":\"SearchAction\",\"target\":{\"@type\":\"EntryPoint\",\"urlTemplate\":\"https:\/\/nge.vn\/?s={search_term_string}\"},\"query-input\":{\"@type\":\"PropertyValueSpecification\",\"valueRequired\":true,\"valueName\":\"search_term_string\"}}],\"inLanguage\":\"en-US\"}]}<\/script>\n<!-- \/ Yoast SEO Premium plugin. -->","yoast_head_json":{"title":"C\u1ea3m bi\u1ebfn c\u00e2n b\u00e0n K2 Plus Strain Gauge cho m\u00e1y in 3d Creality K2 Plus Combo - NGE 3D Printers Services","description":"C\u1ea3m bi\u1ebfn c\u00e2n b\u00e0n K2 Plus Strain Gauge cho m\u00e1y in 3d Creality K2 Plus","robots":{"index":"index","follow":"follow","max-snippet":"max-snippet:-1","max-image-preview":"max-image-preview:large","max-video-preview":"max-video-preview:-1"},"canonical":"https:\/\/nge.vn\/en\/product\/cam-bien-can-ban-k2-plus-strain-gauge-cho-may-in-3d-creality-k2-plus-combo\/","og_locale":"en_US","og_type":"article","og_title":"C\u1ea3m bi\u1ebfn c\u00e2n b\u00e0n K2 Plus Strain Gauge cho m\u00e1y in 3d Creality K2 Plus Combo","og_description":"C\u1ea3m bi\u1ebfn c\u00e2n b\u00e0n K2 Plus Strain Gauge cho m\u00e1y in 3d Creality K2 Plus","og_url":"https:\/\/nge.vn\/en\/product\/cam-bien-can-ban-k2-plus-strain-gauge-cho-may-in-3d-creality-k2-plus-combo\/","og_site_name":"NGE 3D Printers Services","article_modified_time":"2025-03-24T11:41:10+00:00","og_image":[{"width":1000,"height":1025,"url":"https:\/\/nge.vn\/wp-content\/uploads\/2025\/03\/K2-Plus-Strain-Gauge-e1742369068171.jpg","type":"image\/jpeg"}],"twitter_card":"summary_large_image","twitter_misc":{"Est. reading time":"1 minute"},"schema":{"@context":"https:\/\/schema.org","@graph":[{"@type":"WebPage","@id":"https:\/\/nge.vn\/san-pham\/cam-bien-can-ban-k2-plus-strain-gauge-cho-may-in-3d-creality-k2-plus-combo\/","url":"https:\/\/nge.vn\/san-pham\/cam-bien-can-ban-k2-plus-strain-gauge-cho-may-in-3d-creality-k2-plus-combo\/","name":"C\u1ea3m bi\u1ebfn c\u00e2n b\u00e0n K2 Plus Strain Gauge cho m\u00e1y in 3d Creality K2 Plus Combo - NGE 3D Printers Services","isPartOf":{"@id":"https:\/\/nge.vn\/#website"},"primaryImageOfPage":{"@id":"https:\/\/nge.vn\/san-pham\/cam-bien-can-ban-k2-plus-strain-gauge-cho-may-in-3d-creality-k2-plus-combo\/#primaryimage"},"image":{"@id":"https:\/\/nge.vn\/san-pham\/cam-bien-can-ban-k2-plus-strain-gauge-cho-may-in-3d-creality-k2-plus-combo\/#primaryimage"},"thumbnailUrl":"https:\/\/nge.vn\/wp-content\/uploads\/2025\/03\/K2-Plus-Strain-Gauge-e1742369068171.jpg","datePublished":"2025-03-19T07:25:34+00:00","dateModified":"2025-03-24T11:41:10+00:00","description":"C\u1ea3m bi\u1ebfn c\u00e2n b\u00e0n K2 Plus Strain Gauge cho m\u00e1y in 3d Creality K2 Plus","breadcrumb":{"@id":"https:\/\/nge.vn\/san-pham\/cam-bien-can-ban-k2-plus-strain-gauge-cho-may-in-3d-creality-k2-plus-combo\/#breadcrumb"},"inLanguage":"en-US","potentialAction":[{"@type":"ReadAction","target":["https:\/\/nge.vn\/san-pham\/cam-bien-can-ban-k2-plus-strain-gauge-cho-may-in-3d-creality-k2-plus-combo\/"]}]},{"@type":"ImageObject","inLanguage":"en-US","@id":"https:\/\/nge.vn\/san-pham\/cam-bien-can-ban-k2-plus-strain-gauge-cho-may-in-3d-creality-k2-plus-combo\/#primaryimage","url":"https:\/\/nge.vn\/wp-content\/uploads\/2025\/03\/K2-Plus-Strain-Gauge-e1742369068171.jpg","contentUrl":"https:\/\/nge.vn\/wp-content\/uploads\/2025\/03\/K2-Plus-Strain-Gauge-e1742369068171.jpg","width":1000,"height":1025,"caption":"C\u1ea3m bi\u1ebfn c\u00e2n b\u00e0n K2 Plus Strain Gauge cho m\u00e1y in 3d Creality K2 Plus Combo"},{"@type":"BreadcrumbList","@id":"https:\/\/nge.vn\/san-pham\/cam-bien-can-ban-k2-plus-strain-gauge-cho-may-in-3d-creality-k2-plus-combo\/#breadcrumb","itemListElement":[{"@type":"ListItem","position":1,"name":"Trang ch\u1ee7","item":"https:\/\/nge.vn\/"},{"@type":"ListItem","position":2,"name":"S\u1ea3n ph\u1ea9m","item":"https:\/\/nge.vn\/san-pham\/"},{"@type":"ListItem","position":3,"name":"C\u1ea3m bi\u1ebfn c\u00e2n b\u00e0n K2 Plus Strain Gauge cho m\u00e1y in 3d Creality K2 Plus Combo"}]},{"@type":"WebSite","@id":"https:\/\/nge.vn\/#website","url":"https:\/\/nge.vn\/","name":"NGE 3D Printers Services","description":"","potentialAction":[{"@type":"SearchAction","target":{"@type":"EntryPoint","urlTemplate":"https:\/\/nge.vn\/?s={search_term_string}"},"query-input":{"@type":"PropertyValueSpecification","valueRequired":true,"valueName":"search_term_string"}}],"inLanguage":"en-US"}]}},"_links":{"self":[{"href":"https:\/\/nge.vn\/en\/wp-json\/wp\/v2\/product\/4993","targetHints":{"allow":["GET"]}}],"collection":[{"href":"https:\/\/nge.vn\/en\/wp-json\/wp\/v2\/product"}],"about":[{"href":"https:\/\/nge.vn\/en\/wp-json\/wp\/v2\/types\/product"}],"replies":[{"embeddable":true,"href":"https:\/\/nge.vn\/en\/wp-json\/wp\/v2\/comments?post=4993"}],"wp:featuredmedia":[{"embeddable":true,"href":"https:\/\/nge.vn\/en\/wp-json\/wp\/v2\/media\/4994"}],"wp:attachment":[{"href":"https:\/\/nge.vn\/en\/wp-json\/wp\/v2\/media?parent=4993"}],"wp:term":[{"taxonomy":"product_brand","embeddable":true,"href":"https:\/\/nge.vn\/en\/wp-json\/wp\/v2\/product_brand?post=4993"},{"taxonomy":"product_cat","embeddable":true,"href":"https:\/\/nge.vn\/en\/wp-json\/wp\/v2\/product_cat?post=4993"},{"taxonomy":"product_tag","embeddable":true,"href":"https:\/\/nge.vn\/en\/wp-json\/wp\/v2\/product_tag?post=4993"}],"curies":[{"name":"wp","href":"https:\/\/api.w.org\/{rel}","templated":true}]}}