{"id":4972,"date":"2025-03-19T11:35:01","date_gmt":"2025-03-19T04:35:01","guid":{"rendered":"https:\/\/nge.vn\/?post_type=product&#038;p=4972"},"modified":"2025-03-19T11:37:30","modified_gmt":"2025-03-19T04:37:30","slug":"dao-cat-soi-nhua-creality-filament-cutter-cho-may-in-3d-creality-k2-plus-va-creality-hi","status":"publish","type":"product","link":"https:\/\/nge.vn\/en\/product\/dao-cat-soi-nhua-creality-filament-cutter-cho-may-in-3d-creality-k2-plus-va-creality-hi\/","title":{"rendered":"Dao c\u1eaft s\u1ee3i nh\u1ef1a Creality Filament Cutter cho m\u00e1y in 3d Creality K2 Plus v\u00e0 Creality Hi 10pcs"},"content":{"rendered":"<p>Dao c\u1eaft s\u1ee3i nh\u1ef1a Creality Filament Cutter cho m\u00e1y in 3d Creality K2 Plus v\u00e0 Creality Hi 10 pcs<\/p>\n<p>_M\u00e1y c\u1eaft s\u1ee3i Creality<br \/>\n+C\u1eaft nhanh<br \/>\n+\u0110\u1ed9 b\u1ec1n cao<br \/>\n+Thay th\u1ebf nhanh<\/p>\n<p>_C\u1eaft ch\u00ednh x\u00e1c \u0111\u1ea3m b\u1ea3o in tr\u01a1n tru<br \/>\nC\u1eaft s\u1ee3i nhanh v\u00e0 ch\u00ednh x\u00e1c \u0111\u1ea3m b\u1ea3o quy tr\u00ecnh in nhi\u1ec1u m\u00e0u li\u00ean t\u1ee5c v\u00e0 tr\u01a1n tru<\/p>\n<p>_B\u1ec1n v\u00e0 \u0111\u00e1ng tin c\u1eady<br \/>\nM\u00f4-\u0111un m\u00e1y c\u1eaft \u0111\u01b0\u1ee3c l\u00e0m t\u1eeb v\u1eadt li\u1ec7u c\u00f3 \u0111\u1ed9 b\u1ec1n cao \u0111\u1ec3 ch\u1ed1ng m\u00e0i m\u00f2n v\u00e0 \u1ed5n \u0111\u1ecbnh tuy\u1ec7t v\u1eddi<\/p>\n<p>_B\u1ea3o tr\u00ec v\u00e0 thay th\u1ebf d\u1ec5 d\u00e0ng<br \/>\nThi\u1ebft k\u1ebf \u0111\u01a1n gi\u1ea3n c\u1ee7a m\u00f4-\u0111un cho ph\u00e9p thay th\u1ebf nhanh ch\u00f3ng v\u00e0 thu\u1eadn ti\u1ec7n<\/p>\n<p>\u1ea2nh ch\u1ee5p th\u1ef1c t\u1ebf c\u1ee7a s\u1ea3n ph\u1ea9m<\/p>\n<p>_Product specifications<br \/>\n+T\u00ean s\u1ea3n ph\u1ea9m: M\u00f4-\u0111un m\u00e1y c\u1eaft s\u1ee3i<br \/>\n+Tr\u1ecdng l\u01b0\u1ee3ng s\u1ea3n ph\u1ea9m: 1g<br \/>\n+K\u00edch th\u01b0\u1edbc s\u1ea3n ph\u1ea9m: 18*9*4mm<br \/>\n+Tr\u1ecdng l\u01b0\u1ee3ng g\u00f3i: 22g<br \/>\n+M\u1eabu th\u00edch \u1ee9ng: K2 Plus, Creality Hi<br \/>\n+H\u1ed9p 10 c\u00e1i<\/p>\n<p>+Creality Filament Cutter 10Pcs: 4004010262<\/p>\n<p>**Vui l\u00f2ng li\u00ean h\u1ec7 tr\u1ef1c ti\u1ebfp shop \u0111\u1ec3 \u0111\u01b0\u1ee3c t\u01b0 v\u1ea5n th\u00eam<br \/>\n0913.939.775 contact A.Quan (for English)<br \/>\n094.144.0951 contact A.Quynh<br \/>\n** Price does not include VAT (+8 or 10% if VAT invoice is issued)<\/p>\n<figure id=\"attachment_4973\" aria-describedby=\"caption-attachment-4973\" style=\"width: 1000px\" class=\"wp-caption aligncenter\"><img loading=\"lazy\" decoding=\"async\" class=\"size-full wp-image-4973\" src=\"https:\/\/nge.123websitedev.com\/wp-content\/uploads\/2025\/03\/5b6cb4f5-841a-4ca5-96cc-cf880703b5c2.jpg\" alt=\"Dao c\u1eaft s\u1ee3i nh\u1ef1a Creality Filament Cutter cho m\u00e1y in 3d Creality K2 Plus v\u00e0 Creality Hi 10 pcs\" width=\"1000\" height=\"1000\" srcset=\"https:\/\/nge.vn\/wp-content\/uploads\/2025\/03\/5b6cb4f5-841a-4ca5-96cc-cf880703b5c2.jpg 1000w, https:\/\/nge.vn\/wp-content\/uploads\/2025\/03\/5b6cb4f5-841a-4ca5-96cc-cf880703b5c2-300x300.jpg 300w, https:\/\/nge.vn\/wp-content\/uploads\/2025\/03\/5b6cb4f5-841a-4ca5-96cc-cf880703b5c2-150x150.jpg 150w, https:\/\/nge.vn\/wp-content\/uploads\/2025\/03\/5b6cb4f5-841a-4ca5-96cc-cf880703b5c2-768x768.jpg 768w, https:\/\/nge.vn\/wp-content\/uploads\/2025\/03\/5b6cb4f5-841a-4ca5-96cc-cf880703b5c2-12x12.jpg 12w, https:\/\/nge.vn\/wp-content\/uploads\/2025\/03\/5b6cb4f5-841a-4ca5-96cc-cf880703b5c2-247x247.jpg 247w, https:\/\/nge.vn\/wp-content\/uploads\/2025\/03\/5b6cb4f5-841a-4ca5-96cc-cf880703b5c2-510x510.jpg 510w, https:\/\/nge.vn\/wp-content\/uploads\/2025\/03\/5b6cb4f5-841a-4ca5-96cc-cf880703b5c2-100x100.jpg 100w\" sizes=\"auto, (max-width: 1000px) 100vw, 1000px\" \/><figcaption id=\"caption-attachment-4973\" class=\"wp-caption-text\">Dao c\u1eaft s\u1ee3i nh\u1ef1a Creality Filament Cutter cho m\u00e1y in 3d Creality K2 Plus v\u00e0 Creality Hi 10 pcs<\/figcaption><\/figure>\n<p><img loading=\"lazy\" decoding=\"async\" class=\"aligncenter size-full wp-image-4974\" src=\"https:\/\/nge.123websitedev.com\/wp-content\/uploads\/2025\/03\/93f16ced-4a06-4901-ba59-1b9c3822c7fe.jpg\" alt=\"\" width=\"1000\" height=\"1000\" srcset=\"https:\/\/nge.vn\/wp-content\/uploads\/2025\/03\/93f16ced-4a06-4901-ba59-1b9c3822c7fe.jpg 1000w, https:\/\/nge.vn\/wp-content\/uploads\/2025\/03\/93f16ced-4a06-4901-ba59-1b9c3822c7fe-300x300.jpg 300w, https:\/\/nge.vn\/wp-content\/uploads\/2025\/03\/93f16ced-4a06-4901-ba59-1b9c3822c7fe-150x150.jpg 150w, https:\/\/nge.vn\/wp-content\/uploads\/2025\/03\/93f16ced-4a06-4901-ba59-1b9c3822c7fe-768x768.jpg 768w, https:\/\/nge.vn\/wp-content\/uploads\/2025\/03\/93f16ced-4a06-4901-ba59-1b9c3822c7fe-12x12.jpg 12w, https:\/\/nge.vn\/wp-content\/uploads\/2025\/03\/93f16ced-4a06-4901-ba59-1b9c3822c7fe-247x247.jpg 247w, https:\/\/nge.vn\/wp-content\/uploads\/2025\/03\/93f16ced-4a06-4901-ba59-1b9c3822c7fe-510x510.jpg 510w, https:\/\/nge.vn\/wp-content\/uploads\/2025\/03\/93f16ced-4a06-4901-ba59-1b9c3822c7fe-100x100.jpg 100w\" sizes=\"auto, (max-width: 1000px) 100vw, 1000px\" \/> <img loading=\"lazy\" decoding=\"async\" class=\"aligncenter size-full wp-image-4975\" src=\"https:\/\/nge.123websitedev.com\/wp-content\/uploads\/2025\/03\/4799efa0-cdaa-423d-8e17-68952f6ba04f.jpg\" alt=\"\" width=\"750\" height=\"572\" srcset=\"https:\/\/nge.vn\/wp-content\/uploads\/2025\/03\/4799efa0-cdaa-423d-8e17-68952f6ba04f.jpg 750w, https:\/\/nge.vn\/wp-content\/uploads\/2025\/03\/4799efa0-cdaa-423d-8e17-68952f6ba04f-300x229.jpg 300w, https:\/\/nge.vn\/wp-content\/uploads\/2025\/03\/4799efa0-cdaa-423d-8e17-68952f6ba04f-16x12.jpg 16w, https:\/\/nge.vn\/wp-content\/uploads\/2025\/03\/4799efa0-cdaa-423d-8e17-68952f6ba04f-247x188.jpg 247w, https:\/\/nge.vn\/wp-content\/uploads\/2025\/03\/4799efa0-cdaa-423d-8e17-68952f6ba04f-510x389.jpg 510w\" sizes=\"auto, (max-width: 750px) 100vw, 750px\" \/> <img loading=\"lazy\" decoding=\"async\" class=\"aligncenter size-full wp-image-4976\" src=\"https:\/\/nge.123websitedev.com\/wp-content\/uploads\/2025\/03\/9614b60a-0697-4f2b-8033-28d8dc6b0389.jpg\" alt=\"\" width=\"750\" height=\"923\" srcset=\"https:\/\/nge.vn\/wp-content\/uploads\/2025\/03\/9614b60a-0697-4f2b-8033-28d8dc6b0389.jpg 750w, https:\/\/nge.vn\/wp-content\/uploads\/2025\/03\/9614b60a-0697-4f2b-8033-28d8dc6b0389-244x300.jpg 244w, https:\/\/nge.vn\/wp-content\/uploads\/2025\/03\/9614b60a-0697-4f2b-8033-28d8dc6b0389-10x12.jpg 10w, https:\/\/nge.vn\/wp-content\/uploads\/2025\/03\/9614b60a-0697-4f2b-8033-28d8dc6b0389-247x304.jpg 247w, https:\/\/nge.vn\/wp-content\/uploads\/2025\/03\/9614b60a-0697-4f2b-8033-28d8dc6b0389-510x628.jpg 510w\" sizes=\"auto, (max-width: 750px) 100vw, 750px\" \/><\/p>\n<figure id=\"attachment_4977\" aria-describedby=\"caption-attachment-4977\" style=\"width: 750px\" class=\"wp-caption aligncenter\"><img loading=\"lazy\" decoding=\"async\" class=\"size-full wp-image-4977\" src=\"https:\/\/nge.123websitedev.com\/wp-content\/uploads\/2025\/03\/10452d65-e632-42d6-812a-24f7425e78e7.jpg\" alt=\"Dao c\u1eaft s\u1ee3i nh\u1ef1a Creality Filament Cutter cho m\u00e1y in 3d Creality K2 Plus v\u00e0 Creality Hi 10 pcs\" width=\"750\" height=\"881\" srcset=\"https:\/\/nge.vn\/wp-content\/uploads\/2025\/03\/10452d65-e632-42d6-812a-24f7425e78e7.jpg 750w, https:\/\/nge.vn\/wp-content\/uploads\/2025\/03\/10452d65-e632-42d6-812a-24f7425e78e7-255x300.jpg 255w, https:\/\/nge.vn\/wp-content\/uploads\/2025\/03\/10452d65-e632-42d6-812a-24f7425e78e7-10x12.jpg 10w, https:\/\/nge.vn\/wp-content\/uploads\/2025\/03\/10452d65-e632-42d6-812a-24f7425e78e7-247x290.jpg 247w, https:\/\/nge.vn\/wp-content\/uploads\/2025\/03\/10452d65-e632-42d6-812a-24f7425e78e7-510x599.jpg 510w\" sizes=\"auto, (max-width: 750px) 100vw, 750px\" \/><figcaption id=\"caption-attachment-4977\" class=\"wp-caption-text\">Dao c\u1eaft s\u1ee3i nh\u1ef1a Creality Filament Cutter cho m\u00e1y in 3d Creality K2 Plus v\u00e0 Creality Hi 10 pcs<\/figcaption><\/figure>\n<p><img loading=\"lazy\" decoding=\"async\" class=\"aligncenter size-full wp-image-4978\" src=\"https:\/\/nge.123websitedev.com\/wp-content\/uploads\/2025\/03\/547761cc-66cf-4a20-a455-ac2d24966513.jpg\" alt=\"\" width=\"1000\" height=\"1000\" srcset=\"https:\/\/nge.vn\/wp-content\/uploads\/2025\/03\/547761cc-66cf-4a20-a455-ac2d24966513.jpg 1000w, https:\/\/nge.vn\/wp-content\/uploads\/2025\/03\/547761cc-66cf-4a20-a455-ac2d24966513-300x300.jpg 300w, https:\/\/nge.vn\/wp-content\/uploads\/2025\/03\/547761cc-66cf-4a20-a455-ac2d24966513-150x150.jpg 150w, https:\/\/nge.vn\/wp-content\/uploads\/2025\/03\/547761cc-66cf-4a20-a455-ac2d24966513-768x768.jpg 768w, https:\/\/nge.vn\/wp-content\/uploads\/2025\/03\/547761cc-66cf-4a20-a455-ac2d24966513-12x12.jpg 12w, https:\/\/nge.vn\/wp-content\/uploads\/2025\/03\/547761cc-66cf-4a20-a455-ac2d24966513-247x247.jpg 247w, https:\/\/nge.vn\/wp-content\/uploads\/2025\/03\/547761cc-66cf-4a20-a455-ac2d24966513-510x510.jpg 510w, https:\/\/nge.vn\/wp-content\/uploads\/2025\/03\/547761cc-66cf-4a20-a455-ac2d24966513-100x100.jpg 100w\" sizes=\"auto, (max-width: 1000px) 100vw, 1000px\" \/> <img loading=\"lazy\" decoding=\"async\" class=\"aligncenter size-full wp-image-4979\" src=\"https:\/\/nge.123websitedev.com\/wp-content\/uploads\/2025\/03\/a712e582-2754-4931-9e9b-b350e01b6559.jpg\" alt=\"\" width=\"1000\" height=\"1000\" srcset=\"https:\/\/nge.vn\/wp-content\/uploads\/2025\/03\/a712e582-2754-4931-9e9b-b350e01b6559.jpg 1000w, https:\/\/nge.vn\/wp-content\/uploads\/2025\/03\/a712e582-2754-4931-9e9b-b350e01b6559-300x300.jpg 300w, https:\/\/nge.vn\/wp-content\/uploads\/2025\/03\/a712e582-2754-4931-9e9b-b350e01b6559-150x150.jpg 150w, https:\/\/nge.vn\/wp-content\/uploads\/2025\/03\/a712e582-2754-4931-9e9b-b350e01b6559-768x768.jpg 768w, https:\/\/nge.vn\/wp-content\/uploads\/2025\/03\/a712e582-2754-4931-9e9b-b350e01b6559-12x12.jpg 12w, https:\/\/nge.vn\/wp-content\/uploads\/2025\/03\/a712e582-2754-4931-9e9b-b350e01b6559-247x247.jpg 247w, https:\/\/nge.vn\/wp-content\/uploads\/2025\/03\/a712e582-2754-4931-9e9b-b350e01b6559-510x510.jpg 510w, https:\/\/nge.vn\/wp-content\/uploads\/2025\/03\/a712e582-2754-4931-9e9b-b350e01b6559-100x100.jpg 100w\" sizes=\"auto, (max-width: 1000px) 100vw, 1000px\" \/> <img loading=\"lazy\" decoding=\"async\" class=\"aligncenter size-full wp-image-4980\" src=\"https:\/\/nge.123websitedev.com\/wp-content\/uploads\/2025\/03\/a51677b5-8e22-43fb-894e-f1e3abc62fbd.jpg\" alt=\"\" width=\"747\" height=\"733\" srcset=\"https:\/\/nge.vn\/wp-content\/uploads\/2025\/03\/a51677b5-8e22-43fb-894e-f1e3abc62fbd.jpg 747w, https:\/\/nge.vn\/wp-content\/uploads\/2025\/03\/a51677b5-8e22-43fb-894e-f1e3abc62fbd-300x294.jpg 300w, https:\/\/nge.vn\/wp-content\/uploads\/2025\/03\/a51677b5-8e22-43fb-894e-f1e3abc62fbd-12x12.jpg 12w, https:\/\/nge.vn\/wp-content\/uploads\/2025\/03\/a51677b5-8e22-43fb-894e-f1e3abc62fbd-247x242.jpg 247w, https:\/\/nge.vn\/wp-content\/uploads\/2025\/03\/a51677b5-8e22-43fb-894e-f1e3abc62fbd-510x500.jpg 510w\" sizes=\"auto, (max-width: 747px) 100vw, 747px\" \/> <img loading=\"lazy\" decoding=\"async\" class=\"aligncenter size-full wp-image-4981\" src=\"https:\/\/nge.123websitedev.com\/wp-content\/uploads\/2025\/03\/c18711ea-09d7-4bb5-8b3a-ecbfc6b8e758.jpg\" alt=\"\" width=\"1000\" height=\"1000\" srcset=\"https:\/\/nge.vn\/wp-content\/uploads\/2025\/03\/c18711ea-09d7-4bb5-8b3a-ecbfc6b8e758.jpg 1000w, https:\/\/nge.vn\/wp-content\/uploads\/2025\/03\/c18711ea-09d7-4bb5-8b3a-ecbfc6b8e758-300x300.jpg 300w, https:\/\/nge.vn\/wp-content\/uploads\/2025\/03\/c18711ea-09d7-4bb5-8b3a-ecbfc6b8e758-150x150.jpg 150w, https:\/\/nge.vn\/wp-content\/uploads\/2025\/03\/c18711ea-09d7-4bb5-8b3a-ecbfc6b8e758-768x768.jpg 768w, https:\/\/nge.vn\/wp-content\/uploads\/2025\/03\/c18711ea-09d7-4bb5-8b3a-ecbfc6b8e758-12x12.jpg 12w, https:\/\/nge.vn\/wp-content\/uploads\/2025\/03\/c18711ea-09d7-4bb5-8b3a-ecbfc6b8e758-247x247.jpg 247w, https:\/\/nge.vn\/wp-content\/uploads\/2025\/03\/c18711ea-09d7-4bb5-8b3a-ecbfc6b8e758-510x510.jpg 510w, https:\/\/nge.vn\/wp-content\/uploads\/2025\/03\/c18711ea-09d7-4bb5-8b3a-ecbfc6b8e758-100x100.jpg 100w\" sizes=\"auto, (max-width: 1000px) 100vw, 1000px\" \/> <img loading=\"lazy\" decoding=\"async\" class=\"aligncenter size-full wp-image-4982\" src=\"https:\/\/nge.123websitedev.com\/wp-content\/uploads\/2025\/03\/dbc7fb1b-6b39-470d-8bef-4554c0103bed.jpg\" alt=\"\" width=\"668\" height=\"350\" srcset=\"https:\/\/nge.vn\/wp-content\/uploads\/2025\/03\/dbc7fb1b-6b39-470d-8bef-4554c0103bed.jpg 668w, https:\/\/nge.vn\/wp-content\/uploads\/2025\/03\/dbc7fb1b-6b39-470d-8bef-4554c0103bed-300x157.jpg 300w, https:\/\/nge.vn\/wp-content\/uploads\/2025\/03\/dbc7fb1b-6b39-470d-8bef-4554c0103bed-18x9.jpg 18w, https:\/\/nge.vn\/wp-content\/uploads\/2025\/03\/dbc7fb1b-6b39-470d-8bef-4554c0103bed-247x129.jpg 247w, https:\/\/nge.vn\/wp-content\/uploads\/2025\/03\/dbc7fb1b-6b39-470d-8bef-4554c0103bed-510x267.jpg 510w\" sizes=\"auto, (max-width: 668px) 100vw, 668px\" \/> <img loading=\"lazy\" decoding=\"async\" class=\"aligncenter size-full wp-image-4983\" src=\"https:\/\/nge.123websitedev.com\/wp-content\/uploads\/2025\/03\/dd974f0b-5066-44ca-8331-5eb9a8342f71.jpg\" alt=\"\" width=\"750\" height=\"813\" srcset=\"https:\/\/nge.vn\/wp-content\/uploads\/2025\/03\/dd974f0b-5066-44ca-8331-5eb9a8342f71.jpg 750w, https:\/\/nge.vn\/wp-content\/uploads\/2025\/03\/dd974f0b-5066-44ca-8331-5eb9a8342f71-277x300.jpg 277w, https:\/\/nge.vn\/wp-content\/uploads\/2025\/03\/dd974f0b-5066-44ca-8331-5eb9a8342f71-11x12.jpg 11w, https:\/\/nge.vn\/wp-content\/uploads\/2025\/03\/dd974f0b-5066-44ca-8331-5eb9a8342f71-247x268.jpg 247w, https:\/\/nge.vn\/wp-content\/uploads\/2025\/03\/dd974f0b-5066-44ca-8331-5eb9a8342f71-510x553.jpg 510w\" sizes=\"auto, (max-width: 750px) 100vw, 750px\" \/><\/p>\n<p>&nbsp;<\/p>","protected":false},"excerpt":{"rendered":"<p>+T\u00ean s\u1ea3n ph\u1ea9m: M\u00f4-\u0111un m\u00e1y c\u1eaft s\u1ee3i<br \/>\n+Tr\u1ecdng l\u01b0\u1ee3ng s\u1ea3n ph\u1ea9m: 1g<br \/>\n+K\u00edch th\u01b0\u1edbc s\u1ea3n ph\u1ea9m: 18*9*4mm<br \/>\n+Tr\u1ecdng l\u01b0\u1ee3ng g\u00f3i: 22g<br \/>\n+M\u1eabu th\u00edch \u1ee9ng: K2 Plus, Creality Hi<br \/>\n+H\u1ed9p 10 c\u00e1i<\/p>","protected":false},"featured_media":4977,"comment_status":"open","ping_status":"closed","template":"","meta":{"inline_featured_image":false},"product_brand":[],"product_cat":[461,40,56],"product_tag":[497,496,501,503],"class_list":{"0":"post-4972","1":"product","2":"type-product","3":"status-publish","4":"has-post-thumbnail","6":"product_cat-linh-kien-cum-dun-va-cam-bien","7":"product_cat-linh-kien-va-phu-kien","8":"product_cat-linh-phu-kien-may-in-3d-creality","9":"product_tag-crealityhi","10":"product_tag-crealityhicombo","11":"product_tag-k2plus","12":"product_tag-k2pluscombo","14":"first","15":"instock","16":"taxable","17":"shipping-taxable","18":"purchasable","19":"product-type-simple"},"yoast_head":"<!-- This site is optimized with the Yoast SEO Premium plugin v22.8 (Yoast SEO v26.9) - https:\/\/yoast.com\/product\/yoast-seo-premium-wordpress\/ -->\n<title>Dao c\u1eaft s\u1ee3i nh\u1ef1a Creality Filament Cutter cho m\u00e1y in 3d Creality K2 Plus v\u00e0 Creality Hi 10pcs - NGE 3D Printers Services<\/title>\n<meta name=\"robots\" content=\"index, follow, max-snippet:-1, max-image-preview:large, max-video-preview:-1\" \/>\n<link rel=\"canonical\" href=\"https:\/\/nge.vn\/en\/product\/dao-cat-soi-nhua-creality-filament-cutter-cho-may-in-3d-creality-k2-plus-va-creality-hi\/\" \/>\n<meta property=\"og:locale\" content=\"en_US\" \/>\n<meta property=\"og:type\" content=\"article\" \/>\n<meta property=\"og:title\" content=\"Dao c\u1eaft s\u1ee3i nh\u1ef1a Creality Filament Cutter cho m\u00e1y in 3d Creality K2 Plus v\u00e0 Creality Hi 10pcs\" \/>\n<meta property=\"og:description\" content=\"+T\u00ean s\u1ea3n ph\u1ea9m: M\u00f4-\u0111un m\u00e1y c\u1eaft s\u1ee3i +Tr\u1ecdng l\u01b0\u1ee3ng s\u1ea3n ph\u1ea9m: 1g +K\u00edch th\u01b0\u1edbc s\u1ea3n ph\u1ea9m: 18*9*4mm +Tr\u1ecdng l\u01b0\u1ee3ng g\u00f3i: 22g +M\u1eabu th\u00edch \u1ee9ng: K2 Plus, Creality Hi +H\u1ed9p 10 c\u00e1i\" \/>\n<meta property=\"og:url\" content=\"https:\/\/nge.vn\/en\/product\/dao-cat-soi-nhua-creality-filament-cutter-cho-may-in-3d-creality-k2-plus-va-creality-hi\/\" \/>\n<meta property=\"og:site_name\" content=\"NGE 3D Printers Services\" \/>\n<meta property=\"article:modified_time\" content=\"2025-03-19T04:37:30+00:00\" \/>\n<meta property=\"og:image\" content=\"https:\/\/nge.vn\/wp-content\/uploads\/2025\/03\/10452d65-e632-42d6-812a-24f7425e78e7.jpg\" \/>\n\t<meta property=\"og:image:width\" content=\"750\" \/>\n\t<meta property=\"og:image:height\" content=\"881\" \/>\n\t<meta property=\"og:image:type\" content=\"image\/jpeg\" \/>\n<meta name=\"twitter:card\" content=\"summary_large_image\" \/>\n<meta name=\"twitter:label1\" content=\"Est. reading time\" \/>\n\t<meta name=\"twitter:data1\" content=\"4 minutes\" \/>\n<script type=\"application\/ld+json\" class=\"yoast-schema-graph\">{\"@context\":\"https:\/\/schema.org\",\"@graph\":[{\"@type\":\"WebPage\",\"@id\":\"https:\/\/nge.vn\/san-pham\/dao-cat-soi-nhua-creality-filament-cutter-cho-may-in-3d-creality-k2-plus-va-creality-hi\/\",\"url\":\"https:\/\/nge.vn\/san-pham\/dao-cat-soi-nhua-creality-filament-cutter-cho-may-in-3d-creality-k2-plus-va-creality-hi\/\",\"name\":\"Dao c\u1eaft s\u1ee3i nh\u1ef1a Creality Filament Cutter cho m\u00e1y in 3d Creality K2 Plus v\u00e0 Creality Hi 10pcs - NGE 3D Printers Services\",\"isPartOf\":{\"@id\":\"https:\/\/nge.vn\/#website\"},\"primaryImageOfPage\":{\"@id\":\"https:\/\/nge.vn\/san-pham\/dao-cat-soi-nhua-creality-filament-cutter-cho-may-in-3d-creality-k2-plus-va-creality-hi\/#primaryimage\"},\"image\":{\"@id\":\"https:\/\/nge.vn\/san-pham\/dao-cat-soi-nhua-creality-filament-cutter-cho-may-in-3d-creality-k2-plus-va-creality-hi\/#primaryimage\"},\"thumbnailUrl\":\"https:\/\/nge.vn\/wp-content\/uploads\/2025\/03\/10452d65-e632-42d6-812a-24f7425e78e7.jpg\",\"datePublished\":\"2025-03-19T04:35:01+00:00\",\"dateModified\":\"2025-03-19T04:37:30+00:00\",\"breadcrumb\":{\"@id\":\"https:\/\/nge.vn\/san-pham\/dao-cat-soi-nhua-creality-filament-cutter-cho-may-in-3d-creality-k2-plus-va-creality-hi\/#breadcrumb\"},\"inLanguage\":\"en-US\",\"potentialAction\":[{\"@type\":\"ReadAction\",\"target\":[\"https:\/\/nge.vn\/san-pham\/dao-cat-soi-nhua-creality-filament-cutter-cho-may-in-3d-creality-k2-plus-va-creality-hi\/\"]}]},{\"@type\":\"ImageObject\",\"inLanguage\":\"en-US\",\"@id\":\"https:\/\/nge.vn\/san-pham\/dao-cat-soi-nhua-creality-filament-cutter-cho-may-in-3d-creality-k2-plus-va-creality-hi\/#primaryimage\",\"url\":\"https:\/\/nge.vn\/wp-content\/uploads\/2025\/03\/10452d65-e632-42d6-812a-24f7425e78e7.jpg\",\"contentUrl\":\"https:\/\/nge.vn\/wp-content\/uploads\/2025\/03\/10452d65-e632-42d6-812a-24f7425e78e7.jpg\",\"width\":750,\"height\":881,\"caption\":\"Dao c\u1eaft s\u1ee3i nh\u1ef1a Creality Filament Cutter cho m\u00e1y in 3d Creality K2 Plus v\u00e0 Creality Hi 10 pcs\"},{\"@type\":\"BreadcrumbList\",\"@id\":\"https:\/\/nge.vn\/san-pham\/dao-cat-soi-nhua-creality-filament-cutter-cho-may-in-3d-creality-k2-plus-va-creality-hi\/#breadcrumb\",\"itemListElement\":[{\"@type\":\"ListItem\",\"position\":1,\"name\":\"Trang ch\u1ee7\",\"item\":\"https:\/\/nge.vn\/\"},{\"@type\":\"ListItem\",\"position\":2,\"name\":\"S\u1ea3n ph\u1ea9m\",\"item\":\"https:\/\/nge.vn\/san-pham\/\"},{\"@type\":\"ListItem\",\"position\":3,\"name\":\"Dao c\u1eaft s\u1ee3i nh\u1ef1a Creality Filament Cutter cho m\u00e1y in 3d Creality K2 Plus v\u00e0 Creality Hi 10pcs\"}]},{\"@type\":\"WebSite\",\"@id\":\"https:\/\/nge.vn\/#website\",\"url\":\"https:\/\/nge.vn\/\",\"name\":\"NGE 3D Printers Services\",\"description\":\"\",\"potentialAction\":[{\"@type\":\"SearchAction\",\"target\":{\"@type\":\"EntryPoint\",\"urlTemplate\":\"https:\/\/nge.vn\/?s={search_term_string}\"},\"query-input\":{\"@type\":\"PropertyValueSpecification\",\"valueRequired\":true,\"valueName\":\"search_term_string\"}}],\"inLanguage\":\"en-US\"}]}<\/script>\n<!-- \/ Yoast SEO Premium plugin. -->","yoast_head_json":{"title":"Dao c\u1eaft s\u1ee3i nh\u1ef1a Creality Filament Cutter cho m\u00e1y in 3d Creality K2 Plus v\u00e0 Creality Hi 10pcs - NGE 3D Printers Services","robots":{"index":"index","follow":"follow","max-snippet":"max-snippet:-1","max-image-preview":"max-image-preview:large","max-video-preview":"max-video-preview:-1"},"canonical":"https:\/\/nge.vn\/en\/product\/dao-cat-soi-nhua-creality-filament-cutter-cho-may-in-3d-creality-k2-plus-va-creality-hi\/","og_locale":"en_US","og_type":"article","og_title":"Dao c\u1eaft s\u1ee3i nh\u1ef1a Creality Filament Cutter cho m\u00e1y in 3d Creality K2 Plus v\u00e0 Creality Hi 10pcs","og_description":"+T\u00ean s\u1ea3n ph\u1ea9m: M\u00f4-\u0111un m\u00e1y c\u1eaft s\u1ee3i +Tr\u1ecdng l\u01b0\u1ee3ng s\u1ea3n ph\u1ea9m: 1g +K\u00edch th\u01b0\u1edbc s\u1ea3n ph\u1ea9m: 18*9*4mm +Tr\u1ecdng l\u01b0\u1ee3ng g\u00f3i: 22g +M\u1eabu th\u00edch \u1ee9ng: K2 Plus, Creality Hi +H\u1ed9p 10 c\u00e1i","og_url":"https:\/\/nge.vn\/en\/product\/dao-cat-soi-nhua-creality-filament-cutter-cho-may-in-3d-creality-k2-plus-va-creality-hi\/","og_site_name":"NGE 3D Printers Services","article_modified_time":"2025-03-19T04:37:30+00:00","og_image":[{"width":750,"height":881,"url":"https:\/\/nge.vn\/wp-content\/uploads\/2025\/03\/10452d65-e632-42d6-812a-24f7425e78e7.jpg","type":"image\/jpeg"}],"twitter_card":"summary_large_image","twitter_misc":{"Est. reading time":"4 minutes"},"schema":{"@context":"https:\/\/schema.org","@graph":[{"@type":"WebPage","@id":"https:\/\/nge.vn\/san-pham\/dao-cat-soi-nhua-creality-filament-cutter-cho-may-in-3d-creality-k2-plus-va-creality-hi\/","url":"https:\/\/nge.vn\/san-pham\/dao-cat-soi-nhua-creality-filament-cutter-cho-may-in-3d-creality-k2-plus-va-creality-hi\/","name":"Dao c\u1eaft s\u1ee3i nh\u1ef1a Creality Filament Cutter cho m\u00e1y in 3d Creality K2 Plus v\u00e0 Creality Hi 10pcs - NGE 3D Printers Services","isPartOf":{"@id":"https:\/\/nge.vn\/#website"},"primaryImageOfPage":{"@id":"https:\/\/nge.vn\/san-pham\/dao-cat-soi-nhua-creality-filament-cutter-cho-may-in-3d-creality-k2-plus-va-creality-hi\/#primaryimage"},"image":{"@id":"https:\/\/nge.vn\/san-pham\/dao-cat-soi-nhua-creality-filament-cutter-cho-may-in-3d-creality-k2-plus-va-creality-hi\/#primaryimage"},"thumbnailUrl":"https:\/\/nge.vn\/wp-content\/uploads\/2025\/03\/10452d65-e632-42d6-812a-24f7425e78e7.jpg","datePublished":"2025-03-19T04:35:01+00:00","dateModified":"2025-03-19T04:37:30+00:00","breadcrumb":{"@id":"https:\/\/nge.vn\/san-pham\/dao-cat-soi-nhua-creality-filament-cutter-cho-may-in-3d-creality-k2-plus-va-creality-hi\/#breadcrumb"},"inLanguage":"en-US","potentialAction":[{"@type":"ReadAction","target":["https:\/\/nge.vn\/san-pham\/dao-cat-soi-nhua-creality-filament-cutter-cho-may-in-3d-creality-k2-plus-va-creality-hi\/"]}]},{"@type":"ImageObject","inLanguage":"en-US","@id":"https:\/\/nge.vn\/san-pham\/dao-cat-soi-nhua-creality-filament-cutter-cho-may-in-3d-creality-k2-plus-va-creality-hi\/#primaryimage","url":"https:\/\/nge.vn\/wp-content\/uploads\/2025\/03\/10452d65-e632-42d6-812a-24f7425e78e7.jpg","contentUrl":"https:\/\/nge.vn\/wp-content\/uploads\/2025\/03\/10452d65-e632-42d6-812a-24f7425e78e7.jpg","width":750,"height":881,"caption":"Dao c\u1eaft s\u1ee3i nh\u1ef1a Creality Filament Cutter cho m\u00e1y in 3d Creality K2 Plus v\u00e0 Creality Hi 10 pcs"},{"@type":"BreadcrumbList","@id":"https:\/\/nge.vn\/san-pham\/dao-cat-soi-nhua-creality-filament-cutter-cho-may-in-3d-creality-k2-plus-va-creality-hi\/#breadcrumb","itemListElement":[{"@type":"ListItem","position":1,"name":"Trang ch\u1ee7","item":"https:\/\/nge.vn\/"},{"@type":"ListItem","position":2,"name":"S\u1ea3n ph\u1ea9m","item":"https:\/\/nge.vn\/san-pham\/"},{"@type":"ListItem","position":3,"name":"Dao c\u1eaft s\u1ee3i nh\u1ef1a Creality Filament Cutter cho m\u00e1y in 3d Creality K2 Plus v\u00e0 Creality Hi 10pcs"}]},{"@type":"WebSite","@id":"https:\/\/nge.vn\/#website","url":"https:\/\/nge.vn\/","name":"NGE 3D Printers Services","description":"","potentialAction":[{"@type":"SearchAction","target":{"@type":"EntryPoint","urlTemplate":"https:\/\/nge.vn\/?s={search_term_string}"},"query-input":{"@type":"PropertyValueSpecification","valueRequired":true,"valueName":"search_term_string"}}],"inLanguage":"en-US"}]}},"_links":{"self":[{"href":"https:\/\/nge.vn\/en\/wp-json\/wp\/v2\/product\/4972","targetHints":{"allow":["GET"]}}],"collection":[{"href":"https:\/\/nge.vn\/en\/wp-json\/wp\/v2\/product"}],"about":[{"href":"https:\/\/nge.vn\/en\/wp-json\/wp\/v2\/types\/product"}],"replies":[{"embeddable":true,"href":"https:\/\/nge.vn\/en\/wp-json\/wp\/v2\/comments?post=4972"}],"wp:featuredmedia":[{"embeddable":true,"href":"https:\/\/nge.vn\/en\/wp-json\/wp\/v2\/media\/4977"}],"wp:attachment":[{"href":"https:\/\/nge.vn\/en\/wp-json\/wp\/v2\/media?parent=4972"}],"wp:term":[{"taxonomy":"product_brand","embeddable":true,"href":"https:\/\/nge.vn\/en\/wp-json\/wp\/v2\/product_brand?post=4972"},{"taxonomy":"product_cat","embeddable":true,"href":"https:\/\/nge.vn\/en\/wp-json\/wp\/v2\/product_cat?post=4972"},{"taxonomy":"product_tag","embeddable":true,"href":"https:\/\/nge.vn\/en\/wp-json\/wp\/v2\/product_tag?post=4972"}],"curies":[{"name":"wp","href":"https:\/\/api.w.org\/{rel}","templated":true}]}}