{"id":494,"date":"2024-10-25T12:37:46","date_gmt":"2024-10-25T05:37:46","guid":{"rendered":"https:\/\/nge.123websitedev.com\/san-pham\/y-axis-synchronous-belt-kit-day-dai-truc-y-cua-may-in-3d-ender-3-ender-3-v2-cr-6-se-dai-743mm\/"},"modified":"2024-10-29T17:18:02","modified_gmt":"2024-10-29T10:18:02","slug":"y-axis-synchronous-belt-kit-day-dai-truc-y-cua-may-in-3d-ender-3-ender-3-v2-cr-6-se-dai-743mm","status":"publish","type":"product","link":"https:\/\/nge.vn\/en\/product\/y-axis-synchronous-belt-kit-day-dai-truc-y-cua-may-in-3d-ender-3-ender-3-v2-cr-6-se-dai-743mm\/","title":{"rendered":"Y-axis Synchronous Belt Kit d\u00e2y \u0111ai tr\u1ee5c Y c\u1ee7a m\u00e1y in 3d Ender 3\/ Ender 3 V2\/CR-6 SE&#8230;d\u00e0i 743mm"},"content":{"rendered":"<p>Y-axis Synchronous Belt Kit d\u00e2y \u0111ai tr\u1ee5c Y c\u1ee7a m\u00e1y in 3d Ender 3\/ Ender 3 V2\/CR-6 SE&#8230;d\u00e0i 743mm<\/p>\n<p>_Timing belt kit:<br \/>\nHo\u1ea1t \u0111\u1ed9ng \u1ed5n \u0111\u1ecbnh | Ti\u1ebfng \u1ed3n th\u1ea5p | Truy\u1ec1n \u0111\u1ed9ng ch\u00ednh x\u00e1c | B\u1ec1n ch\u1eb7t<\/p>\n<p>_Ho\u1ea1t \u0111\u1ed9ng \u00eam \u00e1i ti\u1ebfng \u1ed3n th\u1ea5p:<br \/>\n\u1ede t\u1ed1c \u0111\u1ed9 cao, b\u1ed9 nh\u1edb \u0111\u1ec7m truy\u1ec1n t\u1ea3i \u1ed5n \u0111\u1ecbnh h\u01a1n, c\u00f3 b\u1ed9 \u0111\u1ec7m, h\u1ea5p th\u1ee5 s\u1ed1c, ti\u1ebfng \u1ed3n th\u1ea5p<\/p>\n<p>_V\u1eadn h\u00e0nh ch\u00ednh x\u00e1c<br \/>\n+B\u00e1nh xe \u0111\u1ed3ng b\u1ed9 h\u00f3a kh\u1edbp n\u1ed1i li\u1ec1n m\u1ea1ch c\u00f3 \u0111\u1ed9 ch\u00ednh x\u00e1c cao<br \/>\n+Dung sai \u0111\u1ed9 d\u00e0y c\u1ee7a \u0111ai nh\u1ecf h\u01a1n 0,01mm<\/p>\n<p>_B\u1ec1n ch\u1eb7t:<br \/>\nV\u1eadt li\u1ec7u ch\u1ea5t l\u01b0\u1ee3ng cao \u0111\u01b0\u1ee3c ch\u1ecdn l\u1ecdc, s\u1ea3n xu\u1ea5t tinh g\u1ecdn, ch\u1ed1ng m\u00e0i m\u00f2n v\u00e0 b\u1ec1n, ch\u1ea5t l\u01b0\u1ee3ng cao.<\/p>\n<p>+Th\u01b0\u01a1ng hi\u1ec7u \uff1a Creality<br \/>\n+M\u00f4 h\u00ecnh \uff1a B\u1ed9 \u0111ai \u0111\u1ed3ng b\u1ed9 tr\u1ee5c Y<br \/>\n+N.W \uff1a 9g<br \/>\n+G.W \uff1a 12g<br \/>\n+Chi\u1ec1u d\u00e0i: 743mm<br \/>\n+K\u00edch th\u01b0\u1edbc \u0111\u00f3ng g\u00f3i \uff1a 140 \u00d7 80mm<br \/>\n+S\u1eed d\u1ee5ng cho m\u00e1y: Ender 3\/ Ender 3 V2\/CR-6 SE&#8230;d\u00e0i 743mm<\/p>\n<p>**Bao b\u00ec ch\u1ec9 l\u00e0 \u0111\u1ec3 tham kh\u1ea3o, c\u00f3 th\u1ec3 c\u00f3 s\u1ef1 kh\u00e1c bi\u1ec7t trong c\u00e1c l\u00f4 kh\u00e1c nhau, vui l\u00f2ng tham kh\u1ea3o s\u1ea3n ph\u1ea9m th\u1ef1c t\u1ebf.<\/p>\n<p>Y-axis Synchronous Belt Kit d\u00e2y \u0111ai tr\u1ee5c Y c\u1ee7a m\u00e1y in 3d Ender 3\/ Ender 3 V2\/CR-6 SE&#8230;d\u00e0i 743mm<\/p>\n<p>_Timing belt kit:<br \/>\nHo\u1ea1t \u0111\u1ed9ng \u1ed5n \u0111\u1ecbnh | Ti\u1ebfng \u1ed3n th\u1ea5p | Truy\u1ec1n \u0111\u1ed9ng ch\u00ednh x\u00e1c | B\u1ec1n ch\u1eb7t<\/p>\n<p>_Ho\u1ea1t \u0111\u1ed9ng \u00eam \u00e1i ti\u1ebfng \u1ed3n th\u1ea5p:<br \/>\n\u1ede t\u1ed1c \u0111\u1ed9 cao, b\u1ed9 nh\u1edb \u0111\u1ec7m truy\u1ec1n t\u1ea3i \u1ed5n \u0111\u1ecbnh h\u01a1n, c\u00f3 b\u1ed9 \u0111\u1ec7m, h\u1ea5p th\u1ee5 s\u1ed1c, ti\u1ebfng \u1ed3n th\u1ea5p<\/p>\n<p>_V\u1eadn h\u00e0nh ch\u00ednh x\u00e1c<br \/>\n+B\u00e1nh xe \u0111\u1ed3ng b\u1ed9 h\u00f3a kh\u1edbp n\u1ed1i li\u1ec1n m\u1ea1ch c\u00f3 \u0111\u1ed9 ch\u00ednh x\u00e1c cao<br \/>\n+Dung sai \u0111\u1ed9 d\u00e0y c\u1ee7a \u0111ai nh\u1ecf h\u01a1n 0,01mm<\/p>\n<p>_B\u1ec1n ch\u1eb7t:<br \/>\nV\u1eadt li\u1ec7u ch\u1ea5t l\u01b0\u1ee3ng cao \u0111\u01b0\u1ee3c ch\u1ecdn l\u1ecdc, s\u1ea3n xu\u1ea5t tinh g\u1ecdn, ch\u1ed1ng m\u00e0i m\u00f2n v\u00e0 b\u1ec1n, ch\u1ea5t l\u01b0\u1ee3ng cao.<\/p>\n<p>+Th\u01b0\u01a1ng hi\u1ec7u \uff1a Creality<br \/>\n+M\u00f4 h\u00ecnh \uff1a B\u1ed9 \u0111ai \u0111\u1ed3ng b\u1ed9 tr\u1ee5c Y<br \/>\n+N.W \uff1a 9g<br \/>\n+G.W \uff1a 12g<br \/>\n+Chi\u1ec1u d\u00e0i: 743mm<br \/>\n+K\u00edch th\u01b0\u1edbc \u0111\u00f3ng g\u00f3i \uff1a 140 \u00d7 80mm<br \/>\n+S\u1eed d\u1ee5ng cho m\u00e1y: Ender 3\/ Ender 3 V2\/CR-6 SE&#8230;d\u00e0i 743mm<\/p>\n<p>**Bao b\u00ec ch\u1ec9 l\u00e0 \u0111\u1ec3 tham kh\u1ea3o, c\u00f3 th\u1ec3 c\u00f3 s\u1ef1 kh\u00e1c bi\u1ec7t trong c\u00e1c l\u00f4 kh\u00e1c nhau, vui l\u00f2ng tham kh\u1ea3o s\u1ea3n ph\u1ea9m th\u1ef1c t\u1ebf.<\/p>\n<p>** Price does not include VAT (+8 or 10% if VAT invoice is issued)<\/p>","protected":false},"excerpt":{"rendered":"<p>Y-axis Synchronous Belt Kit d\u00e2y \u0111ai tr\u1ee5c Y c\u1ee7a m\u00e1y in 3d Ender 3\/ Ender 3 V2\/CR-6 SE&#8230;d\u00e0i 743mm<\/p>","protected":false},"featured_media":487,"comment_status":"open","ping_status":"closed","template":"","meta":{"inline_featured_image":false},"product_brand":[],"product_cat":[57,457,40,56,460,58,459],"product_tag":[],"class_list":{"0":"post-494","1":"product","2":"type-product","3":"status-publish","4":"has-post-thumbnail","6":"product_cat-linh-kien-may-in-3d-flsun","7":"product_cat-linh-kien-may-in-3d-resin","8":"product_cat-linh-kien-va-phu-kien","9":"product_cat-linh-phu-kien-may-in-3d-creality","10":"product_cat-motor-va-nguon-dien-may-in-3d","11":"product_cat-phu-kien-may-in-3d-bigtreetech","12":"product_cat-quat-va-day-belt-truc","14":"first","15":"instock","16":"taxable","17":"shipping-taxable","18":"purchasable","19":"product-type-simple"},"yoast_head":"<!-- This site is optimized with the Yoast SEO Premium plugin v22.8 (Yoast SEO v26.9) - https:\/\/yoast.com\/product\/yoast-seo-premium-wordpress\/ -->\n<title>Y-axis Synchronous Belt Kit d\u00e2y \u0111ai tr\u1ee5c Y c\u1ee7a m\u00e1y in 3d Ender 3\/ Ender 3 V2\/CR-6 SE...d\u00e0i 743mm - NGE 3D Printers Services<\/title>\n<meta name=\"robots\" content=\"index, follow, max-snippet:-1, max-image-preview:large, max-video-preview:-1\" \/>\n<link rel=\"canonical\" href=\"https:\/\/nge.vn\/en\/product\/y-axis-synchronous-belt-kit-day-dai-truc-y-cua-may-in-3d-ender-3-ender-3-v2-cr-6-se-dai-743mm\/\" \/>\n<meta property=\"og:locale\" content=\"en_US\" \/>\n<meta property=\"og:type\" content=\"article\" \/>\n<meta property=\"og:title\" content=\"Y-axis Synchronous Belt Kit d\u00e2y \u0111ai tr\u1ee5c Y c\u1ee7a m\u00e1y in 3d Ender 3\/ Ender 3 V2\/CR-6 SE...d\u00e0i 743mm\" \/>\n<meta property=\"og:description\" content=\"Y-axis Synchronous Belt Kit d\u00e2y \u0111ai tr\u1ee5c Y c\u1ee7a m\u00e1y in 3d Ender 3\/ Ender 3 V2\/CR-6 SE...d\u00e0i 743mm\" \/>\n<meta property=\"og:url\" content=\"https:\/\/nge.vn\/en\/product\/y-axis-synchronous-belt-kit-day-dai-truc-y-cua-may-in-3d-ender-3-ender-3-v2-cr-6-se-dai-743mm\/\" \/>\n<meta property=\"og:site_name\" content=\"NGE 3D Printers Services\" \/>\n<meta property=\"article:modified_time\" content=\"2024-10-29T10:18:02+00:00\" \/>\n<meta property=\"og:image\" content=\"https:\/\/nge.vn\/wp-content\/uploads\/2024\/10\/images-upload-woo2F6ab1ba3dbab92e44ee0ee900cd9cf5fc.jpg\" \/>\n\t<meta property=\"og:image:width\" content=\"1024\" \/>\n\t<meta property=\"og:image:height\" content=\"1024\" \/>\n\t<meta property=\"og:image:type\" content=\"image\/jpeg\" \/>\n<meta name=\"twitter:card\" content=\"summary_large_image\" \/>\n<meta name=\"twitter:label1\" content=\"Est. reading time\" \/>\n\t<meta name=\"twitter:data1\" content=\"3 minutes\" \/>\n<script type=\"application\/ld+json\" class=\"yoast-schema-graph\">{\"@context\":\"https:\/\/schema.org\",\"@graph\":[{\"@type\":\"WebPage\",\"@id\":\"https:\/\/nge.vn\/san-pham\/y-axis-synchronous-belt-kit-day-dai-truc-y-cua-may-in-3d-ender-3-ender-3-v2-cr-6-se-dai-743mm\/\",\"url\":\"https:\/\/nge.vn\/san-pham\/y-axis-synchronous-belt-kit-day-dai-truc-y-cua-may-in-3d-ender-3-ender-3-v2-cr-6-se-dai-743mm\/\",\"name\":\"Y-axis Synchronous Belt Kit d\u00e2y \u0111ai tr\u1ee5c Y c\u1ee7a m\u00e1y in 3d Ender 3\/ Ender 3 V2\/CR-6 SE...d\u00e0i 743mm - NGE 3D Printers Services\",\"isPartOf\":{\"@id\":\"https:\/\/nge.vn\/#website\"},\"primaryImageOfPage\":{\"@id\":\"https:\/\/nge.vn\/san-pham\/y-axis-synchronous-belt-kit-day-dai-truc-y-cua-may-in-3d-ender-3-ender-3-v2-cr-6-se-dai-743mm\/#primaryimage\"},\"image\":{\"@id\":\"https:\/\/nge.vn\/san-pham\/y-axis-synchronous-belt-kit-day-dai-truc-y-cua-may-in-3d-ender-3-ender-3-v2-cr-6-se-dai-743mm\/#primaryimage\"},\"thumbnailUrl\":\"https:\/\/nge.vn\/wp-content\/uploads\/2024\/10\/images-upload-woo2F6ab1ba3dbab92e44ee0ee900cd9cf5fc.jpg\",\"datePublished\":\"2024-10-25T05:37:46+00:00\",\"dateModified\":\"2024-10-29T10:18:02+00:00\",\"breadcrumb\":{\"@id\":\"https:\/\/nge.vn\/san-pham\/y-axis-synchronous-belt-kit-day-dai-truc-y-cua-may-in-3d-ender-3-ender-3-v2-cr-6-se-dai-743mm\/#breadcrumb\"},\"inLanguage\":\"en-US\",\"potentialAction\":[{\"@type\":\"ReadAction\",\"target\":[\"https:\/\/nge.vn\/san-pham\/y-axis-synchronous-belt-kit-day-dai-truc-y-cua-may-in-3d-ender-3-ender-3-v2-cr-6-se-dai-743mm\/\"]}]},{\"@type\":\"ImageObject\",\"inLanguage\":\"en-US\",\"@id\":\"https:\/\/nge.vn\/san-pham\/y-axis-synchronous-belt-kit-day-dai-truc-y-cua-may-in-3d-ender-3-ender-3-v2-cr-6-se-dai-743mm\/#primaryimage\",\"url\":\"https:\/\/nge.vn\/wp-content\/uploads\/2024\/10\/images-upload-woo2F6ab1ba3dbab92e44ee0ee900cd9cf5fc.jpg\",\"contentUrl\":\"https:\/\/nge.vn\/wp-content\/uploads\/2024\/10\/images-upload-woo2F6ab1ba3dbab92e44ee0ee900cd9cf5fc.jpg\",\"width\":1024,\"height\":1024},{\"@type\":\"BreadcrumbList\",\"@id\":\"https:\/\/nge.vn\/san-pham\/y-axis-synchronous-belt-kit-day-dai-truc-y-cua-may-in-3d-ender-3-ender-3-v2-cr-6-se-dai-743mm\/#breadcrumb\",\"itemListElement\":[{\"@type\":\"ListItem\",\"position\":1,\"name\":\"Trang ch\u1ee7\",\"item\":\"https:\/\/nge.vn\/\"},{\"@type\":\"ListItem\",\"position\":2,\"name\":\"S\u1ea3n ph\u1ea9m\",\"item\":\"https:\/\/nge.vn\/san-pham\/\"},{\"@type\":\"ListItem\",\"position\":3,\"name\":\"Y-axis Synchronous Belt Kit d\u00e2y \u0111ai tr\u1ee5c Y c\u1ee7a m\u00e1y in 3d Ender 3\/ Ender 3 V2\/CR-6 SE&#8230;d\u00e0i 743mm\"}]},{\"@type\":\"WebSite\",\"@id\":\"https:\/\/nge.vn\/#website\",\"url\":\"https:\/\/nge.vn\/\",\"name\":\"NGE 3D Printers Services\",\"description\":\"\",\"potentialAction\":[{\"@type\":\"SearchAction\",\"target\":{\"@type\":\"EntryPoint\",\"urlTemplate\":\"https:\/\/nge.vn\/?s={search_term_string}\"},\"query-input\":{\"@type\":\"PropertyValueSpecification\",\"valueRequired\":true,\"valueName\":\"search_term_string\"}}],\"inLanguage\":\"en-US\"}]}<\/script>\n<!-- \/ Yoast SEO Premium plugin. -->","yoast_head_json":{"title":"Y-axis Synchronous Belt Kit d\u00e2y \u0111ai tr\u1ee5c Y c\u1ee7a m\u00e1y in 3d Ender 3\/ Ender 3 V2\/CR-6 SE...d\u00e0i 743mm - NGE 3D Printers Services","robots":{"index":"index","follow":"follow","max-snippet":"max-snippet:-1","max-image-preview":"max-image-preview:large","max-video-preview":"max-video-preview:-1"},"canonical":"https:\/\/nge.vn\/en\/product\/y-axis-synchronous-belt-kit-day-dai-truc-y-cua-may-in-3d-ender-3-ender-3-v2-cr-6-se-dai-743mm\/","og_locale":"en_US","og_type":"article","og_title":"Y-axis Synchronous Belt Kit d\u00e2y \u0111ai tr\u1ee5c Y c\u1ee7a m\u00e1y in 3d Ender 3\/ Ender 3 V2\/CR-6 SE...d\u00e0i 743mm","og_description":"Y-axis Synchronous Belt Kit d\u00e2y \u0111ai tr\u1ee5c Y c\u1ee7a m\u00e1y in 3d Ender 3\/ Ender 3 V2\/CR-6 SE...d\u00e0i 743mm","og_url":"https:\/\/nge.vn\/en\/product\/y-axis-synchronous-belt-kit-day-dai-truc-y-cua-may-in-3d-ender-3-ender-3-v2-cr-6-se-dai-743mm\/","og_site_name":"NGE 3D Printers Services","article_modified_time":"2024-10-29T10:18:02+00:00","og_image":[{"width":1024,"height":1024,"url":"https:\/\/nge.vn\/wp-content\/uploads\/2024\/10\/images-upload-woo2F6ab1ba3dbab92e44ee0ee900cd9cf5fc.jpg","type":"image\/jpeg"}],"twitter_card":"summary_large_image","twitter_misc":{"Est. reading time":"3 minutes"},"schema":{"@context":"https:\/\/schema.org","@graph":[{"@type":"WebPage","@id":"https:\/\/nge.vn\/san-pham\/y-axis-synchronous-belt-kit-day-dai-truc-y-cua-may-in-3d-ender-3-ender-3-v2-cr-6-se-dai-743mm\/","url":"https:\/\/nge.vn\/san-pham\/y-axis-synchronous-belt-kit-day-dai-truc-y-cua-may-in-3d-ender-3-ender-3-v2-cr-6-se-dai-743mm\/","name":"Y-axis Synchronous Belt Kit d\u00e2y \u0111ai tr\u1ee5c Y c\u1ee7a m\u00e1y in 3d Ender 3\/ Ender 3 V2\/CR-6 SE...d\u00e0i 743mm - NGE 3D Printers Services","isPartOf":{"@id":"https:\/\/nge.vn\/#website"},"primaryImageOfPage":{"@id":"https:\/\/nge.vn\/san-pham\/y-axis-synchronous-belt-kit-day-dai-truc-y-cua-may-in-3d-ender-3-ender-3-v2-cr-6-se-dai-743mm\/#primaryimage"},"image":{"@id":"https:\/\/nge.vn\/san-pham\/y-axis-synchronous-belt-kit-day-dai-truc-y-cua-may-in-3d-ender-3-ender-3-v2-cr-6-se-dai-743mm\/#primaryimage"},"thumbnailUrl":"https:\/\/nge.vn\/wp-content\/uploads\/2024\/10\/images-upload-woo2F6ab1ba3dbab92e44ee0ee900cd9cf5fc.jpg","datePublished":"2024-10-25T05:37:46+00:00","dateModified":"2024-10-29T10:18:02+00:00","breadcrumb":{"@id":"https:\/\/nge.vn\/san-pham\/y-axis-synchronous-belt-kit-day-dai-truc-y-cua-may-in-3d-ender-3-ender-3-v2-cr-6-se-dai-743mm\/#breadcrumb"},"inLanguage":"en-US","potentialAction":[{"@type":"ReadAction","target":["https:\/\/nge.vn\/san-pham\/y-axis-synchronous-belt-kit-day-dai-truc-y-cua-may-in-3d-ender-3-ender-3-v2-cr-6-se-dai-743mm\/"]}]},{"@type":"ImageObject","inLanguage":"en-US","@id":"https:\/\/nge.vn\/san-pham\/y-axis-synchronous-belt-kit-day-dai-truc-y-cua-may-in-3d-ender-3-ender-3-v2-cr-6-se-dai-743mm\/#primaryimage","url":"https:\/\/nge.vn\/wp-content\/uploads\/2024\/10\/images-upload-woo2F6ab1ba3dbab92e44ee0ee900cd9cf5fc.jpg","contentUrl":"https:\/\/nge.vn\/wp-content\/uploads\/2024\/10\/images-upload-woo2F6ab1ba3dbab92e44ee0ee900cd9cf5fc.jpg","width":1024,"height":1024},{"@type":"BreadcrumbList","@id":"https:\/\/nge.vn\/san-pham\/y-axis-synchronous-belt-kit-day-dai-truc-y-cua-may-in-3d-ender-3-ender-3-v2-cr-6-se-dai-743mm\/#breadcrumb","itemListElement":[{"@type":"ListItem","position":1,"name":"Trang ch\u1ee7","item":"https:\/\/nge.vn\/"},{"@type":"ListItem","position":2,"name":"S\u1ea3n ph\u1ea9m","item":"https:\/\/nge.vn\/san-pham\/"},{"@type":"ListItem","position":3,"name":"Y-axis Synchronous Belt Kit d\u00e2y \u0111ai tr\u1ee5c Y c\u1ee7a m\u00e1y in 3d Ender 3\/ Ender 3 V2\/CR-6 SE&#8230;d\u00e0i 743mm"}]},{"@type":"WebSite","@id":"https:\/\/nge.vn\/#website","url":"https:\/\/nge.vn\/","name":"NGE 3D Printers Services","description":"","potentialAction":[{"@type":"SearchAction","target":{"@type":"EntryPoint","urlTemplate":"https:\/\/nge.vn\/?s={search_term_string}"},"query-input":{"@type":"PropertyValueSpecification","valueRequired":true,"valueName":"search_term_string"}}],"inLanguage":"en-US"}]}},"_links":{"self":[{"href":"https:\/\/nge.vn\/en\/wp-json\/wp\/v2\/product\/494","targetHints":{"allow":["GET"]}}],"collection":[{"href":"https:\/\/nge.vn\/en\/wp-json\/wp\/v2\/product"}],"about":[{"href":"https:\/\/nge.vn\/en\/wp-json\/wp\/v2\/types\/product"}],"replies":[{"embeddable":true,"href":"https:\/\/nge.vn\/en\/wp-json\/wp\/v2\/comments?post=494"}],"wp:featuredmedia":[{"embeddable":true,"href":"https:\/\/nge.vn\/en\/wp-json\/wp\/v2\/media\/487"}],"wp:attachment":[{"href":"https:\/\/nge.vn\/en\/wp-json\/wp\/v2\/media?parent=494"}],"wp:term":[{"taxonomy":"product_brand","embeddable":true,"href":"https:\/\/nge.vn\/en\/wp-json\/wp\/v2\/product_brand?post=494"},{"taxonomy":"product_cat","embeddable":true,"href":"https:\/\/nge.vn\/en\/wp-json\/wp\/v2\/product_cat?post=494"},{"taxonomy":"product_tag","embeddable":true,"href":"https:\/\/nge.vn\/en\/wp-json\/wp\/v2\/product_tag?post=494"}],"curies":[{"name":"wp","href":"https:\/\/api.w.org\/{rel}","templated":true}]}}