{"id":4915,"date":"2025-03-18T17:43:49","date_gmt":"2025-03-18T10:43:49","guid":{"rendered":"https:\/\/nge.vn\/?post_type=product&#038;p=4915"},"modified":"2025-03-18T17:58:52","modified_gmt":"2025-03-18T10:58:52","slug":"tam-pei-ban-in-lanh-nhiet-do-thap-creality-low-temperature-cold-printing-build-plate","status":"publish","type":"product","link":"https:\/\/nge.vn\/en\/product\/tam-pei-ban-in-lanh-nhiet-do-thap-creality-low-temperature-cold-printing-build-plate\/","title":{"rendered":"T\u1ea5m PEI b\u00e0n in l\u1ea1nh nhi\u1ec7t \u0111\u1ed9 th\u1ea5p Creality Low Temperature Cold Printing Build Plate"},"content":{"rendered":"<p>T\u1ea5m PEI b\u00e0n in l\u1ea1nh nhi\u1ec7t \u0111\u1ed9 th\u1ea5p Creality Low Temperature Cold Printing Build Plate-315*310<\/p>\n<p>Kh\u00f4ng c\u1ea7n gia nhi\u1ec7t \u2022 In ngay<br \/>\n+\u0110\u1ed9 b\u00e1m d\u00ednh cao<br \/>\n+D\u1ec5 d\u00e0ng th\u00e1o khu\u00f4n<br \/>\n+In nhi\u1ec7t \u0111\u1ed9 th\u1ea5p<br \/>\n+In hai m\u1eb7t<\/p>\n<p>_L\u1edbp ph\u1ee7 nh\u1ef1a cao c\u1ea5p \u0111\u1ea1t \u0111\u1ed9 b\u00e1m d\u00ednh v\u00f4 song<br \/>\nL\u1edbp ph\u1ee7 b\u1ec1 m\u1eb7t c\u1ee7a t\u1ea5m n\u1ec1n c\u00f3 kh\u1ea3 n\u0103ng ch\u1ed1ng m\u00e0i m\u00f2n v\u00e0 ch\u1ed1ng tr\u1ea7y x\u01b0\u1edbc, v\u1edbi k\u1ebft c\u1ea5u m\u1edd m\u1ecbn, \u0111\u1ed9 b\u00e1m d\u00ednh tuy\u1ec7t v\u1eddi v\u1edbi s\u1ee3i nh\u1ef1a.<br \/>\nL\u1edbp ph\u1ee7 nh\u1ef1a cao c\u1ea5p<\/p>\n<p>_In n\u0103ng l\u01b0\u1ee3ng th\u1ea5p kh\u00f4ng t\u1ecfa nhi\u1ec7t<br \/>\n\u0110\u01b0\u1ee3c thi\u1ebft k\u1ebf \u0111\u1ec3 cung c\u1ea5p \u0111\u1ed9 b\u00e1m d\u00ednh l\u1edbp \u0111\u1ea7u ti\u00ean v\u00f4 song, gi\u1eef ch\u1eb7t b\u1ea3n in c\u1ee7a b\u1ea1n \u1edf nhi\u1ec7t \u0111\u1ed9 ph\u00f2ng m\u00e0 kh\u00f4ng c\u1ea7n b\u1eadt gi\u01b0\u1eddng gia nhi\u1ec7t.<br \/>\nTh\u01b0\u1edfng th\u1ee9c b\u1ea3n in ho\u00e0n h\u1ea3o m\u00e0 kh\u00f4ng b\u1ecb cong v\u00eanh.<br \/>\n*Nhi\u1ec7t \u0111\u1ed9 khuy\u1ebfn ngh\u1ecb cho t\u1ea5m in<br \/>\nPLA\/TPU 10 &#8211; 30\u00b0C<br \/>\nPETG\/ABS 50 &#8211; 70\u00b0C<\/p>\n<p>_D\u1ec5 d\u00e0ng th\u00e1o khu\u00f4n trong m\u1ed9t b\u01b0\u1edbc<br \/>\nSau khi m\u00f4 h\u00ecnh ngu\u1ed9i, c\u00f3 th\u1ec3 d\u1ec5 d\u00e0ng th\u00e1o m\u00f4 h\u00ecnh b\u1eb1ng c\u00e1ch u\u1ed1n cong t\u1ea5m th\u00e9p \u0111\u00e0n h\u1ed3i m\u00e0 kh\u00f4ng c\u1ea7n c\u00e1c c\u00f4ng c\u1ee5 kh\u00e1c, gi\u00fap gi\u1ea3m nguy c\u01a1 l\u00e0m h\u1ecfng m\u00f4 h\u00ecnh.<\/p>\n<p>_In hai m\u1eb7t \u0111\u1ec3 chuy\u1ec3n \u0111\u1ed5i mi\u1ec5n ph\u00ed<br \/>\nL\u1edbp ph\u1ee7 nh\u1ef1a hai m\u1eb7t, m\u1ed9t t\u1ea5m cho hai m\u1ee5c \u0111\u00edch, c\u1ef1c k\u1ef3 ti\u1ebft ki\u1ec7m chi ph\u00ed.<\/p>\n<p>_\u0110\u1ed9 ph\u1eb3ng cao, kh\u00f4ng bi\u1ebfn d\u1ea1ng sau khi u\u1ed1n nhi\u1ec1u l\u1ea7n<br \/>\nS\u1eed d\u1ee5ng t\u1ea5m th\u00e9p l\u00f2 xo c\u01b0\u1eddng \u0111\u1ed9 cao, c\u00f3 \u0111\u1ed9 ph\u1eb3ng cao, \u0111\u1ed9 \u0111\u00e0n h\u1ed3i t\u1ed1t, kh\u00f4ng bi\u1ebfn d\u1ea1ng sau khi u\u1ed1n nhi\u1ec1u l\u1ea7n. Khi u\u1ed1n<\/p>\n<p>_L\u1eafp \u0111\u1eb7t nhanh v\u00e0 \u0111\u1ecbnh v\u1ecb ch\u00ednh x\u00e1c<br \/>\nThi\u1ebft k\u1ebf tay c\u1ea7m \u0111\u00f4i v\u00e0 l\u1ed7 \u0111\u1ecbnh v\u1ecb \u0111\u1ed9c \u0111\u00e1o gi\u00fap l\u1eafp \u0111\u1eb7t thu\u1eadn ti\u1ec7n h\u01a1n.<\/p>\n<p>Th\u00f4ng s\u1ed1 s\u1ea3n ph\u1ea9m<br \/>\n+T\u00ean s\u1ea3n ph\u1ea9m: T\u1ea5m PEI b\u00e0n in l\u1ea1nh nhi\u1ec7t \u0111\u1ed9 th\u1ea5p Creality<br \/>\n+K\u00edch th\u01b0\u1edbc: 315\u00d7310mm<br \/>\n+C\u00e1c m\u1eabu \u00e1p d\u1ee5ng: K1 Max, Ender-3 V3 Plus<br \/>\n+Packing Size\uff1a330\u00d7345\u00d78mm<br \/>\n+G.W\uff1a0.58kg<br \/>\n+Cold Printing Build Plate: 4004090141<\/p>\n<p>** Price does not include VAT (+8 or 10% if VAT invoice is issued)<\/p>","protected":false},"excerpt":{"rendered":"<p>+T\u00ean s\u1ea3n ph\u1ea9m: T\u1ea5m PEI b\u00e0n in l\u1ea1nh nhi\u1ec7t \u0111\u1ed9 th\u1ea5p Creality<br \/>\n+K\u00edch th\u01b0\u1edbc: 315\u00d7310mm<br \/>\n+C\u00e1c m\u1eabu \u00e1p d\u1ee5ng: K1 Max, Ender-3 V3 Plus<br \/>\n+Packing Size\uff1a330\u00d7345\u00d78mm<br \/>\n+G.W\uff1a0.58kg<br \/>\n+Cold Printing Build Plate: 4004090141<\/p>","protected":false},"featured_media":4927,"comment_status":"open","ping_status":"closed","template":"","meta":{"inline_featured_image":false},"product_brand":[],"product_cat":[458,40,56],"product_tag":[],"class_list":{"0":"post-4915","1":"product","2":"type-product","3":"status-publish","4":"has-post-thumbnail","6":"product_cat-ban-kinh-carbon-va-pei","7":"product_cat-linh-kien-va-phu-kien","8":"product_cat-linh-phu-kien-may-in-3d-creality","10":"first","11":"instock","12":"sale","13":"taxable","14":"shipping-taxable","15":"purchasable","16":"product-type-simple"},"yoast_head":"<!-- This site is optimized with the Yoast SEO Premium plugin v22.8 (Yoast SEO v26.9) - https:\/\/yoast.com\/product\/yoast-seo-premium-wordpress\/ -->\n<title>T\u1ea5m PEI b\u00e0n in l\u1ea1nh nhi\u1ec7t \u0111\u1ed9 th\u1ea5p Creality Low Temperature Cold Printing Build Plate - NGE 3D Printers Services<\/title>\n<meta name=\"robots\" content=\"index, follow, max-snippet:-1, max-image-preview:large, max-video-preview:-1\" \/>\n<link rel=\"canonical\" href=\"https:\/\/nge.vn\/en\/product\/tam-pei-ban-in-lanh-nhiet-do-thap-creality-low-temperature-cold-printing-build-plate\/\" \/>\n<meta property=\"og:locale\" content=\"en_US\" \/>\n<meta property=\"og:type\" content=\"article\" \/>\n<meta property=\"og:title\" content=\"T\u1ea5m PEI b\u00e0n in l\u1ea1nh nhi\u1ec7t \u0111\u1ed9 th\u1ea5p Creality Low Temperature Cold Printing Build Plate\" \/>\n<meta property=\"og:description\" content=\"+T\u00ean s\u1ea3n ph\u1ea9m: T\u1ea5m PEI b\u00e0n in l\u1ea1nh nhi\u1ec7t \u0111\u1ed9 th\u1ea5p Creality +K\u00edch th\u01b0\u1edbc: 315\u00d7310mm +C\u00e1c m\u1eabu \u00e1p d\u1ee5ng: K1 Max, Ender-3 V3 Plus +Packing Size\uff1a330\u00d7345\u00d78mm +G.W\uff1a0.58kg +Cold Printing Build Plate: 4004090141\" \/>\n<meta property=\"og:url\" content=\"https:\/\/nge.vn\/en\/product\/tam-pei-ban-in-lanh-nhiet-do-thap-creality-low-temperature-cold-printing-build-plate\/\" \/>\n<meta property=\"og:site_name\" content=\"NGE 3D Printers Services\" \/>\n<meta property=\"article:modified_time\" content=\"2025-03-18T10:58:52+00:00\" \/>\n<meta property=\"og:image\" content=\"https:\/\/nge.vn\/wp-content\/uploads\/2025\/03\/Creality-Low-Temperature-Cold-Printing-Build-Plate-315310.jpg\" \/>\n\t<meta property=\"og:image:width\" content=\"748\" \/>\n\t<meta property=\"og:image:height\" content=\"1013\" \/>\n\t<meta property=\"og:image:type\" content=\"image\/jpeg\" \/>\n<meta name=\"twitter:card\" content=\"summary_large_image\" \/>\n<meta name=\"twitter:label1\" content=\"Est. reading time\" \/>\n\t<meta name=\"twitter:data1\" content=\"2 minutes\" \/>\n<script type=\"application\/ld+json\" class=\"yoast-schema-graph\">{\"@context\":\"https:\/\/schema.org\",\"@graph\":[{\"@type\":\"WebPage\",\"@id\":\"https:\/\/nge.vn\/san-pham\/tam-pei-ban-in-lanh-nhiet-do-thap-creality-low-temperature-cold-printing-build-plate\/\",\"url\":\"https:\/\/nge.vn\/san-pham\/tam-pei-ban-in-lanh-nhiet-do-thap-creality-low-temperature-cold-printing-build-plate\/\",\"name\":\"T\u1ea5m PEI b\u00e0n in l\u1ea1nh nhi\u1ec7t \u0111\u1ed9 th\u1ea5p Creality Low Temperature Cold Printing Build Plate - NGE 3D Printers Services\",\"isPartOf\":{\"@id\":\"https:\/\/nge.vn\/#website\"},\"primaryImageOfPage\":{\"@id\":\"https:\/\/nge.vn\/san-pham\/tam-pei-ban-in-lanh-nhiet-do-thap-creality-low-temperature-cold-printing-build-plate\/#primaryimage\"},\"image\":{\"@id\":\"https:\/\/nge.vn\/san-pham\/tam-pei-ban-in-lanh-nhiet-do-thap-creality-low-temperature-cold-printing-build-plate\/#primaryimage\"},\"thumbnailUrl\":\"https:\/\/nge.vn\/wp-content\/uploads\/2025\/03\/Creality-Low-Temperature-Cold-Printing-Build-Plate-315310.jpg\",\"datePublished\":\"2025-03-18T10:43:49+00:00\",\"dateModified\":\"2025-03-18T10:58:52+00:00\",\"breadcrumb\":{\"@id\":\"https:\/\/nge.vn\/san-pham\/tam-pei-ban-in-lanh-nhiet-do-thap-creality-low-temperature-cold-printing-build-plate\/#breadcrumb\"},\"inLanguage\":\"en-US\",\"potentialAction\":[{\"@type\":\"ReadAction\",\"target\":[\"https:\/\/nge.vn\/san-pham\/tam-pei-ban-in-lanh-nhiet-do-thap-creality-low-temperature-cold-printing-build-plate\/\"]}]},{\"@type\":\"ImageObject\",\"inLanguage\":\"en-US\",\"@id\":\"https:\/\/nge.vn\/san-pham\/tam-pei-ban-in-lanh-nhiet-do-thap-creality-low-temperature-cold-printing-build-plate\/#primaryimage\",\"url\":\"https:\/\/nge.vn\/wp-content\/uploads\/2025\/03\/Creality-Low-Temperature-Cold-Printing-Build-Plate-315310.jpg\",\"contentUrl\":\"https:\/\/nge.vn\/wp-content\/uploads\/2025\/03\/Creality-Low-Temperature-Cold-Printing-Build-Plate-315310.jpg\",\"width\":748,\"height\":1013},{\"@type\":\"BreadcrumbList\",\"@id\":\"https:\/\/nge.vn\/san-pham\/tam-pei-ban-in-lanh-nhiet-do-thap-creality-low-temperature-cold-printing-build-plate\/#breadcrumb\",\"itemListElement\":[{\"@type\":\"ListItem\",\"position\":1,\"name\":\"Trang ch\u1ee7\",\"item\":\"https:\/\/nge.vn\/\"},{\"@type\":\"ListItem\",\"position\":2,\"name\":\"S\u1ea3n ph\u1ea9m\",\"item\":\"https:\/\/nge.vn\/san-pham\/\"},{\"@type\":\"ListItem\",\"position\":3,\"name\":\"T\u1ea5m PEI b\u00e0n in l\u1ea1nh nhi\u1ec7t \u0111\u1ed9 th\u1ea5p Creality Low Temperature Cold Printing Build Plate\"}]},{\"@type\":\"WebSite\",\"@id\":\"https:\/\/nge.vn\/#website\",\"url\":\"https:\/\/nge.vn\/\",\"name\":\"NGE 3D Printers Services\",\"description\":\"\",\"potentialAction\":[{\"@type\":\"SearchAction\",\"target\":{\"@type\":\"EntryPoint\",\"urlTemplate\":\"https:\/\/nge.vn\/?s={search_term_string}\"},\"query-input\":{\"@type\":\"PropertyValueSpecification\",\"valueRequired\":true,\"valueName\":\"search_term_string\"}}],\"inLanguage\":\"en-US\"}]}<\/script>\n<!-- \/ Yoast SEO Premium plugin. -->","yoast_head_json":{"title":"T\u1ea5m PEI b\u00e0n in l\u1ea1nh nhi\u1ec7t \u0111\u1ed9 th\u1ea5p Creality Low Temperature Cold Printing Build Plate - NGE 3D Printers Services","robots":{"index":"index","follow":"follow","max-snippet":"max-snippet:-1","max-image-preview":"max-image-preview:large","max-video-preview":"max-video-preview:-1"},"canonical":"https:\/\/nge.vn\/en\/product\/tam-pei-ban-in-lanh-nhiet-do-thap-creality-low-temperature-cold-printing-build-plate\/","og_locale":"en_US","og_type":"article","og_title":"T\u1ea5m PEI b\u00e0n in l\u1ea1nh nhi\u1ec7t \u0111\u1ed9 th\u1ea5p Creality Low Temperature Cold Printing Build Plate","og_description":"+T\u00ean s\u1ea3n ph\u1ea9m: T\u1ea5m PEI b\u00e0n in l\u1ea1nh nhi\u1ec7t \u0111\u1ed9 th\u1ea5p Creality +K\u00edch th\u01b0\u1edbc: 315\u00d7310mm +C\u00e1c m\u1eabu \u00e1p d\u1ee5ng: K1 Max, Ender-3 V3 Plus +Packing Size\uff1a330\u00d7345\u00d78mm +G.W\uff1a0.58kg +Cold Printing Build Plate: 4004090141","og_url":"https:\/\/nge.vn\/en\/product\/tam-pei-ban-in-lanh-nhiet-do-thap-creality-low-temperature-cold-printing-build-plate\/","og_site_name":"NGE 3D Printers Services","article_modified_time":"2025-03-18T10:58:52+00:00","og_image":[{"width":748,"height":1013,"url":"https:\/\/nge.vn\/wp-content\/uploads\/2025\/03\/Creality-Low-Temperature-Cold-Printing-Build-Plate-315310.jpg","type":"image\/jpeg"}],"twitter_card":"summary_large_image","twitter_misc":{"Est. reading time":"2 minutes"},"schema":{"@context":"https:\/\/schema.org","@graph":[{"@type":"WebPage","@id":"https:\/\/nge.vn\/san-pham\/tam-pei-ban-in-lanh-nhiet-do-thap-creality-low-temperature-cold-printing-build-plate\/","url":"https:\/\/nge.vn\/san-pham\/tam-pei-ban-in-lanh-nhiet-do-thap-creality-low-temperature-cold-printing-build-plate\/","name":"T\u1ea5m PEI b\u00e0n in l\u1ea1nh nhi\u1ec7t \u0111\u1ed9 th\u1ea5p Creality Low Temperature Cold Printing Build Plate - NGE 3D Printers Services","isPartOf":{"@id":"https:\/\/nge.vn\/#website"},"primaryImageOfPage":{"@id":"https:\/\/nge.vn\/san-pham\/tam-pei-ban-in-lanh-nhiet-do-thap-creality-low-temperature-cold-printing-build-plate\/#primaryimage"},"image":{"@id":"https:\/\/nge.vn\/san-pham\/tam-pei-ban-in-lanh-nhiet-do-thap-creality-low-temperature-cold-printing-build-plate\/#primaryimage"},"thumbnailUrl":"https:\/\/nge.vn\/wp-content\/uploads\/2025\/03\/Creality-Low-Temperature-Cold-Printing-Build-Plate-315310.jpg","datePublished":"2025-03-18T10:43:49+00:00","dateModified":"2025-03-18T10:58:52+00:00","breadcrumb":{"@id":"https:\/\/nge.vn\/san-pham\/tam-pei-ban-in-lanh-nhiet-do-thap-creality-low-temperature-cold-printing-build-plate\/#breadcrumb"},"inLanguage":"en-US","potentialAction":[{"@type":"ReadAction","target":["https:\/\/nge.vn\/san-pham\/tam-pei-ban-in-lanh-nhiet-do-thap-creality-low-temperature-cold-printing-build-plate\/"]}]},{"@type":"ImageObject","inLanguage":"en-US","@id":"https:\/\/nge.vn\/san-pham\/tam-pei-ban-in-lanh-nhiet-do-thap-creality-low-temperature-cold-printing-build-plate\/#primaryimage","url":"https:\/\/nge.vn\/wp-content\/uploads\/2025\/03\/Creality-Low-Temperature-Cold-Printing-Build-Plate-315310.jpg","contentUrl":"https:\/\/nge.vn\/wp-content\/uploads\/2025\/03\/Creality-Low-Temperature-Cold-Printing-Build-Plate-315310.jpg","width":748,"height":1013},{"@type":"BreadcrumbList","@id":"https:\/\/nge.vn\/san-pham\/tam-pei-ban-in-lanh-nhiet-do-thap-creality-low-temperature-cold-printing-build-plate\/#breadcrumb","itemListElement":[{"@type":"ListItem","position":1,"name":"Trang ch\u1ee7","item":"https:\/\/nge.vn\/"},{"@type":"ListItem","position":2,"name":"S\u1ea3n ph\u1ea9m","item":"https:\/\/nge.vn\/san-pham\/"},{"@type":"ListItem","position":3,"name":"T\u1ea5m PEI b\u00e0n in l\u1ea1nh nhi\u1ec7t \u0111\u1ed9 th\u1ea5p Creality Low Temperature Cold Printing Build Plate"}]},{"@type":"WebSite","@id":"https:\/\/nge.vn\/#website","url":"https:\/\/nge.vn\/","name":"NGE 3D Printers Services","description":"","potentialAction":[{"@type":"SearchAction","target":{"@type":"EntryPoint","urlTemplate":"https:\/\/nge.vn\/?s={search_term_string}"},"query-input":{"@type":"PropertyValueSpecification","valueRequired":true,"valueName":"search_term_string"}}],"inLanguage":"en-US"}]}},"_links":{"self":[{"href":"https:\/\/nge.vn\/en\/wp-json\/wp\/v2\/product\/4915","targetHints":{"allow":["GET"]}}],"collection":[{"href":"https:\/\/nge.vn\/en\/wp-json\/wp\/v2\/product"}],"about":[{"href":"https:\/\/nge.vn\/en\/wp-json\/wp\/v2\/types\/product"}],"replies":[{"embeddable":true,"href":"https:\/\/nge.vn\/en\/wp-json\/wp\/v2\/comments?post=4915"}],"wp:featuredmedia":[{"embeddable":true,"href":"https:\/\/nge.vn\/en\/wp-json\/wp\/v2\/media\/4927"}],"wp:attachment":[{"href":"https:\/\/nge.vn\/en\/wp-json\/wp\/v2\/media?parent=4915"}],"wp:term":[{"taxonomy":"product_brand","embeddable":true,"href":"https:\/\/nge.vn\/en\/wp-json\/wp\/v2\/product_brand?post=4915"},{"taxonomy":"product_cat","embeddable":true,"href":"https:\/\/nge.vn\/en\/wp-json\/wp\/v2\/product_cat?post=4915"},{"taxonomy":"product_tag","embeddable":true,"href":"https:\/\/nge.vn\/en\/wp-json\/wp\/v2\/product_tag?post=4915"}],"curies":[{"name":"wp","href":"https:\/\/api.w.org\/{rel}","templated":true}]}}