{"id":4867,"date":"2025-03-10T19:07:51","date_gmt":"2025-03-10T12:07:51","guid":{"rendered":"https:\/\/nge.vn\/?post_type=product&#038;p=4867"},"modified":"2025-03-19T10:08:56","modified_gmt":"2025-03-19T03:08:56","slug":"cam-bien-soi-nhua-k2-plus-filament-detection-board","status":"publish","type":"product","link":"https:\/\/nge.vn\/en\/product\/cam-bien-soi-nhua-k2-plus-filament-detection-board\/","title":{"rendered":"C\u1ea3m bi\u1ebfn s\u1ee3i nh\u1ef1a K2 Plus Filament Detection Board"},"content":{"rendered":"<p>C\u1ea3m bi\u1ebfn s\u1ee3i nh\u1ef1a Filament Detection Board cho m\u00e1y in 3d Creality K2 Plus<\/p>\n<p>Ph\u00e1t hi\u1ec7n s\u1ee3i nh\u1ef1a K2 Plus<br \/>\nB\u1ea3ng quang \u0111i\u1ec7n kh\u00f4ng c\u00f3 c\u00e1p<\/p>\n<p>+Trong l\u01b0\u1ee3ng: 1g<br \/>\n+Trong l\u01b0\u1ee3ng g\u00f3i: 4g<br \/>\n+K\u00edch th\u01b0\u1edbc: 1.8*1.5*0.6cm<br \/>\n+K\u00edch th\u01b0\u1edbc g\u00f3i: 11*10*1cm<br \/>\n+Filament Detection Board: 4001090035<br \/>\n**S\u1eed d\u1ee5ng cho m\u00e1y K2 PLus<\/p>\n<p>** Price does not include VAT (+8 or 10% if VAT invoice is issued)<\/p>\n<p><img loading=\"lazy\" decoding=\"async\" class=\"aligncenter size-full wp-image-4868\" src=\"https:\/\/nge.123websitedev.com\/wp-content\/uploads\/2025\/03\/4ef57072-30db-4ff0-9b8f-ad39f623e58a-e1741608520539.jpg\" alt=\"C\u1ea3m bi\u1ebfn s\u1ee3i nh\u1ef1a Filament Detection Board cho m\u00e1y in 3d Creality K2 Plus\" width=\"560\" height=\"533\" srcset=\"https:\/\/nge.vn\/wp-content\/uploads\/2025\/03\/4ef57072-30db-4ff0-9b8f-ad39f623e58a-e1741608520539.jpg 560w, https:\/\/nge.vn\/wp-content\/uploads\/2025\/03\/4ef57072-30db-4ff0-9b8f-ad39f623e58a-e1741608520539-300x286.jpg 300w, https:\/\/nge.vn\/wp-content\/uploads\/2025\/03\/4ef57072-30db-4ff0-9b8f-ad39f623e58a-e1741608520539-13x12.jpg 13w, https:\/\/nge.vn\/wp-content\/uploads\/2025\/03\/4ef57072-30db-4ff0-9b8f-ad39f623e58a-e1741608520539-247x235.jpg 247w, https:\/\/nge.vn\/wp-content\/uploads\/2025\/03\/4ef57072-30db-4ff0-9b8f-ad39f623e58a-e1741608520539-510x485.jpg 510w\" sizes=\"auto, (max-width: 560px) 100vw, 560px\" \/><\/p>\n<p><img loading=\"lazy\" decoding=\"async\" class=\"aligncenter size-full wp-image-4872\" src=\"https:\/\/nge.123websitedev.com\/wp-content\/uploads\/2025\/03\/facdc3fc-f570-4fe5-8ca8-f841e6a115a3-e1741608692421.jpg\" alt=\"C\u1ea3m bi\u1ebfn s\u1ee3i nh\u1ef1a Filament Detection Board cho m\u00e1y in 3d Creality K2 Plus\" width=\"560\" height=\"463\" srcset=\"https:\/\/nge.vn\/wp-content\/uploads\/2025\/03\/facdc3fc-f570-4fe5-8ca8-f841e6a115a3-e1741608692421.jpg 560w, https:\/\/nge.vn\/wp-content\/uploads\/2025\/03\/facdc3fc-f570-4fe5-8ca8-f841e6a115a3-e1741608692421-300x248.jpg 300w, https:\/\/nge.vn\/wp-content\/uploads\/2025\/03\/facdc3fc-f570-4fe5-8ca8-f841e6a115a3-e1741608692421-15x12.jpg 15w, https:\/\/nge.vn\/wp-content\/uploads\/2025\/03\/facdc3fc-f570-4fe5-8ca8-f841e6a115a3-e1741608692421-247x204.jpg 247w, https:\/\/nge.vn\/wp-content\/uploads\/2025\/03\/facdc3fc-f570-4fe5-8ca8-f841e6a115a3-e1741608692421-510x422.jpg 510w\" sizes=\"auto, (max-width: 560px) 100vw, 560px\" \/><\/p>","protected":false},"excerpt":{"rendered":"<p>Ph\u00e1t hi\u1ec7n s\u1ee3i nh\u1ef1a K2 Plus<br \/>\nB\u1ea3ng quang \u0111i\u1ec7n kh\u00f4ng c\u00f3 c\u00e1p<\/p>\n<p>+Trong l\u01b0\u1ee3ng: 1g<br \/>\n+Trong l\u01b0\u1ee3ng g\u00f3i: 4g<br \/>\n+K\u00edch th\u01b0\u1edbc: 1.8*1.5*0.6cm<br \/>\n+K\u00edch th\u01b0\u1edbc g\u00f3i: 11*10*1cm<br \/>\n+Filament Detection Board: 4001090035<br \/>\n**S\u1eed d\u1ee5ng cho m\u00e1y K2 PLus<\/p>","protected":false},"featured_media":4868,"comment_status":"open","ping_status":"closed","template":"","meta":{"inline_featured_image":false},"product_brand":[],"product_cat":[15,461,40,56],"product_tag":[],"class_list":{"0":"post-4867","1":"product","2":"type-product","3":"status-publish","4":"has-post-thumbnail","6":"product_cat-chua-phan-loai","7":"product_cat-linh-kien-cum-dun-va-cam-bien","8":"product_cat-linh-kien-va-phu-kien","9":"product_cat-linh-phu-kien-may-in-3d-creality","11":"first","12":"instock","13":"taxable","14":"shipping-taxable","15":"product-type-simple"},"yoast_head":"<!-- This site is optimized with the Yoast SEO Premium plugin v22.8 (Yoast SEO v26.9) - https:\/\/yoast.com\/product\/yoast-seo-premium-wordpress\/ -->\n<title>C\u1ea3m bi\u1ebfn s\u1ee3i nh\u1ef1a K2 Plus Filament Detection Board - NGE 3D Printers Services<\/title>\n<meta name=\"robots\" content=\"index, follow, max-snippet:-1, max-image-preview:large, max-video-preview:-1\" \/>\n<link rel=\"canonical\" href=\"https:\/\/nge.vn\/en\/product\/cam-bien-soi-nhua-k2-plus-filament-detection-board\/\" \/>\n<meta property=\"og:locale\" content=\"en_US\" \/>\n<meta property=\"og:type\" content=\"article\" \/>\n<meta property=\"og:title\" content=\"C\u1ea3m bi\u1ebfn s\u1ee3i nh\u1ef1a K2 Plus Filament Detection Board\" \/>\n<meta property=\"og:description\" content=\"Ph\u00e1t hi\u1ec7n s\u1ee3i nh\u1ef1a K2 Plus B\u1ea3ng quang \u0111i\u1ec7n kh\u00f4ng c\u00f3 c\u00e1p  +Trong l\u01b0\u1ee3ng: 1g +Trong l\u01b0\u1ee3ng g\u00f3i: 4g +K\u00edch th\u01b0\u1edbc: 1.8*1.5*0.6cm +K\u00edch th\u01b0\u1edbc g\u00f3i: 11*10*1cm +Filament Detection Board: 4001090035 **S\u1eed d\u1ee5ng cho m\u00e1y K2 PLus\" \/>\n<meta property=\"og:url\" content=\"https:\/\/nge.vn\/en\/product\/cam-bien-soi-nhua-k2-plus-filament-detection-board\/\" \/>\n<meta property=\"og:site_name\" content=\"NGE 3D Printers Services\" \/>\n<meta property=\"article:modified_time\" content=\"2025-03-19T03:08:56+00:00\" \/>\n<meta property=\"og:image\" content=\"https:\/\/nge.vn\/wp-content\/uploads\/2025\/03\/4ef57072-30db-4ff0-9b8f-ad39f623e58a-e1741608520539.jpg\" \/>\n\t<meta property=\"og:image:width\" content=\"560\" \/>\n\t<meta property=\"og:image:height\" content=\"533\" \/>\n\t<meta property=\"og:image:type\" content=\"image\/jpeg\" \/>\n<meta name=\"twitter:card\" content=\"summary_large_image\" \/>\n<meta name=\"twitter:label1\" content=\"Est. reading time\" \/>\n\t<meta name=\"twitter:data1\" content=\"1 minute\" \/>\n<script type=\"application\/ld+json\" class=\"yoast-schema-graph\">{\"@context\":\"https:\/\/schema.org\",\"@graph\":[{\"@type\":\"WebPage\",\"@id\":\"https:\/\/nge.vn\/san-pham\/cam-bien-soi-nhua-k2-plus-filament-detection-board\/\",\"url\":\"https:\/\/nge.vn\/san-pham\/cam-bien-soi-nhua-k2-plus-filament-detection-board\/\",\"name\":\"C\u1ea3m bi\u1ebfn s\u1ee3i nh\u1ef1a K2 Plus Filament Detection Board - NGE 3D Printers Services\",\"isPartOf\":{\"@id\":\"https:\/\/nge.vn\/#website\"},\"primaryImageOfPage\":{\"@id\":\"https:\/\/nge.vn\/san-pham\/cam-bien-soi-nhua-k2-plus-filament-detection-board\/#primaryimage\"},\"image\":{\"@id\":\"https:\/\/nge.vn\/san-pham\/cam-bien-soi-nhua-k2-plus-filament-detection-board\/#primaryimage\"},\"thumbnailUrl\":\"https:\/\/nge.vn\/wp-content\/uploads\/2025\/03\/4ef57072-30db-4ff0-9b8f-ad39f623e58a-e1741608520539.jpg\",\"datePublished\":\"2025-03-10T12:07:51+00:00\",\"dateModified\":\"2025-03-19T03:08:56+00:00\",\"breadcrumb\":{\"@id\":\"https:\/\/nge.vn\/san-pham\/cam-bien-soi-nhua-k2-plus-filament-detection-board\/#breadcrumb\"},\"inLanguage\":\"en-US\",\"potentialAction\":[{\"@type\":\"ReadAction\",\"target\":[\"https:\/\/nge.vn\/san-pham\/cam-bien-soi-nhua-k2-plus-filament-detection-board\/\"]}]},{\"@type\":\"ImageObject\",\"inLanguage\":\"en-US\",\"@id\":\"https:\/\/nge.vn\/san-pham\/cam-bien-soi-nhua-k2-plus-filament-detection-board\/#primaryimage\",\"url\":\"https:\/\/nge.vn\/wp-content\/uploads\/2025\/03\/4ef57072-30db-4ff0-9b8f-ad39f623e58a-e1741608520539.jpg\",\"contentUrl\":\"https:\/\/nge.vn\/wp-content\/uploads\/2025\/03\/4ef57072-30db-4ff0-9b8f-ad39f623e58a-e1741608520539.jpg\",\"width\":560,\"height\":533,\"caption\":\"C\u1ea3m bi\u1ebfn s\u1ee3i nh\u1ef1a Filament Detection Board cho m\u00e1y in 3d Creality K2 Plus\"},{\"@type\":\"BreadcrumbList\",\"@id\":\"https:\/\/nge.vn\/san-pham\/cam-bien-soi-nhua-k2-plus-filament-detection-board\/#breadcrumb\",\"itemListElement\":[{\"@type\":\"ListItem\",\"position\":1,\"name\":\"Trang ch\u1ee7\",\"item\":\"https:\/\/nge.vn\/\"},{\"@type\":\"ListItem\",\"position\":2,\"name\":\"S\u1ea3n ph\u1ea9m\",\"item\":\"https:\/\/nge.vn\/san-pham\/\"},{\"@type\":\"ListItem\",\"position\":3,\"name\":\"C\u1ea3m bi\u1ebfn s\u1ee3i nh\u1ef1a K2 Plus Filament Detection Board\"}]},{\"@type\":\"WebSite\",\"@id\":\"https:\/\/nge.vn\/#website\",\"url\":\"https:\/\/nge.vn\/\",\"name\":\"NGE 3D Printers Services\",\"description\":\"\",\"potentialAction\":[{\"@type\":\"SearchAction\",\"target\":{\"@type\":\"EntryPoint\",\"urlTemplate\":\"https:\/\/nge.vn\/?s={search_term_string}\"},\"query-input\":{\"@type\":\"PropertyValueSpecification\",\"valueRequired\":true,\"valueName\":\"search_term_string\"}}],\"inLanguage\":\"en-US\"}]}<\/script>\n<!-- \/ Yoast SEO Premium plugin. -->","yoast_head_json":{"title":"C\u1ea3m bi\u1ebfn s\u1ee3i nh\u1ef1a K2 Plus Filament Detection Board - NGE 3D Printers Services","robots":{"index":"index","follow":"follow","max-snippet":"max-snippet:-1","max-image-preview":"max-image-preview:large","max-video-preview":"max-video-preview:-1"},"canonical":"https:\/\/nge.vn\/en\/product\/cam-bien-soi-nhua-k2-plus-filament-detection-board\/","og_locale":"en_US","og_type":"article","og_title":"C\u1ea3m bi\u1ebfn s\u1ee3i nh\u1ef1a K2 Plus Filament Detection Board","og_description":"Ph\u00e1t hi\u1ec7n s\u1ee3i nh\u1ef1a K2 Plus B\u1ea3ng quang \u0111i\u1ec7n kh\u00f4ng c\u00f3 c\u00e1p  +Trong l\u01b0\u1ee3ng: 1g +Trong l\u01b0\u1ee3ng g\u00f3i: 4g +K\u00edch th\u01b0\u1edbc: 1.8*1.5*0.6cm +K\u00edch th\u01b0\u1edbc g\u00f3i: 11*10*1cm +Filament Detection Board: 4001090035 **S\u1eed d\u1ee5ng cho m\u00e1y K2 PLus","og_url":"https:\/\/nge.vn\/en\/product\/cam-bien-soi-nhua-k2-plus-filament-detection-board\/","og_site_name":"NGE 3D Printers Services","article_modified_time":"2025-03-19T03:08:56+00:00","og_image":[{"width":560,"height":533,"url":"https:\/\/nge.vn\/wp-content\/uploads\/2025\/03\/4ef57072-30db-4ff0-9b8f-ad39f623e58a-e1741608520539.jpg","type":"image\/jpeg"}],"twitter_card":"summary_large_image","twitter_misc":{"Est. reading time":"1 minute"},"schema":{"@context":"https:\/\/schema.org","@graph":[{"@type":"WebPage","@id":"https:\/\/nge.vn\/san-pham\/cam-bien-soi-nhua-k2-plus-filament-detection-board\/","url":"https:\/\/nge.vn\/san-pham\/cam-bien-soi-nhua-k2-plus-filament-detection-board\/","name":"C\u1ea3m bi\u1ebfn s\u1ee3i nh\u1ef1a K2 Plus Filament Detection Board - NGE 3D Printers Services","isPartOf":{"@id":"https:\/\/nge.vn\/#website"},"primaryImageOfPage":{"@id":"https:\/\/nge.vn\/san-pham\/cam-bien-soi-nhua-k2-plus-filament-detection-board\/#primaryimage"},"image":{"@id":"https:\/\/nge.vn\/san-pham\/cam-bien-soi-nhua-k2-plus-filament-detection-board\/#primaryimage"},"thumbnailUrl":"https:\/\/nge.vn\/wp-content\/uploads\/2025\/03\/4ef57072-30db-4ff0-9b8f-ad39f623e58a-e1741608520539.jpg","datePublished":"2025-03-10T12:07:51+00:00","dateModified":"2025-03-19T03:08:56+00:00","breadcrumb":{"@id":"https:\/\/nge.vn\/san-pham\/cam-bien-soi-nhua-k2-plus-filament-detection-board\/#breadcrumb"},"inLanguage":"en-US","potentialAction":[{"@type":"ReadAction","target":["https:\/\/nge.vn\/san-pham\/cam-bien-soi-nhua-k2-plus-filament-detection-board\/"]}]},{"@type":"ImageObject","inLanguage":"en-US","@id":"https:\/\/nge.vn\/san-pham\/cam-bien-soi-nhua-k2-plus-filament-detection-board\/#primaryimage","url":"https:\/\/nge.vn\/wp-content\/uploads\/2025\/03\/4ef57072-30db-4ff0-9b8f-ad39f623e58a-e1741608520539.jpg","contentUrl":"https:\/\/nge.vn\/wp-content\/uploads\/2025\/03\/4ef57072-30db-4ff0-9b8f-ad39f623e58a-e1741608520539.jpg","width":560,"height":533,"caption":"C\u1ea3m bi\u1ebfn s\u1ee3i nh\u1ef1a Filament Detection Board cho m\u00e1y in 3d Creality K2 Plus"},{"@type":"BreadcrumbList","@id":"https:\/\/nge.vn\/san-pham\/cam-bien-soi-nhua-k2-plus-filament-detection-board\/#breadcrumb","itemListElement":[{"@type":"ListItem","position":1,"name":"Trang ch\u1ee7","item":"https:\/\/nge.vn\/"},{"@type":"ListItem","position":2,"name":"S\u1ea3n ph\u1ea9m","item":"https:\/\/nge.vn\/san-pham\/"},{"@type":"ListItem","position":3,"name":"C\u1ea3m bi\u1ebfn s\u1ee3i nh\u1ef1a K2 Plus Filament Detection Board"}]},{"@type":"WebSite","@id":"https:\/\/nge.vn\/#website","url":"https:\/\/nge.vn\/","name":"NGE 3D Printers Services","description":"","potentialAction":[{"@type":"SearchAction","target":{"@type":"EntryPoint","urlTemplate":"https:\/\/nge.vn\/?s={search_term_string}"},"query-input":{"@type":"PropertyValueSpecification","valueRequired":true,"valueName":"search_term_string"}}],"inLanguage":"en-US"}]}},"_links":{"self":[{"href":"https:\/\/nge.vn\/en\/wp-json\/wp\/v2\/product\/4867","targetHints":{"allow":["GET"]}}],"collection":[{"href":"https:\/\/nge.vn\/en\/wp-json\/wp\/v2\/product"}],"about":[{"href":"https:\/\/nge.vn\/en\/wp-json\/wp\/v2\/types\/product"}],"replies":[{"embeddable":true,"href":"https:\/\/nge.vn\/en\/wp-json\/wp\/v2\/comments?post=4867"}],"wp:featuredmedia":[{"embeddable":true,"href":"https:\/\/nge.vn\/en\/wp-json\/wp\/v2\/media\/4868"}],"wp:attachment":[{"href":"https:\/\/nge.vn\/en\/wp-json\/wp\/v2\/media?parent=4867"}],"wp:term":[{"taxonomy":"product_brand","embeddable":true,"href":"https:\/\/nge.vn\/en\/wp-json\/wp\/v2\/product_brand?post=4867"},{"taxonomy":"product_cat","embeddable":true,"href":"https:\/\/nge.vn\/en\/wp-json\/wp\/v2\/product_cat?post=4867"},{"taxonomy":"product_tag","embeddable":true,"href":"https:\/\/nge.vn\/en\/wp-json\/wp\/v2\/product_tag?post=4867"}],"curies":[{"name":"wp","href":"https:\/\/api.w.org\/{rel}","templated":true}]}}