{"id":486,"date":"2024-10-25T12:35:34","date_gmt":"2024-10-25T05:35:34","guid":{"rendered":"https:\/\/nge.123websitedev.com\/san-pham\/tam-fep-release-film-cho-may-in-3d-creality-ld-006-halot-lite-halot-sky-halot-ray-halot-play-kho-2661900-15mm\/"},"modified":"2024-10-29T15:02:02","modified_gmt":"2024-10-29T08:02:02","slug":"tam-fep-release-film-cho-may-in-3d-creality-ld-006-halot-lite-halot-sky-halot-ray-halot-play-kho-2661900-15mm","status":"publish","type":"product","link":"https:\/\/nge.vn\/en\/product\/tam-fep-release-film-cho-may-in-3d-creality-ld-006-halot-lite-halot-sky-halot-ray-halot-play-kho-2661900-15mm\/","title":{"rendered":"T\u1ea5m FEP Release Film cho m\u00e1y in 3d Creality LD-006 &amp; Halot Lite &amp; Halot Sky &amp; Halot Ray &amp; Halot Play kh\u1ed5 266*190*0.15mm"},"content":{"rendered":"<p>T\u1ea5m FEP Release Film cho m\u00e1y in 3d Creality resin Halot Lite v\u00e0 LD-006 &amp; Halot Sky 4K &amp; Halot Sky 6K kh\u1ed5 266*190*0.15mm<br \/>\n_Truy\u1ec1n cao<br \/>\n_Ph\u00e2n t\u00e1ch hi\u1ec7u qu\u1ea3<br \/>\n_Kh\u1ea3 n\u0103ng ch\u1ecbu nhi\u1ec7t<\/p>\n<p>_M\u00e0ng FEP \u0111\u00f3ng r\u1eafn nh\u1eb9.<br \/>\n+Truy\u1ec1n cao<br \/>\n+Ph\u00e2n t\u00e1ch hi\u1ec7u qu\u1ea3<br \/>\n+Kh\u1ea3 n\u0103ng ch\u1ecbu nhi\u1ec7t<\/p>\n<p>**B\u1ea3y \u01b0u \u0111i\u1ec3m v\u01b0\u1ee3t tr\u1ed9i<br \/>\n_Truy\u1ec1n cao: Truy\u1ec1n v\u01b0\u1ee3t qu\u00e1 95%<br \/>\n_\u0110\u1ed9 d\u1ebbo cao: 300% \u0111\u1ed9 d\u1ebbo<br \/>\n_Linh ho\u1ea1t t\u1ed1t: b\u00e0i ki\u1ec3m tra u\u1ed1n cong<br \/>\n_Kh\u1ea3 n\u0103ng ch\u1ecbu nhi\u1ec7t: Ch\u1ecbu \u0111\u01b0\u1ee3c 200\u2103 trong th\u1eddi gian d\u00e0i<br \/>\n_Phi\u00ean b\u1ea3n ph\u00e1t h\u00e0nh \u1ed5n \u0111\u1ecbnh: T\u00ednh \u0111\u1ed3ng nh\u1ea5t c\u1ee7a l\u1edbp ph\u1ee7<br \/>\n_\u0110\u1ed9 s\u1ea1ch cao: S\u1ea3n xu\u1ea5t trong x\u01b0\u1edfng kh\u00f4ng b\u1ee5i<br \/>\n_B\u1ec1 m\u1eb7t nh\u1eb5n: Kh\u00f4ng c\u00f3 n\u1ebfp nh\u0103n, tr\u1ea7y x\u01b0\u1edbc v\u00e0 bong b\u00f3ng<\/p>\n<p>_Nh\u1ef1a FEP v\u1edbi \u0111\u1ed9 tinh khi\u1ebft cao<br \/>\n+M\u00e0ng FEP film cho M\u00e1y in 3D l\u00e0 m\u1ed9t m\u00e0ng \u0111\u00fac \u00e9p \u0111\u00f9n n\u00f3ng ch\u1ea3y v\u00e0 \u0111\u01b0\u1ee3c l\u00e0m b\u1eb1ng nh\u1ef1a FEP c\u00f3 \u0111\u1ed9 tinh khi\u1ebft cao (vinyl chloride propylene copolymer). N\u00f3 c\u00f3 \u0111\u1ed9 kh\u00f4ng nh\u1edbt t\u1ed1t, kh\u1ea3 n\u0103ng ch\u1ecbu nhi\u1ec7t, c\u00e1ch \u0111i\u1ec7n, t\u00ednh ch\u1ea5t c\u01a1 h\u1ecdc, kh\u1ea3 n\u0103ng ch\u1ed1ng m\u00e0i m\u00f2n, v.v.<\/p>\n<p>**Th\u00f4ng s\u1ed1 s\u1ea3n ph\u1ea9m:<br \/>\n+Product name: light-curing FEP release film<br \/>\n+Product size: 265*205*0.15mm<br \/>\n+Package size: 330*245mm<br \/>\n+Product color: Transparent color<br \/>\n+N.W: 20g<br \/>\n+G.W: 92g<br \/>\n+Flatness: 0.001mm<br \/>\n+Applicable models: Halot Lite v\u00e0 Halot Sky v\u00e0 LD-006<\/p>\n<p>** Price does not include VAT (+8 or 10% if VAT invoice is issued)<\/p>","protected":false},"excerpt":{"rendered":"<p>T\u1ea5m FEP Release Film cho m\u00e1y in 3d Creality LD-006 &amp; Halot Lite &amp; Halot Sky &amp; Halot Ray &amp; Halot Play kh\u1ed5 266*190*0.15mm<\/p>","protected":false},"featured_media":477,"comment_status":"open","ping_status":"closed","template":"","meta":{"inline_featured_image":false},"product_brand":[],"product_cat":[40,56],"product_tag":[],"class_list":{"0":"post-486","1":"product","2":"type-product","3":"status-publish","4":"has-post-thumbnail","6":"product_cat-linh-kien-va-phu-kien","7":"product_cat-linh-phu-kien-may-in-3d-creality","9":"first","10":"instock","11":"taxable","12":"shipping-taxable","13":"purchasable","14":"product-type-simple"},"yoast_head":"<!-- This site is optimized with the Yoast SEO Premium plugin v22.8 (Yoast SEO v26.9) - https:\/\/yoast.com\/product\/yoast-seo-premium-wordpress\/ -->\n<title>T\u1ea5m FEP Release Film cho m\u00e1y in 3d Creality LD-006 &amp; Halot Lite &amp; Halot Sky &amp; Halot Ray &amp; Halot Play kh\u1ed5 266*190*0.15mm - NGE 3D Printers Services<\/title>\n<meta name=\"robots\" content=\"index, follow, max-snippet:-1, max-image-preview:large, max-video-preview:-1\" \/>\n<link rel=\"canonical\" href=\"https:\/\/nge.vn\/en\/product\/tam-fep-release-film-cho-may-in-3d-creality-ld-006-halot-lite-halot-sky-halot-ray-halot-play-kho-2661900-15mm\/\" \/>\n<meta property=\"og:locale\" content=\"en_US\" \/>\n<meta property=\"og:type\" content=\"article\" \/>\n<meta property=\"og:title\" content=\"T\u1ea5m FEP Release Film cho m\u00e1y in 3d Creality LD-006 &amp; Halot Lite &amp; Halot Sky &amp; Halot Ray &amp; Halot Play kh\u1ed5 266*190*0.15mm\" \/>\n<meta property=\"og:description\" content=\"T\u1ea5m FEP Release Film cho m\u00e1y in 3d Creality LD-006 &amp; Halot Lite &amp; Halot Sky &amp; Halot Ray &amp; Halot Play kh\u1ed5 266*190*0.15mm\" \/>\n<meta property=\"og:url\" content=\"https:\/\/nge.vn\/en\/product\/tam-fep-release-film-cho-may-in-3d-creality-ld-006-halot-lite-halot-sky-halot-ray-halot-play-kho-2661900-15mm\/\" \/>\n<meta property=\"og:site_name\" content=\"NGE 3D Printers Services\" \/>\n<meta property=\"article:modified_time\" content=\"2024-10-29T08:02:02+00:00\" \/>\n<meta property=\"og:image\" content=\"https:\/\/nge.vn\/wp-content\/uploads\/2024\/10\/images-upload-woo2Fa43b780c52953f13c1f3807e3b2632ad.jpg\" \/>\n\t<meta property=\"og:image:width\" content=\"798\" \/>\n\t<meta property=\"og:image:height\" content=\"798\" \/>\n\t<meta property=\"og:image:type\" content=\"image\/jpeg\" \/>\n<meta name=\"twitter:card\" content=\"summary_large_image\" \/>\n<meta name=\"twitter:label1\" content=\"Est. reading time\" \/>\n\t<meta name=\"twitter:data1\" content=\"2 minutes\" \/>\n<script type=\"application\/ld+json\" class=\"yoast-schema-graph\">{\"@context\":\"https:\/\/schema.org\",\"@graph\":[{\"@type\":\"WebPage\",\"@id\":\"https:\/\/nge.vn\/en\/product\/tam-fep-release-film-cho-may-in-3d-creality-ld-006-halot-lite-halot-sky-halot-ray-halot-play-kho-2661900-15mm\/\",\"url\":\"https:\/\/nge.vn\/en\/product\/tam-fep-release-film-cho-may-in-3d-creality-ld-006-halot-lite-halot-sky-halot-ray-halot-play-kho-2661900-15mm\/\",\"name\":\"T\u1ea5m FEP Release Film cho m\u00e1y in 3d Creality LD-006 &amp; Halot Lite &amp; Halot Sky &amp; Halot Ray &amp; Halot Play kh\u1ed5 266*190*0.15mm - NGE 3D Printers Services\",\"isPartOf\":{\"@id\":\"https:\/\/nge.vn\/#website\"},\"primaryImageOfPage\":{\"@id\":\"https:\/\/nge.vn\/en\/product\/tam-fep-release-film-cho-may-in-3d-creality-ld-006-halot-lite-halot-sky-halot-ray-halot-play-kho-2661900-15mm\/#primaryimage\"},\"image\":{\"@id\":\"https:\/\/nge.vn\/en\/product\/tam-fep-release-film-cho-may-in-3d-creality-ld-006-halot-lite-halot-sky-halot-ray-halot-play-kho-2661900-15mm\/#primaryimage\"},\"thumbnailUrl\":\"https:\/\/nge.vn\/wp-content\/uploads\/2024\/10\/images-upload-woo2Fa43b780c52953f13c1f3807e3b2632ad.jpg\",\"datePublished\":\"2024-10-25T05:35:34+00:00\",\"dateModified\":\"2024-10-29T08:02:02+00:00\",\"breadcrumb\":{\"@id\":\"https:\/\/nge.vn\/en\/product\/tam-fep-release-film-cho-may-in-3d-creality-ld-006-halot-lite-halot-sky-halot-ray-halot-play-kho-2661900-15mm\/#breadcrumb\"},\"inLanguage\":\"en-US\",\"potentialAction\":[{\"@type\":\"ReadAction\",\"target\":[\"https:\/\/nge.vn\/en\/product\/tam-fep-release-film-cho-may-in-3d-creality-ld-006-halot-lite-halot-sky-halot-ray-halot-play-kho-2661900-15mm\/\"]}]},{\"@type\":\"ImageObject\",\"inLanguage\":\"en-US\",\"@id\":\"https:\/\/nge.vn\/en\/product\/tam-fep-release-film-cho-may-in-3d-creality-ld-006-halot-lite-halot-sky-halot-ray-halot-play-kho-2661900-15mm\/#primaryimage\",\"url\":\"https:\/\/nge.vn\/wp-content\/uploads\/2024\/10\/images-upload-woo2Fa43b780c52953f13c1f3807e3b2632ad.jpg\",\"contentUrl\":\"https:\/\/nge.vn\/wp-content\/uploads\/2024\/10\/images-upload-woo2Fa43b780c52953f13c1f3807e3b2632ad.jpg\",\"width\":798,\"height\":798},{\"@type\":\"BreadcrumbList\",\"@id\":\"https:\/\/nge.vn\/en\/product\/tam-fep-release-film-cho-may-in-3d-creality-ld-006-halot-lite-halot-sky-halot-ray-halot-play-kho-2661900-15mm\/#breadcrumb\",\"itemListElement\":[{\"@type\":\"ListItem\",\"position\":1,\"name\":\"Trang ch\u1ee7\",\"item\":\"https:\/\/nge.vn\/\"},{\"@type\":\"ListItem\",\"position\":2,\"name\":\"S\u1ea3n ph\u1ea9m\",\"item\":\"https:\/\/nge.vn\/san-pham\/\"},{\"@type\":\"ListItem\",\"position\":3,\"name\":\"T\u1ea5m FEP Release Film cho m\u00e1y in 3d Creality LD-006 &amp; Halot Lite &amp; Halot Sky &amp; Halot Ray &amp; Halot Play kh\u1ed5 266*190*0.15mm\"}]},{\"@type\":\"WebSite\",\"@id\":\"https:\/\/nge.vn\/#website\",\"url\":\"https:\/\/nge.vn\/\",\"name\":\"NGE 3D Printers Services\",\"description\":\"\",\"potentialAction\":[{\"@type\":\"SearchAction\",\"target\":{\"@type\":\"EntryPoint\",\"urlTemplate\":\"https:\/\/nge.vn\/?s={search_term_string}\"},\"query-input\":{\"@type\":\"PropertyValueSpecification\",\"valueRequired\":true,\"valueName\":\"search_term_string\"}}],\"inLanguage\":\"en-US\"}]}<\/script>\n<!-- \/ Yoast SEO Premium plugin. -->","yoast_head_json":{"title":"T\u1ea5m FEP Release Film cho m\u00e1y in 3d Creality LD-006 &amp; Halot Lite &amp; Halot Sky &amp; Halot Ray &amp; Halot Play kh\u1ed5 266*190*0.15mm - NGE 3D Printers Services","robots":{"index":"index","follow":"follow","max-snippet":"max-snippet:-1","max-image-preview":"max-image-preview:large","max-video-preview":"max-video-preview:-1"},"canonical":"https:\/\/nge.vn\/en\/product\/tam-fep-release-film-cho-may-in-3d-creality-ld-006-halot-lite-halot-sky-halot-ray-halot-play-kho-2661900-15mm\/","og_locale":"en_US","og_type":"article","og_title":"T\u1ea5m FEP Release Film cho m\u00e1y in 3d Creality LD-006 &amp; Halot Lite &amp; Halot Sky &amp; Halot Ray &amp; Halot Play kh\u1ed5 266*190*0.15mm","og_description":"T\u1ea5m FEP Release Film cho m\u00e1y in 3d Creality LD-006 &amp; Halot Lite &amp; Halot Sky &amp; Halot Ray &amp; Halot Play kh\u1ed5 266*190*0.15mm","og_url":"https:\/\/nge.vn\/en\/product\/tam-fep-release-film-cho-may-in-3d-creality-ld-006-halot-lite-halot-sky-halot-ray-halot-play-kho-2661900-15mm\/","og_site_name":"NGE 3D Printers Services","article_modified_time":"2024-10-29T08:02:02+00:00","og_image":[{"width":798,"height":798,"url":"https:\/\/nge.vn\/wp-content\/uploads\/2024\/10\/images-upload-woo2Fa43b780c52953f13c1f3807e3b2632ad.jpg","type":"image\/jpeg"}],"twitter_card":"summary_large_image","twitter_misc":{"Est. reading time":"2 minutes"},"schema":{"@context":"https:\/\/schema.org","@graph":[{"@type":"WebPage","@id":"https:\/\/nge.vn\/en\/product\/tam-fep-release-film-cho-may-in-3d-creality-ld-006-halot-lite-halot-sky-halot-ray-halot-play-kho-2661900-15mm\/","url":"https:\/\/nge.vn\/en\/product\/tam-fep-release-film-cho-may-in-3d-creality-ld-006-halot-lite-halot-sky-halot-ray-halot-play-kho-2661900-15mm\/","name":"T\u1ea5m FEP Release Film cho m\u00e1y in 3d Creality LD-006 &amp; Halot Lite &amp; Halot Sky &amp; Halot Ray &amp; Halot Play kh\u1ed5 266*190*0.15mm - NGE 3D Printers Services","isPartOf":{"@id":"https:\/\/nge.vn\/#website"},"primaryImageOfPage":{"@id":"https:\/\/nge.vn\/en\/product\/tam-fep-release-film-cho-may-in-3d-creality-ld-006-halot-lite-halot-sky-halot-ray-halot-play-kho-2661900-15mm\/#primaryimage"},"image":{"@id":"https:\/\/nge.vn\/en\/product\/tam-fep-release-film-cho-may-in-3d-creality-ld-006-halot-lite-halot-sky-halot-ray-halot-play-kho-2661900-15mm\/#primaryimage"},"thumbnailUrl":"https:\/\/nge.vn\/wp-content\/uploads\/2024\/10\/images-upload-woo2Fa43b780c52953f13c1f3807e3b2632ad.jpg","datePublished":"2024-10-25T05:35:34+00:00","dateModified":"2024-10-29T08:02:02+00:00","breadcrumb":{"@id":"https:\/\/nge.vn\/en\/product\/tam-fep-release-film-cho-may-in-3d-creality-ld-006-halot-lite-halot-sky-halot-ray-halot-play-kho-2661900-15mm\/#breadcrumb"},"inLanguage":"en-US","potentialAction":[{"@type":"ReadAction","target":["https:\/\/nge.vn\/en\/product\/tam-fep-release-film-cho-may-in-3d-creality-ld-006-halot-lite-halot-sky-halot-ray-halot-play-kho-2661900-15mm\/"]}]},{"@type":"ImageObject","inLanguage":"en-US","@id":"https:\/\/nge.vn\/en\/product\/tam-fep-release-film-cho-may-in-3d-creality-ld-006-halot-lite-halot-sky-halot-ray-halot-play-kho-2661900-15mm\/#primaryimage","url":"https:\/\/nge.vn\/wp-content\/uploads\/2024\/10\/images-upload-woo2Fa43b780c52953f13c1f3807e3b2632ad.jpg","contentUrl":"https:\/\/nge.vn\/wp-content\/uploads\/2024\/10\/images-upload-woo2Fa43b780c52953f13c1f3807e3b2632ad.jpg","width":798,"height":798},{"@type":"BreadcrumbList","@id":"https:\/\/nge.vn\/en\/product\/tam-fep-release-film-cho-may-in-3d-creality-ld-006-halot-lite-halot-sky-halot-ray-halot-play-kho-2661900-15mm\/#breadcrumb","itemListElement":[{"@type":"ListItem","position":1,"name":"Trang ch\u1ee7","item":"https:\/\/nge.vn\/"},{"@type":"ListItem","position":2,"name":"S\u1ea3n ph\u1ea9m","item":"https:\/\/nge.vn\/san-pham\/"},{"@type":"ListItem","position":3,"name":"T\u1ea5m FEP Release Film cho m\u00e1y in 3d Creality LD-006 &amp; Halot Lite &amp; Halot Sky &amp; Halot Ray &amp; Halot Play kh\u1ed5 266*190*0.15mm"}]},{"@type":"WebSite","@id":"https:\/\/nge.vn\/#website","url":"https:\/\/nge.vn\/","name":"NGE 3D Printers Services","description":"","potentialAction":[{"@type":"SearchAction","target":{"@type":"EntryPoint","urlTemplate":"https:\/\/nge.vn\/?s={search_term_string}"},"query-input":{"@type":"PropertyValueSpecification","valueRequired":true,"valueName":"search_term_string"}}],"inLanguage":"en-US"}]}},"_links":{"self":[{"href":"https:\/\/nge.vn\/en\/wp-json\/wp\/v2\/product\/486","targetHints":{"allow":["GET"]}}],"collection":[{"href":"https:\/\/nge.vn\/en\/wp-json\/wp\/v2\/product"}],"about":[{"href":"https:\/\/nge.vn\/en\/wp-json\/wp\/v2\/types\/product"}],"replies":[{"embeddable":true,"href":"https:\/\/nge.vn\/en\/wp-json\/wp\/v2\/comments?post=486"}],"wp:featuredmedia":[{"embeddable":true,"href":"https:\/\/nge.vn\/en\/wp-json\/wp\/v2\/media\/477"}],"wp:attachment":[{"href":"https:\/\/nge.vn\/en\/wp-json\/wp\/v2\/media?parent=486"}],"wp:term":[{"taxonomy":"product_brand","embeddable":true,"href":"https:\/\/nge.vn\/en\/wp-json\/wp\/v2\/product_brand?post=486"},{"taxonomy":"product_cat","embeddable":true,"href":"https:\/\/nge.vn\/en\/wp-json\/wp\/v2\/product_cat?post=486"},{"taxonomy":"product_tag","embeddable":true,"href":"https:\/\/nge.vn\/en\/wp-json\/wp\/v2\/product_tag?post=486"}],"curies":[{"name":"wp","href":"https:\/\/api.w.org\/{rel}","templated":true}]}}