{"id":4834,"date":"2025-02-19T09:01:52","date_gmt":"2025-02-19T02:01:52","guid":{"rendered":"https:\/\/nge.vn\/?post_type=product&#038;p=4834"},"modified":"2026-02-27T20:08:45","modified_gmt":"2026-02-27T13:08:45","slug":"may-in-3d-fdm-creality-hi-combo","status":"publish","type":"product","link":"https:\/\/nge.vn\/en\/product\/may-in-3d-fdm-creality-hi-combo\/","title":{"rendered":"M\u00e1y in 3d FDM Creality Hi Combo t\u1ed1c \u0111\u1ed9 in max 500mm\/s"},"content":{"rendered":"<p>M\u00e1y in 3d FDM nhi\u1ec1u m\u00e0u Creality Hi Combo t\u1ed1c \u0111\u1ed9 in max 500mm\/s kh\u1ed5 in 26*26*30cm<\/p>\n<p>_CFS th\u00f4ng minh x4 cho t\u1ed1i \u0111a 16 m\u00e0u<br \/>\n_\u0110\u1ecdc d\u00e2y t\u00f3c t\u1ef1 \u0111\u1ed9ng, c\u00e2n b\u1eb1ng v\u00e0 \u0111i\u1ec1u ch\u1ec9nh PA<br \/>\n_Th\u00e2n m\u00e1y ho\u00e0n to\u00e0n b\u1eb1ng kim lo\u1ea1i<br \/>\nC\u00e1c b\u1ed9 ph\u1eadn \u0111\u00fac khu\u00f4n b\u1eb1ng h\u1ee3p kim nh\u00f4m, c\u1ee9ng c\u00e1p<\/p>\n<p>_M\u00e1y \u0111\u00f9nThi\u1ebft k\u1ebf t\u00edch h\u1ee3p, d\u1ec5 b\u1ea3o tr\u00ec v\u00e0 kh\u00f4ng b\u1ecb t\u1eafc ngh\u1ebdn<\/p>\n<p>+T\u1ed1c \u0111\u1ed9 t\u1ed1i \u0111a 500 mm\/s<br \/>\n+T\u0103ng t\u1ed1c t\u1ed1i \u0111a 12000 mm\/s\u00b2<\/p>\n<p>_CFS \u0111i k\u00e8m v\u1edbi m\u1ed9t hub k\u1ebft n\u1ed1i \u1edf m\u1eb7t sau. k\u1ebft n\u1ed1i t\u1ed1i \u0111a 4 CFS v\u1edbi nhau, b\u1ea1n c\u00f3 th\u1ec3 in v\u1edbi 16 m\u00e0u s\u1eafc<br \/>\n_Ch\u1ec9 c\u1ea7n qu\u00e9t s\u1ee3i nh\u1ef1a RFID Creality \u1edf ph\u00eda b\u00ean ph\u1ea3i \u0111\u1ebf m\u00e1y in, v\u00e0 c\u1ea3m bi\u1ebfn t\u00edch h\u1ee3p s\u1ebd t\u1ef1 \u0111\u1ed9ng x\u00e1c \u0111\u1ecbnh m\u00e0u s\u1eafc v\u00e0 lo\u1ea1i s\u1ee3i nh\u1ef1a<br \/>\nC\u1ea3m bi\u1ebfn s\u1ebd nh\u1eafc nh\u1edf b\u1ea1n khi c\u00f3 xung \u0111\u1ed9t gi\u1eefa th\u00f4ng tin c\u1eaft v\u00e0 s\u1ee3i nh\u1ef1a th\u1ef1c t\u1ebf \u0111ang s\u1eed d\u1ee5ng<\/p>\n<p>_T\u1ef1 \u0111\u1ed9ng c\u00e2n b\u1eb1ng m\u1eb7t b\u00e0n &amp; Gi\u1ea3m \u0111\u1ed9 nghi\u00eang tr\u1ee5c X<br \/>\nV\u1edbi h\u1ec7 th\u1ed1ng t\u1ef1 \u0111\u1ed9ng c\u00e2n b\u1eb1ng to\u00e0n di\u1ec7n v\u00e0 ch\u00ednh x\u00e1c, mang \u0111\u1ebfn cho b\u1ea1n l\u1edbp \u0111\u1ea7u ti\u00ean ho\u00e0n h\u1ea3o m\u1ecdi l\u00fac<br \/>\n+Hai v\u00edtme d\u1eabn \u0111\u1ed9ng c\u01a1 \u0111\u1ed9c l\u1eadp \u0111i\u1ec1u ch\u1ec9nh tr\u1ee5c X theo v\u1ecb tr\u00ed n\u1eb1m ngang<br \/>\n+C\u1ea3m bi\u1ebfn \u0111\u1ed9 nh\u1ea1y cao \u0111o bi\u1ebfn d\u1ea1ng trong \u0111\u1ea7u c\u00f4ng c\u1ee5 t\u1ef1 \u0111\u1ed9ng \u0111\u1ea7u d\u00f2 gi\u01b0\u1eddng cho m\u1ed9t l\u01b0\u1edbi san b\u1eb1ng ch\u00ednh x\u00e1c<br \/>\n+B\u00e0n gia nhi\u1ec7t AC 1000W c\u00f3 th\u1ec3 \u0111\u1ea1t 60\u2103 trong 30s ho\u1eb7c 100\u2103 trong 90s<\/p>\n<p>_Vi\u1ec7c n\u1ea1p v\u00e0 th\u00e1o s\u1ee3i gi\u1edd \u0111\u00e2y tr\u1edf n\u00ean d\u1ec5 d\u00e0ng h\u01a1n v\u1edbi CFS \u0111ang ho\u1ea1t \u0111\u1ed9ng. Ch\u1ec9 c\u1ea7n \u0111\u01b0a s\u1ee3i v\u00e0o \u1ed1ng n\u1ea1p, sau \u0111\u00f3 ch\u1ea1m nhanh v\u00e0i l\u1ea7n b\u1eb1ng \u0110i\u1ec1u khi\u1ec3n c\u1ea3m \u1ee9ng<\/p>\n<p>_C\u00f2i b\u00e1o t\u00edch h\u1ee3p s\u1ebd ph\u00e1t ra \u00e2m thanh t\u01b0\u01a1ng \u1ee9ng ri\u00eang bi\u1ec7t khi t\u00e1c v\u1ee5 in ho\u00e0n t\u1ea5t ho\u1eb7c t\u1ea1m d\u1eebng \u0111\u1ed9t ng\u1ed9t. Kh\u00f4ng c\u1ea7n b\u1ea1n ph\u1ea3i ch\u00fa \u00fd li\u00ean t\u1ee5c<\/p>\n<p>_L\u1eafp r\u00e1p d\u1ec5 d\u00e0ng h\u01a1n<br \/>\nCreality Hi \u0111\u00e3 \u0111\u01b0\u1ee3c l\u1eafp r\u00e1p s\u1eb5n 95%<br \/>\nB\u1ea1n c\u00f3 th\u1ec3 l\u1eafp r\u00e1p ch\u1ec9 trong 8 ph\u00fat sau khi ch\u1ec9 si\u1ebft ch\u1eb7t b\u1ea3y con v\u00edt v\u00e0 m\u1ed9t s\u1ed1 d\u00e2y \u0111i\u1ec7n<br \/>\n\u0110\u00e2y l\u00e0 gi\u01b0\u1eddng tr\u01b0\u1ee3t th\u00e2n thi\u1ec7n v\u1edbi ng\u01b0\u1eddi d\u00f9ng nh\u1ea5t m\u00e0 Creality t\u1eebng cung c\u1ea5p<\/p>\n<p>+M\u00e0n h\u00ecnh c\u1ea3m \u1ee9ng 3,2&#8243; c\u00f3 th\u1ec3 g\u1eadp l\u1ea1i<br \/>\nKh\u00f4ng c\u1ea7n l\u1eafp r\u00e1p c\u00f3 th\u1ec3 d\u1ec5 d\u00e0ng g\u1eadp l\u1ea1i \u0111\u1ec3 c\u00f3 di\u1ec7n t\u00edch nh\u1ecf h\u01a1n. K\u1ebft n\u1ed1i c\u00e1p c\u0169ng ch\u1eafc ch\u1eafn h\u01a1n<\/p>\n<p>+Creality Hi c\u00f3 h\u01b0\u1edbng d\u1eabn nhanh \u0111\u01a1n gi\u1ea3n bao g\u1ed3m t\u1ea5t c\u1ea3 c\u00e1c thi\u1ebft l\u1eadp ph\u1ea7n m\u1ec1m c\u1ea7n thi\u1ebft v\u00e0 hi\u1ec7u chu\u1ea9n l\u1ea7n \u0111\u1ea7u. Ngay c\u1ea3 ng\u01b0\u1eddi m\u1edbi b\u1eaft \u0111\u1ea7u c\u0169ng c\u00f3 th\u1ec3 l\u00e0m \u0111\u01b0\u1ee3c<\/p>\n<p>_Camera c\u00f3 n\u1eafp b\u1ea3o v\u1ec7 ri\u00eang t\u01b0<br \/>\n\u00b7Theo d\u00f5i video c\u00e1c t\u00e1c v\u1ee5 in c\u1ee7a b\u1ea1n<br \/>\n\u00b7M\u1ed9t l\u1ea7n ch\u1ea1m \u0111\u1ec3 chia s\u1ebb video tua nhanh th\u1eddi gian<br \/>\n\u00b7N\u1eafp camera \u0111\u1ec3 b\u1ea3o v\u1ec7 s\u1ef1 ri\u00eang t\u01b0<\/p>\n<p>_Ti\u1ebfng \u1ed3n khi v\u1eadn h\u00e0nh \u0111\u00e3 \u0111\u01b0\u1ee3c gi\u1ea3m b\u1edbt nh\u1edd qu\u1ea1t c\u00e2n b\u1eb1ng \u0111\u1ed9ng, thanh ray tuy\u1ebfn t\u00ednh kh\u00f4ng ma s\u00e1t v\u00e0 thanh tuy\u1ebfn t\u00ednh tr\u01a1n tru. V\u00ec v\u1eady, b\u1ea1n s\u1ebd c\u00f3 \u0111\u01b0\u1ee3c s\u1ef1 y\u00ean t\u0129nh h\u01a1n<br \/>\n\u00b7Ch\u1ebf \u0111\u1ed9 im l\u1eb7ng: \u2264 48 dB*<\/p>\n<p>_M\u00e1y in c\u0169ng c\u00f3 \u0111\u01b0\u1eddng ray tuy\u1ebfn t\u00ednh tr\u00ean tr\u1ee5c X v\u00e0 hai thanh tuy\u1ebfn t\u00ednh tr\u00ean tr\u1ee5c y<br \/>\nC\u1ea5u tr\u00fac c\u1ee9ng v\u00e0 chuy\u1ec3n \u0111\u1ed9ng m\u1ecbn S\u1ebd n\u00e2ng cao ch\u1ea5t l\u01b0\u1ee3ng in \u0111\u00e1ng k\u1ec3<\/p>\n<p>_Creality Hi s\u1edf h\u1eefu m\u1ed9t thu\u1eadt to\u00e1n \u0111\u1ed9c quy\u1ec1n c\u00f3 th\u1ec3 ph\u00e2n t\u00edch bi\u00ean \u0111\u1ed9 c\u1ee7a c\u00e1c rung \u0111\u1ed9ng \u1edf c\u00e1c t\u1ed1c \u0111\u1ed9 in kh\u00e1c nhauv\u00e0 t\u1ea1o ra c\u00e1c t\u00edn hi\u1ec7u ng\u01b0\u1ee3c l\u1ea1i \u0111\u1ec3 h\u1ee7y b\u1ecf c\u00e1c rung \u0111\u1ed9ng m\u1ed9t c\u00e1ch t\u00edch c\u1ef1c. V\u00ec v\u1eady, b\u1ea1n s\u1ebd nh\u1eadn \u0111\u01b0\u1ee3c c\u00e1c b\u1ea3n in nhanh h\u01a1n, \u00edt chu\u00f4ng h\u01a1n v\u00e0 b\u1ec1 m\u1eb7t m\u1ecbn h\u01a1n<\/p>\n<p>+B\u00e1nh r\u0103ng m\u00e1y \u0111\u00f9n kim lo\u1ea1i: Si\u00eau ch\u1ed1ng m\u00e0i m\u00f2n v\u00e0 b\u1ec1n l\u00e2u<br \/>\n+M\u00e1y c\u1eaft s\u1ee3i t\u1ef1 \u0111\u1ed9ng: L\u01b0\u1ee1i dao b\u1ec1n c\u00f3 th\u1ec3 k\u00e9o t\u1eeb t\u00ednh tr\u1edf l\u1ea1i v\u1ecb tr\u00ed sau khi c\u1eaft<br \/>\n+C\u1ea3m bi\u1ebfn c\u00e2n b\u1eb1ng gi\u01b0\u1eddng: N\u00e2ng c\u1ea5p v\u1ec1 \u0111\u1ed9 t\u1ef1 \u0111\u1ed9ng h\u00f3a v\u00e0 \u0111\u1ed9 ch\u00ednh x\u00e1c<br \/>\n+Thi\u1ebft k\u1ebf v\u00f2i phun t\u00edch h\u1ee3p: Kh\u00f4ng t\u1eafc ngh\u1ebdn &amp; thay th\u1ebf nhanh<br \/>\n\u00b7V\u00f2i phun tri-metal c\u00f3 \u0111\u1ea7u b\u1eb1ng th\u00e9p c\u1ee9ng. B\u1ec1n v\u00e0 d\u1ec5 d\u00e0ng thay th\u1ebf<\/p>\n<p>** Price does not include VAT (+8 or 10% if VAT invoice is issued)<\/p>\n<p>&nbsp;<\/p>\n<h1 class=\"product-title product_title entry-title\"><span style=\"font-size: 75%;\"><a href=\"https:\/\/nge.vn\/en\/product\/may-in-3d-nhieu-mau-creality-k2-plus-kho-in-35x35x35cm\/\">**M\u00e1y in 3d nhi\u1ec1u m\u00e0u Creality K2 Plus kh\u1ed5 in 35*35*35cm<\/a><\/span><\/h1>\n<p><a href=\"https:\/\/www.youtube.com\/watch?v=UmzNZXFHscg\">**Video m\u1edf h\u1ed9p v\u00e0 l\u1eafp r\u00e1p m\u00e1y Creality Hi Combo<\/a><\/p>\n<p>&nbsp;<\/p>\n<p><img loading=\"lazy\" decoding=\"async\" class=\"aligncenter size-full wp-image-4849\" src=\"https:\/\/nge.123websitedev.com\/wp-content\/uploads\/2025\/02\/hi7.png\" alt=\"\" width=\"937\" height=\"708\" srcset=\"https:\/\/nge.vn\/wp-content\/uploads\/2025\/02\/hi7.png 937w, https:\/\/nge.vn\/wp-content\/uploads\/2025\/02\/hi7-300x227.png 300w, https:\/\/nge.vn\/wp-content\/uploads\/2025\/02\/hi7-768x580.png 768w, https:\/\/nge.vn\/wp-content\/uploads\/2025\/02\/hi7-16x12.png 16w, https:\/\/nge.vn\/wp-content\/uploads\/2025\/02\/hi7-247x187.png 247w, https:\/\/nge.vn\/wp-content\/uploads\/2025\/02\/hi7-510x385.png 510w\" sizes=\"auto, (max-width: 937px) 100vw, 937px\" \/><\/p>\n<p><img loading=\"lazy\" decoding=\"async\" class=\"aligncenter size-full wp-image-4848\" src=\"https:\/\/nge.123websitedev.com\/wp-content\/uploads\/2025\/02\/hi6.png\" alt=\"\" width=\"899\" height=\"690\" srcset=\"https:\/\/nge.vn\/wp-content\/uploads\/2025\/02\/hi6.png 899w, https:\/\/nge.vn\/wp-content\/uploads\/2025\/02\/hi6-300x230.png 300w, https:\/\/nge.vn\/wp-content\/uploads\/2025\/02\/hi6-768x589.png 768w, https:\/\/nge.vn\/wp-content\/uploads\/2025\/02\/hi6-16x12.png 16w, https:\/\/nge.vn\/wp-content\/uploads\/2025\/02\/hi6-247x190.png 247w, https:\/\/nge.vn\/wp-content\/uploads\/2025\/02\/hi6-510x391.png 510w\" sizes=\"auto, (max-width: 899px) 100vw, 899px\" \/><\/p>\n<p><img loading=\"lazy\" decoding=\"async\" class=\"aligncenter size-full wp-image-4847\" src=\"https:\/\/nge.123websitedev.com\/wp-content\/uploads\/2025\/02\/hi4.png\" alt=\"\" width=\"917\" height=\"783\" srcset=\"https:\/\/nge.vn\/wp-content\/uploads\/2025\/02\/hi4.png 917w, https:\/\/nge.vn\/wp-content\/uploads\/2025\/02\/hi4-300x256.png 300w, https:\/\/nge.vn\/wp-content\/uploads\/2025\/02\/hi4-768x656.png 768w, https:\/\/nge.vn\/wp-content\/uploads\/2025\/02\/hi4-14x12.png 14w, https:\/\/nge.vn\/wp-content\/uploads\/2025\/02\/hi4-247x211.png 247w, https:\/\/nge.vn\/wp-content\/uploads\/2025\/02\/hi4-510x435.png 510w\" sizes=\"auto, (max-width: 917px) 100vw, 917px\" \/><img loading=\"lazy\" decoding=\"async\" class=\"aligncenter size-full wp-image-4846\" src=\"https:\/\/nge.123websitedev.com\/wp-content\/uploads\/2025\/02\/hi3.jpg\" alt=\"\" width=\"931\" height=\"803\" srcset=\"https:\/\/nge.vn\/wp-content\/uploads\/2025\/02\/hi3.jpg 931w, https:\/\/nge.vn\/wp-content\/uploads\/2025\/02\/hi3-300x259.jpg 300w, https:\/\/nge.vn\/wp-content\/uploads\/2025\/02\/hi3-768x662.jpg 768w, https:\/\/nge.vn\/wp-content\/uploads\/2025\/02\/hi3-14x12.jpg 14w, https:\/\/nge.vn\/wp-content\/uploads\/2025\/02\/hi3-247x213.jpg 247w, https:\/\/nge.vn\/wp-content\/uploads\/2025\/02\/hi3-510x440.jpg 510w\" sizes=\"auto, (max-width: 931px) 100vw, 931px\" \/><img loading=\"lazy\" decoding=\"async\" class=\"aligncenter size-full wp-image-4845\" src=\"https:\/\/nge.123websitedev.com\/wp-content\/uploads\/2025\/02\/hi1.png\" alt=\"\" width=\"874\" height=\"668\" srcset=\"https:\/\/nge.vn\/wp-content\/uploads\/2025\/02\/hi1.png 874w, https:\/\/nge.vn\/wp-content\/uploads\/2025\/02\/hi1-300x229.png 300w, https:\/\/nge.vn\/wp-content\/uploads\/2025\/02\/hi1-768x587.png 768w, https:\/\/nge.vn\/wp-content\/uploads\/2025\/02\/hi1-16x12.png 16w, https:\/\/nge.vn\/wp-content\/uploads\/2025\/02\/hi1-247x189.png 247w, https:\/\/nge.vn\/wp-content\/uploads\/2025\/02\/hi1-510x390.png 510w\" sizes=\"auto, (max-width: 874px) 100vw, 874px\" \/><img loading=\"lazy\" decoding=\"async\" class=\"aligncenter size-full wp-image-4844\" src=\"https:\/\/nge.123websitedev.com\/wp-content\/uploads\/2025\/02\/hi.png\" alt=\"\" width=\"853\" height=\"711\" srcset=\"https:\/\/nge.vn\/wp-content\/uploads\/2025\/02\/hi.png 853w, https:\/\/nge.vn\/wp-content\/uploads\/2025\/02\/hi-300x250.png 300w, https:\/\/nge.vn\/wp-content\/uploads\/2025\/02\/hi-768x640.png 768w, https:\/\/nge.vn\/wp-content\/uploads\/2025\/02\/hi-14x12.png 14w, https:\/\/nge.vn\/wp-content\/uploads\/2025\/02\/hi-247x206.png 247w, https:\/\/nge.vn\/wp-content\/uploads\/2025\/02\/hi-510x425.png 510w\" sizes=\"auto, (max-width: 853px) 100vw, 853px\" \/><img loading=\"lazy\" decoding=\"async\" class=\"aligncenter size-full wp-image-4843\" src=\"https:\/\/nge.123websitedev.com\/wp-content\/uploads\/2025\/02\/h5.png\" alt=\"\" width=\"890\" height=\"710\" srcset=\"https:\/\/nge.vn\/wp-content\/uploads\/2025\/02\/h5.png 890w, https:\/\/nge.vn\/wp-content\/uploads\/2025\/02\/h5-300x239.png 300w, https:\/\/nge.vn\/wp-content\/uploads\/2025\/02\/h5-768x613.png 768w, https:\/\/nge.vn\/wp-content\/uploads\/2025\/02\/h5-15x12.png 15w, https:\/\/nge.vn\/wp-content\/uploads\/2025\/02\/h5-247x197.png 247w, https:\/\/nge.vn\/wp-content\/uploads\/2025\/02\/h5-510x407.png 510w\" sizes=\"auto, (max-width: 890px) 100vw, 890px\" \/><img loading=\"lazy\" decoding=\"async\" class=\"aligncenter size-full wp-image-4841\" src=\"https:\/\/nge.123websitedev.com\/wp-content\/uploads\/2025\/02\/b8c559e71d5ad878975d7e9b51894056.webp\" alt=\"\" width=\"1000\" height=\"1000\" srcset=\"https:\/\/nge.vn\/wp-content\/uploads\/2025\/02\/b8c559e71d5ad878975d7e9b51894056.webp 1000w, https:\/\/nge.vn\/wp-content\/uploads\/2025\/02\/b8c559e71d5ad878975d7e9b51894056-300x300.webp 300w, https:\/\/nge.vn\/wp-content\/uploads\/2025\/02\/b8c559e71d5ad878975d7e9b51894056-150x150.webp 150w, https:\/\/nge.vn\/wp-content\/uploads\/2025\/02\/b8c559e71d5ad878975d7e9b51894056-768x768.webp 768w, https:\/\/nge.vn\/wp-content\/uploads\/2025\/02\/b8c559e71d5ad878975d7e9b51894056-12x12.webp 12w, https:\/\/nge.vn\/wp-content\/uploads\/2025\/02\/b8c559e71d5ad878975d7e9b51894056-247x247.webp 247w, https:\/\/nge.vn\/wp-content\/uploads\/2025\/02\/b8c559e71d5ad878975d7e9b51894056-510x510.webp 510w, https:\/\/nge.vn\/wp-content\/uploads\/2025\/02\/b8c559e71d5ad878975d7e9b51894056-100x100.webp 100w\" sizes=\"auto, (max-width: 1000px) 100vw, 1000px\" \/><\/p>","protected":false},"excerpt":{"rendered":"<p>M\u00e1y in 3d FDM nhi\u1ec1u m\u00e0u Creality Hi Combo t\u1ed1c \u0111\u1ed9 in max 500mm\/s kh\u1ed5 in 26*26*30cm _CFS th\u00f4ng minh x4 cho t\u1ed1i \u0111a 16 m\u00e0u _\u0110\u1ecdc d\u00e2y t\u00f3c t\u1ef1 \u0111\u1ed9ng, c\u00e2n b\u1eb1ng v\u00e0 \u0111i\u1ec1u ch\u1ec9nh PA _Th\u00e2n m\u00e1y ho\u00e0n to\u00e0n b\u1eb1ng kim lo\u1ea1i C\u00e1c b\u1ed9 ph\u1eadn \u0111\u00fac khu\u00f4n b\u1eb1ng h\u1ee3p kim nh\u00f4m, c\u1ee9ng c\u00e1p&#8230;<\/p>","protected":false},"featured_media":4837,"comment_status":"open","ping_status":"closed","template":"","meta":{"inline_featured_image":false},"product_brand":[],"product_cat":[39,51],"product_tag":[495,497,496,480],"class_list":{"0":"post-4834","1":"product","2":"type-product","3":"status-publish","4":"has-post-thumbnail","6":"product_cat-may-in-3d","7":"product_cat-may-in-3d-creality","8":"product_tag-creality","9":"product_tag-crealityhi","10":"product_tag-crealityhicombo","11":"product_tag-cfs","13":"first","14":"instock","15":"sale","16":"featured","17":"taxable","18":"shipping-taxable","19":"purchasable","20":"product-type-variable"},"yoast_head":"<!-- This site is optimized with the Yoast SEO Premium plugin v22.8 (Yoast SEO v26.9) - https:\/\/yoast.com\/product\/yoast-seo-premium-wordpress\/ -->\n<title>M\u00e1y in 3d FDM Creality Hi Combo t\u1ed1c \u0111\u1ed9 in max 500mm\/s - NGE 3D Printers Services<\/title>\n<meta name=\"description\" content=\"M\u00e1y in 3d FDM nhi\u1ec1u m\u00e0u Creality Hi Combo k\u1ebft n\u1ed1i 4 CFS, c\u00f3 th\u1ec3 in 16 m\u00e0u, t\u00edch h\u1ee3p camera, m\u00e1y c\u1eaft s\u1ee3i t\u1ef1 \u0111\u1ed9ng, c\u1ea3m bi\u1ebfn c\u00e2n b\u1eb1ng b\u00e0n, m\u00e1y \u0111\u00f9n kim lo\u1ea1i\" \/>\n<meta name=\"robots\" content=\"index, follow, max-snippet:-1, max-image-preview:large, max-video-preview:-1\" \/>\n<link rel=\"canonical\" href=\"https:\/\/nge.vn\/en\/product\/may-in-3d-fdm-creality-hi-combo\/\" \/>\n<meta property=\"og:locale\" content=\"en_US\" \/>\n<meta property=\"og:type\" content=\"article\" \/>\n<meta property=\"og:title\" content=\"M\u00e1y in 3d FDM Creality Hi Combo t\u1ed1c \u0111\u1ed9 in max 500mm\/s\" \/>\n<meta property=\"og:description\" content=\"M\u00e1y in 3d FDM nhi\u1ec1u m\u00e0u Creality Hi Combo k\u1ebft n\u1ed1i 4 CFS, c\u00f3 th\u1ec3 in 16 m\u00e0u, t\u00edch h\u1ee3p camera, m\u00e1y c\u1eaft s\u1ee3i t\u1ef1 \u0111\u1ed9ng, c\u1ea3m bi\u1ebfn c\u00e2n b\u1eb1ng b\u00e0n, m\u00e1y \u0111\u00f9n kim lo\u1ea1i\" \/>\n<meta property=\"og:url\" content=\"https:\/\/nge.vn\/en\/product\/may-in-3d-fdm-creality-hi-combo\/\" \/>\n<meta property=\"og:site_name\" content=\"NGE 3D Printers Services\" \/>\n<meta property=\"article:modified_time\" content=\"2026-02-27T13:08:45+00:00\" \/>\n<meta property=\"og:image\" content=\"https:\/\/nge.vn\/wp-content\/uploads\/2025\/02\/F018-09-3-1024x852.png\" \/>\n\t<meta property=\"og:image:width\" content=\"1024\" \/>\n\t<meta property=\"og:image:height\" content=\"852\" \/>\n\t<meta property=\"og:image:type\" content=\"image\/png\" \/>\n<meta name=\"twitter:card\" content=\"summary_large_image\" \/>\n<meta name=\"twitter:label1\" content=\"Est. reading time\" \/>\n\t<meta name=\"twitter:data1\" content=\"6 minutes\" \/>\n<script type=\"application\/ld+json\" class=\"yoast-schema-graph\">{\"@context\":\"https:\/\/schema.org\",\"@graph\":[{\"@type\":\"WebPage\",\"@id\":\"https:\/\/nge.vn\/san-pham\/may-in-3d-fdm-creality-hi-combo\/\",\"url\":\"https:\/\/nge.vn\/san-pham\/may-in-3d-fdm-creality-hi-combo\/\",\"name\":\"M\u00e1y in 3d FDM Creality Hi Combo t\u1ed1c \u0111\u1ed9 in max 500mm\/s - NGE 3D Printers Services\",\"isPartOf\":{\"@id\":\"https:\/\/nge.vn\/#website\"},\"primaryImageOfPage\":{\"@id\":\"https:\/\/nge.vn\/san-pham\/may-in-3d-fdm-creality-hi-combo\/#primaryimage\"},\"image\":{\"@id\":\"https:\/\/nge.vn\/san-pham\/may-in-3d-fdm-creality-hi-combo\/#primaryimage\"},\"thumbnailUrl\":\"https:\/\/nge.vn\/wp-content\/uploads\/2025\/02\/F018-09-3.png\",\"datePublished\":\"2025-02-19T02:01:52+00:00\",\"dateModified\":\"2026-02-27T13:08:45+00:00\",\"description\":\"M\u00e1y in 3d FDM nhi\u1ec1u m\u00e0u Creality Hi Combo k\u1ebft n\u1ed1i 4 CFS, c\u00f3 th\u1ec3 in 16 m\u00e0u, t\u00edch h\u1ee3p camera, m\u00e1y c\u1eaft s\u1ee3i t\u1ef1 \u0111\u1ed9ng, c\u1ea3m bi\u1ebfn c\u00e2n b\u1eb1ng b\u00e0n, m\u00e1y \u0111\u00f9n kim lo\u1ea1i\",\"breadcrumb\":{\"@id\":\"https:\/\/nge.vn\/san-pham\/may-in-3d-fdm-creality-hi-combo\/#breadcrumb\"},\"inLanguage\":\"en-US\",\"potentialAction\":[{\"@type\":\"ReadAction\",\"target\":[\"https:\/\/nge.vn\/san-pham\/may-in-3d-fdm-creality-hi-combo\/\"]}]},{\"@type\":\"ImageObject\",\"inLanguage\":\"en-US\",\"@id\":\"https:\/\/nge.vn\/san-pham\/may-in-3d-fdm-creality-hi-combo\/#primaryimage\",\"url\":\"https:\/\/nge.vn\/wp-content\/uploads\/2025\/02\/F018-09-3.png\",\"contentUrl\":\"https:\/\/nge.vn\/wp-content\/uploads\/2025\/02\/F018-09-3.png\",\"width\":3773,\"height\":3141,\"caption\":\"M\u00e1y in 3d FDM nhi\u1ec1u m\u00e0u Creality Hi Combo t\u1ed1c \u0111\u1ed9 in max 500mm\/s kh\u1ed5 in 26*26*30cm\"},{\"@type\":\"BreadcrumbList\",\"@id\":\"https:\/\/nge.vn\/san-pham\/may-in-3d-fdm-creality-hi-combo\/#breadcrumb\",\"itemListElement\":[{\"@type\":\"ListItem\",\"position\":1,\"name\":\"Trang ch\u1ee7\",\"item\":\"https:\/\/nge.vn\/\"},{\"@type\":\"ListItem\",\"position\":2,\"name\":\"S\u1ea3n ph\u1ea9m\",\"item\":\"https:\/\/nge.vn\/san-pham\/\"},{\"@type\":\"ListItem\",\"position\":3,\"name\":\"M\u00e1y in 3d FDM Creality Hi Combo t\u1ed1c \u0111\u1ed9 in max 500mm\/s\"}]},{\"@type\":\"WebSite\",\"@id\":\"https:\/\/nge.vn\/#website\",\"url\":\"https:\/\/nge.vn\/\",\"name\":\"NGE 3D Printers Services\",\"description\":\"\",\"potentialAction\":[{\"@type\":\"SearchAction\",\"target\":{\"@type\":\"EntryPoint\",\"urlTemplate\":\"https:\/\/nge.vn\/?s={search_term_string}\"},\"query-input\":{\"@type\":\"PropertyValueSpecification\",\"valueRequired\":true,\"valueName\":\"search_term_string\"}}],\"inLanguage\":\"en-US\"}]}<\/script>\n<!-- \/ Yoast SEO Premium plugin. -->","yoast_head_json":{"title":"M\u00e1y in 3d FDM Creality Hi Combo t\u1ed1c \u0111\u1ed9 in max 500mm\/s - NGE 3D Printers Services","description":"M\u00e1y in 3d FDM nhi\u1ec1u m\u00e0u Creality Hi Combo k\u1ebft n\u1ed1i 4 CFS, c\u00f3 th\u1ec3 in 16 m\u00e0u, t\u00edch h\u1ee3p camera, m\u00e1y c\u1eaft s\u1ee3i t\u1ef1 \u0111\u1ed9ng, c\u1ea3m bi\u1ebfn c\u00e2n b\u1eb1ng b\u00e0n, m\u00e1y \u0111\u00f9n kim lo\u1ea1i","robots":{"index":"index","follow":"follow","max-snippet":"max-snippet:-1","max-image-preview":"max-image-preview:large","max-video-preview":"max-video-preview:-1"},"canonical":"https:\/\/nge.vn\/en\/product\/may-in-3d-fdm-creality-hi-combo\/","og_locale":"en_US","og_type":"article","og_title":"M\u00e1y in 3d FDM Creality Hi Combo t\u1ed1c \u0111\u1ed9 in max 500mm\/s","og_description":"M\u00e1y in 3d FDM nhi\u1ec1u m\u00e0u Creality Hi Combo k\u1ebft n\u1ed1i 4 CFS, c\u00f3 th\u1ec3 in 16 m\u00e0u, t\u00edch h\u1ee3p camera, m\u00e1y c\u1eaft s\u1ee3i t\u1ef1 \u0111\u1ed9ng, c\u1ea3m bi\u1ebfn c\u00e2n b\u1eb1ng b\u00e0n, m\u00e1y \u0111\u00f9n kim lo\u1ea1i","og_url":"https:\/\/nge.vn\/en\/product\/may-in-3d-fdm-creality-hi-combo\/","og_site_name":"NGE 3D Printers Services","article_modified_time":"2026-02-27T13:08:45+00:00","og_image":[{"width":1024,"height":852,"url":"https:\/\/nge.vn\/wp-content\/uploads\/2025\/02\/F018-09-3-1024x852.png","type":"image\/png"}],"twitter_card":"summary_large_image","twitter_misc":{"Est. reading time":"6 minutes"},"schema":{"@context":"https:\/\/schema.org","@graph":[{"@type":"WebPage","@id":"https:\/\/nge.vn\/san-pham\/may-in-3d-fdm-creality-hi-combo\/","url":"https:\/\/nge.vn\/san-pham\/may-in-3d-fdm-creality-hi-combo\/","name":"M\u00e1y in 3d FDM Creality Hi Combo t\u1ed1c \u0111\u1ed9 in max 500mm\/s - NGE 3D Printers Services","isPartOf":{"@id":"https:\/\/nge.vn\/#website"},"primaryImageOfPage":{"@id":"https:\/\/nge.vn\/san-pham\/may-in-3d-fdm-creality-hi-combo\/#primaryimage"},"image":{"@id":"https:\/\/nge.vn\/san-pham\/may-in-3d-fdm-creality-hi-combo\/#primaryimage"},"thumbnailUrl":"https:\/\/nge.vn\/wp-content\/uploads\/2025\/02\/F018-09-3.png","datePublished":"2025-02-19T02:01:52+00:00","dateModified":"2026-02-27T13:08:45+00:00","description":"M\u00e1y in 3d FDM nhi\u1ec1u m\u00e0u Creality Hi Combo k\u1ebft n\u1ed1i 4 CFS, c\u00f3 th\u1ec3 in 16 m\u00e0u, t\u00edch h\u1ee3p camera, m\u00e1y c\u1eaft s\u1ee3i t\u1ef1 \u0111\u1ed9ng, c\u1ea3m bi\u1ebfn c\u00e2n b\u1eb1ng b\u00e0n, m\u00e1y \u0111\u00f9n kim lo\u1ea1i","breadcrumb":{"@id":"https:\/\/nge.vn\/san-pham\/may-in-3d-fdm-creality-hi-combo\/#breadcrumb"},"inLanguage":"en-US","potentialAction":[{"@type":"ReadAction","target":["https:\/\/nge.vn\/san-pham\/may-in-3d-fdm-creality-hi-combo\/"]}]},{"@type":"ImageObject","inLanguage":"en-US","@id":"https:\/\/nge.vn\/san-pham\/may-in-3d-fdm-creality-hi-combo\/#primaryimage","url":"https:\/\/nge.vn\/wp-content\/uploads\/2025\/02\/F018-09-3.png","contentUrl":"https:\/\/nge.vn\/wp-content\/uploads\/2025\/02\/F018-09-3.png","width":3773,"height":3141,"caption":"M\u00e1y in 3d FDM nhi\u1ec1u m\u00e0u Creality Hi Combo t\u1ed1c \u0111\u1ed9 in max 500mm\/s kh\u1ed5 in 26*26*30cm"},{"@type":"BreadcrumbList","@id":"https:\/\/nge.vn\/san-pham\/may-in-3d-fdm-creality-hi-combo\/#breadcrumb","itemListElement":[{"@type":"ListItem","position":1,"name":"Trang ch\u1ee7","item":"https:\/\/nge.vn\/"},{"@type":"ListItem","position":2,"name":"S\u1ea3n ph\u1ea9m","item":"https:\/\/nge.vn\/san-pham\/"},{"@type":"ListItem","position":3,"name":"M\u00e1y in 3d FDM Creality Hi Combo t\u1ed1c \u0111\u1ed9 in max 500mm\/s"}]},{"@type":"WebSite","@id":"https:\/\/nge.vn\/#website","url":"https:\/\/nge.vn\/","name":"NGE 3D Printers Services","description":"","potentialAction":[{"@type":"SearchAction","target":{"@type":"EntryPoint","urlTemplate":"https:\/\/nge.vn\/?s={search_term_string}"},"query-input":{"@type":"PropertyValueSpecification","valueRequired":true,"valueName":"search_term_string"}}],"inLanguage":"en-US"}]}},"_links":{"self":[{"href":"https:\/\/nge.vn\/en\/wp-json\/wp\/v2\/product\/4834","targetHints":{"allow":["GET"]}}],"collection":[{"href":"https:\/\/nge.vn\/en\/wp-json\/wp\/v2\/product"}],"about":[{"href":"https:\/\/nge.vn\/en\/wp-json\/wp\/v2\/types\/product"}],"replies":[{"embeddable":true,"href":"https:\/\/nge.vn\/en\/wp-json\/wp\/v2\/comments?post=4834"}],"wp:featuredmedia":[{"embeddable":true,"href":"https:\/\/nge.vn\/en\/wp-json\/wp\/v2\/media\/4837"}],"wp:attachment":[{"href":"https:\/\/nge.vn\/en\/wp-json\/wp\/v2\/media?parent=4834"}],"wp:term":[{"taxonomy":"product_brand","embeddable":true,"href":"https:\/\/nge.vn\/en\/wp-json\/wp\/v2\/product_brand?post=4834"},{"taxonomy":"product_cat","embeddable":true,"href":"https:\/\/nge.vn\/en\/wp-json\/wp\/v2\/product_cat?post=4834"},{"taxonomy":"product_tag","embeddable":true,"href":"https:\/\/nge.vn\/en\/wp-json\/wp\/v2\/product_tag?post=4834"}],"curies":[{"name":"wp","href":"https:\/\/api.w.org\/{rel}","templated":true}]}}