{"id":4828,"date":"2025-02-18T14:29:17","date_gmt":"2025-02-18T07:29:17","guid":{"rendered":"https:\/\/nge.vn\/?post_type=product&#038;p=4828"},"modified":"2025-02-18T14:29:19","modified_gmt":"2025-02-18T07:29:19","slug":"dong-co-dun-k2-plus-extrusion-motor-cho-may-in-3d-creality-k2-plus","status":"publish","type":"product","link":"https:\/\/nge.vn\/en\/product\/dong-co-dun-k2-plus-extrusion-motor-cho-may-in-3d-creality-k2-plus\/","title":{"rendered":"\u0110\u1ed9ng c\u01a1 \u0111\u00f9n K2 Plus Extrusion Motor cho m\u00e1y in 3d Creality K2 Plus"},"content":{"rendered":"<p>\u0110\u1ed9ng c\u01a1 \u0111\u00f9n K2 Plus Extrusion Motor cho m\u00e1y in 3d Creality K2 Plus<\/p>\n<p>+Trong l\u01b0\u1ee3ng: 101g<br \/>\n+Tr\u1ecdng l\u01b0\u1ee3ng g\u00f3i: 155g<br \/>\n+K\u00edch th\u01b0\u1edbc s\u1ea3n ph\u1ea9m: 3.5*3.6<br \/>\n+K\u00edch th\u01b0\u1edbc h\u1ed9p: 11.5*8.2*6.5cm<br \/>\n+D\u00e2y d\u00e0i: 8.5cm<br \/>\n+D\u00e2y lo\u1ea1i 8pin<br \/>\n+S\u1eed d\u1ee5ng cho m\u00e1y K2 Plus<br \/>\n+Circular extrusion motor_E axis<br \/>\n+K2 Plus Extrusion Motor: 4004100081<\/p>\n<p>** Price does not include VAT (+8 or 10% if VAT invoice is issued)<\/p>","protected":false},"excerpt":{"rendered":"<p>\u0110\u1ed9ng c\u01a1 \u0111\u00f9n K2 Plus Extrusion Motor cho m\u00e1y in 3d Creality K2 Plus +Trong l\u01b0\u1ee3ng: 101g +Tr\u1ecdng l\u01b0\u1ee3ng g\u00f3i: 155g +K\u00edch th\u01b0\u1edbc s\u1ea3n ph\u1ea9m: 3.5*3.6 +K\u00edch th\u01b0\u1edbc h\u1ed9p: 11.5*8.2*6.5cm +D\u00e2y d\u00e0i: 8.5cm +D\u00e2y lo\u1ea1i 8pin +S\u1eed d\u1ee5ng cho m\u00e1y K2 Plus +Circular extrusion motor_E axis +K2 Plus Extrusion Motor: 4004100081 **Gi\u00e1 b\u00e1n ch\u01b0a bao&#8230;<\/p>","protected":false},"featured_media":4829,"comment_status":"open","ping_status":"closed","template":"","meta":{"inline_featured_image":false},"product_brand":[],"product_cat":[461,40,56,58],"product_tag":[],"class_list":{"0":"post-4828","1":"product","2":"type-product","3":"status-publish","4":"has-post-thumbnail","6":"product_cat-linh-kien-cum-dun-va-cam-bien","7":"product_cat-linh-kien-va-phu-kien","8":"product_cat-linh-phu-kien-may-in-3d-creality","9":"product_cat-phu-kien-may-in-3d-bigtreetech","11":"first","12":"instock","13":"taxable","14":"shipping-taxable","15":"product-type-simple"},"yoast_head":"<!-- This site is optimized with the Yoast SEO Premium plugin v22.8 (Yoast SEO v26.9) - https:\/\/yoast.com\/product\/yoast-seo-premium-wordpress\/ -->\n<title>\u0110\u1ed9ng c\u01a1 \u0111\u00f9n K2 Plus Extrusion Motor cho m\u00e1y in 3d Creality K2 Plus - NGE 3D Printers Services<\/title>\n<meta name=\"robots\" content=\"index, follow, max-snippet:-1, max-image-preview:large, max-video-preview:-1\" \/>\n<link rel=\"canonical\" href=\"https:\/\/nge.vn\/en\/product\/dong-co-dun-k2-plus-extrusion-motor-cho-may-in-3d-creality-k2-plus\/\" \/>\n<meta property=\"og:locale\" content=\"en_US\" \/>\n<meta property=\"og:type\" content=\"article\" \/>\n<meta property=\"og:title\" content=\"\u0110\u1ed9ng c\u01a1 \u0111\u00f9n K2 Plus Extrusion Motor cho m\u00e1y in 3d Creality K2 Plus\" \/>\n<meta property=\"og:description\" content=\"\u0110\u1ed9ng c\u01a1 \u0111\u00f9n K2 Plus Extrusion Motor cho m\u00e1y in 3d Creality K2 Plus +Trong l\u01b0\u1ee3ng: 101g +Tr\u1ecdng l\u01b0\u1ee3ng g\u00f3i: 155g +K\u00edch th\u01b0\u1edbc s\u1ea3n ph\u1ea9m: 3.5*3.6 +K\u00edch th\u01b0\u1edbc h\u1ed9p: 11.5*8.2*6.5cm +D\u00e2y d\u00e0i: 8.5cm +D\u00e2y lo\u1ea1i 8pin +S\u1eed d\u1ee5ng cho m\u00e1y K2 Plus +Circular extrusion motor_E axis +K2 Plus Extrusion Motor: 4004100081 **Gi\u00e1 b\u00e1n ch\u01b0a bao...\" \/>\n<meta property=\"og:url\" content=\"https:\/\/nge.vn\/en\/product\/dong-co-dun-k2-plus-extrusion-motor-cho-may-in-3d-creality-k2-plus\/\" \/>\n<meta property=\"og:site_name\" content=\"NGE 3D Printers Services\" \/>\n<meta property=\"article:modified_time\" content=\"2025-02-18T07:29:19+00:00\" \/>\n<meta property=\"og:image\" content=\"https:\/\/nge.vn\/wp-content\/uploads\/2025\/02\/K2-Plus-Extrusion-Motor1.jpg\" \/>\n\t<meta property=\"og:image:width\" content=\"1025\" \/>\n\t<meta property=\"og:image:height\" content=\"901\" \/>\n\t<meta property=\"og:image:type\" content=\"image\/jpeg\" \/>\n<meta name=\"twitter:card\" content=\"summary_large_image\" \/>\n<meta name=\"twitter:label1\" content=\"Est. reading time\" \/>\n\t<meta name=\"twitter:data1\" content=\"1 minute\" \/>\n<script type=\"application\/ld+json\" class=\"yoast-schema-graph\">{\"@context\":\"https:\/\/schema.org\",\"@graph\":[{\"@type\":\"WebPage\",\"@id\":\"https:\/\/nge.vn\/san-pham\/dong-co-dun-k2-plus-extrusion-motor-cho-may-in-3d-creality-k2-plus\/\",\"url\":\"https:\/\/nge.vn\/san-pham\/dong-co-dun-k2-plus-extrusion-motor-cho-may-in-3d-creality-k2-plus\/\",\"name\":\"\u0110\u1ed9ng c\u01a1 \u0111\u00f9n K2 Plus Extrusion Motor cho m\u00e1y in 3d Creality K2 Plus - NGE 3D Printers Services\",\"isPartOf\":{\"@id\":\"https:\/\/nge.vn\/#website\"},\"primaryImageOfPage\":{\"@id\":\"https:\/\/nge.vn\/san-pham\/dong-co-dun-k2-plus-extrusion-motor-cho-may-in-3d-creality-k2-plus\/#primaryimage\"},\"image\":{\"@id\":\"https:\/\/nge.vn\/san-pham\/dong-co-dun-k2-plus-extrusion-motor-cho-may-in-3d-creality-k2-plus\/#primaryimage\"},\"thumbnailUrl\":\"https:\/\/nge.vn\/wp-content\/uploads\/2025\/02\/K2-Plus-Extrusion-Motor1.jpg\",\"datePublished\":\"2025-02-18T07:29:17+00:00\",\"dateModified\":\"2025-02-18T07:29:19+00:00\",\"breadcrumb\":{\"@id\":\"https:\/\/nge.vn\/san-pham\/dong-co-dun-k2-plus-extrusion-motor-cho-may-in-3d-creality-k2-plus\/#breadcrumb\"},\"inLanguage\":\"en-US\",\"potentialAction\":[{\"@type\":\"ReadAction\",\"target\":[\"https:\/\/nge.vn\/san-pham\/dong-co-dun-k2-plus-extrusion-motor-cho-may-in-3d-creality-k2-plus\/\"]}]},{\"@type\":\"ImageObject\",\"inLanguage\":\"en-US\",\"@id\":\"https:\/\/nge.vn\/san-pham\/dong-co-dun-k2-plus-extrusion-motor-cho-may-in-3d-creality-k2-plus\/#primaryimage\",\"url\":\"https:\/\/nge.vn\/wp-content\/uploads\/2025\/02\/K2-Plus-Extrusion-Motor1.jpg\",\"contentUrl\":\"https:\/\/nge.vn\/wp-content\/uploads\/2025\/02\/K2-Plus-Extrusion-Motor1.jpg\",\"width\":1025,\"height\":901},{\"@type\":\"BreadcrumbList\",\"@id\":\"https:\/\/nge.vn\/san-pham\/dong-co-dun-k2-plus-extrusion-motor-cho-may-in-3d-creality-k2-plus\/#breadcrumb\",\"itemListElement\":[{\"@type\":\"ListItem\",\"position\":1,\"name\":\"Trang ch\u1ee7\",\"item\":\"https:\/\/nge.vn\/\"},{\"@type\":\"ListItem\",\"position\":2,\"name\":\"S\u1ea3n ph\u1ea9m\",\"item\":\"https:\/\/nge.vn\/san-pham\/\"},{\"@type\":\"ListItem\",\"position\":3,\"name\":\"\u0110\u1ed9ng c\u01a1 \u0111\u00f9n K2 Plus Extrusion Motor cho m\u00e1y in 3d Creality K2 Plus\"}]},{\"@type\":\"WebSite\",\"@id\":\"https:\/\/nge.vn\/#website\",\"url\":\"https:\/\/nge.vn\/\",\"name\":\"NGE 3D Printers Services\",\"description\":\"\",\"potentialAction\":[{\"@type\":\"SearchAction\",\"target\":{\"@type\":\"EntryPoint\",\"urlTemplate\":\"https:\/\/nge.vn\/?s={search_term_string}\"},\"query-input\":{\"@type\":\"PropertyValueSpecification\",\"valueRequired\":true,\"valueName\":\"search_term_string\"}}],\"inLanguage\":\"en-US\"}]}<\/script>\n<!-- \/ Yoast SEO Premium plugin. -->","yoast_head_json":{"title":"\u0110\u1ed9ng c\u01a1 \u0111\u00f9n K2 Plus Extrusion Motor cho m\u00e1y in 3d Creality K2 Plus - NGE 3D Printers Services","robots":{"index":"index","follow":"follow","max-snippet":"max-snippet:-1","max-image-preview":"max-image-preview:large","max-video-preview":"max-video-preview:-1"},"canonical":"https:\/\/nge.vn\/en\/product\/dong-co-dun-k2-plus-extrusion-motor-cho-may-in-3d-creality-k2-plus\/","og_locale":"en_US","og_type":"article","og_title":"\u0110\u1ed9ng c\u01a1 \u0111\u00f9n K2 Plus Extrusion Motor cho m\u00e1y in 3d Creality K2 Plus","og_description":"\u0110\u1ed9ng c\u01a1 \u0111\u00f9n K2 Plus Extrusion Motor cho m\u00e1y in 3d Creality K2 Plus +Trong l\u01b0\u1ee3ng: 101g +Tr\u1ecdng l\u01b0\u1ee3ng g\u00f3i: 155g +K\u00edch th\u01b0\u1edbc s\u1ea3n ph\u1ea9m: 3.5*3.6 +K\u00edch th\u01b0\u1edbc h\u1ed9p: 11.5*8.2*6.5cm +D\u00e2y d\u00e0i: 8.5cm +D\u00e2y lo\u1ea1i 8pin +S\u1eed d\u1ee5ng cho m\u00e1y K2 Plus +Circular extrusion motor_E axis +K2 Plus Extrusion Motor: 4004100081 **Gi\u00e1 b\u00e1n ch\u01b0a bao...","og_url":"https:\/\/nge.vn\/en\/product\/dong-co-dun-k2-plus-extrusion-motor-cho-may-in-3d-creality-k2-plus\/","og_site_name":"NGE 3D Printers Services","article_modified_time":"2025-02-18T07:29:19+00:00","og_image":[{"width":1025,"height":901,"url":"https:\/\/nge.vn\/wp-content\/uploads\/2025\/02\/K2-Plus-Extrusion-Motor1.jpg","type":"image\/jpeg"}],"twitter_card":"summary_large_image","twitter_misc":{"Est. reading time":"1 minute"},"schema":{"@context":"https:\/\/schema.org","@graph":[{"@type":"WebPage","@id":"https:\/\/nge.vn\/san-pham\/dong-co-dun-k2-plus-extrusion-motor-cho-may-in-3d-creality-k2-plus\/","url":"https:\/\/nge.vn\/san-pham\/dong-co-dun-k2-plus-extrusion-motor-cho-may-in-3d-creality-k2-plus\/","name":"\u0110\u1ed9ng c\u01a1 \u0111\u00f9n K2 Plus Extrusion Motor cho m\u00e1y in 3d Creality K2 Plus - NGE 3D Printers Services","isPartOf":{"@id":"https:\/\/nge.vn\/#website"},"primaryImageOfPage":{"@id":"https:\/\/nge.vn\/san-pham\/dong-co-dun-k2-plus-extrusion-motor-cho-may-in-3d-creality-k2-plus\/#primaryimage"},"image":{"@id":"https:\/\/nge.vn\/san-pham\/dong-co-dun-k2-plus-extrusion-motor-cho-may-in-3d-creality-k2-plus\/#primaryimage"},"thumbnailUrl":"https:\/\/nge.vn\/wp-content\/uploads\/2025\/02\/K2-Plus-Extrusion-Motor1.jpg","datePublished":"2025-02-18T07:29:17+00:00","dateModified":"2025-02-18T07:29:19+00:00","breadcrumb":{"@id":"https:\/\/nge.vn\/san-pham\/dong-co-dun-k2-plus-extrusion-motor-cho-may-in-3d-creality-k2-plus\/#breadcrumb"},"inLanguage":"en-US","potentialAction":[{"@type":"ReadAction","target":["https:\/\/nge.vn\/san-pham\/dong-co-dun-k2-plus-extrusion-motor-cho-may-in-3d-creality-k2-plus\/"]}]},{"@type":"ImageObject","inLanguage":"en-US","@id":"https:\/\/nge.vn\/san-pham\/dong-co-dun-k2-plus-extrusion-motor-cho-may-in-3d-creality-k2-plus\/#primaryimage","url":"https:\/\/nge.vn\/wp-content\/uploads\/2025\/02\/K2-Plus-Extrusion-Motor1.jpg","contentUrl":"https:\/\/nge.vn\/wp-content\/uploads\/2025\/02\/K2-Plus-Extrusion-Motor1.jpg","width":1025,"height":901},{"@type":"BreadcrumbList","@id":"https:\/\/nge.vn\/san-pham\/dong-co-dun-k2-plus-extrusion-motor-cho-may-in-3d-creality-k2-plus\/#breadcrumb","itemListElement":[{"@type":"ListItem","position":1,"name":"Trang ch\u1ee7","item":"https:\/\/nge.vn\/"},{"@type":"ListItem","position":2,"name":"S\u1ea3n ph\u1ea9m","item":"https:\/\/nge.vn\/san-pham\/"},{"@type":"ListItem","position":3,"name":"\u0110\u1ed9ng c\u01a1 \u0111\u00f9n K2 Plus Extrusion Motor cho m\u00e1y in 3d Creality K2 Plus"}]},{"@type":"WebSite","@id":"https:\/\/nge.vn\/#website","url":"https:\/\/nge.vn\/","name":"NGE 3D Printers Services","description":"","potentialAction":[{"@type":"SearchAction","target":{"@type":"EntryPoint","urlTemplate":"https:\/\/nge.vn\/?s={search_term_string}"},"query-input":{"@type":"PropertyValueSpecification","valueRequired":true,"valueName":"search_term_string"}}],"inLanguage":"en-US"}]}},"_links":{"self":[{"href":"https:\/\/nge.vn\/en\/wp-json\/wp\/v2\/product\/4828","targetHints":{"allow":["GET"]}}],"collection":[{"href":"https:\/\/nge.vn\/en\/wp-json\/wp\/v2\/product"}],"about":[{"href":"https:\/\/nge.vn\/en\/wp-json\/wp\/v2\/types\/product"}],"replies":[{"embeddable":true,"href":"https:\/\/nge.vn\/en\/wp-json\/wp\/v2\/comments?post=4828"}],"wp:featuredmedia":[{"embeddable":true,"href":"https:\/\/nge.vn\/en\/wp-json\/wp\/v2\/media\/4829"}],"wp:attachment":[{"href":"https:\/\/nge.vn\/en\/wp-json\/wp\/v2\/media?parent=4828"}],"wp:term":[{"taxonomy":"product_brand","embeddable":true,"href":"https:\/\/nge.vn\/en\/wp-json\/wp\/v2\/product_brand?post=4828"},{"taxonomy":"product_cat","embeddable":true,"href":"https:\/\/nge.vn\/en\/wp-json\/wp\/v2\/product_cat?post=4828"},{"taxonomy":"product_tag","embeddable":true,"href":"https:\/\/nge.vn\/en\/wp-json\/wp\/v2\/product_tag?post=4828"}],"curies":[{"name":"wp","href":"https:\/\/api.w.org\/{rel}","templated":true}]}}