{"id":4767,"date":"2024-12-31T16:48:45","date_gmt":"2024-12-31T09:48:45","guid":{"rendered":"https:\/\/nge.vn\/?post_type=product&#038;p=4767"},"modified":"2025-11-01T16:57:08","modified_gmt":"2025-11-01T09:57:08","slug":"nhua-in-3d-epla-luminous-hieu-ung-phat-huynh-quang-trong-toi-1kg-cuon","status":"publish","type":"product","link":"https:\/\/nge.vn\/en\/product\/nhua-in-3d-epla-luminous-hieu-ung-phat-huynh-quang-trong-toi-1kg-cuon\/","title":{"rendered":"Nh\u1ef1a in 3D ePLA-Luminous hi\u1ec7u \u1ee9ng ph\u00e1t hu\u1ef3nh quang trong t\u1ed1i 1kg\/Cu\u1ed9n"},"content":{"rendered":"<p>Nh\u1ef1a in 3D ePLA-Luminous hi\u1ec7u \u1ee9ng ph\u00e1t hu\u1ef3nh quang trong t\u1ed1i 1kg\/Cu\u1ed9n<br \/>\n_S\u1ea3n ph\u1ea9m n\u00e0y \u0111\u01b0\u1ee3c s\u1eeda \u0111\u1ed5i t\u1eeb PLA. D\u00e2y t\u00f3c c\u1ee7a n\u00f3 \u0111\u01b0\u1ee3c thi\u1ebft k\u1ebf c\u1ea9n th\u1eadn v\u00e0 c\u00f3 hi\u1ec7u \u1ee9ng h\u00ecnh \u1ea3nh \u0111\u1ed9c \u0111\u00e1o. N\u00f3 cho th\u1ea5y s\u1ef1 ph\u00e1t hu\u1ef3nh quang \u0111\u1eb9p m\u1eaft trong m\u00f4i tr\u01b0\u1eddng \u00e1nh s\u00e1ng y\u1ebfu. S\u1ea3n ph\u1ea9m kh\u00f4ng ch\u1ec9 \u0111\u1eb9p, duy\u00ean d\u00e1ng m\u00e0 c\u00f2n n\u00e2ng cao \u0111\u00e1ng k\u1ec3 s\u1ef1 th\u00fa v\u1ecb v\u00e0 tr\u1ea3i nghi\u1ec7m c\u1ee7a ng\u01b0\u1eddi d\u00f9ng. \u0110\u1ed3ng th\u1eddi v\u1eabn gi\u1eef \u0111\u01b0\u1ee3c \u0111\u1eb7c t\u00ednh d\u1ec5 in c\u1ee7a PLA.<\/p>\n<p>+Hi\u1ec7u \u1ee9ng ph\u00e1t s\u00e1ng tuy\u1ec7t \u0111\u1eb9p<br \/>\n+Kh\u1ea3 n\u0103ng in tuy\u1ec7t v\u1eddi<\/p>\n<p>*\u1ee8ng d\u1ee5ng: Trang tr\u00ed, \u0111\u1ed3 ch\u01a1i<\/p>\n<p>_C\u00e1c s\u1ee3i ph\u00e1t s\u00e1ng c\u00f3 kh\u1ea3 n\u0103ng m\u00e0i m\u00f2n cao \u0111\u1ed1i v\u1edbi v\u00f2i phun v\u00e0 b\u00e1nh r\u0103ng m\u00e1y \u0111\u00f9n. N\u00ean s\u1eed d\u1ee5ng v\u00f2i phun b\u1eb1ng th\u00e9p c\u1ee9ng ho\u1eb7c v\u00f2i phun h\u1ed3ng ng\u1ecdc. N\u1ebfu c\u00f3 th\u1ec3, h\u00e3y ch\u1ecdn b\u00e1nh r\u0103ng m\u00e1y \u0111\u00f9n th\u00e9p c\u1ee9ng. N\u1ebfu t\u1eafc ngh\u1ebdn x\u1ea3y ra trong qu\u00e1 tr\u00ecnh in d\u00e0i, c\u00f3 th\u1ec3 c\u1ea7n ph\u1ea3i thay th\u1ebf \u0111\u1ea7u phun v\u00e0 \u0111\u1ea7u phun.<br \/>\n_\u0110\u1ed9 s\u00e1ng c\u1ee7a hi\u1ec7u \u1ee9ng ph\u00e1t s\u00e1ng ph\u1ee5 thu\u1ed9c v\u00e0o c\u01b0\u1eddng \u0111\u1ed9 v\u00e0 th\u1eddi gian ti\u1ebfp x\u00fac v\u1edbi \u00e1nh s\u00e1ng. \u00c1nh s\u00e1ng tia c\u1ef1c t\u00edm \u00e1nh s\u00e1ng m\u1eb7t tr\u1eddi chi\u1ebfu s\u00e1ng th\u01b0\u1eddng xuy\u00ean. Th\u1eddi gian ph\u01a1i s\u00e1ng c\u00e0ng l\u00e2u th\u00ec hi\u1ec7u \u1ee9ng ph\u00e1t s\u00e1ng c\u00e0ng t\u1ed1t.<\/p>\n<p>**B\u1ea3ng thu\u1ed9c t\u00ednh nh\u1ef1a PLA Luminous<br \/>\nPhysical Properties<br \/>\n+Density: 1.2 g\/cm3<br \/>\n+Melt Flow Index 3.5 (190\u2103\/2.16kg)<\/p>\n<p>Mechanical Properties<br \/>\n+Tensile Strength: 72 MPa<br \/>\n+Elongation at Break: 11.8 %<br \/>\n+Flexural Strength: 90 MPa<br \/>\n+Flexural Modulus: 1915 MPa<br \/>\n+IZOD Impact Strength: 5.4 kJ\/m2<\/p>\n<p>Thermal Properties<br \/>\n+Heat distortion Temperature: 53 \u2103\uff080.45Mpa\uff09<br \/>\n+Continuous Service Temperature: N\/A<br \/>\n+Maximum (short term) Use Temperature: N\/A<\/p>\n<p>**Recommended printing parameters (C\u00e1c th\u00f4ng s\u1ed1 in \u0111\u1ec1 xu\u1ea5t)<br \/>\n+Extruder Temperature: 190 -230\u2103<br \/>\n+Build Platform Temperature: 45-60\u00b0C<br \/>\n+Outline\/Perimeter Shells: 4<br \/>\n+Top\/Bottom Layers: 4<br \/>\n+Infill Percentage: 20%<br \/>\n+Fan speed: 100%<br \/>\n+Printing speed 40 &#8211; 100mm\/s<\/p>\n<p>***Nh\u1ef1a d\u1ec5 \u1ea9m n\u00ean vui l\u00f2ng b\u1ea3o qu\u1ea3n \u0111\u1ec3 trong h\u1ed9p c\u00f3 t\u00fai h\u1ed9t h\u00fat \u1ea9m ho\u1eb7c b\u1ecf trong h\u1ed9p s\u1ea5y nh\u1ef1a khi s\u1eed d\u1ee5ng \u0111\u1ec3 tr\u00e1nh nh\u1ef1a b\u1ecb \u1ea9m<\/p>\n<p>** Price does not include VAT (+8 or 10% if VAT invoice is issued)<\/p>","protected":false},"excerpt":{"rendered":"<p>Nh\u1ef1a in 3D ePLA-Luminous hi\u1ec7u \u1ee9ng ph\u00e1t hu\u1ef3nh quang trong t\u1ed1i 1kg\/Cu\u1ed9n _S\u1ea3n ph\u1ea9m n\u00e0y \u0111\u01b0\u1ee3c s\u1eeda \u0111\u1ed5i t\u1eeb PLA. D\u00e2y t\u00f3c c\u1ee7a n\u00f3 \u0111\u01b0\u1ee3c thi\u1ebft k\u1ebf c\u1ea9n th\u1eadn v\u00e0 c\u00f3 hi\u1ec7u \u1ee9ng h\u00ecnh \u1ea3nh \u0111\u1ed9c \u0111\u00e1o. N\u00f3 cho th\u1ea5y s\u1ef1 ph\u00e1t hu\u1ef3nh quang \u0111\u1eb9p m\u1eaft trong m\u00f4i tr\u01b0\u1eddng \u00e1nh s\u00e1ng y\u1ebfu. S\u1ea3n ph\u1ea9m kh\u00f4ng&#8230;<\/p>","protected":false},"featured_media":4768,"comment_status":"open","ping_status":"closed","template":"","meta":{"inline_featured_image":false},"product_brand":[],"product_cat":[455,456,466],"product_tag":[],"class_list":{"0":"post-4767","1":"product","2":"type-product","3":"status-publish","4":"has-post-thumbnail","6":"product_cat-nhua-in-3d","7":"product_cat-nhua-in-3d-fdm","8":"product_cat-soi-nhua-esun-fdm","10":"first","11":"instock","12":"sale","13":"taxable","14":"shipping-taxable","15":"purchasable","16":"product-type-variable"},"yoast_head":"<!-- This site is optimized with the Yoast SEO Premium plugin v22.8 (Yoast SEO v26.9) - https:\/\/yoast.com\/product\/yoast-seo-premium-wordpress\/ -->\n<title>Nh\u1ef1a in 3D ePLA-Luminous hi\u1ec7u \u1ee9ng ph\u00e1t hu\u1ef3nh quang trong t\u1ed1i 1kg\/Cu\u1ed9n - NGE 3D Printers Services<\/title>\n<meta name=\"robots\" content=\"index, follow, max-snippet:-1, max-image-preview:large, max-video-preview:-1\" \/>\n<link rel=\"canonical\" href=\"https:\/\/nge.vn\/en\/product\/nhua-in-3d-epla-luminous-hieu-ung-phat-huynh-quang-trong-toi-1kg-cuon\/\" \/>\n<meta property=\"og:locale\" content=\"en_US\" \/>\n<meta property=\"og:type\" content=\"article\" \/>\n<meta property=\"og:title\" content=\"Nh\u1ef1a in 3D ePLA-Luminous hi\u1ec7u \u1ee9ng ph\u00e1t hu\u1ef3nh quang trong t\u1ed1i 1kg\/Cu\u1ed9n\" \/>\n<meta property=\"og:description\" content=\"Nh\u1ef1a in 3D ePLA-Luminous hi\u1ec7u \u1ee9ng ph\u00e1t hu\u1ef3nh quang trong t\u1ed1i 1kg\/Cu\u1ed9n _S\u1ea3n ph\u1ea9m n\u00e0y \u0111\u01b0\u1ee3c s\u1eeda \u0111\u1ed5i t\u1eeb PLA. D\u00e2y t\u00f3c c\u1ee7a n\u00f3 \u0111\u01b0\u1ee3c thi\u1ebft k\u1ebf c\u1ea9n th\u1eadn v\u00e0 c\u00f3 hi\u1ec7u \u1ee9ng h\u00ecnh \u1ea3nh \u0111\u1ed9c \u0111\u00e1o. N\u00f3 cho th\u1ea5y s\u1ef1 ph\u00e1t hu\u1ef3nh quang \u0111\u1eb9p m\u1eaft trong m\u00f4i tr\u01b0\u1eddng \u00e1nh s\u00e1ng y\u1ebfu. S\u1ea3n ph\u1ea9m kh\u00f4ng...\" \/>\n<meta property=\"og:url\" content=\"https:\/\/nge.vn\/en\/product\/nhua-in-3d-epla-luminous-hieu-ung-phat-huynh-quang-trong-toi-1kg-cuon\/\" \/>\n<meta property=\"og:site_name\" content=\"NGE 3D Printers Services\" \/>\n<meta property=\"article:modified_time\" content=\"2025-11-01T09:57:08+00:00\" \/>\n<meta property=\"og:image\" content=\"https:\/\/nge.vn\/wp-content\/uploads\/2024\/12\/ePLA-Luminous-Luminous-Blue.jpg\" \/>\n\t<meta property=\"og:image:width\" content=\"1000\" \/>\n\t<meta property=\"og:image:height\" content=\"1000\" \/>\n\t<meta property=\"og:image:type\" content=\"image\/jpeg\" \/>\n<meta name=\"twitter:card\" content=\"summary_large_image\" \/>\n<meta name=\"twitter:label1\" content=\"Est. reading time\" \/>\n\t<meta name=\"twitter:data1\" content=\"3 minutes\" \/>\n<script type=\"application\/ld+json\" class=\"yoast-schema-graph\">{\"@context\":\"https:\/\/schema.org\",\"@graph\":[{\"@type\":\"WebPage\",\"@id\":\"https:\/\/nge.vn\/san-pham\/nhua-in-3d-epla-luminous-hieu-ung-phat-huynh-quang-trong-toi-1kg-cuon\/\",\"url\":\"https:\/\/nge.vn\/san-pham\/nhua-in-3d-epla-luminous-hieu-ung-phat-huynh-quang-trong-toi-1kg-cuon\/\",\"name\":\"Nh\u1ef1a in 3D ePLA-Luminous hi\u1ec7u \u1ee9ng ph\u00e1t hu\u1ef3nh quang trong t\u1ed1i 1kg\/Cu\u1ed9n - NGE 3D Printers Services\",\"isPartOf\":{\"@id\":\"https:\/\/nge.vn\/#website\"},\"primaryImageOfPage\":{\"@id\":\"https:\/\/nge.vn\/san-pham\/nhua-in-3d-epla-luminous-hieu-ung-phat-huynh-quang-trong-toi-1kg-cuon\/#primaryimage\"},\"image\":{\"@id\":\"https:\/\/nge.vn\/san-pham\/nhua-in-3d-epla-luminous-hieu-ung-phat-huynh-quang-trong-toi-1kg-cuon\/#primaryimage\"},\"thumbnailUrl\":\"https:\/\/nge.vn\/wp-content\/uploads\/2024\/12\/ePLA-Luminous-Luminous-Blue.jpg\",\"datePublished\":\"2024-12-31T09:48:45+00:00\",\"dateModified\":\"2025-11-01T09:57:08+00:00\",\"breadcrumb\":{\"@id\":\"https:\/\/nge.vn\/san-pham\/nhua-in-3d-epla-luminous-hieu-ung-phat-huynh-quang-trong-toi-1kg-cuon\/#breadcrumb\"},\"inLanguage\":\"en-US\",\"potentialAction\":[{\"@type\":\"ReadAction\",\"target\":[\"https:\/\/nge.vn\/san-pham\/nhua-in-3d-epla-luminous-hieu-ung-phat-huynh-quang-trong-toi-1kg-cuon\/\"]}]},{\"@type\":\"ImageObject\",\"inLanguage\":\"en-US\",\"@id\":\"https:\/\/nge.vn\/san-pham\/nhua-in-3d-epla-luminous-hieu-ung-phat-huynh-quang-trong-toi-1kg-cuon\/#primaryimage\",\"url\":\"https:\/\/nge.vn\/wp-content\/uploads\/2024\/12\/ePLA-Luminous-Luminous-Blue.jpg\",\"contentUrl\":\"https:\/\/nge.vn\/wp-content\/uploads\/2024\/12\/ePLA-Luminous-Luminous-Blue.jpg\",\"width\":1000,\"height\":1000,\"caption\":\"PLA-Luminous\"},{\"@type\":\"BreadcrumbList\",\"@id\":\"https:\/\/nge.vn\/san-pham\/nhua-in-3d-epla-luminous-hieu-ung-phat-huynh-quang-trong-toi-1kg-cuon\/#breadcrumb\",\"itemListElement\":[{\"@type\":\"ListItem\",\"position\":1,\"name\":\"Trang ch\u1ee7\",\"item\":\"https:\/\/nge.vn\/\"},{\"@type\":\"ListItem\",\"position\":2,\"name\":\"S\u1ea3n ph\u1ea9m\",\"item\":\"https:\/\/nge.vn\/san-pham\/\"},{\"@type\":\"ListItem\",\"position\":3,\"name\":\"Nh\u1ef1a in 3D ePLA-Luminous hi\u1ec7u \u1ee9ng ph\u00e1t hu\u1ef3nh quang trong t\u1ed1i 1kg\/Cu\u1ed9n\"}]},{\"@type\":\"WebSite\",\"@id\":\"https:\/\/nge.vn\/#website\",\"url\":\"https:\/\/nge.vn\/\",\"name\":\"NGE 3D Printers Services\",\"description\":\"\",\"potentialAction\":[{\"@type\":\"SearchAction\",\"target\":{\"@type\":\"EntryPoint\",\"urlTemplate\":\"https:\/\/nge.vn\/?s={search_term_string}\"},\"query-input\":{\"@type\":\"PropertyValueSpecification\",\"valueRequired\":true,\"valueName\":\"search_term_string\"}}],\"inLanguage\":\"en-US\"}]}<\/script>\n<!-- \/ Yoast SEO Premium plugin. -->","yoast_head_json":{"title":"Nh\u1ef1a in 3D ePLA-Luminous hi\u1ec7u \u1ee9ng ph\u00e1t hu\u1ef3nh quang trong t\u1ed1i 1kg\/Cu\u1ed9n - NGE 3D Printers Services","robots":{"index":"index","follow":"follow","max-snippet":"max-snippet:-1","max-image-preview":"max-image-preview:large","max-video-preview":"max-video-preview:-1"},"canonical":"https:\/\/nge.vn\/en\/product\/nhua-in-3d-epla-luminous-hieu-ung-phat-huynh-quang-trong-toi-1kg-cuon\/","og_locale":"en_US","og_type":"article","og_title":"Nh\u1ef1a in 3D ePLA-Luminous hi\u1ec7u \u1ee9ng ph\u00e1t hu\u1ef3nh quang trong t\u1ed1i 1kg\/Cu\u1ed9n","og_description":"Nh\u1ef1a in 3D ePLA-Luminous hi\u1ec7u \u1ee9ng ph\u00e1t hu\u1ef3nh quang trong t\u1ed1i 1kg\/Cu\u1ed9n _S\u1ea3n ph\u1ea9m n\u00e0y \u0111\u01b0\u1ee3c s\u1eeda \u0111\u1ed5i t\u1eeb PLA. D\u00e2y t\u00f3c c\u1ee7a n\u00f3 \u0111\u01b0\u1ee3c thi\u1ebft k\u1ebf c\u1ea9n th\u1eadn v\u00e0 c\u00f3 hi\u1ec7u \u1ee9ng h\u00ecnh \u1ea3nh \u0111\u1ed9c \u0111\u00e1o. N\u00f3 cho th\u1ea5y s\u1ef1 ph\u00e1t hu\u1ef3nh quang \u0111\u1eb9p m\u1eaft trong m\u00f4i tr\u01b0\u1eddng \u00e1nh s\u00e1ng y\u1ebfu. S\u1ea3n ph\u1ea9m kh\u00f4ng...","og_url":"https:\/\/nge.vn\/en\/product\/nhua-in-3d-epla-luminous-hieu-ung-phat-huynh-quang-trong-toi-1kg-cuon\/","og_site_name":"NGE 3D Printers Services","article_modified_time":"2025-11-01T09:57:08+00:00","og_image":[{"width":1000,"height":1000,"url":"https:\/\/nge.vn\/wp-content\/uploads\/2024\/12\/ePLA-Luminous-Luminous-Blue.jpg","type":"image\/jpeg"}],"twitter_card":"summary_large_image","twitter_misc":{"Est. reading time":"3 minutes"},"schema":{"@context":"https:\/\/schema.org","@graph":[{"@type":"WebPage","@id":"https:\/\/nge.vn\/san-pham\/nhua-in-3d-epla-luminous-hieu-ung-phat-huynh-quang-trong-toi-1kg-cuon\/","url":"https:\/\/nge.vn\/san-pham\/nhua-in-3d-epla-luminous-hieu-ung-phat-huynh-quang-trong-toi-1kg-cuon\/","name":"Nh\u1ef1a in 3D ePLA-Luminous hi\u1ec7u \u1ee9ng ph\u00e1t hu\u1ef3nh quang trong t\u1ed1i 1kg\/Cu\u1ed9n - NGE 3D Printers Services","isPartOf":{"@id":"https:\/\/nge.vn\/#website"},"primaryImageOfPage":{"@id":"https:\/\/nge.vn\/san-pham\/nhua-in-3d-epla-luminous-hieu-ung-phat-huynh-quang-trong-toi-1kg-cuon\/#primaryimage"},"image":{"@id":"https:\/\/nge.vn\/san-pham\/nhua-in-3d-epla-luminous-hieu-ung-phat-huynh-quang-trong-toi-1kg-cuon\/#primaryimage"},"thumbnailUrl":"https:\/\/nge.vn\/wp-content\/uploads\/2024\/12\/ePLA-Luminous-Luminous-Blue.jpg","datePublished":"2024-12-31T09:48:45+00:00","dateModified":"2025-11-01T09:57:08+00:00","breadcrumb":{"@id":"https:\/\/nge.vn\/san-pham\/nhua-in-3d-epla-luminous-hieu-ung-phat-huynh-quang-trong-toi-1kg-cuon\/#breadcrumb"},"inLanguage":"en-US","potentialAction":[{"@type":"ReadAction","target":["https:\/\/nge.vn\/san-pham\/nhua-in-3d-epla-luminous-hieu-ung-phat-huynh-quang-trong-toi-1kg-cuon\/"]}]},{"@type":"ImageObject","inLanguage":"en-US","@id":"https:\/\/nge.vn\/san-pham\/nhua-in-3d-epla-luminous-hieu-ung-phat-huynh-quang-trong-toi-1kg-cuon\/#primaryimage","url":"https:\/\/nge.vn\/wp-content\/uploads\/2024\/12\/ePLA-Luminous-Luminous-Blue.jpg","contentUrl":"https:\/\/nge.vn\/wp-content\/uploads\/2024\/12\/ePLA-Luminous-Luminous-Blue.jpg","width":1000,"height":1000,"caption":"PLA-Luminous"},{"@type":"BreadcrumbList","@id":"https:\/\/nge.vn\/san-pham\/nhua-in-3d-epla-luminous-hieu-ung-phat-huynh-quang-trong-toi-1kg-cuon\/#breadcrumb","itemListElement":[{"@type":"ListItem","position":1,"name":"Trang ch\u1ee7","item":"https:\/\/nge.vn\/"},{"@type":"ListItem","position":2,"name":"S\u1ea3n ph\u1ea9m","item":"https:\/\/nge.vn\/san-pham\/"},{"@type":"ListItem","position":3,"name":"Nh\u1ef1a in 3D ePLA-Luminous hi\u1ec7u \u1ee9ng ph\u00e1t hu\u1ef3nh quang trong t\u1ed1i 1kg\/Cu\u1ed9n"}]},{"@type":"WebSite","@id":"https:\/\/nge.vn\/#website","url":"https:\/\/nge.vn\/","name":"NGE 3D Printers Services","description":"","potentialAction":[{"@type":"SearchAction","target":{"@type":"EntryPoint","urlTemplate":"https:\/\/nge.vn\/?s={search_term_string}"},"query-input":{"@type":"PropertyValueSpecification","valueRequired":true,"valueName":"search_term_string"}}],"inLanguage":"en-US"}]}},"_links":{"self":[{"href":"https:\/\/nge.vn\/en\/wp-json\/wp\/v2\/product\/4767","targetHints":{"allow":["GET"]}}],"collection":[{"href":"https:\/\/nge.vn\/en\/wp-json\/wp\/v2\/product"}],"about":[{"href":"https:\/\/nge.vn\/en\/wp-json\/wp\/v2\/types\/product"}],"replies":[{"embeddable":true,"href":"https:\/\/nge.vn\/en\/wp-json\/wp\/v2\/comments?post=4767"}],"wp:featuredmedia":[{"embeddable":true,"href":"https:\/\/nge.vn\/en\/wp-json\/wp\/v2\/media\/4768"}],"wp:attachment":[{"href":"https:\/\/nge.vn\/en\/wp-json\/wp\/v2\/media?parent=4767"}],"wp:term":[{"taxonomy":"product_brand","embeddable":true,"href":"https:\/\/nge.vn\/en\/wp-json\/wp\/v2\/product_brand?post=4767"},{"taxonomy":"product_cat","embeddable":true,"href":"https:\/\/nge.vn\/en\/wp-json\/wp\/v2\/product_cat?post=4767"},{"taxonomy":"product_tag","embeddable":true,"href":"https:\/\/nge.vn\/en\/wp-json\/wp\/v2\/product_tag?post=4767"}],"curies":[{"name":"wp","href":"https:\/\/api.w.org\/{rel}","templated":true}]}}