{"id":476,"date":"2024-10-25T12:32:43","date_gmt":"2024-10-25T05:32:43","guid":{"rendered":"https:\/\/nge.123websitedev.com\/san-pham\/bo-man-hinh-chieu-lcd-cho-may-in-3d-resin-creality-ld-002h-6-08-inch-mono-2k-16202560\/"},"modified":"2024-10-29T15:02:12","modified_gmt":"2024-10-29T08:02:12","slug":"bo-man-hinh-chieu-lcd-cho-may-in-3d-resin-creality-ld-002h-6-08-inch-mono-2k-16202560","status":"publish","type":"product","link":"https:\/\/nge.vn\/en\/product\/bo-man-hinh-chieu-lcd-cho-may-in-3d-resin-creality-ld-002h-6-08-inch-mono-2k-16202560\/","title":{"rendered":"B\u1ed9 m\u00e0n h\u00ecnh chi\u1ebfu LCD cho m\u00e1y in 3d resin Creality LD-002H 6.08-inch mono 2K 1620*2560"},"content":{"rendered":"<p>B\u1ed9 m\u00e0n h\u00ecnh chi\u1ebfu LCD cho m\u00e1y in 3d resin Creality LD-002H 6.08-inch mono 2K 1620*2560<br \/>\n_B\u00f9ng n\u1ed5 ngu\u1ed3n c\u1ea3m h\u1ee9ng<br \/>\n_T\u1ed1c \u0111\u1ed9 in nhanh h\u01a1n<\/p>\n<p>2K HD Black and White Screen.<br \/>\n1-4s\/ layer printing speed<\/p>\n<p>_M\u00e0n h\u00ecnh l\u1edbn v\u1edbi \u0111\u1ed9 ph\u00e2n gi\u1ea3i cao:<br \/>\n+M\u00e0n h\u00ecnh in 6 inch, \u0111\u1ed9 ph\u00e2n gi\u1ea3i m\u00e0n h\u00ecnh v\u1eadt l\u00fd full HD 1620 * 2560, \u0111\u1ed9 ch\u00ednh x\u00e1c khu\u00f4n \u0111\u00fac cao, t\u00e1i t\u1ea1o r\u00f5 r\u00e0ng \u0111i\u1ec3m c\u00e1c g\u00f3c s\u1eafc n\u00e9t, chi ti\u1ebft b\u1ec1 m\u1eb7t. C\u00e1c m\u00f4 h\u00ecnh ph\u1ee9c t\u1ea1p c\u00f3 th\u1ec3 \u0111\u01b0\u1ee3c h\u00ecnh th\u00e0nh c\u00f9ng m\u1ed9t l\u00fac.<\/p>\n<p>_2K HD Black and White Screen:<br \/>\n+M\u00e0n h\u00ecnh \u0111\u01a1n s\u1eafc LCD, t\u0103ng kh\u1ea3 n\u0103ng truy\u1ec1n s\u00e1ng, nhanh h\u01a1n 10 ph\u1ea7n tr\u0103m so v\u1edbi c\u00e1c m\u00e1y in t\u01b0\u01a1ng \u0111\u01b0\u01a1ng.<\/p>\n<p>_X\u1eed l\u00fd s\u00e0ng l\u1ecdc m\u00f4 h\u00ecnh:<br \/>\nIn nhanh h\u01a1n v\u00e0 ch\u00ednh x\u00e1c h\u01a1n.<\/p>\n<p>_M\u00e0n h\u00ecnh Non-monochrome:<br \/>\n+Th\u1eddi gian \u0111\u00f3ng r\u1eafn c\u1ee7a l\u1edbp c\u1eaft c\u00f3 th\u1ec3 \u0111\u1ebfn 6-8s \/ l\u1edbp.<br \/>\n+Truy\u1ec1n \u00e1nh s\u00e1ng m\u00e0n h\u00ecnh, m\u00f4 h\u00ecnh g\u1ed3 gh\u1ec1, l\u1edfm ch\u1edfm v\u1edbi hi\u1ec7u \u1ee9ng k\u00e9m.<\/p>\n<p>_M\u00e0n h\u00ecnh Monochrome LCD:<br \/>\n+Th\u1eddi gian \u0111\u00f3ng r\u1eafn c\u00f3 th\u1ec3 th\u1ea5p \u0111\u1ebfn 1-4 gi\u00e2y \/ l\u1edbp, cho ph\u00e9p t\u1ed1c \u0111\u1ed9 in LD-002H nhanh h\u01a1n 10% so v\u1edbi c\u00e1c m\u00e1y in t\u01b0\u01a1ng t\u1ef1;<br \/>\n+M\u00f4 h\u00ecnh \u0111\u01b0\u1ee3c tinh ch\u1ec9nh h\u01a1n v\u1edbi hi\u1ec7u \u1ee9ng r\u00f5 r\u00e0ng h\u01a1n.<\/p>\n<p>General Description\uff1a<br \/>\n1.  6.08\u201d(diagonal), 1620*2560 dots,   LCD module.<br \/>\n2 .Viewing Direction:Normally Black.<br \/>\n3 .Driving IC:HX8252-A<br \/>\n4 .MIPI interface.<br \/>\n5. Logic voltage: 2.8V (typ.).<br \/>\n6. Without touch panel.<\/p>\n<p>**Parameters:<br \/>\n+Product composition:  DXQ608 LCD module + glass protector<br \/>\n+Panel size:  6.08\u2033<br \/>\n+Resolution:  1620 \u00d7 2560<br \/>\n+Aspect ratio:  10:16 (width: height)<br \/>\n+Display size:  82.62 (W) \u00d7 130.56 (H) mm (A.A)<br \/>\n+Dimensions:  87.2 (W) \u00d7 138.56 (H) mm<br \/>\n+Maximum thickness:  1.3 mm<br \/>\n+LCD family:  IPS hard screen<br \/>\n+Polarizer:  transmissive<br \/>\n+Transmission contrast:  1000: 1 (Typ.)<br \/>\n+Viewing angle:  80\/80\/80\/80 (left \/ right \/ up \/ down)<br \/>\n+Display color:  monochrome<br \/>\n+Backlight type:  no backlight<br \/>\n+Signal type:  MIPI<br \/>\n+Working temperature:  -20 ~ 70\u00b0C<br \/>\n+Storage temperature:  -30 ~ 80\u00b0C<\/p>\n<p>**\u0110\u1ec3 \u0111\u01b0\u1ee3c nh\u1eadn h\u1ed9 tr\u1ee3 th\u00eam v\u1ec1 Gi\u00e1 v\u00e0 Th\u00f4ng tin c\u1ee7a s\u1ea3n ph\u1ea9m, vui l\u00f2ng li\u00ean h\u1ec7:<br \/>\n     0913.939.775 contact A.Quan (for English)<br \/>\n     094.144.0951 contact A.Quynh<br \/>\n**Selling price does not include VAT (+10% if VAT invoice is issued)<\/p>","protected":false},"excerpt":{"rendered":"<p>B\u1ed9 m\u00e0n h\u00ecnh chi\u1ebfu LCD cho m\u00e1y in 3d resin Creality LD-002H 6.08-inch mono 2K 1620*2560<\/p>","protected":false},"featured_media":467,"comment_status":"open","ping_status":"closed","template":"","meta":{"inline_featured_image":false},"product_brand":[],"product_cat":[462,40,56],"product_tag":[],"class_list":{"0":"post-476","1":"product","2":"type-product","3":"status-publish","4":"has-post-thumbnail","6":"product_cat-board-va-man-hinh-dieu-khien","7":"product_cat-linh-kien-va-phu-kien","8":"product_cat-linh-phu-kien-may-in-3d-creality","10":"first","11":"instock","12":"taxable","13":"shipping-taxable","14":"purchasable","15":"product-type-simple"},"yoast_head":"<!-- This site is optimized with the Yoast SEO Premium plugin v22.8 (Yoast SEO v26.9) - https:\/\/yoast.com\/product\/yoast-seo-premium-wordpress\/ -->\n<title>B\u1ed9 m\u00e0n h\u00ecnh chi\u1ebfu LCD cho m\u00e1y in 3d resin Creality LD-002H 6.08-inch mono 2K 1620*2560 - NGE 3D Printers Services<\/title>\n<meta name=\"robots\" content=\"index, follow, max-snippet:-1, max-image-preview:large, max-video-preview:-1\" \/>\n<link rel=\"canonical\" href=\"https:\/\/nge.vn\/en\/product\/bo-man-hinh-chieu-lcd-cho-may-in-3d-resin-creality-ld-002h-6-08-inch-mono-2k-16202560\/\" \/>\n<meta property=\"og:locale\" content=\"en_US\" \/>\n<meta property=\"og:type\" content=\"article\" \/>\n<meta property=\"og:title\" content=\"B\u1ed9 m\u00e0n h\u00ecnh chi\u1ebfu LCD cho m\u00e1y in 3d resin Creality LD-002H 6.08-inch mono 2K 1620*2560\" \/>\n<meta property=\"og:description\" content=\"B\u1ed9 m\u00e0n h\u00ecnh chi\u1ebfu LCD cho m\u00e1y in 3d resin Creality LD-002H 6.08-inch mono 2K 1620*2560\" \/>\n<meta property=\"og:url\" content=\"https:\/\/nge.vn\/en\/product\/bo-man-hinh-chieu-lcd-cho-may-in-3d-resin-creality-ld-002h-6-08-inch-mono-2k-16202560\/\" \/>\n<meta property=\"og:site_name\" content=\"NGE 3D Printers Services\" \/>\n<meta property=\"article:modified_time\" content=\"2024-10-29T08:02:12+00:00\" \/>\n<meta property=\"og:image\" content=\"https:\/\/nge.vn\/wp-content\/uploads\/2024\/10\/images-upload-woo2Fd4b2c04c5c72ab42615fc8d770700c71.jpg\" \/>\n\t<meta property=\"og:image:width\" content=\"778\" \/>\n\t<meta property=\"og:image:height\" content=\"778\" \/>\n\t<meta property=\"og:image:type\" content=\"image\/jpeg\" \/>\n<meta name=\"twitter:card\" content=\"summary_large_image\" \/>\n<meta name=\"twitter:label1\" content=\"Est. reading time\" \/>\n\t<meta name=\"twitter:data1\" content=\"2 minutes\" \/>\n<script type=\"application\/ld+json\" class=\"yoast-schema-graph\">{\"@context\":\"https:\/\/schema.org\",\"@graph\":[{\"@type\":\"WebPage\",\"@id\":\"https:\/\/nge.vn\/san-pham\/bo-man-hinh-chieu-lcd-cho-may-in-3d-resin-creality-ld-002h-6-08-inch-mono-2k-16202560\/\",\"url\":\"https:\/\/nge.vn\/san-pham\/bo-man-hinh-chieu-lcd-cho-may-in-3d-resin-creality-ld-002h-6-08-inch-mono-2k-16202560\/\",\"name\":\"B\u1ed9 m\u00e0n h\u00ecnh chi\u1ebfu LCD cho m\u00e1y in 3d resin Creality LD-002H 6.08-inch mono 2K 1620*2560 - NGE 3D Printers Services\",\"isPartOf\":{\"@id\":\"https:\/\/nge.vn\/#website\"},\"primaryImageOfPage\":{\"@id\":\"https:\/\/nge.vn\/san-pham\/bo-man-hinh-chieu-lcd-cho-may-in-3d-resin-creality-ld-002h-6-08-inch-mono-2k-16202560\/#primaryimage\"},\"image\":{\"@id\":\"https:\/\/nge.vn\/san-pham\/bo-man-hinh-chieu-lcd-cho-may-in-3d-resin-creality-ld-002h-6-08-inch-mono-2k-16202560\/#primaryimage\"},\"thumbnailUrl\":\"https:\/\/nge.vn\/wp-content\/uploads\/2024\/10\/images-upload-woo2Fd4b2c04c5c72ab42615fc8d770700c71.jpg\",\"datePublished\":\"2024-10-25T05:32:43+00:00\",\"dateModified\":\"2024-10-29T08:02:12+00:00\",\"breadcrumb\":{\"@id\":\"https:\/\/nge.vn\/san-pham\/bo-man-hinh-chieu-lcd-cho-may-in-3d-resin-creality-ld-002h-6-08-inch-mono-2k-16202560\/#breadcrumb\"},\"inLanguage\":\"en-US\",\"potentialAction\":[{\"@type\":\"ReadAction\",\"target\":[\"https:\/\/nge.vn\/san-pham\/bo-man-hinh-chieu-lcd-cho-may-in-3d-resin-creality-ld-002h-6-08-inch-mono-2k-16202560\/\"]}]},{\"@type\":\"ImageObject\",\"inLanguage\":\"en-US\",\"@id\":\"https:\/\/nge.vn\/san-pham\/bo-man-hinh-chieu-lcd-cho-may-in-3d-resin-creality-ld-002h-6-08-inch-mono-2k-16202560\/#primaryimage\",\"url\":\"https:\/\/nge.vn\/wp-content\/uploads\/2024\/10\/images-upload-woo2Fd4b2c04c5c72ab42615fc8d770700c71.jpg\",\"contentUrl\":\"https:\/\/nge.vn\/wp-content\/uploads\/2024\/10\/images-upload-woo2Fd4b2c04c5c72ab42615fc8d770700c71.jpg\",\"width\":778,\"height\":778},{\"@type\":\"BreadcrumbList\",\"@id\":\"https:\/\/nge.vn\/san-pham\/bo-man-hinh-chieu-lcd-cho-may-in-3d-resin-creality-ld-002h-6-08-inch-mono-2k-16202560\/#breadcrumb\",\"itemListElement\":[{\"@type\":\"ListItem\",\"position\":1,\"name\":\"Trang ch\u1ee7\",\"item\":\"https:\/\/nge.vn\/\"},{\"@type\":\"ListItem\",\"position\":2,\"name\":\"S\u1ea3n ph\u1ea9m\",\"item\":\"https:\/\/nge.vn\/san-pham\/\"},{\"@type\":\"ListItem\",\"position\":3,\"name\":\"B\u1ed9 m\u00e0n h\u00ecnh chi\u1ebfu LCD cho m\u00e1y in 3d resin Creality LD-002H 6.08-inch mono 2K 1620*2560\"}]},{\"@type\":\"WebSite\",\"@id\":\"https:\/\/nge.vn\/#website\",\"url\":\"https:\/\/nge.vn\/\",\"name\":\"NGE 3D Printers Services\",\"description\":\"\",\"potentialAction\":[{\"@type\":\"SearchAction\",\"target\":{\"@type\":\"EntryPoint\",\"urlTemplate\":\"https:\/\/nge.vn\/?s={search_term_string}\"},\"query-input\":{\"@type\":\"PropertyValueSpecification\",\"valueRequired\":true,\"valueName\":\"search_term_string\"}}],\"inLanguage\":\"en-US\"}]}<\/script>\n<!-- \/ Yoast SEO Premium plugin. -->","yoast_head_json":{"title":"B\u1ed9 m\u00e0n h\u00ecnh chi\u1ebfu LCD cho m\u00e1y in 3d resin Creality LD-002H 6.08-inch mono 2K 1620*2560 - NGE 3D Printers Services","robots":{"index":"index","follow":"follow","max-snippet":"max-snippet:-1","max-image-preview":"max-image-preview:large","max-video-preview":"max-video-preview:-1"},"canonical":"https:\/\/nge.vn\/en\/product\/bo-man-hinh-chieu-lcd-cho-may-in-3d-resin-creality-ld-002h-6-08-inch-mono-2k-16202560\/","og_locale":"en_US","og_type":"article","og_title":"B\u1ed9 m\u00e0n h\u00ecnh chi\u1ebfu LCD cho m\u00e1y in 3d resin Creality LD-002H 6.08-inch mono 2K 1620*2560","og_description":"B\u1ed9 m\u00e0n h\u00ecnh chi\u1ebfu LCD cho m\u00e1y in 3d resin Creality LD-002H 6.08-inch mono 2K 1620*2560","og_url":"https:\/\/nge.vn\/en\/product\/bo-man-hinh-chieu-lcd-cho-may-in-3d-resin-creality-ld-002h-6-08-inch-mono-2k-16202560\/","og_site_name":"NGE 3D Printers Services","article_modified_time":"2024-10-29T08:02:12+00:00","og_image":[{"width":778,"height":778,"url":"https:\/\/nge.vn\/wp-content\/uploads\/2024\/10\/images-upload-woo2Fd4b2c04c5c72ab42615fc8d770700c71.jpg","type":"image\/jpeg"}],"twitter_card":"summary_large_image","twitter_misc":{"Est. reading time":"2 minutes"},"schema":{"@context":"https:\/\/schema.org","@graph":[{"@type":"WebPage","@id":"https:\/\/nge.vn\/san-pham\/bo-man-hinh-chieu-lcd-cho-may-in-3d-resin-creality-ld-002h-6-08-inch-mono-2k-16202560\/","url":"https:\/\/nge.vn\/san-pham\/bo-man-hinh-chieu-lcd-cho-may-in-3d-resin-creality-ld-002h-6-08-inch-mono-2k-16202560\/","name":"B\u1ed9 m\u00e0n h\u00ecnh chi\u1ebfu LCD cho m\u00e1y in 3d resin Creality LD-002H 6.08-inch mono 2K 1620*2560 - NGE 3D Printers Services","isPartOf":{"@id":"https:\/\/nge.vn\/#website"},"primaryImageOfPage":{"@id":"https:\/\/nge.vn\/san-pham\/bo-man-hinh-chieu-lcd-cho-may-in-3d-resin-creality-ld-002h-6-08-inch-mono-2k-16202560\/#primaryimage"},"image":{"@id":"https:\/\/nge.vn\/san-pham\/bo-man-hinh-chieu-lcd-cho-may-in-3d-resin-creality-ld-002h-6-08-inch-mono-2k-16202560\/#primaryimage"},"thumbnailUrl":"https:\/\/nge.vn\/wp-content\/uploads\/2024\/10\/images-upload-woo2Fd4b2c04c5c72ab42615fc8d770700c71.jpg","datePublished":"2024-10-25T05:32:43+00:00","dateModified":"2024-10-29T08:02:12+00:00","breadcrumb":{"@id":"https:\/\/nge.vn\/san-pham\/bo-man-hinh-chieu-lcd-cho-may-in-3d-resin-creality-ld-002h-6-08-inch-mono-2k-16202560\/#breadcrumb"},"inLanguage":"en-US","potentialAction":[{"@type":"ReadAction","target":["https:\/\/nge.vn\/san-pham\/bo-man-hinh-chieu-lcd-cho-may-in-3d-resin-creality-ld-002h-6-08-inch-mono-2k-16202560\/"]}]},{"@type":"ImageObject","inLanguage":"en-US","@id":"https:\/\/nge.vn\/san-pham\/bo-man-hinh-chieu-lcd-cho-may-in-3d-resin-creality-ld-002h-6-08-inch-mono-2k-16202560\/#primaryimage","url":"https:\/\/nge.vn\/wp-content\/uploads\/2024\/10\/images-upload-woo2Fd4b2c04c5c72ab42615fc8d770700c71.jpg","contentUrl":"https:\/\/nge.vn\/wp-content\/uploads\/2024\/10\/images-upload-woo2Fd4b2c04c5c72ab42615fc8d770700c71.jpg","width":778,"height":778},{"@type":"BreadcrumbList","@id":"https:\/\/nge.vn\/san-pham\/bo-man-hinh-chieu-lcd-cho-may-in-3d-resin-creality-ld-002h-6-08-inch-mono-2k-16202560\/#breadcrumb","itemListElement":[{"@type":"ListItem","position":1,"name":"Trang ch\u1ee7","item":"https:\/\/nge.vn\/"},{"@type":"ListItem","position":2,"name":"S\u1ea3n ph\u1ea9m","item":"https:\/\/nge.vn\/san-pham\/"},{"@type":"ListItem","position":3,"name":"B\u1ed9 m\u00e0n h\u00ecnh chi\u1ebfu LCD cho m\u00e1y in 3d resin Creality LD-002H 6.08-inch mono 2K 1620*2560"}]},{"@type":"WebSite","@id":"https:\/\/nge.vn\/#website","url":"https:\/\/nge.vn\/","name":"NGE 3D Printers Services","description":"","potentialAction":[{"@type":"SearchAction","target":{"@type":"EntryPoint","urlTemplate":"https:\/\/nge.vn\/?s={search_term_string}"},"query-input":{"@type":"PropertyValueSpecification","valueRequired":true,"valueName":"search_term_string"}}],"inLanguage":"en-US"}]}},"_links":{"self":[{"href":"https:\/\/nge.vn\/en\/wp-json\/wp\/v2\/product\/476","targetHints":{"allow":["GET"]}}],"collection":[{"href":"https:\/\/nge.vn\/en\/wp-json\/wp\/v2\/product"}],"about":[{"href":"https:\/\/nge.vn\/en\/wp-json\/wp\/v2\/types\/product"}],"replies":[{"embeddable":true,"href":"https:\/\/nge.vn\/en\/wp-json\/wp\/v2\/comments?post=476"}],"wp:featuredmedia":[{"embeddable":true,"href":"https:\/\/nge.vn\/en\/wp-json\/wp\/v2\/media\/467"}],"wp:attachment":[{"href":"https:\/\/nge.vn\/en\/wp-json\/wp\/v2\/media?parent=476"}],"wp:term":[{"taxonomy":"product_brand","embeddable":true,"href":"https:\/\/nge.vn\/en\/wp-json\/wp\/v2\/product_brand?post=476"},{"taxonomy":"product_cat","embeddable":true,"href":"https:\/\/nge.vn\/en\/wp-json\/wp\/v2\/product_cat?post=476"},{"taxonomy":"product_tag","embeddable":true,"href":"https:\/\/nge.vn\/en\/wp-json\/wp\/v2\/product_tag?post=476"}],"curies":[{"name":"wp","href":"https:\/\/api.w.org\/{rel}","templated":true}]}}