{"id":4655,"date":"2024-11-27T13:55:14","date_gmt":"2024-11-27T06:55:14","guid":{"rendered":"https:\/\/nge.vn\/?post_type=product&#038;p=4655"},"modified":"2026-01-09T14:53:10","modified_gmt":"2026-01-09T07:53:10","slug":"may-in-3d-nhieu-mau-creality-k2-plus-kho-in-35x35x35cm","status":"publish","type":"product","link":"https:\/\/nge.vn\/en\/product\/may-in-3d-nhieu-mau-creality-k2-plus-kho-in-35x35x35cm\/","title":{"rendered":"M\u00e1y in 3d nhi\u1ec1u m\u00e0u Creality K2 Plus kh\u1ed5 in 35*35*35cm"},"content":{"rendered":"<h2><em><strong>M\u00e1y in 3d nhi\u1ec1u m\u00e0u Creality K2 Plus kh\u1ed5 in 35*35*35cm<\/strong><\/em><\/h2>\n<p>_In nhi\u1ec1u m\u00e0u: H\u1ed7 tr\u1ee3 in nhi\u1ec1u m\u00e0u v\u1edbi t\u1ed1i \u0111a 16 m\u00e0u s\u1eed d\u1ee5ng 4 CFS<br \/>\n_M\u00e1y \u0111\u00f9n truy\u1ec1n \u0111\u1ed9ng tr\u1ef1c ti\u1ebfp<br \/>\n_Ph\u00e1t hi\u1ec7n \u0111\u1ed9 nghi\u00eang<br \/>\n_\u0110\u1ed9ng c\u01a1 v\u00f2ng k\u00edn FOC<br \/>\n_Kh\u1ed1i l\u01b0\u1ee3ng x\u00e2y d\u1ef1ng 350 * 350 * 350mm<br \/>\n_M\u00e1y s\u01b0\u1edfi bu\u1ed3ng ho\u1ea1t \u0111\u1ed9ng<br \/>\n*Trong h\u1ed9p: K2 Plus + 1* CFS+4*500g s\u1ee3i nh\u1ef1a<\/p>\n<p>_Khung unibody ch\u1eafc ch\u1eafn c\u1ee7a K2 Plus \u0111\u01b0\u1ee3c ch\u1ebf t\u1ea1o ri\u00eang t\u1eeb h\u1ee3p kim nh\u00f4m \u0111\u00fac v\u00e0 \u0111\u01b0\u1ee3c phay CNC. \u0110\u1ed9 ch\u00ednh x\u00e1c t\u1ed1i \u0111a v\u00e0 ho\u1ea1t \u0111\u1ed9ng in \u1ed5n \u0111\u1ecbnh \u0111\u01b0\u1ee3c \u0111\u1ea3m b\u1ea3o ngay c\u1ea3 \u1edf t\u1ed1c \u0111\u1ed9 cao.<br \/>\n_kh\u1ed1i l\u01b0\u1ee3ng x\u00e2y d\u1ef1ng 350 x 350 x 350 mm, K2 Plus ph\u00f9 h\u1ee3p \u0111\u1ec3 in c\u00e1c v\u1eadt th\u1ec3 kh\u1ed5 l\u1edbn ho\u1eb7c nhi\u1ec1u v\u1eadt th\u1ec3 nh\u1ecf h\u01a1n c\u00f9ng m\u1ed9t l\u00fac. M\u00f4 h\u00ecnh c\u1ee7a b\u1ea1n s\u1ebd \u0111\u01b0\u1ee3c s\u1ea3n xu\u1ea5t trong th\u1eddi gian k\u1ef7 l\u1ee5c v\u1edbi \u0111\u1ed9 chi ti\u1ebft ngo\u1ea1n m\u1ee5c.<br \/>\n_Gi\u1ed1ng nh\u01b0 ng\u01b0\u1eddi ti\u1ec1n nhi\u1ec7m K1 v\u00e0 K1 Max, K2 Plus n\u1ed5i b\u1eadt b\u1edfi t\u1ed1c \u0111\u1ed9 in v\u00e0 \u0111\u1ed9 ch\u00ednh x\u00e1c cao. M\u00e1y in 3D \u0111\u1ea1t t\u1ed1c \u0111\u1ed9 in l\u00ean t\u1edbi \u2264600mm\/s v\u1edbi gia t\u1ed1c 30000mm\/s\u00b2.<br \/>\n_C\u1ea3 m\u00e1y \u0111\u00f9n v\u00e0 t\u1ea5t c\u1ea3 tr\u1ee5c XYZ c\u1ee7a K2 Plus \u0111\u1ec1u \u0111\u01b0\u1ee3c d\u1eabn \u0111\u1ed9ng b\u1eb1ng \u0111\u1ed9ng c\u01a1 servo k\u00edn. V\u1edbi 32768 microstep tr\u00ean m\u1ed7i v\u00f2ng quay, \u0111\u1ed9ng c\u01a1 \u0111\u1ea1t \u0111\u01b0\u1ee3c m\u00f4-men xo\u1eafn cao v\u00e0 kh\u1ea3 n\u0103ng ph\u1ea3n h\u1ed3i v\u01b0\u1ee3t tr\u1ed9i. Ki\u1ec3m so\u00e1t FOC v\u1edbi \u0111i\u1ec7n \u00e1p thay \u0111\u1ed5i gi\u00fap gi\u1ea3m s\u1ef1 t\u00edch t\u1ee5 nhi\u1ec7t v\u00e0 ng\u0103n ng\u1eeba t\u1eafc ngh\u1ebdn do qu\u00e1 n\u00f3ng.<br \/>\n_The K2 Plus uses a Direct Drive Apus all-metal extruder with tri-metal heat protection nozzle for precise and smooth extrusion. The nozzle is designed for printing temperatures of up to max. 350 \u00b0C and also enables the processing of high-performance materials.<br \/>\n_Hai c\u1ea3m bi\u1ebfn kho\u1ea3ng c\u00e1ch quang h\u1ecdc \u0111\u1ec3 \u0111i\u1ec1u ch\u1ec9nh \u0111\u1ed9 nghi\u00eang t\u1ef1 \u0111\u1ed9ng c\u1ee7a t\u1ea5m x\u00e2y d\u1ef1ng tr\u00ean tr\u1ee5c Z v\u00e0 m\u00e1y \u0111o bi\u1ebfn d\u1ea1ng trong \u0111\u1ea7u in \u0111\u1ea3m b\u1ea3o c\u00e2n b\u1eb1ng ch\u00ednh x\u00e1c.<br \/>\n_H\u1ec7 th\u1ed1ng s\u01b0\u1edfi AC hi\u1ec7u su\u1ea5t cao 800w v\u1edbi kh\u1ea3 n\u0103ng b\u1ea3o v\u1ec7 qu\u00e1 nhi\u1ec7t v\u00e0 t\u1ef1 \u0111\u1ed9ng t\u1eaft trong tr\u01b0\u1eddng h\u1ee3p c\u00f3 l\u1ed7i kh\u00f4ng mong mu\u1ed1n,<br \/>\nCamera \u0111\u1ea7u phun \u0111\u1ec3 hi\u1ec7u ch\u1ec9nh \u00e1p su\u1ea5t v\u00e0 camera bu\u1ed3ng \u0111\u1ec3 theo d\u00f5i in v\u00e0 ph\u00e1t hi\u1ec7n l\u1ed7i in,<br \/>\nM\u00e0n h\u00ecnh c\u1ea3m \u1ee9ng m\u00e0u 4,3 inch.<\/p>\n<p>_Combo K2 Plus \u0111\u01b0\u1ee3c trang b\u1ecb h\u1ec7 th\u1ed1ng qu\u1ea3n l\u00fd filament th\u00f4ng minh CFS (Color Filament System). H\u1ec7 th\u1ed1ng \u0111a v\u1eadt li\u1ec7u c\u00f3 4 khe cu\u1ed9n gi\u1ea5y h\u1ed7 tr\u1ee3 in nhi\u1ec1u m\u00e0u v\u00e0 s\u1eed d\u1ee5ng \u0111\u1ed3ng th\u1eddi c\u00e1c v\u1eadt li\u1ec7u kh\u00e1c nhau. N\u1ebfu thi\u1ebft b\u1ecb \u0111\u01b0\u1ee3c k\u1ebft h\u1ee3p v\u1edbi c\u00e1c H\u1ec7 th\u1ed1ng filament m\u00e0u kh\u00e1c, c\u00f3 th\u1ec3 th\u1ef1c hi\u1ec7n t\u1ed5ng c\u1ed9ng 16 m\u00e0u in v\u1edbi nhi\u1ec1u c\u00e1ch k\u1ebft h\u1ee3p m\u00e0u kh\u00e1c nhau.<br \/>\n_H\u1ec7 th\u1ed1ng t\u1ea3i v\u00e0 d\u1ee1 filament m\u1ed9t c\u00e1ch t\u1ef1 \u0111\u1ed9ng &#8211; kh\u00f4ng c\u1ea7n ph\u1ea3i thay \u0111\u1ed5i filament th\u1ee7 c\u00f4ng t\u1ed1n th\u1eddi gian. Ngo\u00e0i ra, thi\u1ebft b\u1ecb nhi\u1ec1u m\u00e0u \u0111\u01b0\u1ee3c ni\u00eam phong t\u1ed1t v\u1edbi m\u00e0n h\u00ecnh hi\u1ec3n th\u1ecb nhi\u1ec7t \u0111\u1ed9 v\u00e0 \u0111\u1ed9 \u1ea9m th\u00f4ng minh c\u00f3 th\u1ec3 \u0111\u01b0\u1ee3c s\u1eed d\u1ee5ng l\u00e0m h\u1ed9p s\u1ea5y filament \u0111\u1ec3 gi\u1eef v\u00e0 b\u1ea3o qu\u1ea3n filament.<br \/>\n_H\u1ed7 tr\u1ee3 nh\u1eadn d\u1ea1ng v\u1eadt li\u1ec7u RFID t\u1ef1 \u0111\u1ed9ng. Chip RFID \u0111i k\u00e8m m\u1ed7i lo\u1ea1i s\u1ee3i nh\u1ef1a, m\u00e0u s\u1eafc v\u00e0 th\u00f4ng tin kh\u00e1c m\u00e0 CFS c\u00f3 th\u1ec3 \u0111\u1ecdc \u0111\u01b0\u1ee3c.<br \/>\n_CFS c\u00f3 th\u1ec3 ch\u1ee9a b\u1ed1n cu\u1ed9n 1kg v\u1edbi \u0111\u01b0\u1eddng k\u00ednh 197-202 mm. C\u00e1c s\u1ee3i creality c\u00f3 cu\u1ed9n b\u00eca c\u1ee9ng t\u01b0\u01a1ng th\u00edch v\u1edbi CFS. C\u00e1c lo\u1ea1i s\u1ee3i nh\u01b0 PLA, PETG, ABS, ASA ho\u1eb7c PA-CF c\u00f3 th\u1ec3 \u0111\u01b0\u1ee3c x\u1eed l\u00fd d\u1ec5 d\u00e0ng trong CFS; kh\u00f4ng h\u1ed7 tr\u1ee3 c\u00e1c v\u1eadt li\u1ec7u d\u1ebbo nh\u01b0 TPU ho\u1eb7c s\u1ee3i nh\u01b0 PVA\/BVOH.<br \/>\n_EMMC 32G<br \/>\nC\u00f3 th\u1ec3 l\u01b0u tr\u1eef nhi\u1ec1u t\u1eadp tin m\u00f4 h\u00ecnh h\u01a1n \u0111\u1ec3 in l\u1ea1i.<\/p>\n<p>***K2 Plus SPECIFICATIONS<br \/>\n+Printing Technology: Fused Deposition Modeling<br \/>\n+Product: K2 Plus<br \/>\n+Build Volume: 350*350*350mm<br \/>\n+Rated Voltage: 100-240V~ AC 50\/60Hz<br \/>\n+K2 Plus Dimensions: 495*515*640mm<br \/>\n+Display Screen: 4.3&#8243; color touch screen<br \/>\n+K2 Plus Combo Dimensions: 495*515*916mm<br \/>\n+Rated Power: 1200W<br \/>\n+K2 Plus Net Weight: 35Kg<br \/>\n+Supported Filaments: PLA\/ABS\/PETG\/PA-CF\/PLA-CF\/PET\/ASA\/PPA-CF<br \/>\n+Printing Speed: \u2264600mm\/s<br \/>\n+AI Camera for Monitoring: Standard<br \/>\n+Acceleration: \u226430000mm\/s\u00b2<br \/>\n+AI Camera for Calibration: Standard<br \/>\n+Printing Accuracy: 100mm\u00b10.1mm<br \/>\n+Power Loss Recovery: Yes<br \/>\n+Layer Height: 0.05-0.3mm<br \/>\n+Auto Filament Relay: Yes<br \/>\n+Extruder: Dual-gear direct drive extruder<br \/>\n+Filament Tangle Detection: Yes<br \/>\n+Filament Diameter: 1.75mm<br \/>\n+Air Purifier: Yes<br \/>\n+Nozzle Diameter: 0.4mm<br \/>\n+Input Shaping: Yes<br \/>\n+Nozzle Temperature: \u2264350\u2103<br \/>\n+Lighting kit: Yes<br \/>\n+Heatbed Temperature: \u2264120\u2103<br \/>\n+Active Bed Tilt Calibration: Yes<br \/>\n+Chamber Temperature: \u226460\u2103<br \/>\n+Active Belt Tensioning: Yes<br \/>\n+Build Plate: Flexible build plate<br \/>\n+Active Chamber Heater: Yes<br \/>\n+Leveling Mode: Full-auto Leveling<br \/>\n+RFID-tagged Filaments: Yes<br \/>\n+XYZE Motor: Step-servo motor<br \/>\n+Printable File Format: Gcode\/3MF<br \/>\n+File Transfer: USB Drive\/Ethernet\/WiFi<br \/>\n+CFS Compatibility: Yes<br \/>\n+File Storage: 32GB EMMC<br \/>\n+Number of CFS Extensions: \u22644<br \/>\n+Wifi: 2.4GHz\/5GHz<br \/>\n+Slicing Software: Creality Print 5.0 or newer versions<br \/>\n+RFID Sensor in Printer: Included<br \/>\n+UI Languages: English\/German\/Spanish\/French\/Italian\/Portuguese\/Russian\/Turkish\/Japanese\/Korean\/Chinese<\/p>\n<p>CFS SPECIFICATIONS<br \/>\n+Product: CFS<br \/>\n+Supported 3D Printer: K2 Plus<br \/>\n+Dimensions: 379*314*276mm<br \/>\n+Connection Port: Creality 485 *2<br \/>\n+Net Weight: 4.56kg<br \/>\n+Power Supply: DC 24V (No need for extra power supply while connected to K2 Plus)<br \/>\n+Number of Filament Slots: 4<br \/>\n+Rated Power: 20W<br \/>\n+Drying Method: Desiccant<br \/>\n+Status Indicator: Indicator light (white\/red) x 4<br \/>\n+Filament Buffer: IN*4 &amp; OUT*1<br \/>\n+Display Screen: Segment LCD showing temperature and humidity<br \/>\n+Number of Extensions: \u22644<br \/>\n+Filament Spool Compatibility: 1Kg filament spool; diameter: 197-202mm, thickness: 42-68mm<br \/>\n+RFID Filament Recognition: Yes<br \/>\n+Supported Filaments: PLA\/PETG\/ABS\/ASA\/PET\/PLA-CF;<br \/>\n*Not compatible with flexible TPU, damp BVOH\/PVA, or warped cardboard spools.<br \/>\n+Filament Diameter: 1.75\u00b10.05mm<br \/>\n+Auto Filament Relay: Yes<\/p>\n<p>_S\u1ee3i nh\u1ef1a Creality RFID l\u00e0 \u0111\u1ed1i t\u00e1c ho\u00e0n h\u1ea3o cho CFS. Chip RFID \u0111i k\u00e8m m\u1ed7i lo\u1ea1i s\u1ee3i nh\u1ef1a, m\u00e0u s\u1eafc v\u00e0 th\u00f4ng tin kh\u00e1c m\u00e0 CFS c\u00f3 th\u1ec3 \u0111\u1ecdc \u0111\u01b0\u1ee3c. Do \u0111\u00f3, n\u00f3 cho ph\u00e9p qu\u1ea3n l\u00fd s\u1ee3i nh\u1ef1a th\u00f4ng minh, \u0111\u00e2y l\u00e0 ch\u00eca kh\u00f3a cho c\u00e1c t\u00e1c v\u1ee5 nhi\u1ec1u m\u00e0u.<br \/>\nC\u00e1c s\u1ee3i RFID hi\u1ec7n c\u00f3: Hyper PLA RFID, Hyper PAHT-CF.<br \/>\nS\u1ebd c\u00f3 nhi\u1ec1u s\u1ee3i RFID h\u01a1n!<\/p>\n<p>&nbsp;<\/p>\n<p>***Chi ph\u00ed tr\u00ean \u0111\u00e3 bao g\u1ed3m ph\u00ed v\u1eadn chuy\u1ec3n v\u00e0 l\u1eafp r\u1eafp m\u00e1y (HCM) v\u00e0 chuy\u1ec3n giao c\u00f4ng ngh\u1ec7, h\u01b0\u1edbng d\u1eabn s\u1eed d\u1ee5ng m\u00e1y, ph\u1ea7n m\u1ec1m qu\u1ea3n l\u00fd m\u00e1y in 3d K2 Plus<\/p>","protected":false},"excerpt":{"rendered":"<p><strong>M\u00e1y in 3D nhi\u1ec1u m\u00e0u Creality K2 Plus kh\u1ed5 in 35*<em>35*<\/em>35cm<\/strong><br \/>\n_In nhi\u1ec1u m\u00e0u: H\u1ed7 tr\u1ee3 in nhi\u1ec1u m\u00e0u v\u1edbi t\u1ed1i \u0111a 16 m\u00e0u s\u1eed d\u1ee5ng 4 CFS<br \/>\n_M\u00e1y \u0111\u00f9n truy\u1ec1n \u0111\u1ed9ng tr\u1ef1c ti\u1ebfp<br \/>\n_Ph\u00e1t hi\u1ec7n \u0111\u1ed9 nghi\u00eang<br \/>\n_\u0110\u1ed9ng c\u01a1 v\u00f2ng k\u00edn FOC<br \/>\n_Kh\u1ed1i l\u01b0\u1ee3ng x\u00e2y d\u1ef1ng 350 * 350 * 350mm<br \/>\n_M\u00e1y s\u01b0\u1edfi bu\u1ed3ng ho\u1ea1t \u0111\u1ed9ng<br \/>\n<em>Trong h\u1ed9p: K2 Plus + 1<\/em> CFS + 4*500g s\u1ee3i nh\u1ef1a<\/p>\n<p>S\u1ee3i nh\u1ef1a Creality RFID l\u00e0 \u0111\u1ed1i t\u00e1c ho\u00e0n h\u1ea3o cho CFS. Chip RFID \u0111i k\u00e8m m\u1ed7i lo\u1ea1i s\u1ee3i nh\u1ef1a, m\u00e0u s\u1eafc v\u00e0 th\u00f4ng tin kh\u00e1c m\u00e0 CFS c\u00f3 th\u1ec3 \u0111\u1ecdc \u0111\u01b0\u1ee3c. Do \u0111\u00f3, n\u00f3 cho ph\u00e9p qu\u1ea3n l\u00fd s\u1ee3i nh\u1ef1a th\u00f4ng minh, \u0111\u00e2y l\u00e0 ch\u00eca kh\u00f3a cho c\u00e1c t\u00e1c v\u1ee5 nhi\u1ec1u m\u00e0u.<br \/>\nC\u00e1c s\u1ee3i RFID hi\u1ec7n c\u00f3: Hyper PLA RFID, Hyper PAHT-CF.<br \/>\nS\u1ebd c\u00f3 nhi\u1ec1u s\u1ee3i RFID h\u01a1n!<\/p>","protected":false},"featured_media":4678,"comment_status":"open","ping_status":"closed","template":"","meta":{"inline_featured_image":false},"product_brand":[],"product_cat":[39,51],"product_tag":[480,479,478],"class_list":{"0":"post-4655","1":"product","2":"type-product","3":"status-publish","4":"has-post-thumbnail","6":"product_cat-may-in-3d","7":"product_cat-may-in-3d-creality","8":"product_tag-cfs","9":"product_tag-k2-combo-cfs","10":"product_tag-k2-plus","12":"first","13":"instock","14":"sale","15":"featured","16":"taxable","17":"shipping-taxable","18":"purchasable","19":"product-type-variable"},"yoast_head":"<!-- This site is optimized with the Yoast SEO Premium plugin v22.8 (Yoast SEO v26.9) - https:\/\/yoast.com\/product\/yoast-seo-premium-wordpress\/ -->\n<title>M\u00e1y in 3d nhi\u1ec1u m\u00e0u Creality K2 Plus kh\u1ed5 in 35*35*35cm - NGE 3D Printers Services<\/title>\n<meta name=\"robots\" content=\"index, follow, max-snippet:-1, max-image-preview:large, max-video-preview:-1\" \/>\n<link rel=\"canonical\" href=\"https:\/\/nge.vn\/en\/product\/may-in-3d-nhieu-mau-creality-k2-plus-kho-in-35x35x35cm\/\" \/>\n<meta property=\"og:locale\" content=\"en_US\" \/>\n<meta property=\"og:type\" content=\"article\" \/>\n<meta property=\"og:title\" content=\"M\u00e1y in 3d nhi\u1ec1u m\u00e0u Creality K2 Plus kh\u1ed5 in 35*35*35cm\" \/>\n<meta property=\"og:description\" content=\"M\u00e1y in 3D nhi\u1ec1u m\u00e0u Creality K2 Plus kh\u1ed5 in 35*35*35cm _In nhi\u1ec1u m\u00e0u: H\u1ed7 tr\u1ee3 in nhi\u1ec1u m\u00e0u v\u1edbi t\u1ed1i \u0111a 16 m\u00e0u s\u1eed d\u1ee5ng 4 CFS _M\u00e1y \u0111\u00f9n truy\u1ec1n \u0111\u1ed9ng tr\u1ef1c ti\u1ebfp _Ph\u00e1t hi\u1ec7n \u0111\u1ed9 nghi\u00eang _\u0110\u1ed9ng c\u01a1 v\u00f2ng k\u00edn FOC _Kh\u1ed1i l\u01b0\u1ee3ng x\u00e2y d\u1ef1ng 350 * 350 * 350mm _M\u00e1y s\u01b0\u1edfi bu\u1ed3ng ho\u1ea1t \u0111\u1ed9ng Trong h\u1ed9p: K2 Plus + 1 CFS + 4*500g s\u1ee3i nh\u1ef1a  S\u1ee3i nh\u1ef1a Creality RFID l\u00e0 \u0111\u1ed1i t\u00e1c ho\u00e0n h\u1ea3o cho CFS. Chip RFID \u0111i k\u00e8m m\u1ed7i lo\u1ea1i s\u1ee3i nh\u1ef1a, m\u00e0u s\u1eafc v\u00e0 th\u00f4ng tin kh\u00e1c m\u00e0 CFS c\u00f3 th\u1ec3 \u0111\u1ecdc \u0111\u01b0\u1ee3c. Do \u0111\u00f3, n\u00f3 cho ph\u00e9p qu\u1ea3n l\u00fd s\u1ee3i nh\u1ef1a th\u00f4ng minh, \u0111\u00e2y l\u00e0 ch\u00eca kh\u00f3a cho c\u00e1c t\u00e1c v\u1ee5 nhi\u1ec1u m\u00e0u. C\u00e1c s\u1ee3i RFID hi\u1ec7n c\u00f3: Hyper PLA RFID, Hyper PAHT-CF. S\u1ebd c\u00f3 nhi\u1ec1u s\u1ee3i RFID h\u01a1n!\" \/>\n<meta property=\"og:url\" content=\"https:\/\/nge.vn\/en\/product\/may-in-3d-nhieu-mau-creality-k2-plus-kho-in-35x35x35cm\/\" \/>\n<meta property=\"og:site_name\" content=\"NGE 3D Printers Services\" \/>\n<meta property=\"article:modified_time\" content=\"2026-01-09T07:53:10+00:00\" \/>\n<meta property=\"og:image\" content=\"https:\/\/nge.vn\/wp-content\/uploads\/2024\/11\/Untitled-1.png\" \/>\n\t<meta property=\"og:image:width\" content=\"720\" \/>\n\t<meta property=\"og:image:height\" content=\"720\" \/>\n\t<meta property=\"og:image:type\" content=\"image\/png\" \/>\n<meta name=\"twitter:card\" content=\"summary_large_image\" \/>\n<meta name=\"twitter:label1\" content=\"Est. reading time\" \/>\n\t<meta name=\"twitter:data1\" content=\"6 minutes\" \/>\n<script type=\"application\/ld+json\" class=\"yoast-schema-graph\">{\"@context\":\"https:\/\/schema.org\",\"@graph\":[{\"@type\":\"WebPage\",\"@id\":\"https:\/\/nge.vn\/san-pham\/may-in-3d-nhieu-mau-creality-k2-plus-kho-in-35x35x35cm\/\",\"url\":\"https:\/\/nge.vn\/san-pham\/may-in-3d-nhieu-mau-creality-k2-plus-kho-in-35x35x35cm\/\",\"name\":\"M\u00e1y in 3d nhi\u1ec1u m\u00e0u Creality K2 Plus kh\u1ed5 in 35*35*35cm - NGE 3D Printers Services\",\"isPartOf\":{\"@id\":\"https:\/\/nge.vn\/#website\"},\"primaryImageOfPage\":{\"@id\":\"https:\/\/nge.vn\/san-pham\/may-in-3d-nhieu-mau-creality-k2-plus-kho-in-35x35x35cm\/#primaryimage\"},\"image\":{\"@id\":\"https:\/\/nge.vn\/san-pham\/may-in-3d-nhieu-mau-creality-k2-plus-kho-in-35x35x35cm\/#primaryimage\"},\"thumbnailUrl\":\"https:\/\/nge.vn\/wp-content\/uploads\/2024\/11\/Untitled-1.png\",\"datePublished\":\"2024-11-27T06:55:14+00:00\",\"dateModified\":\"2026-01-09T07:53:10+00:00\",\"breadcrumb\":{\"@id\":\"https:\/\/nge.vn\/san-pham\/may-in-3d-nhieu-mau-creality-k2-plus-kho-in-35x35x35cm\/#breadcrumb\"},\"inLanguage\":\"en-US\",\"potentialAction\":[{\"@type\":\"ReadAction\",\"target\":[\"https:\/\/nge.vn\/san-pham\/may-in-3d-nhieu-mau-creality-k2-plus-kho-in-35x35x35cm\/\"]}]},{\"@type\":\"ImageObject\",\"inLanguage\":\"en-US\",\"@id\":\"https:\/\/nge.vn\/san-pham\/may-in-3d-nhieu-mau-creality-k2-plus-kho-in-35x35x35cm\/#primaryimage\",\"url\":\"https:\/\/nge.vn\/wp-content\/uploads\/2024\/11\/Untitled-1.png\",\"contentUrl\":\"https:\/\/nge.vn\/wp-content\/uploads\/2024\/11\/Untitled-1.png\",\"width\":720,\"height\":720,\"caption\":\"M\u00e1y in 3d Creality K2 Plus & CFS\"},{\"@type\":\"BreadcrumbList\",\"@id\":\"https:\/\/nge.vn\/san-pham\/may-in-3d-nhieu-mau-creality-k2-plus-kho-in-35x35x35cm\/#breadcrumb\",\"itemListElement\":[{\"@type\":\"ListItem\",\"position\":1,\"name\":\"Trang ch\u1ee7\",\"item\":\"https:\/\/nge.vn\/\"},{\"@type\":\"ListItem\",\"position\":2,\"name\":\"S\u1ea3n ph\u1ea9m\",\"item\":\"https:\/\/nge.vn\/san-pham\/\"},{\"@type\":\"ListItem\",\"position\":3,\"name\":\"M\u00e1y in 3d nhi\u1ec1u m\u00e0u Creality K2 Plus kh\u1ed5 in 35*35*35cm\"}]},{\"@type\":\"WebSite\",\"@id\":\"https:\/\/nge.vn\/#website\",\"url\":\"https:\/\/nge.vn\/\",\"name\":\"NGE 3D Printers Services\",\"description\":\"\",\"potentialAction\":[{\"@type\":\"SearchAction\",\"target\":{\"@type\":\"EntryPoint\",\"urlTemplate\":\"https:\/\/nge.vn\/?s={search_term_string}\"},\"query-input\":{\"@type\":\"PropertyValueSpecification\",\"valueRequired\":true,\"valueName\":\"search_term_string\"}}],\"inLanguage\":\"en-US\"}]}<\/script>\n<!-- \/ Yoast SEO Premium plugin. -->","yoast_head_json":{"title":"M\u00e1y in 3d nhi\u1ec1u m\u00e0u Creality K2 Plus kh\u1ed5 in 35*35*35cm - NGE 3D Printers Services","robots":{"index":"index","follow":"follow","max-snippet":"max-snippet:-1","max-image-preview":"max-image-preview:large","max-video-preview":"max-video-preview:-1"},"canonical":"https:\/\/nge.vn\/en\/product\/may-in-3d-nhieu-mau-creality-k2-plus-kho-in-35x35x35cm\/","og_locale":"en_US","og_type":"article","og_title":"M\u00e1y in 3d nhi\u1ec1u m\u00e0u Creality K2 Plus kh\u1ed5 in 35*35*35cm","og_description":"M\u00e1y in 3D nhi\u1ec1u m\u00e0u Creality K2 Plus kh\u1ed5 in 35*35*35cm _In nhi\u1ec1u m\u00e0u: H\u1ed7 tr\u1ee3 in nhi\u1ec1u m\u00e0u v\u1edbi t\u1ed1i \u0111a 16 m\u00e0u s\u1eed d\u1ee5ng 4 CFS _M\u00e1y \u0111\u00f9n truy\u1ec1n \u0111\u1ed9ng tr\u1ef1c ti\u1ebfp _Ph\u00e1t hi\u1ec7n \u0111\u1ed9 nghi\u00eang _\u0110\u1ed9ng c\u01a1 v\u00f2ng k\u00edn FOC _Kh\u1ed1i l\u01b0\u1ee3ng x\u00e2y d\u1ef1ng 350 * 350 * 350mm _M\u00e1y s\u01b0\u1edfi bu\u1ed3ng ho\u1ea1t \u0111\u1ed9ng Trong h\u1ed9p: K2 Plus + 1 CFS + 4*500g s\u1ee3i nh\u1ef1a  S\u1ee3i nh\u1ef1a Creality RFID l\u00e0 \u0111\u1ed1i t\u00e1c ho\u00e0n h\u1ea3o cho CFS. Chip RFID \u0111i k\u00e8m m\u1ed7i lo\u1ea1i s\u1ee3i nh\u1ef1a, m\u00e0u s\u1eafc v\u00e0 th\u00f4ng tin kh\u00e1c m\u00e0 CFS c\u00f3 th\u1ec3 \u0111\u1ecdc \u0111\u01b0\u1ee3c. Do \u0111\u00f3, n\u00f3 cho ph\u00e9p qu\u1ea3n l\u00fd s\u1ee3i nh\u1ef1a th\u00f4ng minh, \u0111\u00e2y l\u00e0 ch\u00eca kh\u00f3a cho c\u00e1c t\u00e1c v\u1ee5 nhi\u1ec1u m\u00e0u. C\u00e1c s\u1ee3i RFID hi\u1ec7n c\u00f3: Hyper PLA RFID, Hyper PAHT-CF. S\u1ebd c\u00f3 nhi\u1ec1u s\u1ee3i RFID h\u01a1n!","og_url":"https:\/\/nge.vn\/en\/product\/may-in-3d-nhieu-mau-creality-k2-plus-kho-in-35x35x35cm\/","og_site_name":"NGE 3D Printers Services","article_modified_time":"2026-01-09T07:53:10+00:00","og_image":[{"width":720,"height":720,"url":"https:\/\/nge.vn\/wp-content\/uploads\/2024\/11\/Untitled-1.png","type":"image\/png"}],"twitter_card":"summary_large_image","twitter_misc":{"Est. reading time":"6 minutes"},"schema":{"@context":"https:\/\/schema.org","@graph":[{"@type":"WebPage","@id":"https:\/\/nge.vn\/san-pham\/may-in-3d-nhieu-mau-creality-k2-plus-kho-in-35x35x35cm\/","url":"https:\/\/nge.vn\/san-pham\/may-in-3d-nhieu-mau-creality-k2-plus-kho-in-35x35x35cm\/","name":"M\u00e1y in 3d nhi\u1ec1u m\u00e0u Creality K2 Plus kh\u1ed5 in 35*35*35cm - NGE 3D Printers Services","isPartOf":{"@id":"https:\/\/nge.vn\/#website"},"primaryImageOfPage":{"@id":"https:\/\/nge.vn\/san-pham\/may-in-3d-nhieu-mau-creality-k2-plus-kho-in-35x35x35cm\/#primaryimage"},"image":{"@id":"https:\/\/nge.vn\/san-pham\/may-in-3d-nhieu-mau-creality-k2-plus-kho-in-35x35x35cm\/#primaryimage"},"thumbnailUrl":"https:\/\/nge.vn\/wp-content\/uploads\/2024\/11\/Untitled-1.png","datePublished":"2024-11-27T06:55:14+00:00","dateModified":"2026-01-09T07:53:10+00:00","breadcrumb":{"@id":"https:\/\/nge.vn\/san-pham\/may-in-3d-nhieu-mau-creality-k2-plus-kho-in-35x35x35cm\/#breadcrumb"},"inLanguage":"en-US","potentialAction":[{"@type":"ReadAction","target":["https:\/\/nge.vn\/san-pham\/may-in-3d-nhieu-mau-creality-k2-plus-kho-in-35x35x35cm\/"]}]},{"@type":"ImageObject","inLanguage":"en-US","@id":"https:\/\/nge.vn\/san-pham\/may-in-3d-nhieu-mau-creality-k2-plus-kho-in-35x35x35cm\/#primaryimage","url":"https:\/\/nge.vn\/wp-content\/uploads\/2024\/11\/Untitled-1.png","contentUrl":"https:\/\/nge.vn\/wp-content\/uploads\/2024\/11\/Untitled-1.png","width":720,"height":720,"caption":"M\u00e1y in 3d Creality K2 Plus & CFS"},{"@type":"BreadcrumbList","@id":"https:\/\/nge.vn\/san-pham\/may-in-3d-nhieu-mau-creality-k2-plus-kho-in-35x35x35cm\/#breadcrumb","itemListElement":[{"@type":"ListItem","position":1,"name":"Trang ch\u1ee7","item":"https:\/\/nge.vn\/"},{"@type":"ListItem","position":2,"name":"S\u1ea3n ph\u1ea9m","item":"https:\/\/nge.vn\/san-pham\/"},{"@type":"ListItem","position":3,"name":"M\u00e1y in 3d nhi\u1ec1u m\u00e0u Creality K2 Plus kh\u1ed5 in 35*35*35cm"}]},{"@type":"WebSite","@id":"https:\/\/nge.vn\/#website","url":"https:\/\/nge.vn\/","name":"NGE 3D Printers Services","description":"","potentialAction":[{"@type":"SearchAction","target":{"@type":"EntryPoint","urlTemplate":"https:\/\/nge.vn\/?s={search_term_string}"},"query-input":{"@type":"PropertyValueSpecification","valueRequired":true,"valueName":"search_term_string"}}],"inLanguage":"en-US"}]}},"_links":{"self":[{"href":"https:\/\/nge.vn\/en\/wp-json\/wp\/v2\/product\/4655","targetHints":{"allow":["GET"]}}],"collection":[{"href":"https:\/\/nge.vn\/en\/wp-json\/wp\/v2\/product"}],"about":[{"href":"https:\/\/nge.vn\/en\/wp-json\/wp\/v2\/types\/product"}],"replies":[{"embeddable":true,"href":"https:\/\/nge.vn\/en\/wp-json\/wp\/v2\/comments?post=4655"}],"wp:featuredmedia":[{"embeddable":true,"href":"https:\/\/nge.vn\/en\/wp-json\/wp\/v2\/media\/4678"}],"wp:attachment":[{"href":"https:\/\/nge.vn\/en\/wp-json\/wp\/v2\/media?parent=4655"}],"wp:term":[{"taxonomy":"product_brand","embeddable":true,"href":"https:\/\/nge.vn\/en\/wp-json\/wp\/v2\/product_brand?post=4655"},{"taxonomy":"product_cat","embeddable":true,"href":"https:\/\/nge.vn\/en\/wp-json\/wp\/v2\/product_cat?post=4655"},{"taxonomy":"product_tag","embeddable":true,"href":"https:\/\/nge.vn\/en\/wp-json\/wp\/v2\/product_tag?post=4655"}],"curies":[{"name":"wp","href":"https:\/\/api.w.org\/{rel}","templated":true}]}}