{"id":462,"date":"2024-10-25T12:30:07","date_gmt":"2024-10-25T05:30:07","guid":{"rendered":"https:\/\/nge.123websitedev.com\/san-pham\/nhua-in-3d-esun-pla-luminous-hieu-ung-phat-sang-trong-toi-1kg-cuon\/"},"modified":"2025-04-11T19:06:01","modified_gmt":"2025-04-11T12:06:01","slug":"nhua-in-3d-esun-pla-luminous-hieu-ung-phat-sang-trong-toi-1kg-cuon","status":"publish","type":"product","link":"https:\/\/nge.vn\/en\/product\/nhua-in-3d-esun-pla-luminous-hieu-ung-phat-sang-trong-toi-1kg-cuon\/","title":{"rendered":"Nh\u1ef1a in 3D ESUN PLA Luminous hi\u1ec7u \u1ee9ng ph\u00e1t s\u00e1ng trong t\u1ed1i 1kg\/Cu\u1ed9n"},"content":{"rendered":"<p>Nh\u1ef1a in 3D PLA Luminous hi\u1ec7u \u1ee9ng ph\u00e1t s\u00e1ng trong t\u1ed1i 1kg\/Cu\u1ed9n<br \/>\n_S\u1ea3n ph\u1ea9m \u0111\u01b0\u1ee3c s\u1eeda \u0111\u1ed5i d\u1ef1a tr\u00ean ch\u1ea5t li\u1ec7u PLA, ngo\u00e0i ra n\u00f3 c\u00f2n c\u00f3 hi\u1ec7u \u1ee9ng ph\u00e1t s\u00e1ng tuy\u1ec7t \u0111\u1eb9p .PLA l\u00e0 ch\u1ea5t li\u1ec7u th\u00e2n thi\u1ec7n v\u1edbi m\u00f4i tr\u01b0\u1eddng v\u00e0 d\u1ec5 in \u1ea5n.<br \/>\n_Hi\u1ec7u \u1ee9ng \u00e1nh s\u00e1ng tuy\u1ec7t \u0111\u1eb9p<br \/>\n_Kh\u1ea3 n\u0103ng in tuy\u1ec7t v\u1eddi<br \/>\n_\u1ee8ng d\u1ee5ng: in \u0111\u1ed3 ch\u01a1i v\u00e0 \u0111\u1ed3 trang tr\u00ed&#8230;<\/p>\n<p>**B\u1ea3ng thu\u1ed9c t\u00ednh nh\u1ef1a PLA Luminous<br \/>\n+3D PRINTING FILAMENT: PLA<br \/>\n+Density(g\/cm3): 1.2<br \/>\n+Heat Distortion Temp(\u2103,0.45MPa): 53<br \/>\n+Melt Flow Index(g\/10min): 3.5\uff08190\u2103\/2.16kg\uff09<br \/>\n+Tensile Strength(MPa): 72<br \/>\n+Elongation at Break(%): 11.8<br \/>\n+Flexural Strength(MPa): 90<br \/>\n+Flexural Modulus(MPa): 1915<br \/>\n+IZOD Impact Strength(kJ\/\u33a1): 5.4<br \/>\n+Durability: 4\/10<br \/>\n+Printability: 9\/10<\/p>\n<p>**Recommended printing parameters (C\u00e1c th\u00f4ng s\u1ed1 in \u0111\u1ec1 xu\u1ea5t)<br \/>\n+Extruder Temperature(\u2103): 210-230\u2103<br \/>\n+Bed temperature(\u2103): 45 \u2013 60\u00b0C<br \/>\n+Fan Speed: 100%<br \/>\n+Printing Speed: 40 \u2013 100mm\/s<br \/>\n+Heated Bed: Optional<br \/>\n+Recommended Build Surfaces: Masking paper, PVP solid glue, glass board, carbon fiber board, PEI<\/p>\n<p>***Nh\u1ef1a d\u1ec5 \u1ea9m n\u00ean vui l\u00f2ng b\u1ea3o qu\u1ea3n \u0111\u1ec3 trong h\u1ed9p c\u00f3 t\u00fai h\u1ed9t h\u00fat \u1ea9m ho\u1eb7c b\u1ecf trong h\u1ed9p s\u1ea5y nh\u1ef1a khi s\u1eed d\u1ee5ng \u0111\u1ec3 tr\u00e1nh nh\u1ef1a b\u1ecb \u1ea9m<\/p>\n<p>**\u0110\u1ec3 \u0111\u01b0\u1ee3c nh\u1eadn h\u1ed9 tr\u1ee3 th\u00eam v\u1ec1 Gi\u00e1 v\u00e0 Th\u00f4ng tin c\u1ee7a s\u1ea3n ph\u1ea9m, vui l\u00f2ng li\u00ean h\u1ec7:<br \/>\n0913.939.775 g\u1eb7p A. Qu\u00e2n (for English)<br \/>\n094.144.0951 contact A.Quynh<br \/>\n**Selling price does not include VAT (+10% if VAT invoice is issued)<\/p>","protected":false},"excerpt":{"rendered":"<p>Nh\u1ef1a in 3D ESUN PLA Luminous hi\u1ec7u \u1ee9ng ph\u00e1t s\u00e1ng trong t\u1ed1i 1kg\/Cu\u1ed9n<\/p>","protected":false},"featured_media":453,"comment_status":"open","ping_status":"closed","template":"","meta":{"inline_featured_image":false},"product_brand":[],"product_cat":[455,464],"product_tag":[],"class_list":{"0":"post-462","1":"product","2":"type-product","3":"status-publish","4":"has-post-thumbnail","6":"product_cat-nhua-in-3d","7":"product_cat-nhua-in-3d-resin-esun","9":"first","10":"instock","11":"sale","12":"taxable","13":"shipping-taxable","14":"purchasable","15":"product-type-variable"},"yoast_head":"<!-- This site is optimized with the Yoast SEO Premium plugin v22.8 (Yoast SEO v26.9) - https:\/\/yoast.com\/product\/yoast-seo-premium-wordpress\/ -->\n<title>Nh\u1ef1a in 3D ESUN PLA Luminous hi\u1ec7u \u1ee9ng ph\u00e1t s\u00e1ng trong t\u1ed1i 1kg\/Cu\u1ed9n - NGE 3D Printers Services<\/title>\n<meta name=\"robots\" content=\"index, follow, max-snippet:-1, max-image-preview:large, max-video-preview:-1\" \/>\n<link rel=\"canonical\" href=\"https:\/\/nge.vn\/en\/product\/nhua-in-3d-esun-pla-luminous-hieu-ung-phat-sang-trong-toi-1kg-cuon\/\" \/>\n<meta property=\"og:locale\" content=\"en_US\" \/>\n<meta property=\"og:type\" content=\"article\" \/>\n<meta property=\"og:title\" content=\"Nh\u1ef1a in 3D ESUN PLA Luminous hi\u1ec7u \u1ee9ng ph\u00e1t s\u00e1ng trong t\u1ed1i 1kg\/Cu\u1ed9n\" \/>\n<meta property=\"og:description\" content=\"Nh\u1ef1a in 3D ESUN PLA Luminous hi\u1ec7u \u1ee9ng ph\u00e1t s\u00e1ng trong t\u1ed1i 1kg\/Cu\u1ed9n\" \/>\n<meta property=\"og:url\" content=\"https:\/\/nge.vn\/en\/product\/nhua-in-3d-esun-pla-luminous-hieu-ung-phat-sang-trong-toi-1kg-cuon\/\" \/>\n<meta property=\"og:site_name\" content=\"NGE 3D Printers Services\" \/>\n<meta property=\"article:modified_time\" content=\"2025-04-11T12:06:01+00:00\" \/>\n<meta property=\"og:image\" content=\"https:\/\/nge.vn\/wp-content\/uploads\/2024\/10\/images-upload-woo2F9c77dbbaac656d7531bd9957565014a1.jpg\" \/>\n\t<meta property=\"og:image:width\" content=\"720\" \/>\n\t<meta property=\"og:image:height\" content=\"720\" \/>\n\t<meta property=\"og:image:type\" content=\"image\/jpeg\" \/>\n<meta name=\"twitter:card\" content=\"summary_large_image\" \/>\n<meta name=\"twitter:label1\" content=\"Est. reading time\" \/>\n\t<meta name=\"twitter:data1\" content=\"1 minute\" \/>\n<script type=\"application\/ld+json\" class=\"yoast-schema-graph\">{\"@context\":\"https:\/\/schema.org\",\"@graph\":[{\"@type\":\"WebPage\",\"@id\":\"https:\/\/nge.vn\/san-pham\/nhua-in-3d-esun-pla-luminous-hieu-ung-phat-sang-trong-toi-1kg-cuon\/\",\"url\":\"https:\/\/nge.vn\/san-pham\/nhua-in-3d-esun-pla-luminous-hieu-ung-phat-sang-trong-toi-1kg-cuon\/\",\"name\":\"Nh\u1ef1a in 3D ESUN PLA Luminous hi\u1ec7u \u1ee9ng ph\u00e1t s\u00e1ng trong t\u1ed1i 1kg\/Cu\u1ed9n - NGE 3D Printers Services\",\"isPartOf\":{\"@id\":\"https:\/\/nge.vn\/#website\"},\"primaryImageOfPage\":{\"@id\":\"https:\/\/nge.vn\/san-pham\/nhua-in-3d-esun-pla-luminous-hieu-ung-phat-sang-trong-toi-1kg-cuon\/#primaryimage\"},\"image\":{\"@id\":\"https:\/\/nge.vn\/san-pham\/nhua-in-3d-esun-pla-luminous-hieu-ung-phat-sang-trong-toi-1kg-cuon\/#primaryimage\"},\"thumbnailUrl\":\"https:\/\/nge.vn\/wp-content\/uploads\/2024\/10\/images-upload-woo2F9c77dbbaac656d7531bd9957565014a1.jpg\",\"datePublished\":\"2024-10-25T05:30:07+00:00\",\"dateModified\":\"2025-04-11T12:06:01+00:00\",\"breadcrumb\":{\"@id\":\"https:\/\/nge.vn\/san-pham\/nhua-in-3d-esun-pla-luminous-hieu-ung-phat-sang-trong-toi-1kg-cuon\/#breadcrumb\"},\"inLanguage\":\"en-US\",\"potentialAction\":[{\"@type\":\"ReadAction\",\"target\":[\"https:\/\/nge.vn\/san-pham\/nhua-in-3d-esun-pla-luminous-hieu-ung-phat-sang-trong-toi-1kg-cuon\/\"]}]},{\"@type\":\"ImageObject\",\"inLanguage\":\"en-US\",\"@id\":\"https:\/\/nge.vn\/san-pham\/nhua-in-3d-esun-pla-luminous-hieu-ung-phat-sang-trong-toi-1kg-cuon\/#primaryimage\",\"url\":\"https:\/\/nge.vn\/wp-content\/uploads\/2024\/10\/images-upload-woo2F9c77dbbaac656d7531bd9957565014a1.jpg\",\"contentUrl\":\"https:\/\/nge.vn\/wp-content\/uploads\/2024\/10\/images-upload-woo2F9c77dbbaac656d7531bd9957565014a1.jpg\",\"width\":720,\"height\":720},{\"@type\":\"BreadcrumbList\",\"@id\":\"https:\/\/nge.vn\/san-pham\/nhua-in-3d-esun-pla-luminous-hieu-ung-phat-sang-trong-toi-1kg-cuon\/#breadcrumb\",\"itemListElement\":[{\"@type\":\"ListItem\",\"position\":1,\"name\":\"Trang ch\u1ee7\",\"item\":\"https:\/\/nge.vn\/\"},{\"@type\":\"ListItem\",\"position\":2,\"name\":\"S\u1ea3n ph\u1ea9m\",\"item\":\"https:\/\/nge.vn\/san-pham\/\"},{\"@type\":\"ListItem\",\"position\":3,\"name\":\"Nh\u1ef1a in 3D ESUN PLA Luminous hi\u1ec7u \u1ee9ng ph\u00e1t s\u00e1ng trong t\u1ed1i 1kg\/Cu\u1ed9n\"}]},{\"@type\":\"WebSite\",\"@id\":\"https:\/\/nge.vn\/#website\",\"url\":\"https:\/\/nge.vn\/\",\"name\":\"NGE 3D Printers Services\",\"description\":\"\",\"potentialAction\":[{\"@type\":\"SearchAction\",\"target\":{\"@type\":\"EntryPoint\",\"urlTemplate\":\"https:\/\/nge.vn\/?s={search_term_string}\"},\"query-input\":{\"@type\":\"PropertyValueSpecification\",\"valueRequired\":true,\"valueName\":\"search_term_string\"}}],\"inLanguage\":\"en-US\"}]}<\/script>\n<!-- \/ Yoast SEO Premium plugin. -->","yoast_head_json":{"title":"Nh\u1ef1a in 3D ESUN PLA Luminous hi\u1ec7u \u1ee9ng ph\u00e1t s\u00e1ng trong t\u1ed1i 1kg\/Cu\u1ed9n - NGE 3D Printers Services","robots":{"index":"index","follow":"follow","max-snippet":"max-snippet:-1","max-image-preview":"max-image-preview:large","max-video-preview":"max-video-preview:-1"},"canonical":"https:\/\/nge.vn\/en\/product\/nhua-in-3d-esun-pla-luminous-hieu-ung-phat-sang-trong-toi-1kg-cuon\/","og_locale":"en_US","og_type":"article","og_title":"Nh\u1ef1a in 3D ESUN PLA Luminous hi\u1ec7u \u1ee9ng ph\u00e1t s\u00e1ng trong t\u1ed1i 1kg\/Cu\u1ed9n","og_description":"Nh\u1ef1a in 3D ESUN PLA Luminous hi\u1ec7u \u1ee9ng ph\u00e1t s\u00e1ng trong t\u1ed1i 1kg\/Cu\u1ed9n","og_url":"https:\/\/nge.vn\/en\/product\/nhua-in-3d-esun-pla-luminous-hieu-ung-phat-sang-trong-toi-1kg-cuon\/","og_site_name":"NGE 3D Printers Services","article_modified_time":"2025-04-11T12:06:01+00:00","og_image":[{"width":720,"height":720,"url":"https:\/\/nge.vn\/wp-content\/uploads\/2024\/10\/images-upload-woo2F9c77dbbaac656d7531bd9957565014a1.jpg","type":"image\/jpeg"}],"twitter_card":"summary_large_image","twitter_misc":{"Est. reading time":"1 minute"},"schema":{"@context":"https:\/\/schema.org","@graph":[{"@type":"WebPage","@id":"https:\/\/nge.vn\/san-pham\/nhua-in-3d-esun-pla-luminous-hieu-ung-phat-sang-trong-toi-1kg-cuon\/","url":"https:\/\/nge.vn\/san-pham\/nhua-in-3d-esun-pla-luminous-hieu-ung-phat-sang-trong-toi-1kg-cuon\/","name":"Nh\u1ef1a in 3D ESUN PLA Luminous hi\u1ec7u \u1ee9ng ph\u00e1t s\u00e1ng trong t\u1ed1i 1kg\/Cu\u1ed9n - NGE 3D Printers Services","isPartOf":{"@id":"https:\/\/nge.vn\/#website"},"primaryImageOfPage":{"@id":"https:\/\/nge.vn\/san-pham\/nhua-in-3d-esun-pla-luminous-hieu-ung-phat-sang-trong-toi-1kg-cuon\/#primaryimage"},"image":{"@id":"https:\/\/nge.vn\/san-pham\/nhua-in-3d-esun-pla-luminous-hieu-ung-phat-sang-trong-toi-1kg-cuon\/#primaryimage"},"thumbnailUrl":"https:\/\/nge.vn\/wp-content\/uploads\/2024\/10\/images-upload-woo2F9c77dbbaac656d7531bd9957565014a1.jpg","datePublished":"2024-10-25T05:30:07+00:00","dateModified":"2025-04-11T12:06:01+00:00","breadcrumb":{"@id":"https:\/\/nge.vn\/san-pham\/nhua-in-3d-esun-pla-luminous-hieu-ung-phat-sang-trong-toi-1kg-cuon\/#breadcrumb"},"inLanguage":"en-US","potentialAction":[{"@type":"ReadAction","target":["https:\/\/nge.vn\/san-pham\/nhua-in-3d-esun-pla-luminous-hieu-ung-phat-sang-trong-toi-1kg-cuon\/"]}]},{"@type":"ImageObject","inLanguage":"en-US","@id":"https:\/\/nge.vn\/san-pham\/nhua-in-3d-esun-pla-luminous-hieu-ung-phat-sang-trong-toi-1kg-cuon\/#primaryimage","url":"https:\/\/nge.vn\/wp-content\/uploads\/2024\/10\/images-upload-woo2F9c77dbbaac656d7531bd9957565014a1.jpg","contentUrl":"https:\/\/nge.vn\/wp-content\/uploads\/2024\/10\/images-upload-woo2F9c77dbbaac656d7531bd9957565014a1.jpg","width":720,"height":720},{"@type":"BreadcrumbList","@id":"https:\/\/nge.vn\/san-pham\/nhua-in-3d-esun-pla-luminous-hieu-ung-phat-sang-trong-toi-1kg-cuon\/#breadcrumb","itemListElement":[{"@type":"ListItem","position":1,"name":"Trang ch\u1ee7","item":"https:\/\/nge.vn\/"},{"@type":"ListItem","position":2,"name":"S\u1ea3n ph\u1ea9m","item":"https:\/\/nge.vn\/san-pham\/"},{"@type":"ListItem","position":3,"name":"Nh\u1ef1a in 3D ESUN PLA Luminous hi\u1ec7u \u1ee9ng ph\u00e1t s\u00e1ng trong t\u1ed1i 1kg\/Cu\u1ed9n"}]},{"@type":"WebSite","@id":"https:\/\/nge.vn\/#website","url":"https:\/\/nge.vn\/","name":"NGE 3D Printers Services","description":"","potentialAction":[{"@type":"SearchAction","target":{"@type":"EntryPoint","urlTemplate":"https:\/\/nge.vn\/?s={search_term_string}"},"query-input":{"@type":"PropertyValueSpecification","valueRequired":true,"valueName":"search_term_string"}}],"inLanguage":"en-US"}]}},"_links":{"self":[{"href":"https:\/\/nge.vn\/en\/wp-json\/wp\/v2\/product\/462","targetHints":{"allow":["GET"]}}],"collection":[{"href":"https:\/\/nge.vn\/en\/wp-json\/wp\/v2\/product"}],"about":[{"href":"https:\/\/nge.vn\/en\/wp-json\/wp\/v2\/types\/product"}],"replies":[{"embeddable":true,"href":"https:\/\/nge.vn\/en\/wp-json\/wp\/v2\/comments?post=462"}],"wp:featuredmedia":[{"embeddable":true,"href":"https:\/\/nge.vn\/en\/wp-json\/wp\/v2\/media\/453"}],"wp:attachment":[{"href":"https:\/\/nge.vn\/en\/wp-json\/wp\/v2\/media?parent=462"}],"wp:term":[{"taxonomy":"product_brand","embeddable":true,"href":"https:\/\/nge.vn\/en\/wp-json\/wp\/v2\/product_brand?post=462"},{"taxonomy":"product_cat","embeddable":true,"href":"https:\/\/nge.vn\/en\/wp-json\/wp\/v2\/product_cat?post=462"},{"taxonomy":"product_tag","embeddable":true,"href":"https:\/\/nge.vn\/en\/wp-json\/wp\/v2\/product_tag?post=462"}],"curies":[{"name":"wp","href":"https:\/\/api.w.org\/{rel}","templated":true}]}}