{"id":448,"date":"2024-10-25T12:26:51","date_gmt":"2024-10-25T05:26:51","guid":{"rendered":"https:\/\/nge.123websitedev.com\/san-pham\/may-in-3d-creality-ender-3-kho-in-222225cm\/"},"modified":"2024-10-29T15:08:12","modified_gmt":"2024-10-29T08:08:12","slug":"may-in-3d-creality-ender-3-kho-in-222225cm","status":"publish","type":"product","link":"https:\/\/nge.vn\/en\/product\/may-in-3d-creality-ender-3-kho-in-222225cm\/","title":{"rendered":"M\u00e1y in 3D Creality Ender 3 kh\u1ed5 in 22*22*25cm"},"content":{"rendered":"<p>_M\u00e1y in 3d Creality Ender 3 l\u00e0 M\u00e1y in 3D t\u1ed1t nh\u1ea5t d\u01b0\u1edbi $200.<br \/>\n_L\u1eafp r\u00e1p d\u1ec5 d\u00e0ng v\u00e0 nhanh ch\u00f3ng: N\u00f3 \u0111i k\u00e8m v\u1edbi m\u1ed9t s\u1ed1 b\u1ed9 ph\u1eadn l\u1eafp r\u00e1p, b\u1ea1n ch\u1ec9 c\u1ea7n l\u1eafp r\u00e1p t\u1ed1t 20 \u0111ai \u1ed1c.<br \/>\n_C\u00f4ng ngh\u1ec7 \u0111\u00f9n ti\u00ean ti\u1ebfn: M\u00e1y \u0111\u00f9n \u0111\u01b0\u1ee3c n\u00e2ng c\u1ea5p gi\u00fap gi\u1ea3m \u0111\u00e1ng k\u1ec3 r\u1ee7i ro khi c\u1eafm v\u00e0 \u0111\u00f9n k\u00e9m; V-Shape v\u1edbi b\u00e1nh xe POM gi\u00fap n\u00f3 di chuy\u1ec3n kh\u00f4ng \u1ed3n \u00e0o, \u00eam \u00e1i v\u00e0 b\u1ec1n b\u1ec9.<br \/>\n_Ngu\u1ed3n \u0111i\u1ec7n \u0111\u01b0\u1ee3c b\u1ea3o v\u1ec7 an to\u00e0n: Ch\u1ec9 c\u1ea7n 5 ph\u00fat \u0111\u1ec3 t\u1ea5m s\u01b0\u1edfi \u0111\u1ea1t 110 \u2103.<br \/>\n_\u0110\u00e1p \u1ee9ng nhu c\u1ea7u s\u01b0\u1edfi \u1ea5m nhanh, v\u00e0 ABS \u0111\u01b0\u1ee3c in \u0111\u1ec1 ngh\u1ecb \u0111i k\u00e8m v\u1edbi v\u1ecf m\u00e1y in 3d \u0111\u1ec3 gi\u1ea3m t\u1ea3n nhi\u1ec7t.<br \/>\n_Thi\u1ebft b\u1ecb c\u1ea3m \u1ee9ng th\u00f4ng minh: Kh\u00f4ng c\u1ea7n lo l\u1eafng v\u1ec1 vi\u1ec7c m\u1ea5t \u0111i\u1ec7n, b\u1ea3o v\u1ec7 ngu\u1ed3n \u0111i\u1ec7n v\u00e0 Ch\u1ee9c n\u0103ng Ti\u1ebfp t\u1ee5c in (Resume Printing) gi\u00fap b\u1ea1n kh\u00f4ng c\u00f2n lo s\u1ee3 v\u1ec1 vi\u1ec7c t\u1eaft ngu\u1ed3n b\u1ea5t ng\u1edd trong khi in v\u00e0 ti\u1ebft ki\u1ec7m th\u1eddi gian cho v\u1eadt li\u1ec7u.<br \/>\n_\u0110\u00e2y l\u00e0 m\u1ed9t d\u1ef1 \u00e1n tuy\u1ec7t v\u1eddi cho h\u1ecdc sinh trung h\u1ecdc c\u01a1 s\u1edf v\u00e0 trung h\u1ecdc ph\u1ed5 th\u00f4ng. M\u00f3n qu\u00e0 ho\u00e0n h\u1ea3o \u0111\u1ec3 kh\u01a1i d\u1eady t\u00ecnh y\u00eau su\u1ed1t \u0111\u1eddi d\u00e0nh cho khoa h\u1ecdc v\u00e0 k\u1ef9 thu\u1eadt, \u0111\u1ed3ng th\u1eddi cung c\u1ea5p hi\u1ec3u bi\u1ebft s\u00e2u h\u01a1n v\u1ec1 m\u00e1y m\u00f3c!<\/p>\n<p>***C\u00e1c th\u00f4ng s\u1ed1 c\u1ee7a M\u00e1y in 3D Ender 3:<br \/>\n+C\u00f4ng ngh\u1ec7 m\u00f4 h\u00ecnh h\u00f3a: FDM<br \/>\n+Printing Size: 220*220*250mm<br \/>\n+Machine Size: 440*410*465mm<br \/>\n+Package weight: 8kg<br \/>\n+Fliament: PLA \/ ABS \/ TPU<br \/>\n+Input: AC 100-265V 50-60Hz<br \/>\n+Output: DC 24V 15A 360W<br \/>\n+Precision: \u00b10.1mm<br \/>\n+Material shortage detection: No<br \/>\n+Toolbox: No<br \/>\n+Power off Resume Printing: Yes<br \/>\n+Printing Platform: Platform stickers<br \/>\n+Teflon Tube: Ordinary Teflon tube<br \/>\n+Layer Thickness: 0.1-0.4mm<br \/>\n+Screen: Normal Interface<\/p>\n<p>_Ender 3 l\u00e0 m\u1ed9t trong nh\u1eefng m\u00e1y ph\u1ed5 bi\u1ebfn nh\u1ea5t hi\u1ec7n nay tr\u00ean th\u1ecb tr\u01b0\u1eddng. N\u00f3 c\u00f3 k\u00edch th\u01b0\u1edbc b\u1ea3n d\u1ef1ng l\u00e0 22*22*25cm, t\u1ea5m b\u1ea3n d\u1ef1ng \u0111\u01b0\u1ee3c l\u00e0m n\u00f3ng gi\u1ed1ng BuildTak, ch\u1ebf \u0111\u1ed9 ph\u1ee5c h\u1ed3i n\u0103ng l\u01b0\u1ee3ng v\u00e0 \u0111\u01b0\u1eddng d\u1eabn s\u1ee3i nh\u1ef1a ch\u1eb7t ch\u1ebd gi\u00fap in d\u1ec5 d\u00e0ng h\u01a1n v\u1edbi c\u00e1c v\u1eadt li\u1ec7u linh ho\u1ea1t. \u0110\u00e2y l\u00e0 nh\u1eefng thu\u1ed9c t\u00ednh kh\u00f3 t\u00ecm th\u1ea5y \u1edf nh\u1eefng m\u00e1y in \u0111\u1eaft ti\u1ec1n h\u01a1n\u2026<br \/>\n_Ender 3 l\u00e0 m\u1ed9t l\u1ef1a ch\u1ecdn tuy\u1ec7t v\u1eddi cho ng\u01b0\u1eddi m\u1edbi b\u1eaft \u0111\u1ea7u ho\u1eb7c nh\u1eefng nh\u00e0 s\u1ea3n xu\u1ea5t c\u00f3 ng\u00e2n s\u00e1ch h\u1ea1n h\u1eb9p. M\u1eb7c d\u00f9 m\u00e1y in 3D n\u00e0y c\u00f3 nh\u1eefng sai s\u00f3t, nh\u01b0ng kh\u1ea3 n\u0103ng chi tr\u1ea3 khi\u1ebfn n\u00f3 tr\u1edf th\u00e0nh m\u1ed9t kho\u1ea3n \u0111\u1ea7u t\u01b0 \u0111\u00e1ng gi\u00e1. Kh\u00f4ng gi\u1ed1ng nh\u01b0 c\u00e1c t\u00f9y ch\u1ecdn ng\u00e2n s\u00e1ch kh\u00e1c trong ph\u1ea1m vi gi\u00e1 n\u00e0y, nh\u01b0 Anet A8, Creality Ender 3 \u0111\u01b0\u1ee3c chu\u1ea9n b\u1ecb \u0111\u1ec3 in 3D ch\u1ea5t l\u01b0\u1ee3ng cao ngay khi xu\u1ea5t x\u01b0\u1edfng.<br \/>\n_H\u1ec7 th\u1ed1ng \u0111\u00f9n \u0111\u01b0\u1ee3c thi\u1ebft k\u1ebf t\u1ed1t s\u1eed d\u1ee5ng ki\u1ec3u Bowden v\u1edbi \u0111\u01b0\u1eddng d\u1eabn ch\u1eb7t ch\u1ebd \u0111\u1ec3 gi\u00fap t\u1ea1o ra c\u00e1c s\u1ee3i t\u01a1 linh ho\u1ea1t.<br \/>\n_N\u00f3 c\u00f3 th\u1ec3 ho\u1ea1t \u0111\u1ed9ng li\u00ean t\u1ee5c trong 200 gi\u1edd m\u00e0 kh\u00f4ng b\u1ecb \u00e1p l\u1ef1c.<br \/>\n_V-Slot + r\u00f2ng r\u1ecdc ch\u00ednh x\u00e1c, ch\u1ea1y \u00eam h\u01a1n, ch\u1ed1ng m\u00e0i m\u00f2n h\u01a1n. Gi\u1ea3m ti\u1ebfng \u1ed3n hi\u1ec7u qu\u1ea3.<br \/>\n_C\u01a1 ch\u1ebf \u00e9p \u0111\u00f9n MK8 \u0111\u01b0\u1ee3c s\u1eed d\u1ee5ng, gi\u00fap gi\u1ea3m hi\u1ec7u qu\u1ea3 nguy c\u01a1 c\u1eafm v\u00e0 r\u01a1i v\u00e3i k\u00e9m v\u00e0 c\u00f3 th\u1ec3 in h\u1ea7u h\u1ebft t\u1ea5t c\u1ea3 c\u00e1c lo\u1ea1i s\u1ee3i tr\u00ean th\u1ecb tr\u01b0\u1eddng.<br \/>\n_Ngo\u00e0i ra, M\u00e1y in 3D Creality Ender-3 cho ph\u00e9p m\u00e1y in ti\u1ebfp t\u1ee5c in sau khi t\u1eaft ngu\u1ed3n ho\u1eb7c m\u1ea5t hi\u1ec7u l\u1ef1c v\u00e0 v\u1edbi t\u00ednh n\u0103ng b\u1ea3o v\u1ec7 ch\u1ed1ng tho\u00e1t nhi\u1ec7t.<br \/>\n_Gia c\u00f4ng CNC r\u00e3nh l\u1eafp Y-rail \u0111\u1ec3 \u0111\u1ea3m b\u1ea3o \u0111\u1ecbnh v\u1ecb ch\u00ednh x\u00e1c v\u00e0 gi\u1eef khung v\u1eefng ch\u1eafc v\u1edbi ch\u1ea5t l\u01b0\u1ee3ng in ch\u00ednh x\u00e1c cao.<br \/>\n**\u0110\u1ec3 \u0111\u01b0\u1ee3c nh\u1eadn h\u1ed9 tr\u1ee3 th\u00eam v\u1ec1 Gi\u00e1 v\u00e0 Th\u00f4ng tin c\u1ee7a s\u1ea3n ph\u1ea9m, vui l\u00f2ng li\u00ean h\u1ec7:<br \/>\n0913.939.775 g\u1eb7p A. Qu\u00e2n<br \/>\n094.144.0951 contact A.Quynh<br \/>\n**Selling price does not include VAT (+10% if VAT invoice is issued)<\/p>","protected":false},"excerpt":{"rendered":"<p>M\u00e1y in 3D Creality Ender 3 kh\u1ed5 in 22*22*25cm<\/p>","protected":false},"featured_media":439,"comment_status":"open","ping_status":"closed","template":"","meta":{"inline_featured_image":false},"product_brand":[],"product_cat":[39,51],"product_tag":[],"class_list":{"0":"post-448","1":"product","2":"type-product","3":"status-publish","4":"has-post-thumbnail","6":"product_cat-may-in-3d","7":"product_cat-may-in-3d-creality","9":"first","10":"instock","11":"taxable","12":"shipping-taxable","13":"purchasable","14":"product-type-variable"},"yoast_head":"<!-- This site is optimized with the Yoast SEO Premium plugin v22.8 (Yoast SEO v26.9) - https:\/\/yoast.com\/product\/yoast-seo-premium-wordpress\/ -->\n<title>M\u00e1y in 3D Creality Ender 3 kh\u1ed5 in 22*22*25cm - NGE 3D Printers Services<\/title>\n<meta name=\"robots\" content=\"index, follow, max-snippet:-1, max-image-preview:large, max-video-preview:-1\" \/>\n<link rel=\"canonical\" href=\"https:\/\/nge.vn\/en\/product\/may-in-3d-creality-ender-3-kho-in-222225cm\/\" \/>\n<meta property=\"og:locale\" content=\"en_US\" \/>\n<meta property=\"og:type\" content=\"article\" \/>\n<meta property=\"og:title\" content=\"M\u00e1y in 3D Creality Ender 3 kh\u1ed5 in 22*22*25cm\" \/>\n<meta property=\"og:description\" content=\"M\u00e1y in 3D Creality Ender 3 kh\u1ed5 in 22*22*25cm\" \/>\n<meta property=\"og:url\" content=\"https:\/\/nge.vn\/en\/product\/may-in-3d-creality-ender-3-kho-in-222225cm\/\" \/>\n<meta property=\"og:site_name\" content=\"NGE 3D Printers Services\" \/>\n<meta property=\"article:modified_time\" content=\"2024-10-29T08:08:12+00:00\" \/>\n<meta property=\"og:image\" content=\"https:\/\/nge.vn\/wp-content\/uploads\/2024\/10\/images-upload-woo2F6121d92bfe82deb19658a1396ee5103c.jpg\" \/>\n\t<meta property=\"og:image:width\" content=\"900\" \/>\n\t<meta property=\"og:image:height\" content=\"900\" \/>\n\t<meta property=\"og:image:type\" content=\"image\/jpeg\" \/>\n<meta name=\"twitter:card\" content=\"summary_large_image\" \/>\n<meta name=\"twitter:label1\" content=\"Est. reading time\" \/>\n\t<meta name=\"twitter:data1\" content=\"4 minutes\" \/>\n<script type=\"application\/ld+json\" class=\"yoast-schema-graph\">{\"@context\":\"https:\/\/schema.org\",\"@graph\":[{\"@type\":\"WebPage\",\"@id\":\"https:\/\/nge.vn\/san-pham\/may-in-3d-creality-ender-3-kho-in-222225cm\/\",\"url\":\"https:\/\/nge.vn\/san-pham\/may-in-3d-creality-ender-3-kho-in-222225cm\/\",\"name\":\"M\u00e1y in 3D Creality Ender 3 kh\u1ed5 in 22*22*25cm - NGE 3D Printers Services\",\"isPartOf\":{\"@id\":\"https:\/\/nge.vn\/#website\"},\"primaryImageOfPage\":{\"@id\":\"https:\/\/nge.vn\/san-pham\/may-in-3d-creality-ender-3-kho-in-222225cm\/#primaryimage\"},\"image\":{\"@id\":\"https:\/\/nge.vn\/san-pham\/may-in-3d-creality-ender-3-kho-in-222225cm\/#primaryimage\"},\"thumbnailUrl\":\"https:\/\/nge.vn\/wp-content\/uploads\/2024\/10\/images-upload-woo2F6121d92bfe82deb19658a1396ee5103c.jpg\",\"datePublished\":\"2024-10-25T05:26:51+00:00\",\"dateModified\":\"2024-10-29T08:08:12+00:00\",\"breadcrumb\":{\"@id\":\"https:\/\/nge.vn\/san-pham\/may-in-3d-creality-ender-3-kho-in-222225cm\/#breadcrumb\"},\"inLanguage\":\"en-US\",\"potentialAction\":[{\"@type\":\"ReadAction\",\"target\":[\"https:\/\/nge.vn\/san-pham\/may-in-3d-creality-ender-3-kho-in-222225cm\/\"]}]},{\"@type\":\"ImageObject\",\"inLanguage\":\"en-US\",\"@id\":\"https:\/\/nge.vn\/san-pham\/may-in-3d-creality-ender-3-kho-in-222225cm\/#primaryimage\",\"url\":\"https:\/\/nge.vn\/wp-content\/uploads\/2024\/10\/images-upload-woo2F6121d92bfe82deb19658a1396ee5103c.jpg\",\"contentUrl\":\"https:\/\/nge.vn\/wp-content\/uploads\/2024\/10\/images-upload-woo2F6121d92bfe82deb19658a1396ee5103c.jpg\",\"width\":900,\"height\":900},{\"@type\":\"BreadcrumbList\",\"@id\":\"https:\/\/nge.vn\/san-pham\/may-in-3d-creality-ender-3-kho-in-222225cm\/#breadcrumb\",\"itemListElement\":[{\"@type\":\"ListItem\",\"position\":1,\"name\":\"Trang ch\u1ee7\",\"item\":\"https:\/\/nge.vn\/\"},{\"@type\":\"ListItem\",\"position\":2,\"name\":\"S\u1ea3n ph\u1ea9m\",\"item\":\"https:\/\/nge.vn\/san-pham\/\"},{\"@type\":\"ListItem\",\"position\":3,\"name\":\"M\u00e1y in 3D Creality Ender 3 kh\u1ed5 in 22*22*25cm\"}]},{\"@type\":\"WebSite\",\"@id\":\"https:\/\/nge.vn\/#website\",\"url\":\"https:\/\/nge.vn\/\",\"name\":\"NGE 3D Printers Services\",\"description\":\"\",\"potentialAction\":[{\"@type\":\"SearchAction\",\"target\":{\"@type\":\"EntryPoint\",\"urlTemplate\":\"https:\/\/nge.vn\/?s={search_term_string}\"},\"query-input\":{\"@type\":\"PropertyValueSpecification\",\"valueRequired\":true,\"valueName\":\"search_term_string\"}}],\"inLanguage\":\"en-US\"}]}<\/script>\n<!-- \/ Yoast SEO Premium plugin. -->","yoast_head_json":{"title":"M\u00e1y in 3D Creality Ender 3 kh\u1ed5 in 22*22*25cm - NGE 3D Printers Services","robots":{"index":"index","follow":"follow","max-snippet":"max-snippet:-1","max-image-preview":"max-image-preview:large","max-video-preview":"max-video-preview:-1"},"canonical":"https:\/\/nge.vn\/en\/product\/may-in-3d-creality-ender-3-kho-in-222225cm\/","og_locale":"en_US","og_type":"article","og_title":"M\u00e1y in 3D Creality Ender 3 kh\u1ed5 in 22*22*25cm","og_description":"M\u00e1y in 3D Creality Ender 3 kh\u1ed5 in 22*22*25cm","og_url":"https:\/\/nge.vn\/en\/product\/may-in-3d-creality-ender-3-kho-in-222225cm\/","og_site_name":"NGE 3D Printers Services","article_modified_time":"2024-10-29T08:08:12+00:00","og_image":[{"width":900,"height":900,"url":"https:\/\/nge.vn\/wp-content\/uploads\/2024\/10\/images-upload-woo2F6121d92bfe82deb19658a1396ee5103c.jpg","type":"image\/jpeg"}],"twitter_card":"summary_large_image","twitter_misc":{"Est. reading time":"4 minutes"},"schema":{"@context":"https:\/\/schema.org","@graph":[{"@type":"WebPage","@id":"https:\/\/nge.vn\/san-pham\/may-in-3d-creality-ender-3-kho-in-222225cm\/","url":"https:\/\/nge.vn\/san-pham\/may-in-3d-creality-ender-3-kho-in-222225cm\/","name":"M\u00e1y in 3D Creality Ender 3 kh\u1ed5 in 22*22*25cm - NGE 3D Printers Services","isPartOf":{"@id":"https:\/\/nge.vn\/#website"},"primaryImageOfPage":{"@id":"https:\/\/nge.vn\/san-pham\/may-in-3d-creality-ender-3-kho-in-222225cm\/#primaryimage"},"image":{"@id":"https:\/\/nge.vn\/san-pham\/may-in-3d-creality-ender-3-kho-in-222225cm\/#primaryimage"},"thumbnailUrl":"https:\/\/nge.vn\/wp-content\/uploads\/2024\/10\/images-upload-woo2F6121d92bfe82deb19658a1396ee5103c.jpg","datePublished":"2024-10-25T05:26:51+00:00","dateModified":"2024-10-29T08:08:12+00:00","breadcrumb":{"@id":"https:\/\/nge.vn\/san-pham\/may-in-3d-creality-ender-3-kho-in-222225cm\/#breadcrumb"},"inLanguage":"en-US","potentialAction":[{"@type":"ReadAction","target":["https:\/\/nge.vn\/san-pham\/may-in-3d-creality-ender-3-kho-in-222225cm\/"]}]},{"@type":"ImageObject","inLanguage":"en-US","@id":"https:\/\/nge.vn\/san-pham\/may-in-3d-creality-ender-3-kho-in-222225cm\/#primaryimage","url":"https:\/\/nge.vn\/wp-content\/uploads\/2024\/10\/images-upload-woo2F6121d92bfe82deb19658a1396ee5103c.jpg","contentUrl":"https:\/\/nge.vn\/wp-content\/uploads\/2024\/10\/images-upload-woo2F6121d92bfe82deb19658a1396ee5103c.jpg","width":900,"height":900},{"@type":"BreadcrumbList","@id":"https:\/\/nge.vn\/san-pham\/may-in-3d-creality-ender-3-kho-in-222225cm\/#breadcrumb","itemListElement":[{"@type":"ListItem","position":1,"name":"Trang ch\u1ee7","item":"https:\/\/nge.vn\/"},{"@type":"ListItem","position":2,"name":"S\u1ea3n ph\u1ea9m","item":"https:\/\/nge.vn\/san-pham\/"},{"@type":"ListItem","position":3,"name":"M\u00e1y in 3D Creality Ender 3 kh\u1ed5 in 22*22*25cm"}]},{"@type":"WebSite","@id":"https:\/\/nge.vn\/#website","url":"https:\/\/nge.vn\/","name":"NGE 3D Printers Services","description":"","potentialAction":[{"@type":"SearchAction","target":{"@type":"EntryPoint","urlTemplate":"https:\/\/nge.vn\/?s={search_term_string}"},"query-input":{"@type":"PropertyValueSpecification","valueRequired":true,"valueName":"search_term_string"}}],"inLanguage":"en-US"}]}},"_links":{"self":[{"href":"https:\/\/nge.vn\/en\/wp-json\/wp\/v2\/product\/448","targetHints":{"allow":["GET"]}}],"collection":[{"href":"https:\/\/nge.vn\/en\/wp-json\/wp\/v2\/product"}],"about":[{"href":"https:\/\/nge.vn\/en\/wp-json\/wp\/v2\/types\/product"}],"replies":[{"embeddable":true,"href":"https:\/\/nge.vn\/en\/wp-json\/wp\/v2\/comments?post=448"}],"wp:featuredmedia":[{"embeddable":true,"href":"https:\/\/nge.vn\/en\/wp-json\/wp\/v2\/media\/439"}],"wp:attachment":[{"href":"https:\/\/nge.vn\/en\/wp-json\/wp\/v2\/media?parent=448"}],"wp:term":[{"taxonomy":"product_brand","embeddable":true,"href":"https:\/\/nge.vn\/en\/wp-json\/wp\/v2\/product_brand?post=448"},{"taxonomy":"product_cat","embeddable":true,"href":"https:\/\/nge.vn\/en\/wp-json\/wp\/v2\/product_cat?post=448"},{"taxonomy":"product_tag","embeddable":true,"href":"https:\/\/nge.vn\/en\/wp-json\/wp\/v2\/product_tag?post=448"}],"curies":[{"name":"wp","href":"https:\/\/api.w.org\/{rel}","templated":true}]}}