{"id":438,"date":"2024-10-25T12:24:25","date_gmt":"2024-10-25T05:24:25","guid":{"rendered":"https:\/\/nge.123websitedev.com\/san-pham\/may-in-3d-creality-cr-30-kho-in-200170%e2%88%9emm\/"},"modified":"2024-12-30T18:36:23","modified_gmt":"2024-12-30T11:36:23","slug":"may-in-3d-creality-cr-30-kho-in-200170%e2%88%9emm","status":"publish","type":"product","link":"https:\/\/nge.vn\/en\/product\/may-in-3d-creality-cr-30-kho-in-200170%e2%88%9emm\/","title":{"rendered":"Creality CR 30 3d printer printing size 200*170*\u221emm"},"content":{"rendered":"<p>3DPrintMill (CR-30) 3D Printer<br \/>\n_3DPrintMill (CR 30) l\u00e0 m\u1ed9t t\u00ednh n\u0103ng c\u1ee7a in \u0111\u1ed9 d\u00e0i v\u00f4 h\u1ea1n v\u00e0 in s\u1ed1 l\u01b0\u1ee3ng l\u1edbn, do \u0111\u00f3 ti\u1ebft ki\u1ec7m th\u1eddi gian in \u1ea5n v\u00e0 ti\u1ebft ki\u1ec7m chi ph\u00ed.<br \/>\n_3DPrintMill l\u00e0 t\u00ednh n\u0103ng in v\u1edbi \u0111\u1ed9 d\u00e0i v\u00f4 h\u1ea1n v\u00e0 in s\u1ed1 l\u01b0\u1ee3ng l\u1edbn, do \u0111\u00f3 ti\u1ebft ki\u1ec7m th\u1eddi gian in \u1ea5n v\u00e0 ti\u1ebft ki\u1ec7m chi ph\u00ed. V\u00e0nh \u0111ai Z v\u00f4 h\u1ea1n \u0111\u1eb7c bi\u1ec7t l\u00e0 m\u00e1y in 3D Creality \u0111\u1ea7u ti\u00ean nh\u1eadn ra kh\u1ed1i l\u01b0\u1ee3ng x\u00e2y d\u1ef1ng v\u00f4 h\u1ea1n tr\u00ean th\u1ebf gi\u1edbi.<br \/>\n**\u0110\u1eb7c tr\u01b0ng:<br \/>\n+In h\u00e0ng lo\u1ea1t<br \/>\n+M\u00e1y \u0111\u00f9n kim lo\u1ea1i b\u00e1nh r\u0103ng k\u00e9p<br \/>\n+Kh\u1ed1i l\u01b0\u1ee3ng x\u00e2y d\u1ef1ng tr\u1ee5c z v\u00f4 h\u1ea1n (Infinite-Z)<br \/>\n+C\u1ea5u tr\u00fac Core-XY \u1ed5n \u0111\u1ecbnh<br \/>\n+Cung c\u1ea5p \u0111i\u1ec7n b\u0103ng th\u00f4ng r\u1ed9ng<br \/>\n+Ph\u1ea7n m\u1ec1m l\u00e1t c\u1eaft \u0111\u1ed9c quy\u1ec1n<br \/>\n+Cu\u1ed9n b\u0103ng t\u1ea3i<br \/>\n+M\u00e1y d\u00f2 \u0111\u1ee9t d\u00e2y t\u00f3c<br \/>\n+Bo m\u1ea1ch ch\u1ee7 si\u00eau im l\u1eb7ng<\/p>\n<p>**Tr\u1ee5c Z v\u00f4 h\u1ea1n \u0111\u1ec3 in v\u00f4 t\u1eadn<br \/>\n_\u0110\u01b0\u1ee3c trang b\u1ecb b\u0103ng t\u1ea3i l\u0103n, n\u00f3 th\u1ef1c hi\u1ec7n in li\u00ean t\u1ee5c. Kh\u00f4ng ph\u1ea3i lo l\u1eafng \u0111\u1ec3 in m\u00f4 h\u00ecnh chi\u1ec1u d\u00e0i v\u00f4 h\u1ea1n. N\u0103ng su\u1ea5t cao, ti\u1ebft ki\u1ec7m th\u1eddi gian v\u00e0 chi ph\u00ed<br \/>\n(K\u00edch th\u01b0\u1edbc in: 200 * 170 * \u221emm)<br \/>\n* C\u00f3 s\u1eb5n m\u1ed9t khung m\u1edf r\u1ed9ng c\u00f3 th\u1ec3 th\u00e1o r\u1eddi \u0111\u1ec3 l\u1eafp \u0111\u1eb7t nh\u1eb1m ng\u0103n m\u00f4 h\u00ecnh b\u1ecb r\u01a1i trong khi in<\/p>\n<p>**M\u00e1y \u0111\u00f9n kim lo\u1ea1i b\u00e1nh r\u0103ng k\u00e9p<br \/>\n_M\u00e1y \u0111\u00f9n kim lo\u1ea1i b\u00e1nh r\u0103ng k\u00e9p ch\u1ea5t l\u01b0\u1ee3ng cao, k\u1ebft h\u1ee3p v\u1edbi \u0111\u1ea7u phun nghi\u00eang 45 \u0111\u1ed9 bi\u1ebfn h\u01a1n 200 gi\u1edd in li\u00ean t\u1ee5c th\u00e0nh hi\u1ec7n th\u1ef1c.<\/p>\n<p>**C\u1ea5u tr\u00fac Core-XY \u1ed5n \u0111\u1ecbnh<br \/>\nC\u1ea5u tr\u00fac ch\u00ednh x\u00e1c Core-XY \u1ed5n \u0111\u1ecbnh v\u00e0 ch\u1eafc ch\u1eafn v\u1edbi h\u1ed7 tr\u1ee3 tam gi\u00e1c vu\u00f4ng c\u00e2n mang \u0111\u1ebfn cho b\u1ea1n tr\u1ea3i nghi\u1ec7m in \u1ea5n \u0111\u1eb7c bi\u1ec7t<\/p>\n<p>**B\u0103ng t\u1ea3i l\u0103n<br \/>\n_\u0110\u01b0\u1ee3c l\u00e0m b\u1eb1ng v\u1eadt li\u1ec7u ch\u1ed1ng m\u00e0i m\u00f2n, b\u0103ng t\u1ea3i c\u00f3 t\u00ednh n\u0103ng b\u00e1m d\u00ednh tuy\u1ec7t v\u1eddi v\u00e0o m\u00f4 h\u00ecnh. M\u00f4 h\u00ecnh \u0111\u00e3 in c\u00f3 th\u1ec3 t\u1ef1 \u0111\u1ed9ng r\u01a1i ra khi d\u00e2y \u0111ai cu\u1ed9n \u0111\u1ebfn cu\u1ed1i, do \u0111\u00f3, b\u1ea1n c\u00f3 th\u1ec3 gi\u1ea3i ph\u00f3ng tay c\u1ee7a m\u00ecnh<br \/>\n_\u0110\u1ed9 b\u00e1m d\u00ednh m\u1ea1nh m\u1ebd | Lo\u1ea1i b\u1ecf kh\u00f4ng phi\u1ec1n ph\u1ee9c | Ch\u1ed1ng m\u00e0i m\u00f2n | Truy\u1ec1n t\u1ea3i c\u00e2n b\u1eb1ng t\u1ed1t<br \/>\n* D\u1ec5 d\u00e0ng thay th\u1ebf b\u0103ng t\u1ea3i<\/p>\n<p>**Ph\u1ea7n m\u1ec1m Slice \u0111\u1ed9c \u200b\u200bquy\u1ec1n ch\u1ec9 d\u00e0nh cho 3DPrintMill<br \/>\n_Ph\u1ea7n m\u1ec1m c\u1eaft l\u00e1t CrealityBelt n\u00e0y \u0111\u01b0\u1ee3c thi\u1ebft k\u1ebf \u0111\u1eb7c bi\u1ec7t cho 3DPrintMill. CrealityBelt th\u1ef1c s\u1ef1 th\u00e2n thi\u1ec7n v\u1edbi ng\u01b0\u1eddi d\u00f9ng nh\u1edd ho\u1ea1t \u0111\u1ed9ng \u0111\u01a1n gi\u1ea3n c\u1ee7a n\u00f3.<\/p>\n<p>**M\u00e1y d\u00f2 \u0111\u1ee9t g\u00e3y s\u1ee3i th\u00f4ng minh<br \/>\n_B\u1ea5t c\u1ee9 khi n\u00e0o c\u00f3 s\u1ef1 c\u1ed1 c\u00f3 th\u1ec3 x\u1ea3y ra nh\u01b0 h\u1ebft d\u00e2y t\u00f3c ho\u1eb7c \u0111\u1ee9t d\u00e2y t\u00f3c, c\u1ea3m bi\u1ebfn th\u00f4ng minh s\u1ebd bu\u1ed9c m\u00e1y t\u1ea1m d\u1eebng in. Qu\u00e1 tr\u00ecnh in s\u1ebd t\u1ef1 \u0111\u1ed9ng \u0111\u01b0\u1ee3c ti\u1ebfp t\u1ee5c sau khi n\u1ea1p v\u00e0o d\u00e2y t\u00f3c m\u1edbi.<br \/>\n_Thi\u1ebft b\u1ecb b\u1ea3o v\u1ec7 ngu\u1ed3n \u0111i\u1ec7n th\u00f4ng minh, ti\u1ebfp t\u1ee5c in v\u00e0 kh\u00f4ng s\u1ee3 m\u1ea5t \u0111i\u1ec7n.<\/p>\n<p>**Th\u00f4ng s\u1ed1 s\u1ea3n ph\u1ea9m:<br \/>\n+Molding technology: FDM<br \/>\n+Print dimension: 200*170* \u221e mm<br \/>\n+Machine dimension: 535*656*410mm<br \/>\n+Package dimension: 685*565*302mm<br \/>\n+N.W.: 16.5kg<br \/>\n+G.W.: 20.5kg<br \/>\n+Slice software: Crealitybelt<br \/>\n+Print accuracy: \u00b1 0.1mm<br \/>\n+Nozzle diameter: 0.4mm<br \/>\n+Number of nozzles: 1<br \/>\n+Hotbed temperature: \u2264 100\u2103<br \/>\n+Nozzle temperature: \u2264 240\u2103<br \/>\n+Layer thickness: 0.1mm-0.4mm<br \/>\n+Rated Power: 350W<br \/>\n+Power supply: AC 100-120v \/ 200-240v, DC 24V<br \/>\n+Supported filaments: PLA \/ TPU \/ PETG<br \/>\n+Diameter of filament: 1.75mm<\/p>\n<p>**\u0110\u1ec3 \u0111\u01b0\u1ee3c nh\u1eadn h\u1ed9 tr\u1ee3 th\u00eam v\u1ec1 Gi\u00e1 v\u00e0 Th\u00f4ng tin c\u1ee7a s\u1ea3n ph\u1ea9m, vui l\u00f2ng li\u00ean h\u1ec7:<br \/>\n    0913.939.775 g\u1eb7p A. Qu\u00e2n (for English)<br \/>\n    094.144.0951 contact A.Quynh<br \/>\n**Selling price does not include VAT (+10% if VAT invoice is issued)<\/p>","protected":false},"excerpt":{"rendered":"<p>Creality CR 30 3d printer printing size 200*170*\u221emm<\/p>","protected":false},"featured_media":429,"comment_status":"open","ping_status":"closed","template":"","meta":{"inline_featured_image":false},"product_brand":[],"product_cat":[39,51],"product_tag":[],"class_list":{"0":"post-438","1":"product","2":"type-product","3":"status-publish","4":"has-post-thumbnail","6":"product_cat-may-in-3d","7":"product_cat-may-in-3d-creality","9":"first","10":"outofstock","11":"taxable","12":"shipping-taxable","13":"purchasable","14":"product-type-simple"},"yoast_head":"<!-- This site is optimized with the Yoast SEO Premium plugin v22.8 (Yoast SEO v26.9) - https:\/\/yoast.com\/product\/yoast-seo-premium-wordpress\/ -->\n<title>M\u00e1y in 3d Creality CR 30 kh\u1ed5 in 200*170*\u221emm - NGE 3D Printers Services<\/title>\n<meta name=\"robots\" content=\"index, follow, max-snippet:-1, max-image-preview:large, max-video-preview:-1\" \/>\n<link rel=\"canonical\" href=\"https:\/\/nge.vn\/en\/product\/may-in-3d-creality-cr-30-kho-in-200170\u221emm\/\" \/>\n<meta property=\"og:locale\" content=\"en_US\" \/>\n<meta property=\"og:type\" content=\"article\" \/>\n<meta property=\"og:title\" content=\"M\u00e1y in 3d Creality CR 30 kh\u1ed5 in 200*170*\u221emm\" \/>\n<meta property=\"og:description\" content=\"M\u00e1y in 3d Creality CR 30 kh\u1ed5 in 200*170*\u221emm\" \/>\n<meta property=\"og:url\" content=\"https:\/\/nge.vn\/en\/product\/may-in-3d-creality-cr-30-kho-in-200170\u221emm\/\" \/>\n<meta property=\"og:site_name\" content=\"NGE 3D Printers Services\" \/>\n<meta property=\"article:modified_time\" content=\"2024-12-30T11:36:23+00:00\" \/>\n<meta property=\"og:image\" content=\"https:\/\/nge.vn\/wp-content\/uploads\/2024\/10\/images-upload-woo2Fd5acdc3b01d9d03ca0c85da793baaa7b.jpg\" \/>\n\t<meta property=\"og:image:width\" content=\"659\" \/>\n\t<meta property=\"og:image:height\" content=\"659\" \/>\n\t<meta property=\"og:image:type\" content=\"image\/jpeg\" \/>\n<meta name=\"twitter:card\" content=\"summary_large_image\" \/>\n<meta name=\"twitter:label1\" content=\"Est. reading time\" \/>\n\t<meta name=\"twitter:data1\" content=\"4 minutes\" \/>\n<script type=\"application\/ld+json\" class=\"yoast-schema-graph\">{\"@context\":\"https:\/\/schema.org\",\"@graph\":[{\"@type\":\"WebPage\",\"@id\":\"https:\/\/nge.vn\/san-pham\/may-in-3d-creality-cr-30-kho-in-200170%e2%88%9emm\/\",\"url\":\"https:\/\/nge.vn\/san-pham\/may-in-3d-creality-cr-30-kho-in-200170%e2%88%9emm\/\",\"name\":\"M\u00e1y in 3d Creality CR 30 kh\u1ed5 in 200*170*\u221emm - NGE 3D Printers Services\",\"isPartOf\":{\"@id\":\"https:\/\/nge.vn\/#website\"},\"primaryImageOfPage\":{\"@id\":\"https:\/\/nge.vn\/san-pham\/may-in-3d-creality-cr-30-kho-in-200170%e2%88%9emm\/#primaryimage\"},\"image\":{\"@id\":\"https:\/\/nge.vn\/san-pham\/may-in-3d-creality-cr-30-kho-in-200170%e2%88%9emm\/#primaryimage\"},\"thumbnailUrl\":\"https:\/\/nge.vn\/wp-content\/uploads\/2024\/10\/images-upload-woo2Fd5acdc3b01d9d03ca0c85da793baaa7b.jpg\",\"datePublished\":\"2024-10-25T05:24:25+00:00\",\"dateModified\":\"2024-12-30T11:36:23+00:00\",\"breadcrumb\":{\"@id\":\"https:\/\/nge.vn\/san-pham\/may-in-3d-creality-cr-30-kho-in-200170%e2%88%9emm\/#breadcrumb\"},\"inLanguage\":\"en-US\",\"potentialAction\":[{\"@type\":\"ReadAction\",\"target\":[\"https:\/\/nge.vn\/san-pham\/may-in-3d-creality-cr-30-kho-in-200170%e2%88%9emm\/\"]}]},{\"@type\":\"ImageObject\",\"inLanguage\":\"en-US\",\"@id\":\"https:\/\/nge.vn\/san-pham\/may-in-3d-creality-cr-30-kho-in-200170%e2%88%9emm\/#primaryimage\",\"url\":\"https:\/\/nge.vn\/wp-content\/uploads\/2024\/10\/images-upload-woo2Fd5acdc3b01d9d03ca0c85da793baaa7b.jpg\",\"contentUrl\":\"https:\/\/nge.vn\/wp-content\/uploads\/2024\/10\/images-upload-woo2Fd5acdc3b01d9d03ca0c85da793baaa7b.jpg\",\"width\":659,\"height\":659},{\"@type\":\"BreadcrumbList\",\"@id\":\"https:\/\/nge.vn\/san-pham\/may-in-3d-creality-cr-30-kho-in-200170%e2%88%9emm\/#breadcrumb\",\"itemListElement\":[{\"@type\":\"ListItem\",\"position\":1,\"name\":\"Trang ch\u1ee7\",\"item\":\"https:\/\/nge.vn\/\"},{\"@type\":\"ListItem\",\"position\":2,\"name\":\"S\u1ea3n ph\u1ea9m\",\"item\":\"https:\/\/nge.vn\/san-pham\/\"},{\"@type\":\"ListItem\",\"position\":3,\"name\":\"M\u00e1y in 3d Creality CR 30 kh\u1ed5 in 200*170*\u221emm\"}]},{\"@type\":\"WebSite\",\"@id\":\"https:\/\/nge.vn\/#website\",\"url\":\"https:\/\/nge.vn\/\",\"name\":\"NGE 3D Printers Services\",\"description\":\"\",\"potentialAction\":[{\"@type\":\"SearchAction\",\"target\":{\"@type\":\"EntryPoint\",\"urlTemplate\":\"https:\/\/nge.vn\/?s={search_term_string}\"},\"query-input\":{\"@type\":\"PropertyValueSpecification\",\"valueRequired\":true,\"valueName\":\"search_term_string\"}}],\"inLanguage\":\"en-US\"}]}<\/script>\n<!-- \/ Yoast SEO Premium plugin. -->","yoast_head_json":{"title":"M\u00e1y in 3d Creality CR 30 kh\u1ed5 in 200*170*\u221emm - NGE 3D Printers Services","robots":{"index":"index","follow":"follow","max-snippet":"max-snippet:-1","max-image-preview":"max-image-preview:large","max-video-preview":"max-video-preview:-1"},"canonical":"https:\/\/nge.vn\/en\/product\/may-in-3d-creality-cr-30-kho-in-200170\u221emm\/","og_locale":"en_US","og_type":"article","og_title":"M\u00e1y in 3d Creality CR 30 kh\u1ed5 in 200*170*\u221emm","og_description":"M\u00e1y in 3d Creality CR 30 kh\u1ed5 in 200*170*\u221emm","og_url":"https:\/\/nge.vn\/en\/product\/may-in-3d-creality-cr-30-kho-in-200170\u221emm\/","og_site_name":"NGE 3D Printers Services","article_modified_time":"2024-12-30T11:36:23+00:00","og_image":[{"width":659,"height":659,"url":"https:\/\/nge.vn\/wp-content\/uploads\/2024\/10\/images-upload-woo2Fd5acdc3b01d9d03ca0c85da793baaa7b.jpg","type":"image\/jpeg"}],"twitter_card":"summary_large_image","twitter_misc":{"Est. reading time":"4 minutes"},"schema":{"@context":"https:\/\/schema.org","@graph":[{"@type":"WebPage","@id":"https:\/\/nge.vn\/san-pham\/may-in-3d-creality-cr-30-kho-in-200170%e2%88%9emm\/","url":"https:\/\/nge.vn\/san-pham\/may-in-3d-creality-cr-30-kho-in-200170%e2%88%9emm\/","name":"M\u00e1y in 3d Creality CR 30 kh\u1ed5 in 200*170*\u221emm - NGE 3D Printers Services","isPartOf":{"@id":"https:\/\/nge.vn\/#website"},"primaryImageOfPage":{"@id":"https:\/\/nge.vn\/san-pham\/may-in-3d-creality-cr-30-kho-in-200170%e2%88%9emm\/#primaryimage"},"image":{"@id":"https:\/\/nge.vn\/san-pham\/may-in-3d-creality-cr-30-kho-in-200170%e2%88%9emm\/#primaryimage"},"thumbnailUrl":"https:\/\/nge.vn\/wp-content\/uploads\/2024\/10\/images-upload-woo2Fd5acdc3b01d9d03ca0c85da793baaa7b.jpg","datePublished":"2024-10-25T05:24:25+00:00","dateModified":"2024-12-30T11:36:23+00:00","breadcrumb":{"@id":"https:\/\/nge.vn\/san-pham\/may-in-3d-creality-cr-30-kho-in-200170%e2%88%9emm\/#breadcrumb"},"inLanguage":"en-US","potentialAction":[{"@type":"ReadAction","target":["https:\/\/nge.vn\/san-pham\/may-in-3d-creality-cr-30-kho-in-200170%e2%88%9emm\/"]}]},{"@type":"ImageObject","inLanguage":"en-US","@id":"https:\/\/nge.vn\/san-pham\/may-in-3d-creality-cr-30-kho-in-200170%e2%88%9emm\/#primaryimage","url":"https:\/\/nge.vn\/wp-content\/uploads\/2024\/10\/images-upload-woo2Fd5acdc3b01d9d03ca0c85da793baaa7b.jpg","contentUrl":"https:\/\/nge.vn\/wp-content\/uploads\/2024\/10\/images-upload-woo2Fd5acdc3b01d9d03ca0c85da793baaa7b.jpg","width":659,"height":659},{"@type":"BreadcrumbList","@id":"https:\/\/nge.vn\/san-pham\/may-in-3d-creality-cr-30-kho-in-200170%e2%88%9emm\/#breadcrumb","itemListElement":[{"@type":"ListItem","position":1,"name":"Trang ch\u1ee7","item":"https:\/\/nge.vn\/"},{"@type":"ListItem","position":2,"name":"S\u1ea3n ph\u1ea9m","item":"https:\/\/nge.vn\/san-pham\/"},{"@type":"ListItem","position":3,"name":"M\u00e1y in 3d Creality CR 30 kh\u1ed5 in 200*170*\u221emm"}]},{"@type":"WebSite","@id":"https:\/\/nge.vn\/#website","url":"https:\/\/nge.vn\/","name":"NGE 3D Printers Services","description":"","potentialAction":[{"@type":"SearchAction","target":{"@type":"EntryPoint","urlTemplate":"https:\/\/nge.vn\/?s={search_term_string}"},"query-input":{"@type":"PropertyValueSpecification","valueRequired":true,"valueName":"search_term_string"}}],"inLanguage":"en-US"}]}},"_links":{"self":[{"href":"https:\/\/nge.vn\/en\/wp-json\/wp\/v2\/product\/438","targetHints":{"allow":["GET"]}}],"collection":[{"href":"https:\/\/nge.vn\/en\/wp-json\/wp\/v2\/product"}],"about":[{"href":"https:\/\/nge.vn\/en\/wp-json\/wp\/v2\/types\/product"}],"replies":[{"embeddable":true,"href":"https:\/\/nge.vn\/en\/wp-json\/wp\/v2\/comments?post=438"}],"wp:featuredmedia":[{"embeddable":true,"href":"https:\/\/nge.vn\/en\/wp-json\/wp\/v2\/media\/429"}],"wp:attachment":[{"href":"https:\/\/nge.vn\/en\/wp-json\/wp\/v2\/media?parent=438"}],"wp:term":[{"taxonomy":"product_brand","embeddable":true,"href":"https:\/\/nge.vn\/en\/wp-json\/wp\/v2\/product_brand?post=438"},{"taxonomy":"product_cat","embeddable":true,"href":"https:\/\/nge.vn\/en\/wp-json\/wp\/v2\/product_cat?post=438"},{"taxonomy":"product_tag","embeddable":true,"href":"https:\/\/nge.vn\/en\/wp-json\/wp\/v2\/product_tag?post=438"}],"curies":[{"name":"wp","href":"https:\/\/api.w.org\/{rel}","templated":true}]}}