{"id":4291,"date":"2024-10-28T15:31:12","date_gmt":"2024-10-28T08:31:12","guid":{"rendered":"https:\/\/nge.123websitedev.com\/?post_type=product&#038;p=4291"},"modified":"2025-04-09T18:17:41","modified_gmt":"2025-04-09T11:17:41","slug":"may-chieu-uv-dong-ran-mo-hinh-in-resin-3d-printing-post-processing-curing-box-kho-to-404040cm","status":"publish","type":"product","link":"https:\/\/nge.vn\/en\/product\/may-chieu-uv-dong-ran-mo-hinh-in-resin-3d-printing-post-processing-curing-box-kho-to-404040cm\/","title":{"rendered":"UV projector for curing 3D resin printed models PRINTING POST-PROCESSING CURING BOX large size 40*40*40cm"},"content":{"rendered":"<p>UV projector for curing 3D resin printed models PRINTING POST-PROCESSING CURING BOX large size 40*40*40cm<\/p>\n<p>_High capacity and fast freezing<\/p>\n<p>Large drying size | 360 degree rotating platform | 4.3 inch touch screen<\/p>\n<p>+Metal integration<\/p>\n<p>+ Large drying space<\/p>\n<p>+Fast curing<\/p>\n<p>+High solidification ability<\/p>\n<p>+ Five mode conversion<\/p>\n<p>+Touch screen operation<\/p>\n<p>+360 degree rotating drying<\/p>\n<p>+Curing time<\/p>\n<p>+Independent heating system<\/p>\n<p>+Switch language<\/p>\n<p>+Pause when opening the door<\/p>\n<p>_360\u00b0 rotating base<\/p>\n<p>360\u00b0 exposure without dead angle, effective completion within 5-10 minutes.<\/p>\n<p>_High power drying<\/p>\n<p>+Inside 3 independent LED drying lights, each with a capacity of up to 40W, providing uniform light in all directions.<\/p>\n<p>+Each lamp bead can be used for over 20,000 hours. Durable and avoids having to replace it many times.<\/p>\n<p>_Set time<\/p>\n<p>+It can be processed according to the characteristics of different plastic materials and can be completed efficiently within 5-10 minutes.<\/p>\n<p>+According to plastic material requirements to adjust curing time.<\/p>\n<p>_Large drying size<\/p>\n<p>The 400*400*400mm wide working space can meet the curing exposure needs of most models on the market.<\/p>\n<p>_Easy to use<\/p>\n<p>Using 4.3 inch touch screen, there are two modes of curing and heating, can also be used Combination work to meet the diverse needs of model resin, easy to operate, Setting the curing time and heating time is sufficient.<\/p>\n<p>_Open door design<\/p>\n<p>Convenient operation, effectively improve work efficiency<\/p>\n<p>_Product specifications<\/p>\n<p>+Product size: 445*445*515mm<\/p>\n<p>+Maintenance size: 400*400*400mm<\/p>\n<p>+Curing wavelength: 405nm<\/p>\n<p>+Drying capacity: 120W<\/p>\n<p>+Heating capacity: 80W<\/p>\n<p>+Total capacity: 200W<\/p>\n<p>+Packing size: 500*500*550mm<\/p>\n<p>+Input power source: 100-240V AC; 50-60Hz<\/p>\n<p>+Product net weight: 20kg<\/p>\n<p>+Total product weight: 24kg<\/p>\n<p>**To receive a better price, please contact the shop directly.<\/p>\n<p>0913.939.775 contact A.Quan (for English)<\/p>\n<p>094.144.0951 contact A.Quynh<\/p>\n<p>**Selling price does not include VAT (+10% if VAT invoice is issued)<\/p>","protected":false},"excerpt":{"rendered":"<p>M\u00e1y chi\u1ebfu UV \u0111\u00f3ng r\u1eafn m\u00f4 h\u00ecnh in resin 3D PRINTING POST-PROCESSING CURING BOX kh\u1ed5 to 40*40*40cm _C\u00f4ng su\u1ea5t cao v\u00e0 \u0111\u00f4ng c\u1ee9ng nhanh K\u00edch th\u01b0\u1edbc ph\u01a1i l\u1edbn | B\u1ec7 xoay 360 \u0111\u1ed9 | M\u00e0n h\u00ecnh c\u1ea3m \u1ee9ng 4,3 inch +T\u00edch h\u1ee3p kim lo\u1ea1i +Kh\u00f4ng gian ph\u01a1i l\u1edbn +\u0110\u00f3ng r\u1eafn nhanh +Kh\u1ea3 n\u0103ng \u0111\u00f3ng r\u1eafn&#8230;<\/p>","protected":false},"featured_media":4292,"comment_status":"open","ping_status":"closed","template":"","meta":{"inline_featured_image":false},"product_brand":[],"product_cat":[39,53,42],"product_tag":[],"class_list":{"0":"post-4291","1":"product","2":"type-product","3":"status-publish","4":"has-post-thumbnail","6":"product_cat-may-in-3d","7":"product_cat-may-in-3d-emake3d","8":"product_cat-may-rua-va-may-say","10":"first","11":"instock","12":"featured","13":"taxable","14":"shipping-taxable","15":"purchasable","16":"product-type-simple"},"yoast_head":"<!-- This site is optimized with the Yoast SEO Premium plugin v22.8 (Yoast SEO v26.9) - https:\/\/yoast.com\/product\/yoast-seo-premium-wordpress\/ -->\n<title>M\u00e1y chi\u1ebfu UV \u0111\u00f3ng r\u1eafn m\u00f4 h\u00ecnh in resin 3D PRINTING POST-PROCESSING CURING BOX kh\u1ed5 to 40*40*40cm - NGE 3D Printers Services<\/title>\n<meta name=\"robots\" content=\"index, follow, max-snippet:-1, max-image-preview:large, max-video-preview:-1\" \/>\n<link rel=\"canonical\" href=\"https:\/\/nge.vn\/en\/product\/may-chieu-uv-dong-ran-mo-hinh-in-resin-3d-printing-post-processing-curing-box-kho-to-404040cm\/\" \/>\n<meta property=\"og:locale\" content=\"en_US\" \/>\n<meta property=\"og:type\" content=\"article\" \/>\n<meta property=\"og:title\" content=\"M\u00e1y chi\u1ebfu UV \u0111\u00f3ng r\u1eafn m\u00f4 h\u00ecnh in resin 3D PRINTING POST-PROCESSING CURING BOX kh\u1ed5 to 40*40*40cm\" \/>\n<meta property=\"og:description\" content=\"M\u00e1y chi\u1ebfu UV \u0111\u00f3ng r\u1eafn m\u00f4 h\u00ecnh in resin 3D PRINTING POST-PROCESSING CURING BOX kh\u1ed5 to 40*40*40cm _C\u00f4ng su\u1ea5t cao v\u00e0 \u0111\u00f4ng c\u1ee9ng nhanh K\u00edch th\u01b0\u1edbc ph\u01a1i l\u1edbn | B\u1ec7 xoay 360 \u0111\u1ed9 | M\u00e0n h\u00ecnh c\u1ea3m \u1ee9ng 4,3 inch +T\u00edch h\u1ee3p kim lo\u1ea1i +Kh\u00f4ng gian ph\u01a1i l\u1edbn +\u0110\u00f3ng r\u1eafn nhanh +Kh\u1ea3 n\u0103ng \u0111\u00f3ng r\u1eafn...\" \/>\n<meta property=\"og:url\" content=\"https:\/\/nge.vn\/en\/product\/may-chieu-uv-dong-ran-mo-hinh-in-resin-3d-printing-post-processing-curing-box-kho-to-404040cm\/\" \/>\n<meta property=\"og:site_name\" content=\"NGE 3D Printers Services\" \/>\n<meta property=\"article:modified_time\" content=\"2025-04-09T11:17:41+00:00\" \/>\n<meta property=\"og:image\" content=\"https:\/\/nge.vn\/wp-content\/uploads\/2024\/10\/vn-11134207-7r98o-lu7buraimln51d.webp\" \/>\n\t<meta property=\"og:image:width\" content=\"728\" \/>\n\t<meta property=\"og:image:height\" content=\"728\" \/>\n\t<meta property=\"og:image:type\" content=\"image\/webp\" \/>\n<meta name=\"twitter:card\" content=\"summary_large_image\" \/>\n<meta name=\"twitter:label1\" content=\"Est. reading time\" \/>\n\t<meta name=\"twitter:data1\" content=\"3 minutes\" \/>\n<script type=\"application\/ld+json\" class=\"yoast-schema-graph\">{\"@context\":\"https:\/\/schema.org\",\"@graph\":[{\"@type\":\"WebPage\",\"@id\":\"https:\/\/nge.vn\/san-pham\/may-chieu-uv-dong-ran-mo-hinh-in-resin-3d-printing-post-processing-curing-box-kho-to-404040cm\/\",\"url\":\"https:\/\/nge.vn\/san-pham\/may-chieu-uv-dong-ran-mo-hinh-in-resin-3d-printing-post-processing-curing-box-kho-to-404040cm\/\",\"name\":\"M\u00e1y chi\u1ebfu UV \u0111\u00f3ng r\u1eafn m\u00f4 h\u00ecnh in resin 3D PRINTING POST-PROCESSING CURING BOX kh\u1ed5 to 40*40*40cm - NGE 3D Printers Services\",\"isPartOf\":{\"@id\":\"https:\/\/nge.vn\/#website\"},\"primaryImageOfPage\":{\"@id\":\"https:\/\/nge.vn\/san-pham\/may-chieu-uv-dong-ran-mo-hinh-in-resin-3d-printing-post-processing-curing-box-kho-to-404040cm\/#primaryimage\"},\"image\":{\"@id\":\"https:\/\/nge.vn\/san-pham\/may-chieu-uv-dong-ran-mo-hinh-in-resin-3d-printing-post-processing-curing-box-kho-to-404040cm\/#primaryimage\"},\"thumbnailUrl\":\"https:\/\/nge.vn\/wp-content\/uploads\/2024\/10\/vn-11134207-7r98o-lu7buraimln51d.webp\",\"datePublished\":\"2024-10-28T08:31:12+00:00\",\"dateModified\":\"2025-04-09T11:17:41+00:00\",\"breadcrumb\":{\"@id\":\"https:\/\/nge.vn\/san-pham\/may-chieu-uv-dong-ran-mo-hinh-in-resin-3d-printing-post-processing-curing-box-kho-to-404040cm\/#breadcrumb\"},\"inLanguage\":\"en-US\",\"potentialAction\":[{\"@type\":\"ReadAction\",\"target\":[\"https:\/\/nge.vn\/san-pham\/may-chieu-uv-dong-ran-mo-hinh-in-resin-3d-printing-post-processing-curing-box-kho-to-404040cm\/\"]}]},{\"@type\":\"ImageObject\",\"inLanguage\":\"en-US\",\"@id\":\"https:\/\/nge.vn\/san-pham\/may-chieu-uv-dong-ran-mo-hinh-in-resin-3d-printing-post-processing-curing-box-kho-to-404040cm\/#primaryimage\",\"url\":\"https:\/\/nge.vn\/wp-content\/uploads\/2024\/10\/vn-11134207-7r98o-lu7buraimln51d.webp\",\"contentUrl\":\"https:\/\/nge.vn\/wp-content\/uploads\/2024\/10\/vn-11134207-7r98o-lu7buraimln51d.webp\",\"width\":728,\"height\":728},{\"@type\":\"BreadcrumbList\",\"@id\":\"https:\/\/nge.vn\/san-pham\/may-chieu-uv-dong-ran-mo-hinh-in-resin-3d-printing-post-processing-curing-box-kho-to-404040cm\/#breadcrumb\",\"itemListElement\":[{\"@type\":\"ListItem\",\"position\":1,\"name\":\"Trang ch\u1ee7\",\"item\":\"https:\/\/nge.vn\/\"},{\"@type\":\"ListItem\",\"position\":2,\"name\":\"S\u1ea3n ph\u1ea9m\",\"item\":\"https:\/\/nge.vn\/san-pham\/\"},{\"@type\":\"ListItem\",\"position\":3,\"name\":\"M\u00e1y chi\u1ebfu UV \u0111\u00f3ng r\u1eafn m\u00f4 h\u00ecnh in resin 3D PRINTING POST-PROCESSING CURING BOX kh\u1ed5 to 40*40*40cm\"}]},{\"@type\":\"WebSite\",\"@id\":\"https:\/\/nge.vn\/#website\",\"url\":\"https:\/\/nge.vn\/\",\"name\":\"NGE 3D Printers Services\",\"description\":\"\",\"potentialAction\":[{\"@type\":\"SearchAction\",\"target\":{\"@type\":\"EntryPoint\",\"urlTemplate\":\"https:\/\/nge.vn\/?s={search_term_string}\"},\"query-input\":{\"@type\":\"PropertyValueSpecification\",\"valueRequired\":true,\"valueName\":\"search_term_string\"}}],\"inLanguage\":\"en-US\"}]}<\/script>\n<!-- \/ Yoast SEO Premium plugin. -->","yoast_head_json":{"title":"M\u00e1y chi\u1ebfu UV \u0111\u00f3ng r\u1eafn m\u00f4 h\u00ecnh in resin 3D PRINTING POST-PROCESSING CURING BOX kh\u1ed5 to 40*40*40cm - NGE 3D Printers Services","robots":{"index":"index","follow":"follow","max-snippet":"max-snippet:-1","max-image-preview":"max-image-preview:large","max-video-preview":"max-video-preview:-1"},"canonical":"https:\/\/nge.vn\/en\/product\/may-chieu-uv-dong-ran-mo-hinh-in-resin-3d-printing-post-processing-curing-box-kho-to-404040cm\/","og_locale":"en_US","og_type":"article","og_title":"M\u00e1y chi\u1ebfu UV \u0111\u00f3ng r\u1eafn m\u00f4 h\u00ecnh in resin 3D PRINTING POST-PROCESSING CURING BOX kh\u1ed5 to 40*40*40cm","og_description":"M\u00e1y chi\u1ebfu UV \u0111\u00f3ng r\u1eafn m\u00f4 h\u00ecnh in resin 3D PRINTING POST-PROCESSING CURING BOX kh\u1ed5 to 40*40*40cm _C\u00f4ng su\u1ea5t cao v\u00e0 \u0111\u00f4ng c\u1ee9ng nhanh K\u00edch th\u01b0\u1edbc ph\u01a1i l\u1edbn | B\u1ec7 xoay 360 \u0111\u1ed9 | M\u00e0n h\u00ecnh c\u1ea3m \u1ee9ng 4,3 inch +T\u00edch h\u1ee3p kim lo\u1ea1i +Kh\u00f4ng gian ph\u01a1i l\u1edbn +\u0110\u00f3ng r\u1eafn nhanh +Kh\u1ea3 n\u0103ng \u0111\u00f3ng r\u1eafn...","og_url":"https:\/\/nge.vn\/en\/product\/may-chieu-uv-dong-ran-mo-hinh-in-resin-3d-printing-post-processing-curing-box-kho-to-404040cm\/","og_site_name":"NGE 3D Printers Services","article_modified_time":"2025-04-09T11:17:41+00:00","og_image":[{"width":728,"height":728,"url":"https:\/\/nge.vn\/wp-content\/uploads\/2024\/10\/vn-11134207-7r98o-lu7buraimln51d.webp","type":"image\/webp"}],"twitter_card":"summary_large_image","twitter_misc":{"Est. reading time":"3 minutes"},"schema":{"@context":"https:\/\/schema.org","@graph":[{"@type":"WebPage","@id":"https:\/\/nge.vn\/san-pham\/may-chieu-uv-dong-ran-mo-hinh-in-resin-3d-printing-post-processing-curing-box-kho-to-404040cm\/","url":"https:\/\/nge.vn\/san-pham\/may-chieu-uv-dong-ran-mo-hinh-in-resin-3d-printing-post-processing-curing-box-kho-to-404040cm\/","name":"M\u00e1y chi\u1ebfu UV \u0111\u00f3ng r\u1eafn m\u00f4 h\u00ecnh in resin 3D PRINTING POST-PROCESSING CURING BOX kh\u1ed5 to 40*40*40cm - NGE 3D Printers Services","isPartOf":{"@id":"https:\/\/nge.vn\/#website"},"primaryImageOfPage":{"@id":"https:\/\/nge.vn\/san-pham\/may-chieu-uv-dong-ran-mo-hinh-in-resin-3d-printing-post-processing-curing-box-kho-to-404040cm\/#primaryimage"},"image":{"@id":"https:\/\/nge.vn\/san-pham\/may-chieu-uv-dong-ran-mo-hinh-in-resin-3d-printing-post-processing-curing-box-kho-to-404040cm\/#primaryimage"},"thumbnailUrl":"https:\/\/nge.vn\/wp-content\/uploads\/2024\/10\/vn-11134207-7r98o-lu7buraimln51d.webp","datePublished":"2024-10-28T08:31:12+00:00","dateModified":"2025-04-09T11:17:41+00:00","breadcrumb":{"@id":"https:\/\/nge.vn\/san-pham\/may-chieu-uv-dong-ran-mo-hinh-in-resin-3d-printing-post-processing-curing-box-kho-to-404040cm\/#breadcrumb"},"inLanguage":"en-US","potentialAction":[{"@type":"ReadAction","target":["https:\/\/nge.vn\/san-pham\/may-chieu-uv-dong-ran-mo-hinh-in-resin-3d-printing-post-processing-curing-box-kho-to-404040cm\/"]}]},{"@type":"ImageObject","inLanguage":"en-US","@id":"https:\/\/nge.vn\/san-pham\/may-chieu-uv-dong-ran-mo-hinh-in-resin-3d-printing-post-processing-curing-box-kho-to-404040cm\/#primaryimage","url":"https:\/\/nge.vn\/wp-content\/uploads\/2024\/10\/vn-11134207-7r98o-lu7buraimln51d.webp","contentUrl":"https:\/\/nge.vn\/wp-content\/uploads\/2024\/10\/vn-11134207-7r98o-lu7buraimln51d.webp","width":728,"height":728},{"@type":"BreadcrumbList","@id":"https:\/\/nge.vn\/san-pham\/may-chieu-uv-dong-ran-mo-hinh-in-resin-3d-printing-post-processing-curing-box-kho-to-404040cm\/#breadcrumb","itemListElement":[{"@type":"ListItem","position":1,"name":"Trang ch\u1ee7","item":"https:\/\/nge.vn\/"},{"@type":"ListItem","position":2,"name":"S\u1ea3n ph\u1ea9m","item":"https:\/\/nge.vn\/san-pham\/"},{"@type":"ListItem","position":3,"name":"M\u00e1y chi\u1ebfu UV \u0111\u00f3ng r\u1eafn m\u00f4 h\u00ecnh in resin 3D PRINTING POST-PROCESSING CURING BOX kh\u1ed5 to 40*40*40cm"}]},{"@type":"WebSite","@id":"https:\/\/nge.vn\/#website","url":"https:\/\/nge.vn\/","name":"NGE 3D Printers Services","description":"","potentialAction":[{"@type":"SearchAction","target":{"@type":"EntryPoint","urlTemplate":"https:\/\/nge.vn\/?s={search_term_string}"},"query-input":{"@type":"PropertyValueSpecification","valueRequired":true,"valueName":"search_term_string"}}],"inLanguage":"en-US"}]}},"_links":{"self":[{"href":"https:\/\/nge.vn\/en\/wp-json\/wp\/v2\/product\/4291","targetHints":{"allow":["GET"]}}],"collection":[{"href":"https:\/\/nge.vn\/en\/wp-json\/wp\/v2\/product"}],"about":[{"href":"https:\/\/nge.vn\/en\/wp-json\/wp\/v2\/types\/product"}],"replies":[{"embeddable":true,"href":"https:\/\/nge.vn\/en\/wp-json\/wp\/v2\/comments?post=4291"}],"wp:featuredmedia":[{"embeddable":true,"href":"https:\/\/nge.vn\/en\/wp-json\/wp\/v2\/media\/4292"}],"wp:attachment":[{"href":"https:\/\/nge.vn\/en\/wp-json\/wp\/v2\/media?parent=4291"}],"wp:term":[{"taxonomy":"product_brand","embeddable":true,"href":"https:\/\/nge.vn\/en\/wp-json\/wp\/v2\/product_brand?post=4291"},{"taxonomy":"product_cat","embeddable":true,"href":"https:\/\/nge.vn\/en\/wp-json\/wp\/v2\/product_cat?post=4291"},{"taxonomy":"product_tag","embeddable":true,"href":"https:\/\/nge.vn\/en\/wp-json\/wp\/v2\/product_tag?post=4291"}],"curies":[{"name":"wp","href":"https:\/\/api.w.org\/{rel}","templated":true}]}}