{"id":4281,"date":"2024-10-28T15:24:53","date_gmt":"2024-10-28T08:24:53","guid":{"rendered":"https:\/\/nge.123websitedev.com\/?post_type=product&#038;p=4281"},"modified":"2025-04-01T11:49:30","modified_gmt":"2025-04-01T04:49:30","slug":"may-rua-mo-hinh-in-3d-resin-emake3d-3d-printing-model-washing-machine-kho-to-385385250mm","status":"publish","type":"product","link":"https:\/\/nge.vn\/en\/product\/may-rua-mo-hinh-in-3d-resin-emake3d-3d-printing-model-washing-machine-kho-to-385385250mm\/","title":{"rendered":"eMake3D 3D PRINTING MODEL WASHING MACHINE large size 385*385*250mm"},"content":{"rendered":"<p>M\u00e1y gi\u1eb7t si\u00eau c\u1ee1<\/p>\n<p>C\u00e0i \u0111\u1eb7t t\u1ed1c \u0111\u1ed9 k\u00e9p | L\u00e0m s\u1ea1ch xoay 360 \u0111\u1ed9 | Ti\u1ebft ki\u1ec7m alcohol<\/p>\n<p>+M\u00e0n h\u00ecnh CNC<\/p>\n<p>+L\u00e0m s\u1ea1ch k\u00edch th\u01b0\u1edbc l\u1edbn<\/p>\n<p>+Thao t\u00e1c ch\u1ea1m<\/p>\n<p>+Kh\u00f4ng g\u00e2y h\u01b0 h\u1ecfng m\u1eabu m\u00e3<\/p>\n<p>+V\u1ec7 sinh tuabin<\/p>\n<p>+C\u00e0i \u0111\u1eb7t th\u1eddi gian<\/p>\n<p>_HO\u1ea0T \u0110\u1ed8NG D\u1ec4 D\u00c0NG<\/p>\n<p>Thao t\u00e1c r\u1ea5t \u0111\u01a1n gi\u1ea3n, b\u1ea1n c\u00f3 th\u1ec3 t\u1ea1m d\u1eebng ho\u1eb7c b\u1eaft \u0111\u1ea7u th\u1eddi gian b\u1ea5t c\u1ee9 l\u00fac n\u00e0o v\u00e0 \u0111i\u1ec1u ch\u1ec9nh theo nhu c\u1ea7u c\u1ee7a m\u00ecnh trong 3-20 ph\u00fat<\/p>\n<p>_K\u00cdCH TH\u01af\u1edaC V\u1ec6 SINH<\/p>\n<p>385*385*250mm L\u00e0m s\u1ea1ch k\u00edch th\u01b0\u1edbc l\u1edbn \u0111\u1ec3 \u0111\u00e1p \u1ee9ng y\u00eau c\u1ea7u l\u00e0m s\u1ea1ch m\u00f4 h\u00ecnh l\u1edbn c\u1ee7a b\u1ea1n<\/p>\n<p>_C\u00c0I \u0110\u1eb6T TH\u1edcI GIAN<\/p>\n<p>Th\u1eddi gian d\u1ecdn d\u1eb9p c\u00f3 th\u1ec3 c\u00e0i \u0111\u1eb7t theo nhu c\u1ea7u, T\u1ef1 \u0111\u1ed9ng d\u1eebng sau gi\u1edd l\u00e0m vi\u1ec7c<\/p>\n<p>_X\u1ea2 R\u1eecA HI\u1ec6U QU\u1ea2<\/p>\n<p>R\u1eeda xo\u00e1y m\u1ea1nh m\u1ebd k\u00edn \u0111\u1ec3 lo\u1ea1i b\u1ecf hi\u1ec7u qu\u1ea3 c\u1eb7n tr\u00ean nh\u1ef1a b\u1ec1 m\u1eb7t m\u00f4 h\u00ecnh nh\u1eb1m ng\u0103n ch\u1ea5t l\u1ecfng b\u1eafn tung t\u00f3e v\u00e0 bay h\u01a1i.<\/p>\n<p>_TH\u00d4NG S\u1ed0 S\u1ea2N PH\u1ea8M<\/p>\n<p>+T\u00ean s\u1ea3n ph\u1ea9m: M\u00e1y gi\u1eb7t m\u00f4 h\u00ecnh in 3D<\/p>\n<p>+H\u01b0\u1edbng d\u1eabn gi\u1eb7t: X\u1ea3 xu\u00f4i v\u00e0 x\u1ea3 ng\u01b0\u1ee3c<\/p>\n<p>+Ngu\u1ed3n \u0111i\u1ec7n v\u00e0o: DC 24V 2A<\/p>\n<p>+M\u00e3 s\u1ea3n ph\u1ea9m: Gi\u1eb7t 1<\/p>\n<p>+T\u1ed1c \u0111\u1ed9 x\u1ea3: T\u1ed1c \u0111\u1ed9 ch\u1eadm\/ t\u1ed1c \u0111\u1ed9 x\u1ea3 nhanh<\/p>\n<p>+Th\u1eddi gian ban \u0111\u1ea7u: 3 ph\u00fat<\/p>\n<p>+Dung m\u00f4i x\u1ea3: C\u1ed3n<\/p>\n<p>+C\u00e0i \u0111\u1eb7t th\u1eddi gian: 3-20 ph\u00fat<\/p>\n<p>+K\u00edch th\u01b0\u1edbc s\u1ea3n ph\u1ea9m: 430*430*487mm<\/p>\n<p>+K\u00edch th\u01b0\u1edbc gi\u1eb7t: 385*385*250mm<\/p>\n<p>+K\u00edch th\u01b0\u1edbc g\u00f3i \u0111\u1ebf gi\u1eb7t: 440*440*200mm<\/p>\n<p>+Tr\u1ecdng l\u01b0\u1ee3ng: 13,5kg +K\u00edch th\u01b0\u1edbc g\u00f3i h\u1ed9p gi\u1eb7t: 510*505*430mm<\/p>\n<p>+T\u1ed5ng tr\u1ecdng l\u01b0\u1ee3ng: 16,9kg<\/p>\n<p>**To receive a better price, please contact the shop directly.<\/p>\n<p>0913.939.775 contact A.Quan (for English)<\/p>\n<p>094.144.0951 contact A.Quynh<\/p>\n<p>**Selling price does not include VAT (+10% if VAT invoice is issued)<\/p>","protected":false},"excerpt":{"rendered":"<p>M\u00e1y gi\u1eb7t si\u00eau c\u1ee1 C\u00e0i \u0111\u1eb7t t\u1ed1c \u0111\u1ed9 k\u00e9p | L\u00e0m s\u1ea1ch xoay 360 \u0111\u1ed9 | Ti\u1ebft ki\u1ec7m alcohol +M\u00e0n h\u00ecnh CNC +L\u00e0m s\u1ea1ch k\u00edch th\u01b0\u1edbc l\u1edbn +Thao t\u00e1c ch\u1ea1m +Kh\u00f4ng g\u00e2y h\u01b0 h\u1ecfng m\u1eabu m\u00e3 +V\u1ec7 sinh tuabin +C\u00e0i \u0111\u1eb7t th\u1eddi gian _HO\u1ea0T \u0110\u1ed8NG D\u1ec4 D\u00c0NG Thao t\u00e1c r\u1ea5t \u0111\u01a1n gi\u1ea3n, b\u1ea1n c\u00f3 th\u1ec3&#8230;<\/p>","protected":false},"featured_media":4282,"comment_status":"open","ping_status":"closed","template":"","meta":{"inline_featured_image":false},"product_brand":[],"product_cat":[39,53,42],"product_tag":[],"class_list":{"0":"post-4281","1":"product","2":"type-product","3":"status-publish","4":"has-post-thumbnail","6":"product_cat-may-in-3d","7":"product_cat-may-in-3d-emake3d","8":"product_cat-may-rua-va-may-say","10":"first","11":"instock","12":"taxable","13":"shipping-taxable","14":"purchasable","15":"product-type-simple"},"yoast_head":"<!-- This site is optimized with the Yoast SEO Premium plugin v22.8 (Yoast SEO v26.9) - https:\/\/yoast.com\/product\/yoast-seo-premium-wordpress\/ -->\n<title>M\u00e1y r\u1eeda m\u00f4 h\u00ecnh in 3d resin eMake3D 3D PRINTING MODEL WASHING MACHINE kh\u1ed5 to 385*385*250mm - NGE 3D Printers Services<\/title>\n<meta name=\"robots\" content=\"index, follow, max-snippet:-1, max-image-preview:large, max-video-preview:-1\" \/>\n<link rel=\"canonical\" href=\"https:\/\/nge.vn\/en\/product\/may-rua-mo-hinh-in-3d-resin-emake3d-3d-printing-model-washing-machine-kho-to-385385250mm\/\" \/>\n<meta property=\"og:locale\" content=\"en_US\" \/>\n<meta property=\"og:type\" content=\"article\" \/>\n<meta property=\"og:title\" content=\"M\u00e1y r\u1eeda m\u00f4 h\u00ecnh in 3d resin eMake3D 3D PRINTING MODEL WASHING MACHINE kh\u1ed5 to 385*385*250mm\" \/>\n<meta property=\"og:description\" content=\"M\u00e1y gi\u1eb7t si\u00eau c\u1ee1 C\u00e0i \u0111\u1eb7t t\u1ed1c \u0111\u1ed9 k\u00e9p | L\u00e0m s\u1ea1ch xoay 360 \u0111\u1ed9 | Ti\u1ebft ki\u1ec7m alcohol +M\u00e0n h\u00ecnh CNC +L\u00e0m s\u1ea1ch k\u00edch th\u01b0\u1edbc l\u1edbn +Thao t\u00e1c ch\u1ea1m +Kh\u00f4ng g\u00e2y h\u01b0 h\u1ecfng m\u1eabu m\u00e3 +V\u1ec7 sinh tuabin +C\u00e0i \u0111\u1eb7t th\u1eddi gian _HO\u1ea0T \u0110\u1ed8NG D\u1ec4 D\u00c0NG Thao t\u00e1c r\u1ea5t \u0111\u01a1n gi\u1ea3n, b\u1ea1n c\u00f3 th\u1ec3...\" \/>\n<meta property=\"og:url\" content=\"https:\/\/nge.vn\/en\/product\/may-rua-mo-hinh-in-3d-resin-emake3d-3d-printing-model-washing-machine-kho-to-385385250mm\/\" \/>\n<meta property=\"og:site_name\" content=\"NGE 3D Printers Services\" \/>\n<meta property=\"article:modified_time\" content=\"2025-04-01T04:49:30+00:00\" \/>\n<meta property=\"og:image\" content=\"https:\/\/nge.vn\/wp-content\/uploads\/2024\/10\/vn-11134207-7r98o-lu23x32hc2kx75.webp\" \/>\n\t<meta property=\"og:image:width\" content=\"1024\" \/>\n\t<meta property=\"og:image:height\" content=\"1024\" \/>\n\t<meta property=\"og:image:type\" content=\"image\/webp\" \/>\n<meta name=\"twitter:card\" content=\"summary_large_image\" \/>\n<meta name=\"twitter:label1\" content=\"Est. reading time\" \/>\n\t<meta name=\"twitter:data1\" content=\"2 minutes\" \/>\n<script type=\"application\/ld+json\" class=\"yoast-schema-graph\">{\"@context\":\"https:\/\/schema.org\",\"@graph\":[{\"@type\":\"WebPage\",\"@id\":\"https:\/\/nge.vn\/san-pham\/may-rua-mo-hinh-in-3d-resin-emake3d-3d-printing-model-washing-machine-kho-to-385385250mm\/\",\"url\":\"https:\/\/nge.vn\/san-pham\/may-rua-mo-hinh-in-3d-resin-emake3d-3d-printing-model-washing-machine-kho-to-385385250mm\/\",\"name\":\"M\u00e1y r\u1eeda m\u00f4 h\u00ecnh in 3d resin eMake3D 3D PRINTING MODEL WASHING MACHINE kh\u1ed5 to 385*385*250mm - NGE 3D Printers Services\",\"isPartOf\":{\"@id\":\"https:\/\/nge.vn\/#website\"},\"primaryImageOfPage\":{\"@id\":\"https:\/\/nge.vn\/san-pham\/may-rua-mo-hinh-in-3d-resin-emake3d-3d-printing-model-washing-machine-kho-to-385385250mm\/#primaryimage\"},\"image\":{\"@id\":\"https:\/\/nge.vn\/san-pham\/may-rua-mo-hinh-in-3d-resin-emake3d-3d-printing-model-washing-machine-kho-to-385385250mm\/#primaryimage\"},\"thumbnailUrl\":\"https:\/\/nge.vn\/wp-content\/uploads\/2024\/10\/vn-11134207-7r98o-lu23x32hc2kx75.webp\",\"datePublished\":\"2024-10-28T08:24:53+00:00\",\"dateModified\":\"2025-04-01T04:49:30+00:00\",\"breadcrumb\":{\"@id\":\"https:\/\/nge.vn\/san-pham\/may-rua-mo-hinh-in-3d-resin-emake3d-3d-printing-model-washing-machine-kho-to-385385250mm\/#breadcrumb\"},\"inLanguage\":\"en-US\",\"potentialAction\":[{\"@type\":\"ReadAction\",\"target\":[\"https:\/\/nge.vn\/san-pham\/may-rua-mo-hinh-in-3d-resin-emake3d-3d-printing-model-washing-machine-kho-to-385385250mm\/\"]}]},{\"@type\":\"ImageObject\",\"inLanguage\":\"en-US\",\"@id\":\"https:\/\/nge.vn\/san-pham\/may-rua-mo-hinh-in-3d-resin-emake3d-3d-printing-model-washing-machine-kho-to-385385250mm\/#primaryimage\",\"url\":\"https:\/\/nge.vn\/wp-content\/uploads\/2024\/10\/vn-11134207-7r98o-lu23x32hc2kx75.webp\",\"contentUrl\":\"https:\/\/nge.vn\/wp-content\/uploads\/2024\/10\/vn-11134207-7r98o-lu23x32hc2kx75.webp\",\"width\":1024,\"height\":1024},{\"@type\":\"BreadcrumbList\",\"@id\":\"https:\/\/nge.vn\/san-pham\/may-rua-mo-hinh-in-3d-resin-emake3d-3d-printing-model-washing-machine-kho-to-385385250mm\/#breadcrumb\",\"itemListElement\":[{\"@type\":\"ListItem\",\"position\":1,\"name\":\"Trang ch\u1ee7\",\"item\":\"https:\/\/nge.vn\/\"},{\"@type\":\"ListItem\",\"position\":2,\"name\":\"S\u1ea3n ph\u1ea9m\",\"item\":\"https:\/\/nge.vn\/san-pham\/\"},{\"@type\":\"ListItem\",\"position\":3,\"name\":\"M\u00e1y r\u1eeda m\u00f4 h\u00ecnh in 3d resin eMake3D 3D PRINTING MODEL WASHING MACHINE kh\u1ed5 to 385*385*250mm\"}]},{\"@type\":\"WebSite\",\"@id\":\"https:\/\/nge.vn\/#website\",\"url\":\"https:\/\/nge.vn\/\",\"name\":\"NGE 3D Printers Services\",\"description\":\"\",\"potentialAction\":[{\"@type\":\"SearchAction\",\"target\":{\"@type\":\"EntryPoint\",\"urlTemplate\":\"https:\/\/nge.vn\/?s={search_term_string}\"},\"query-input\":{\"@type\":\"PropertyValueSpecification\",\"valueRequired\":true,\"valueName\":\"search_term_string\"}}],\"inLanguage\":\"en-US\"}]}<\/script>\n<!-- \/ Yoast SEO Premium plugin. -->","yoast_head_json":{"title":"M\u00e1y r\u1eeda m\u00f4 h\u00ecnh in 3d resin eMake3D 3D PRINTING MODEL WASHING MACHINE kh\u1ed5 to 385*385*250mm - NGE 3D Printers Services","robots":{"index":"index","follow":"follow","max-snippet":"max-snippet:-1","max-image-preview":"max-image-preview:large","max-video-preview":"max-video-preview:-1"},"canonical":"https:\/\/nge.vn\/en\/product\/may-rua-mo-hinh-in-3d-resin-emake3d-3d-printing-model-washing-machine-kho-to-385385250mm\/","og_locale":"en_US","og_type":"article","og_title":"M\u00e1y r\u1eeda m\u00f4 h\u00ecnh in 3d resin eMake3D 3D PRINTING MODEL WASHING MACHINE kh\u1ed5 to 385*385*250mm","og_description":"M\u00e1y gi\u1eb7t si\u00eau c\u1ee1 C\u00e0i \u0111\u1eb7t t\u1ed1c \u0111\u1ed9 k\u00e9p | L\u00e0m s\u1ea1ch xoay 360 \u0111\u1ed9 | Ti\u1ebft ki\u1ec7m alcohol +M\u00e0n h\u00ecnh CNC +L\u00e0m s\u1ea1ch k\u00edch th\u01b0\u1edbc l\u1edbn +Thao t\u00e1c ch\u1ea1m +Kh\u00f4ng g\u00e2y h\u01b0 h\u1ecfng m\u1eabu m\u00e3 +V\u1ec7 sinh tuabin +C\u00e0i \u0111\u1eb7t th\u1eddi gian _HO\u1ea0T \u0110\u1ed8NG D\u1ec4 D\u00c0NG Thao t\u00e1c r\u1ea5t \u0111\u01a1n gi\u1ea3n, b\u1ea1n c\u00f3 th\u1ec3...","og_url":"https:\/\/nge.vn\/en\/product\/may-rua-mo-hinh-in-3d-resin-emake3d-3d-printing-model-washing-machine-kho-to-385385250mm\/","og_site_name":"NGE 3D Printers Services","article_modified_time":"2025-04-01T04:49:30+00:00","og_image":[{"width":1024,"height":1024,"url":"https:\/\/nge.vn\/wp-content\/uploads\/2024\/10\/vn-11134207-7r98o-lu23x32hc2kx75.webp","type":"image\/webp"}],"twitter_card":"summary_large_image","twitter_misc":{"Est. reading time":"2 minutes"},"schema":{"@context":"https:\/\/schema.org","@graph":[{"@type":"WebPage","@id":"https:\/\/nge.vn\/san-pham\/may-rua-mo-hinh-in-3d-resin-emake3d-3d-printing-model-washing-machine-kho-to-385385250mm\/","url":"https:\/\/nge.vn\/san-pham\/may-rua-mo-hinh-in-3d-resin-emake3d-3d-printing-model-washing-machine-kho-to-385385250mm\/","name":"M\u00e1y r\u1eeda m\u00f4 h\u00ecnh in 3d resin eMake3D 3D PRINTING MODEL WASHING MACHINE kh\u1ed5 to 385*385*250mm - NGE 3D Printers Services","isPartOf":{"@id":"https:\/\/nge.vn\/#website"},"primaryImageOfPage":{"@id":"https:\/\/nge.vn\/san-pham\/may-rua-mo-hinh-in-3d-resin-emake3d-3d-printing-model-washing-machine-kho-to-385385250mm\/#primaryimage"},"image":{"@id":"https:\/\/nge.vn\/san-pham\/may-rua-mo-hinh-in-3d-resin-emake3d-3d-printing-model-washing-machine-kho-to-385385250mm\/#primaryimage"},"thumbnailUrl":"https:\/\/nge.vn\/wp-content\/uploads\/2024\/10\/vn-11134207-7r98o-lu23x32hc2kx75.webp","datePublished":"2024-10-28T08:24:53+00:00","dateModified":"2025-04-01T04:49:30+00:00","breadcrumb":{"@id":"https:\/\/nge.vn\/san-pham\/may-rua-mo-hinh-in-3d-resin-emake3d-3d-printing-model-washing-machine-kho-to-385385250mm\/#breadcrumb"},"inLanguage":"en-US","potentialAction":[{"@type":"ReadAction","target":["https:\/\/nge.vn\/san-pham\/may-rua-mo-hinh-in-3d-resin-emake3d-3d-printing-model-washing-machine-kho-to-385385250mm\/"]}]},{"@type":"ImageObject","inLanguage":"en-US","@id":"https:\/\/nge.vn\/san-pham\/may-rua-mo-hinh-in-3d-resin-emake3d-3d-printing-model-washing-machine-kho-to-385385250mm\/#primaryimage","url":"https:\/\/nge.vn\/wp-content\/uploads\/2024\/10\/vn-11134207-7r98o-lu23x32hc2kx75.webp","contentUrl":"https:\/\/nge.vn\/wp-content\/uploads\/2024\/10\/vn-11134207-7r98o-lu23x32hc2kx75.webp","width":1024,"height":1024},{"@type":"BreadcrumbList","@id":"https:\/\/nge.vn\/san-pham\/may-rua-mo-hinh-in-3d-resin-emake3d-3d-printing-model-washing-machine-kho-to-385385250mm\/#breadcrumb","itemListElement":[{"@type":"ListItem","position":1,"name":"Trang ch\u1ee7","item":"https:\/\/nge.vn\/"},{"@type":"ListItem","position":2,"name":"S\u1ea3n ph\u1ea9m","item":"https:\/\/nge.vn\/san-pham\/"},{"@type":"ListItem","position":3,"name":"M\u00e1y r\u1eeda m\u00f4 h\u00ecnh in 3d resin eMake3D 3D PRINTING MODEL WASHING MACHINE kh\u1ed5 to 385*385*250mm"}]},{"@type":"WebSite","@id":"https:\/\/nge.vn\/#website","url":"https:\/\/nge.vn\/","name":"NGE 3D Printers Services","description":"","potentialAction":[{"@type":"SearchAction","target":{"@type":"EntryPoint","urlTemplate":"https:\/\/nge.vn\/?s={search_term_string}"},"query-input":{"@type":"PropertyValueSpecification","valueRequired":true,"valueName":"search_term_string"}}],"inLanguage":"en-US"}]}},"_links":{"self":[{"href":"https:\/\/nge.vn\/en\/wp-json\/wp\/v2\/product\/4281","targetHints":{"allow":["GET"]}}],"collection":[{"href":"https:\/\/nge.vn\/en\/wp-json\/wp\/v2\/product"}],"about":[{"href":"https:\/\/nge.vn\/en\/wp-json\/wp\/v2\/types\/product"}],"replies":[{"embeddable":true,"href":"https:\/\/nge.vn\/en\/wp-json\/wp\/v2\/comments?post=4281"}],"wp:featuredmedia":[{"embeddable":true,"href":"https:\/\/nge.vn\/en\/wp-json\/wp\/v2\/media\/4282"}],"wp:attachment":[{"href":"https:\/\/nge.vn\/en\/wp-json\/wp\/v2\/media?parent=4281"}],"wp:term":[{"taxonomy":"product_brand","embeddable":true,"href":"https:\/\/nge.vn\/en\/wp-json\/wp\/v2\/product_brand?post=4281"},{"taxonomy":"product_cat","embeddable":true,"href":"https:\/\/nge.vn\/en\/wp-json\/wp\/v2\/product_cat?post=4281"},{"taxonomy":"product_tag","embeddable":true,"href":"https:\/\/nge.vn\/en\/wp-json\/wp\/v2\/product_tag?post=4281"}],"curies":[{"name":"wp","href":"https:\/\/api.w.org\/{rel}","templated":true}]}}