{"id":428,"date":"2024-10-25T12:21:50","date_gmt":"2024-10-25T05:21:50","guid":{"rendered":"https:\/\/nge.123websitedev.com\/san-pham\/quat-lam-mat-4010-axial-fan-24v-cho-may-in-3d\/"},"modified":"2024-10-29T15:08:24","modified_gmt":"2024-10-29T08:08:24","slug":"quat-lam-mat-4010-axial-fan-24v-cho-may-in-3d","status":"publish","type":"product","link":"https:\/\/nge.vn\/en\/product\/quat-lam-mat-4010-axial-fan-24v-cho-may-in-3d\/","title":{"rendered":"4010 Axial Fan 24V Cooling Fan for 3D Printer"},"content":{"rendered":"<p>4010 Axial Fan 24V Cooling Fan for 3D Printer<\/p>\n<p>_Thay th\u1ebf d\u1ec5 d\u00e0ng<br \/>\n_T\u1ea3n nhi\u1ec7t hi\u1ec7u qu\u1ea3<br \/>\n_Im l\u1eb7ng v\u00e0 ti\u1ebfng \u1ed3n th\u1ea5p<\/p>\n<p>_Ba l\u1ee3i th\u1ebf c\u1ed1t l\u00f5i, T\u0103ng c\u01b0\u1eddng to\u00e0n di\u1ec7n<\/p>\n<p>_M\u1ed9t ph\u01b0\u01a1ng ph\u00e1p m\u1edbi \u0111\u1ec3 thay th\u1ebf c\u00e1c qu\u1ea1t h\u01b0\u1edbng tr\u1ee5c<br \/>\n_C\u00e0i \u0111\u1eb7t d\u1ec5 d\u00e0ng ch\u1ec9 v\u1edbi 4 b\u01b0\u1edbc<br \/>\n_Kh\u00f4ng c\u1ea7n th\u00e1o r\u1eddi bo m\u1ea1ch ch\u1ee7, d\u00e2y n\u1ecbt, v.v. m\u00e0 ch\u1ec9 c\u1ea7n thay d\u00e2y k\u1ebft n\u1ed1i.<\/p>\n<p>_\u1ed0ng co nhi\u1ec7t trong su\u1ed1t v\u1edbi v\u00f2ng thi\u1ebfc \u1edf gi\u1eefa, c\u00f3 th\u1ec3 n\u1ea5u ch\u1ea3y tr\u1ef1c ti\u1ebfp khi nung n\u00f3ng &#8211; d\u1ec5 v\u1eadn h\u00e0nh, kh\u00f4ng c\u1ea7n h\u00e0n. Ch\u1ea5t k\u1ebft d\u00ednh n\u00f3ng ch\u1ea3y kh\u00f4ng th\u1ea5m n\u01b0\u1edbc b\u00ean trong, d\u00e2y c\u00f3 th\u1ec3 \u0111\u01b0\u1ee3c qu\u1ea5n ch\u1eb7t ch\u1ebd sau khi n\u00f3ng ch\u1ea3y, ni\u00eam phong &amp; ch\u1ed1ng th\u1ea5m n\u01b0\u1edbc, kh\u00f4ng r\u00f2 r\u1ec9, ch\u1ecbu nhi\u1ec7t \u0111\u1ed9 cao<\/p>\n<p>_T\u1ea3n nhi\u1ec7t l\u00f5i c\u1ee9ng \u0111\u1ec3 t\u0103ng t\u1ed1c qu\u00e1 tr\u00ecnh b\u1ea3o d\u01b0\u1ee1ng m\u00f4 h\u00ecnh<br \/>\nGi\u00fap t\u1ea3n nhi\u1ec7t hi\u1ec7u qu\u1ea3 h\u01a1n, tr\u00e1nh tr\u01b0\u1eddng h\u1ee3p b\u1ea3n in b\u1ecb ngh\u1eb9t \u0111\u1ea7u, gi\u00fap m\u00e1y in ch\u1ea1y h\u1ebft t\u1ed1c l\u1ef1c.<\/p>\n<p>_T\u1eadn h\u01b0\u1edfng vi\u1ec7c in nh\u1eb9 nh\u00e0ng, T\u1ea1o ra m\u1ed9t c\u00e1ch nh\u1eb9 nh\u00e0ng<br \/>\nT\u00ednh n\u0103ng kh\u1edfi \u0111\u1ed9ng b\u1eb1ng \u0111i\u1ec7n \u00e1p th\u1ea5p y\u00ean t\u0129nh v\u00e0 hi\u1ec7u su\u1ea5t t\u1ea3n nhi\u1ec7t tuy\u1ec7t v\u1eddi \u1edf tr\u1ea1ng th\u00e1i t\u1ed1c \u0111\u1ed9 th\u1ea5p, mang l\u1ea1i tr\u1ea3i nghi\u1ec7m t\u1ed1t<\/p>\n<p>_Product Information:<br \/>\n+Product name: 4010 Axial Fan 24V<br \/>\n+Voltage: 24V<br \/>\n+Product Size: Axial Fan: 40*10mm<br \/>\n                        Wire length:  100mm<br \/>\n+Weight: Net Weight: 18g<br \/>\n               Gross Weight: 22<\/p>\n<p>**G\u00f3i s\u1ea3n ph\u1ea9m:<br \/>\n1 Fan 40*10mm<br \/>\n2 Thanh Co n\u1ed1i (\u0111\u1ed1t n\u1ed1i c\u00e1c \u0111\u1ea7u d\u00e2y)<br \/>\n1 d\u00e2y r\u00fat<\/p>\n<p>**\u0110\u1ec3 \u0111\u01b0\u1ee3c nh\u1eadn h\u1ed9 tr\u1ee3 th\u00eam v\u1ec1 Gi\u00e1 v\u00e0 Th\u00f4ng tin c\u1ee7a s\u1ea3n ph\u1ea9m, vui l\u00f2ng li\u00ean h\u1ec7:<br \/>\n    0913.939.775 g\u1eb7p A. Qu\u00e2n (for English)<br \/>\n    094.144.0951 contact A.Quynh<br \/>\n**Selling price does not include VAT (+10% if VAT invoice is issued)<\/p>","protected":false},"excerpt":{"rendered":"<p>4010 Axial Fan 24V Cooling Fan for 3D Printer<\/p>","protected":false},"featured_media":419,"comment_status":"open","ping_status":"closed","template":"","meta":{"inline_featured_image":false},"product_brand":[],"product_cat":[40,39],"product_tag":[],"class_list":{"0":"post-428","1":"product","2":"type-product","3":"status-publish","4":"has-post-thumbnail","6":"product_cat-linh-kien-va-phu-kien","7":"product_cat-may-in-3d","9":"first","10":"instock","11":"taxable","12":"shipping-taxable","13":"purchasable","14":"product-type-simple"},"yoast_head":"<!-- This site is optimized with the Yoast SEO Premium plugin v22.8 (Yoast SEO v26.9) - https:\/\/yoast.com\/product\/yoast-seo-premium-wordpress\/ -->\n<title>Qu\u1ea1t l\u00e0m m\u00e1t 4010 Axial Fan 24V cho m\u00e1y in 3D - NGE 3D Printers Services<\/title>\n<meta name=\"robots\" content=\"index, follow, max-snippet:-1, max-image-preview:large, max-video-preview:-1\" \/>\n<link rel=\"canonical\" href=\"https:\/\/nge.vn\/en\/product\/quat-lam-mat-4010-axial-fan-24v-cho-may-in-3d\/\" \/>\n<meta property=\"og:locale\" content=\"en_US\" \/>\n<meta property=\"og:type\" content=\"article\" \/>\n<meta property=\"og:title\" content=\"Qu\u1ea1t l\u00e0m m\u00e1t 4010 Axial Fan 24V cho m\u00e1y in 3D\" \/>\n<meta property=\"og:description\" content=\"Qu\u1ea1t l\u00e0m m\u00e1t 4010 Axial Fan 24V cho m\u00e1y in 3D\" \/>\n<meta property=\"og:url\" content=\"https:\/\/nge.vn\/en\/product\/quat-lam-mat-4010-axial-fan-24v-cho-may-in-3d\/\" \/>\n<meta property=\"og:site_name\" content=\"NGE 3D Printers Services\" \/>\n<meta property=\"article:modified_time\" content=\"2024-10-29T08:08:24+00:00\" \/>\n<meta property=\"og:image\" content=\"https:\/\/nge.vn\/wp-content\/uploads\/2024\/10\/images-upload-woo2Fedb708e6852a66c611ca42de506070ca.jpg\" \/>\n\t<meta property=\"og:image:width\" content=\"790\" \/>\n\t<meta property=\"og:image:height\" content=\"790\" \/>\n\t<meta property=\"og:image:type\" content=\"image\/jpeg\" \/>\n<meta name=\"twitter:card\" content=\"summary_large_image\" \/>\n<meta name=\"twitter:label1\" content=\"Est. reading time\" \/>\n\t<meta name=\"twitter:data1\" content=\"2 minutes\" \/>\n<script type=\"application\/ld+json\" class=\"yoast-schema-graph\">{\"@context\":\"https:\/\/schema.org\",\"@graph\":[{\"@type\":\"WebPage\",\"@id\":\"https:\/\/nge.vn\/san-pham\/quat-lam-mat-4010-axial-fan-24v-cho-may-in-3d\/\",\"url\":\"https:\/\/nge.vn\/san-pham\/quat-lam-mat-4010-axial-fan-24v-cho-may-in-3d\/\",\"name\":\"Qu\u1ea1t l\u00e0m m\u00e1t 4010 Axial Fan 24V cho m\u00e1y in 3D - NGE 3D Printers Services\",\"isPartOf\":{\"@id\":\"https:\/\/nge.vn\/#website\"},\"primaryImageOfPage\":{\"@id\":\"https:\/\/nge.vn\/san-pham\/quat-lam-mat-4010-axial-fan-24v-cho-may-in-3d\/#primaryimage\"},\"image\":{\"@id\":\"https:\/\/nge.vn\/san-pham\/quat-lam-mat-4010-axial-fan-24v-cho-may-in-3d\/#primaryimage\"},\"thumbnailUrl\":\"https:\/\/nge.vn\/wp-content\/uploads\/2024\/10\/images-upload-woo2Fedb708e6852a66c611ca42de506070ca.jpg\",\"datePublished\":\"2024-10-25T05:21:50+00:00\",\"dateModified\":\"2024-10-29T08:08:24+00:00\",\"breadcrumb\":{\"@id\":\"https:\/\/nge.vn\/san-pham\/quat-lam-mat-4010-axial-fan-24v-cho-may-in-3d\/#breadcrumb\"},\"inLanguage\":\"en-US\",\"potentialAction\":[{\"@type\":\"ReadAction\",\"target\":[\"https:\/\/nge.vn\/san-pham\/quat-lam-mat-4010-axial-fan-24v-cho-may-in-3d\/\"]}]},{\"@type\":\"ImageObject\",\"inLanguage\":\"en-US\",\"@id\":\"https:\/\/nge.vn\/san-pham\/quat-lam-mat-4010-axial-fan-24v-cho-may-in-3d\/#primaryimage\",\"url\":\"https:\/\/nge.vn\/wp-content\/uploads\/2024\/10\/images-upload-woo2Fedb708e6852a66c611ca42de506070ca.jpg\",\"contentUrl\":\"https:\/\/nge.vn\/wp-content\/uploads\/2024\/10\/images-upload-woo2Fedb708e6852a66c611ca42de506070ca.jpg\",\"width\":790,\"height\":790},{\"@type\":\"BreadcrumbList\",\"@id\":\"https:\/\/nge.vn\/san-pham\/quat-lam-mat-4010-axial-fan-24v-cho-may-in-3d\/#breadcrumb\",\"itemListElement\":[{\"@type\":\"ListItem\",\"position\":1,\"name\":\"Trang ch\u1ee7\",\"item\":\"https:\/\/nge.vn\/\"},{\"@type\":\"ListItem\",\"position\":2,\"name\":\"S\u1ea3n ph\u1ea9m\",\"item\":\"https:\/\/nge.vn\/san-pham\/\"},{\"@type\":\"ListItem\",\"position\":3,\"name\":\"Qu\u1ea1t l\u00e0m m\u00e1t 4010 Axial Fan 24V cho m\u00e1y in 3D\"}]},{\"@type\":\"WebSite\",\"@id\":\"https:\/\/nge.vn\/#website\",\"url\":\"https:\/\/nge.vn\/\",\"name\":\"NGE 3D Printers Services\",\"description\":\"\",\"potentialAction\":[{\"@type\":\"SearchAction\",\"target\":{\"@type\":\"EntryPoint\",\"urlTemplate\":\"https:\/\/nge.vn\/?s={search_term_string}\"},\"query-input\":{\"@type\":\"PropertyValueSpecification\",\"valueRequired\":true,\"valueName\":\"search_term_string\"}}],\"inLanguage\":\"en-US\"}]}<\/script>\n<!-- \/ Yoast SEO Premium plugin. -->","yoast_head_json":{"title":"Qu\u1ea1t l\u00e0m m\u00e1t 4010 Axial Fan 24V cho m\u00e1y in 3D - NGE 3D Printers Services","robots":{"index":"index","follow":"follow","max-snippet":"max-snippet:-1","max-image-preview":"max-image-preview:large","max-video-preview":"max-video-preview:-1"},"canonical":"https:\/\/nge.vn\/en\/product\/quat-lam-mat-4010-axial-fan-24v-cho-may-in-3d\/","og_locale":"en_US","og_type":"article","og_title":"Qu\u1ea1t l\u00e0m m\u00e1t 4010 Axial Fan 24V cho m\u00e1y in 3D","og_description":"Qu\u1ea1t l\u00e0m m\u00e1t 4010 Axial Fan 24V cho m\u00e1y in 3D","og_url":"https:\/\/nge.vn\/en\/product\/quat-lam-mat-4010-axial-fan-24v-cho-may-in-3d\/","og_site_name":"NGE 3D Printers Services","article_modified_time":"2024-10-29T08:08:24+00:00","og_image":[{"width":790,"height":790,"url":"https:\/\/nge.vn\/wp-content\/uploads\/2024\/10\/images-upload-woo2Fedb708e6852a66c611ca42de506070ca.jpg","type":"image\/jpeg"}],"twitter_card":"summary_large_image","twitter_misc":{"Est. reading time":"2 minutes"},"schema":{"@context":"https:\/\/schema.org","@graph":[{"@type":"WebPage","@id":"https:\/\/nge.vn\/san-pham\/quat-lam-mat-4010-axial-fan-24v-cho-may-in-3d\/","url":"https:\/\/nge.vn\/san-pham\/quat-lam-mat-4010-axial-fan-24v-cho-may-in-3d\/","name":"Qu\u1ea1t l\u00e0m m\u00e1t 4010 Axial Fan 24V cho m\u00e1y in 3D - NGE 3D Printers Services","isPartOf":{"@id":"https:\/\/nge.vn\/#website"},"primaryImageOfPage":{"@id":"https:\/\/nge.vn\/san-pham\/quat-lam-mat-4010-axial-fan-24v-cho-may-in-3d\/#primaryimage"},"image":{"@id":"https:\/\/nge.vn\/san-pham\/quat-lam-mat-4010-axial-fan-24v-cho-may-in-3d\/#primaryimage"},"thumbnailUrl":"https:\/\/nge.vn\/wp-content\/uploads\/2024\/10\/images-upload-woo2Fedb708e6852a66c611ca42de506070ca.jpg","datePublished":"2024-10-25T05:21:50+00:00","dateModified":"2024-10-29T08:08:24+00:00","breadcrumb":{"@id":"https:\/\/nge.vn\/san-pham\/quat-lam-mat-4010-axial-fan-24v-cho-may-in-3d\/#breadcrumb"},"inLanguage":"en-US","potentialAction":[{"@type":"ReadAction","target":["https:\/\/nge.vn\/san-pham\/quat-lam-mat-4010-axial-fan-24v-cho-may-in-3d\/"]}]},{"@type":"ImageObject","inLanguage":"en-US","@id":"https:\/\/nge.vn\/san-pham\/quat-lam-mat-4010-axial-fan-24v-cho-may-in-3d\/#primaryimage","url":"https:\/\/nge.vn\/wp-content\/uploads\/2024\/10\/images-upload-woo2Fedb708e6852a66c611ca42de506070ca.jpg","contentUrl":"https:\/\/nge.vn\/wp-content\/uploads\/2024\/10\/images-upload-woo2Fedb708e6852a66c611ca42de506070ca.jpg","width":790,"height":790},{"@type":"BreadcrumbList","@id":"https:\/\/nge.vn\/san-pham\/quat-lam-mat-4010-axial-fan-24v-cho-may-in-3d\/#breadcrumb","itemListElement":[{"@type":"ListItem","position":1,"name":"Trang ch\u1ee7","item":"https:\/\/nge.vn\/"},{"@type":"ListItem","position":2,"name":"S\u1ea3n ph\u1ea9m","item":"https:\/\/nge.vn\/san-pham\/"},{"@type":"ListItem","position":3,"name":"Qu\u1ea1t l\u00e0m m\u00e1t 4010 Axial Fan 24V cho m\u00e1y in 3D"}]},{"@type":"WebSite","@id":"https:\/\/nge.vn\/#website","url":"https:\/\/nge.vn\/","name":"NGE 3D Printers Services","description":"","potentialAction":[{"@type":"SearchAction","target":{"@type":"EntryPoint","urlTemplate":"https:\/\/nge.vn\/?s={search_term_string}"},"query-input":{"@type":"PropertyValueSpecification","valueRequired":true,"valueName":"search_term_string"}}],"inLanguage":"en-US"}]}},"_links":{"self":[{"href":"https:\/\/nge.vn\/en\/wp-json\/wp\/v2\/product\/428","targetHints":{"allow":["GET"]}}],"collection":[{"href":"https:\/\/nge.vn\/en\/wp-json\/wp\/v2\/product"}],"about":[{"href":"https:\/\/nge.vn\/en\/wp-json\/wp\/v2\/types\/product"}],"replies":[{"embeddable":true,"href":"https:\/\/nge.vn\/en\/wp-json\/wp\/v2\/comments?post=428"}],"wp:featuredmedia":[{"embeddable":true,"href":"https:\/\/nge.vn\/en\/wp-json\/wp\/v2\/media\/419"}],"wp:attachment":[{"href":"https:\/\/nge.vn\/en\/wp-json\/wp\/v2\/media?parent=428"}],"wp:term":[{"taxonomy":"product_brand","embeddable":true,"href":"https:\/\/nge.vn\/en\/wp-json\/wp\/v2\/product_brand?post=428"},{"taxonomy":"product_cat","embeddable":true,"href":"https:\/\/nge.vn\/en\/wp-json\/wp\/v2\/product_cat?post=428"},{"taxonomy":"product_tag","embeddable":true,"href":"https:\/\/nge.vn\/en\/wp-json\/wp\/v2\/product_tag?post=428"}],"curies":[{"name":"wp","href":"https:\/\/api.w.org\/{rel}","templated":true}]}}