{"id":4248,"date":"2024-10-26T17:29:43","date_gmt":"2024-10-26T10:29:43","guid":{"rendered":"https:\/\/nge.123websitedev.com\/san-pham\/may-say-soi-nhua-creality-space-pi-filament-dryer-plus\/"},"modified":"2026-01-05T11:39:08","modified_gmt":"2026-01-05T04:39:08","slug":"may-say-soi-nhua-creality-space-pi-filament-dryer-plus","status":"publish","type":"product","link":"https:\/\/nge.vn\/en\/product\/may-say-soi-nhua-creality-space-pi-filament-dryer-plus\/","title":{"rendered":"Creality Space Pi Filament Dryer Plus"},"content":{"rendered":"<h2 style=\"text-align: center;\"><strong>M\u00e1y s\u1ea5y s\u1ee3i nh\u1ef1a FDM Creality Space Pi Plus lo\u1ea1i 2 cu\u1ed9n<\/strong><\/h2>\n<p>+C\u00f4ng su\u1ea5t hai cu\u1ed9n, s\u1ea5y \u0111\u00f4i<br \/>\n+C\u00f3 th\u1ec3 \u0111i\u1ec1u ch\u1ec9nh nhi\u1ec7t \u0111\u1ed9 45\u00b0C-70\u00b0C<br \/>\n+C\u00e0i \u0111\u1eb7t th\u1eddi gian s\u1ea5y 0-48h<br \/>\n+S\u01b0\u1edfi \u1ea5m kh\u00f4ng kh\u00ed n\u00f3ng PTC 360\u00b0<br \/>\n+B\u1ed9 1 ph\u00edm b\u1ea5m 12 s\u1ee3i<\/p>\n<p>_D\u00e2y t\u00f3c in 3D \u01b0\u1edbt c\u00f3 th\u1ec3 d\u1eabn \u0111\u1ebfn hi\u1ec7n t\u01b0\u1ee3ng \u0111\u1ee9t d\u00e2y, t\u1eafc ngh\u1ebdn, \u0111\u1ed9 b\u00e1m d\u00ednh k\u00e9m v\u00e0 d\u1ecbch chuy\u1ec3n l\u1edbp. Creality Space Pi Filament Dryer Plus gi\u1ea3i quy\u1ebft nh\u1eefng v\u1ea5n \u0111\u1ec1 n\u00e0y b\u1eb1ng c\u00e1ch l\u00e0m kh\u00f4 s\u1ee3i nh\u1ef1a trong qu\u00e1 tr\u00ecnh in, n\u00e2ng cao ch\u1ea5t l\u01b0\u1ee3ng m\u00f4 h\u00ecnh 3D c\u1ee7a b\u1ea1n v\u00e0 gi\u1ea3m thi\u1ec3u \u1ea3nh h\u01b0\u1edfng c\u1ee7a c\u00e1c y\u1ebfu t\u1ed1 m\u00f4i tr\u01b0\u1eddng b\u00ean ngo\u00e0i \u0111\u1ebfn vi\u1ec7c in s\u1ee3i 3D.<br \/>\n+Tr\u01b0\u1edbc (D\u00e2y t\u00f3c ch\u01b0a kh\u00f4) X\u00e2u d\u00e2y\/t\u1eafc\/\u0111\u1ed9 b\u00e1m d\u00ednh k\u00e9m\/chuy\u1ec3n l\u1edbp<br \/>\n+Sau (S\u1ea5y kh\u00f4 b\u1eb1ng m\u00e1y s\u1ea5y d\u00e2y t\u00f3c) L\u00e0m m\u1ecbn\/S\u1ea1ch<br \/>\n*Th\u1eed nghi\u1ec7m v\u1edbi PA-CF, T\u1ed1c \u0111\u1ed9 300mm\/s<\/p>\n<p>_Thi\u1ebft k\u1ebf c\u00f4ng su\u1ea5t hai cu\u1ed9n<br \/>\nN\u00f3 ch\u1ee9a 2 cu\u1ed9n s\u1ee3i 1kg v\u00e0 c\u00f2n \u0111\u01b0\u1ee3c trang b\u1ecb 4 l\u1ed7 s\u1ee3i nh\u1ef1a v\u00e0 \u1ed1ng PTFE \u0111\u1ec3 \u0111\u00e1p \u1ee9ng nhu c\u1ea7u c\u1ee7a ng\u01b0\u1eddi d\u00f9ng s\u1ea5y nhi\u1ec1u lo\u1ea1i s\u1ee3i c\u0169ng nh\u01b0 2 m\u00e1y in c\u00f9ng m\u1ed9t l\u00fac<\/p>\n<p>_S\u01b0\u1edfi \u1ea5m kh\u00f4ng kh\u00ed n\u00f3ng PTC 360\u00b0 \u0111\u00f4i<br \/>\nM\u00e1y s\u1ea5y l\u00e0m n\u00f3ng nhanh ch\u00f3ng v\u1edbi qu\u1ea1t t\u00edch h\u1ee3p, lu\u1ed3ng kh\u00ed n\u00f3ng lu\u00e2n chuy\u1ec3n 360\u00b0 gi\u00fap l\u00e0m n\u00f3ng \u0111\u1ed3ng \u0111\u1ec1u, s\u1ea5y kh\u00f4 s\u1ee3i \u1ea9m hi\u1ec7u qu\u1ea3 v\u00e0 c\u1ea3i thi\u1ec7n k\u1ebft qu\u1ea3 in \u1ea5n<\/p>\n<p>_C\u00f4ng ngh\u1ec7 l\u00e0m n\u00f3ng PTC ti\u00ean ti\u1ebfn<br \/>\nM\u00e1y s\u1ea5y d\u00e2y t\u00f3c c\u1ee7a ch\u00fang t\u00f4i s\u1eed d\u1ee5ng b\u1ed9 s\u01b0\u1edfi PTC 110W \u0111\u1ed9c \u0111\u00e1o \u0111\u1ec3 l\u00e0m \u1ea5m kh\u00f4ng gian, m\u1ed9t t\u00ednh n\u0103ng khi\u1ebfn ch\u00fang t\u00f4i kh\u00e1c bi\u1ec7t tr\u00ean th\u1ecb tr\u01b0\u1eddng. Kh\u00f4ng gi\u1ed1ng nh\u01b0 h\u1ea7u h\u1ebft c\u00e1c m\u00e1y s\u1ea5y s\u1ee3i s\u1eed d\u1ee5ng t\u1ea5m gia nhi\u1ec7t PI v\u00e0 th\u01b0\u1eddng d\u1eabn \u0111\u1ebfn s\u1ea5y kh\u00f4ng \u0111\u1ec1u, m\u1eabu m\u00e1y s\u1ea5y PTC c\u1ee7a ch\u00fang t\u00f4i \u0111\u1ea3m b\u1ea3o s\u1ea5y kh\u00f4 \u0111\u1ed3ng \u0111\u1ec1u. M\u00e1y s\u01b0\u1edfi PTC n\u00e0y kh\u00f4ng ch\u1ec9 b\u1ec1n v\u00e0 ti\u1ebft ki\u1ec7m n\u0103ng l\u01b0\u1ee3ng m\u00e0 c\u00f2n th\u00e2n thi\u1ec7n v\u1edbi m\u00f4i tr\u01b0\u1eddng<br \/>\nN\u00f3ng l\u00ean nhanh h\u01a1n<br \/>\nH\u1ec7 th\u1ed1ng s\u01b0\u1edfi PTC<br \/>\nHi\u1ec7u qu\u1ea3 h\u01a1n\/Ti\u1ebft ki\u1ec7m n\u0103ng l\u01b0\u1ee3ng\/S\u01b0\u1edfi \u1ea5m \u1ed5n \u0111\u1ecbnh<\/p>\n<p>_M\u00e1y s\u1ea5y t\u00f3c Creality Space Pi Filament Plus \u0111\u01b0\u1ee3c trang b\u1ecb m\u00e0n h\u00ecnh c\u1ea3m \u1ee9ng 4 inch gi\u00fap b\u1ea1n d\u1ec5 d\u00e0ng thao t\u00e1c, gi\u00fap b\u1ea1n d\u1ec5 d\u00e0ng theo d\u00f5i c\u00e1c \u0111i\u1ec1u ki\u1ec7n s\u1ea5y kh\u00f4<br \/>\n+\u0110\u1ebfm ng\u01b0\u1ee3c th\u1eddi gian s\u1ea5y<br \/>\n+Nhi\u1ec7t \u0111\u1ed9 th\u1eddi gian th\u1ef1c<br \/>\n+\u0110\u1ed9 \u1ea9m theo th\u1eddi gian th\u1ef1c<\/p>\n<p>_B\u1ed9 m\u1ed9t ph\u00edm cho 12 s\u1ee3i<br \/>\nN\u00f3 c\u00f3 c\u00e0i \u0111\u1eb7t nhi\u1ec7t \u0111\u1ed9 b\u1eb1ng m\u1ed9t ph\u00edm cho c\u00e1c lo\u1ea1i d\u00e2y t\u00f3c kh\u00e1c nhau, h\u1ed7 tr\u1ee3 t\u1edbi 12 lo\u1ea1i d\u00e2y t\u00f3c, bao g\u1ed3m c\u1ea3 h\u1ed7n h\u1ee3p ph\u1ed5 bi\u1ebfn v\u00e0 hi\u1ec7u su\u1ea5t cao nh\u01b0 PLA-CF, PA-CF, ASA. T\u1ea5t nhi\u00ean, b\u1ea1n c\u0169ng c\u00f3 th\u1ec3 t\u1ef1 do \u0111i\u1ec1u ch\u1ec9nh nhi\u1ec7t \u0111\u1ed9 trong kho\u1ea3ng t\u1eeb 45\u00b0C \u0111\u1ebfn 70\u00b0C<br \/>\nNhi\u1ec7t \u0111\u1ed9 s\u1ea5y khuy\u1ebfn ngh\u1ecb cho s\u1ee3i<br \/>\nPLA 50\u00b0C 4-8h<br \/>\nTPU 55\u00b0C 4-8h<br \/>\nPP 55\u00b0C 4-8h<br \/>\nABS 65\u00b0C 8-12h<br \/>\nASA 65\u00b0C 8-12h<br \/>\nPETG 60\u00b0C 4-8h<br \/>\nPC 65\u00b0C 8-12h<br \/>\nPA 65\u00b0C \u226512h<br \/>\nPET 60\u00b0C 4-8h<br \/>\nPLA-CF 50\u00b0C 4-8h<br \/>\nPETG-CF 60\u00b0C 4-8h<br \/>\nPA-CF 65\u00b0C \u226512h<\/p>\n<p>_Ch\u1ee9c n\u0103ng h\u1eb9n gi\u1edd 48 gi\u1edd<br \/>\nTh\u1eddi gian gia nhi\u1ec7t c\u00f3 th\u1ec3 \u0111\u01b0\u1ee3c c\u00e0i \u0111\u1eb7t t\u1ef1 do t\u1eeb 0-48 gi\u1edd, cho ph\u00e9p c\u00e1c s\u1ee3i \u0111\u01b0\u1ee3c s\u1ea5y kh\u00f4 ho\u00e0n to\u00e0n \u0111\u1ec3 c\u00f3 k\u1ebft qu\u1ea3 in t\u1ed1t h\u01a1n<\/p>\n<p>_Sau khi m\u1ea5t \u0111i\u1ec7n, m\u00e1y c\u00f3 th\u1ec3 kh\u1edfi \u0111\u1ed9ng l\u1ea1i v\u00e0 v\u1eabn ghi nh\u1edb c\u00e1c c\u00e0i \u0111\u1eb7t v\u1eadt li\u1ec7u v\u00e0 nhi\u1ec7t \u0111\u1ed9 tr\u01b0\u1edbc \u0111\u00f3 c\u1ee7a b\u1ea1n, lo\u1ea1i b\u1ecf nhu c\u1ea7u c\u00e0i \u0111\u1eb7t l\u1ea1i v\u00e0 cho ph\u00e9p s\u1ea5y kh\u00f4 nhanh ch\u00f3ng<br \/>\n+T\u1eaeT ngu\u1ed3n<br \/>\nL\u01b0u tr\u1eef c\u00e0i \u0111\u1eb7t l\u1ecbch s\u1eed<br \/>\n+B\u1eacT ngu\u1ed3n<br \/>\nTheo d\u00f5i c\u00e0i \u0111\u1eb7t l\u1ecbch s\u1eed<\/p>\n<p>_T\u01b0\u01a1ng th\u00edch v\u1edbi nhi\u1ec1u s\u1ee3i c\u00f3<br \/>\n\u0110\u01b0\u1eddng k\u00ednh d\u00e2y t\u00f3c m\u00e1y in 3D: 1,75mm<br \/>\n\u0110\u01b0\u1eddng k\u00ednh d\u00e2y t\u00f3c m\u00e1y in 3D: 2.85mm<br \/>\nH\u1ed7 tr\u1ee3 in ti\u00eau hao t\u1ed1c \u0111\u1ed9 cao<\/p>\n<p>**\u0110\u1ec3 h\u1ed9 tr\u1ee3 t\u1ed1t h\u01a1n vui l\u00f2ng li\u00ean h\u1ec7 tr\u1ef1c ti\u1ebfp shop<br \/>\n0913.939.775 contact A.Quan (for English)<br \/>\n094.144.0951 contact A.Quynh<br \/>\n**Gi\u00e1 b\u00e1n ch\u01b0a bao g\u1ed3m VAT (+10% n\u1ebfu xu\u1ea5t h\u00f3a \u0111\u01a1n GTGT)<\/p>","protected":false},"excerpt":{"rendered":"<p>Creality Space Pi Filament Dryer Plus<\/p>","protected":false},"featured_media":4239,"comment_status":"open","ping_status":"closed","template":"","meta":{"inline_featured_image":false},"product_brand":[],"product_cat":[40,56,42],"product_tag":[],"class_list":{"0":"post-4248","1":"product","2":"type-product","3":"status-publish","4":"has-post-thumbnail","6":"product_cat-linh-kien-va-phu-kien","7":"product_cat-linh-phu-kien-may-in-3d-creality","8":"product_cat-may-rua-va-may-say","10":"first","11":"instock","12":"featured","13":"taxable","14":"shipping-taxable","15":"purchasable","16":"product-type-simple"},"yoast_head":"<!-- This site is optimized with the Yoast SEO Premium plugin v22.8 (Yoast SEO v26.9) - https:\/\/yoast.com\/product\/yoast-seo-premium-wordpress\/ -->\n<title>M\u00e1y s\u1ea5y s\u1ee3i nh\u1ef1a Creality Space Pi Filament Dryer Plus - NGE 3D Printers Services<\/title>\n<meta name=\"description\" content=\"C\u00f3 th\u1ec3 \u0111i\u1ec1u ch\u1ec9nh nhi\u1ec7t \u0111\u1ed9 45-70\u00b0C, C\u00e0i \u0111\u1eb7t th\u1eddi gian s\u1ea5y 0-48h, S\u01b0\u1edfi \u1ea5m kh\u00f4ng kh\u00ed n\u00f3ng PTC 360\u00b0, c\u00f3 t\u00f9y ch\u1ecdn s\u1eb5n th\u00f4ng s\u1ed1 cho nhi\u1ec1u lo\u1ea1i nh\u1ef1a...\" \/>\n<meta name=\"robots\" content=\"index, follow, max-snippet:-1, max-image-preview:large, max-video-preview:-1\" \/>\n<link rel=\"canonical\" href=\"https:\/\/nge.vn\/en\/product\/may-say-soi-nhua-creality-space-pi-filament-dryer-plus\/\" \/>\n<meta property=\"og:locale\" content=\"en_US\" \/>\n<meta property=\"og:type\" content=\"article\" \/>\n<meta property=\"og:title\" content=\"M\u00e1y s\u1ea5y s\u1ee3i nh\u1ef1a Creality Space Pi Filament Dryer Plus\" \/>\n<meta property=\"og:description\" content=\"C\u00f3 th\u1ec3 \u0111i\u1ec1u ch\u1ec9nh nhi\u1ec7t \u0111\u1ed9 45-70\u00b0C, C\u00e0i \u0111\u1eb7t th\u1eddi gian s\u1ea5y 0-48h, S\u01b0\u1edfi \u1ea5m kh\u00f4ng kh\u00ed n\u00f3ng PTC 360\u00b0, c\u00f3 t\u00f9y ch\u1ecdn s\u1eb5n th\u00f4ng s\u1ed1 cho nhi\u1ec1u lo\u1ea1i nh\u1ef1a...\" \/>\n<meta property=\"og:url\" content=\"https:\/\/nge.vn\/en\/product\/may-say-soi-nhua-creality-space-pi-filament-dryer-plus\/\" \/>\n<meta property=\"og:site_name\" content=\"NGE 3D Printers Services\" \/>\n<meta property=\"article:modified_time\" content=\"2026-01-05T04:39:08+00:00\" \/>\n<meta property=\"og:image\" content=\"https:\/\/nge.vn\/wp-content\/uploads\/2024\/10\/images-upload-woo2F9d2e3c95b5ec2e82392999a6b99d9f73.jpg\" \/>\n\t<meta property=\"og:image:width\" content=\"830\" \/>\n\t<meta property=\"og:image:height\" content=\"830\" \/>\n\t<meta property=\"og:image:type\" content=\"image\/jpeg\" \/>\n<meta name=\"twitter:card\" content=\"summary_large_image\" \/>\n<meta name=\"twitter:label1\" content=\"Est. reading time\" \/>\n\t<meta name=\"twitter:data1\" content=\"4 minutes\" \/>\n<script type=\"application\/ld+json\" class=\"yoast-schema-graph\">{\"@context\":\"https:\/\/schema.org\",\"@graph\":[{\"@type\":\"WebPage\",\"@id\":\"https:\/\/nge.vn\/san-pham\/may-say-soi-nhua-creality-space-pi-filament-dryer-plus\/\",\"url\":\"https:\/\/nge.vn\/san-pham\/may-say-soi-nhua-creality-space-pi-filament-dryer-plus\/\",\"name\":\"M\u00e1y s\u1ea5y s\u1ee3i nh\u1ef1a Creality Space Pi Filament Dryer Plus - NGE 3D Printers Services\",\"isPartOf\":{\"@id\":\"https:\/\/nge.vn\/#website\"},\"primaryImageOfPage\":{\"@id\":\"https:\/\/nge.vn\/san-pham\/may-say-soi-nhua-creality-space-pi-filament-dryer-plus\/#primaryimage\"},\"image\":{\"@id\":\"https:\/\/nge.vn\/san-pham\/may-say-soi-nhua-creality-space-pi-filament-dryer-plus\/#primaryimage\"},\"thumbnailUrl\":\"https:\/\/nge.vn\/wp-content\/uploads\/2024\/10\/images-upload-woo2F9d2e3c95b5ec2e82392999a6b99d9f73.jpg\",\"datePublished\":\"2024-10-26T10:29:43+00:00\",\"dateModified\":\"2026-01-05T04:39:08+00:00\",\"description\":\"C\u00f3 th\u1ec3 \u0111i\u1ec1u ch\u1ec9nh nhi\u1ec7t \u0111\u1ed9 45-70\u00b0C, C\u00e0i \u0111\u1eb7t th\u1eddi gian s\u1ea5y 0-48h, S\u01b0\u1edfi \u1ea5m kh\u00f4ng kh\u00ed n\u00f3ng PTC 360\u00b0, c\u00f3 t\u00f9y ch\u1ecdn s\u1eb5n th\u00f4ng s\u1ed1 cho nhi\u1ec1u lo\u1ea1i nh\u1ef1a...\",\"breadcrumb\":{\"@id\":\"https:\/\/nge.vn\/san-pham\/may-say-soi-nhua-creality-space-pi-filament-dryer-plus\/#breadcrumb\"},\"inLanguage\":\"en-US\",\"potentialAction\":[{\"@type\":\"ReadAction\",\"target\":[\"https:\/\/nge.vn\/san-pham\/may-say-soi-nhua-creality-space-pi-filament-dryer-plus\/\"]}]},{\"@type\":\"ImageObject\",\"inLanguage\":\"en-US\",\"@id\":\"https:\/\/nge.vn\/san-pham\/may-say-soi-nhua-creality-space-pi-filament-dryer-plus\/#primaryimage\",\"url\":\"https:\/\/nge.vn\/wp-content\/uploads\/2024\/10\/images-upload-woo2F9d2e3c95b5ec2e82392999a6b99d9f73.jpg\",\"contentUrl\":\"https:\/\/nge.vn\/wp-content\/uploads\/2024\/10\/images-upload-woo2F9d2e3c95b5ec2e82392999a6b99d9f73.jpg\",\"width\":830,\"height\":830},{\"@type\":\"BreadcrumbList\",\"@id\":\"https:\/\/nge.vn\/san-pham\/may-say-soi-nhua-creality-space-pi-filament-dryer-plus\/#breadcrumb\",\"itemListElement\":[{\"@type\":\"ListItem\",\"position\":1,\"name\":\"Trang ch\u1ee7\",\"item\":\"https:\/\/nge.vn\/\"},{\"@type\":\"ListItem\",\"position\":2,\"name\":\"S\u1ea3n ph\u1ea9m\",\"item\":\"https:\/\/nge.vn\/san-pham\/\"},{\"@type\":\"ListItem\",\"position\":3,\"name\":\"M\u00e1y s\u1ea5y s\u1ee3i nh\u1ef1a Creality Space Pi Filament Dryer Plus\"}]},{\"@type\":\"WebSite\",\"@id\":\"https:\/\/nge.vn\/#website\",\"url\":\"https:\/\/nge.vn\/\",\"name\":\"NGE 3D Printers Services\",\"description\":\"\",\"potentialAction\":[{\"@type\":\"SearchAction\",\"target\":{\"@type\":\"EntryPoint\",\"urlTemplate\":\"https:\/\/nge.vn\/?s={search_term_string}\"},\"query-input\":{\"@type\":\"PropertyValueSpecification\",\"valueRequired\":true,\"valueName\":\"search_term_string\"}}],\"inLanguage\":\"en-US\"}]}<\/script>\n<!-- \/ Yoast SEO Premium plugin. -->","yoast_head_json":{"title":"M\u00e1y s\u1ea5y s\u1ee3i nh\u1ef1a Creality Space Pi Filament Dryer Plus - NGE 3D Printers Services","description":"C\u00f3 th\u1ec3 \u0111i\u1ec1u ch\u1ec9nh nhi\u1ec7t \u0111\u1ed9 45-70\u00b0C, C\u00e0i \u0111\u1eb7t th\u1eddi gian s\u1ea5y 0-48h, S\u01b0\u1edfi \u1ea5m kh\u00f4ng kh\u00ed n\u00f3ng PTC 360\u00b0, c\u00f3 t\u00f9y ch\u1ecdn s\u1eb5n th\u00f4ng s\u1ed1 cho nhi\u1ec1u lo\u1ea1i nh\u1ef1a...","robots":{"index":"index","follow":"follow","max-snippet":"max-snippet:-1","max-image-preview":"max-image-preview:large","max-video-preview":"max-video-preview:-1"},"canonical":"https:\/\/nge.vn\/en\/product\/may-say-soi-nhua-creality-space-pi-filament-dryer-plus\/","og_locale":"en_US","og_type":"article","og_title":"M\u00e1y s\u1ea5y s\u1ee3i nh\u1ef1a Creality Space Pi Filament Dryer Plus","og_description":"C\u00f3 th\u1ec3 \u0111i\u1ec1u ch\u1ec9nh nhi\u1ec7t \u0111\u1ed9 45-70\u00b0C, C\u00e0i \u0111\u1eb7t th\u1eddi gian s\u1ea5y 0-48h, S\u01b0\u1edfi \u1ea5m kh\u00f4ng kh\u00ed n\u00f3ng PTC 360\u00b0, c\u00f3 t\u00f9y ch\u1ecdn s\u1eb5n th\u00f4ng s\u1ed1 cho nhi\u1ec1u lo\u1ea1i nh\u1ef1a...","og_url":"https:\/\/nge.vn\/en\/product\/may-say-soi-nhua-creality-space-pi-filament-dryer-plus\/","og_site_name":"NGE 3D Printers Services","article_modified_time":"2026-01-05T04:39:08+00:00","og_image":[{"width":830,"height":830,"url":"https:\/\/nge.vn\/wp-content\/uploads\/2024\/10\/images-upload-woo2F9d2e3c95b5ec2e82392999a6b99d9f73.jpg","type":"image\/jpeg"}],"twitter_card":"summary_large_image","twitter_misc":{"Est. reading time":"4 minutes"},"schema":{"@context":"https:\/\/schema.org","@graph":[{"@type":"WebPage","@id":"https:\/\/nge.vn\/san-pham\/may-say-soi-nhua-creality-space-pi-filament-dryer-plus\/","url":"https:\/\/nge.vn\/san-pham\/may-say-soi-nhua-creality-space-pi-filament-dryer-plus\/","name":"M\u00e1y s\u1ea5y s\u1ee3i nh\u1ef1a Creality Space Pi Filament Dryer Plus - NGE 3D Printers Services","isPartOf":{"@id":"https:\/\/nge.vn\/#website"},"primaryImageOfPage":{"@id":"https:\/\/nge.vn\/san-pham\/may-say-soi-nhua-creality-space-pi-filament-dryer-plus\/#primaryimage"},"image":{"@id":"https:\/\/nge.vn\/san-pham\/may-say-soi-nhua-creality-space-pi-filament-dryer-plus\/#primaryimage"},"thumbnailUrl":"https:\/\/nge.vn\/wp-content\/uploads\/2024\/10\/images-upload-woo2F9d2e3c95b5ec2e82392999a6b99d9f73.jpg","datePublished":"2024-10-26T10:29:43+00:00","dateModified":"2026-01-05T04:39:08+00:00","description":"C\u00f3 th\u1ec3 \u0111i\u1ec1u ch\u1ec9nh nhi\u1ec7t \u0111\u1ed9 45-70\u00b0C, C\u00e0i \u0111\u1eb7t th\u1eddi gian s\u1ea5y 0-48h, S\u01b0\u1edfi \u1ea5m kh\u00f4ng kh\u00ed n\u00f3ng PTC 360\u00b0, c\u00f3 t\u00f9y ch\u1ecdn s\u1eb5n th\u00f4ng s\u1ed1 cho nhi\u1ec1u lo\u1ea1i nh\u1ef1a...","breadcrumb":{"@id":"https:\/\/nge.vn\/san-pham\/may-say-soi-nhua-creality-space-pi-filament-dryer-plus\/#breadcrumb"},"inLanguage":"en-US","potentialAction":[{"@type":"ReadAction","target":["https:\/\/nge.vn\/san-pham\/may-say-soi-nhua-creality-space-pi-filament-dryer-plus\/"]}]},{"@type":"ImageObject","inLanguage":"en-US","@id":"https:\/\/nge.vn\/san-pham\/may-say-soi-nhua-creality-space-pi-filament-dryer-plus\/#primaryimage","url":"https:\/\/nge.vn\/wp-content\/uploads\/2024\/10\/images-upload-woo2F9d2e3c95b5ec2e82392999a6b99d9f73.jpg","contentUrl":"https:\/\/nge.vn\/wp-content\/uploads\/2024\/10\/images-upload-woo2F9d2e3c95b5ec2e82392999a6b99d9f73.jpg","width":830,"height":830},{"@type":"BreadcrumbList","@id":"https:\/\/nge.vn\/san-pham\/may-say-soi-nhua-creality-space-pi-filament-dryer-plus\/#breadcrumb","itemListElement":[{"@type":"ListItem","position":1,"name":"Trang ch\u1ee7","item":"https:\/\/nge.vn\/"},{"@type":"ListItem","position":2,"name":"S\u1ea3n ph\u1ea9m","item":"https:\/\/nge.vn\/san-pham\/"},{"@type":"ListItem","position":3,"name":"M\u00e1y s\u1ea5y s\u1ee3i nh\u1ef1a Creality Space Pi Filament Dryer Plus"}]},{"@type":"WebSite","@id":"https:\/\/nge.vn\/#website","url":"https:\/\/nge.vn\/","name":"NGE 3D Printers Services","description":"","potentialAction":[{"@type":"SearchAction","target":{"@type":"EntryPoint","urlTemplate":"https:\/\/nge.vn\/?s={search_term_string}"},"query-input":{"@type":"PropertyValueSpecification","valueRequired":true,"valueName":"search_term_string"}}],"inLanguage":"en-US"}]}},"_links":{"self":[{"href":"https:\/\/nge.vn\/en\/wp-json\/wp\/v2\/product\/4248","targetHints":{"allow":["GET"]}}],"collection":[{"href":"https:\/\/nge.vn\/en\/wp-json\/wp\/v2\/product"}],"about":[{"href":"https:\/\/nge.vn\/en\/wp-json\/wp\/v2\/types\/product"}],"replies":[{"embeddable":true,"href":"https:\/\/nge.vn\/en\/wp-json\/wp\/v2\/comments?post=4248"}],"wp:featuredmedia":[{"embeddable":true,"href":"https:\/\/nge.vn\/en\/wp-json\/wp\/v2\/media\/4239"}],"wp:attachment":[{"href":"https:\/\/nge.vn\/en\/wp-json\/wp\/v2\/media?parent=4248"}],"wp:term":[{"taxonomy":"product_brand","embeddable":true,"href":"https:\/\/nge.vn\/en\/wp-json\/wp\/v2\/product_brand?post=4248"},{"taxonomy":"product_cat","embeddable":true,"href":"https:\/\/nge.vn\/en\/wp-json\/wp\/v2\/product_cat?post=4248"},{"taxonomy":"product_tag","embeddable":true,"href":"https:\/\/nge.vn\/en\/wp-json\/wp\/v2\/product_tag?post=4248"}],"curies":[{"name":"wp","href":"https:\/\/api.w.org\/{rel}","templated":true}]}}