{"id":4238,"date":"2024-10-26T17:27:55","date_gmt":"2024-10-26T10:27:55","guid":{"rendered":"https:\/\/nge.123websitedev.com\/san-pham\/may-quet-scan-3d-creality-cr-scan-otter-do-chinh-xac-len-toi-002mm\/"},"modified":"2024-11-27T14:18:28","modified_gmt":"2024-11-27T07:18:28","slug":"may-quet-scan-3d-creality-cr-scan-otter-do-chinh-xac-len-toi-002mm","status":"publish","type":"product","link":"https:\/\/nge.vn\/en\/product\/may-quet-scan-3d-creality-cr-scan-otter-do-chinh-xac-len-toi-002mm\/","title":{"rendered":"Creality CR-SCAN OTTER 3D scanner with accuracy up to 0.02mm"},"content":{"rendered":"<p>Creality CR-SCAN OTTER 3D scanner with accuracy up to 0.02mm<br \/>\n_T\u00f9y ch\u1ecdn k\u00edch th\u01b0\u1edbc kh\u00e1c nhau<br \/>\nT\u1ea7m nh\u00ecn \u00e2m thanh n\u1ed5i b\u1ed1n \u1ed1ng k\u00ednh c\u1ea3i ti\u1ebfn<br \/>\nHai b\u1ed9 th\u1ea5u k\u00ednh k\u00e9p, \u0111\u00e1p \u1ee9ng m\u1ecdi chi ti\u1ebft v\u00e0 k\u00edch c\u1ee1 kh\u00e1c nhau.<br \/>\nB\u1ed9 th\u1ea5u k\u00ednh k\u00e9p ti\u00eau c\u1ef1 d\u00e0i \u0111\u1ec3 qu\u00e9t c\u00e1c v\u1eadt th\u1ec3 nh\u1ecf, cung c\u1ea5p chi ti\u1ebft phong ph\u00fa h\u01a1n; m\u1ed9t b\u1ed9 th\u1ea5u k\u00ednh k\u00e9p ti\u00eau c\u1ef1 ng\u1eafn \u0111\u1ec3 qu\u00e9t c\u00e1c v\u1eadt th\u1ec3 l\u1edbn<\/p>\n<p>_Ch\u1ee5p v\u1eadt th\u1ec3 NH\u1ece &amp; L\u1edaN<br \/>\nCR-Scan Otter nh\u1eadn ra kh\u1ea3 n\u0103ng qu\u00e9t nhi\u1ec1u v\u1eadt th\u1ec3 kh\u00e1c nhau, c\u00f3 k\u00edch th\u01b0\u1edbc t\u1eeb 10*10*10mm\u00b3* \u0111\u1ebfn 2000*2000*2000mm\u00b3, t\u1eeb nh\u1eefng \u0111\u1ed3ng xu nh\u1ecf \u0111\u1ebfn nh\u1eefng chi\u1ebfc xe l\u1edbn, t\u1ea5t c\u1ea3 \u0111\u1ec1u \u0111\u01b0\u1ee3c bao ph\u1ee7 trong m\u1ed9t m\u00e1y qu\u00e9t. Kho\u1ea3ng c\u00e1ch qu\u00e9t trong ph\u1ea1m vi t\u1eeb 110mm \u0111\u1ebfn 1200mm<\/p>\n<p>_\u0110\u1ed9 ch\u00ednh x\u00e1c c\u1ef1c cao, Gi\u00e0u chi ti\u1ebft<br \/>\n\u0110\u1ed9 ch\u00ednh x\u00e1c qu\u00e9t l\u00ean t\u1edbi 0,02mm<br \/>\nOtter \u00e1p d\u1ee5ng thu\u1eadt to\u00e1n k\u1ebft h\u1ee3p \u00e2m thanh n\u1ed5i \u00e1nh s\u00e1ng c\u1ea5u tr\u00fac ti\u00ean ti\u1ebfn nh\u1ea5t v\u00e0 thi\u1ebft k\u1ebf quang h\u1ecdc \u0111\u1ec3 t\u00e1i t\u1ea1o m\u1ed9t c\u00e1ch trung th\u1ef1c k\u1ebft c\u1ea5u v\u00e0 \u0111\u01b0\u1eddng vi\u1ec1n ch\u00e2n th\u1ef1c c\u1ee7a c\u00e1c v\u1eadt th\u1ec3.<br \/>\n\u0110\u1ed9 ch\u00ednh x\u00e1c qu\u00e9t l\u00ean t\u1edbi 0,02mm \u0111\u1ea3m b\u1ea3o m\u1ecdi chi ti\u1ebft \u0111\u1ec1u s\u1eafc n\u00e9t v\u00e0 r\u00f5 r\u00e0ng.<\/p>\n<p>_Ch\u1ed1ng rung, qu\u00e9t m\u01b0\u1ee3t m\u00e0 v\u00e0 hi\u1ec7u qu\u1ea3<br \/>\n\u0110\u01b0\u1ee3c trang b\u1ecb c\u00f4ng ngh\u1ec7 h\u00ecnh \u1ea3nh 3D One-Shot, CR-Scan Otter c\u00f3 kh\u1ea3 n\u0103ng \u1ed5n \u0111\u1ecbnh t\u1ef1 nhi\u00ean v\u00e0 \u00edt c\u00f3 kh\u1ea3 n\u0103ng b\u1ecb m\u1ea5t d\u1ea5u v\u1ebft. T\u1ed1c \u0111\u1ed9 quay lui nhanh \u0111\u1ea3m b\u1ea3o qu\u00e1 tr\u00ecnh qu\u00e9t c\u1ea7m tay m\u01b0\u1ee3t m\u00e0 h\u01a1n.<\/p>\n<p>_Ngay c\u1ea3 khi kh\u00f4ng phun x\u1ecbt qu\u00e9t, b\u1ea1n v\u1eabn c\u00f3 th\u1ec3 qu\u00e9t \u00f4 t\u00f4, ph\u1ee5 t\u00f9ng \u00f4 t\u00f4, l\u1ed1p xe v\u00e0 c\u00e1c v\u1eadt th\u1ec3 m\u00e0u \u0111en\/kim lo\u1ea1i kh\u00e1c \u0111\u1ec3 c\u00f3 \u0111\u01b0\u1ee3c hi\u1ec7u \u1ee9ng m\u00f4 h\u00ecnh mong mu\u1ed1n.<\/p>\n<p>_Khu\u00f4n m\u1eb7t &amp; c\u01a1 th\u1ec3 \u0111\u1ed9c \u0111\u00e1o. Thu\u1eadt to\u00e1n an to\u00e0n cho m\u1eaft<br \/>\n+Ch\u1ebf \u0111\u1ed9 Face &amp; Body \u0111\u01b0\u1ee3c trang b\u1ecb \u0111\u1ed9c \u0111\u00e1o thu\u1eadt to\u00e1n l\u1eadp b\u1ea3n \u0111\u1ed3 khu\u00f4n m\u1eb7t thu \u0111\u01b0\u1ee3c chi ti\u1ebft nhi\u1ec1u h\u01a1n, d\u1ec5 d\u00e0ng qu\u00e9t t\u00f3c. Qu\u00e9t c\u01a1 th\u1ec3 con ng\u01b0\u1eddi ch\u1ec9 c\u1ea7n 2 ph\u00fat.<br \/>\n+S\u1eed d\u1ee5ng \u00e1nh s\u00e1ng c\u1eadn h\u1ed3ng ngo\u1ea1i m\u00e0 m\u1eaft ng\u01b0\u1eddi kh\u00f4ng nh\u00ecn th\u1ea5y \u0111\u01b0\u1ee3c, \u0111\u1ea1t \u0111\u1ed9 an to\u00e0n laser lo\u1ea1i 1, kh\u00f4ng g\u00e2y h\u1ea1i cho c\u01a1 th\u1ec3 con ng\u01b0\u1eddi. <\/p>\n<p>_Qu\u00e9t ngo\u00e0i tr\u1eddi<br \/>\n\u0110\u01b0\u1ee3c thi\u1ebft k\u1ebf v\u1edbi DOE (Th\u00e0nh ph\u1ea7n quang h\u1ecdc nhi\u1ec5u x\u1ea1) ti\u00ean ti\u1ebfn<br \/>\nC\u00f4ng ngh\u1ec7 \u00e1nh s\u00e1ng c\u1ea5u tr\u00fac 3D, CR-Scan Otter c\u00f3 kh\u1ea3 n\u0103ng th\u00edch \u1ee9ng v\u1edbi m\u00f4i tr\u01b0\u1eddng cao h\u01a1n v\u00e0 duy tr\u00ec hi\u1ec7u su\u1ea5t tuy\u1ec7t v\u1eddi ngay c\u1ea3 d\u01b0\u1edbi \u00e1nh s\u00e1ng m\u1eb7t tr\u1eddi (&lt;30000 lux).<\/p>\n<p>*Qu\u00e9t \u0111\u1ee7 m\u00e0u, t\u00e1i t\u1ea1o ch\u00e2n th\u1ef1c<br \/>\n_Ch\u1ee5p r\u00f5 r\u00e0ng v\u1edbi \u0111\u00e8n t\u00edch h\u1ee3p<br \/>\nNgay c\u1ea3 trong m\u00f4i tr\u01b0\u1eddng \u00e1nh s\u00e1ng y\u1ebfu, \u0111i\u1ec1u n\u00e0y cho ph\u00e9p t\u1ea1o ra hi\u1ec7u \u1ee9ng k\u1ebft c\u1ea5u ch\u00e2n th\u1ef1c nh\u1ea5t. Hai \u0111\u00e8n LED b\u1ed5 sung gi\u00fap ghi l\u1ea1i ch\u00ednh x\u00e1c c\u00e1c chi ti\u1ebft, t\u00e1i t\u1ea1o trung th\u1ef1c m\u00e0u s\u1eafc v\u00e0 k\u1ebft c\u1ea5u c\u1ee7a v\u1eadt th\u1ec3.<br \/>\n_Qu\u00e9t \u0111\u1ee7 m\u00e0u 24-bit<br \/>\n\u0110\u01b0\u1ee3c trang b\u1ecb camera RGB \u0111\u1ee7 m\u00e0u v\u1edbi h\u00e0ng tri\u1ec7u pixel v\u00e0 thu\u1eadt to\u00e1n \u00e1nh x\u1ea1 m\u00e0u \u0111\u1ed9c quy\u1ec1n, \u0111\u1ea3m b\u1ea3o ghi l\u1ea1i c\u00e1c chi ti\u1ebft v\u00e0 m\u00e0u s\u1eafc c\u1ee7a m\u00f4 h\u00ecnh m\u1ed9t c\u00e1ch \u0111\u1eb7c bi\u1ec7t.<br \/>\nm\u00e1y \u1ea3nh RGB \u0111\u1ee7 m\u00e0u tri\u1ec7u \u0111i\u1ec3m \u1ea3nh<\/p>\n<p>CrealityScan l\u00e0 ph\u1ea7n m\u1ec1m qu\u00e9t 3D x\u1eed l\u00fd \u0111\u00e1m m\u00e2y \u0111i\u1ec3m v\u00e0 h\u00ecnh \u1ea3nh m\u1ea1nh m\u1ebd<br \/>\n+ X\u1eed l\u00fd b\u1eb1ng m\u1ed9t c\u00fa nh\u1ea5p chu\u1ed9t<br \/>\n+ C\u0103n ch\u1ec9nh nhi\u1ec1u l\u1ea7n qu\u00e9t<br \/>\n+ Ch\u1ec9nh s\u1eeda \u0111\u00e1m m\u00e2y \u0111i\u1ec3m<br \/>\n+Ch\u1ebf \u0111\u1ed9 \u0111\u00e1nh d\u1ea5u<br \/>\n+Ch\u1ebf \u0111\u1ed9 M\u1eb7t &amp; C\u01a1 th\u1ec3<br \/>\n+ Hi\u1ec7u ch\u1ec9nh d\u1ec5 d\u00e0ng<\/p>\n<p>_H\u1ed7 tr\u1ee3 qu\u00e9t \u0111i\u1ec3m \u0111\u00e1nh d\u1ea5u<br \/>\nV\u1edbi 8 \u0111\u00e8n h\u1ed3ng ngo\u1ea1i, n\u00f3 theo d\u00f5i c\u00e1c \u0111i\u1ec3m \u0111\u00e1nh d\u1ea5u t\u1ed1t h\u01a1n \u0111\u1ea1t \u0111\u01b0\u1ee3c \u0111\u1ed9 ch\u00ednh x\u00e1c cao h\u01a1n.<\/p>\n<p>C\u00e1c m\u00f4 h\u00ecnh 3D \u0111\u01b0\u1ee3c qu\u00e9t s\u1eb5n s\u00e0ng \u0111\u1ec3 in ngay l\u1eadp t\u1ee9c. Qu\u00e9t n\u00f3, l\u00e0m cho n\u00f3.<\/p>\n<p>0913.939.775 contact A.Quan (for English)<br \/>\n     094.144.0951 contact A.Quynh<br \/>\n**Gi\u00e1 b\u00e1n ch\u01b0a bao g\u1ed3m VAT<\/p>","protected":false},"excerpt":{"rendered":"<p>Creality CR-SCAN OTTER 3D scanner with accuracy up to 0.02mm<\/p>","protected":false},"featured_media":4229,"comment_status":"open","ping_status":"closed","template":"","meta":{"inline_featured_image":false},"product_brand":[],"product_cat":[55,41],"product_tag":[],"class_list":{"0":"post-4238","1":"product","2":"type-product","3":"status-publish","4":"has-post-thumbnail","6":"product_cat-creality","7":"product_cat-may-quet-scan","9":"first","10":"instock","11":"featured","12":"taxable","13":"shipping-taxable","14":"purchasable","15":"product-type-simple"},"yoast_head":"<!-- This site is optimized with the Yoast SEO Premium plugin v22.8 (Yoast SEO v26.9) - https:\/\/yoast.com\/product\/yoast-seo-premium-wordpress\/ -->\n<title>M\u00e1y qu\u00e9t scan 3d Creality CR-SCAN OTTER \u0111\u1ed9 ch\u00ednh x\u00e1c l\u00ean t\u1edbi 0,02mm - NGE 3D Printers Services<\/title>\n<meta name=\"robots\" content=\"index, follow, max-snippet:-1, max-image-preview:large, max-video-preview:-1\" \/>\n<link rel=\"canonical\" href=\"https:\/\/nge.vn\/en\/product\/may-quet-scan-3d-creality-cr-scan-otter-do-chinh-xac-len-toi-002mm\/\" \/>\n<meta property=\"og:locale\" content=\"en_US\" \/>\n<meta property=\"og:type\" content=\"article\" \/>\n<meta property=\"og:title\" content=\"M\u00e1y qu\u00e9t scan 3d Creality CR-SCAN OTTER \u0111\u1ed9 ch\u00ednh x\u00e1c l\u00ean t\u1edbi 0,02mm\" \/>\n<meta property=\"og:description\" content=\"M\u00e1y qu\u00e9t scan 3d Creality CR-SCAN OTTER \u0111\u1ed9 ch\u00ednh x\u00e1c l\u00ean t\u1edbi 0,02mm\" \/>\n<meta property=\"og:url\" content=\"https:\/\/nge.vn\/en\/product\/may-quet-scan-3d-creality-cr-scan-otter-do-chinh-xac-len-toi-002mm\/\" \/>\n<meta property=\"og:site_name\" content=\"NGE 3D Printers Services\" \/>\n<meta property=\"article:modified_time\" content=\"2024-11-27T07:18:28+00:00\" \/>\n<meta property=\"og:image\" content=\"https:\/\/nge.vn\/wp-content\/uploads\/2024\/10\/images-upload-woo2Fa563f1957dfb0a4949ff98d75f485146.jpg\" \/>\n\t<meta property=\"og:image:width\" content=\"471\" \/>\n\t<meta property=\"og:image:height\" content=\"471\" \/>\n\t<meta property=\"og:image:type\" content=\"image\/jpeg\" \/>\n<meta name=\"twitter:card\" content=\"summary_large_image\" \/>\n<meta name=\"twitter:label1\" content=\"Est. reading time\" \/>\n\t<meta name=\"twitter:data1\" content=\"5 minutes\" \/>\n<script type=\"application\/ld+json\" class=\"yoast-schema-graph\">{\"@context\":\"https:\/\/schema.org\",\"@graph\":[{\"@type\":\"WebPage\",\"@id\":\"https:\/\/nge.vn\/san-pham\/may-quet-scan-3d-creality-cr-scan-otter-do-chinh-xac-len-toi-002mm\/\",\"url\":\"https:\/\/nge.vn\/san-pham\/may-quet-scan-3d-creality-cr-scan-otter-do-chinh-xac-len-toi-002mm\/\",\"name\":\"M\u00e1y qu\u00e9t scan 3d Creality CR-SCAN OTTER \u0111\u1ed9 ch\u00ednh x\u00e1c l\u00ean t\u1edbi 0,02mm - NGE 3D Printers Services\",\"isPartOf\":{\"@id\":\"https:\/\/nge.vn\/#website\"},\"primaryImageOfPage\":{\"@id\":\"https:\/\/nge.vn\/san-pham\/may-quet-scan-3d-creality-cr-scan-otter-do-chinh-xac-len-toi-002mm\/#primaryimage\"},\"image\":{\"@id\":\"https:\/\/nge.vn\/san-pham\/may-quet-scan-3d-creality-cr-scan-otter-do-chinh-xac-len-toi-002mm\/#primaryimage\"},\"thumbnailUrl\":\"https:\/\/nge.vn\/wp-content\/uploads\/2024\/10\/images-upload-woo2Fa563f1957dfb0a4949ff98d75f485146.jpg\",\"datePublished\":\"2024-10-26T10:27:55+00:00\",\"dateModified\":\"2024-11-27T07:18:28+00:00\",\"breadcrumb\":{\"@id\":\"https:\/\/nge.vn\/san-pham\/may-quet-scan-3d-creality-cr-scan-otter-do-chinh-xac-len-toi-002mm\/#breadcrumb\"},\"inLanguage\":\"en-US\",\"potentialAction\":[{\"@type\":\"ReadAction\",\"target\":[\"https:\/\/nge.vn\/san-pham\/may-quet-scan-3d-creality-cr-scan-otter-do-chinh-xac-len-toi-002mm\/\"]}]},{\"@type\":\"ImageObject\",\"inLanguage\":\"en-US\",\"@id\":\"https:\/\/nge.vn\/san-pham\/may-quet-scan-3d-creality-cr-scan-otter-do-chinh-xac-len-toi-002mm\/#primaryimage\",\"url\":\"https:\/\/nge.vn\/wp-content\/uploads\/2024\/10\/images-upload-woo2Fa563f1957dfb0a4949ff98d75f485146.jpg\",\"contentUrl\":\"https:\/\/nge.vn\/wp-content\/uploads\/2024\/10\/images-upload-woo2Fa563f1957dfb0a4949ff98d75f485146.jpg\",\"width\":471,\"height\":471},{\"@type\":\"BreadcrumbList\",\"@id\":\"https:\/\/nge.vn\/san-pham\/may-quet-scan-3d-creality-cr-scan-otter-do-chinh-xac-len-toi-002mm\/#breadcrumb\",\"itemListElement\":[{\"@type\":\"ListItem\",\"position\":1,\"name\":\"Trang ch\u1ee7\",\"item\":\"https:\/\/nge.vn\/\"},{\"@type\":\"ListItem\",\"position\":2,\"name\":\"S\u1ea3n ph\u1ea9m\",\"item\":\"https:\/\/nge.vn\/san-pham\/\"},{\"@type\":\"ListItem\",\"position\":3,\"name\":\"M\u00e1y qu\u00e9t scan 3d Creality CR-SCAN OTTER \u0111\u1ed9 ch\u00ednh x\u00e1c l\u00ean t\u1edbi 0,02mm\"}]},{\"@type\":\"WebSite\",\"@id\":\"https:\/\/nge.vn\/#website\",\"url\":\"https:\/\/nge.vn\/\",\"name\":\"NGE 3D Printers Services\",\"description\":\"\",\"potentialAction\":[{\"@type\":\"SearchAction\",\"target\":{\"@type\":\"EntryPoint\",\"urlTemplate\":\"https:\/\/nge.vn\/?s={search_term_string}\"},\"query-input\":{\"@type\":\"PropertyValueSpecification\",\"valueRequired\":true,\"valueName\":\"search_term_string\"}}],\"inLanguage\":\"en-US\"}]}<\/script>\n<!-- \/ Yoast SEO Premium plugin. -->","yoast_head_json":{"title":"M\u00e1y qu\u00e9t scan 3d Creality CR-SCAN OTTER \u0111\u1ed9 ch\u00ednh x\u00e1c l\u00ean t\u1edbi 0,02mm - NGE 3D Printers Services","robots":{"index":"index","follow":"follow","max-snippet":"max-snippet:-1","max-image-preview":"max-image-preview:large","max-video-preview":"max-video-preview:-1"},"canonical":"https:\/\/nge.vn\/en\/product\/may-quet-scan-3d-creality-cr-scan-otter-do-chinh-xac-len-toi-002mm\/","og_locale":"en_US","og_type":"article","og_title":"M\u00e1y qu\u00e9t scan 3d Creality CR-SCAN OTTER \u0111\u1ed9 ch\u00ednh x\u00e1c l\u00ean t\u1edbi 0,02mm","og_description":"M\u00e1y qu\u00e9t scan 3d Creality CR-SCAN OTTER \u0111\u1ed9 ch\u00ednh x\u00e1c l\u00ean t\u1edbi 0,02mm","og_url":"https:\/\/nge.vn\/en\/product\/may-quet-scan-3d-creality-cr-scan-otter-do-chinh-xac-len-toi-002mm\/","og_site_name":"NGE 3D Printers Services","article_modified_time":"2024-11-27T07:18:28+00:00","og_image":[{"width":471,"height":471,"url":"https:\/\/nge.vn\/wp-content\/uploads\/2024\/10\/images-upload-woo2Fa563f1957dfb0a4949ff98d75f485146.jpg","type":"image\/jpeg"}],"twitter_card":"summary_large_image","twitter_misc":{"Est. reading time":"5 minutes"},"schema":{"@context":"https:\/\/schema.org","@graph":[{"@type":"WebPage","@id":"https:\/\/nge.vn\/san-pham\/may-quet-scan-3d-creality-cr-scan-otter-do-chinh-xac-len-toi-002mm\/","url":"https:\/\/nge.vn\/san-pham\/may-quet-scan-3d-creality-cr-scan-otter-do-chinh-xac-len-toi-002mm\/","name":"M\u00e1y qu\u00e9t scan 3d Creality CR-SCAN OTTER \u0111\u1ed9 ch\u00ednh x\u00e1c l\u00ean t\u1edbi 0,02mm - NGE 3D Printers Services","isPartOf":{"@id":"https:\/\/nge.vn\/#website"},"primaryImageOfPage":{"@id":"https:\/\/nge.vn\/san-pham\/may-quet-scan-3d-creality-cr-scan-otter-do-chinh-xac-len-toi-002mm\/#primaryimage"},"image":{"@id":"https:\/\/nge.vn\/san-pham\/may-quet-scan-3d-creality-cr-scan-otter-do-chinh-xac-len-toi-002mm\/#primaryimage"},"thumbnailUrl":"https:\/\/nge.vn\/wp-content\/uploads\/2024\/10\/images-upload-woo2Fa563f1957dfb0a4949ff98d75f485146.jpg","datePublished":"2024-10-26T10:27:55+00:00","dateModified":"2024-11-27T07:18:28+00:00","breadcrumb":{"@id":"https:\/\/nge.vn\/san-pham\/may-quet-scan-3d-creality-cr-scan-otter-do-chinh-xac-len-toi-002mm\/#breadcrumb"},"inLanguage":"en-US","potentialAction":[{"@type":"ReadAction","target":["https:\/\/nge.vn\/san-pham\/may-quet-scan-3d-creality-cr-scan-otter-do-chinh-xac-len-toi-002mm\/"]}]},{"@type":"ImageObject","inLanguage":"en-US","@id":"https:\/\/nge.vn\/san-pham\/may-quet-scan-3d-creality-cr-scan-otter-do-chinh-xac-len-toi-002mm\/#primaryimage","url":"https:\/\/nge.vn\/wp-content\/uploads\/2024\/10\/images-upload-woo2Fa563f1957dfb0a4949ff98d75f485146.jpg","contentUrl":"https:\/\/nge.vn\/wp-content\/uploads\/2024\/10\/images-upload-woo2Fa563f1957dfb0a4949ff98d75f485146.jpg","width":471,"height":471},{"@type":"BreadcrumbList","@id":"https:\/\/nge.vn\/san-pham\/may-quet-scan-3d-creality-cr-scan-otter-do-chinh-xac-len-toi-002mm\/#breadcrumb","itemListElement":[{"@type":"ListItem","position":1,"name":"Trang ch\u1ee7","item":"https:\/\/nge.vn\/"},{"@type":"ListItem","position":2,"name":"S\u1ea3n ph\u1ea9m","item":"https:\/\/nge.vn\/san-pham\/"},{"@type":"ListItem","position":3,"name":"M\u00e1y qu\u00e9t scan 3d Creality CR-SCAN OTTER \u0111\u1ed9 ch\u00ednh x\u00e1c l\u00ean t\u1edbi 0,02mm"}]},{"@type":"WebSite","@id":"https:\/\/nge.vn\/#website","url":"https:\/\/nge.vn\/","name":"NGE 3D Printers Services","description":"","potentialAction":[{"@type":"SearchAction","target":{"@type":"EntryPoint","urlTemplate":"https:\/\/nge.vn\/?s={search_term_string}"},"query-input":{"@type":"PropertyValueSpecification","valueRequired":true,"valueName":"search_term_string"}}],"inLanguage":"en-US"}]}},"_links":{"self":[{"href":"https:\/\/nge.vn\/en\/wp-json\/wp\/v2\/product\/4238","targetHints":{"allow":["GET"]}}],"collection":[{"href":"https:\/\/nge.vn\/en\/wp-json\/wp\/v2\/product"}],"about":[{"href":"https:\/\/nge.vn\/en\/wp-json\/wp\/v2\/types\/product"}],"replies":[{"embeddable":true,"href":"https:\/\/nge.vn\/en\/wp-json\/wp\/v2\/comments?post=4238"}],"wp:featuredmedia":[{"embeddable":true,"href":"https:\/\/nge.vn\/en\/wp-json\/wp\/v2\/media\/4229"}],"wp:attachment":[{"href":"https:\/\/nge.vn\/en\/wp-json\/wp\/v2\/media?parent=4238"}],"wp:term":[{"taxonomy":"product_brand","embeddable":true,"href":"https:\/\/nge.vn\/en\/wp-json\/wp\/v2\/product_brand?post=4238"},{"taxonomy":"product_cat","embeddable":true,"href":"https:\/\/nge.vn\/en\/wp-json\/wp\/v2\/product_cat?post=4238"},{"taxonomy":"product_tag","embeddable":true,"href":"https:\/\/nge.vn\/en\/wp-json\/wp\/v2\/product_tag?post=4238"}],"curies":[{"name":"wp","href":"https:\/\/api.w.org\/{rel}","templated":true}]}}