{"id":4225,"date":"2024-10-26T17:26:14","date_gmt":"2024-10-26T10:26:14","guid":{"rendered":"https:\/\/nge.123websitedev.com\/san-pham\/may-in-3d-creality-k1c-chuyen-in-soi-carbon-toc-do-max-600mm-s-prinitng-size-222225cm\/"},"modified":"2025-03-17T17:44:16","modified_gmt":"2025-03-17T10:44:16","slug":"may-in-3d-creality-k1c-chuyen-in-soi-carbon-toc-do-max-600mm-s-prinitng-size-222225cm","status":"publish","type":"product","link":"https:\/\/nge.vn\/en\/product\/may-in-3d-creality-k1c-chuyen-in-soi-carbon-toc-do-max-600mm-s-prinitng-size-222225cm\/","title":{"rendered":"Creality K1C 3D printer specializes in printing Carbon fiber with a maximum speed of 600mm\/s, printing size 22*22*25cm"},"content":{"rendered":"<p>_M\u00e1y \u0111\u00f9n m\u1ea1nh m\u1ebd c\u1ee7a K1C \u0111\u01b0\u1ee3c c\u1ea3i ti\u1ebfn v\u1edbi l\u00f2 xo t\u0103ng c\u01b0\u1eddng v\u00e0 p\u00edt t\u00f4ng bi.<br \/>\nN\u00f3 b\u00e1m ch\u1eb7t v\u00e0o s\u1ee3i nh\u1ef1a m\u00e0 kh\u00f4ng b\u1ecb l\u1ecfng ra.<br \/>\n1000h+ \u0110\u00f9n kh\u00f4ng b\u1ecb t\u1eafc<\/p>\n<p>V\u00f2i phun &#8220;Unicorn&#8221; Tri-metal, trao \u0111\u1ed5i nhanh<br \/>\n\u0110\u1ea7u phun b\u1eb1ng \u0111\u1ed3ng c\u00f3 \u0111\u1ea7u b\u1eb1ng th\u00e9p b\u1ec1n b\u1ec9 \u0111\u01b0\u1ee3c t\u00edch h\u1ee3p b\u1ed9 ph\u1eadn t\u1ea3n nhi\u1ec7t b\u1eb1ng h\u1ee3p kim titan.<br \/>\nN\u00f3 ch\u1eb7n t\u1ea3n nhi\u1ec7t v\u00e0 c\u00f3 th\u1ec3 ho\u00e1n \u0111\u1ed5i si\u00eau d\u1ec5 d\u00e0ng.<br \/>\n+Ho\u00e1n \u0111\u1ed5i m\u1ed9t tay<br \/>\n+\u0110\u1ed9 b\u1ec1n l\u1edbn<br \/>\n+V\u00e0o nh\u1ef1a tr\u01a1n tru<\/p>\n<p>_B\u1ed9 ba l\u00e0m m\u00e1t, Tinh ch\u1ec9nh ch\u1ea5t l\u01b0\u1ee3ng in<br \/>\n1st: Qu\u1ea1t Hotend gi\u00fap gi\u1ea3m thi\u1ec3u nhi\u1ec7t \u0111\u1ed9 t\u1ecfa ra<br \/>\nH\u1ea7u nh\u01b0 kh\u00f4ng c\u00f3 b\u1ea5t k\u1ef3 nhi\u1ec7t n\u00e0o t\u0103ng l\u00ean t\u1eeb hotend \u0111\u1ebfn m\u00e1y \u0111\u00f9n.<\/p>\n<p>2nd: Qu\u1ea1t l\u00e0m m\u00e1t b\u1ed9 ph\u1eadn gi\u00fap l\u00e0m c\u1ee9ng t\u1ee9c th\u00ec<br \/>\nGi\u00f3 m\u1ea1nh l\u00e0m c\u1ee9ng qu\u00e1 tr\u00ecnh \u0111\u00f9n m\u1edbi th\u00f4ng qua m\u1ed9t \u1ed1ng d\u1eabn kh\u00ed \u0111\u1eb7c bi\u1ec7t. N\u00f3 x\u00fac t\u00e1c li\u00ean k\u1ebft l\u1edbp v\u00e0 tinh ch\u1ec9nh k\u1ebft c\u1ea5u l\u1edbp.<\/p>\n<p>Tr\u1ecdng l\u01b0\u1ee3ng c\u1ee7a qu\u1ea1t \u0111\u1ea7u in \u0111\u01b0\u1ee3c c\u00e2n b\u1eb1ng \u0111\u1ed9ng.<br \/>\nV\u00ec th\u1ebf ch\u00fang \u00edt b\u1ecb rung l\u1eafc, h\u1ea1n ch\u1ebf t\u1ed1i \u0111a hi\u1ec7n t\u01b0\u1ee3ng \u0111\u1ed5 chu\u00f4ng hay b\u00f3ng ma.<\/p>\n<p>3rd: M\u1ed9t qu\u1ea1t ph\u1ee5 n\u1eb1m \u1edf ph\u00eda b\u00ean c\u1ee7a bu\u1ed3ng \u0111\u1ec3 h\u1ed7 tr\u1ee3 l\u00e0m m\u00e1t m\u00f4 h\u00ecnh.<br \/>\nN\u00f3 gi\u1ea3m thi\u1ec3u d\u00e2y v\u00e0 cong v\u00eanh cho c\u1ea7u v\u00e0 ph\u1ea7n nh\u00f4 ra.<\/p>\n<p>_C\u00e1c s\u1ee3i nh\u1ef1a carbon \u0111\u01b0\u1ee3c ph\u00e1t huy t\u00e1c d\u1ee5ng<br \/>\nK1C c\u00f3 th\u1ec3 s\u1eed d\u1ee5ng s\u1ee3i CF, \u0111\u01b0\u1ee3c s\u1eed d\u1ee5ng r\u1ed9ng r\u00e3i trong in \u1ea5n c\u00f4ng nghi\u1ec7p nh\u1edd \u0111\u1ed9 b\u1ec1n c\u01a1 h\u1ecdc v\u00e0 kh\u1ea3 n\u0103ng ch\u1ed1ng m\u00e0i m\u00f2n, bi\u1ebfn d\u1ea1ng v\u00e0 l\u00e3o h\u00f3a.<\/p>\n<p>300\u00b0C Hotend + \u0110\u1ea7u v\u00f2i b\u1eb1ng th\u00e9p c\u1ee9ng<br \/>\nHo\u1ea1t \u0111\u1ed9ng t\u1ed1t v\u1edbi c\u00e1c s\u1ee3i ch\u1ecbu nhi\u1ec7t \u0111\u1ed9 cao v\u00e0 ch\u1ecbu m\u00e0i m\u00f2n.<\/p>\n<p>Nh\u1ea5n nh\u1eb9 v\u00e0 b\u1ecf \u0111i. T\u00ednh n\u0103ng hi\u1ec7u ch\u1ec9nh t\u1ef1 \u0111\u1ed9ng gi\u00fap m\u1ecdi th\u1ee9 s\u1eb5n s\u00e0ng cho b\u1ea1n.<br \/>\nChia tay b\u00e0i ki\u1ec3m tra san l\u1ea5p m\u1eb7t b\u1eb1ng b\u1ef1c b\u1ed9i b\u1eb1ng gi\u1ea5y.<br \/>\n+T\u1ef1 \u0111\u1ed9ng b\u00f9 Z<br \/>\n+T\u1ef1 \u0111\u1ed9ng san l\u1ea5p m\u1eb7t b\u1eb1ng<br \/>\n+Ki\u1ec3m tra \u0111\u1ecbnh h\u00ecnh \u0111\u1ea7u v\u00e0o t\u1ef1 \u0111\u1ed9ng<\/p>\n<p>Camera AI t\u00edch h\u1ee3p c\u00f3 th\u1ec3 theo d\u00f5i qu\u00e1 tr\u00ecnh in v\u00e0 s\u1ebd ch\u1ee7 \u0111\u1ed9ng c\u1ea3nh b\u00e1o cho b\u1ea1n khi x\u1ea3y ra l\u1ed7i*.<br \/>\n*C\u1ea3nh b\u00e1o ch\u1ee7 \u0111\u1ed9ng v\u00e0 gi\u00e1m s\u00e1t video y\u00eau c\u1ea7u k\u1ebft n\u1ed1i v\u1edbi Creality Print ho\u1eb7c Creality Cloud APP.<br \/>\n+Ph\u00e1t hi\u1ec7n m\u00ec spaghetti<br \/>\n+Ph\u00e1t hi\u1ec7n v\u1eadt th\u1ec3 l\u1ea1<br \/>\n+Quay phim tua nhanh th\u1eddi gian<br \/>\n+Gi\u00e1m s\u00e1t t\u1eeb xa<\/p>\n<p>_K1C th\u1eeba h\u01b0\u1edfng h\u1ec7 th\u1ed1ng CoreXY nh\u1eb9 v\u00e0 linh ho\u1ea1t c\u1ee7a K1.<br \/>\nN\u00f3 cung c\u1ea5p m\u1ed9t t\u1ed1c \u0111\u1ed9 \u0111\u00e1ng kinh ng\u1ea1c trong khi v\u1eabn gi\u1eef \u0111\u01b0\u1ee3c ch\u1ea5t l\u01b0\u1ee3ng in.<br \/>\nT\u1ed1c \u0111\u1ed9 t\u1ed1i \u0111a 600mm\/s* Gia t\u1ed1c t\u1ed1i \u0111a 20000mm\/s\u00b2*<br \/>\nT\u1ed1c \u0111\u1ed9 in \u0111i\u1ec3n h\u00ecnh l\u00e0 300mm\/s.<\/p>\n<p>_K1C s\u1eed d\u1ee5ng b\u1ed9 l\u1ecdc than ho\u1ea1t t\u00ednh \u0111\u1ec3 l\u1ecdc c\u00e1c h\u1ee3p ch\u1ea5t v\u00e0 h\u1ea1t ph\u00e1t sinh t\u1eeb s\u1ee3i n\u00f3ng ch\u1ea3y.<\/p>\n<p>_K1C cho ph\u00e9p b\u1ea1n ch\u1ecdn t\u1ed1c \u0111\u1ed9 v\u00e0 \u0111\u1ed9 \u1ed3n khi in.<br \/>\n\u1ede ch\u1ebf \u0111\u1ed9 im l\u1eb7ng, \u00e2m thanh gi\u1ed1ng nh\u01b0 l\u1eadt trang s\u00e1ch.<br \/>\nKh\u00f4ng c\u00f2n b\u1ecb ph\u00e2n t\u00e2m kh\u1ecfi c\u00f4ng vi\u1ec7c ho\u1eb7c ngh\u1ec9 ng\u01a1i.<br \/>\nCh\u1ebf \u0111\u1ed9 im l\u1eb7ng \u226445dB<\/p>\n<p>_Th\u1ea5t b\u1ea1i m\u1ed9t ph\u1ea7n? Ch\u1ec9 c\u1ea7n b\u1ecf qua n\u00f3<br \/>\nKh\u00f4ng c\u00f2n ph\u1ea3i lo l\u1eafng khi m\u1ed9t b\u1ea3n in ri\u00eang l\u1ebb b\u1ecb l\u1ed7i khi in h\u00e0ng lo\u1ea1t, v\u00ec b\u1ea1n c\u00f3 th\u1ec3 lo\u1ea1i tr\u1eeb l\u1ed7i m\u1ed9t ph\u1ea7n kh\u1ecfi l\u00f4.*<br \/>\n*Ch\u1ee9c n\u0103ng n\u00e0y hi\u1ec7n y\u00eau c\u1ea7u k\u1ebft n\u1ed1i v\u1edbi Creality Print.<br \/>\nN\u00f3 c\u0169ng s\u1ebd s\u1edbm c\u00f3 s\u1eb5n trong Creality OS.<br \/>\nD\u1ea3i lau silicon<br \/>\nCleaner \u0111\u1ec3 lau \u0111\u1ea7u v\u00f2i phun.<\/p>\n<p>T\u1ea5m PEI c\u00f3 k\u1ebft c\u1ea5u th\u00f4<br \/>\n\u0110\u1ed9 b\u00e1m d\u00ednh t\u1ed1t h\u01a1n khi in b\u1eb1ng PLA-CF v\u00e0 c\u00e1c lo\u1ea1i s\u1ee3i k\u1ef9 thu\u1eadt kh\u00e1c.<\/p>\n<p>_H\u1ec7 \u0111i\u1ec1u h\u00e0nh Creality OS m\u00e3 ngu\u1ed3n m\u1edf d\u1ef1a tr\u00ean Klipper h\u1ed7 tr\u1ee3 nhi\u1ec1u ch\u1ee9c n\u0103ng n\u00e2ng cao nh\u01b0 ti\u1ebfn tuy\u1ebfn t\u00ednh v\u00e0 \u0111\u1ecbnh h\u00ecnh \u0111\u1ea7u v\u00e0o<\/p>\n<p>+In \u0111\u00e1m m\u00e2y<br \/>\nC\u1eaft, in v\u00e0 gi\u00e1m s\u00e1t t\u1eeb xa qua Creality Cloud.<\/p>\n<p>**\u0110\u1ec3 \u0111\u01b0\u1ee3c ph\u1ee5c v\u1ee5 t\u1ed1t h\u01a1n vui l\u00f2ng li\u00ean h\u1ec7 tr\u1ef1c ti\u1ebfp shop<br \/>\n0913.939.775 contact A.Quan (for English)<br \/>\n094.144.0951 contact A.Quynh<br \/>\n**Gi\u00e1 b\u00e1n ch\u01b0a bao g\u1ed3m VAT<\/p>","protected":false},"excerpt":{"rendered":"<p>Creality K1C 3D printer specializes in printing Carbon fiber with a maximum speed of 600mm\/s, printing size 22*22*25cm<\/p>","protected":false},"featured_media":4216,"comment_status":"open","ping_status":"closed","template":"","meta":{"inline_featured_image":false},"product_brand":[],"product_cat":[39,51],"product_tag":[],"class_list":{"0":"post-4225","1":"product","2":"type-product","3":"status-publish","4":"has-post-thumbnail","6":"product_cat-may-in-3d","7":"product_cat-may-in-3d-creality","9":"first","10":"instock","11":"featured","12":"taxable","13":"shipping-taxable","14":"purchasable","15":"product-type-simple"},"yoast_head":"<!-- This site is optimized with the Yoast SEO Premium plugin v22.8 (Yoast SEO v26.9) - https:\/\/yoast.com\/product\/yoast-seo-premium-wordpress\/ -->\n<title>M\u00e1y in 3d Creality K1C chuy\u00ean in s\u1ee3i Carbon t\u1ed1c \u0111\u1ed9 max 600mm\/s prinitng size 22*22*25cm - NGE 3D Printers Services<\/title>\n<meta name=\"robots\" content=\"index, follow, max-snippet:-1, max-image-preview:large, max-video-preview:-1\" \/>\n<link rel=\"canonical\" href=\"https:\/\/nge.vn\/en\/product\/may-in-3d-creality-k1c-chuyen-in-soi-carbon-toc-do-max-600mm-s-prinitng-size-222225cm\/\" \/>\n<meta property=\"og:locale\" content=\"en_US\" \/>\n<meta property=\"og:type\" content=\"article\" \/>\n<meta property=\"og:title\" content=\"M\u00e1y in 3d Creality K1C chuy\u00ean in s\u1ee3i Carbon t\u1ed1c \u0111\u1ed9 max 600mm\/s prinitng size 22*22*25cm\" \/>\n<meta property=\"og:description\" content=\"M\u00e1y in 3d Creality K1C chuy\u00ean in s\u1ee3i Carbon t\u1ed1c \u0111\u1ed9 max 600mm\/s prinitng size 22*22*25cm\" \/>\n<meta property=\"og:url\" content=\"https:\/\/nge.vn\/en\/product\/may-in-3d-creality-k1c-chuyen-in-soi-carbon-toc-do-max-600mm-s-prinitng-size-222225cm\/\" \/>\n<meta property=\"og:site_name\" content=\"NGE 3D Printers Services\" \/>\n<meta property=\"article:modified_time\" content=\"2025-03-17T10:44:16+00:00\" \/>\n<meta property=\"og:image\" content=\"https:\/\/nge.vn\/wp-content\/uploads\/2024\/10\/images-upload-woo2Fadeb79c54e31b716ee76b2d109c68d5a.jpg\" \/>\n\t<meta property=\"og:image:width\" content=\"868\" \/>\n\t<meta property=\"og:image:height\" content=\"868\" \/>\n\t<meta property=\"og:image:type\" content=\"image\/jpeg\" \/>\n<meta name=\"twitter:card\" content=\"summary_large_image\" \/>\n<meta name=\"twitter:label1\" content=\"Est. reading time\" \/>\n\t<meta name=\"twitter:data1\" content=\"4 minutes\" \/>\n<script type=\"application\/ld+json\" class=\"yoast-schema-graph\">{\"@context\":\"https:\/\/schema.org\",\"@graph\":[{\"@type\":\"WebPage\",\"@id\":\"https:\/\/nge.vn\/san-pham\/may-in-3d-creality-k1c-chuyen-in-soi-carbon-toc-do-max-600mm-s-prinitng-size-222225cm\/\",\"url\":\"https:\/\/nge.vn\/san-pham\/may-in-3d-creality-k1c-chuyen-in-soi-carbon-toc-do-max-600mm-s-prinitng-size-222225cm\/\",\"name\":\"M\u00e1y in 3d Creality K1C chuy\u00ean in s\u1ee3i Carbon t\u1ed1c \u0111\u1ed9 max 600mm\/s prinitng size 22*22*25cm - NGE 3D Printers Services\",\"isPartOf\":{\"@id\":\"https:\/\/nge.vn\/#website\"},\"primaryImageOfPage\":{\"@id\":\"https:\/\/nge.vn\/san-pham\/may-in-3d-creality-k1c-chuyen-in-soi-carbon-toc-do-max-600mm-s-prinitng-size-222225cm\/#primaryimage\"},\"image\":{\"@id\":\"https:\/\/nge.vn\/san-pham\/may-in-3d-creality-k1c-chuyen-in-soi-carbon-toc-do-max-600mm-s-prinitng-size-222225cm\/#primaryimage\"},\"thumbnailUrl\":\"https:\/\/nge.vn\/wp-content\/uploads\/2024\/10\/images-upload-woo2Fadeb79c54e31b716ee76b2d109c68d5a.jpg\",\"datePublished\":\"2024-10-26T10:26:14+00:00\",\"dateModified\":\"2025-03-17T10:44:16+00:00\",\"breadcrumb\":{\"@id\":\"https:\/\/nge.vn\/san-pham\/may-in-3d-creality-k1c-chuyen-in-soi-carbon-toc-do-max-600mm-s-prinitng-size-222225cm\/#breadcrumb\"},\"inLanguage\":\"en-US\",\"potentialAction\":[{\"@type\":\"ReadAction\",\"target\":[\"https:\/\/nge.vn\/san-pham\/may-in-3d-creality-k1c-chuyen-in-soi-carbon-toc-do-max-600mm-s-prinitng-size-222225cm\/\"]}]},{\"@type\":\"ImageObject\",\"inLanguage\":\"en-US\",\"@id\":\"https:\/\/nge.vn\/san-pham\/may-in-3d-creality-k1c-chuyen-in-soi-carbon-toc-do-max-600mm-s-prinitng-size-222225cm\/#primaryimage\",\"url\":\"https:\/\/nge.vn\/wp-content\/uploads\/2024\/10\/images-upload-woo2Fadeb79c54e31b716ee76b2d109c68d5a.jpg\",\"contentUrl\":\"https:\/\/nge.vn\/wp-content\/uploads\/2024\/10\/images-upload-woo2Fadeb79c54e31b716ee76b2d109c68d5a.jpg\",\"width\":868,\"height\":868},{\"@type\":\"BreadcrumbList\",\"@id\":\"https:\/\/nge.vn\/san-pham\/may-in-3d-creality-k1c-chuyen-in-soi-carbon-toc-do-max-600mm-s-prinitng-size-222225cm\/#breadcrumb\",\"itemListElement\":[{\"@type\":\"ListItem\",\"position\":1,\"name\":\"Trang ch\u1ee7\",\"item\":\"https:\/\/nge.vn\/\"},{\"@type\":\"ListItem\",\"position\":2,\"name\":\"S\u1ea3n ph\u1ea9m\",\"item\":\"https:\/\/nge.vn\/san-pham\/\"},{\"@type\":\"ListItem\",\"position\":3,\"name\":\"M\u00e1y in 3d Creality K1C chuy\u00ean in s\u1ee3i Carbon t\u1ed1c \u0111\u1ed9 max 600mm\/s prinitng size 22*22*25cm\"}]},{\"@type\":\"WebSite\",\"@id\":\"https:\/\/nge.vn\/#website\",\"url\":\"https:\/\/nge.vn\/\",\"name\":\"NGE 3D Printers Services\",\"description\":\"\",\"potentialAction\":[{\"@type\":\"SearchAction\",\"target\":{\"@type\":\"EntryPoint\",\"urlTemplate\":\"https:\/\/nge.vn\/?s={search_term_string}\"},\"query-input\":{\"@type\":\"PropertyValueSpecification\",\"valueRequired\":true,\"valueName\":\"search_term_string\"}}],\"inLanguage\":\"en-US\"}]}<\/script>\n<!-- \/ Yoast SEO Premium plugin. -->","yoast_head_json":{"title":"M\u00e1y in 3d Creality K1C chuy\u00ean in s\u1ee3i Carbon t\u1ed1c \u0111\u1ed9 max 600mm\/s prinitng size 22*22*25cm - NGE 3D Printers Services","robots":{"index":"index","follow":"follow","max-snippet":"max-snippet:-1","max-image-preview":"max-image-preview:large","max-video-preview":"max-video-preview:-1"},"canonical":"https:\/\/nge.vn\/en\/product\/may-in-3d-creality-k1c-chuyen-in-soi-carbon-toc-do-max-600mm-s-prinitng-size-222225cm\/","og_locale":"en_US","og_type":"article","og_title":"M\u00e1y in 3d Creality K1C chuy\u00ean in s\u1ee3i Carbon t\u1ed1c \u0111\u1ed9 max 600mm\/s prinitng size 22*22*25cm","og_description":"M\u00e1y in 3d Creality K1C chuy\u00ean in s\u1ee3i Carbon t\u1ed1c \u0111\u1ed9 max 600mm\/s prinitng size 22*22*25cm","og_url":"https:\/\/nge.vn\/en\/product\/may-in-3d-creality-k1c-chuyen-in-soi-carbon-toc-do-max-600mm-s-prinitng-size-222225cm\/","og_site_name":"NGE 3D Printers Services","article_modified_time":"2025-03-17T10:44:16+00:00","og_image":[{"width":868,"height":868,"url":"https:\/\/nge.vn\/wp-content\/uploads\/2024\/10\/images-upload-woo2Fadeb79c54e31b716ee76b2d109c68d5a.jpg","type":"image\/jpeg"}],"twitter_card":"summary_large_image","twitter_misc":{"Est. reading time":"4 minutes"},"schema":{"@context":"https:\/\/schema.org","@graph":[{"@type":"WebPage","@id":"https:\/\/nge.vn\/san-pham\/may-in-3d-creality-k1c-chuyen-in-soi-carbon-toc-do-max-600mm-s-prinitng-size-222225cm\/","url":"https:\/\/nge.vn\/san-pham\/may-in-3d-creality-k1c-chuyen-in-soi-carbon-toc-do-max-600mm-s-prinitng-size-222225cm\/","name":"M\u00e1y in 3d Creality K1C chuy\u00ean in s\u1ee3i Carbon t\u1ed1c \u0111\u1ed9 max 600mm\/s prinitng size 22*22*25cm - NGE 3D Printers Services","isPartOf":{"@id":"https:\/\/nge.vn\/#website"},"primaryImageOfPage":{"@id":"https:\/\/nge.vn\/san-pham\/may-in-3d-creality-k1c-chuyen-in-soi-carbon-toc-do-max-600mm-s-prinitng-size-222225cm\/#primaryimage"},"image":{"@id":"https:\/\/nge.vn\/san-pham\/may-in-3d-creality-k1c-chuyen-in-soi-carbon-toc-do-max-600mm-s-prinitng-size-222225cm\/#primaryimage"},"thumbnailUrl":"https:\/\/nge.vn\/wp-content\/uploads\/2024\/10\/images-upload-woo2Fadeb79c54e31b716ee76b2d109c68d5a.jpg","datePublished":"2024-10-26T10:26:14+00:00","dateModified":"2025-03-17T10:44:16+00:00","breadcrumb":{"@id":"https:\/\/nge.vn\/san-pham\/may-in-3d-creality-k1c-chuyen-in-soi-carbon-toc-do-max-600mm-s-prinitng-size-222225cm\/#breadcrumb"},"inLanguage":"en-US","potentialAction":[{"@type":"ReadAction","target":["https:\/\/nge.vn\/san-pham\/may-in-3d-creality-k1c-chuyen-in-soi-carbon-toc-do-max-600mm-s-prinitng-size-222225cm\/"]}]},{"@type":"ImageObject","inLanguage":"en-US","@id":"https:\/\/nge.vn\/san-pham\/may-in-3d-creality-k1c-chuyen-in-soi-carbon-toc-do-max-600mm-s-prinitng-size-222225cm\/#primaryimage","url":"https:\/\/nge.vn\/wp-content\/uploads\/2024\/10\/images-upload-woo2Fadeb79c54e31b716ee76b2d109c68d5a.jpg","contentUrl":"https:\/\/nge.vn\/wp-content\/uploads\/2024\/10\/images-upload-woo2Fadeb79c54e31b716ee76b2d109c68d5a.jpg","width":868,"height":868},{"@type":"BreadcrumbList","@id":"https:\/\/nge.vn\/san-pham\/may-in-3d-creality-k1c-chuyen-in-soi-carbon-toc-do-max-600mm-s-prinitng-size-222225cm\/#breadcrumb","itemListElement":[{"@type":"ListItem","position":1,"name":"Trang ch\u1ee7","item":"https:\/\/nge.vn\/"},{"@type":"ListItem","position":2,"name":"S\u1ea3n ph\u1ea9m","item":"https:\/\/nge.vn\/san-pham\/"},{"@type":"ListItem","position":3,"name":"M\u00e1y in 3d Creality K1C chuy\u00ean in s\u1ee3i Carbon t\u1ed1c \u0111\u1ed9 max 600mm\/s prinitng size 22*22*25cm"}]},{"@type":"WebSite","@id":"https:\/\/nge.vn\/#website","url":"https:\/\/nge.vn\/","name":"NGE 3D Printers Services","description":"","potentialAction":[{"@type":"SearchAction","target":{"@type":"EntryPoint","urlTemplate":"https:\/\/nge.vn\/?s={search_term_string}"},"query-input":{"@type":"PropertyValueSpecification","valueRequired":true,"valueName":"search_term_string"}}],"inLanguage":"en-US"}]}},"_links":{"self":[{"href":"https:\/\/nge.vn\/en\/wp-json\/wp\/v2\/product\/4225","targetHints":{"allow":["GET"]}}],"collection":[{"href":"https:\/\/nge.vn\/en\/wp-json\/wp\/v2\/product"}],"about":[{"href":"https:\/\/nge.vn\/en\/wp-json\/wp\/v2\/types\/product"}],"replies":[{"embeddable":true,"href":"https:\/\/nge.vn\/en\/wp-json\/wp\/v2\/comments?post=4225"}],"wp:featuredmedia":[{"embeddable":true,"href":"https:\/\/nge.vn\/en\/wp-json\/wp\/v2\/media\/4216"}],"wp:attachment":[{"href":"https:\/\/nge.vn\/en\/wp-json\/wp\/v2\/media?parent=4225"}],"wp:term":[{"taxonomy":"product_brand","embeddable":true,"href":"https:\/\/nge.vn\/en\/wp-json\/wp\/v2\/product_brand?post=4225"},{"taxonomy":"product_cat","embeddable":true,"href":"https:\/\/nge.vn\/en\/wp-json\/wp\/v2\/product_cat?post=4225"},{"taxonomy":"product_tag","embeddable":true,"href":"https:\/\/nge.vn\/en\/wp-json\/wp\/v2\/product_tag?post=4225"}],"curies":[{"name":"wp","href":"https:\/\/api.w.org\/{rel}","templated":true}]}}