{"id":4215,"date":"2024-10-26T17:24:21","date_gmt":"2024-10-26T10:24:21","guid":{"rendered":"https:\/\/nge.123websitedev.com\/san-pham\/may-quet-mau-24-bit-khong-day-creality-cr-scan-ferret-pro-do-chinh-xac-01mm\/"},"modified":"2025-04-28T18:41:46","modified_gmt":"2025-04-28T11:41:46","slug":"may-quet-mau-24-bit-khong-day-creality-cr-scan-ferret-pro-do-chinh-xac-01mm","status":"publish","type":"product","link":"https:\/\/nge.vn\/en\/product\/may-quet-mau-24-bit-khong-day-creality-cr-scan-ferret-pro-do-chinh-xac-01mm\/","title":{"rendered":"Creality CR-Scan Ferret Pro Wireless 24-bit Color Scanner with 0.1mm Accuracy"},"content":{"rendered":"<p>Creality CR-Scan Ferret Pro Wireless 24-bit Color Scanner with 0.1mm Accuracy<\/p>\n<p>_Theo d\u00f5i ch\u1ed1ng rung<br \/>\nC\u00f4ng ngh\u1ec7 h\u00ecnh \u1ea3nh 3D one-shot m\u1edbi gi\u00fap qu\u00e9t m\u01b0\u1ee3t m\u00e0 ngay c\u1ea3 khi tay run, t\u0103ng \u0111\u00e1ng k\u1ec3 t\u1ef7 l\u1ec7 qu\u00e9t th\u00e0nh c\u00f4ng<\/p>\n<p>_Qu\u00e9t c\u00e1c v\u1eadt th\u1ec3 m\u00e0u \u0111en\/kim lo\u1ea1i m\u00e0 kh\u00f4ng c\u1ea7n phun<br \/>\nKh\u00f4ng c\u1ea7n x\u1ecbt qu\u00e9t, b\u1ea1n c\u00f3 th\u1ec3 qu\u00e9t \u00f4 t\u00f4*, ph\u1ee5 t\u00f9ng \u00f4 t\u00f4, l\u1ed1p xe v\u00e0 c\u00e1c v\u1eadt th\u1ec3 m\u00e0u \u0111en\/kim lo\u1ea1i kh\u00e1c \u0111\u1ec3 c\u00f3 \u0111\u01b0\u1ee3c hi\u1ec7u \u1ee9ng m\u00f4 h\u00ecnh mong mu\u1ed1n<br \/>\n*C\u00e1ch qu\u00e9t \u00f4 t\u00f4: ch\u1ecdn ch\u1ebf \u0111\u1ed9 k\u1ebft c\u1ea5u \u0111\u1ec3 qu\u00e9t \u00f4 t\u00f4 sau khi \u0111\u00e1nh d\u1ea5u b\u1ec1 m\u1eb7t c\u1ee7a \u00f4 t\u00f4.<\/p>\n<p>_Qu\u00e9t \u0111\u1ee7 m\u00e0u 24-bit<br \/>\nCamera m\u00e0u \u0111\u1ed9 ph\u00e2n gi\u1ea3i cao 2MP t\u00edch h\u1ee3p ch\u1ee5p c\u00e1c m\u00f4 h\u00ecnh 3D \u0111\u1ea7y \u0111\u1ee7 m\u00e0u s\u1eafc, hi\u1ec3n th\u1ecb m\u00e0u g\u1ed1c v\u00e0 l\u00e0m cho m\u1ecdi chi ti\u1ebft ph\u1ee9c t\u1ea1p tr\u1edf n\u00ean s\u1ed1ng \u0111\u1ed9ng. Ngo\u00e0i ra, thu\u1eadt to\u00e1n l\u1eadp b\u1ea3n \u0111\u1ed3 khu\u00f4n m\u1eb7t \u0111\u1ed9c \u0111\u00e1o s\u1ebd kh\u00f4i ph\u1ee5c c\u00e1c \u0111\u1eb7c \u0111i\u1ec3m chi ti\u1ebft c\u1ee7a khu\u00f4n m\u1eb7t \u0111\u1ec3 c\u00f3 \u0111\u01b0\u1ee3c m\u00f4 h\u00ecnh s\u1ed1ng \u0111\u1ed9ng<\/p>\n<p>_Ch\u1ebf \u0111\u1ed9 qu\u00e9t ch\u1ea5t l\u01b0\u1ee3ng cao<br \/>\n\u0110\u1ed9 ch\u00ednh x\u00e1c l\u00ean t\u1edbi 0,1mm \u0111\u1ea3m b\u1ea3o \u0111\u1ed9 ch\u00ednh x\u00e1c v\u1ec1 k\u00edch th\u01b0\u1edbc t\u1ed1t h\u01a1n v\u00e0 thu \u0111\u01b0\u1ee3c nhi\u1ec1u chi ti\u1ebft h\u01a1n<br \/>\n_Ch\u1ebf \u0111\u1ed9 qu\u00e9t nhanh<br \/>\nChip ASIC ch\u1ee5p \u1ea3nh 3D chuy\u00ean d\u1ee5ng t\u00edch h\u1ee3p cung c\u1ea5p kh\u1ea3 n\u0103ng t\u00ednh to\u00e1n, cho ph\u00e9p qu\u00e9t nhanh c\u00e1c v\u1eadt th\u1ec3 v\u1eeba v\u00e0 l\u1edbn l\u00ean t\u1edbi 2m<\/p>\n<p>_S\u1eed d\u1ee5ng m\u1ea1ng kh\u00f4ng d\u00e2y t\u1ed1c \u0111\u1ed9 cao WiFi6 ti\u00ean ti\u1ebfn nh\u1ea5t, nhanh h\u01a1n 3 l\u1ea7n so v\u1edbi WiFi5, \u0111\u00e1p \u1ee9ng b\u0103ng th\u00f4ng truy\u1ec1n t\u1ea3i c\u1ea7n thi\u1ebft \u0111\u1ec3 qu\u00e9t v\u1edbi \u0111\u1ed9 ch\u00ednh x\u00e1c cao v\u00e0 c\u1ea3i thi\u1ec7n hi\u1ec7u su\u1ea5t truy\u1ec1n d\u1eabn, gi\u00fap vi\u1ec7c thu th\u1eadp d\u1eef li\u1ec7u m\u01b0\u1ee3t m\u00e0 h\u01a1n<\/p>\n<p>_Ch\u1ec9 v\u1edbi m\u1ed9t c\u00fa nh\u1ea5p chu\u1ed9t, b\u1ea1n c\u00f3 th\u1ec3 d\u1ec5 d\u00e0ng l\u1eadp m\u00f4 h\u00ecnh sau khi qu\u00e9t m\u00e0 kh\u00f4ng c\u1ea7n c\u00f3 ki\u1ebfn \u200b\u200bth\u1ee9c ph\u1ee9c t\u1ea1p v\u1ec1 qu\u00e9t. Ng\u01b0\u1eddi m\u1edbi s\u1eed d\u1ee5ng c\u00f3 th\u1ec3 nhanh ch\u00f3ng b\u1eaft \u0111\u1ea7u h\u00e0nh tr\u00ecnh c\u1ee7a m\u00ecnh v\u00e0 nhanh ch\u00f3ng c\u00f3 \u0111\u01b0\u1ee3c m\u00f4 h\u00ecnh qu\u00e9t mong mu\u1ed1n<\/p>\n<p>_Thi\u1ebft b\u1ecb nh\u1eb9 n\u00e0y ch\u1ec9 n\u1eb7ng 105g, gi\u00fap b\u1ea1n d\u1ec5 d\u00e0ng mang theo m\u1ecdi l\u00fac m\u1ecdi n\u01a1i. N\u00f3 cho ph\u00e9p b\u1ea1n qu\u00e9t b\u1ea5t c\u1ee9 th\u1ee9 g\u00ec b\u1ea1n th\u1ea5y th\u00fa v\u1ecb v\u00e0 th\u00eam y\u1ebfu t\u1ed1 th\u00fa v\u1ecb v\u00e0o h\u00e0nh tr\u00ecnh c\u1ee7a b\u1ea1n. B\u1ea1n c\u00f3 th\u1ec3 mang v\u1ec1 nh\u00e0 t\u00e1c ph\u1ea9m \u0111i\u00eau kh\u1eafc y\u00eau th\u00edch c\u1ee7a m\u00ecnh nh\u01b0 m\u1ed9t v\u1eadt k\u1ef7 ni\u1ec7m \u0111\u1eb7c bi\u1ec7t<\/p>\n<p>_Qu\u00e9t ngo\u00e0i tr\u1eddi<br \/>\n\u0110\u01b0\u1ee3c thi\u1ebft k\u1ebf v\u1edbi c\u00f4ng ngh\u1ec7 quang h\u1ecdc ti\u00ean ti\u1ebfn v\u00e0 thu\u1eadt to\u00e1n th\u00f4ng minh, CR-Scan Ferret Pro c\u00f3 kh\u1ea3 n\u0103ng th\u00edch \u1ee9ng v\u1edbi m\u00f4i tr\u01b0\u1eddng cao h\u01a1n v\u00e0 duy tr\u00ec hi\u1ec7u su\u1ea5t tuy\u1ec7t v\u1eddi ngay c\u1ea3 d\u01b0\u1edbi \u00e1nh s\u00e1ng m\u1eb7t tr\u1eddi (&lt;30000 lux)<\/p>\n<p>_Gi\u1ea3i ph\u00f3ng s\u1ee9c m\u1ea1nh c\u1ee7a in 3D v\u1edbi Ferret Pro<br \/>\nD\u1ec5 d\u00e0ng t\u1ea1o c\u00e1c m\u00f4 h\u00ecnh 3D ch\u00ednh x\u00e1c, s\u1eb5n s\u00e0ng in c\u1ee7a h\u1ea7u h\u1ebft m\u1ecdi \u0111\u1ed1i t\u01b0\u1ee3ng m\u00e0 kh\u00f4ng y\u00eau c\u1ea7u t\u1ea1o th\u1ee7 c\u00f4ng t\u1ed1n th\u1eddi gian trong ph\u1ea7n m\u1ec1m t\u1ea1o m\u00f4 h\u00ecnh 3D ph\u1ee9c t\u1ea1p.<\/p>\n<p>Specifications<br \/>\n+Product Name: CR-Scan Ferret Pro<br \/>\n+Resolution\/Point Distance: 0.16mm<br \/>\n+Working Distance: 150~700mm<br \/>\n+Frame Rate\/Scan Speed: up to 30 fps<br \/>\n+Scan Size: 150~2000mm<br \/>\n+Accuracy: 0.1mm<br \/>\n+Wireless Connection: Wifi6<br \/>\n+Runtime: 2.5 hours<br \/>\n+Battery Capacity: 5000mAh<br \/>\n+Operating Systems: iOS, Mac, Window, Android<br \/>\n+Single Capture Range: 560*820mm<br \/>\n+Minimum Scanning: 150*150mm<br \/>\n+Machine Size: 120*30*26mm<br \/>\n+Machine Weight: 105g<\/p>\n<p>+Qu\u00e9t v\u00e0 ch\u1ec9nh s\u1eeda t\u1ea5t c\u1ea3 trong m\u1ed9t<br \/>\n+Chia s\u1ebb m\u00f4 h\u00ecnh nhanh<br \/>\n+Giao di\u1ec7n ng\u01b0\u1eddi d\u00f9ng d\u1ec5 s\u1eed d\u1ee5ng<br \/>\n+T\u01b0\u01a1ng th\u00edch v\u1edbi c\u00e1c ph\u1ea7n m\u1ec1m 3D h\u00e0ng \u0111\u1ea7u<br \/>\n+Xu\u1ea5t STL\/OBJ\/PLY<\/p>\n<p>**To receive a better price, please contact the shop directly.<br \/>\n0934.156.173 g\u1eb7p A.Qu\u00e2n (for English)<br \/>\n094.144.0951 contact A.Quynh<br \/>\n**Selling price does not include VAT (+10% if VAT invoice is issued)<\/p>","protected":false},"excerpt":{"rendered":"<p>Creality CR-Scan Ferret Pro Wireless 24-bit Color Scanner with 0.1mm Accuracy<\/p>","protected":false},"featured_media":4206,"comment_status":"open","ping_status":"closed","template":"","meta":{"inline_featured_image":false},"product_brand":[],"product_cat":[55,41],"product_tag":[],"class_list":{"0":"post-4215","1":"product","2":"type-product","3":"status-publish","4":"has-post-thumbnail","6":"product_cat-creality","7":"product_cat-may-quet-scan","9":"first","10":"instock","11":"featured","12":"taxable","13":"shipping-taxable","14":"purchasable","15":"product-type-simple"},"yoast_head":"<!-- This site is optimized with the Yoast SEO Premium plugin v22.8 (Yoast SEO v26.9) - https:\/\/yoast.com\/product\/yoast-seo-premium-wordpress\/ -->\n<title>M\u00e1y qu\u00e9t m\u00e0u 24-bit kh\u00f4ng d\u00e2y Creality CR-Scan Ferret Pro \u0111\u1ed9 ch\u00ednh x\u00e1c 0,1mm - NGE 3D Printers Services<\/title>\n<meta name=\"robots\" content=\"index, follow, max-snippet:-1, max-image-preview:large, max-video-preview:-1\" \/>\n<link rel=\"canonical\" href=\"https:\/\/nge.vn\/en\/product\/may-quet-mau-24-bit-khong-day-creality-cr-scan-ferret-pro-do-chinh-xac-01mm\/\" \/>\n<meta property=\"og:locale\" content=\"en_US\" \/>\n<meta property=\"og:type\" content=\"article\" \/>\n<meta property=\"og:title\" content=\"M\u00e1y qu\u00e9t m\u00e0u 24-bit kh\u00f4ng d\u00e2y Creality CR-Scan Ferret Pro \u0111\u1ed9 ch\u00ednh x\u00e1c 0,1mm\" \/>\n<meta property=\"og:description\" content=\"M\u00e1y qu\u00e9t m\u00e0u 24-bit kh\u00f4ng d\u00e2y Creality CR-Scan Ferret Pro \u0111\u1ed9 ch\u00ednh x\u00e1c 0,1mm\" \/>\n<meta property=\"og:url\" content=\"https:\/\/nge.vn\/en\/product\/may-quet-mau-24-bit-khong-day-creality-cr-scan-ferret-pro-do-chinh-xac-01mm\/\" \/>\n<meta property=\"og:site_name\" content=\"NGE 3D Printers Services\" \/>\n<meta property=\"article:modified_time\" content=\"2025-04-28T11:41:46+00:00\" \/>\n<meta property=\"og:image\" content=\"https:\/\/nge.vn\/wp-content\/uploads\/2024\/10\/images-upload-woo2Fd6217bc950b3c658824ea1e4c2400bbf.jpg\" \/>\n\t<meta property=\"og:image:width\" content=\"909\" \/>\n\t<meta property=\"og:image:height\" content=\"909\" \/>\n\t<meta property=\"og:image:type\" content=\"image\/jpeg\" \/>\n<meta name=\"twitter:card\" content=\"summary_large_image\" \/>\n<meta name=\"twitter:label1\" content=\"Est. reading time\" \/>\n\t<meta name=\"twitter:data1\" content=\"4 minutes\" \/>\n<script type=\"application\/ld+json\" class=\"yoast-schema-graph\">{\"@context\":\"https:\/\/schema.org\",\"@graph\":[{\"@type\":\"WebPage\",\"@id\":\"https:\/\/nge.vn\/san-pham\/may-quet-mau-24-bit-khong-day-creality-cr-scan-ferret-pro-do-chinh-xac-01mm\/\",\"url\":\"https:\/\/nge.vn\/san-pham\/may-quet-mau-24-bit-khong-day-creality-cr-scan-ferret-pro-do-chinh-xac-01mm\/\",\"name\":\"M\u00e1y qu\u00e9t m\u00e0u 24-bit kh\u00f4ng d\u00e2y Creality CR-Scan Ferret Pro \u0111\u1ed9 ch\u00ednh x\u00e1c 0,1mm - NGE 3D Printers Services\",\"isPartOf\":{\"@id\":\"https:\/\/nge.vn\/#website\"},\"primaryImageOfPage\":{\"@id\":\"https:\/\/nge.vn\/san-pham\/may-quet-mau-24-bit-khong-day-creality-cr-scan-ferret-pro-do-chinh-xac-01mm\/#primaryimage\"},\"image\":{\"@id\":\"https:\/\/nge.vn\/san-pham\/may-quet-mau-24-bit-khong-day-creality-cr-scan-ferret-pro-do-chinh-xac-01mm\/#primaryimage\"},\"thumbnailUrl\":\"https:\/\/nge.vn\/wp-content\/uploads\/2024\/10\/images-upload-woo2Fd6217bc950b3c658824ea1e4c2400bbf.jpg\",\"datePublished\":\"2024-10-26T10:24:21+00:00\",\"dateModified\":\"2025-04-28T11:41:46+00:00\",\"breadcrumb\":{\"@id\":\"https:\/\/nge.vn\/san-pham\/may-quet-mau-24-bit-khong-day-creality-cr-scan-ferret-pro-do-chinh-xac-01mm\/#breadcrumb\"},\"inLanguage\":\"en-US\",\"potentialAction\":[{\"@type\":\"ReadAction\",\"target\":[\"https:\/\/nge.vn\/san-pham\/may-quet-mau-24-bit-khong-day-creality-cr-scan-ferret-pro-do-chinh-xac-01mm\/\"]}]},{\"@type\":\"ImageObject\",\"inLanguage\":\"en-US\",\"@id\":\"https:\/\/nge.vn\/san-pham\/may-quet-mau-24-bit-khong-day-creality-cr-scan-ferret-pro-do-chinh-xac-01mm\/#primaryimage\",\"url\":\"https:\/\/nge.vn\/wp-content\/uploads\/2024\/10\/images-upload-woo2Fd6217bc950b3c658824ea1e4c2400bbf.jpg\",\"contentUrl\":\"https:\/\/nge.vn\/wp-content\/uploads\/2024\/10\/images-upload-woo2Fd6217bc950b3c658824ea1e4c2400bbf.jpg\",\"width\":909,\"height\":909},{\"@type\":\"BreadcrumbList\",\"@id\":\"https:\/\/nge.vn\/san-pham\/may-quet-mau-24-bit-khong-day-creality-cr-scan-ferret-pro-do-chinh-xac-01mm\/#breadcrumb\",\"itemListElement\":[{\"@type\":\"ListItem\",\"position\":1,\"name\":\"Trang ch\u1ee7\",\"item\":\"https:\/\/nge.vn\/\"},{\"@type\":\"ListItem\",\"position\":2,\"name\":\"S\u1ea3n ph\u1ea9m\",\"item\":\"https:\/\/nge.vn\/san-pham\/\"},{\"@type\":\"ListItem\",\"position\":3,\"name\":\"M\u00e1y qu\u00e9t m\u00e0u 24-bit kh\u00f4ng d\u00e2y Creality CR-Scan Ferret Pro \u0111\u1ed9 ch\u00ednh x\u00e1c 0,1mm\"}]},{\"@type\":\"WebSite\",\"@id\":\"https:\/\/nge.vn\/#website\",\"url\":\"https:\/\/nge.vn\/\",\"name\":\"NGE 3D Printers Services\",\"description\":\"\",\"potentialAction\":[{\"@type\":\"SearchAction\",\"target\":{\"@type\":\"EntryPoint\",\"urlTemplate\":\"https:\/\/nge.vn\/?s={search_term_string}\"},\"query-input\":{\"@type\":\"PropertyValueSpecification\",\"valueRequired\":true,\"valueName\":\"search_term_string\"}}],\"inLanguage\":\"en-US\"}]}<\/script>\n<!-- \/ Yoast SEO Premium plugin. -->","yoast_head_json":{"title":"M\u00e1y qu\u00e9t m\u00e0u 24-bit kh\u00f4ng d\u00e2y Creality CR-Scan Ferret Pro \u0111\u1ed9 ch\u00ednh x\u00e1c 0,1mm - NGE 3D Printers Services","robots":{"index":"index","follow":"follow","max-snippet":"max-snippet:-1","max-image-preview":"max-image-preview:large","max-video-preview":"max-video-preview:-1"},"canonical":"https:\/\/nge.vn\/en\/product\/may-quet-mau-24-bit-khong-day-creality-cr-scan-ferret-pro-do-chinh-xac-01mm\/","og_locale":"en_US","og_type":"article","og_title":"M\u00e1y qu\u00e9t m\u00e0u 24-bit kh\u00f4ng d\u00e2y Creality CR-Scan Ferret Pro \u0111\u1ed9 ch\u00ednh x\u00e1c 0,1mm","og_description":"M\u00e1y qu\u00e9t m\u00e0u 24-bit kh\u00f4ng d\u00e2y Creality CR-Scan Ferret Pro \u0111\u1ed9 ch\u00ednh x\u00e1c 0,1mm","og_url":"https:\/\/nge.vn\/en\/product\/may-quet-mau-24-bit-khong-day-creality-cr-scan-ferret-pro-do-chinh-xac-01mm\/","og_site_name":"NGE 3D Printers Services","article_modified_time":"2025-04-28T11:41:46+00:00","og_image":[{"width":909,"height":909,"url":"https:\/\/nge.vn\/wp-content\/uploads\/2024\/10\/images-upload-woo2Fd6217bc950b3c658824ea1e4c2400bbf.jpg","type":"image\/jpeg"}],"twitter_card":"summary_large_image","twitter_misc":{"Est. reading time":"4 minutes"},"schema":{"@context":"https:\/\/schema.org","@graph":[{"@type":"WebPage","@id":"https:\/\/nge.vn\/san-pham\/may-quet-mau-24-bit-khong-day-creality-cr-scan-ferret-pro-do-chinh-xac-01mm\/","url":"https:\/\/nge.vn\/san-pham\/may-quet-mau-24-bit-khong-day-creality-cr-scan-ferret-pro-do-chinh-xac-01mm\/","name":"M\u00e1y qu\u00e9t m\u00e0u 24-bit kh\u00f4ng d\u00e2y Creality CR-Scan Ferret Pro \u0111\u1ed9 ch\u00ednh x\u00e1c 0,1mm - NGE 3D Printers Services","isPartOf":{"@id":"https:\/\/nge.vn\/#website"},"primaryImageOfPage":{"@id":"https:\/\/nge.vn\/san-pham\/may-quet-mau-24-bit-khong-day-creality-cr-scan-ferret-pro-do-chinh-xac-01mm\/#primaryimage"},"image":{"@id":"https:\/\/nge.vn\/san-pham\/may-quet-mau-24-bit-khong-day-creality-cr-scan-ferret-pro-do-chinh-xac-01mm\/#primaryimage"},"thumbnailUrl":"https:\/\/nge.vn\/wp-content\/uploads\/2024\/10\/images-upload-woo2Fd6217bc950b3c658824ea1e4c2400bbf.jpg","datePublished":"2024-10-26T10:24:21+00:00","dateModified":"2025-04-28T11:41:46+00:00","breadcrumb":{"@id":"https:\/\/nge.vn\/san-pham\/may-quet-mau-24-bit-khong-day-creality-cr-scan-ferret-pro-do-chinh-xac-01mm\/#breadcrumb"},"inLanguage":"en-US","potentialAction":[{"@type":"ReadAction","target":["https:\/\/nge.vn\/san-pham\/may-quet-mau-24-bit-khong-day-creality-cr-scan-ferret-pro-do-chinh-xac-01mm\/"]}]},{"@type":"ImageObject","inLanguage":"en-US","@id":"https:\/\/nge.vn\/san-pham\/may-quet-mau-24-bit-khong-day-creality-cr-scan-ferret-pro-do-chinh-xac-01mm\/#primaryimage","url":"https:\/\/nge.vn\/wp-content\/uploads\/2024\/10\/images-upload-woo2Fd6217bc950b3c658824ea1e4c2400bbf.jpg","contentUrl":"https:\/\/nge.vn\/wp-content\/uploads\/2024\/10\/images-upload-woo2Fd6217bc950b3c658824ea1e4c2400bbf.jpg","width":909,"height":909},{"@type":"BreadcrumbList","@id":"https:\/\/nge.vn\/san-pham\/may-quet-mau-24-bit-khong-day-creality-cr-scan-ferret-pro-do-chinh-xac-01mm\/#breadcrumb","itemListElement":[{"@type":"ListItem","position":1,"name":"Trang ch\u1ee7","item":"https:\/\/nge.vn\/"},{"@type":"ListItem","position":2,"name":"S\u1ea3n ph\u1ea9m","item":"https:\/\/nge.vn\/san-pham\/"},{"@type":"ListItem","position":3,"name":"M\u00e1y qu\u00e9t m\u00e0u 24-bit kh\u00f4ng d\u00e2y Creality CR-Scan Ferret Pro \u0111\u1ed9 ch\u00ednh x\u00e1c 0,1mm"}]},{"@type":"WebSite","@id":"https:\/\/nge.vn\/#website","url":"https:\/\/nge.vn\/","name":"NGE 3D Printers Services","description":"","potentialAction":[{"@type":"SearchAction","target":{"@type":"EntryPoint","urlTemplate":"https:\/\/nge.vn\/?s={search_term_string}"},"query-input":{"@type":"PropertyValueSpecification","valueRequired":true,"valueName":"search_term_string"}}],"inLanguage":"en-US"}]}},"_links":{"self":[{"href":"https:\/\/nge.vn\/en\/wp-json\/wp\/v2\/product\/4215","targetHints":{"allow":["GET"]}}],"collection":[{"href":"https:\/\/nge.vn\/en\/wp-json\/wp\/v2\/product"}],"about":[{"href":"https:\/\/nge.vn\/en\/wp-json\/wp\/v2\/types\/product"}],"replies":[{"embeddable":true,"href":"https:\/\/nge.vn\/en\/wp-json\/wp\/v2\/comments?post=4215"}],"wp:featuredmedia":[{"embeddable":true,"href":"https:\/\/nge.vn\/en\/wp-json\/wp\/v2\/media\/4206"}],"wp:attachment":[{"href":"https:\/\/nge.vn\/en\/wp-json\/wp\/v2\/media?parent=4215"}],"wp:term":[{"taxonomy":"product_brand","embeddable":true,"href":"https:\/\/nge.vn\/en\/wp-json\/wp\/v2\/product_brand?post=4215"},{"taxonomy":"product_cat","embeddable":true,"href":"https:\/\/nge.vn\/en\/wp-json\/wp\/v2\/product_cat?post=4215"},{"taxonomy":"product_tag","embeddable":true,"href":"https:\/\/nge.vn\/en\/wp-json\/wp\/v2\/product_tag?post=4215"}],"curies":[{"name":"wp","href":"https:\/\/api.w.org\/{rel}","templated":true}]}}