{"id":4192,"date":"2024-10-26T17:21:01","date_gmt":"2024-10-26T10:21:01","guid":{"rendered":"https:\/\/nge.123websitedev.com\/san-pham\/acf-high-speed-release-film-cho-may-in-3d-lcd-anycubic-photon-m5s-12k-saturn-3-ultra-halot-mage-pro-2902100-3mm\/"},"modified":"2024-12-30T15:46:48","modified_gmt":"2024-12-30T08:46:48","slug":"acf-high-speed-release-film-cho-may-in-3d-lcd-anycubic-photon-m5s-12k-saturn-3-ultra-halot-mage-pro-2902100-3mm","status":"publish","type":"product","link":"https:\/\/nge.vn\/en\/product\/acf-high-speed-release-film-cho-may-in-3d-lcd-anycubic-photon-m5s-12k-saturn-3-ultra-halot-mage-pro-2902100-3mm\/","title":{"rendered":"ACF High Speed Release Film for ANYCUBIC Photon M5S 12K LCD 3d printer, Saturn 3 Ultra, Halot Mage Pro\u2026290*210*0.3mm"},"content":{"rendered":"<p>T\u1ea5m m\u00e0ng film khay \u0111\u1ef1ng resin ACF High Speed Release Film cho c\u00e1c m\u00e1y in 3d LCD ANYCUBIC Photon M5S 12K, Mars 4 Ultra ,Saturn 3 Ultra, Halot Mage Pro&#8230;size 290*210*0.3mm<\/p>\n<p>_C\u00e1c m\u1eabu t\u01b0\u01a1ng th\u00edch: T\u01b0\u01a1ng th\u00edch v\u1edbi Elegoo Saturn 3 Ultra, Saturn 3, Saturn 2, Photon M5S, Photon M5, Halot Mage, Halot Mage Pro v\u00e0 c\u00e1c m\u00e1y in 3D nh\u1ef1a kh\u00e1c c\u00f3 k\u00edch th\u01b0\u1edbc d\u01b0\u1edbi 290*210mm. (B\u1ed9 phim n\u00e0y g\u1ed3m 3 t\u1ea5m phim ACF. K\u00edch th\u01b0\u1edbc c\u1ee7a b\u1ed9 phim ACF n\u00e0y l\u00e0 290x210x0.3mm)<br \/>\n_V\u1eacT LI\u1ec6U CH\u1ea4T L\u01af\u1ee2NG CAO: Phim ACF Release \u0111\u01b0\u1ee3c l\u00e0m b\u1eb1ng v\u1eadt li\u1ec7u ch\u1ea5t l\u01b0\u1ee3ng cao. M\u1eb7t nh\u1ea3 nh\u1eb5n \u0111\u01b0\u1ee3c ph\u1ee7 m\u1ed9t l\u1edbp m\u00e0ng b\u1ea3o v\u1ec7 m\u00e0u xanh lam, c\u1ea7n ph\u1ea3i th\u00e1o ra tr\u01b0\u1edbc khi s\u1eed d\u1ee5ng. M\u1eb7t nh\u1ea3 tr\u01a1n l\u00e0 m\u1eb7t ti\u1ebfp x\u00fac v\u1edbi nh\u1ef1a trong qu\u00e1 tr\u00ecnh s\u1eed d\u1ee5ng. Khi l\u1eafp v\u00e0 th\u00e1o m\u00e0ng b\u1ea3o v\u1ec7 m\u00e0u xanh lam, vui l\u00f2ng \u0111\u1eb7t m\u00e0ng nh\u1ea3 ACF ph\u1eb3ng tr\u00ean b\u00e0n s\u1ea1ch \u0111\u1ec3 tr\u00e1nh t\u1ea1o n\u1ebfp nh\u0103n tr\u00ean b\u1ec1 m\u1eb7t m\u00e0ng nh\u1ea3. M\u1eb7t sau m\u1edd \u0111\u1ed1i di\u1ec7n v\u1edbi m\u00e0n h\u00ecnh LCD.<br \/>\n_Bi\u1ebfn \u0111\u1ed9ng nh\u1ecf h\u01a1n: So v\u1edbi phim Release NFEP v\u00e0 FEP, phim ACF Release c\u00f3 l\u1ef1c nh\u1ea3 \u00edt h\u01a1n v\u00e0 \u00edt bi\u1ebfn d\u1ea1ng m\u00e0ng h\u01a1n trong qu\u00e1 tr\u00ecnh in, \u0111i\u1ec1u n\u00e0y c\u00f3 th\u1ec3 c\u1ea3i thi\u1ec7n t\u1ef7 l\u1ec7 in th\u00e0nh c\u00f4ng v\u00e0 hi\u1ec7u su\u1ea5t chi ti\u1ebft c\u1ee7a m\u00f4 h\u00ecnh.<\/p>\n<p>T\u1ed1c \u0111\u1ed9 v\u00e0 \u0111\u1ed9 b\u1ec1n cao h\u01a1n: ACF c\u00f3 l\u1ef1c nh\u1ea3 th\u1ea5p h\u01a1n, cho ph\u00e9p n\u00f3 h\u1ed7 tr\u1ee3 t\u1ed1c \u0111\u1ed9 in cao h\u01a1n. \u0110\u1ed3ng th\u1eddi, \u0111\u1ed9 bi\u1ebfn d\u1ea1ng nh\u1ecf h\u01a1n c\u1ee7a nh\u1ef1a trong qu\u00e1 tr\u00ecnh \u0111\u00f3ng r\u1eafn cho ph\u00e9p in \u0111\u1eb9p h\u01a1n v\u00e0 tu\u1ed5i th\u1ecd d\u00e0i h\u01a1n.<\/p>\n<p>Ch\u1ecbu nhi\u1ec7t \u0111\u1ed9 cao: ACFfilm c\u00f3 kh\u1ea3 n\u0103ng ch\u1ecbu nhi\u1ec7t cao h\u01a1n nFEP v\u00e0 FEP, c\u00f3 kh\u1ea3 n\u0103ng ho\u1ea1t \u0111\u1ed9ng \u1ed5n \u0111\u1ecbnh l\u00e2u d\u00e0i \u1edf nhi\u1ec7t \u0111\u1ed9 500\u00b0F\/260\u00b0C v\u1edbi nhi\u1ec7t \u0111\u1ed9 n\u00f3ng ch\u1ea3y l\u00e0 580\u00b0F\/305\u00b0C.<\/p>\n<p>***S\u1eed d\u1ee5ng cho c\u00e1c m\u00e1y in 3d LCD ANYCUBIC Photon M5S 12K, Saturn 3 Ultra, Halot Mage Pro&#8230; ho\u1eb7c c\u00e1c m\u00e1y c\u00f3 sile nh\u1ecf h\u01a1n 290*210*0.3mm nh\u01b0 Elegoo Mars 4 Ultra (size 225*160mm)&#8230;.<\/p>\n<p>**To receive a better price, please contact the shop directly.<br \/>\n0913.939.775 contact A.Quan (for English)<br \/>\n094.144.0951 contact A.Quynh<br \/>\n**Selling price does not include VAT (+10% if VAT invoice is issued)<\/p>","protected":false},"excerpt":{"rendered":"<p>ACF High Speed Release Film for ANYCUBIC Photon M5S 12K LCD 3d printer, Saturn 3 Ultra, Halot Mage Pro\u2026290*210*0.3mm<\/p>","protected":false},"featured_media":4183,"comment_status":"open","ping_status":"closed","template":"","meta":{"inline_featured_image":false},"product_brand":[],"product_cat":[457,40,56],"product_tag":[],"class_list":{"0":"post-4192","1":"product","2":"type-product","3":"status-publish","4":"has-post-thumbnail","6":"product_cat-linh-kien-may-in-3d-resin","7":"product_cat-linh-kien-va-phu-kien","8":"product_cat-linh-phu-kien-may-in-3d-creality","10":"first","11":"instock","12":"taxable","13":"shipping-taxable","14":"purchasable","15":"product-type-variable"},"yoast_head":"<!-- This site is optimized with the Yoast SEO Premium plugin v22.8 (Yoast SEO v26.9) - https:\/\/yoast.com\/product\/yoast-seo-premium-wordpress\/ -->\n<title>ACF High Speed Release Film cho m\u00e1y in 3d LCD ANYCUBIC Photon M5S 12K, Saturn 3 Ultra, Halot Mage Pro...290*210*0.3mm - NGE 3D Printers Services<\/title>\n<meta name=\"robots\" content=\"index, follow, max-snippet:-1, max-image-preview:large, max-video-preview:-1\" \/>\n<link rel=\"canonical\" href=\"https:\/\/nge.vn\/en\/product\/acf-high-speed-release-film-cho-may-in-3d-lcd-anycubic-photon-m5s-12k-saturn-3-ultra-halot-mage-pro-2902100-3mm\/\" \/>\n<meta property=\"og:locale\" content=\"en_US\" \/>\n<meta property=\"og:type\" content=\"article\" \/>\n<meta property=\"og:title\" content=\"ACF High Speed Release Film cho m\u00e1y in 3d LCD ANYCUBIC Photon M5S 12K, Saturn 3 Ultra, Halot Mage Pro...290*210*0.3mm\" \/>\n<meta property=\"og:description\" content=\"ACF High Speed Release Film cho m\u00e1y in 3d LCD ANYCUBIC Photon M5S 12K, Saturn 3 Ultra, Halot Mage Pro...290*210*0.3mm\" \/>\n<meta property=\"og:url\" content=\"https:\/\/nge.vn\/en\/product\/acf-high-speed-release-film-cho-may-in-3d-lcd-anycubic-photon-m5s-12k-saturn-3-ultra-halot-mage-pro-2902100-3mm\/\" \/>\n<meta property=\"og:site_name\" content=\"NGE 3D Printers Services\" \/>\n<meta property=\"article:modified_time\" content=\"2024-12-30T08:46:48+00:00\" \/>\n<meta property=\"og:image\" content=\"https:\/\/nge.vn\/wp-content\/uploads\/2024\/10\/images-upload-woo2F93a5dbef65ae02ea9eece16d9716c24a.jpg\" \/>\n\t<meta property=\"og:image:width\" content=\"1024\" \/>\n\t<meta property=\"og:image:height\" content=\"1024\" \/>\n\t<meta property=\"og:image:type\" content=\"image\/jpeg\" \/>\n<meta name=\"twitter:card\" content=\"summary_large_image\" \/>\n<meta name=\"twitter:label1\" content=\"Est. reading time\" \/>\n\t<meta name=\"twitter:data1\" content=\"3 minutes\" \/>\n<script type=\"application\/ld+json\" class=\"yoast-schema-graph\">{\"@context\":\"https:\/\/schema.org\",\"@graph\":[{\"@type\":\"WebPage\",\"@id\":\"https:\/\/nge.vn\/san-pham\/acf-high-speed-release-film-cho-may-in-3d-lcd-anycubic-photon-m5s-12k-saturn-3-ultra-halot-mage-pro-2902100-3mm\/\",\"url\":\"https:\/\/nge.vn\/san-pham\/acf-high-speed-release-film-cho-may-in-3d-lcd-anycubic-photon-m5s-12k-saturn-3-ultra-halot-mage-pro-2902100-3mm\/\",\"name\":\"ACF High Speed Release Film cho m\u00e1y in 3d LCD ANYCUBIC Photon M5S 12K, Saturn 3 Ultra, Halot Mage Pro...290*210*0.3mm - NGE 3D Printers Services\",\"isPartOf\":{\"@id\":\"https:\/\/nge.vn\/#website\"},\"primaryImageOfPage\":{\"@id\":\"https:\/\/nge.vn\/san-pham\/acf-high-speed-release-film-cho-may-in-3d-lcd-anycubic-photon-m5s-12k-saturn-3-ultra-halot-mage-pro-2902100-3mm\/#primaryimage\"},\"image\":{\"@id\":\"https:\/\/nge.vn\/san-pham\/acf-high-speed-release-film-cho-may-in-3d-lcd-anycubic-photon-m5s-12k-saturn-3-ultra-halot-mage-pro-2902100-3mm\/#primaryimage\"},\"thumbnailUrl\":\"https:\/\/nge.vn\/wp-content\/uploads\/2024\/10\/images-upload-woo2F93a5dbef65ae02ea9eece16d9716c24a.jpg\",\"datePublished\":\"2024-10-26T10:21:01+00:00\",\"dateModified\":\"2024-12-30T08:46:48+00:00\",\"breadcrumb\":{\"@id\":\"https:\/\/nge.vn\/san-pham\/acf-high-speed-release-film-cho-may-in-3d-lcd-anycubic-photon-m5s-12k-saturn-3-ultra-halot-mage-pro-2902100-3mm\/#breadcrumb\"},\"inLanguage\":\"en-US\",\"potentialAction\":[{\"@type\":\"ReadAction\",\"target\":[\"https:\/\/nge.vn\/san-pham\/acf-high-speed-release-film-cho-may-in-3d-lcd-anycubic-photon-m5s-12k-saturn-3-ultra-halot-mage-pro-2902100-3mm\/\"]}]},{\"@type\":\"ImageObject\",\"inLanguage\":\"en-US\",\"@id\":\"https:\/\/nge.vn\/san-pham\/acf-high-speed-release-film-cho-may-in-3d-lcd-anycubic-photon-m5s-12k-saturn-3-ultra-halot-mage-pro-2902100-3mm\/#primaryimage\",\"url\":\"https:\/\/nge.vn\/wp-content\/uploads\/2024\/10\/images-upload-woo2F93a5dbef65ae02ea9eece16d9716c24a.jpg\",\"contentUrl\":\"https:\/\/nge.vn\/wp-content\/uploads\/2024\/10\/images-upload-woo2F93a5dbef65ae02ea9eece16d9716c24a.jpg\",\"width\":1024,\"height\":1024},{\"@type\":\"BreadcrumbList\",\"@id\":\"https:\/\/nge.vn\/san-pham\/acf-high-speed-release-film-cho-may-in-3d-lcd-anycubic-photon-m5s-12k-saturn-3-ultra-halot-mage-pro-2902100-3mm\/#breadcrumb\",\"itemListElement\":[{\"@type\":\"ListItem\",\"position\":1,\"name\":\"Trang ch\u1ee7\",\"item\":\"https:\/\/nge.vn\/\"},{\"@type\":\"ListItem\",\"position\":2,\"name\":\"S\u1ea3n ph\u1ea9m\",\"item\":\"https:\/\/nge.vn\/san-pham\/\"},{\"@type\":\"ListItem\",\"position\":3,\"name\":\"ACF High Speed Release Film cho m\u00e1y in 3d LCD ANYCUBIC Photon M5S 12K, Saturn 3 Ultra, Halot Mage Pro&#8230;290*210*0.3mm\"}]},{\"@type\":\"WebSite\",\"@id\":\"https:\/\/nge.vn\/#website\",\"url\":\"https:\/\/nge.vn\/\",\"name\":\"NGE 3D Printers Services\",\"description\":\"\",\"potentialAction\":[{\"@type\":\"SearchAction\",\"target\":{\"@type\":\"EntryPoint\",\"urlTemplate\":\"https:\/\/nge.vn\/?s={search_term_string}\"},\"query-input\":{\"@type\":\"PropertyValueSpecification\",\"valueRequired\":true,\"valueName\":\"search_term_string\"}}],\"inLanguage\":\"en-US\"}]}<\/script>\n<!-- \/ Yoast SEO Premium plugin. -->","yoast_head_json":{"title":"ACF High Speed Release Film cho m\u00e1y in 3d LCD ANYCUBIC Photon M5S 12K, Saturn 3 Ultra, Halot Mage Pro...290*210*0.3mm - NGE 3D Printers Services","robots":{"index":"index","follow":"follow","max-snippet":"max-snippet:-1","max-image-preview":"max-image-preview:large","max-video-preview":"max-video-preview:-1"},"canonical":"https:\/\/nge.vn\/en\/product\/acf-high-speed-release-film-cho-may-in-3d-lcd-anycubic-photon-m5s-12k-saturn-3-ultra-halot-mage-pro-2902100-3mm\/","og_locale":"en_US","og_type":"article","og_title":"ACF High Speed Release Film cho m\u00e1y in 3d LCD ANYCUBIC Photon M5S 12K, Saturn 3 Ultra, Halot Mage Pro...290*210*0.3mm","og_description":"ACF High Speed Release Film cho m\u00e1y in 3d LCD ANYCUBIC Photon M5S 12K, Saturn 3 Ultra, Halot Mage Pro...290*210*0.3mm","og_url":"https:\/\/nge.vn\/en\/product\/acf-high-speed-release-film-cho-may-in-3d-lcd-anycubic-photon-m5s-12k-saturn-3-ultra-halot-mage-pro-2902100-3mm\/","og_site_name":"NGE 3D Printers Services","article_modified_time":"2024-12-30T08:46:48+00:00","og_image":[{"width":1024,"height":1024,"url":"https:\/\/nge.vn\/wp-content\/uploads\/2024\/10\/images-upload-woo2F93a5dbef65ae02ea9eece16d9716c24a.jpg","type":"image\/jpeg"}],"twitter_card":"summary_large_image","twitter_misc":{"Est. reading time":"3 minutes"},"schema":{"@context":"https:\/\/schema.org","@graph":[{"@type":"WebPage","@id":"https:\/\/nge.vn\/san-pham\/acf-high-speed-release-film-cho-may-in-3d-lcd-anycubic-photon-m5s-12k-saturn-3-ultra-halot-mage-pro-2902100-3mm\/","url":"https:\/\/nge.vn\/san-pham\/acf-high-speed-release-film-cho-may-in-3d-lcd-anycubic-photon-m5s-12k-saturn-3-ultra-halot-mage-pro-2902100-3mm\/","name":"ACF High Speed Release Film cho m\u00e1y in 3d LCD ANYCUBIC Photon M5S 12K, Saturn 3 Ultra, Halot Mage Pro...290*210*0.3mm - NGE 3D Printers Services","isPartOf":{"@id":"https:\/\/nge.vn\/#website"},"primaryImageOfPage":{"@id":"https:\/\/nge.vn\/san-pham\/acf-high-speed-release-film-cho-may-in-3d-lcd-anycubic-photon-m5s-12k-saturn-3-ultra-halot-mage-pro-2902100-3mm\/#primaryimage"},"image":{"@id":"https:\/\/nge.vn\/san-pham\/acf-high-speed-release-film-cho-may-in-3d-lcd-anycubic-photon-m5s-12k-saturn-3-ultra-halot-mage-pro-2902100-3mm\/#primaryimage"},"thumbnailUrl":"https:\/\/nge.vn\/wp-content\/uploads\/2024\/10\/images-upload-woo2F93a5dbef65ae02ea9eece16d9716c24a.jpg","datePublished":"2024-10-26T10:21:01+00:00","dateModified":"2024-12-30T08:46:48+00:00","breadcrumb":{"@id":"https:\/\/nge.vn\/san-pham\/acf-high-speed-release-film-cho-may-in-3d-lcd-anycubic-photon-m5s-12k-saturn-3-ultra-halot-mage-pro-2902100-3mm\/#breadcrumb"},"inLanguage":"en-US","potentialAction":[{"@type":"ReadAction","target":["https:\/\/nge.vn\/san-pham\/acf-high-speed-release-film-cho-may-in-3d-lcd-anycubic-photon-m5s-12k-saturn-3-ultra-halot-mage-pro-2902100-3mm\/"]}]},{"@type":"ImageObject","inLanguage":"en-US","@id":"https:\/\/nge.vn\/san-pham\/acf-high-speed-release-film-cho-may-in-3d-lcd-anycubic-photon-m5s-12k-saturn-3-ultra-halot-mage-pro-2902100-3mm\/#primaryimage","url":"https:\/\/nge.vn\/wp-content\/uploads\/2024\/10\/images-upload-woo2F93a5dbef65ae02ea9eece16d9716c24a.jpg","contentUrl":"https:\/\/nge.vn\/wp-content\/uploads\/2024\/10\/images-upload-woo2F93a5dbef65ae02ea9eece16d9716c24a.jpg","width":1024,"height":1024},{"@type":"BreadcrumbList","@id":"https:\/\/nge.vn\/san-pham\/acf-high-speed-release-film-cho-may-in-3d-lcd-anycubic-photon-m5s-12k-saturn-3-ultra-halot-mage-pro-2902100-3mm\/#breadcrumb","itemListElement":[{"@type":"ListItem","position":1,"name":"Trang ch\u1ee7","item":"https:\/\/nge.vn\/"},{"@type":"ListItem","position":2,"name":"S\u1ea3n ph\u1ea9m","item":"https:\/\/nge.vn\/san-pham\/"},{"@type":"ListItem","position":3,"name":"ACF High Speed Release Film cho m\u00e1y in 3d LCD ANYCUBIC Photon M5S 12K, Saturn 3 Ultra, Halot Mage Pro&#8230;290*210*0.3mm"}]},{"@type":"WebSite","@id":"https:\/\/nge.vn\/#website","url":"https:\/\/nge.vn\/","name":"NGE 3D Printers Services","description":"","potentialAction":[{"@type":"SearchAction","target":{"@type":"EntryPoint","urlTemplate":"https:\/\/nge.vn\/?s={search_term_string}"},"query-input":{"@type":"PropertyValueSpecification","valueRequired":true,"valueName":"search_term_string"}}],"inLanguage":"en-US"}]}},"_links":{"self":[{"href":"https:\/\/nge.vn\/en\/wp-json\/wp\/v2\/product\/4192","targetHints":{"allow":["GET"]}}],"collection":[{"href":"https:\/\/nge.vn\/en\/wp-json\/wp\/v2\/product"}],"about":[{"href":"https:\/\/nge.vn\/en\/wp-json\/wp\/v2\/types\/product"}],"replies":[{"embeddable":true,"href":"https:\/\/nge.vn\/en\/wp-json\/wp\/v2\/comments?post=4192"}],"wp:featuredmedia":[{"embeddable":true,"href":"https:\/\/nge.vn\/en\/wp-json\/wp\/v2\/media\/4183"}],"wp:attachment":[{"href":"https:\/\/nge.vn\/en\/wp-json\/wp\/v2\/media?parent=4192"}],"wp:term":[{"taxonomy":"product_brand","embeddable":true,"href":"https:\/\/nge.vn\/en\/wp-json\/wp\/v2\/product_brand?post=4192"},{"taxonomy":"product_cat","embeddable":true,"href":"https:\/\/nge.vn\/en\/wp-json\/wp\/v2\/product_cat?post=4192"},{"taxonomy":"product_tag","embeddable":true,"href":"https:\/\/nge.vn\/en\/wp-json\/wp\/v2\/product_tag?post=4192"}],"curies":[{"name":"wp","href":"https:\/\/api.w.org\/{rel}","templated":true}]}}