{"id":418,"date":"2024-10-25T12:19:01","date_gmt":"2024-10-25T05:19:01","guid":{"rendered":"https:\/\/nge.123websitedev.com\/san-pham\/may-in-3d-resin-creality-halot-lite-kho-in-192120200mm\/"},"modified":"2024-10-28T15:44:41","modified_gmt":"2024-10-28T08:44:41","slug":"may-in-3d-resin-creality-halot-lite-kho-in-192120200mm","status":"publish","type":"product","link":"https:\/\/nge.vn\/en\/product\/may-in-3d-resin-creality-halot-lite-kho-in-192120200mm\/","title":{"rendered":"Creality HALOT LITE resin 3D printer printing size 192*120*200mm"},"content":{"rendered":"<p>Creality HALOT LITE resin 3D printer printing size 192*120*200mm<br \/>\n_Ngu\u1ed3n s\u00e1ng t\u00edch h\u1ee3p t\u1ef1 ph\u00e1t tri\u1ec3n c\u1ee7a HALOT-LITE gi\u00fap ph\u00e2n b\u1ed1 c\u01b0\u1eddng \u0111\u1ed9 \u00e1nh s\u00e1ng c\u1ee7a to\u00e0n m\u00e0n h\u00ecnh v\u00e0 t\u1eebng chi\u1ec1u c\u1ee7a m\u00f4 h\u00ecnh \u0111\u1ed3ng nh\u1ea5t v\u1edbi \u0111\u1ed9 ch\u00ednh x\u00e1c nh\u1ea5t qu\u00e1n. M\u00e0n h\u00ecnh LCD \u0111\u01a1n s\u1eafc 8,9 &#8220;, K\u00edch th\u01b0\u1edbc in l\u1edbn 192 * 120 * 200mm.<br \/>\n**T\u00e1m y\u1ebfu t\u1ed1 c\u1ed1t l\u00f5i<br \/>\n+Ngu\u1ed3n s\u00e1ng t\u00edch h\u1ee3p c\u00f3 \u0111\u1ed9 ch\u00ednh x\u00e1c cao<br \/>\n+Bo m\u1ea1ch ch\u1ee7 hi\u1ec7u su\u1ea5t cao<br \/>\n+K\u00edch th\u01b0\u1edbc in l\u1edbn 192*120*200mm<br \/>\n+M\u00e0n h\u00ecnh LCD Monochrome \u0111\u01a1n s\u1eafc 8,9&#8243;<br \/>\n+\u0110i\u1ec1u khi\u1ec3n t\u1eeb xa Wi-Fi \/ APP<br \/>\n+M\u00e0n h\u00ecnh c\u1ea3m \u1ee9ng 5.0&#8243;<br \/>\n+C\u1eaft l\u00e1t hi\u1ec7u qu\u1ea3 cao<br \/>\n+H\u1ec7 th\u1ed1ng l\u00e0m m\u00e1t &amp; l\u1ecdc<\/p>\n<p>**Ngu\u1ed3n s\u00e1ng t\u00edch h\u1ee3p, \u0111\u1ed9 ch\u00ednh x\u00e1c v\u00e0 \u0111\u1ed3ng nh\u1ea5t cao<br \/>\n+Ngu\u1ed3n s\u00e1ng t\u00edch h\u1ee3p t\u1ef1 ph\u00e1t tri\u1ec3n s\u1eed d\u1ee5ng ph\u1ea3n x\u1ea1 &amp; kh\u00fac x\u1ea1 \u0111\u1ec3 l\u00e0m cho ph\u00e2n b\u1ed1 c\u01b0\u1eddng \u0111\u1ed9 \u00e1nh s\u00e1ng c\u1ee7a to\u00e0n m\u00e0n h\u00ecnh \u0111\u1ed3ng nh\u1ea5t v\u00e0 t\u1eebng k\u00edch th\u01b0\u1edbc c\u1ee7a m\u00f4 h\u00ecnh v\u1edbi \u0111\u1ed9 ch\u00ednh x\u00e1c nh\u1ea5t qu\u00e1n.<\/p>\n<p>**Ngu\u1ed3n s\u00e1ng t\u00edch h\u1ee3p VS Ngu\u1ed3n s\u00e1ng ma tr\u1eadn<br \/>\n_Ngu\u1ed3n s\u00e1ng t\u00edch h\u1ee3p: N\u00f3 bao g\u1ed3m 12 h\u1ea1t \u0111\u00e8n v\u00e0 m\u1ed7i h\u1ea1t \u0111\u00e8n e bao g\u1ed3m 4 chip ph\u00e1t s\u00e1ng, \u0111\u1ed9 \u0111\u1ed3ng \u0111\u1ec1u c\u1ee7a n\u0103ng l\u01b0\u1ee3ng ngu\u1ed3n s\u00e1ng c\u00f3 th\u1ec3 \u0111\u1ea1t h\u01a1n 80%. Khi c\u00e1c h\u1ea1t \u0111\u00e8n ri\u00eang l\u1ebb b\u1ecb suy gi\u1ea3m, t\u00ednh \u0111\u1ed3ng nh\u1ea5t c\u1ee7a m\u00f4 h\u00ecnh in e kh\u00f4ng b\u1ecb \u1ea3nh h\u01b0\u1edfng.<br \/>\n_Ngu\u1ed3n s\u00e1ng th\u00f4ng th\u01b0\u1eddng: G\u1ed3m nhi\u1ec1u h\u1ea1t \u0111\u00e8n t\u1eed ngo\u1ea1i x\u1ebfp \u0111\u1ec1u th\u00e0nh m\u1ed9t h\u00e0ng. C\u01b0\u1eddng \u0111\u1ed9 \u00e1nh s\u00e1ng c\u1ee7a khu v\u1ef1c gh\u00e9p h\u1ea1t \u0111\u00e8n kh\u00f4ng \u0111\u1ed3ng \u0111\u1ec1u v\u00e0 vi\u1ec7c h\u1ecfng h\u1ea1t \u0111\u00e8n c\u00f3 \u1ea3nh h\u01b0\u1edfng l\u1edbn h\u01a1n \u0111\u1ebfn \u0111\u1ed9 \u0111\u1ed3ng \u0111\u1ec1u c\u1ee7a m\u00f4 h\u00ecnh in.<\/p>\n<p>**\u0110i\u1ec1u khi\u1ec3n t\u1eeb xa Wi-Fi \/ APP<br \/>\n_Creality Cloud APP \u0111\u1ec3 theo d\u00f5i ti\u1ebfn \u0111\u1ed9 in, \u0111i\u1ec1u ch\u1ec9nh c\u00e0i \u0111\u1eb7t in, B\u1eaft \u0111\u1ea7u \/ D\u1eebng b\u1ea3n in.<br \/>\n_Wi-Fi t\u00edch h\u1ee3p cho ph\u00e9p n\u00e2ng c\u1ea5p ch\u01b0\u01a1ng tr\u00ecnh c\u01a1 s\u1edf b\u1eb1ng m\u1ed9t c\u00fa nh\u1ea5p chu\u1ed9t.<\/p>\n<p>**T\u1ea3n nhi\u1ec7t k\u00e9p, thanh l\u1ecdc hi\u1ec7u qu\u1ea3<br \/>\n_H\u1ec7 th\u1ed1ng t\u1ea3n nhi\u1ec7t k\u00e9p \u0111\u01b0\u1ee3c thi\u1ebft k\u1ebf \u0111\u1eb7c bi\u1ec7t, \u0111i\u1ec1u khi\u1ec3n ch\u00ednh x\u00e1c v\u00e0 th\u00f4ng minh \u0111\u1ec3 ph\u00e1t hi\u1ec7n ngu\u1ed3n nhi\u1ec7t v\u00e0 tho\u00e1t nhi\u1ec7t nhanh ch\u00f3ng.<br \/>\n_H\u1ec7 th\u1ed1ng l\u1ecdc kh\u00ed b\u1eb1ng than ho\u1ea1t t\u00ednh \u0111\u1ec3 gi\u1ea3m ph\u00e1t th\u1ea3i m\u00f9i v\u00e0 t\u1ed1i \u01b0u h\u00f3a tr\u1ea3i nghi\u1ec7m in \u1ea5n.<\/p>\n<p>**Th\u00f4ng s\u1ed1 s\u1ea3n ph\u1ea9m<br \/>\n+LCD Pixel: 3840*2400<br \/>\n+LCD screen: 8.9&#8243; monochrome<br \/>\n+Light Source: Integral Light Source<br \/>\n+Printing size: 192*120*200mm<br \/>\n+XY-axis precision: 0.05mm<br \/>\n+Printing speed: 1-4s\/layer<br \/>\n+Layer Thickness: 0.01-0.2mm<br \/>\n+Interaction Screen: 5&#8221; color touch screen<br \/>\n+Material: 405nm UV Resin<br \/>\n+Auto-leveling: Easy manual leveling<br \/>\n+Input power: 100-240V<br \/>\n+Machine size: 330*301*572mm<br \/>\n+Machine Weight: 10.6kg<\/p>\n<p>**\u0110\u1ec3 \u0111\u01b0\u1ee3c nh\u1eadn h\u1ed9 tr\u1ee3 th\u00eam v\u1ec1 Gi\u00e1 v\u00e0 Th\u00f4ng tin c\u1ee7a s\u1ea3n ph\u1ea9m, vui l\u00f2ng li\u00ean h\u1ec7:<br \/>\n    0913.939.775 g\u1eb7p A. Qu\u00e2n (for English)<br \/>\n    094.144.0951 contact A.Quynh<br \/>\n**Selling price does not include VAT (+10% if VAT invoice is issued)<\/p>","protected":false},"excerpt":{"rendered":"<p>Creality HALOT LITE resin 3D printer printing size 192*120*200mm<\/p>","protected":false},"featured_media":409,"comment_status":"open","ping_status":"closed","template":"","meta":{"inline_featured_image":false},"product_brand":[],"product_cat":[39,51],"product_tag":[],"class_list":{"0":"post-418","1":"product","2":"type-product","3":"status-publish","4":"has-post-thumbnail","6":"product_cat-may-in-3d","7":"product_cat-may-in-3d-creality","9":"first","10":"instock","11":"taxable","12":"shipping-taxable","13":"purchasable","14":"product-type-simple"},"yoast_head":"<!-- This site is optimized with the Yoast SEO Premium plugin v22.8 (Yoast SEO v26.9) - https:\/\/yoast.com\/product\/yoast-seo-premium-wordpress\/ -->\n<title>M\u00e1y in 3D resin Creality HALOT LITE kh\u1ed5 in 192*120*200mm - NGE 3D Printers Services<\/title>\n<meta name=\"robots\" content=\"index, follow, max-snippet:-1, max-image-preview:large, max-video-preview:-1\" \/>\n<link rel=\"canonical\" href=\"https:\/\/nge.vn\/en\/product\/may-in-3d-resin-creality-halot-lite-kho-in-192120200mm\/\" \/>\n<meta property=\"og:locale\" content=\"en_US\" \/>\n<meta property=\"og:type\" content=\"article\" \/>\n<meta property=\"og:title\" content=\"M\u00e1y in 3D resin Creality HALOT LITE kh\u1ed5 in 192*120*200mm\" \/>\n<meta property=\"og:description\" content=\"M\u00e1y in 3D resin Creality HALOT LITE kh\u1ed5 in 192*120*200mm\" \/>\n<meta property=\"og:url\" content=\"https:\/\/nge.vn\/en\/product\/may-in-3d-resin-creality-halot-lite-kho-in-192120200mm\/\" \/>\n<meta property=\"og:site_name\" content=\"NGE 3D Printers Services\" \/>\n<meta property=\"article:modified_time\" content=\"2024-10-28T08:44:41+00:00\" \/>\n<meta property=\"og:image\" content=\"https:\/\/nge.vn\/wp-content\/uploads\/2024\/10\/images-upload-woo2Fc8a90da93c665166a26cd8c38af08860.jpg\" \/>\n\t<meta property=\"og:image:width\" content=\"1000\" \/>\n\t<meta property=\"og:image:height\" content=\"1000\" \/>\n\t<meta property=\"og:image:type\" content=\"image\/jpeg\" \/>\n<meta name=\"twitter:card\" content=\"summary_large_image\" \/>\n<meta name=\"twitter:label1\" content=\"Est. reading time\" \/>\n\t<meta name=\"twitter:data1\" content=\"3 minutes\" \/>\n<script type=\"application\/ld+json\" class=\"yoast-schema-graph\">{\"@context\":\"https:\/\/schema.org\",\"@graph\":[{\"@type\":\"WebPage\",\"@id\":\"https:\/\/nge.vn\/san-pham\/may-in-3d-resin-creality-halot-lite-kho-in-192120200mm\/\",\"url\":\"https:\/\/nge.vn\/san-pham\/may-in-3d-resin-creality-halot-lite-kho-in-192120200mm\/\",\"name\":\"M\u00e1y in 3D resin Creality HALOT LITE kh\u1ed5 in 192*120*200mm - NGE 3D Printers Services\",\"isPartOf\":{\"@id\":\"https:\/\/nge.vn\/#website\"},\"primaryImageOfPage\":{\"@id\":\"https:\/\/nge.vn\/san-pham\/may-in-3d-resin-creality-halot-lite-kho-in-192120200mm\/#primaryimage\"},\"image\":{\"@id\":\"https:\/\/nge.vn\/san-pham\/may-in-3d-resin-creality-halot-lite-kho-in-192120200mm\/#primaryimage\"},\"thumbnailUrl\":\"https:\/\/nge.vn\/wp-content\/uploads\/2024\/10\/images-upload-woo2Fc8a90da93c665166a26cd8c38af08860.jpg\",\"datePublished\":\"2024-10-25T05:19:01+00:00\",\"dateModified\":\"2024-10-28T08:44:41+00:00\",\"breadcrumb\":{\"@id\":\"https:\/\/nge.vn\/san-pham\/may-in-3d-resin-creality-halot-lite-kho-in-192120200mm\/#breadcrumb\"},\"inLanguage\":\"en-US\",\"potentialAction\":[{\"@type\":\"ReadAction\",\"target\":[\"https:\/\/nge.vn\/san-pham\/may-in-3d-resin-creality-halot-lite-kho-in-192120200mm\/\"]}]},{\"@type\":\"ImageObject\",\"inLanguage\":\"en-US\",\"@id\":\"https:\/\/nge.vn\/san-pham\/may-in-3d-resin-creality-halot-lite-kho-in-192120200mm\/#primaryimage\",\"url\":\"https:\/\/nge.vn\/wp-content\/uploads\/2024\/10\/images-upload-woo2Fc8a90da93c665166a26cd8c38af08860.jpg\",\"contentUrl\":\"https:\/\/nge.vn\/wp-content\/uploads\/2024\/10\/images-upload-woo2Fc8a90da93c665166a26cd8c38af08860.jpg\",\"width\":1000,\"height\":1000},{\"@type\":\"BreadcrumbList\",\"@id\":\"https:\/\/nge.vn\/san-pham\/may-in-3d-resin-creality-halot-lite-kho-in-192120200mm\/#breadcrumb\",\"itemListElement\":[{\"@type\":\"ListItem\",\"position\":1,\"name\":\"Trang ch\u1ee7\",\"item\":\"https:\/\/nge.vn\/\"},{\"@type\":\"ListItem\",\"position\":2,\"name\":\"S\u1ea3n ph\u1ea9m\",\"item\":\"https:\/\/nge.vn\/san-pham\/\"},{\"@type\":\"ListItem\",\"position\":3,\"name\":\"M\u00e1y in 3D resin Creality HALOT LITE kh\u1ed5 in 192*120*200mm\"}]},{\"@type\":\"WebSite\",\"@id\":\"https:\/\/nge.vn\/#website\",\"url\":\"https:\/\/nge.vn\/\",\"name\":\"NGE 3D Printers Services\",\"description\":\"\",\"potentialAction\":[{\"@type\":\"SearchAction\",\"target\":{\"@type\":\"EntryPoint\",\"urlTemplate\":\"https:\/\/nge.vn\/?s={search_term_string}\"},\"query-input\":{\"@type\":\"PropertyValueSpecification\",\"valueRequired\":true,\"valueName\":\"search_term_string\"}}],\"inLanguage\":\"en-US\"}]}<\/script>\n<!-- \/ Yoast SEO Premium plugin. -->","yoast_head_json":{"title":"M\u00e1y in 3D resin Creality HALOT LITE kh\u1ed5 in 192*120*200mm - NGE 3D Printers Services","robots":{"index":"index","follow":"follow","max-snippet":"max-snippet:-1","max-image-preview":"max-image-preview:large","max-video-preview":"max-video-preview:-1"},"canonical":"https:\/\/nge.vn\/en\/product\/may-in-3d-resin-creality-halot-lite-kho-in-192120200mm\/","og_locale":"en_US","og_type":"article","og_title":"M\u00e1y in 3D resin Creality HALOT LITE kh\u1ed5 in 192*120*200mm","og_description":"M\u00e1y in 3D resin Creality HALOT LITE kh\u1ed5 in 192*120*200mm","og_url":"https:\/\/nge.vn\/en\/product\/may-in-3d-resin-creality-halot-lite-kho-in-192120200mm\/","og_site_name":"NGE 3D Printers Services","article_modified_time":"2024-10-28T08:44:41+00:00","og_image":[{"width":1000,"height":1000,"url":"https:\/\/nge.vn\/wp-content\/uploads\/2024\/10\/images-upload-woo2Fc8a90da93c665166a26cd8c38af08860.jpg","type":"image\/jpeg"}],"twitter_card":"summary_large_image","twitter_misc":{"Est. reading time":"3 minutes"},"schema":{"@context":"https:\/\/schema.org","@graph":[{"@type":"WebPage","@id":"https:\/\/nge.vn\/san-pham\/may-in-3d-resin-creality-halot-lite-kho-in-192120200mm\/","url":"https:\/\/nge.vn\/san-pham\/may-in-3d-resin-creality-halot-lite-kho-in-192120200mm\/","name":"M\u00e1y in 3D resin Creality HALOT LITE kh\u1ed5 in 192*120*200mm - NGE 3D Printers Services","isPartOf":{"@id":"https:\/\/nge.vn\/#website"},"primaryImageOfPage":{"@id":"https:\/\/nge.vn\/san-pham\/may-in-3d-resin-creality-halot-lite-kho-in-192120200mm\/#primaryimage"},"image":{"@id":"https:\/\/nge.vn\/san-pham\/may-in-3d-resin-creality-halot-lite-kho-in-192120200mm\/#primaryimage"},"thumbnailUrl":"https:\/\/nge.vn\/wp-content\/uploads\/2024\/10\/images-upload-woo2Fc8a90da93c665166a26cd8c38af08860.jpg","datePublished":"2024-10-25T05:19:01+00:00","dateModified":"2024-10-28T08:44:41+00:00","breadcrumb":{"@id":"https:\/\/nge.vn\/san-pham\/may-in-3d-resin-creality-halot-lite-kho-in-192120200mm\/#breadcrumb"},"inLanguage":"en-US","potentialAction":[{"@type":"ReadAction","target":["https:\/\/nge.vn\/san-pham\/may-in-3d-resin-creality-halot-lite-kho-in-192120200mm\/"]}]},{"@type":"ImageObject","inLanguage":"en-US","@id":"https:\/\/nge.vn\/san-pham\/may-in-3d-resin-creality-halot-lite-kho-in-192120200mm\/#primaryimage","url":"https:\/\/nge.vn\/wp-content\/uploads\/2024\/10\/images-upload-woo2Fc8a90da93c665166a26cd8c38af08860.jpg","contentUrl":"https:\/\/nge.vn\/wp-content\/uploads\/2024\/10\/images-upload-woo2Fc8a90da93c665166a26cd8c38af08860.jpg","width":1000,"height":1000},{"@type":"BreadcrumbList","@id":"https:\/\/nge.vn\/san-pham\/may-in-3d-resin-creality-halot-lite-kho-in-192120200mm\/#breadcrumb","itemListElement":[{"@type":"ListItem","position":1,"name":"Trang ch\u1ee7","item":"https:\/\/nge.vn\/"},{"@type":"ListItem","position":2,"name":"S\u1ea3n ph\u1ea9m","item":"https:\/\/nge.vn\/san-pham\/"},{"@type":"ListItem","position":3,"name":"M\u00e1y in 3D resin Creality HALOT LITE kh\u1ed5 in 192*120*200mm"}]},{"@type":"WebSite","@id":"https:\/\/nge.vn\/#website","url":"https:\/\/nge.vn\/","name":"NGE 3D Printers Services","description":"","potentialAction":[{"@type":"SearchAction","target":{"@type":"EntryPoint","urlTemplate":"https:\/\/nge.vn\/?s={search_term_string}"},"query-input":{"@type":"PropertyValueSpecification","valueRequired":true,"valueName":"search_term_string"}}],"inLanguage":"en-US"}]}},"_links":{"self":[{"href":"https:\/\/nge.vn\/en\/wp-json\/wp\/v2\/product\/418","targetHints":{"allow":["GET"]}}],"collection":[{"href":"https:\/\/nge.vn\/en\/wp-json\/wp\/v2\/product"}],"about":[{"href":"https:\/\/nge.vn\/en\/wp-json\/wp\/v2\/types\/product"}],"replies":[{"embeddable":true,"href":"https:\/\/nge.vn\/en\/wp-json\/wp\/v2\/comments?post=418"}],"wp:featuredmedia":[{"embeddable":true,"href":"https:\/\/nge.vn\/en\/wp-json\/wp\/v2\/media\/409"}],"wp:attachment":[{"href":"https:\/\/nge.vn\/en\/wp-json\/wp\/v2\/media?parent=418"}],"wp:term":[{"taxonomy":"product_brand","embeddable":true,"href":"https:\/\/nge.vn\/en\/wp-json\/wp\/v2\/product_brand?post=418"},{"taxonomy":"product_cat","embeddable":true,"href":"https:\/\/nge.vn\/en\/wp-json\/wp\/v2\/product_cat?post=418"},{"taxonomy":"product_tag","embeddable":true,"href":"https:\/\/nge.vn\/en\/wp-json\/wp\/v2\/product_tag?post=418"}],"curies":[{"name":"wp","href":"https:\/\/api.w.org\/{rel}","templated":true}]}}