{"id":4173,"date":"2024-10-26T17:17:52","date_gmt":"2024-10-26T10:17:52","guid":{"rendered":"https:\/\/nge.123websitedev.com\/san-pham\/bo-tam-ban-pei-build-plate-315310mm-with-soft-magnetic-sticker-cho-may-in-3d-creality-k1-max\/"},"modified":"2024-10-28T16:09:40","modified_gmt":"2024-10-28T09:09:40","slug":"bo-tam-ban-pei-build-plate-315310mm-with-soft-magnetic-sticker-cho-may-in-3d-creality-k1-max","status":"publish","type":"product","link":"https:\/\/nge.vn\/en\/product\/bo-tam-ban-pei-build-plate-315310mm-with-soft-magnetic-sticker-cho-may-in-3d-creality-k1-max\/","title":{"rendered":"PEI Build Plate 315*310mm With soft magnetic sticker for Creality K1 Max 3d printer"},"content":{"rendered":"<p>PEI Build Plate 315*310mm With soft magnetic sticker for Creality K1 Max 3d printer<br \/>\n_Kh\u1ea3 n\u0103ng ch\u1ecbu nhi\u1ec7t tuy\u1ec7t v\u1eddi<br \/>\n_Lo\u1ea1i b\u1ecf m\u00f4 h\u00ecnh d\u1ec5 d\u00e0ng<br \/>\n_\u0110\u1ed9 b\u1ec1n cao v\u00e0 ch\u1ed1ng m\u00e0i m\u00f2n<\/p>\n<p>_T\u1ea5m b\u00e0n K1 Max PEI Build Plate<br \/>\n+Kh\u1ea3 n\u0103ng ch\u1ecbu nhi\u1ec7t tuy\u1ec7t v\u1eddi<br \/>\n+\u0110\u1ed9 b\u1ec1n cao v\u00e0 ch\u1ed1ng m\u00e0i m\u00f2n<br \/>\n+Lo\u1ea1i b\u1ecf m\u00f4 h\u00ecnh d\u1ec5 d\u00e0ng<\/p>\n<p>_S\u01a1n t\u0129nh \u0111i\u1ec7n PEI cao c\u1ea5p<br \/>\nV\u1edbi l\u1edbp ph\u1ee7 b\u1ed9t PEI m\u1edd, ch\u1ecbu nhi\u1ec7t v\u00e0 ch\u1ecbu m\u00e0i m\u00f2n, b\u1ec1 m\u1eb7t t\u1ea5m kh\u00f4ng d\u1ec5 b\u1ecb tr\u1ea7y x\u01b0\u1edbc ho\u1eb7c h\u01b0 h\u1ecfng.<\/p>\n<p>_\u0110\u1ed9 b\u00e1m d\u00ednh c\u1ef1c cao, khu\u00f4n \u0111\u00fac \u1ed5n \u0111\u1ecbnh h\u01a1n<br \/>\nPEI k\u1ebft c\u1ea5u m\u00e0u \u0111en c\u00f3 \u0111\u1ed9 b\u00e1m d\u00ednh cao gi\u00fap m\u00f4 h\u00ecnh kh\u00f4ng b\u1ecb cong v\u00eanh khi in, d\u00f9 \u1edf nhi\u1ec7t \u0111\u1ed9 cao hay th\u1ea5p.<\/p>\n<p>_\u0110\u1ed9 ph\u1eb3ng v\u01b0\u1ee3t tr\u1ed9i<br \/>\n+Lo\u1ea1i b\u1ecf m\u00f4 h\u00ecnh d\u1ec5 d\u00e0ng<br \/>\n+Th\u00e9p l\u00f2 xo \u0111\u01b0\u1ee3c l\u1ef1a ch\u1ecdn c\u00f3 \u0111\u1ed9 ph\u1eb3ng cao, \u0111\u1ed9 \u0111\u00e0n h\u1ed3i t\u1ed1t, \u0111\u1ea3m b\u1ea3o th\u00e1o l\u1eafp m\u00f4 h\u00ecnh d\u1ec5 d\u00e0ng. N\u00f3 s\u1ebd kh\u00f4ng b\u1ecb bi\u1ebfn d\u1ea1ng sau khi b\u1ecb u\u1ed1n cong nhi\u1ec1u l\u1ea7n.<\/p>\n<p>_\u0110\u1ecbnh v\u1ecb ch\u00ednh x\u00e1c cho \u1ee9ng d\u1ee5ng nhanh h\u01a1n<br \/>\nTay c\u1ea7m k\u00e9p v\u00e0 thi\u1ebft k\u1ebf l\u1ed7 \u0111\u1ecbnh v\u1ecb gi\u00fap l\u1eafp \u0111\u1eb7t v\u00e0 s\u1eed d\u1ee5ng d\u1ec5 d\u00e0ng h\u01a1n.<\/p>\n<p>_L\u1ef1c t\u1eeb m\u1ea1nh<br \/>\n+Kh\u00f4ng d\u1ec5 b\u1ecb tr\u1eadt kh\u1edbp<br \/>\n+Mi\u1ebfng d\u00e1n t\u1eeb t\u00ednh m\u1ea1nh gi\u00fap duy tr\u00ec \u0111\u1ed9 b\u00e1m d\u00ednh cao \u1edf nhi\u1ec7t \u0111\u1ed9 cao, \u0111\u1ea3m b\u1ea3o \u0111\u1ed9 \u1ed5n \u0111\u1ecbnh khi in t\u1ed1t h\u01a1n.<\/p>\n<p>_Kh\u1ea3 n\u0103ng t\u01b0\u01a1ng th\u00edch r\u1ed9ng<br \/>\n\u00c1p d\u1ee5ng cho h\u1ea7u h\u1ebft c\u00e1c v\u1eadt li\u1ec7u nh\u01b0 PLA, ABS, ASA, PETG, TPU, PC, PA, v.v.<\/p>\n<p>_Product specifications<br \/>\n+T\u00ean s\u1ea3n ph\u1ea9m T\u1ea5m x\u00e2y d\u1ef1ng PEI<br \/>\n+Model t\u01b0\u01a1ng th\u00edch: K1 Max &amp; Ender 3 V3 PLUS&#8230; v\u00e0 v\u1edbi m\u00e1y in FDM c\u00f3 k\u00edch th\u01b0\u1edbc n\u1ec1n t\u1ea3ng 315x310mm<br \/>\n+K\u00edch th\u01b0\u1edbc 315*310mm<\/p>\n<p>**To receive a better price, please contact the shop directly.<br \/>\n     0913.939.775 contact A.Quan (for English)<br \/>\n     094.144.0951 contact A.Quynh<br \/>\n**Selling price does not include VAT (+10% if VAT invoice is issued)<\/p>","protected":false},"excerpt":{"rendered":"<p>PEI Build Plate 315*310mm With soft magnetic sticker for Creality K1 Max 3d printer<\/p>","protected":false},"featured_media":4164,"comment_status":"open","ping_status":"closed","template":"","meta":{"inline_featured_image":false},"product_brand":[],"product_cat":[40,56],"product_tag":[],"class_list":{"0":"post-4173","1":"product","2":"type-product","3":"status-publish","4":"has-post-thumbnail","6":"product_cat-linh-kien-va-phu-kien","7":"product_cat-linh-phu-kien-may-in-3d-creality","9":"first","10":"instock","11":"taxable","12":"shipping-taxable","13":"purchasable","14":"product-type-simple"},"yoast_head":"<!-- This site is optimized with the Yoast SEO Premium plugin v22.8 (Yoast SEO v26.9) - https:\/\/yoast.com\/product\/yoast-seo-premium-wordpress\/ -->\n<title>B\u1ed9 t\u1ea5m b\u00e0n PEI Build Plate 315*310mm With soft magnetic sticker cho m\u00e1y in 3d Creality K1 Max - NGE 3D Printers Services<\/title>\n<meta name=\"robots\" content=\"index, follow, max-snippet:-1, max-image-preview:large, max-video-preview:-1\" \/>\n<link rel=\"canonical\" href=\"https:\/\/nge.vn\/en\/product\/bo-tam-ban-pei-build-plate-315310mm-with-soft-magnetic-sticker-cho-may-in-3d-creality-k1-max\/\" \/>\n<meta property=\"og:locale\" content=\"en_US\" \/>\n<meta property=\"og:type\" content=\"article\" \/>\n<meta property=\"og:title\" content=\"B\u1ed9 t\u1ea5m b\u00e0n PEI Build Plate 315*310mm With soft magnetic sticker cho m\u00e1y in 3d Creality K1 Max\" \/>\n<meta property=\"og:description\" content=\"B\u1ed9 t\u1ea5m b\u00e0n PEI Build Plate 315*310mm With soft magnetic sticker cho m\u00e1y in 3d Creality K1 Max\" \/>\n<meta property=\"og:url\" content=\"https:\/\/nge.vn\/en\/product\/bo-tam-ban-pei-build-plate-315310mm-with-soft-magnetic-sticker-cho-may-in-3d-creality-k1-max\/\" \/>\n<meta property=\"og:site_name\" content=\"NGE 3D Printers Services\" \/>\n<meta property=\"article:modified_time\" content=\"2024-10-28T09:09:40+00:00\" \/>\n<meta property=\"og:image\" content=\"https:\/\/nge.vn\/wp-content\/uploads\/2024\/10\/images-upload-woo2Fa61e8f466231fcb4d117ae426c6b6219.jpg\" \/>\n\t<meta property=\"og:image:width\" content=\"826\" \/>\n\t<meta property=\"og:image:height\" content=\"826\" \/>\n\t<meta property=\"og:image:type\" content=\"image\/jpeg\" \/>\n<meta name=\"twitter:card\" content=\"summary_large_image\" \/>\n<meta name=\"twitter:label1\" content=\"Est. reading time\" \/>\n\t<meta name=\"twitter:data1\" content=\"2 minutes\" \/>\n<script type=\"application\/ld+json\" class=\"yoast-schema-graph\">{\"@context\":\"https:\/\/schema.org\",\"@graph\":[{\"@type\":\"WebPage\",\"@id\":\"https:\/\/nge.vn\/san-pham\/bo-tam-ban-pei-build-plate-315310mm-with-soft-magnetic-sticker-cho-may-in-3d-creality-k1-max\/\",\"url\":\"https:\/\/nge.vn\/san-pham\/bo-tam-ban-pei-build-plate-315310mm-with-soft-magnetic-sticker-cho-may-in-3d-creality-k1-max\/\",\"name\":\"B\u1ed9 t\u1ea5m b\u00e0n PEI Build Plate 315*310mm With soft magnetic sticker cho m\u00e1y in 3d Creality K1 Max - NGE 3D Printers Services\",\"isPartOf\":{\"@id\":\"https:\/\/nge.vn\/#website\"},\"primaryImageOfPage\":{\"@id\":\"https:\/\/nge.vn\/san-pham\/bo-tam-ban-pei-build-plate-315310mm-with-soft-magnetic-sticker-cho-may-in-3d-creality-k1-max\/#primaryimage\"},\"image\":{\"@id\":\"https:\/\/nge.vn\/san-pham\/bo-tam-ban-pei-build-plate-315310mm-with-soft-magnetic-sticker-cho-may-in-3d-creality-k1-max\/#primaryimage\"},\"thumbnailUrl\":\"https:\/\/nge.vn\/wp-content\/uploads\/2024\/10\/images-upload-woo2Fa61e8f466231fcb4d117ae426c6b6219.jpg\",\"datePublished\":\"2024-10-26T10:17:52+00:00\",\"dateModified\":\"2024-10-28T09:09:40+00:00\",\"breadcrumb\":{\"@id\":\"https:\/\/nge.vn\/san-pham\/bo-tam-ban-pei-build-plate-315310mm-with-soft-magnetic-sticker-cho-may-in-3d-creality-k1-max\/#breadcrumb\"},\"inLanguage\":\"en-US\",\"potentialAction\":[{\"@type\":\"ReadAction\",\"target\":[\"https:\/\/nge.vn\/san-pham\/bo-tam-ban-pei-build-plate-315310mm-with-soft-magnetic-sticker-cho-may-in-3d-creality-k1-max\/\"]}]},{\"@type\":\"ImageObject\",\"inLanguage\":\"en-US\",\"@id\":\"https:\/\/nge.vn\/san-pham\/bo-tam-ban-pei-build-plate-315310mm-with-soft-magnetic-sticker-cho-may-in-3d-creality-k1-max\/#primaryimage\",\"url\":\"https:\/\/nge.vn\/wp-content\/uploads\/2024\/10\/images-upload-woo2Fa61e8f466231fcb4d117ae426c6b6219.jpg\",\"contentUrl\":\"https:\/\/nge.vn\/wp-content\/uploads\/2024\/10\/images-upload-woo2Fa61e8f466231fcb4d117ae426c6b6219.jpg\",\"width\":826,\"height\":826},{\"@type\":\"BreadcrumbList\",\"@id\":\"https:\/\/nge.vn\/san-pham\/bo-tam-ban-pei-build-plate-315310mm-with-soft-magnetic-sticker-cho-may-in-3d-creality-k1-max\/#breadcrumb\",\"itemListElement\":[{\"@type\":\"ListItem\",\"position\":1,\"name\":\"Trang ch\u1ee7\",\"item\":\"https:\/\/nge.vn\/\"},{\"@type\":\"ListItem\",\"position\":2,\"name\":\"S\u1ea3n ph\u1ea9m\",\"item\":\"https:\/\/nge.vn\/san-pham\/\"},{\"@type\":\"ListItem\",\"position\":3,\"name\":\"B\u1ed9 t\u1ea5m b\u00e0n PEI Build Plate 315*310mm With soft magnetic sticker cho m\u00e1y in 3d Creality K1 Max\"}]},{\"@type\":\"WebSite\",\"@id\":\"https:\/\/nge.vn\/#website\",\"url\":\"https:\/\/nge.vn\/\",\"name\":\"NGE 3D Printers Services\",\"description\":\"\",\"potentialAction\":[{\"@type\":\"SearchAction\",\"target\":{\"@type\":\"EntryPoint\",\"urlTemplate\":\"https:\/\/nge.vn\/?s={search_term_string}\"},\"query-input\":{\"@type\":\"PropertyValueSpecification\",\"valueRequired\":true,\"valueName\":\"search_term_string\"}}],\"inLanguage\":\"en-US\"}]}<\/script>\n<!-- \/ Yoast SEO Premium plugin. -->","yoast_head_json":{"title":"B\u1ed9 t\u1ea5m b\u00e0n PEI Build Plate 315*310mm With soft magnetic sticker cho m\u00e1y in 3d Creality K1 Max - NGE 3D Printers Services","robots":{"index":"index","follow":"follow","max-snippet":"max-snippet:-1","max-image-preview":"max-image-preview:large","max-video-preview":"max-video-preview:-1"},"canonical":"https:\/\/nge.vn\/en\/product\/bo-tam-ban-pei-build-plate-315310mm-with-soft-magnetic-sticker-cho-may-in-3d-creality-k1-max\/","og_locale":"en_US","og_type":"article","og_title":"B\u1ed9 t\u1ea5m b\u00e0n PEI Build Plate 315*310mm With soft magnetic sticker cho m\u00e1y in 3d Creality K1 Max","og_description":"B\u1ed9 t\u1ea5m b\u00e0n PEI Build Plate 315*310mm With soft magnetic sticker cho m\u00e1y in 3d Creality K1 Max","og_url":"https:\/\/nge.vn\/en\/product\/bo-tam-ban-pei-build-plate-315310mm-with-soft-magnetic-sticker-cho-may-in-3d-creality-k1-max\/","og_site_name":"NGE 3D Printers Services","article_modified_time":"2024-10-28T09:09:40+00:00","og_image":[{"width":826,"height":826,"url":"https:\/\/nge.vn\/wp-content\/uploads\/2024\/10\/images-upload-woo2Fa61e8f466231fcb4d117ae426c6b6219.jpg","type":"image\/jpeg"}],"twitter_card":"summary_large_image","twitter_misc":{"Est. reading time":"2 minutes"},"schema":{"@context":"https:\/\/schema.org","@graph":[{"@type":"WebPage","@id":"https:\/\/nge.vn\/san-pham\/bo-tam-ban-pei-build-plate-315310mm-with-soft-magnetic-sticker-cho-may-in-3d-creality-k1-max\/","url":"https:\/\/nge.vn\/san-pham\/bo-tam-ban-pei-build-plate-315310mm-with-soft-magnetic-sticker-cho-may-in-3d-creality-k1-max\/","name":"B\u1ed9 t\u1ea5m b\u00e0n PEI Build Plate 315*310mm With soft magnetic sticker cho m\u00e1y in 3d Creality K1 Max - NGE 3D Printers Services","isPartOf":{"@id":"https:\/\/nge.vn\/#website"},"primaryImageOfPage":{"@id":"https:\/\/nge.vn\/san-pham\/bo-tam-ban-pei-build-plate-315310mm-with-soft-magnetic-sticker-cho-may-in-3d-creality-k1-max\/#primaryimage"},"image":{"@id":"https:\/\/nge.vn\/san-pham\/bo-tam-ban-pei-build-plate-315310mm-with-soft-magnetic-sticker-cho-may-in-3d-creality-k1-max\/#primaryimage"},"thumbnailUrl":"https:\/\/nge.vn\/wp-content\/uploads\/2024\/10\/images-upload-woo2Fa61e8f466231fcb4d117ae426c6b6219.jpg","datePublished":"2024-10-26T10:17:52+00:00","dateModified":"2024-10-28T09:09:40+00:00","breadcrumb":{"@id":"https:\/\/nge.vn\/san-pham\/bo-tam-ban-pei-build-plate-315310mm-with-soft-magnetic-sticker-cho-may-in-3d-creality-k1-max\/#breadcrumb"},"inLanguage":"en-US","potentialAction":[{"@type":"ReadAction","target":["https:\/\/nge.vn\/san-pham\/bo-tam-ban-pei-build-plate-315310mm-with-soft-magnetic-sticker-cho-may-in-3d-creality-k1-max\/"]}]},{"@type":"ImageObject","inLanguage":"en-US","@id":"https:\/\/nge.vn\/san-pham\/bo-tam-ban-pei-build-plate-315310mm-with-soft-magnetic-sticker-cho-may-in-3d-creality-k1-max\/#primaryimage","url":"https:\/\/nge.vn\/wp-content\/uploads\/2024\/10\/images-upload-woo2Fa61e8f466231fcb4d117ae426c6b6219.jpg","contentUrl":"https:\/\/nge.vn\/wp-content\/uploads\/2024\/10\/images-upload-woo2Fa61e8f466231fcb4d117ae426c6b6219.jpg","width":826,"height":826},{"@type":"BreadcrumbList","@id":"https:\/\/nge.vn\/san-pham\/bo-tam-ban-pei-build-plate-315310mm-with-soft-magnetic-sticker-cho-may-in-3d-creality-k1-max\/#breadcrumb","itemListElement":[{"@type":"ListItem","position":1,"name":"Trang ch\u1ee7","item":"https:\/\/nge.vn\/"},{"@type":"ListItem","position":2,"name":"S\u1ea3n ph\u1ea9m","item":"https:\/\/nge.vn\/san-pham\/"},{"@type":"ListItem","position":3,"name":"B\u1ed9 t\u1ea5m b\u00e0n PEI Build Plate 315*310mm With soft magnetic sticker cho m\u00e1y in 3d Creality K1 Max"}]},{"@type":"WebSite","@id":"https:\/\/nge.vn\/#website","url":"https:\/\/nge.vn\/","name":"NGE 3D Printers Services","description":"","potentialAction":[{"@type":"SearchAction","target":{"@type":"EntryPoint","urlTemplate":"https:\/\/nge.vn\/?s={search_term_string}"},"query-input":{"@type":"PropertyValueSpecification","valueRequired":true,"valueName":"search_term_string"}}],"inLanguage":"en-US"}]}},"_links":{"self":[{"href":"https:\/\/nge.vn\/en\/wp-json\/wp\/v2\/product\/4173","targetHints":{"allow":["GET"]}}],"collection":[{"href":"https:\/\/nge.vn\/en\/wp-json\/wp\/v2\/product"}],"about":[{"href":"https:\/\/nge.vn\/en\/wp-json\/wp\/v2\/types\/product"}],"replies":[{"embeddable":true,"href":"https:\/\/nge.vn\/en\/wp-json\/wp\/v2\/comments?post=4173"}],"wp:featuredmedia":[{"embeddable":true,"href":"https:\/\/nge.vn\/en\/wp-json\/wp\/v2\/media\/4164"}],"wp:attachment":[{"href":"https:\/\/nge.vn\/en\/wp-json\/wp\/v2\/media?parent=4173"}],"wp:term":[{"taxonomy":"product_brand","embeddable":true,"href":"https:\/\/nge.vn\/en\/wp-json\/wp\/v2\/product_brand?post=4173"},{"taxonomy":"product_cat","embeddable":true,"href":"https:\/\/nge.vn\/en\/wp-json\/wp\/v2\/product_cat?post=4173"},{"taxonomy":"product_tag","embeddable":true,"href":"https:\/\/nge.vn\/en\/wp-json\/wp\/v2\/product_tag?post=4173"}],"curies":[{"name":"wp","href":"https:\/\/api.w.org\/{rel}","templated":true}]}}