{"id":4163,"date":"2024-10-26T17:16:12","date_gmt":"2024-10-26T10:16:12","guid":{"rendered":"https:\/\/nge.123websitedev.com\/san-pham\/cum-dun-v400-effector-cho-may-in-3d-flsun-v400\/"},"modified":"2024-10-29T17:23:41","modified_gmt":"2024-10-29T10:23:41","slug":"cum-dun-v400-effector-cho-may-in-3d-flsun-v400","status":"publish","type":"product","link":"https:\/\/nge.vn\/en\/product\/cum-dun-v400-effector-cho-may-in-3d-flsun-v400\/","title":{"rendered":"V400 Effector extruder for FLSUN V400 3d printer"},"content":{"rendered":"<p>V400 Effector extruder for FLSUN V400 3d printer<\/p>\n<p>T\u00ednh n\u0103ng s\u1ea3n ph\u1ea9m:<br \/>\n\u2022 T\u1ea3n nhi\u1ec7t hi\u1ec7u qu\u1ea3, in \u1ea5n an t\u00e2m<br \/>\n\u2022 In nhi\u1ec7t \u0111\u1ed9 cao<br \/>\n\u2022 C\u1ee5m \u0111\u00f9n b\u00e1nh r\u0103ng k\u00e9p, l\u1ef1c \u0111\u00f9n l\u00ean t\u1edbi 80N<br \/>\n\u2022 N\u1ea1p nh\u1ef1a b\u00e1nh r\u0103ng k\u00e9p, in \u1ed5n \u0111\u1ecbnh h\u01a1n<\/p>\n<p>T\u1ea3n nhi\u1ec7t hi\u1ec7u qu\u1ea3, in \u1ea5n kh\u00f4ng lo l\u1eafng<br \/>\nIn nhi\u1ec7t \u0111\u1ed9 cao<br \/>\nC\u1ee5m \u0111\u00f9n b\u00e1nh r\u0103ng \u0111\u00f4i, l\u1ef1c \u0111\u00f9n l\u00ean t\u1edbi 80N<\/p>\n<p>C\u1ee5m \u0111\u00f9n \u0111\u01b0\u1ee3c t\u00edch h\u1ee3p ho\u00e0n h\u1ea3o v\u1edbi \u0111\u1ea7u n\u00f3ng in, r\u00fat \u200b\u200bng\u1eafn kho\u1ea3ng c\u00e1ch \u0111\u00f9n v\u00e0 gi\u00fap vi\u1ec7c in \u1ea5n m\u01b0\u1ee3t m\u00e0 h\u01a1n.<\/p>\n<p>Hai qu\u1ea1t l\u00e0m m\u00e1t 4510 \u0111\u1ea3m b\u1ea3o c\u01b0\u1eddng \u0111\u1ed9 t\u1ea3n nhi\u1ec7t v\u00e0 \u0111\u1ea3m b\u1ea3o hi\u1ec7u qu\u1ea3 in \u1ea5n.<br \/>\nIn nhi\u1ec7t \u0111\u1ed9 cao<br \/>\nHotend ho\u00e0n to\u00e0n b\u1eb1ng kim lo\u1ea1i v\u1edbi v\u00f2i phun \u0111\u01b0\u1ee3c ph\u00e1t tri\u1ec3n \u0111\u1eb7c bi\u1ec7t, c\u00f3 th\u1ec3 in v\u1eadt li\u1ec7u nhi\u1ec7t \u0111\u1ed9 cao l\u00ean t\u1edbi 300\u00b0C<\/p>\n<p>**To receive a better price, please contact the shop directly.<br \/>\n     0913.939.775 contact A.Quan (for English)<br \/>\n     094.144.0951 contact A.Quynh<br \/>\n**Selling price does not include VAT (+10% if VAT invoice is issued)<\/p>","protected":false},"excerpt":{"rendered":"<p>V400 Effector extruder for FLSUN V400 3d printer<\/p>","protected":false},"featured_media":4154,"comment_status":"open","ping_status":"closed","template":"","meta":{"inline_featured_image":false},"product_brand":[],"product_cat":[461,57,40],"product_tag":[],"class_list":{"0":"post-4163","1":"product","2":"type-product","3":"status-publish","4":"has-post-thumbnail","6":"product_cat-linh-kien-cum-dun-va-cam-bien","7":"product_cat-linh-kien-may-in-3d-flsun","8":"product_cat-linh-kien-va-phu-kien","10":"first","11":"instock","12":"taxable","13":"shipping-taxable","14":"purchasable","15":"product-type-simple"},"yoast_head":"<!-- This site is optimized with the Yoast SEO Premium plugin v22.8 (Yoast SEO v26.9) - https:\/\/yoast.com\/product\/yoast-seo-premium-wordpress\/ -->\n<title>C\u1ee5m \u0111\u00f9n V400 Effector cho m\u00e1y in 3d FLSUN V400 - NGE 3D Printers Services<\/title>\n<meta name=\"robots\" content=\"index, follow, max-snippet:-1, max-image-preview:large, max-video-preview:-1\" \/>\n<link rel=\"canonical\" href=\"https:\/\/nge.vn\/en\/product\/cum-dun-v400-effector-cho-may-in-3d-flsun-v400\/\" \/>\n<meta property=\"og:locale\" content=\"en_US\" \/>\n<meta property=\"og:type\" content=\"article\" \/>\n<meta property=\"og:title\" content=\"C\u1ee5m \u0111\u00f9n V400 Effector cho m\u00e1y in 3d FLSUN V400\" \/>\n<meta property=\"og:description\" content=\"C\u1ee5m \u0111\u00f9n V400 Effector cho m\u00e1y in 3d FLSUN V400\" \/>\n<meta property=\"og:url\" content=\"https:\/\/nge.vn\/en\/product\/cum-dun-v400-effector-cho-may-in-3d-flsun-v400\/\" \/>\n<meta property=\"og:site_name\" content=\"NGE 3D Printers Services\" \/>\n<meta property=\"article:modified_time\" content=\"2024-10-29T10:23:41+00:00\" \/>\n<meta property=\"og:image\" content=\"https:\/\/nge.vn\/wp-content\/uploads\/2024\/10\/images-upload-woo2Faae8ea657fec0a298b0d396aa2055d2e.jpg\" \/>\n\t<meta property=\"og:image:width\" content=\"746\" \/>\n\t<meta property=\"og:image:height\" content=\"746\" \/>\n\t<meta property=\"og:image:type\" content=\"image\/jpeg\" \/>\n<meta name=\"twitter:card\" content=\"summary_large_image\" \/>\n<meta name=\"twitter:label1\" content=\"Est. reading time\" \/>\n\t<meta name=\"twitter:data1\" content=\"1 minute\" \/>\n<script type=\"application\/ld+json\" class=\"yoast-schema-graph\">{\"@context\":\"https:\/\/schema.org\",\"@graph\":[{\"@type\":\"WebPage\",\"@id\":\"https:\/\/nge.vn\/san-pham\/cum-dun-v400-effector-cho-may-in-3d-flsun-v400\/\",\"url\":\"https:\/\/nge.vn\/san-pham\/cum-dun-v400-effector-cho-may-in-3d-flsun-v400\/\",\"name\":\"C\u1ee5m \u0111\u00f9n V400 Effector cho m\u00e1y in 3d FLSUN V400 - NGE 3D Printers Services\",\"isPartOf\":{\"@id\":\"https:\/\/nge.vn\/#website\"},\"primaryImageOfPage\":{\"@id\":\"https:\/\/nge.vn\/san-pham\/cum-dun-v400-effector-cho-may-in-3d-flsun-v400\/#primaryimage\"},\"image\":{\"@id\":\"https:\/\/nge.vn\/san-pham\/cum-dun-v400-effector-cho-may-in-3d-flsun-v400\/#primaryimage\"},\"thumbnailUrl\":\"https:\/\/nge.vn\/wp-content\/uploads\/2024\/10\/images-upload-woo2Faae8ea657fec0a298b0d396aa2055d2e.jpg\",\"datePublished\":\"2024-10-26T10:16:12+00:00\",\"dateModified\":\"2024-10-29T10:23:41+00:00\",\"breadcrumb\":{\"@id\":\"https:\/\/nge.vn\/san-pham\/cum-dun-v400-effector-cho-may-in-3d-flsun-v400\/#breadcrumb\"},\"inLanguage\":\"en-US\",\"potentialAction\":[{\"@type\":\"ReadAction\",\"target\":[\"https:\/\/nge.vn\/san-pham\/cum-dun-v400-effector-cho-may-in-3d-flsun-v400\/\"]}]},{\"@type\":\"ImageObject\",\"inLanguage\":\"en-US\",\"@id\":\"https:\/\/nge.vn\/san-pham\/cum-dun-v400-effector-cho-may-in-3d-flsun-v400\/#primaryimage\",\"url\":\"https:\/\/nge.vn\/wp-content\/uploads\/2024\/10\/images-upload-woo2Faae8ea657fec0a298b0d396aa2055d2e.jpg\",\"contentUrl\":\"https:\/\/nge.vn\/wp-content\/uploads\/2024\/10\/images-upload-woo2Faae8ea657fec0a298b0d396aa2055d2e.jpg\",\"width\":746,\"height\":746},{\"@type\":\"BreadcrumbList\",\"@id\":\"https:\/\/nge.vn\/san-pham\/cum-dun-v400-effector-cho-may-in-3d-flsun-v400\/#breadcrumb\",\"itemListElement\":[{\"@type\":\"ListItem\",\"position\":1,\"name\":\"Trang ch\u1ee7\",\"item\":\"https:\/\/nge.vn\/\"},{\"@type\":\"ListItem\",\"position\":2,\"name\":\"S\u1ea3n ph\u1ea9m\",\"item\":\"https:\/\/nge.vn\/san-pham\/\"},{\"@type\":\"ListItem\",\"position\":3,\"name\":\"C\u1ee5m \u0111\u00f9n V400 Effector cho m\u00e1y in 3d FLSUN V400\"}]},{\"@type\":\"WebSite\",\"@id\":\"https:\/\/nge.vn\/#website\",\"url\":\"https:\/\/nge.vn\/\",\"name\":\"NGE 3D Printers Services\",\"description\":\"\",\"potentialAction\":[{\"@type\":\"SearchAction\",\"target\":{\"@type\":\"EntryPoint\",\"urlTemplate\":\"https:\/\/nge.vn\/?s={search_term_string}\"},\"query-input\":{\"@type\":\"PropertyValueSpecification\",\"valueRequired\":true,\"valueName\":\"search_term_string\"}}],\"inLanguage\":\"en-US\"}]}<\/script>\n<!-- \/ Yoast SEO Premium plugin. -->","yoast_head_json":{"title":"C\u1ee5m \u0111\u00f9n V400 Effector cho m\u00e1y in 3d FLSUN V400 - NGE 3D Printers Services","robots":{"index":"index","follow":"follow","max-snippet":"max-snippet:-1","max-image-preview":"max-image-preview:large","max-video-preview":"max-video-preview:-1"},"canonical":"https:\/\/nge.vn\/en\/product\/cum-dun-v400-effector-cho-may-in-3d-flsun-v400\/","og_locale":"en_US","og_type":"article","og_title":"C\u1ee5m \u0111\u00f9n V400 Effector cho m\u00e1y in 3d FLSUN V400","og_description":"C\u1ee5m \u0111\u00f9n V400 Effector cho m\u00e1y in 3d FLSUN V400","og_url":"https:\/\/nge.vn\/en\/product\/cum-dun-v400-effector-cho-may-in-3d-flsun-v400\/","og_site_name":"NGE 3D Printers Services","article_modified_time":"2024-10-29T10:23:41+00:00","og_image":[{"width":746,"height":746,"url":"https:\/\/nge.vn\/wp-content\/uploads\/2024\/10\/images-upload-woo2Faae8ea657fec0a298b0d396aa2055d2e.jpg","type":"image\/jpeg"}],"twitter_card":"summary_large_image","twitter_misc":{"Est. reading time":"1 minute"},"schema":{"@context":"https:\/\/schema.org","@graph":[{"@type":"WebPage","@id":"https:\/\/nge.vn\/san-pham\/cum-dun-v400-effector-cho-may-in-3d-flsun-v400\/","url":"https:\/\/nge.vn\/san-pham\/cum-dun-v400-effector-cho-may-in-3d-flsun-v400\/","name":"C\u1ee5m \u0111\u00f9n V400 Effector cho m\u00e1y in 3d FLSUN V400 - NGE 3D Printers Services","isPartOf":{"@id":"https:\/\/nge.vn\/#website"},"primaryImageOfPage":{"@id":"https:\/\/nge.vn\/san-pham\/cum-dun-v400-effector-cho-may-in-3d-flsun-v400\/#primaryimage"},"image":{"@id":"https:\/\/nge.vn\/san-pham\/cum-dun-v400-effector-cho-may-in-3d-flsun-v400\/#primaryimage"},"thumbnailUrl":"https:\/\/nge.vn\/wp-content\/uploads\/2024\/10\/images-upload-woo2Faae8ea657fec0a298b0d396aa2055d2e.jpg","datePublished":"2024-10-26T10:16:12+00:00","dateModified":"2024-10-29T10:23:41+00:00","breadcrumb":{"@id":"https:\/\/nge.vn\/san-pham\/cum-dun-v400-effector-cho-may-in-3d-flsun-v400\/#breadcrumb"},"inLanguage":"en-US","potentialAction":[{"@type":"ReadAction","target":["https:\/\/nge.vn\/san-pham\/cum-dun-v400-effector-cho-may-in-3d-flsun-v400\/"]}]},{"@type":"ImageObject","inLanguage":"en-US","@id":"https:\/\/nge.vn\/san-pham\/cum-dun-v400-effector-cho-may-in-3d-flsun-v400\/#primaryimage","url":"https:\/\/nge.vn\/wp-content\/uploads\/2024\/10\/images-upload-woo2Faae8ea657fec0a298b0d396aa2055d2e.jpg","contentUrl":"https:\/\/nge.vn\/wp-content\/uploads\/2024\/10\/images-upload-woo2Faae8ea657fec0a298b0d396aa2055d2e.jpg","width":746,"height":746},{"@type":"BreadcrumbList","@id":"https:\/\/nge.vn\/san-pham\/cum-dun-v400-effector-cho-may-in-3d-flsun-v400\/#breadcrumb","itemListElement":[{"@type":"ListItem","position":1,"name":"Trang ch\u1ee7","item":"https:\/\/nge.vn\/"},{"@type":"ListItem","position":2,"name":"S\u1ea3n ph\u1ea9m","item":"https:\/\/nge.vn\/san-pham\/"},{"@type":"ListItem","position":3,"name":"C\u1ee5m \u0111\u00f9n V400 Effector cho m\u00e1y in 3d FLSUN V400"}]},{"@type":"WebSite","@id":"https:\/\/nge.vn\/#website","url":"https:\/\/nge.vn\/","name":"NGE 3D Printers Services","description":"","potentialAction":[{"@type":"SearchAction","target":{"@type":"EntryPoint","urlTemplate":"https:\/\/nge.vn\/?s={search_term_string}"},"query-input":{"@type":"PropertyValueSpecification","valueRequired":true,"valueName":"search_term_string"}}],"inLanguage":"en-US"}]}},"_links":{"self":[{"href":"https:\/\/nge.vn\/en\/wp-json\/wp\/v2\/product\/4163","targetHints":{"allow":["GET"]}}],"collection":[{"href":"https:\/\/nge.vn\/en\/wp-json\/wp\/v2\/product"}],"about":[{"href":"https:\/\/nge.vn\/en\/wp-json\/wp\/v2\/types\/product"}],"replies":[{"embeddable":true,"href":"https:\/\/nge.vn\/en\/wp-json\/wp\/v2\/comments?post=4163"}],"wp:featuredmedia":[{"embeddable":true,"href":"https:\/\/nge.vn\/en\/wp-json\/wp\/v2\/media\/4154"}],"wp:attachment":[{"href":"https:\/\/nge.vn\/en\/wp-json\/wp\/v2\/media?parent=4163"}],"wp:term":[{"taxonomy":"product_brand","embeddable":true,"href":"https:\/\/nge.vn\/en\/wp-json\/wp\/v2\/product_brand?post=4163"},{"taxonomy":"product_cat","embeddable":true,"href":"https:\/\/nge.vn\/en\/wp-json\/wp\/v2\/product_cat?post=4163"},{"taxonomy":"product_tag","embeddable":true,"href":"https:\/\/nge.vn\/en\/wp-json\/wp\/v2\/product_tag?post=4163"}],"curies":[{"name":"wp","href":"https:\/\/api.w.org\/{rel}","templated":true}]}}