{"id":4153,"date":"2024-10-26T17:14:36","date_gmt":"2024-10-26T10:14:36","guid":{"rendered":"https:\/\/nge.123websitedev.com\/san-pham\/camera-k1-ai-cho-may-in-3d-creality-k1-va-k1-max\/"},"modified":"2024-10-28T16:13:52","modified_gmt":"2024-10-28T09:13:52","slug":"camera-k1-ai-cho-may-in-3d-creality-k1-va-k1-max","status":"publish","type":"product","link":"https:\/\/nge.vn\/en\/product\/camera-k1-ai-cho-may-in-3d-creality-k1-va-k1-max\/","title":{"rendered":"K1 AI Camera for Creality K1 and K1 Max 3d printers"},"content":{"rendered":"<p>K1 AI Camera cho m\u00e1y in 3d Creality K1 v\u00e0 K1 Max<br \/>\n+H\u00ecnh \u1ea3nh r\u00f5 r\u00e0ng<br \/>\n+Ph\u00e1t hi\u1ec7n AI (L\u01b0u \u00fd: t\u00ednh n\u0103ng \u0111ang \u0111\u01b0\u1ee3c ph\u00e1t tri\u1ec3n)<br \/>\n+Quay phim tua nhanh th\u1eddi gian<br \/>\n+D\u1ec5 d\u00e0ng \u0111\u1ec3 c\u00e0i \u0111\u1eb7t<\/p>\n<p>Packing Size\uff1a77\u00d742\u00d742mm<br \/>\nG.W\uff1a30g<br \/>\nCarton Size\uff1a515\u00d7230\u00d7210mm<\/p>\n<p>***T\u01b0\u01a1ng th\u00edch cho m\u00e1y K1 v\u00e0 K1 Max<\/p>\n<p>**To receive a better price, please contact the shop directly.<br \/>\n     0913.939.775 contact A.Quan (for English)<br \/>\n     094.144.0951 contact A.Quynh<br \/>\n**Selling price does not include VAT (+10% if VAT invoice is issued)<\/p>\n<p>***T\u1ea5t c\u1ea3 s\u1ea3n ph\u1ea9m linh ph\u1ee5 ki\u1ec7n kh\u00f4ng b\u1ea3o h\u00e0nh (c\u00e1c b\u1ea1n c\u00f3 th\u1ec3 li\u00ean h\u1ec7 h\u00e3ng h\u1ed9 tr\u1ee3 th\u00eam)<\/p>","protected":false},"excerpt":{"rendered":"<p>K1 AI Camera for Creality K1 and K1 Max 3d printers<\/p>","protected":false},"featured_media":4144,"comment_status":"open","ping_status":"closed","template":"","meta":{"inline_featured_image":false},"product_brand":[],"product_cat":[40,56],"product_tag":[],"class_list":{"0":"post-4153","1":"product","2":"type-product","3":"status-publish","4":"has-post-thumbnail","6":"product_cat-linh-kien-va-phu-kien","7":"product_cat-linh-phu-kien-may-in-3d-creality","9":"first","10":"instock","11":"taxable","12":"shipping-taxable","13":"purchasable","14":"product-type-simple"},"yoast_head":"<!-- This site is optimized with the Yoast SEO Premium plugin v22.8 (Yoast SEO v26.9) - https:\/\/yoast.com\/product\/yoast-seo-premium-wordpress\/ -->\n<title>Camera K1 AI cho m\u00e1y in 3d Creality K1 v\u00e0 K1 Max - NGE 3D Printers Services<\/title>\n<meta name=\"robots\" content=\"index, follow, max-snippet:-1, max-image-preview:large, max-video-preview:-1\" \/>\n<link rel=\"canonical\" href=\"https:\/\/nge.vn\/en\/product\/camera-k1-ai-cho-may-in-3d-creality-k1-va-k1-max\/\" \/>\n<meta property=\"og:locale\" content=\"en_US\" \/>\n<meta property=\"og:type\" content=\"article\" \/>\n<meta property=\"og:title\" content=\"Camera K1 AI cho m\u00e1y in 3d Creality K1 v\u00e0 K1 Max\" \/>\n<meta property=\"og:description\" content=\"Camera K1 AI cho m\u00e1y in 3d Creality K1 v\u00e0 K1 Max\" \/>\n<meta property=\"og:url\" content=\"https:\/\/nge.vn\/en\/product\/camera-k1-ai-cho-may-in-3d-creality-k1-va-k1-max\/\" \/>\n<meta property=\"og:site_name\" content=\"NGE 3D Printers Services\" \/>\n<meta property=\"article:modified_time\" content=\"2024-10-28T09:13:52+00:00\" \/>\n<meta property=\"og:image\" content=\"https:\/\/nge.vn\/wp-content\/uploads\/2024\/10\/images-upload-woo2F6c960c61c617e79f8fbf28b0c529fc2c.jpg\" \/>\n\t<meta property=\"og:image:width\" content=\"698\" \/>\n\t<meta property=\"og:image:height\" content=\"698\" \/>\n\t<meta property=\"og:image:type\" content=\"image\/jpeg\" \/>\n<meta name=\"twitter:card\" content=\"summary_large_image\" \/>\n<meta name=\"twitter:label1\" content=\"Est. reading time\" \/>\n\t<meta name=\"twitter:data1\" content=\"1 minute\" \/>\n<script type=\"application\/ld+json\" class=\"yoast-schema-graph\">{\"@context\":\"https:\/\/schema.org\",\"@graph\":[{\"@type\":\"WebPage\",\"@id\":\"https:\/\/nge.vn\/san-pham\/camera-k1-ai-cho-may-in-3d-creality-k1-va-k1-max\/\",\"url\":\"https:\/\/nge.vn\/san-pham\/camera-k1-ai-cho-may-in-3d-creality-k1-va-k1-max\/\",\"name\":\"Camera K1 AI cho m\u00e1y in 3d Creality K1 v\u00e0 K1 Max - NGE 3D Printers Services\",\"isPartOf\":{\"@id\":\"https:\/\/nge.vn\/#website\"},\"primaryImageOfPage\":{\"@id\":\"https:\/\/nge.vn\/san-pham\/camera-k1-ai-cho-may-in-3d-creality-k1-va-k1-max\/#primaryimage\"},\"image\":{\"@id\":\"https:\/\/nge.vn\/san-pham\/camera-k1-ai-cho-may-in-3d-creality-k1-va-k1-max\/#primaryimage\"},\"thumbnailUrl\":\"https:\/\/nge.vn\/wp-content\/uploads\/2024\/10\/images-upload-woo2F6c960c61c617e79f8fbf28b0c529fc2c.jpg\",\"datePublished\":\"2024-10-26T10:14:36+00:00\",\"dateModified\":\"2024-10-28T09:13:52+00:00\",\"breadcrumb\":{\"@id\":\"https:\/\/nge.vn\/san-pham\/camera-k1-ai-cho-may-in-3d-creality-k1-va-k1-max\/#breadcrumb\"},\"inLanguage\":\"en-US\",\"potentialAction\":[{\"@type\":\"ReadAction\",\"target\":[\"https:\/\/nge.vn\/san-pham\/camera-k1-ai-cho-may-in-3d-creality-k1-va-k1-max\/\"]}]},{\"@type\":\"ImageObject\",\"inLanguage\":\"en-US\",\"@id\":\"https:\/\/nge.vn\/san-pham\/camera-k1-ai-cho-may-in-3d-creality-k1-va-k1-max\/#primaryimage\",\"url\":\"https:\/\/nge.vn\/wp-content\/uploads\/2024\/10\/images-upload-woo2F6c960c61c617e79f8fbf28b0c529fc2c.jpg\",\"contentUrl\":\"https:\/\/nge.vn\/wp-content\/uploads\/2024\/10\/images-upload-woo2F6c960c61c617e79f8fbf28b0c529fc2c.jpg\",\"width\":698,\"height\":698},{\"@type\":\"BreadcrumbList\",\"@id\":\"https:\/\/nge.vn\/san-pham\/camera-k1-ai-cho-may-in-3d-creality-k1-va-k1-max\/#breadcrumb\",\"itemListElement\":[{\"@type\":\"ListItem\",\"position\":1,\"name\":\"Trang ch\u1ee7\",\"item\":\"https:\/\/nge.vn\/\"},{\"@type\":\"ListItem\",\"position\":2,\"name\":\"S\u1ea3n ph\u1ea9m\",\"item\":\"https:\/\/nge.vn\/san-pham\/\"},{\"@type\":\"ListItem\",\"position\":3,\"name\":\"Camera K1 AI cho m\u00e1y in 3d Creality K1 v\u00e0 K1 Max\"}]},{\"@type\":\"WebSite\",\"@id\":\"https:\/\/nge.vn\/#website\",\"url\":\"https:\/\/nge.vn\/\",\"name\":\"NGE 3D Printers Services\",\"description\":\"\",\"potentialAction\":[{\"@type\":\"SearchAction\",\"target\":{\"@type\":\"EntryPoint\",\"urlTemplate\":\"https:\/\/nge.vn\/?s={search_term_string}\"},\"query-input\":{\"@type\":\"PropertyValueSpecification\",\"valueRequired\":true,\"valueName\":\"search_term_string\"}}],\"inLanguage\":\"en-US\"}]}<\/script>\n<!-- \/ Yoast SEO Premium plugin. -->","yoast_head_json":{"title":"Camera K1 AI cho m\u00e1y in 3d Creality K1 v\u00e0 K1 Max - NGE 3D Printers Services","robots":{"index":"index","follow":"follow","max-snippet":"max-snippet:-1","max-image-preview":"max-image-preview:large","max-video-preview":"max-video-preview:-1"},"canonical":"https:\/\/nge.vn\/en\/product\/camera-k1-ai-cho-may-in-3d-creality-k1-va-k1-max\/","og_locale":"en_US","og_type":"article","og_title":"Camera K1 AI cho m\u00e1y in 3d Creality K1 v\u00e0 K1 Max","og_description":"Camera K1 AI cho m\u00e1y in 3d Creality K1 v\u00e0 K1 Max","og_url":"https:\/\/nge.vn\/en\/product\/camera-k1-ai-cho-may-in-3d-creality-k1-va-k1-max\/","og_site_name":"NGE 3D Printers Services","article_modified_time":"2024-10-28T09:13:52+00:00","og_image":[{"width":698,"height":698,"url":"https:\/\/nge.vn\/wp-content\/uploads\/2024\/10\/images-upload-woo2F6c960c61c617e79f8fbf28b0c529fc2c.jpg","type":"image\/jpeg"}],"twitter_card":"summary_large_image","twitter_misc":{"Est. reading time":"1 minute"},"schema":{"@context":"https:\/\/schema.org","@graph":[{"@type":"WebPage","@id":"https:\/\/nge.vn\/san-pham\/camera-k1-ai-cho-may-in-3d-creality-k1-va-k1-max\/","url":"https:\/\/nge.vn\/san-pham\/camera-k1-ai-cho-may-in-3d-creality-k1-va-k1-max\/","name":"Camera K1 AI cho m\u00e1y in 3d Creality K1 v\u00e0 K1 Max - NGE 3D Printers Services","isPartOf":{"@id":"https:\/\/nge.vn\/#website"},"primaryImageOfPage":{"@id":"https:\/\/nge.vn\/san-pham\/camera-k1-ai-cho-may-in-3d-creality-k1-va-k1-max\/#primaryimage"},"image":{"@id":"https:\/\/nge.vn\/san-pham\/camera-k1-ai-cho-may-in-3d-creality-k1-va-k1-max\/#primaryimage"},"thumbnailUrl":"https:\/\/nge.vn\/wp-content\/uploads\/2024\/10\/images-upload-woo2F6c960c61c617e79f8fbf28b0c529fc2c.jpg","datePublished":"2024-10-26T10:14:36+00:00","dateModified":"2024-10-28T09:13:52+00:00","breadcrumb":{"@id":"https:\/\/nge.vn\/san-pham\/camera-k1-ai-cho-may-in-3d-creality-k1-va-k1-max\/#breadcrumb"},"inLanguage":"en-US","potentialAction":[{"@type":"ReadAction","target":["https:\/\/nge.vn\/san-pham\/camera-k1-ai-cho-may-in-3d-creality-k1-va-k1-max\/"]}]},{"@type":"ImageObject","inLanguage":"en-US","@id":"https:\/\/nge.vn\/san-pham\/camera-k1-ai-cho-may-in-3d-creality-k1-va-k1-max\/#primaryimage","url":"https:\/\/nge.vn\/wp-content\/uploads\/2024\/10\/images-upload-woo2F6c960c61c617e79f8fbf28b0c529fc2c.jpg","contentUrl":"https:\/\/nge.vn\/wp-content\/uploads\/2024\/10\/images-upload-woo2F6c960c61c617e79f8fbf28b0c529fc2c.jpg","width":698,"height":698},{"@type":"BreadcrumbList","@id":"https:\/\/nge.vn\/san-pham\/camera-k1-ai-cho-may-in-3d-creality-k1-va-k1-max\/#breadcrumb","itemListElement":[{"@type":"ListItem","position":1,"name":"Trang ch\u1ee7","item":"https:\/\/nge.vn\/"},{"@type":"ListItem","position":2,"name":"S\u1ea3n ph\u1ea9m","item":"https:\/\/nge.vn\/san-pham\/"},{"@type":"ListItem","position":3,"name":"Camera K1 AI cho m\u00e1y in 3d Creality K1 v\u00e0 K1 Max"}]},{"@type":"WebSite","@id":"https:\/\/nge.vn\/#website","url":"https:\/\/nge.vn\/","name":"NGE 3D Printers Services","description":"","potentialAction":[{"@type":"SearchAction","target":{"@type":"EntryPoint","urlTemplate":"https:\/\/nge.vn\/?s={search_term_string}"},"query-input":{"@type":"PropertyValueSpecification","valueRequired":true,"valueName":"search_term_string"}}],"inLanguage":"en-US"}]}},"_links":{"self":[{"href":"https:\/\/nge.vn\/en\/wp-json\/wp\/v2\/product\/4153","targetHints":{"allow":["GET"]}}],"collection":[{"href":"https:\/\/nge.vn\/en\/wp-json\/wp\/v2\/product"}],"about":[{"href":"https:\/\/nge.vn\/en\/wp-json\/wp\/v2\/types\/product"}],"replies":[{"embeddable":true,"href":"https:\/\/nge.vn\/en\/wp-json\/wp\/v2\/comments?post=4153"}],"wp:featuredmedia":[{"embeddable":true,"href":"https:\/\/nge.vn\/en\/wp-json\/wp\/v2\/media\/4144"}],"wp:attachment":[{"href":"https:\/\/nge.vn\/en\/wp-json\/wp\/v2\/media?parent=4153"}],"wp:term":[{"taxonomy":"product_brand","embeddable":true,"href":"https:\/\/nge.vn\/en\/wp-json\/wp\/v2\/product_brand?post=4153"},{"taxonomy":"product_cat","embeddable":true,"href":"https:\/\/nge.vn\/en\/wp-json\/wp\/v2\/product_cat?post=4153"},{"taxonomy":"product_tag","embeddable":true,"href":"https:\/\/nge.vn\/en\/wp-json\/wp\/v2\/product_tag?post=4153"}],"curies":[{"name":"wp","href":"https:\/\/api.w.org\/{rel}","templated":true}]}}