{"id":4129,"date":"2025-07-08T15:11:20","date_gmt":"2025-07-08T08:11:20","guid":{"rendered":"https:\/\/nge.123websitedev.com\/san-pham\/dau-dun-nhua-high-speed-m6-nozzle-0-4mm-toc-do-cao-cho-may-in-3d-creality-ender-5-s1-ender-7-ender-3-v3-se\/"},"modified":"2025-11-19T16:41:23","modified_gmt":"2025-11-19T09:41:23","slug":"dau-dun-nhua-high-speed-m6-nozzle-0-4mm-toc-do-cao-cho-may-in-3d-creality-ender-5-s1-ender-7-ender-3-v3-se","status":"publish","type":"product","link":"https:\/\/nge.vn\/en\/product\/dau-dun-nhua-high-speed-m6-nozzle-0-4mm-toc-do-cao-cho-may-in-3d-creality-ender-5-s1-ender-7-ender-3-v3-se\/","title":{"rendered":"High-speed M6 Nozzle 0.4mm high speed plastic extruder for 3d printer Creality Ender-5 S1 &amp; Ender-7 &amp; Ender 3 V3 SE.."},"content":{"rendered":"<p>\u0110\u1ea7u \u0111\u00f9n nh\u1ef1a High-speed M6 Nozzle t\u1ed1c \u0111\u1ed9 cao cho m\u00e1y in 3d Creality Ender-5 S1 &amp; Ender-7 &amp; Ender 3 V3 SE&#8230;<br \/>\n+Model Number: 3D Printer Nozzles<br \/>\n+Item Type: High-speed M6 Nozzle<br \/>\n+Brand Name: Creality<br \/>\n+Fit: Ender-5 S1 &amp; Ender-7 &amp; Ender 3 V3 SE..<br \/>\n+Usage: 3D Printer Parts<br \/>\n+Filament: 1.75MM<br \/>\n+Length: 16.8mm<br \/>\n+Including: 1pcs 0.4mm Nozzles<br \/>\n+Material: Brass<br \/>\n+S\u1eed d\u1ee5ng cho: m\u00e1y in 3d Creality Ender-5 S1 &amp; Ender-7 &amp; Ender 3 V3 SE &#8230;c\u00e1c m\u00e1y in 3d FDM tr\u00ean th\u1ecb tr\u01b0\u1eddng<\/p>\n<p>**To receive a better price, please contact the shop directly.<br \/>\n0913.939.775 contact A.Quan (for English)<br \/>\n094.144.0951 contact A.Quynh<br \/>\n**Selling price does not include VAT (+10% if VAT invoice is issued)<\/p>","protected":false},"excerpt":{"rendered":"<p>High-speed M6 Nozzle 0.4mm high speed plastic extruder for 3d printer Creality Ender-5 S1 &amp; Ender-7 &amp; Ender 3 V3 SE..<\/p>","protected":false},"featured_media":4123,"comment_status":"open","ping_status":"closed","template":"","meta":{"inline_featured_image":false},"product_brand":[],"product_cat":[40,56],"product_tag":[],"class_list":{"0":"post-4129","1":"product","2":"type-product","3":"status-publish","4":"has-post-thumbnail","6":"product_cat-linh-kien-va-phu-kien","7":"product_cat-linh-phu-kien-may-in-3d-creality","9":"first","10":"instock","11":"sale","12":"taxable","13":"shipping-taxable","14":"purchasable","15":"product-type-variable"},"yoast_head":"<!-- This site is optimized with the Yoast SEO Premium plugin v22.8 (Yoast SEO v26.9) - https:\/\/yoast.com\/product\/yoast-seo-premium-wordpress\/ -->\n<title>\u0110\u1ea7u \u0111\u00f9n nh\u1ef1a High-speed M6 Nozzle 0.4mm t\u1ed1c \u0111\u1ed9 cao cho m\u00e1y in 3d Creality Ender-5 S1 &amp; Ender-7 &amp; Ender 3 V3 SE.. - NGE 3D Printers Services<\/title>\n<meta name=\"description\" content=\"\u0110\u1ea7u \u0111\u00f9n nh\u1ef1a High-speed M6 Nozzle 0.4mm t\u1ed1c \u0111\u1ed9 cao cho m\u00e1y in 3d Creality Ender-5 S1 &amp; Ender-7 &amp; Ender 3 V3 SE. Ch\u00ednh h\u00e3ng Creality.\" \/>\n<meta name=\"robots\" content=\"index, follow, max-snippet:-1, max-image-preview:large, max-video-preview:-1\" \/>\n<link rel=\"canonical\" href=\"https:\/\/nge.vn\/en\/product\/dau-dun-nhua-high-speed-m6-nozzle-0-4mm-toc-do-cao-cho-may-in-3d-creality-ender-5-s1-ender-7-ender-3-v3-se\/\" \/>\n<meta property=\"og:locale\" content=\"en_US\" \/>\n<meta property=\"og:type\" content=\"article\" \/>\n<meta property=\"og:title\" content=\"\u0110\u1ea7u \u0111\u00f9n nh\u1ef1a High-speed M6 Nozzle 0.4mm t\u1ed1c \u0111\u1ed9 cao cho m\u00e1y in 3d Creality Ender-5 S1 &amp; Ender-7 &amp; Ender 3 V3 SE..\" \/>\n<meta property=\"og:description\" content=\"\u0110\u1ea7u \u0111\u00f9n nh\u1ef1a High-speed M6 Nozzle 0.4mm t\u1ed1c \u0111\u1ed9 cao cho m\u00e1y in 3d Creality Ender-5 S1 &amp; Ender-7 &amp; Ender 3 V3 SE. Ch\u00ednh h\u00e3ng Creality.\" \/>\n<meta property=\"og:url\" content=\"https:\/\/nge.vn\/en\/product\/dau-dun-nhua-high-speed-m6-nozzle-0-4mm-toc-do-cao-cho-may-in-3d-creality-ender-5-s1-ender-7-ender-3-v3-se\/\" \/>\n<meta property=\"og:site_name\" content=\"NGE 3D Printers Services\" \/>\n<meta property=\"article:modified_time\" content=\"2025-11-19T09:41:23+00:00\" \/>\n<meta property=\"og:image\" content=\"https:\/\/nge.vn\/wp-content\/uploads\/2024\/10\/images-upload-woo2F632f1c94eaf26bd6811873a0b76a1305.jpg\" \/>\n\t<meta property=\"og:image:width\" content=\"578\" \/>\n\t<meta property=\"og:image:height\" content=\"578\" \/>\n\t<meta property=\"og:image:type\" content=\"image\/jpeg\" \/>\n<meta name=\"twitter:card\" content=\"summary_large_image\" \/>\n<meta name=\"twitter:label1\" content=\"Est. reading time\" \/>\n\t<meta name=\"twitter:data1\" content=\"1 minute\" \/>\n<script type=\"application\/ld+json\" class=\"yoast-schema-graph\">{\"@context\":\"https:\/\/schema.org\",\"@graph\":[{\"@type\":\"WebPage\",\"@id\":\"https:\/\/nge.vn\/san-pham\/dau-dun-nhua-high-speed-m6-nozzle-0-4mm-toc-do-cao-cho-may-in-3d-creality-ender-5-s1-ender-7-ender-3-v3-se\/\",\"url\":\"https:\/\/nge.vn\/san-pham\/dau-dun-nhua-high-speed-m6-nozzle-0-4mm-toc-do-cao-cho-may-in-3d-creality-ender-5-s1-ender-7-ender-3-v3-se\/\",\"name\":\"\u0110\u1ea7u \u0111\u00f9n nh\u1ef1a High-speed M6 Nozzle 0.4mm t\u1ed1c \u0111\u1ed9 cao cho m\u00e1y in 3d Creality Ender-5 S1 &amp; Ender-7 &amp; Ender 3 V3 SE.. - NGE 3D Printers Services\",\"isPartOf\":{\"@id\":\"https:\/\/nge.vn\/#website\"},\"primaryImageOfPage\":{\"@id\":\"https:\/\/nge.vn\/san-pham\/dau-dun-nhua-high-speed-m6-nozzle-0-4mm-toc-do-cao-cho-may-in-3d-creality-ender-5-s1-ender-7-ender-3-v3-se\/#primaryimage\"},\"image\":{\"@id\":\"https:\/\/nge.vn\/san-pham\/dau-dun-nhua-high-speed-m6-nozzle-0-4mm-toc-do-cao-cho-may-in-3d-creality-ender-5-s1-ender-7-ender-3-v3-se\/#primaryimage\"},\"thumbnailUrl\":\"https:\/\/nge.vn\/wp-content\/uploads\/2024\/10\/images-upload-woo2F632f1c94eaf26bd6811873a0b76a1305.jpg\",\"datePublished\":\"2025-07-08T08:11:20+00:00\",\"dateModified\":\"2025-11-19T09:41:23+00:00\",\"description\":\"\u0110\u1ea7u \u0111\u00f9n nh\u1ef1a High-speed M6 Nozzle 0.4mm t\u1ed1c \u0111\u1ed9 cao cho m\u00e1y in 3d Creality Ender-5 S1 & Ender-7 & Ender 3 V3 SE. Ch\u00ednh h\u00e3ng Creality.\",\"breadcrumb\":{\"@id\":\"https:\/\/nge.vn\/san-pham\/dau-dun-nhua-high-speed-m6-nozzle-0-4mm-toc-do-cao-cho-may-in-3d-creality-ender-5-s1-ender-7-ender-3-v3-se\/#breadcrumb\"},\"inLanguage\":\"en-US\",\"potentialAction\":[{\"@type\":\"ReadAction\",\"target\":[\"https:\/\/nge.vn\/san-pham\/dau-dun-nhua-high-speed-m6-nozzle-0-4mm-toc-do-cao-cho-may-in-3d-creality-ender-5-s1-ender-7-ender-3-v3-se\/\"]}]},{\"@type\":\"ImageObject\",\"inLanguage\":\"en-US\",\"@id\":\"https:\/\/nge.vn\/san-pham\/dau-dun-nhua-high-speed-m6-nozzle-0-4mm-toc-do-cao-cho-may-in-3d-creality-ender-5-s1-ender-7-ender-3-v3-se\/#primaryimage\",\"url\":\"https:\/\/nge.vn\/wp-content\/uploads\/2024\/10\/images-upload-woo2F632f1c94eaf26bd6811873a0b76a1305.jpg\",\"contentUrl\":\"https:\/\/nge.vn\/wp-content\/uploads\/2024\/10\/images-upload-woo2F632f1c94eaf26bd6811873a0b76a1305.jpg\",\"width\":578,\"height\":578},{\"@type\":\"BreadcrumbList\",\"@id\":\"https:\/\/nge.vn\/san-pham\/dau-dun-nhua-high-speed-m6-nozzle-0-4mm-toc-do-cao-cho-may-in-3d-creality-ender-5-s1-ender-7-ender-3-v3-se\/#breadcrumb\",\"itemListElement\":[{\"@type\":\"ListItem\",\"position\":1,\"name\":\"Trang ch\u1ee7\",\"item\":\"https:\/\/nge.vn\/\"},{\"@type\":\"ListItem\",\"position\":2,\"name\":\"S\u1ea3n ph\u1ea9m\",\"item\":\"https:\/\/nge.vn\/san-pham\/\"},{\"@type\":\"ListItem\",\"position\":3,\"name\":\"\u0110\u1ea7u \u0111\u00f9n nh\u1ef1a High-speed M6 Nozzle 0.4mm t\u1ed1c \u0111\u1ed9 cao cho m\u00e1y in 3d Creality Ender-5 S1 &amp; Ender-7 &amp; Ender 3 V3 SE..\"}]},{\"@type\":\"WebSite\",\"@id\":\"https:\/\/nge.vn\/#website\",\"url\":\"https:\/\/nge.vn\/\",\"name\":\"NGE 3D Printers Services\",\"description\":\"\",\"potentialAction\":[{\"@type\":\"SearchAction\",\"target\":{\"@type\":\"EntryPoint\",\"urlTemplate\":\"https:\/\/nge.vn\/?s={search_term_string}\"},\"query-input\":{\"@type\":\"PropertyValueSpecification\",\"valueRequired\":true,\"valueName\":\"search_term_string\"}}],\"inLanguage\":\"en-US\"}]}<\/script>\n<!-- \/ Yoast SEO Premium plugin. -->","yoast_head_json":{"title":"\u0110\u1ea7u \u0111\u00f9n nh\u1ef1a High-speed M6 Nozzle 0.4mm t\u1ed1c \u0111\u1ed9 cao cho m\u00e1y in 3d Creality Ender-5 S1 &amp; Ender-7 &amp; Ender 3 V3 SE.. - NGE 3D Printers Services","description":"\u0110\u1ea7u \u0111\u00f9n nh\u1ef1a High-speed M6 Nozzle 0.4mm t\u1ed1c \u0111\u1ed9 cao cho m\u00e1y in 3d Creality Ender-5 S1 & Ender-7 & Ender 3 V3 SE. Ch\u00ednh h\u00e3ng Creality.","robots":{"index":"index","follow":"follow","max-snippet":"max-snippet:-1","max-image-preview":"max-image-preview:large","max-video-preview":"max-video-preview:-1"},"canonical":"https:\/\/nge.vn\/en\/product\/dau-dun-nhua-high-speed-m6-nozzle-0-4mm-toc-do-cao-cho-may-in-3d-creality-ender-5-s1-ender-7-ender-3-v3-se\/","og_locale":"en_US","og_type":"article","og_title":"\u0110\u1ea7u \u0111\u00f9n nh\u1ef1a High-speed M6 Nozzle 0.4mm t\u1ed1c \u0111\u1ed9 cao cho m\u00e1y in 3d Creality Ender-5 S1 &amp; Ender-7 &amp; Ender 3 V3 SE..","og_description":"\u0110\u1ea7u \u0111\u00f9n nh\u1ef1a High-speed M6 Nozzle 0.4mm t\u1ed1c \u0111\u1ed9 cao cho m\u00e1y in 3d Creality Ender-5 S1 & Ender-7 & Ender 3 V3 SE. Ch\u00ednh h\u00e3ng Creality.","og_url":"https:\/\/nge.vn\/en\/product\/dau-dun-nhua-high-speed-m6-nozzle-0-4mm-toc-do-cao-cho-may-in-3d-creality-ender-5-s1-ender-7-ender-3-v3-se\/","og_site_name":"NGE 3D Printers Services","article_modified_time":"2025-11-19T09:41:23+00:00","og_image":[{"width":578,"height":578,"url":"https:\/\/nge.vn\/wp-content\/uploads\/2024\/10\/images-upload-woo2F632f1c94eaf26bd6811873a0b76a1305.jpg","type":"image\/jpeg"}],"twitter_card":"summary_large_image","twitter_misc":{"Est. reading time":"1 minute"},"schema":{"@context":"https:\/\/schema.org","@graph":[{"@type":"WebPage","@id":"https:\/\/nge.vn\/san-pham\/dau-dun-nhua-high-speed-m6-nozzle-0-4mm-toc-do-cao-cho-may-in-3d-creality-ender-5-s1-ender-7-ender-3-v3-se\/","url":"https:\/\/nge.vn\/san-pham\/dau-dun-nhua-high-speed-m6-nozzle-0-4mm-toc-do-cao-cho-may-in-3d-creality-ender-5-s1-ender-7-ender-3-v3-se\/","name":"\u0110\u1ea7u \u0111\u00f9n nh\u1ef1a High-speed M6 Nozzle 0.4mm t\u1ed1c \u0111\u1ed9 cao cho m\u00e1y in 3d Creality Ender-5 S1 &amp; Ender-7 &amp; Ender 3 V3 SE.. - NGE 3D Printers Services","isPartOf":{"@id":"https:\/\/nge.vn\/#website"},"primaryImageOfPage":{"@id":"https:\/\/nge.vn\/san-pham\/dau-dun-nhua-high-speed-m6-nozzle-0-4mm-toc-do-cao-cho-may-in-3d-creality-ender-5-s1-ender-7-ender-3-v3-se\/#primaryimage"},"image":{"@id":"https:\/\/nge.vn\/san-pham\/dau-dun-nhua-high-speed-m6-nozzle-0-4mm-toc-do-cao-cho-may-in-3d-creality-ender-5-s1-ender-7-ender-3-v3-se\/#primaryimage"},"thumbnailUrl":"https:\/\/nge.vn\/wp-content\/uploads\/2024\/10\/images-upload-woo2F632f1c94eaf26bd6811873a0b76a1305.jpg","datePublished":"2025-07-08T08:11:20+00:00","dateModified":"2025-11-19T09:41:23+00:00","description":"\u0110\u1ea7u \u0111\u00f9n nh\u1ef1a High-speed M6 Nozzle 0.4mm t\u1ed1c \u0111\u1ed9 cao cho m\u00e1y in 3d Creality Ender-5 S1 & Ender-7 & Ender 3 V3 SE. Ch\u00ednh h\u00e3ng Creality.","breadcrumb":{"@id":"https:\/\/nge.vn\/san-pham\/dau-dun-nhua-high-speed-m6-nozzle-0-4mm-toc-do-cao-cho-may-in-3d-creality-ender-5-s1-ender-7-ender-3-v3-se\/#breadcrumb"},"inLanguage":"en-US","potentialAction":[{"@type":"ReadAction","target":["https:\/\/nge.vn\/san-pham\/dau-dun-nhua-high-speed-m6-nozzle-0-4mm-toc-do-cao-cho-may-in-3d-creality-ender-5-s1-ender-7-ender-3-v3-se\/"]}]},{"@type":"ImageObject","inLanguage":"en-US","@id":"https:\/\/nge.vn\/san-pham\/dau-dun-nhua-high-speed-m6-nozzle-0-4mm-toc-do-cao-cho-may-in-3d-creality-ender-5-s1-ender-7-ender-3-v3-se\/#primaryimage","url":"https:\/\/nge.vn\/wp-content\/uploads\/2024\/10\/images-upload-woo2F632f1c94eaf26bd6811873a0b76a1305.jpg","contentUrl":"https:\/\/nge.vn\/wp-content\/uploads\/2024\/10\/images-upload-woo2F632f1c94eaf26bd6811873a0b76a1305.jpg","width":578,"height":578},{"@type":"BreadcrumbList","@id":"https:\/\/nge.vn\/san-pham\/dau-dun-nhua-high-speed-m6-nozzle-0-4mm-toc-do-cao-cho-may-in-3d-creality-ender-5-s1-ender-7-ender-3-v3-se\/#breadcrumb","itemListElement":[{"@type":"ListItem","position":1,"name":"Trang ch\u1ee7","item":"https:\/\/nge.vn\/"},{"@type":"ListItem","position":2,"name":"S\u1ea3n ph\u1ea9m","item":"https:\/\/nge.vn\/san-pham\/"},{"@type":"ListItem","position":3,"name":"\u0110\u1ea7u \u0111\u00f9n nh\u1ef1a High-speed M6 Nozzle 0.4mm t\u1ed1c \u0111\u1ed9 cao cho m\u00e1y in 3d Creality Ender-5 S1 &amp; Ender-7 &amp; Ender 3 V3 SE.."}]},{"@type":"WebSite","@id":"https:\/\/nge.vn\/#website","url":"https:\/\/nge.vn\/","name":"NGE 3D Printers Services","description":"","potentialAction":[{"@type":"SearchAction","target":{"@type":"EntryPoint","urlTemplate":"https:\/\/nge.vn\/?s={search_term_string}"},"query-input":{"@type":"PropertyValueSpecification","valueRequired":true,"valueName":"search_term_string"}}],"inLanguage":"en-US"}]}},"_links":{"self":[{"href":"https:\/\/nge.vn\/en\/wp-json\/wp\/v2\/product\/4129","targetHints":{"allow":["GET"]}}],"collection":[{"href":"https:\/\/nge.vn\/en\/wp-json\/wp\/v2\/product"}],"about":[{"href":"https:\/\/nge.vn\/en\/wp-json\/wp\/v2\/types\/product"}],"replies":[{"embeddable":true,"href":"https:\/\/nge.vn\/en\/wp-json\/wp\/v2\/comments?post=4129"}],"wp:featuredmedia":[{"embeddable":true,"href":"https:\/\/nge.vn\/en\/wp-json\/wp\/v2\/media\/4123"}],"wp:attachment":[{"href":"https:\/\/nge.vn\/en\/wp-json\/wp\/v2\/media?parent=4129"}],"wp:term":[{"taxonomy":"product_brand","embeddable":true,"href":"https:\/\/nge.vn\/en\/wp-json\/wp\/v2\/product_brand?post=4129"},{"taxonomy":"product_cat","embeddable":true,"href":"https:\/\/nge.vn\/en\/wp-json\/wp\/v2\/product_cat?post=4129"},{"taxonomy":"product_tag","embeddable":true,"href":"https:\/\/nge.vn\/en\/wp-json\/wp\/v2\/product_tag?post=4129"}],"curies":[{"name":"wp","href":"https:\/\/api.w.org\/{rel}","templated":true}]}}