{"id":4122,"date":"2024-10-26T17:10:06","date_gmt":"2024-10-26T10:10:06","guid":{"rendered":"https:\/\/nge.123websitedev.com\/san-pham\/may-in-3d-resin-creality-halot-mage-pro-8k-10-3-inch-toc-do-va-do-chinh-xac-cao-chuyen-dung-cho-nha-khoa-va-nu-trang\/"},"modified":"2024-10-28T14:29:03","modified_gmt":"2024-10-28T07:29:03","slug":"may-in-3d-resin-creality-halot-mage-pro-8k-10-3-inch-toc-do-va-do-chinh-xac-cao-chuyen-dung-cho-nha-khoa-va-nu-trang","status":"publish","type":"product","link":"https:\/\/nge.vn\/en\/product\/may-in-3d-resin-creality-halot-mage-pro-8k-10-3-inch-toc-do-va-do-chinh-xac-cao-chuyen-dung-cho-nha-khoa-va-nu-trang\/","title":{"rendered":"Creality Halot Mage Pro 8K 10.3 inch high speed and precision resin 3d printer for Dentistry and Jewelry"},"content":{"rendered":"<p>_Nhanh h\u01a1n t\u1eeb 3 \u0111\u1ebfn 5 l\u1ea7n so v\u1edbi \u0111\u1ed1i th\u1ee7 . T\u1ed1c \u0111\u1ed9 \u0111i\u1ec3n h\u00ecnh l\u00e0 70mm\/h.<\/p>\n<p>_H\u1ec7 th\u1ed1ng chuy\u1ec3n \u0111\u1ed9ng Dynax nhanh nh\u1eb9n<br \/>\nT\u1ea5m x\u00e2y d\u1ef1ng c\u00f3 th\u1ec3 \u0111\u01b0\u1ee3c n\u00e2ng l\u00ean v\u00e0 h\u1ea1 xu\u1ed1ng \u0111\u1ec1u \u0111\u1eb7n ch\u1ec9 trong 1,2s, sau \u0111\u00f3 s\u1eb5n s\u00e0ng \u0111\u1ec3 in l\u1edbp ti\u1ebfp theo<\/p>\n<p>_Thu\u1eadt to\u00e1n \u0111i\u1ec1u khi\u1ec3n \u0111\u1ed9ng c\u01a1 ti\u00ean ti\u1ebfn t\u1ef1 ph\u00e1t tri\u1ec3n, t\u0103ng t\u1ed1c \u0111\u1ed9 \u0111\u1ed9ng c\u01a1 l\u00ean \u200b\u200b100mm\/s<br \/>\n+H\u1ed7 tr\u1ee3 th\u00eam thu\u1eadt to\u00e1n c\u1ee7a HALOT BOX, b\u1ea3o v\u1ec7 m\u00f4 h\u00ecnh ch\u1eafc ch\u1eafn<\/p>\n<p>_M\u00f4 h\u00ecnh thu nh\u1ecf, t\u01b0\u1ee3ng nh\u1ecf, nguy\u00ean m\u1eabu, \u0111\u1ed3 trang s\u1ee9c, \u0111\u1ea1o c\u1ee5, d\u1ee5ng c\u1ee5 ch\u1ec9nh h\u00ecnh&#8230; T\u1ea5t c\u1ea3 \u0111\u1ec1u c\u00f3 th\u1ec3 \u0111\u01b0\u1ee3c in nhanh ch\u00f3ng d\u01b0\u1edbi d\u1ea1ng s\u1ea3n ph\u1ea9m cu\u1ed1i c\u00f9ng. M\u1ed9t ng\u01b0\u1eddi c\u00f3 th\u1ec3 d\u1ec5 d\u00e0ng qu\u1ea3n l\u00fd h\u00e0ng ch\u1ee5c m\u00e1y in*. sung m\u00e3n h\u01a1n bao gi\u1edd h\u1ebft.<br \/>\n*\u0110i\u1ec1u n\u00e0y y\u00eau c\u1ea7u ch\u1ee9c n\u0103ng \u0111i\u1ec1u khi\u1ec3n nhi\u1ec1u m\u00e1y in c\u1ee7a HALOT BOX ho\u1eb7c Creality Cloud<\/p>\n<p>_HALOT-MAGE PRO s\u1eed d\u1ee5ng m\u00e0n h\u00ecnh LCD mono 8K(7680&#215;4320) c\u00f3 \u0111\u1ed9 ph\u00e2n gi\u1ea3i XY 29,7\u03bcm, \u0111\u01b0\u1ee3c tinh ch\u1ec9nh v\u00e0 kh\u1eed r\u0103ng c\u01b0a h\u01a1n so v\u1edbi 50\u03bcm c\u1ee7a m\u00e1y in 4K th\u00f4ng th\u01b0\u1eddng.<br \/>\nM\u00e0n h\u00ecnh LCD l\u1edbn mang \u0111\u1ebfn th\u1ec3 t\u00edch b\u1ea3n d\u1ef1ng r\u1ed9ng r\u00e3i 228x128x230mm<\/p>\n<p>_Ngu\u1ed3n s\u00e1ng t\u00edch h\u1ee3p 3.0<br \/>\n+\u0110\u1ed9 \u0111\u1ed3ng \u0111\u1ec1u \u00e1nh s\u00e1ng tr\u00ean 90%, h\u1ee9a h\u1eb9n ch\u1ea5t l\u01b0\u1ee3ng nh\u1ea5t qu\u00e1n b\u1ea5t k\u1ec3 b\u1ea3n in \u0111\u01b0\u1ee3c \u0111\u1eb7t \u1edf \u0111\u00e2u tr\u00ean b\u1ea3n in<br \/>\n+C\u01b0\u1eddng \u0111\u1ed9 \u00e1nh s\u00e1ng 8000\u03bcw\/cm\u00b2, x\u1eed l\u00fd m\u1ed9t l\u1edbp trong 1s b\u1eb1ng nh\u1ef1a 405nm ti\u00eau chu\u1ea9n<br \/>\n+N\u00f3 t\u1ea1o ra c\u00e1c b\u1ec1 m\u1eb7t nh\u1eb5n v\u00e0 \u0111\u01b0\u1eddng vi\u1ec1n s\u1eafc n\u00e9t<\/p>\n<p>_Magic Touch \u0111\u1ec3 mang l\u1ea1i hi\u1ec7u qu\u1ea3 t\u1ed1t h\u01a1n v\u00e0 nhi\u1ec1u h\u01a1n n\u1eefa<br \/>\nHALOT-MAGE PRO cho ph\u00e9p in ho\u00e0n h\u1ea3o v\u00e0 h\u1ed7 tr\u1ee3 0,1mm c\u00f3 th\u1ec3 th\u00e1o r\u1eddi b\u1eb1ng tay v\u00e0 cho ph\u00e9p ng\u01b0\u1eddi d\u00f9ng in m\u1ed9t m\u00f4 h\u00ecnh l\u1edbn h\u01a1n ho\u1eb7c nhi\u1ec1u m\u00f4 h\u00ecnh h\u01a1n trong m\u1ed9t l\u1ea7n<\/p>\n<p>_HALOT-MAGE PRO s\u1eed d\u1ee5ng H\u0110H HALOT t\u1ef1 ph\u00e1t tri\u1ec3n. N\u00f3 c\u00f3 giao di\u1ec7n ng\u01b0\u1eddi d\u00f9ng \u0111\u01a1n gi\u1ea3n, \u0111\u1ed3ng th\u1eddi \u0111\u1ed3ng b\u1ed9 h\u00f3a d\u1eef li\u1ec7u v\u00e0 l\u1ec7nh v\u1edbi PC, \u0111i\u1ec7n tho\u1ea1i v\u00e0 Creality Cloud. CPU hi\u1ec7u n\u0103ng cao h\u1ed7 tr\u1ee3 in t\u1ed1c \u0111\u1ed9 cao m\u1ed9t c\u00e1ch d\u1ec5 d\u00e0ng<\/p>\n<p>_In v\u00e0 gi\u00e1m s\u00e1t m\u1ecdi n\u01a1i v\u1edbi k\u1ebft n\u1ed1i th\u00f4ng minh<br \/>\n+In tr\u00ean \u0111\u00e1m m\u00e2y*:\u00a0 \u0110i\u1ec1u khi\u1ec3n ho\u1eb7c gi\u00e1m s\u00e1t t\u1eeb xa t\u1eeb WEB ho\u1eb7c \u1ee9ng d\u1ee5ng \u0111\u00e1m m\u00e2y Creality<br \/>\n+In qua m\u1ea1ng LAN*:\u00a0 L\u1ec7nh t\u1eeb PC (\u0111\u01b0\u1ee3c c\u00e0i \u0111\u1eb7t v\u1edbi HALOT BOX) tr\u00ean c\u00f9ng m\u1ed9t m\u1ea1ng LAN<br \/>\n+In qua \u1ed5 USB: Nh\u1eadp c\u00e1c t\u1ec7p c\u00f3 th\u1ec3 in t\u1eeb \u1ed5 USB \u0111\u1ec3 in kh\u00f4ng b\u1ecb gi\u00e1n \u0111o\u1ea1n<br \/>\n+Camera USB (T\u00f9y ch\u1ecdn): C\u1eafm b\u1ea5t k\u1ef3 camera USB n\u00e0o \u0111\u1ec3 gi\u00e1m s\u00e1t t\u1eeb xa<br \/>\n*HALOT-MAGE PRO c\u00f3 th\u1ec3 \u0111\u01b0\u1ee3c k\u1ebft n\u1ed1i v\u1edbi Creality Cloud ho\u1eb7c LAN qua WiFi ho\u1eb7c c\u00e1p RJ45<\/p>\n<p>_M\u00e1y b\u01a1m nh\u1ef1a th\u00f4ng minh thay \u0111\u1ed5i cu\u1ed9c ch\u01a1i<br \/>\nHALOT-MAGE PRO \u0111i k\u00e8m v\u1edbi t\u00ednh n\u0103ng n\u1ea1p v\u00e0 r\u00fat nh\u1ef1a t\u1ef1 \u0111\u1ed9ng. N\u00f3 c\u00f3 th\u1ec3 \u0111\u1ed5 \u0111\u1ea7y ho\u1eb7c ph\u1ee5c h\u1ed3i 1 l\u00edt nh\u1ef1a trong v\u00f2ng n\u1eeda gi\u1edd. \u00cdt l\u1ed9n x\u1ed9n h\u01a1n b\u1eb1ng tay, v\u00e0 \u00edt v\u1ebft b\u1eafn v\u00e0 v\u1ebft b\u1ea9n h\u01a1n nhi\u1ec1u. \u1ed0ng cho \u0103n c\u00f3 th\u1ec3 t\u1ef1 do d\u00ednh v\u00e0o b\u1ea5t k\u1ef3 v\u1eadt ch\u1ee9a n\u00e0o<\/p>\n<p>_M\u00e1y l\u1ecdc kh\u00f4ng kh\u00ed th\u00f4ng minh<br \/>\n\u0110\u01b0\u1ee3c c\u1ea5p ngu\u1ed3n v\u00e0 \u0111i\u1ec1u khi\u1ec3n tr\u1ef1c ti\u1ebfp th\u00f4ng qua m\u00e1y in, n\u00f3 bao g\u1ed3m m\u1ed9t b\u1ed9 l\u1ecdc than ho\u1ea1t t\u00ednh c\u00f3 th\u1ec3 thay th\u1ebf l\u1edbn h\u01a1n 5,8 l\u1ea7n so v\u1edbi c\u00e1c b\u1ed9 l\u1ecdc kh\u00e1c. N\u00f3 h\u1ea5p th\u1ee5 m\u00f9i nh\u1ef1a g\u00e2y k\u00edch \u1ee9ng hi\u1ec7u qu\u1ea3 h\u01a1n. M\u1ed9t l\u1ed7 th\u00f4ng h\u01a1i \u1edf ph\u00eda sau \u0111\u1ec3 k\u1ebft n\u1ed1i m\u1ed9t \u1ed1ng th\u00f4ng h\u01a1i.<br \/>\n*B\u1ed9 l\u1ecdc carbon k\u00e9o d\u00e0i kho\u1ea3ng 3 th\u00e1ng sau m\u1ed7i l\u1ea7n thay th\u1ebf.<\/p>\n<p>_N\u1eafp l\u1eadt chuy\u00ean nghi\u1ec7p \u201cMageArch ch\u1eb7n 99,89% \u00e1nh s\u00e1ng tia c\u1ef1c t\u00edm xung quanh \u0111\u1ec3 gi\u1ea3m thi\u1ec3u nhi\u1ec5u.<\/p>\n<p>**To receive a better price, please contact the shop directly.<br \/>\n     0913.939.775 contact A.Quan (for English)<br \/>\n     094.144.0951 contact A.Quynh<br \/>\n**Selling price does not include VAT (+10% if VAT invoice is issued)<\/p>","protected":false},"excerpt":{"rendered":"<p>Creality Halot Mage Pro 8K 10.3 inch high speed and precision resin 3d printer for Dentistry and Jewelry<\/p>","protected":false},"featured_media":4113,"comment_status":"open","ping_status":"closed","template":"","meta":{"inline_featured_image":false},"product_brand":[],"product_cat":[39,51],"product_tag":[],"class_list":{"0":"post-4122","1":"product","2":"type-product","3":"status-publish","4":"has-post-thumbnail","6":"product_cat-may-in-3d","7":"product_cat-may-in-3d-creality","9":"first","10":"instock","11":"taxable","12":"shipping-taxable","13":"purchasable","14":"product-type-simple"},"yoast_head":"<!-- This site is optimized with the Yoast SEO Premium plugin v22.8 (Yoast SEO v26.9) - https:\/\/yoast.com\/product\/yoast-seo-premium-wordpress\/ -->\n<title>M\u00e1y in 3d resin Creality Halot Mage Pro 8K 10.3 inch t\u1ed1c \u0111\u1ed9 v\u00e0 \u0111\u1ed9 ch\u00ednh x\u00e1c cao chuy\u00ean d\u00f9ng cho Nha Khoa v\u00e0 N\u1eef Trang - NGE 3D Printers Services<\/title>\n<meta name=\"robots\" content=\"index, follow, max-snippet:-1, max-image-preview:large, max-video-preview:-1\" \/>\n<link rel=\"canonical\" href=\"https:\/\/nge.vn\/en\/product\/may-in-3d-resin-creality-halot-mage-pro-8k-10-3-inch-toc-do-va-do-chinh-xac-cao-chuyen-dung-cho-nha-khoa-va-nu-trang\/\" \/>\n<meta property=\"og:locale\" content=\"en_US\" \/>\n<meta property=\"og:type\" content=\"article\" \/>\n<meta property=\"og:title\" content=\"M\u00e1y in 3d resin Creality Halot Mage Pro 8K 10.3 inch t\u1ed1c \u0111\u1ed9 v\u00e0 \u0111\u1ed9 ch\u00ednh x\u00e1c cao chuy\u00ean d\u00f9ng cho Nha Khoa v\u00e0 N\u1eef Trang\" \/>\n<meta property=\"og:description\" content=\"M\u00e1y in 3d resin Creality Halot Mage Pro 8K 10.3 inch t\u1ed1c \u0111\u1ed9 v\u00e0 \u0111\u1ed9 ch\u00ednh x\u00e1c cao chuy\u00ean d\u00f9ng cho Nha Khoa v\u00e0 N\u1eef Trang\" \/>\n<meta property=\"og:url\" content=\"https:\/\/nge.vn\/en\/product\/may-in-3d-resin-creality-halot-mage-pro-8k-10-3-inch-toc-do-va-do-chinh-xac-cao-chuyen-dung-cho-nha-khoa-va-nu-trang\/\" \/>\n<meta property=\"og:site_name\" content=\"NGE 3D Printers Services\" \/>\n<meta property=\"article:modified_time\" content=\"2024-10-28T07:29:03+00:00\" \/>\n<meta property=\"og:image\" content=\"https:\/\/nge.vn\/wp-content\/uploads\/2024\/10\/images-upload-woo2F313c453a0f1a1d3f116d1adaa0437056.jpg\" \/>\n\t<meta property=\"og:image:width\" content=\"753\" \/>\n\t<meta property=\"og:image:height\" content=\"753\" \/>\n\t<meta property=\"og:image:type\" content=\"image\/jpeg\" \/>\n<meta name=\"twitter:card\" content=\"summary_large_image\" \/>\n<meta name=\"twitter:label1\" content=\"Est. reading time\" \/>\n\t<meta name=\"twitter:data1\" content=\"5 minutes\" \/>\n<script type=\"application\/ld+json\" class=\"yoast-schema-graph\">{\"@context\":\"https:\/\/schema.org\",\"@graph\":[{\"@type\":\"WebPage\",\"@id\":\"https:\/\/nge.vn\/san-pham\/may-in-3d-resin-creality-halot-mage-pro-8k-10-3-inch-toc-do-va-do-chinh-xac-cao-chuyen-dung-cho-nha-khoa-va-nu-trang\/\",\"url\":\"https:\/\/nge.vn\/san-pham\/may-in-3d-resin-creality-halot-mage-pro-8k-10-3-inch-toc-do-va-do-chinh-xac-cao-chuyen-dung-cho-nha-khoa-va-nu-trang\/\",\"name\":\"M\u00e1y in 3d resin Creality Halot Mage Pro 8K 10.3 inch t\u1ed1c \u0111\u1ed9 v\u00e0 \u0111\u1ed9 ch\u00ednh x\u00e1c cao chuy\u00ean d\u00f9ng cho Nha Khoa v\u00e0 N\u1eef Trang - NGE 3D Printers Services\",\"isPartOf\":{\"@id\":\"https:\/\/nge.vn\/#website\"},\"primaryImageOfPage\":{\"@id\":\"https:\/\/nge.vn\/san-pham\/may-in-3d-resin-creality-halot-mage-pro-8k-10-3-inch-toc-do-va-do-chinh-xac-cao-chuyen-dung-cho-nha-khoa-va-nu-trang\/#primaryimage\"},\"image\":{\"@id\":\"https:\/\/nge.vn\/san-pham\/may-in-3d-resin-creality-halot-mage-pro-8k-10-3-inch-toc-do-va-do-chinh-xac-cao-chuyen-dung-cho-nha-khoa-va-nu-trang\/#primaryimage\"},\"thumbnailUrl\":\"https:\/\/nge.vn\/wp-content\/uploads\/2024\/10\/images-upload-woo2F313c453a0f1a1d3f116d1adaa0437056.jpg\",\"datePublished\":\"2024-10-26T10:10:06+00:00\",\"dateModified\":\"2024-10-28T07:29:03+00:00\",\"breadcrumb\":{\"@id\":\"https:\/\/nge.vn\/san-pham\/may-in-3d-resin-creality-halot-mage-pro-8k-10-3-inch-toc-do-va-do-chinh-xac-cao-chuyen-dung-cho-nha-khoa-va-nu-trang\/#breadcrumb\"},\"inLanguage\":\"en-US\",\"potentialAction\":[{\"@type\":\"ReadAction\",\"target\":[\"https:\/\/nge.vn\/san-pham\/may-in-3d-resin-creality-halot-mage-pro-8k-10-3-inch-toc-do-va-do-chinh-xac-cao-chuyen-dung-cho-nha-khoa-va-nu-trang\/\"]}]},{\"@type\":\"ImageObject\",\"inLanguage\":\"en-US\",\"@id\":\"https:\/\/nge.vn\/san-pham\/may-in-3d-resin-creality-halot-mage-pro-8k-10-3-inch-toc-do-va-do-chinh-xac-cao-chuyen-dung-cho-nha-khoa-va-nu-trang\/#primaryimage\",\"url\":\"https:\/\/nge.vn\/wp-content\/uploads\/2024\/10\/images-upload-woo2F313c453a0f1a1d3f116d1adaa0437056.jpg\",\"contentUrl\":\"https:\/\/nge.vn\/wp-content\/uploads\/2024\/10\/images-upload-woo2F313c453a0f1a1d3f116d1adaa0437056.jpg\",\"width\":753,\"height\":753},{\"@type\":\"BreadcrumbList\",\"@id\":\"https:\/\/nge.vn\/san-pham\/may-in-3d-resin-creality-halot-mage-pro-8k-10-3-inch-toc-do-va-do-chinh-xac-cao-chuyen-dung-cho-nha-khoa-va-nu-trang\/#breadcrumb\",\"itemListElement\":[{\"@type\":\"ListItem\",\"position\":1,\"name\":\"Trang ch\u1ee7\",\"item\":\"https:\/\/nge.vn\/\"},{\"@type\":\"ListItem\",\"position\":2,\"name\":\"S\u1ea3n ph\u1ea9m\",\"item\":\"https:\/\/nge.vn\/san-pham\/\"},{\"@type\":\"ListItem\",\"position\":3,\"name\":\"M\u00e1y in 3d resin Creality Halot Mage Pro 8K 10.3 inch t\u1ed1c \u0111\u1ed9 v\u00e0 \u0111\u1ed9 ch\u00ednh x\u00e1c cao chuy\u00ean d\u00f9ng cho Nha Khoa v\u00e0 N\u1eef Trang\"}]},{\"@type\":\"WebSite\",\"@id\":\"https:\/\/nge.vn\/#website\",\"url\":\"https:\/\/nge.vn\/\",\"name\":\"NGE 3D Printers Services\",\"description\":\"\",\"potentialAction\":[{\"@type\":\"SearchAction\",\"target\":{\"@type\":\"EntryPoint\",\"urlTemplate\":\"https:\/\/nge.vn\/?s={search_term_string}\"},\"query-input\":{\"@type\":\"PropertyValueSpecification\",\"valueRequired\":true,\"valueName\":\"search_term_string\"}}],\"inLanguage\":\"en-US\"}]}<\/script>\n<!-- \/ Yoast SEO Premium plugin. -->","yoast_head_json":{"title":"M\u00e1y in 3d resin Creality Halot Mage Pro 8K 10.3 inch t\u1ed1c \u0111\u1ed9 v\u00e0 \u0111\u1ed9 ch\u00ednh x\u00e1c cao chuy\u00ean d\u00f9ng cho Nha Khoa v\u00e0 N\u1eef Trang - NGE 3D Printers Services","robots":{"index":"index","follow":"follow","max-snippet":"max-snippet:-1","max-image-preview":"max-image-preview:large","max-video-preview":"max-video-preview:-1"},"canonical":"https:\/\/nge.vn\/en\/product\/may-in-3d-resin-creality-halot-mage-pro-8k-10-3-inch-toc-do-va-do-chinh-xac-cao-chuyen-dung-cho-nha-khoa-va-nu-trang\/","og_locale":"en_US","og_type":"article","og_title":"M\u00e1y in 3d resin Creality Halot Mage Pro 8K 10.3 inch t\u1ed1c \u0111\u1ed9 v\u00e0 \u0111\u1ed9 ch\u00ednh x\u00e1c cao chuy\u00ean d\u00f9ng cho Nha Khoa v\u00e0 N\u1eef Trang","og_description":"M\u00e1y in 3d resin Creality Halot Mage Pro 8K 10.3 inch t\u1ed1c \u0111\u1ed9 v\u00e0 \u0111\u1ed9 ch\u00ednh x\u00e1c cao chuy\u00ean d\u00f9ng cho Nha Khoa v\u00e0 N\u1eef Trang","og_url":"https:\/\/nge.vn\/en\/product\/may-in-3d-resin-creality-halot-mage-pro-8k-10-3-inch-toc-do-va-do-chinh-xac-cao-chuyen-dung-cho-nha-khoa-va-nu-trang\/","og_site_name":"NGE 3D Printers Services","article_modified_time":"2024-10-28T07:29:03+00:00","og_image":[{"width":753,"height":753,"url":"https:\/\/nge.vn\/wp-content\/uploads\/2024\/10\/images-upload-woo2F313c453a0f1a1d3f116d1adaa0437056.jpg","type":"image\/jpeg"}],"twitter_card":"summary_large_image","twitter_misc":{"Est. reading time":"5 minutes"},"schema":{"@context":"https:\/\/schema.org","@graph":[{"@type":"WebPage","@id":"https:\/\/nge.vn\/san-pham\/may-in-3d-resin-creality-halot-mage-pro-8k-10-3-inch-toc-do-va-do-chinh-xac-cao-chuyen-dung-cho-nha-khoa-va-nu-trang\/","url":"https:\/\/nge.vn\/san-pham\/may-in-3d-resin-creality-halot-mage-pro-8k-10-3-inch-toc-do-va-do-chinh-xac-cao-chuyen-dung-cho-nha-khoa-va-nu-trang\/","name":"M\u00e1y in 3d resin Creality Halot Mage Pro 8K 10.3 inch t\u1ed1c \u0111\u1ed9 v\u00e0 \u0111\u1ed9 ch\u00ednh x\u00e1c cao chuy\u00ean d\u00f9ng cho Nha Khoa v\u00e0 N\u1eef Trang - NGE 3D Printers Services","isPartOf":{"@id":"https:\/\/nge.vn\/#website"},"primaryImageOfPage":{"@id":"https:\/\/nge.vn\/san-pham\/may-in-3d-resin-creality-halot-mage-pro-8k-10-3-inch-toc-do-va-do-chinh-xac-cao-chuyen-dung-cho-nha-khoa-va-nu-trang\/#primaryimage"},"image":{"@id":"https:\/\/nge.vn\/san-pham\/may-in-3d-resin-creality-halot-mage-pro-8k-10-3-inch-toc-do-va-do-chinh-xac-cao-chuyen-dung-cho-nha-khoa-va-nu-trang\/#primaryimage"},"thumbnailUrl":"https:\/\/nge.vn\/wp-content\/uploads\/2024\/10\/images-upload-woo2F313c453a0f1a1d3f116d1adaa0437056.jpg","datePublished":"2024-10-26T10:10:06+00:00","dateModified":"2024-10-28T07:29:03+00:00","breadcrumb":{"@id":"https:\/\/nge.vn\/san-pham\/may-in-3d-resin-creality-halot-mage-pro-8k-10-3-inch-toc-do-va-do-chinh-xac-cao-chuyen-dung-cho-nha-khoa-va-nu-trang\/#breadcrumb"},"inLanguage":"en-US","potentialAction":[{"@type":"ReadAction","target":["https:\/\/nge.vn\/san-pham\/may-in-3d-resin-creality-halot-mage-pro-8k-10-3-inch-toc-do-va-do-chinh-xac-cao-chuyen-dung-cho-nha-khoa-va-nu-trang\/"]}]},{"@type":"ImageObject","inLanguage":"en-US","@id":"https:\/\/nge.vn\/san-pham\/may-in-3d-resin-creality-halot-mage-pro-8k-10-3-inch-toc-do-va-do-chinh-xac-cao-chuyen-dung-cho-nha-khoa-va-nu-trang\/#primaryimage","url":"https:\/\/nge.vn\/wp-content\/uploads\/2024\/10\/images-upload-woo2F313c453a0f1a1d3f116d1adaa0437056.jpg","contentUrl":"https:\/\/nge.vn\/wp-content\/uploads\/2024\/10\/images-upload-woo2F313c453a0f1a1d3f116d1adaa0437056.jpg","width":753,"height":753},{"@type":"BreadcrumbList","@id":"https:\/\/nge.vn\/san-pham\/may-in-3d-resin-creality-halot-mage-pro-8k-10-3-inch-toc-do-va-do-chinh-xac-cao-chuyen-dung-cho-nha-khoa-va-nu-trang\/#breadcrumb","itemListElement":[{"@type":"ListItem","position":1,"name":"Trang ch\u1ee7","item":"https:\/\/nge.vn\/"},{"@type":"ListItem","position":2,"name":"S\u1ea3n ph\u1ea9m","item":"https:\/\/nge.vn\/san-pham\/"},{"@type":"ListItem","position":3,"name":"M\u00e1y in 3d resin Creality Halot Mage Pro 8K 10.3 inch t\u1ed1c \u0111\u1ed9 v\u00e0 \u0111\u1ed9 ch\u00ednh x\u00e1c cao chuy\u00ean d\u00f9ng cho Nha Khoa v\u00e0 N\u1eef Trang"}]},{"@type":"WebSite","@id":"https:\/\/nge.vn\/#website","url":"https:\/\/nge.vn\/","name":"NGE 3D Printers Services","description":"","potentialAction":[{"@type":"SearchAction","target":{"@type":"EntryPoint","urlTemplate":"https:\/\/nge.vn\/?s={search_term_string}"},"query-input":{"@type":"PropertyValueSpecification","valueRequired":true,"valueName":"search_term_string"}}],"inLanguage":"en-US"}]}},"_links":{"self":[{"href":"https:\/\/nge.vn\/en\/wp-json\/wp\/v2\/product\/4122","targetHints":{"allow":["GET"]}}],"collection":[{"href":"https:\/\/nge.vn\/en\/wp-json\/wp\/v2\/product"}],"about":[{"href":"https:\/\/nge.vn\/en\/wp-json\/wp\/v2\/types\/product"}],"replies":[{"embeddable":true,"href":"https:\/\/nge.vn\/en\/wp-json\/wp\/v2\/comments?post=4122"}],"wp:featuredmedia":[{"embeddable":true,"href":"https:\/\/nge.vn\/en\/wp-json\/wp\/v2\/media\/4113"}],"wp:attachment":[{"href":"https:\/\/nge.vn\/en\/wp-json\/wp\/v2\/media?parent=4122"}],"wp:term":[{"taxonomy":"product_brand","embeddable":true,"href":"https:\/\/nge.vn\/en\/wp-json\/wp\/v2\/product_brand?post=4122"},{"taxonomy":"product_cat","embeddable":true,"href":"https:\/\/nge.vn\/en\/wp-json\/wp\/v2\/product_cat?post=4122"},{"taxonomy":"product_tag","embeddable":true,"href":"https:\/\/nge.vn\/en\/wp-json\/wp\/v2\/product_tag?post=4122"}],"curies":[{"name":"wp","href":"https:\/\/api.w.org\/{rel}","templated":true}]}}