{"id":4099,"date":"2024-10-26T17:06:50","date_gmt":"2024-10-26T10:06:50","guid":{"rendered":"https:\/\/nge.123websitedev.com\/san-pham\/may-in-3d-creality-k1-toc-do-in-600mm-s-max\/"},"modified":"2024-10-28T14:29:10","modified_gmt":"2024-10-28T07:29:10","slug":"may-in-3d-creality-k1-toc-do-in-600mm-s-max","status":"publish","type":"product","link":"https:\/\/nge.vn\/en\/product\/may-in-3d-creality-k1-toc-do-in-600mm-s-max\/","title":{"rendered":"Creality K1 3D printer printing speed 600mm\/s max"},"content":{"rendered":"<p>K1 nhanh h\u01a1n 12 l\u1ea7n so v\u1edbi m\u00e1y in 3D FDM th\u00f4ng th\u01b0\u1eddng. T\u1ed1c \u0111\u1ed9 nhanh gi\u00fap gi\u1ea3m th\u1eddi gian in v\u00e0 n\u00e2ng cao hi\u1ec7u qu\u1ea3. N\u00f3 s\u1eed d\u1ee5ng \u00edt n\u0103ng l\u01b0\u1ee3ng h\u01a1n cho c\u00f9ng m\u1ed9t \u0111\u1ea7u ra<br \/>\n*T\u1ed1c \u0111\u1ed9 600mm\/s \u0111\u1ea1t \u0111\u01b0\u1ee3c t\u1ea1i Creality Lab \u1edf Ch\u1ebf \u0111\u1ed9 B\u1ec1 m\u1eb7t v\u1edbi chi\u1ec1u cao l\u1edbp 0,1 mm.<br \/>\n*T\u1ed1c \u0111\u1ed9 \u0111i\u1ec3n h\u00ecnh l\u00e0 300mm\/s. T\u1ed1c \u0111\u1ed9 di chuy\u1ec3n l\u00e0 800mm\/s.<br \/>\n_Lu\u00f4n in \u1edf t\u1ed1c \u0111\u1ed9 t\u1ed1i \u0111a V\u1edbi kh\u1ea3 n\u0103ng t\u0103ng t\u1ed1c 20000mm\/s\u00b2, K1 t\u0103ng t\u1ed1c l\u00ean t\u1edbi 600mm\/s ch\u1ec9 trong 0,03s, mang l\u1ea1i t\u1ed1c \u0111\u1ed9 t\u1ed1i \u0111a trong 90% th\u1eddi gian in.<br \/>\n_M\u00f4 h\u00ecnh l\u00e0m m\u00e1t b\u1eb1ng qu\u1ea1t k\u00e9p<br \/>\nM\u1ed9t qu\u1ea1t l\u1edbn tr\u00ean \u0111\u1ea7u in v\u1edbi c\u00e1c \u1ed1ng d\u1eabn kh\u00ed l\u00e0m m\u00e1t tr\u1ef1c ti\u1ebfp m\u00f4 h\u00ecnh. M\u1ed9t qu\u1ea1t ph\u1ee5 18W trong bu\u1ed3ng d\u1ef1ng c\u0169ng n\u00e2ng cao hi\u1ec7u qu\u1ea3 l\u00e0m m\u00e1t.<br \/>\n_T\u1ef1 ki\u1ec3m tra b\u1eb1ng m\u1ed9t ch\u1ea1m<br \/>\nNh\u1ea5n m\u1ed9t l\u1ea7n v\u00e0 K1 s\u1ebd t\u1ef1 ki\u1ec3m tra m\u00e1y \u0111\u00f9n, \u0111\u1ebf t\u1ea3n nhi\u1ec7t, m\u00e1y \u1ea3nh (t\u00f9y ch\u1ecdn), qu\u1ea1t, c\u00e2n b\u1eb1ng, v.v. M\u1ecdi b\u1ea5t th\u01b0\u1eddng \u0111\u01b0\u1ee3c ph\u00e1t hi\u1ec7n s\u1ebd nh\u1eafc nh\u1edf tr\u00ean m\u00e0n h\u00ecnh. V\u00ec v\u1eady, ng\u01b0\u1eddi d\u00f9ng c\u00f3 th\u1ec3 t\u1ef1 tin ti\u1ebfn h\u00e0nh m\u00e0 kh\u00f4ng g\u1eb7p tr\u1edf ng\u1ea1i n\u00e0o.<br \/>\n_C\u00e2n b\u1eb1ng t\u1ef1 \u0111\u1ed9ng r\u1ea3nh tay<br \/>\nM\u1ed9t lo\u1ea1t c\u00e1c c\u1ea3m bi\u1ebfn bi\u1ebfn d\u1ea1ng \u0111\u01b0\u1ee3c nh\u00fang trong \u0111\u1ebf nhi\u1ec7t \u0111\u1ec3 t\u1ea1o ra m\u1ed9t l\u01b0\u1edbi c\u00e2n b\u1eb1ng ch\u00ednh x\u00e1c. To\u00e0n b\u1ed9 qu\u00e1 tr\u00ecnh t\u1ef1 di\u1ec5n ra sau khi qu\u00e1 tr\u00ecnh in b\u1eaft \u0111\u1ea7u<br \/>\n_Khung c\u1ee7a K1 \u0111\u01b0\u1ee3c ch\u1ebf t\u1ea1o b\u1eb1ng c\u00e1c b\u1ed9 ph\u1eadn h\u1ee3p kim nh\u00f4m \u0111\u00fac c\u1ee9ng. N\u00f3 cho ph\u00e9p in \u1ed5n \u0111\u1ecbnh \u1edf t\u1ed1c \u0111\u1ed9 cao. V\u00e0 ch\u1ea5t l\u01b0\u1ee3ng in lu\u00f4n tuy\u1ec7t v\u1eddi.<br \/>\n_B\u00e0n nhi\u1ec7t h\u1ee3p kim nh\u00f4m lan truy\u1ec1n nhi\u1ec7t \u0111\u1ec1u v\u00e0 nhanh ch\u00f3ng. N\u00f3 \u0111\u1ea1t 60\u2103 ch\u1ec9 trong 180s<br \/>\n_K1 c\u00f3 th\u1ec3 in qua \u1ed5 USB ho\u1eb7c WiFi. V\u1edbi k\u1ebft n\u1ed1i m\u1ea1ng K1 c\u00f3 th\u1ec3 \u0111\u01b0\u1ee3c \u0111i\u1ec1u khi\u1ec3n ho\u1eb7c gi\u00e1m s\u00e1t* t\u1eeb xa t\u1eeb Creality Print ho\u1eb7c Creality Cloud APP\/WEB. Ki\u1ec3m so\u00e1t c\u1ee5m c\u0169ng \u0111\u01b0\u1ee3c cho ph\u00e9p khi nhi\u1ec1u m\u00e1y in K1 tr\u1ef1c tuy\u1ebfn. Sau khi qu\u00e1 tr\u00ecnh in ho\u00e0n t\u1ea5t ho\u1eb7c b\u1ea5t th\u01b0\u1eddng, m\u1ed9t th\u00f4ng b\u00e1o s\u1ebd \u0111\u01b0\u1ee3c g\u1eedi \u0111\u1ebfn \u0111i\u1ec7n tho\u1ea1i ho\u1eb7c PC c\u1ee7a b\u1ea1n. Kh\u00f4ng c\u00f2n theo d\u00f5i ch\u1eb7t ch\u1ebd.<\/p>\n<p>+Printing Technology: FDM<br \/>\n+Build Volume: 220*220*250mm<br \/>\n+Product Dimensions: 355*355*480mm<br \/>\n+Package Dimensions: 415*415*550mm<br \/>\n+Net Weight: 12.5kg<br \/>\n+Gross Weight: 16kg<br \/>\n+Printing Speed: \u2264600mm\/s<br \/>\n+Acceleration: \u226420000mm\/s\u00b2<br \/>\n+Printing Accuracy: 100\u00b10.1mm<br \/>\n+Layer Height: 0.1-0.35mm<br \/>\n+Extruder: Dual-gear direct drive extruder<br \/>\n+Filament Diameter: 1.75mm<br \/>\n+Nozzle Diameter: 0.4mm\uff08compatible with 0.6\/0.8mm\uff09<br \/>\n+Nozzle Temperature: \u2264300\u2103<br \/>\n+Heatbed Temperature: \u2264100\u2103<br \/>\n+Build Surface: Flexible build plate<br \/>\n+Leveling Mode: Hands-free auto leveling<br \/>\n+File Transfer: USB drive, WiFi<br \/>\n+Display Screen: 4.3&#8243; color touch screen<br \/>\n+AI Camera: Optional<br \/>\n+AI LiDAR: Optional<br \/>\n+Power Loss Recovery: Yes<br \/>\n+Filament Runout Sensor: Yes<br \/>\n+Input Shaping: Yes<br \/>\n+Lighting Kit: Yes<br \/>\n+Sleep Mode: Yes<br \/>\n+Rated Voltage: 100-120V~, 200-240V~, 50\/60Hz<br \/>\n+Rated Power: 350W<br \/>\n+Supported Filaments: ABS, PLA, PETG, PET, TPU, PA, ABS, ASA, PC, PLA-CF, PA-CF, PET-CF<br \/>\n+Printable File Format: G-Code<br \/>\n+Slicing Software: Creality Print; compatible with Cura, Simplify3D, PrusaSlicer<br \/>\n+File Formats for Slicing: STL, OBJ, AMF<br \/>\n+UI Languages: English, Spanish, German, French, Russian, Portuguese, Italian, Turkish, Japanese, Chinese<\/p>\n<p>**To receive a better price, please contact the shop directly.<br \/>\n0913.939.775 contact A.Quan (for English)<br \/>\n094.144.0951 contact A.Quynh<br \/>\n**Selling price does not include VAT (+10% if VAT invoice is issued)<\/p>","protected":false},"excerpt":{"rendered":"<p>Creality K1 3D printer printing speed 600mm\/s max<\/p>","protected":false},"featured_media":4090,"comment_status":"open","ping_status":"closed","template":"","meta":{"inline_featured_image":false},"product_brand":[],"product_cat":[39,51],"product_tag":[],"class_list":{"0":"post-4099","1":"product","2":"type-product","3":"status-publish","4":"has-post-thumbnail","6":"product_cat-may-in-3d","7":"product_cat-may-in-3d-creality","9":"first","10":"instock","11":"taxable","12":"shipping-taxable","13":"purchasable","14":"product-type-variable"},"yoast_head":"<!-- This site is optimized with the Yoast SEO Premium plugin v22.8 (Yoast SEO v26.9) - https:\/\/yoast.com\/product\/yoast-seo-premium-wordpress\/ -->\n<title>M\u00e1y in 3D Creality K1 t\u1ed1c \u0111\u1ed9 in 600mm\/s max - NGE 3D Printers Services<\/title>\n<meta name=\"robots\" content=\"index, follow, max-snippet:-1, max-image-preview:large, max-video-preview:-1\" \/>\n<link rel=\"canonical\" href=\"https:\/\/nge.vn\/en\/product\/may-in-3d-creality-k1-toc-do-in-600mm-s-max\/\" \/>\n<meta property=\"og:locale\" content=\"en_US\" \/>\n<meta property=\"og:type\" content=\"article\" \/>\n<meta property=\"og:title\" content=\"M\u00e1y in 3D Creality K1 t\u1ed1c \u0111\u1ed9 in 600mm\/s max\" \/>\n<meta property=\"og:description\" content=\"M\u00e1y in 3D Creality K1 t\u1ed1c \u0111\u1ed9 in 600mm\/s max\" \/>\n<meta property=\"og:url\" content=\"https:\/\/nge.vn\/en\/product\/may-in-3d-creality-k1-toc-do-in-600mm-s-max\/\" \/>\n<meta property=\"og:site_name\" content=\"NGE 3D Printers Services\" \/>\n<meta property=\"article:modified_time\" content=\"2024-10-28T07:29:10+00:00\" \/>\n<meta property=\"og:image\" content=\"https:\/\/nge.vn\/wp-content\/uploads\/2024\/10\/images-upload-woo2F2305790973c62960a7506ed4a28c7bb6.jpg\" \/>\n\t<meta property=\"og:image:width\" content=\"1000\" \/>\n\t<meta property=\"og:image:height\" content=\"1000\" \/>\n\t<meta property=\"og:image:type\" content=\"image\/jpeg\" \/>\n<meta name=\"twitter:card\" content=\"summary_large_image\" \/>\n<meta name=\"twitter:label1\" content=\"Est. reading time\" \/>\n\t<meta name=\"twitter:data1\" content=\"4 minutes\" \/>\n<script type=\"application\/ld+json\" class=\"yoast-schema-graph\">{\"@context\":\"https:\/\/schema.org\",\"@graph\":[{\"@type\":\"WebPage\",\"@id\":\"https:\/\/nge.vn\/san-pham\/may-in-3d-creality-k1-toc-do-in-600mm-s-max\/\",\"url\":\"https:\/\/nge.vn\/san-pham\/may-in-3d-creality-k1-toc-do-in-600mm-s-max\/\",\"name\":\"M\u00e1y in 3D Creality K1 t\u1ed1c \u0111\u1ed9 in 600mm\/s max - NGE 3D Printers Services\",\"isPartOf\":{\"@id\":\"https:\/\/nge.vn\/#website\"},\"primaryImageOfPage\":{\"@id\":\"https:\/\/nge.vn\/san-pham\/may-in-3d-creality-k1-toc-do-in-600mm-s-max\/#primaryimage\"},\"image\":{\"@id\":\"https:\/\/nge.vn\/san-pham\/may-in-3d-creality-k1-toc-do-in-600mm-s-max\/#primaryimage\"},\"thumbnailUrl\":\"https:\/\/nge.vn\/wp-content\/uploads\/2024\/10\/images-upload-woo2F2305790973c62960a7506ed4a28c7bb6.jpg\",\"datePublished\":\"2024-10-26T10:06:50+00:00\",\"dateModified\":\"2024-10-28T07:29:10+00:00\",\"breadcrumb\":{\"@id\":\"https:\/\/nge.vn\/san-pham\/may-in-3d-creality-k1-toc-do-in-600mm-s-max\/#breadcrumb\"},\"inLanguage\":\"en-US\",\"potentialAction\":[{\"@type\":\"ReadAction\",\"target\":[\"https:\/\/nge.vn\/san-pham\/may-in-3d-creality-k1-toc-do-in-600mm-s-max\/\"]}]},{\"@type\":\"ImageObject\",\"inLanguage\":\"en-US\",\"@id\":\"https:\/\/nge.vn\/san-pham\/may-in-3d-creality-k1-toc-do-in-600mm-s-max\/#primaryimage\",\"url\":\"https:\/\/nge.vn\/wp-content\/uploads\/2024\/10\/images-upload-woo2F2305790973c62960a7506ed4a28c7bb6.jpg\",\"contentUrl\":\"https:\/\/nge.vn\/wp-content\/uploads\/2024\/10\/images-upload-woo2F2305790973c62960a7506ed4a28c7bb6.jpg\",\"width\":1000,\"height\":1000},{\"@type\":\"BreadcrumbList\",\"@id\":\"https:\/\/nge.vn\/san-pham\/may-in-3d-creality-k1-toc-do-in-600mm-s-max\/#breadcrumb\",\"itemListElement\":[{\"@type\":\"ListItem\",\"position\":1,\"name\":\"Trang ch\u1ee7\",\"item\":\"https:\/\/nge.vn\/\"},{\"@type\":\"ListItem\",\"position\":2,\"name\":\"S\u1ea3n ph\u1ea9m\",\"item\":\"https:\/\/nge.vn\/san-pham\/\"},{\"@type\":\"ListItem\",\"position\":3,\"name\":\"M\u00e1y in 3D Creality K1 t\u1ed1c \u0111\u1ed9 in 600mm\/s max\"}]},{\"@type\":\"WebSite\",\"@id\":\"https:\/\/nge.vn\/#website\",\"url\":\"https:\/\/nge.vn\/\",\"name\":\"NGE 3D Printers Services\",\"description\":\"\",\"potentialAction\":[{\"@type\":\"SearchAction\",\"target\":{\"@type\":\"EntryPoint\",\"urlTemplate\":\"https:\/\/nge.vn\/?s={search_term_string}\"},\"query-input\":{\"@type\":\"PropertyValueSpecification\",\"valueRequired\":true,\"valueName\":\"search_term_string\"}}],\"inLanguage\":\"en-US\"}]}<\/script>\n<!-- \/ Yoast SEO Premium plugin. -->","yoast_head_json":{"title":"M\u00e1y in 3D Creality K1 t\u1ed1c \u0111\u1ed9 in 600mm\/s max - NGE 3D Printers Services","robots":{"index":"index","follow":"follow","max-snippet":"max-snippet:-1","max-image-preview":"max-image-preview:large","max-video-preview":"max-video-preview:-1"},"canonical":"https:\/\/nge.vn\/en\/product\/may-in-3d-creality-k1-toc-do-in-600mm-s-max\/","og_locale":"en_US","og_type":"article","og_title":"M\u00e1y in 3D Creality K1 t\u1ed1c \u0111\u1ed9 in 600mm\/s max","og_description":"M\u00e1y in 3D Creality K1 t\u1ed1c \u0111\u1ed9 in 600mm\/s max","og_url":"https:\/\/nge.vn\/en\/product\/may-in-3d-creality-k1-toc-do-in-600mm-s-max\/","og_site_name":"NGE 3D Printers Services","article_modified_time":"2024-10-28T07:29:10+00:00","og_image":[{"width":1000,"height":1000,"url":"https:\/\/nge.vn\/wp-content\/uploads\/2024\/10\/images-upload-woo2F2305790973c62960a7506ed4a28c7bb6.jpg","type":"image\/jpeg"}],"twitter_card":"summary_large_image","twitter_misc":{"Est. reading time":"4 minutes"},"schema":{"@context":"https:\/\/schema.org","@graph":[{"@type":"WebPage","@id":"https:\/\/nge.vn\/san-pham\/may-in-3d-creality-k1-toc-do-in-600mm-s-max\/","url":"https:\/\/nge.vn\/san-pham\/may-in-3d-creality-k1-toc-do-in-600mm-s-max\/","name":"M\u00e1y in 3D Creality K1 t\u1ed1c \u0111\u1ed9 in 600mm\/s max - NGE 3D Printers Services","isPartOf":{"@id":"https:\/\/nge.vn\/#website"},"primaryImageOfPage":{"@id":"https:\/\/nge.vn\/san-pham\/may-in-3d-creality-k1-toc-do-in-600mm-s-max\/#primaryimage"},"image":{"@id":"https:\/\/nge.vn\/san-pham\/may-in-3d-creality-k1-toc-do-in-600mm-s-max\/#primaryimage"},"thumbnailUrl":"https:\/\/nge.vn\/wp-content\/uploads\/2024\/10\/images-upload-woo2F2305790973c62960a7506ed4a28c7bb6.jpg","datePublished":"2024-10-26T10:06:50+00:00","dateModified":"2024-10-28T07:29:10+00:00","breadcrumb":{"@id":"https:\/\/nge.vn\/san-pham\/may-in-3d-creality-k1-toc-do-in-600mm-s-max\/#breadcrumb"},"inLanguage":"en-US","potentialAction":[{"@type":"ReadAction","target":["https:\/\/nge.vn\/san-pham\/may-in-3d-creality-k1-toc-do-in-600mm-s-max\/"]}]},{"@type":"ImageObject","inLanguage":"en-US","@id":"https:\/\/nge.vn\/san-pham\/may-in-3d-creality-k1-toc-do-in-600mm-s-max\/#primaryimage","url":"https:\/\/nge.vn\/wp-content\/uploads\/2024\/10\/images-upload-woo2F2305790973c62960a7506ed4a28c7bb6.jpg","contentUrl":"https:\/\/nge.vn\/wp-content\/uploads\/2024\/10\/images-upload-woo2F2305790973c62960a7506ed4a28c7bb6.jpg","width":1000,"height":1000},{"@type":"BreadcrumbList","@id":"https:\/\/nge.vn\/san-pham\/may-in-3d-creality-k1-toc-do-in-600mm-s-max\/#breadcrumb","itemListElement":[{"@type":"ListItem","position":1,"name":"Trang ch\u1ee7","item":"https:\/\/nge.vn\/"},{"@type":"ListItem","position":2,"name":"S\u1ea3n ph\u1ea9m","item":"https:\/\/nge.vn\/san-pham\/"},{"@type":"ListItem","position":3,"name":"M\u00e1y in 3D Creality K1 t\u1ed1c \u0111\u1ed9 in 600mm\/s max"}]},{"@type":"WebSite","@id":"https:\/\/nge.vn\/#website","url":"https:\/\/nge.vn\/","name":"NGE 3D Printers Services","description":"","potentialAction":[{"@type":"SearchAction","target":{"@type":"EntryPoint","urlTemplate":"https:\/\/nge.vn\/?s={search_term_string}"},"query-input":{"@type":"PropertyValueSpecification","valueRequired":true,"valueName":"search_term_string"}}],"inLanguage":"en-US"}]}},"_links":{"self":[{"href":"https:\/\/nge.vn\/en\/wp-json\/wp\/v2\/product\/4099","targetHints":{"allow":["GET"]}}],"collection":[{"href":"https:\/\/nge.vn\/en\/wp-json\/wp\/v2\/product"}],"about":[{"href":"https:\/\/nge.vn\/en\/wp-json\/wp\/v2\/types\/product"}],"replies":[{"embeddable":true,"href":"https:\/\/nge.vn\/en\/wp-json\/wp\/v2\/comments?post=4099"}],"wp:featuredmedia":[{"embeddable":true,"href":"https:\/\/nge.vn\/en\/wp-json\/wp\/v2\/media\/4090"}],"wp:attachment":[{"href":"https:\/\/nge.vn\/en\/wp-json\/wp\/v2\/media?parent=4099"}],"wp:term":[{"taxonomy":"product_brand","embeddable":true,"href":"https:\/\/nge.vn\/en\/wp-json\/wp\/v2\/product_brand?post=4099"},{"taxonomy":"product_cat","embeddable":true,"href":"https:\/\/nge.vn\/en\/wp-json\/wp\/v2\/product_cat?post=4099"},{"taxonomy":"product_tag","embeddable":true,"href":"https:\/\/nge.vn\/en\/wp-json\/wp\/v2\/product_tag?post=4099"}],"curies":[{"name":"wp","href":"https:\/\/api.w.org\/{rel}","templated":true}]}}