{"id":4089,"date":"2024-10-26T17:05:08","date_gmt":"2024-10-26T10:05:08","guid":{"rendered":"https:\/\/nge.123websitedev.com\/san-pham\/den-uv-resin-curing-light-405nm-dong-ran-cho-mo-hinh-3d-resin\/"},"modified":"2024-10-28T16:06:18","modified_gmt":"2024-10-28T09:06:18","slug":"den-uv-resin-curing-light-405nm-dong-ran-cho-mo-hinh-3d-resin","status":"publish","type":"product","link":"https:\/\/nge.vn\/en\/product\/den-uv-resin-curing-light-405nm-dong-ran-cho-mo-hinh-3d-resin\/","title":{"rendered":"UV Resin Curing Light 405nm for curing 3d resin models"},"content":{"rendered":"<p>UV Resin Curing Light 405nm for curing 3d resin models<br \/>\n100% h\u00e0ng ch\u00ednh hi\u1ec7u BIQU, ch\u1ea5t l\u01b0\u1ee3ng cao.<br \/>\n1. \u0110\u00e8n LED UV n\u00e0y v\u1edbi 6 \u0111\u00e8n aLED UV 405nm c\u00f4ng su\u1ea5t cao, c\u00f3 th\u1ec3 x\u1eed l\u00fd nhanh c\u00e1c v\u1eadt th\u1ec3 \u0111\u01b0\u1ee3c in b\u1eb1ng nh\u1ef1a UV 405nm, l\u00e0m cho c\u00e1c v\u1eadt th\u1ec3 r\u1eafn ch\u1eafc m\u1ed9t c\u00e1ch hi\u1ec7u qu\u1ea3 v\u00e0 s\u1eed d\u1ee5ng \u00edt th\u1eddi gian h\u01a1n so v\u1edbai c\u00e1c c\u00e1ch th\u00f4ng th\u01b0\u1eddng.<\/p>\n<p>2. Trong v\u00f2ng 5cm so v\u1edbi \u00e1nh s\u00e1ng, nh\u1ef1a c\u00f3 th\u1ec3 kh\u00f4 trong v\u00f2ng 10-15 gi\u00e2y, nh\u01b0ng c\u00e1c b\u1ed9 ph\u1eadn d\u00e0y h\u01a1n c\u1ea7n nhi\u1ec1u th\u1eddi gian h\u01a1n.<\/p>\n<p>3. \u0110\u00e8n n\u00e0y c\u00f3 th\u1ec3 \u0111\u01b0\u1ee3c \u00e1p d\u1ee5ng cho v\u1ecf b\u1ea3o d\u01b0\u1ee1ng DIY ho\u1eb7c s\u1eed d\u1ee5ng theo c\u00e1ch c\u1ea7m tay. Do \u0111\u1ea7u ra tia c\u1ef1c t\u00edm m\u1ea1nh, vui l\u00f2ng trang b\u1ecb thi\u1ebft b\u1ecb b\u1ea3o v\u1ec7 m\u1eaft khi s\u1eed d\u1ee5ng \u0111\u00e8n n\u00e0y.<\/p>\n<p>_Th\u00f4ng s\u1ed1 k\u1ef9 thu\u1eadt:<br \/>\n+T\u00ean s\u1ea3n ph\u1ea9m: UV curing lamp (\u0111\u00e8n UV \u0111\u00f3ng r\u1eafn)<br \/>\n+B\u01b0\u1edbc s\u00f3ng ph\u00e1t s\u00e1ng: 405nm<br \/>\n+T\u1ea7n s\u1ed1: 150-60Hz<br \/>\n+C\u00f4ng su\u1ea5t \u00e1nh s\u00e1ng: C\u00f4ng su\u1ea5t 6W v\u00e0 \u1ea3nh h\u01b0\u1edfng tia c\u1ef1c t\u00edm 60W<br \/>\n+Ngu\u1ed3n \u0111i\u1ec7n v\u00e0o: 220V<br \/>\n+C\u00e2n n\u1eb7ng: 450g<br \/>\n+K\u00edch th\u01b0\u1edbc: 115x85x75mm<br \/>\n+Tu\u1ed5i th\u1ecd l\u00fd thuy\u1ebft: 10000H<br \/>\n+M\u1ee5c \u0111\u00edch: B\u1ea3o d\u01b0\u1ee1ng UV, b\u1ea3o d\u01b0\u1ee1ng nh\u1ef1a (b\u1ea3o d\u01b0\u1ee1ng in SLA DLP).<\/p>\n<p>G\u00f3i h\u00e0ng bao g\u1ed3m:<br \/>\n1 x \u0110\u00e8n b\u1ea3o d\u01b0\u1ee1ng nh\u1ef1a UV<\/p>\n<p>_Ghi ch\u00fa:<br \/>\nVui l\u00f2ng cho ph\u00e9p sai s\u1ed1 1-3mm do \u0111o l\u01b0\u1eddng th\u1ee7 c\u00f4ng.<br \/>\nDo m\u00e0n h\u00ecnh kh\u00e1c nhau v\u00e0 \u00e1nh s\u00e1ng kh\u00e1c nhau, h\u00ecnh \u1ea3nh c\u00f3 th\u1ec3 kh\u00f4ng hi\u1ec3n th\u1ecb m\u00e0u s\u1eafc th\u1ef1c c\u1ee7a v\u1eadt ph\u1ea9m. C\u1ea3m \u01a1n s\u1ef1 th\u00f4ng c\u1ea3m c\u1ee7a b\u1ea1n.<\/p>\n<p>**To receive a better price, please contact the shop directly.<br \/>\n     0913.939.775 contact A.Quan (for English)<br \/>\n     094.144.0951 contact A.Quynh<br \/>\n**Selling price does not include VAT (+10% if VAT invoice is issued)<\/p>","protected":false},"excerpt":{"rendered":"<p>UV Resin Curing Light 405nm for curing 3d resin models<\/p>","protected":false},"featured_media":4080,"comment_status":"open","ping_status":"closed","template":"","meta":{"inline_featured_image":false},"product_brand":[],"product_cat":[40,58],"product_tag":[],"class_list":{"0":"post-4089","1":"product","2":"type-product","3":"status-publish","4":"has-post-thumbnail","6":"product_cat-linh-kien-va-phu-kien","7":"product_cat-phu-kien-may-in-3d-bigtreetech","9":"first","10":"outofstock","11":"taxable","12":"shipping-taxable","13":"purchasable","14":"product-type-simple"},"yoast_head":"<!-- This site is optimized with the Yoast SEO Premium plugin v22.8 (Yoast SEO v26.9) - https:\/\/yoast.com\/product\/yoast-seo-premium-wordpress\/ -->\n<title>\u0110\u00e8n UV Resin Curing Light 405nm \u0111\u00f3ng r\u1eafn cho m\u00f4 h\u00ecnh 3d resin - NGE 3D Printers Services<\/title>\n<meta name=\"robots\" content=\"index, follow, max-snippet:-1, max-image-preview:large, max-video-preview:-1\" \/>\n<link rel=\"canonical\" href=\"https:\/\/nge.vn\/en\/product\/den-uv-resin-curing-light-405nm-dong-ran-cho-mo-hinh-3d-resin\/\" \/>\n<meta property=\"og:locale\" content=\"en_US\" \/>\n<meta property=\"og:type\" content=\"article\" \/>\n<meta property=\"og:title\" content=\"\u0110\u00e8n UV Resin Curing Light 405nm \u0111\u00f3ng r\u1eafn cho m\u00f4 h\u00ecnh 3d resin\" \/>\n<meta property=\"og:description\" content=\"\u0110\u00e8n UV Resin Curing Light 405nm \u0111\u00f3ng r\u1eafn cho m\u00f4 h\u00ecnh 3d resin\" \/>\n<meta property=\"og:url\" content=\"https:\/\/nge.vn\/en\/product\/den-uv-resin-curing-light-405nm-dong-ran-cho-mo-hinh-3d-resin\/\" \/>\n<meta property=\"og:site_name\" content=\"NGE 3D Printers Services\" \/>\n<meta property=\"article:modified_time\" content=\"2024-10-28T09:06:18+00:00\" \/>\n<meta property=\"og:image\" content=\"https:\/\/nge.vn\/wp-content\/uploads\/2024\/10\/images-upload-woo2Ffb6472822f8de0431faf4d63485c426c.jpg\" \/>\n\t<meta property=\"og:image:width\" content=\"655\" \/>\n\t<meta property=\"og:image:height\" content=\"655\" \/>\n\t<meta property=\"og:image:type\" content=\"image\/jpeg\" \/>\n<meta name=\"twitter:card\" content=\"summary_large_image\" \/>\n<meta name=\"twitter:label1\" content=\"Est. reading time\" \/>\n\t<meta name=\"twitter:data1\" content=\"2 minutes\" \/>\n<script type=\"application\/ld+json\" class=\"yoast-schema-graph\">{\"@context\":\"https:\/\/schema.org\",\"@graph\":[{\"@type\":\"WebPage\",\"@id\":\"https:\/\/nge.vn\/san-pham\/den-uv-resin-curing-light-405nm-dong-ran-cho-mo-hinh-3d-resin\/\",\"url\":\"https:\/\/nge.vn\/san-pham\/den-uv-resin-curing-light-405nm-dong-ran-cho-mo-hinh-3d-resin\/\",\"name\":\"\u0110\u00e8n UV Resin Curing Light 405nm \u0111\u00f3ng r\u1eafn cho m\u00f4 h\u00ecnh 3d resin - NGE 3D Printers Services\",\"isPartOf\":{\"@id\":\"https:\/\/nge.vn\/#website\"},\"primaryImageOfPage\":{\"@id\":\"https:\/\/nge.vn\/san-pham\/den-uv-resin-curing-light-405nm-dong-ran-cho-mo-hinh-3d-resin\/#primaryimage\"},\"image\":{\"@id\":\"https:\/\/nge.vn\/san-pham\/den-uv-resin-curing-light-405nm-dong-ran-cho-mo-hinh-3d-resin\/#primaryimage\"},\"thumbnailUrl\":\"https:\/\/nge.vn\/wp-content\/uploads\/2024\/10\/images-upload-woo2Ffb6472822f8de0431faf4d63485c426c.jpg\",\"datePublished\":\"2024-10-26T10:05:08+00:00\",\"dateModified\":\"2024-10-28T09:06:18+00:00\",\"breadcrumb\":{\"@id\":\"https:\/\/nge.vn\/san-pham\/den-uv-resin-curing-light-405nm-dong-ran-cho-mo-hinh-3d-resin\/#breadcrumb\"},\"inLanguage\":\"en-US\",\"potentialAction\":[{\"@type\":\"ReadAction\",\"target\":[\"https:\/\/nge.vn\/san-pham\/den-uv-resin-curing-light-405nm-dong-ran-cho-mo-hinh-3d-resin\/\"]}]},{\"@type\":\"ImageObject\",\"inLanguage\":\"en-US\",\"@id\":\"https:\/\/nge.vn\/san-pham\/den-uv-resin-curing-light-405nm-dong-ran-cho-mo-hinh-3d-resin\/#primaryimage\",\"url\":\"https:\/\/nge.vn\/wp-content\/uploads\/2024\/10\/images-upload-woo2Ffb6472822f8de0431faf4d63485c426c.jpg\",\"contentUrl\":\"https:\/\/nge.vn\/wp-content\/uploads\/2024\/10\/images-upload-woo2Ffb6472822f8de0431faf4d63485c426c.jpg\",\"width\":655,\"height\":655},{\"@type\":\"BreadcrumbList\",\"@id\":\"https:\/\/nge.vn\/san-pham\/den-uv-resin-curing-light-405nm-dong-ran-cho-mo-hinh-3d-resin\/#breadcrumb\",\"itemListElement\":[{\"@type\":\"ListItem\",\"position\":1,\"name\":\"Trang ch\u1ee7\",\"item\":\"https:\/\/nge.vn\/\"},{\"@type\":\"ListItem\",\"position\":2,\"name\":\"S\u1ea3n ph\u1ea9m\",\"item\":\"https:\/\/nge.vn\/san-pham\/\"},{\"@type\":\"ListItem\",\"position\":3,\"name\":\"\u0110\u00e8n UV Resin Curing Light 405nm \u0111\u00f3ng r\u1eafn cho m\u00f4 h\u00ecnh 3d resin\"}]},{\"@type\":\"WebSite\",\"@id\":\"https:\/\/nge.vn\/#website\",\"url\":\"https:\/\/nge.vn\/\",\"name\":\"NGE 3D Printers Services\",\"description\":\"\",\"potentialAction\":[{\"@type\":\"SearchAction\",\"target\":{\"@type\":\"EntryPoint\",\"urlTemplate\":\"https:\/\/nge.vn\/?s={search_term_string}\"},\"query-input\":{\"@type\":\"PropertyValueSpecification\",\"valueRequired\":true,\"valueName\":\"search_term_string\"}}],\"inLanguage\":\"en-US\"}]}<\/script>\n<!-- \/ Yoast SEO Premium plugin. -->","yoast_head_json":{"title":"\u0110\u00e8n UV Resin Curing Light 405nm \u0111\u00f3ng r\u1eafn cho m\u00f4 h\u00ecnh 3d resin - NGE 3D Printers Services","robots":{"index":"index","follow":"follow","max-snippet":"max-snippet:-1","max-image-preview":"max-image-preview:large","max-video-preview":"max-video-preview:-1"},"canonical":"https:\/\/nge.vn\/en\/product\/den-uv-resin-curing-light-405nm-dong-ran-cho-mo-hinh-3d-resin\/","og_locale":"en_US","og_type":"article","og_title":"\u0110\u00e8n UV Resin Curing Light 405nm \u0111\u00f3ng r\u1eafn cho m\u00f4 h\u00ecnh 3d resin","og_description":"\u0110\u00e8n UV Resin Curing Light 405nm \u0111\u00f3ng r\u1eafn cho m\u00f4 h\u00ecnh 3d resin","og_url":"https:\/\/nge.vn\/en\/product\/den-uv-resin-curing-light-405nm-dong-ran-cho-mo-hinh-3d-resin\/","og_site_name":"NGE 3D Printers Services","article_modified_time":"2024-10-28T09:06:18+00:00","og_image":[{"width":655,"height":655,"url":"https:\/\/nge.vn\/wp-content\/uploads\/2024\/10\/images-upload-woo2Ffb6472822f8de0431faf4d63485c426c.jpg","type":"image\/jpeg"}],"twitter_card":"summary_large_image","twitter_misc":{"Est. reading time":"2 minutes"},"schema":{"@context":"https:\/\/schema.org","@graph":[{"@type":"WebPage","@id":"https:\/\/nge.vn\/san-pham\/den-uv-resin-curing-light-405nm-dong-ran-cho-mo-hinh-3d-resin\/","url":"https:\/\/nge.vn\/san-pham\/den-uv-resin-curing-light-405nm-dong-ran-cho-mo-hinh-3d-resin\/","name":"\u0110\u00e8n UV Resin Curing Light 405nm \u0111\u00f3ng r\u1eafn cho m\u00f4 h\u00ecnh 3d resin - NGE 3D Printers Services","isPartOf":{"@id":"https:\/\/nge.vn\/#website"},"primaryImageOfPage":{"@id":"https:\/\/nge.vn\/san-pham\/den-uv-resin-curing-light-405nm-dong-ran-cho-mo-hinh-3d-resin\/#primaryimage"},"image":{"@id":"https:\/\/nge.vn\/san-pham\/den-uv-resin-curing-light-405nm-dong-ran-cho-mo-hinh-3d-resin\/#primaryimage"},"thumbnailUrl":"https:\/\/nge.vn\/wp-content\/uploads\/2024\/10\/images-upload-woo2Ffb6472822f8de0431faf4d63485c426c.jpg","datePublished":"2024-10-26T10:05:08+00:00","dateModified":"2024-10-28T09:06:18+00:00","breadcrumb":{"@id":"https:\/\/nge.vn\/san-pham\/den-uv-resin-curing-light-405nm-dong-ran-cho-mo-hinh-3d-resin\/#breadcrumb"},"inLanguage":"en-US","potentialAction":[{"@type":"ReadAction","target":["https:\/\/nge.vn\/san-pham\/den-uv-resin-curing-light-405nm-dong-ran-cho-mo-hinh-3d-resin\/"]}]},{"@type":"ImageObject","inLanguage":"en-US","@id":"https:\/\/nge.vn\/san-pham\/den-uv-resin-curing-light-405nm-dong-ran-cho-mo-hinh-3d-resin\/#primaryimage","url":"https:\/\/nge.vn\/wp-content\/uploads\/2024\/10\/images-upload-woo2Ffb6472822f8de0431faf4d63485c426c.jpg","contentUrl":"https:\/\/nge.vn\/wp-content\/uploads\/2024\/10\/images-upload-woo2Ffb6472822f8de0431faf4d63485c426c.jpg","width":655,"height":655},{"@type":"BreadcrumbList","@id":"https:\/\/nge.vn\/san-pham\/den-uv-resin-curing-light-405nm-dong-ran-cho-mo-hinh-3d-resin\/#breadcrumb","itemListElement":[{"@type":"ListItem","position":1,"name":"Trang ch\u1ee7","item":"https:\/\/nge.vn\/"},{"@type":"ListItem","position":2,"name":"S\u1ea3n ph\u1ea9m","item":"https:\/\/nge.vn\/san-pham\/"},{"@type":"ListItem","position":3,"name":"\u0110\u00e8n UV Resin Curing Light 405nm \u0111\u00f3ng r\u1eafn cho m\u00f4 h\u00ecnh 3d resin"}]},{"@type":"WebSite","@id":"https:\/\/nge.vn\/#website","url":"https:\/\/nge.vn\/","name":"NGE 3D Printers Services","description":"","potentialAction":[{"@type":"SearchAction","target":{"@type":"EntryPoint","urlTemplate":"https:\/\/nge.vn\/?s={search_term_string}"},"query-input":{"@type":"PropertyValueSpecification","valueRequired":true,"valueName":"search_term_string"}}],"inLanguage":"en-US"}]}},"_links":{"self":[{"href":"https:\/\/nge.vn\/en\/wp-json\/wp\/v2\/product\/4089","targetHints":{"allow":["GET"]}}],"collection":[{"href":"https:\/\/nge.vn\/en\/wp-json\/wp\/v2\/product"}],"about":[{"href":"https:\/\/nge.vn\/en\/wp-json\/wp\/v2\/types\/product"}],"replies":[{"embeddable":true,"href":"https:\/\/nge.vn\/en\/wp-json\/wp\/v2\/comments?post=4089"}],"wp:featuredmedia":[{"embeddable":true,"href":"https:\/\/nge.vn\/en\/wp-json\/wp\/v2\/media\/4080"}],"wp:attachment":[{"href":"https:\/\/nge.vn\/en\/wp-json\/wp\/v2\/media?parent=4089"}],"wp:term":[{"taxonomy":"product_brand","embeddable":true,"href":"https:\/\/nge.vn\/en\/wp-json\/wp\/v2\/product_brand?post=4089"},{"taxonomy":"product_cat","embeddable":true,"href":"https:\/\/nge.vn\/en\/wp-json\/wp\/v2\/product_cat?post=4089"},{"taxonomy":"product_tag","embeddable":true,"href":"https:\/\/nge.vn\/en\/wp-json\/wp\/v2\/product_tag?post=4089"}],"curies":[{"name":"wp","href":"https:\/\/api.w.org\/{rel}","templated":true}]}}