{"id":408,"date":"2024-10-25T12:16:15","date_gmt":"2024-10-25T05:16:15","guid":{"rendered":"https:\/\/nge.123websitedev.com\/san-pham\/may-in-3d-resin-creality-halot-sky-6k-kho-in-192120200mm\/"},"modified":"2024-10-28T15:44:32","modified_gmt":"2024-10-28T08:44:32","slug":"may-in-3d-resin-creality-halot-sky-6k-kho-in-192120200mm","status":"publish","type":"product","link":"https:\/\/nge.vn\/en\/product\/may-in-3d-resin-creality-halot-sky-6k-kho-in-192120200mm\/","title":{"rendered":"Creality HALOT SKY 6K resin 3D printer, printing size 192*120*200mm"},"content":{"rendered":"<p>Creality HALOT SKY 6K resin 3D printer, printing size 192*120*200mm<br \/>\n_M\u00e1y in 3d resin HALOT-SKY l\u00e0 th\u1ebf h\u1ec7 m\u1edbi c\u1ee7a m\u00e1y in 3d resin th\u00f4ng th\u01b0\u1eddng. \u0110\u1ed5i m\u1edbi kh\u00f4ng gi\u1edbi h\u1ea1n th\u00fac \u0111\u1ea9y t\u01b0\u01a1ng lai in nh\u1ef1a resin.<br \/>\n**N\u00e2ng c\u1ea5p c\u00f4ng ngh\u1ec7 c\u1ed1t l\u00f5i cho th\u1ebf h\u1ec7 ho\u00e0n to\u00e0n m\u1edbi<br \/>\n_Si\u00eau ti\u00eau \u0111i\u1ec3m<br \/>\n_Tr\u00ed n\u00e3o m\u1ea1nh m\u1ebd c\u1ee7a AI<br \/>\n_C\u1eaft nhanh nh\u1eb9n<br \/>\n_Tr\u1ee5c Z \u1ed5n \u0111\u1ecbnh cao<br \/>\n_\u0110i\u1ec1u khi\u1ec3n th\u00f4ng minh WIFI-APP<br \/>\n_N\u00e2ng c\u1ea5p tr\u1ef1c tuy\u1ebfn OTA<br \/>\n_N\u1eafp L\u1eadt b\u1ea3o v\u1ec7<br \/>\n_M\u00e0n h\u00ecnh Monochrome \u0111\u01a1n s\u1eafc 6K<br \/>\n_H\u1ec7 th\u1ed1ng t\u1ef1 ph\u00e1t tri\u1ec3n + M\u00e0n h\u00ecnh hi\u1ec3n th\u1ecb ch\u1ebf \u0111\u1ed9 d\u1ecdc 5 inch<\/p>\n<p>**Ngu\u1ed3n s\u00e1ng t\u00edch h\u1ee3p t\u1ef1 ph\u00e1t tri\u1ec3n, \u0110i\u1ec1u khi\u1ec3n \u00e1nh s\u00e1ng ch\u00ednh x\u00e1c:<br \/>\n_C\u00f4ng ngh\u1ec7 ngu\u1ed3n s\u00e1ng th\u1ebf h\u1ec7 m\u1edbi.<br \/>\n_\u00c1p d\u1ee5ng c\u1ea5u tr\u00fac t\u00edch h\u1ee3p ph\u1ea3n x\u1ea1 \u0111\u1ec3 nh\u1eadn ra b\u1ed1 c\u1ee5c quang h\u1ecdc ch\u00ednh x\u00e1c.<br \/>\n_Cung c\u1ea5p cho c\u00e1c m\u00f4 h\u00ecnh nguy\u00ean m\u1eabu v\u1edbi \u0111\u1ed9 ch\u00ednh x\u00e1c cao h\u01a1n v\u00e0 b\u00f3ng h\u01a1n \u0111\u1ec3 th\u1ef1c hi\u1ec7n qu\u1ea3ng b\u00e1 to\u00e0n di\u1ec7n.<\/p>\n<p>**C\u1ea5u tr\u00fac tr\u1ee5c Z gia c\u1ed1, bao g\u1ed3m c\u1ea3 s\u1ef1 \u1ed5n \u0111\u1ecbnh v\u00e0 \u0111\u1ed9 m\u1ecbn \u0111\u1ec3 ho\u1ea1t \u0111\u1ed9ng \u1ed5n \u0111\u1ecbnh h\u01a1n:<br \/>\n_Ray d\u1eabn h\u01b0\u1edbng tuy\u1ebfn t\u00ednh k\u00e9p tr\u1ee5c Z + c\u1ea5u h\u00ecnh k\u00e9p c\u1ee7a bi v\u00e0 v\u00edt<br \/>\n_C\u1ea5u h\u00ecnh c\u1ed9t \u0111\u01b0\u1ee3c m\u1edf r\u1ed9ng v\u00e0 d\u00e0y h\u01a1n \u0111\u1ec3 \u1ed5n \u0111\u1ecbnh th\u00e2n m\u00e1y<br \/>\n_Ho\u1ea1t \u0111\u1ed9ng ch\u00ednh x\u00e1c \u1edf c\u1ea5p \u0111\u1ed9 micr\u00f4met tr\u00e1nh \u0111\u01b0\u1ee3c hi\u1ec7u \u1ee9ng l\u1edbp v\u00e0 l\u00e0m cho hi\u1ec7u su\u1ea5t in \u1ea5n tuy\u1ec7t v\u1eddi h\u01a1n.<\/p>\n<p>**N\u1eafp b\u1ea3o v\u1ec7 l\u1eadt ti\u1ec7n l\u1ee3i h\u01a1n gi\u00fap ti\u1ebft ki\u1ec7m kh\u00f4ng gian h\u01a1n:<br \/>\n_Thi\u1ebft k\u1ebf n\u1eafp g\u1eadp ti\u1ebft ki\u1ec7m kh\u00f4ng gian thao t\u00e1c l\u1eadt<br \/>\n_B\u1ea3o v\u1ec7 trong m\u1edd tr\u00ecnh b\u00e0y r\u00f5 r\u00e0ng qu\u00e1 tr\u00ecnh in<\/p>\n<p>**Th\u00f4ng s\u1ed1 s\u1ea3n ph\u1ea9m:<br \/>\n+K\u00edch th\u01b0\u1edbc m\u00e1y: 340*292*552mm<br \/>\n+Tr\u1ecdng l\u01b0\u1ee3ng m\u00e1y: 16,5kg<br \/>\n+\u0110\u1ed9 ch\u00ednh x\u00e1c tr\u1ee5c XY: 0,01-0,05mm<br \/>\n+T\u1ed1c \u0111\u1ed9 in: 1-4 gi\u00e2y\/ l\u1edbp<br \/>\n+\u0110\u1ed9 d\u00e0y l\u1edbp: 0,01-0,2mm<br \/>\n+\u0110\u1ed9 ph\u00e2n gi\u1ea3i LCD: 5760*3600<br \/>\n+Ngu\u1ed3n s\u00e1ng: Ngu\u1ed3n s\u00e1ng t\u00edch h\u1ee3p<br \/>\n+K\u00edch th\u01b0\u1edbc in: 192*120*200mm<br \/>\n+Ng\u00f4n ng\u1eef h\u1ed7 tr\u1ee3: H\u1ed7 tr\u1ee3 12 ng\u00f4n ng\u1eef, \u01b0u ti\u00ean ti\u1ebfng Trung v\u00e0 ti\u1ebfng Anh<\/p>\n<p>**B\u1ea3o h\u00e0nh m\u00e1y 6 th\u00e1ng<br \/>\n**M\u00e0n LCD 3 th\u00e1ng<\/p>\n<p>**Video m\u1edf h\u1ed9p v\u00e0 l\u1eafp r\u00e1p: https:\/\/www.youtube.com\/watch?v=ai62w7k3VpQ<br \/>\n**Video thay m\u00e0n chi\u1ebfu LCD : https:\/\/www.youtube.com\/watch?v=mDQX01qgu60<\/p>\n<p>**\u0110\u1ec3 \u0111\u01b0\u1ee3c nh\u1eadn h\u1ed9 tr\u1ee3 th\u00eam v\u1ec1 Gi\u00e1 v\u00e0 Th\u00f4ng tin c\u1ee7a s\u1ea3n ph\u1ea9m, vui l\u00f2ng li\u00ean h\u1ec7:<br \/>\n    0913.939.775 g\u1eb7p A. Qu\u00e2n (for English)<br \/>\n    094.144.0951 contact A.Quynh<br \/>\n**Selling price does not include VAT (+10% if VAT invoice is issued)<\/p>","protected":false},"excerpt":{"rendered":"<p>Creality HALOT SKY 6K resin 3D printer, printing size 192*120*200mm<\/p>","protected":false},"featured_media":399,"comment_status":"open","ping_status":"closed","template":"","meta":{"inline_featured_image":false},"product_brand":[],"product_cat":[39,51],"product_tag":[],"class_list":{"0":"post-408","1":"product","2":"type-product","3":"status-publish","4":"has-post-thumbnail","6":"product_cat-may-in-3d","7":"product_cat-may-in-3d-creality","9":"first","10":"instock","11":"taxable","12":"shipping-taxable","13":"purchasable","14":"product-type-simple"},"yoast_head":"<!-- This site is optimized with the Yoast SEO Premium plugin v22.8 (Yoast SEO v26.9) - https:\/\/yoast.com\/product\/yoast-seo-premium-wordpress\/ -->\n<title>M\u00e1y in 3D resin Creality HALOT SKY 6K kh\u1ed5 in 192*120*200mm - NGE 3D Printers Services<\/title>\n<meta name=\"robots\" content=\"index, follow, max-snippet:-1, max-image-preview:large, max-video-preview:-1\" \/>\n<link rel=\"canonical\" href=\"https:\/\/nge.vn\/en\/product\/may-in-3d-resin-creality-halot-sky-6k-kho-in-192120200mm\/\" \/>\n<meta property=\"og:locale\" content=\"en_US\" \/>\n<meta property=\"og:type\" content=\"article\" \/>\n<meta property=\"og:title\" content=\"M\u00e1y in 3D resin Creality HALOT SKY 6K kh\u1ed5 in 192*120*200mm\" \/>\n<meta property=\"og:description\" content=\"M\u00e1y in 3D resin Creality HALOT SKY 6K kh\u1ed5 in 192*120*200mm\" \/>\n<meta property=\"og:url\" content=\"https:\/\/nge.vn\/en\/product\/may-in-3d-resin-creality-halot-sky-6k-kho-in-192120200mm\/\" \/>\n<meta property=\"og:site_name\" content=\"NGE 3D Printers Services\" \/>\n<meta property=\"article:modified_time\" content=\"2024-10-28T08:44:32+00:00\" \/>\n<meta property=\"og:image\" content=\"https:\/\/nge.vn\/wp-content\/uploads\/2024\/10\/images-upload-woo2F2c7f1bcc3a2d2a3740443236293c092f.jpg\" \/>\n\t<meta property=\"og:image:width\" content=\"1000\" \/>\n\t<meta property=\"og:image:height\" content=\"1000\" \/>\n\t<meta property=\"og:image:type\" content=\"image\/jpeg\" \/>\n<meta name=\"twitter:card\" content=\"summary_large_image\" \/>\n<meta name=\"twitter:label1\" content=\"Est. reading time\" \/>\n\t<meta name=\"twitter:data1\" content=\"3 minutes\" \/>\n<script type=\"application\/ld+json\" class=\"yoast-schema-graph\">{\"@context\":\"https:\/\/schema.org\",\"@graph\":[{\"@type\":\"WebPage\",\"@id\":\"https:\/\/nge.vn\/san-pham\/may-in-3d-resin-creality-halot-sky-6k-kho-in-192120200mm\/\",\"url\":\"https:\/\/nge.vn\/san-pham\/may-in-3d-resin-creality-halot-sky-6k-kho-in-192120200mm\/\",\"name\":\"M\u00e1y in 3D resin Creality HALOT SKY 6K kh\u1ed5 in 192*120*200mm - NGE 3D Printers Services\",\"isPartOf\":{\"@id\":\"https:\/\/nge.vn\/#website\"},\"primaryImageOfPage\":{\"@id\":\"https:\/\/nge.vn\/san-pham\/may-in-3d-resin-creality-halot-sky-6k-kho-in-192120200mm\/#primaryimage\"},\"image\":{\"@id\":\"https:\/\/nge.vn\/san-pham\/may-in-3d-resin-creality-halot-sky-6k-kho-in-192120200mm\/#primaryimage\"},\"thumbnailUrl\":\"https:\/\/nge.vn\/wp-content\/uploads\/2024\/10\/images-upload-woo2F2c7f1bcc3a2d2a3740443236293c092f.jpg\",\"datePublished\":\"2024-10-25T05:16:15+00:00\",\"dateModified\":\"2024-10-28T08:44:32+00:00\",\"breadcrumb\":{\"@id\":\"https:\/\/nge.vn\/san-pham\/may-in-3d-resin-creality-halot-sky-6k-kho-in-192120200mm\/#breadcrumb\"},\"inLanguage\":\"en-US\",\"potentialAction\":[{\"@type\":\"ReadAction\",\"target\":[\"https:\/\/nge.vn\/san-pham\/may-in-3d-resin-creality-halot-sky-6k-kho-in-192120200mm\/\"]}]},{\"@type\":\"ImageObject\",\"inLanguage\":\"en-US\",\"@id\":\"https:\/\/nge.vn\/san-pham\/may-in-3d-resin-creality-halot-sky-6k-kho-in-192120200mm\/#primaryimage\",\"url\":\"https:\/\/nge.vn\/wp-content\/uploads\/2024\/10\/images-upload-woo2F2c7f1bcc3a2d2a3740443236293c092f.jpg\",\"contentUrl\":\"https:\/\/nge.vn\/wp-content\/uploads\/2024\/10\/images-upload-woo2F2c7f1bcc3a2d2a3740443236293c092f.jpg\",\"width\":1000,\"height\":1000},{\"@type\":\"BreadcrumbList\",\"@id\":\"https:\/\/nge.vn\/san-pham\/may-in-3d-resin-creality-halot-sky-6k-kho-in-192120200mm\/#breadcrumb\",\"itemListElement\":[{\"@type\":\"ListItem\",\"position\":1,\"name\":\"Trang ch\u1ee7\",\"item\":\"https:\/\/nge.vn\/\"},{\"@type\":\"ListItem\",\"position\":2,\"name\":\"S\u1ea3n ph\u1ea9m\",\"item\":\"https:\/\/nge.vn\/san-pham\/\"},{\"@type\":\"ListItem\",\"position\":3,\"name\":\"M\u00e1y in 3D resin Creality HALOT SKY 6K kh\u1ed5 in 192*120*200mm\"}]},{\"@type\":\"WebSite\",\"@id\":\"https:\/\/nge.vn\/#website\",\"url\":\"https:\/\/nge.vn\/\",\"name\":\"NGE 3D Printers Services\",\"description\":\"\",\"potentialAction\":[{\"@type\":\"SearchAction\",\"target\":{\"@type\":\"EntryPoint\",\"urlTemplate\":\"https:\/\/nge.vn\/?s={search_term_string}\"},\"query-input\":{\"@type\":\"PropertyValueSpecification\",\"valueRequired\":true,\"valueName\":\"search_term_string\"}}],\"inLanguage\":\"en-US\"}]}<\/script>\n<!-- \/ Yoast SEO Premium plugin. -->","yoast_head_json":{"title":"M\u00e1y in 3D resin Creality HALOT SKY 6K kh\u1ed5 in 192*120*200mm - NGE 3D Printers Services","robots":{"index":"index","follow":"follow","max-snippet":"max-snippet:-1","max-image-preview":"max-image-preview:large","max-video-preview":"max-video-preview:-1"},"canonical":"https:\/\/nge.vn\/en\/product\/may-in-3d-resin-creality-halot-sky-6k-kho-in-192120200mm\/","og_locale":"en_US","og_type":"article","og_title":"M\u00e1y in 3D resin Creality HALOT SKY 6K kh\u1ed5 in 192*120*200mm","og_description":"M\u00e1y in 3D resin Creality HALOT SKY 6K kh\u1ed5 in 192*120*200mm","og_url":"https:\/\/nge.vn\/en\/product\/may-in-3d-resin-creality-halot-sky-6k-kho-in-192120200mm\/","og_site_name":"NGE 3D Printers Services","article_modified_time":"2024-10-28T08:44:32+00:00","og_image":[{"width":1000,"height":1000,"url":"https:\/\/nge.vn\/wp-content\/uploads\/2024\/10\/images-upload-woo2F2c7f1bcc3a2d2a3740443236293c092f.jpg","type":"image\/jpeg"}],"twitter_card":"summary_large_image","twitter_misc":{"Est. reading time":"3 minutes"},"schema":{"@context":"https:\/\/schema.org","@graph":[{"@type":"WebPage","@id":"https:\/\/nge.vn\/san-pham\/may-in-3d-resin-creality-halot-sky-6k-kho-in-192120200mm\/","url":"https:\/\/nge.vn\/san-pham\/may-in-3d-resin-creality-halot-sky-6k-kho-in-192120200mm\/","name":"M\u00e1y in 3D resin Creality HALOT SKY 6K kh\u1ed5 in 192*120*200mm - NGE 3D Printers Services","isPartOf":{"@id":"https:\/\/nge.vn\/#website"},"primaryImageOfPage":{"@id":"https:\/\/nge.vn\/san-pham\/may-in-3d-resin-creality-halot-sky-6k-kho-in-192120200mm\/#primaryimage"},"image":{"@id":"https:\/\/nge.vn\/san-pham\/may-in-3d-resin-creality-halot-sky-6k-kho-in-192120200mm\/#primaryimage"},"thumbnailUrl":"https:\/\/nge.vn\/wp-content\/uploads\/2024\/10\/images-upload-woo2F2c7f1bcc3a2d2a3740443236293c092f.jpg","datePublished":"2024-10-25T05:16:15+00:00","dateModified":"2024-10-28T08:44:32+00:00","breadcrumb":{"@id":"https:\/\/nge.vn\/san-pham\/may-in-3d-resin-creality-halot-sky-6k-kho-in-192120200mm\/#breadcrumb"},"inLanguage":"en-US","potentialAction":[{"@type":"ReadAction","target":["https:\/\/nge.vn\/san-pham\/may-in-3d-resin-creality-halot-sky-6k-kho-in-192120200mm\/"]}]},{"@type":"ImageObject","inLanguage":"en-US","@id":"https:\/\/nge.vn\/san-pham\/may-in-3d-resin-creality-halot-sky-6k-kho-in-192120200mm\/#primaryimage","url":"https:\/\/nge.vn\/wp-content\/uploads\/2024\/10\/images-upload-woo2F2c7f1bcc3a2d2a3740443236293c092f.jpg","contentUrl":"https:\/\/nge.vn\/wp-content\/uploads\/2024\/10\/images-upload-woo2F2c7f1bcc3a2d2a3740443236293c092f.jpg","width":1000,"height":1000},{"@type":"BreadcrumbList","@id":"https:\/\/nge.vn\/san-pham\/may-in-3d-resin-creality-halot-sky-6k-kho-in-192120200mm\/#breadcrumb","itemListElement":[{"@type":"ListItem","position":1,"name":"Trang ch\u1ee7","item":"https:\/\/nge.vn\/"},{"@type":"ListItem","position":2,"name":"S\u1ea3n ph\u1ea9m","item":"https:\/\/nge.vn\/san-pham\/"},{"@type":"ListItem","position":3,"name":"M\u00e1y in 3D resin Creality HALOT SKY 6K kh\u1ed5 in 192*120*200mm"}]},{"@type":"WebSite","@id":"https:\/\/nge.vn\/#website","url":"https:\/\/nge.vn\/","name":"NGE 3D Printers Services","description":"","potentialAction":[{"@type":"SearchAction","target":{"@type":"EntryPoint","urlTemplate":"https:\/\/nge.vn\/?s={search_term_string}"},"query-input":{"@type":"PropertyValueSpecification","valueRequired":true,"valueName":"search_term_string"}}],"inLanguage":"en-US"}]}},"_links":{"self":[{"href":"https:\/\/nge.vn\/en\/wp-json\/wp\/v2\/product\/408","targetHints":{"allow":["GET"]}}],"collection":[{"href":"https:\/\/nge.vn\/en\/wp-json\/wp\/v2\/product"}],"about":[{"href":"https:\/\/nge.vn\/en\/wp-json\/wp\/v2\/types\/product"}],"replies":[{"embeddable":true,"href":"https:\/\/nge.vn\/en\/wp-json\/wp\/v2\/comments?post=408"}],"wp:featuredmedia":[{"embeddable":true,"href":"https:\/\/nge.vn\/en\/wp-json\/wp\/v2\/media\/399"}],"wp:attachment":[{"href":"https:\/\/nge.vn\/en\/wp-json\/wp\/v2\/media?parent=408"}],"wp:term":[{"taxonomy":"product_brand","embeddable":true,"href":"https:\/\/nge.vn\/en\/wp-json\/wp\/v2\/product_brand?post=408"},{"taxonomy":"product_cat","embeddable":true,"href":"https:\/\/nge.vn\/en\/wp-json\/wp\/v2\/product_cat?post=408"},{"taxonomy":"product_tag","embeddable":true,"href":"https:\/\/nge.vn\/en\/wp-json\/wp\/v2\/product_tag?post=408"}],"curies":[{"name":"wp","href":"https:\/\/api.w.org\/{rel}","templated":true}]}}