{"id":4077,"date":"2024-10-26T17:03:30","date_gmt":"2024-10-26T10:03:30","guid":{"rendered":"https:\/\/nge.123websitedev.com\/san-pham\/may-in-3d-creality-cr-m4-kho-in-450450470mm-can-ban-tu-dong-voi-cr-touch\/"},"modified":"2026-01-05T17:44:58","modified_gmt":"2026-01-05T10:44:58","slug":"may-in-3d-creality-cr-m4-kho-in-450450470mm-can-ban-tu-dong-voi-cr-touch","status":"publish","type":"product","link":"https:\/\/nge.vn\/en\/product\/may-in-3d-creality-cr-m4-kho-in-450450470mm-can-ban-tu-dong-voi-cr-touch\/","title":{"rendered":"M\u00e1y in 3d Creality CR-M4 kh\u1ed5 in 450*450*470mm"},"content":{"rendered":"<p>**T\u00ednh n\u0103ng ch\u00ednh M\u00e1y in 3d Creality CR-M4<br \/>\n+Print size 450*450*470mm.<br \/>\n+Quality dual Y axis linear rail<br \/>\n+Control multiple printers<br \/>\n+More printing methods<br \/>\n+\u201cSprite\u201d Two-gear direct extruder<br \/>\n+CR Touch Automatically balances the table surface 25 points<br \/>\n+Dual Z axis anti-shake<br \/>\n+PC spring steel construction surface<br \/>\n+800W industrial control power supply<\/p>\n<p>**M\u00e1y in 3d Creality CR-M4 t\u1ef1 h\u00e0o c\u00f3 th\u1ec3 t\u00edch c\u00f4ng nghi\u1ec7p b\u1ea3n d\u1ef1ng l\u1edbn 450*450*470mm. \u0110\u00f3 l\u00e0 m\u1ed9t c\u00f4ng vi\u1ec7c th\u1ef1c s\u1ef1 \u0111\u1ec3 t\u1ea1o ra c\u00e1c m\u00f4 h\u00ecnh l\u1edbn v\u1edbi \u00edt ho\u1eb7c kh\u00f4ng c\u1ea7n x\u1eed l\u00fd h\u1eadu k\u1ef3 ho\u1eb7c in h\u00e0ng lo\u1ea1t nhi\u1ec1u ph\u1ea7n trong m\u1ed9t l\u1ea7n. \u0110\u00e3 \u0111\u1ebfn l\u00fac ph\u00e1t huy t\u1ed1i \u0111a kh\u1ea3 n\u0103ng s\u00e1ng t\u1ea1o v\u00e0 \u0111\u1ec3 nh\u1eefng suy ngh\u0129 \u0111\u01b0\u1ee3c tung ho\u00e0nh.<\/p>\n<p>**Accurate and reliable<br \/>\n_Dual Y-axis linear rail<br \/>\n_2 CNC machined precision linear rails optimize Y-axis transmission, driven by a powerful and precise motor, running accurately and smoothly.<br \/>\n_Made of high-strength steel, the rails are resistant to wear, impact and heavy loads. Much more reliable and durable than V-slot rails.<\/p>\n<p>_Y-axis dual linear rail: Weight capacity 30kg+*<br \/>\n_Powerful and precise motor: 720h (30 days) of stable continuous printing*<\/p>\n<p>**Always a handy way to print:<br \/>\n_Printing is possible via USB drive, USB-C cable, RJ45 cable or WiFi. With LAN connection, users can print from any PC in the LAN using Creality Print.<br \/>\n_With Internet connection, users can print and monitor remotely from Creality Cloud APP or Web.<br \/>\n+Cloud printing<br \/>\n+Print via USB drive<br \/>\n+Print via USB-C cable<br \/>\n+Print via LAN<\/p>\n<p>**Start a print farm with multiple printer control<br \/>\nKhi nhi\u1ec1u M\u00e1y in 3d Creality CR-M4 tr\u1ef1c tuy\u1ebfn, th\u1eadt d\u1ec5 d\u00e0ng \u0111\u1ec3 b\u1eaft \u0111\u1ea7u trang tr\u1ea1i in 3D \u0111\u1ec3 s\u1ea3n xu\u1ea5t s\u1ed1 l\u01b0\u1ee3ng l\u1edbn, n\u01a1i c\u00e1c m\u00e1y in t\u1ea1o ra c\u00f9ng m\u1ed9t m\u00f4 h\u00ecnh tr\u00ean m\u1ed9t l\u1ec7nh duy nh\u1ea5t t\u1eeb \u200b\u200bCreality Print ho\u1eb7c Creality Cloud Web.<\/p>\n<p>**All-metal \u201cSprite\u201d direct extruder with dual gear design, providing powerful and uniform 80N extrusion force. Great for extruding flexible filaments such as TPU.<\/p>\n<p>**Upgraded high flow nozzle plus 50W heating box, fully melts high temperature filament at 300\u00b0C for smooth feeding. Interchangeable with 0,6,8mm nozzle.<\/p>\n<p>**A single 4020 fan creates a powerful airflow to cool the newly printed part. For faster solidification of the model with less drooping or warping.<\/p>\n<p>**Fully automatic leveling with CR Touch using 25 point probing and Z offset at 0.05mm accuracy to quickly calibrate the gap between the nozzle and the build surface.<\/p>\n<p>**Flexible PC surface and fast heating bed<br \/>\nM\u1ed9t b\u1ea3n d\u1ef1ng 4 l\u1edbp. L\u1edbp ph\u1ee7 PC cung c\u1ea5p \u0111\u1ed9 b\u00e1m d\u00ednh m\u1ea1nh m\u1ebd. T\u1ea5m th\u00e9p l\u00f2 xo c\u00f3 th\u1ec3 u\u1ed1n cong d\u1ec5 d\u00e0ng th\u00e1o l\u1eafp c\u00e1c m\u00f4 h\u00ecnh l\u1edbn v\u00e0 s\u1ebd kh\u00f4ng b\u1ecb bi\u1ebfn d\u1ea1ng sau th\u1eddi gian d\u00e0i s\u1eed d\u1ee5ng. \u0110\u1ebf nam ch\u00e2m v\u00e0 hai ch\u1ed1t cho ph\u00e9p g\u1eafn nhanh.<br \/>\nAnd the 470x470mm aluminum heatsink will heat up to 60\u2103 within 160 seconds*<\/p>\n<p>**Tr\u1ee5c Z k\u00e9p h\u1ea1n ch\u1ebf \u0111\u1ed9 v\u00f5ng c\u1ee7a gi\u00e0n v\u00e0 \u0111\u1ed9 rung Z. C\u00f9ng v\u1edbi 2 thanh \u0111\u1ee1, m\u1ed9t h\u00ecnh tam gi\u00e1c c\u1ee9ng nh\u1eafc \u0111\u01b0\u1ee3c h\u00ecnh th\u00e0nh \u0111\u1ec3 \u1ed5n \u0111\u1ecbnh khung tr\u00ean c\u00f9ng. M\u1ed7i tr\u1ee5c Z \u0111\u01b0\u1ee3c \u0111i\u1ec1u khi\u1ec3n b\u1edfi m\u1ed9t \u0111\u1ed9ng c\u01a1 \u0111\u1ed9c l\u1eadp \u0111\u1ec3 di chuy\u1ec3n<\/p>\n<p>&nbsp;<\/p>\n<p>**<a href=\"https:\/\/www.creality.com\/products\/cr-m4-3d-printer\">Xem th\u00eam chi ti\u1ebft 3d printer Creality CR-M4<\/a><\/p>\n<p>_C\u00e1c d\u00f2ng m\u00e1y kh\u1ed5 l\u1edbn:<\/p>\n<h4 class=\"product-title product_title entry-title\"><span style=\"font-size: 75%;\"><a href=\"https:\/\/nge.vn\/en\/product\/may-in-3d-creality-cr-6-max-kho-in-404040cm\/\">M\u00e1y in 3d CR-6 MAX kh\u1ed5 in 40*40*40cm<\/a><\/span><\/h4>\n<h4 class=\"product-title product_title entry-title\"><span style=\"font-size: 75%;\"><a href=\"https:\/\/nge.vn\/en\/product\/may-in-3d-nhieu-mau-creality-k2-plus-kho-in-35x35x35cm\/\">M\u00e1y in 3d nhi\u1ec1u m\u00e0u Creality K2 Plus kh\u1ed5 in 35*35*35cm<\/a><\/span><\/h4>","protected":false},"excerpt":{"rendered":"<p>Creality CR-M4 3D printer, printing size 450*450*470mm, automatic table leveling with CR-Touch<\/p>","protected":false},"featured_media":4761,"comment_status":"open","ping_status":"closed","template":"","meta":{"inline_featured_image":false},"product_brand":[],"product_cat":[39,51],"product_tag":[],"class_list":{"0":"post-4077","1":"product","2":"type-product","3":"status-publish","4":"has-post-thumbnail","6":"product_cat-may-in-3d","7":"product_cat-may-in-3d-creality","9":"first","10":"instock","11":"sale","12":"featured","13":"taxable","14":"shipping-taxable","15":"purchasable","16":"product-type-simple"},"yoast_head":"<!-- This site is optimized with the Yoast SEO Premium plugin v22.8 (Yoast SEO v26.9) - https:\/\/yoast.com\/product\/yoast-seo-premium-wordpress\/ -->\n<title>M\u00e1y in 3d Creality CR-M4 kh\u1ed5 in 450*450*470mm - NGE 3D Printers Services<\/title>\n<meta name=\"description\" content=\"M\u00e1y in 3d Creality CR-M4 v\u1edbi \u201cSprite\u201d M\u00e1y \u0111\u00f9n tr\u1ef1c ti\u1ebfp, CR Touch T\u1ef1 \u0111\u1ed9ng c\u00e2n b\u1eb1ng, Ngu\u1ed3n 800W, C\u00f3 th\u1ec3 in qua \u1ed5 USB, c\u00e1p USB-C, c\u00e1p RJ45 ho\u1eb7c WiFi, Lan\" \/>\n<meta name=\"robots\" content=\"index, follow, max-snippet:-1, max-image-preview:large, max-video-preview:-1\" \/>\n<link rel=\"canonical\" href=\"https:\/\/nge.vn\/en\/product\/may-in-3d-creality-cr-m4-kho-in-450450470mm-can-ban-tu-dong-voi-cr-touch\/\" \/>\n<meta property=\"og:locale\" content=\"en_US\" \/>\n<meta property=\"og:type\" content=\"article\" \/>\n<meta property=\"og:title\" content=\"M\u00e1y in 3d Creality CR-M4 kh\u1ed5 in 450*450*470mm\" \/>\n<meta property=\"og:description\" content=\"M\u00e1y in 3d Creality CR-M4 v\u1edbi \u201cSprite\u201d M\u00e1y \u0111\u00f9n tr\u1ef1c ti\u1ebfp, CR Touch T\u1ef1 \u0111\u1ed9ng c\u00e2n b\u1eb1ng, Ngu\u1ed3n 800W, C\u00f3 th\u1ec3 in qua \u1ed5 USB, c\u00e1p USB-C, c\u00e1p RJ45 ho\u1eb7c WiFi, Lan\" \/>\n<meta property=\"og:url\" content=\"https:\/\/nge.vn\/en\/product\/may-in-3d-creality-cr-m4-kho-in-450450470mm-can-ban-tu-dong-voi-cr-touch\/\" \/>\n<meta property=\"og:site_name\" content=\"NGE 3D Printers Services\" \/>\n<meta property=\"article:modified_time\" content=\"2026-01-05T10:44:58+00:00\" \/>\n<meta property=\"og:image\" content=\"https:\/\/nge.vn\/wp-content\/uploads\/2024\/10\/cr-m4-1000.png\" \/>\n\t<meta property=\"og:image:width\" content=\"1000\" \/>\n\t<meta property=\"og:image:height\" content=\"1000\" \/>\n\t<meta property=\"og:image:type\" content=\"image\/png\" \/>\n<meta name=\"twitter:card\" content=\"summary_large_image\" \/>\n<meta name=\"twitter:label1\" content=\"Est. reading time\" \/>\n\t<meta name=\"twitter:data1\" content=\"4 minutes\" \/>\n<script type=\"application\/ld+json\" class=\"yoast-schema-graph\">{\"@context\":\"https:\/\/schema.org\",\"@graph\":[{\"@type\":\"WebPage\",\"@id\":\"https:\/\/nge.vn\/san-pham\/may-in-3d-creality-cr-m4-kho-in-450450470mm-can-ban-tu-dong-voi-cr-touch\/\",\"url\":\"https:\/\/nge.vn\/san-pham\/may-in-3d-creality-cr-m4-kho-in-450450470mm-can-ban-tu-dong-voi-cr-touch\/\",\"name\":\"M\u00e1y in 3d Creality CR-M4 kh\u1ed5 in 450*450*470mm - NGE 3D Printers Services\",\"isPartOf\":{\"@id\":\"https:\/\/nge.vn\/#website\"},\"primaryImageOfPage\":{\"@id\":\"https:\/\/nge.vn\/san-pham\/may-in-3d-creality-cr-m4-kho-in-450450470mm-can-ban-tu-dong-voi-cr-touch\/#primaryimage\"},\"image\":{\"@id\":\"https:\/\/nge.vn\/san-pham\/may-in-3d-creality-cr-m4-kho-in-450450470mm-can-ban-tu-dong-voi-cr-touch\/#primaryimage\"},\"thumbnailUrl\":\"https:\/\/nge.vn\/wp-content\/uploads\/2024\/10\/cr-m4-1000.png\",\"datePublished\":\"2024-10-26T10:03:30+00:00\",\"dateModified\":\"2026-01-05T10:44:58+00:00\",\"description\":\"M\u00e1y in 3d Creality CR-M4 v\u1edbi \u201cSprite\u201d M\u00e1y \u0111\u00f9n tr\u1ef1c ti\u1ebfp, CR Touch T\u1ef1 \u0111\u1ed9ng c\u00e2n b\u1eb1ng, Ngu\u1ed3n 800W, C\u00f3 th\u1ec3 in qua \u1ed5 USB, c\u00e1p USB-C, c\u00e1p RJ45 ho\u1eb7c WiFi, Lan\",\"breadcrumb\":{\"@id\":\"https:\/\/nge.vn\/san-pham\/may-in-3d-creality-cr-m4-kho-in-450450470mm-can-ban-tu-dong-voi-cr-touch\/#breadcrumb\"},\"inLanguage\":\"en-US\",\"potentialAction\":[{\"@type\":\"ReadAction\",\"target\":[\"https:\/\/nge.vn\/san-pham\/may-in-3d-creality-cr-m4-kho-in-450450470mm-can-ban-tu-dong-voi-cr-touch\/\"]}]},{\"@type\":\"ImageObject\",\"inLanguage\":\"en-US\",\"@id\":\"https:\/\/nge.vn\/san-pham\/may-in-3d-creality-cr-m4-kho-in-450450470mm-can-ban-tu-dong-voi-cr-touch\/#primaryimage\",\"url\":\"https:\/\/nge.vn\/wp-content\/uploads\/2024\/10\/cr-m4-1000.png\",\"contentUrl\":\"https:\/\/nge.vn\/wp-content\/uploads\/2024\/10\/cr-m4-1000.png\",\"width\":1000,\"height\":1000,\"caption\":\"M\u00e1y in 3d Creality CR-M4\"},{\"@type\":\"BreadcrumbList\",\"@id\":\"https:\/\/nge.vn\/san-pham\/may-in-3d-creality-cr-m4-kho-in-450450470mm-can-ban-tu-dong-voi-cr-touch\/#breadcrumb\",\"itemListElement\":[{\"@type\":\"ListItem\",\"position\":1,\"name\":\"Trang ch\u1ee7\",\"item\":\"https:\/\/nge.vn\/\"},{\"@type\":\"ListItem\",\"position\":2,\"name\":\"S\u1ea3n ph\u1ea9m\",\"item\":\"https:\/\/nge.vn\/san-pham\/\"},{\"@type\":\"ListItem\",\"position\":3,\"name\":\"M\u00e1y in 3d Creality CR-M4 kh\u1ed5 in 450*450*470mm\"}]},{\"@type\":\"WebSite\",\"@id\":\"https:\/\/nge.vn\/#website\",\"url\":\"https:\/\/nge.vn\/\",\"name\":\"NGE 3D Printers Services\",\"description\":\"\",\"potentialAction\":[{\"@type\":\"SearchAction\",\"target\":{\"@type\":\"EntryPoint\",\"urlTemplate\":\"https:\/\/nge.vn\/?s={search_term_string}\"},\"query-input\":{\"@type\":\"PropertyValueSpecification\",\"valueRequired\":true,\"valueName\":\"search_term_string\"}}],\"inLanguage\":\"en-US\"}]}<\/script>\n<!-- \/ Yoast SEO Premium plugin. -->","yoast_head_json":{"title":"M\u00e1y in 3d Creality CR-M4 kh\u1ed5 in 450*450*470mm - NGE 3D Printers Services","description":"M\u00e1y in 3d Creality CR-M4 v\u1edbi \u201cSprite\u201d M\u00e1y \u0111\u00f9n tr\u1ef1c ti\u1ebfp, CR Touch T\u1ef1 \u0111\u1ed9ng c\u00e2n b\u1eb1ng, Ngu\u1ed3n 800W, C\u00f3 th\u1ec3 in qua \u1ed5 USB, c\u00e1p USB-C, c\u00e1p RJ45 ho\u1eb7c WiFi, Lan","robots":{"index":"index","follow":"follow","max-snippet":"max-snippet:-1","max-image-preview":"max-image-preview:large","max-video-preview":"max-video-preview:-1"},"canonical":"https:\/\/nge.vn\/en\/product\/may-in-3d-creality-cr-m4-kho-in-450450470mm-can-ban-tu-dong-voi-cr-touch\/","og_locale":"en_US","og_type":"article","og_title":"M\u00e1y in 3d Creality CR-M4 kh\u1ed5 in 450*450*470mm","og_description":"M\u00e1y in 3d Creality CR-M4 v\u1edbi \u201cSprite\u201d M\u00e1y \u0111\u00f9n tr\u1ef1c ti\u1ebfp, CR Touch T\u1ef1 \u0111\u1ed9ng c\u00e2n b\u1eb1ng, Ngu\u1ed3n 800W, C\u00f3 th\u1ec3 in qua \u1ed5 USB, c\u00e1p USB-C, c\u00e1p RJ45 ho\u1eb7c WiFi, Lan","og_url":"https:\/\/nge.vn\/en\/product\/may-in-3d-creality-cr-m4-kho-in-450450470mm-can-ban-tu-dong-voi-cr-touch\/","og_site_name":"NGE 3D Printers Services","article_modified_time":"2026-01-05T10:44:58+00:00","og_image":[{"width":1000,"height":1000,"url":"https:\/\/nge.vn\/wp-content\/uploads\/2024\/10\/cr-m4-1000.png","type":"image\/png"}],"twitter_card":"summary_large_image","twitter_misc":{"Est. reading time":"4 minutes"},"schema":{"@context":"https:\/\/schema.org","@graph":[{"@type":"WebPage","@id":"https:\/\/nge.vn\/san-pham\/may-in-3d-creality-cr-m4-kho-in-450450470mm-can-ban-tu-dong-voi-cr-touch\/","url":"https:\/\/nge.vn\/san-pham\/may-in-3d-creality-cr-m4-kho-in-450450470mm-can-ban-tu-dong-voi-cr-touch\/","name":"M\u00e1y in 3d Creality CR-M4 kh\u1ed5 in 450*450*470mm - NGE 3D Printers Services","isPartOf":{"@id":"https:\/\/nge.vn\/#website"},"primaryImageOfPage":{"@id":"https:\/\/nge.vn\/san-pham\/may-in-3d-creality-cr-m4-kho-in-450450470mm-can-ban-tu-dong-voi-cr-touch\/#primaryimage"},"image":{"@id":"https:\/\/nge.vn\/san-pham\/may-in-3d-creality-cr-m4-kho-in-450450470mm-can-ban-tu-dong-voi-cr-touch\/#primaryimage"},"thumbnailUrl":"https:\/\/nge.vn\/wp-content\/uploads\/2024\/10\/cr-m4-1000.png","datePublished":"2024-10-26T10:03:30+00:00","dateModified":"2026-01-05T10:44:58+00:00","description":"M\u00e1y in 3d Creality CR-M4 v\u1edbi \u201cSprite\u201d M\u00e1y \u0111\u00f9n tr\u1ef1c ti\u1ebfp, CR Touch T\u1ef1 \u0111\u1ed9ng c\u00e2n b\u1eb1ng, Ngu\u1ed3n 800W, C\u00f3 th\u1ec3 in qua \u1ed5 USB, c\u00e1p USB-C, c\u00e1p RJ45 ho\u1eb7c WiFi, Lan","breadcrumb":{"@id":"https:\/\/nge.vn\/san-pham\/may-in-3d-creality-cr-m4-kho-in-450450470mm-can-ban-tu-dong-voi-cr-touch\/#breadcrumb"},"inLanguage":"en-US","potentialAction":[{"@type":"ReadAction","target":["https:\/\/nge.vn\/san-pham\/may-in-3d-creality-cr-m4-kho-in-450450470mm-can-ban-tu-dong-voi-cr-touch\/"]}]},{"@type":"ImageObject","inLanguage":"en-US","@id":"https:\/\/nge.vn\/san-pham\/may-in-3d-creality-cr-m4-kho-in-450450470mm-can-ban-tu-dong-voi-cr-touch\/#primaryimage","url":"https:\/\/nge.vn\/wp-content\/uploads\/2024\/10\/cr-m4-1000.png","contentUrl":"https:\/\/nge.vn\/wp-content\/uploads\/2024\/10\/cr-m4-1000.png","width":1000,"height":1000,"caption":"M\u00e1y in 3d Creality CR-M4"},{"@type":"BreadcrumbList","@id":"https:\/\/nge.vn\/san-pham\/may-in-3d-creality-cr-m4-kho-in-450450470mm-can-ban-tu-dong-voi-cr-touch\/#breadcrumb","itemListElement":[{"@type":"ListItem","position":1,"name":"Trang ch\u1ee7","item":"https:\/\/nge.vn\/"},{"@type":"ListItem","position":2,"name":"S\u1ea3n ph\u1ea9m","item":"https:\/\/nge.vn\/san-pham\/"},{"@type":"ListItem","position":3,"name":"M\u00e1y in 3d Creality CR-M4 kh\u1ed5 in 450*450*470mm"}]},{"@type":"WebSite","@id":"https:\/\/nge.vn\/#website","url":"https:\/\/nge.vn\/","name":"NGE 3D Printers Services","description":"","potentialAction":[{"@type":"SearchAction","target":{"@type":"EntryPoint","urlTemplate":"https:\/\/nge.vn\/?s={search_term_string}"},"query-input":{"@type":"PropertyValueSpecification","valueRequired":true,"valueName":"search_term_string"}}],"inLanguage":"en-US"}]}},"_links":{"self":[{"href":"https:\/\/nge.vn\/en\/wp-json\/wp\/v2\/product\/4077","targetHints":{"allow":["GET"]}}],"collection":[{"href":"https:\/\/nge.vn\/en\/wp-json\/wp\/v2\/product"}],"about":[{"href":"https:\/\/nge.vn\/en\/wp-json\/wp\/v2\/types\/product"}],"replies":[{"embeddable":true,"href":"https:\/\/nge.vn\/en\/wp-json\/wp\/v2\/comments?post=4077"}],"wp:featuredmedia":[{"embeddable":true,"href":"https:\/\/nge.vn\/en\/wp-json\/wp\/v2\/media\/4761"}],"wp:attachment":[{"href":"https:\/\/nge.vn\/en\/wp-json\/wp\/v2\/media?parent=4077"}],"wp:term":[{"taxonomy":"product_brand","embeddable":true,"href":"https:\/\/nge.vn\/en\/wp-json\/wp\/v2\/product_brand?post=4077"},{"taxonomy":"product_cat","embeddable":true,"href":"https:\/\/nge.vn\/en\/wp-json\/wp\/v2\/product_cat?post=4077"},{"taxonomy":"product_tag","embeddable":true,"href":"https:\/\/nge.vn\/en\/wp-json\/wp\/v2\/product_tag?post=4077"}],"curies":[{"name":"wp","href":"https:\/\/api.w.org\/{rel}","templated":true}]}}