{"id":4067,"date":"2024-10-26T17:01:47","date_gmt":"2024-10-26T10:01:47","guid":{"rendered":"https:\/\/nge.123websitedev.com\/san-pham\/nhua-in-3d-fdm-esun-easa-chong-tia-cuc-tim-va-co-do-cung-ben-cao-nhu-abs-1kg-cuon\/"},"modified":"2024-10-29T14:23:25","modified_gmt":"2024-10-29T07:23:25","slug":"nhua-in-3d-fdm-esun-easa-chong-tia-cuc-tim-va-co-do-cung-ben-cao-nhu-abs-1kg-cuon","status":"publish","type":"product","link":"https:\/\/nge.vn\/en\/product\/nhua-in-3d-fdm-esun-easa-chong-tia-cuc-tim-va-co-do-cung-ben-cao-nhu-abs-1kg-cuon\/","title":{"rendered":"3D printing plastic FDM eSun eASA is UV resistant and has high hardness &amp; durability like ABS 1kg\/roll"},"content":{"rendered":"<p>Nh\u1ef1a in 3d eSun eASA cao c\u1ea5p ma\u0300u Black 1kg\/ cu\u1ed9n<br \/>\n_C\u00e1c \u0111\u1eb7c t\u00ednh c\u1ee7a ASA t\u01b0\u01a1ng t\u1ef1 nh\u01b0 v\u1eadt li\u1ec7u ABS, nh\u01b0ng n\u00f3 c\u00f3 kh\u1ea3 n\u0103ng ch\u1ed1ng tia c\u1ef1c t\u00edm v\u00e0 \u0111i\u1ec1u ki\u1ec7n th\u1eddi ti\u1ebft kh\u1eafc nghi\u1ec7t cao h\u01a1n. B\u00ean c\u1ea1nh \u0111\u00f3, n\u00f3 c\u00f3 \u0111\u1ed9 b\u1ec1n cao, \u0111\u1ed9 c\u1ee9ng cao v\u00e0 kh\u1ea3 n\u0103ng ch\u1ed1ng va \u0111\u1eadp cao;<br \/>\n_Kh\u1ea3 n\u0103ng ch\u1ed1ng ch\u1ecbu th\u1eddi ti\u1ebft tuy\u1ec7t v\u1eddi v\u00e0 c\u00e1c t\u00ednh ch\u1ea5t c\u01a1 h\u1ecdc l\u00e0m cho n\u00f3 c\u00f3 kh\u1ea3 n\u0103ng ch\u1ed1ng l\u1ea1i c\u00e1c t\u00e1c \u0111\u1ed9ng c\u1ee7a qu\u00e1 tr\u00ecnh l\u00e3o h\u00f3a m\u00f4i tr\u01b0\u1eddng. V\u1eadt li\u1ec7u ASA \u0111\u01b0\u1ee3c s\u1eed d\u1ee5ng r\u1ed9ng r\u00e3i trong c\u00e1c \u1ee9ng d\u1ee5ng ngo\u00e0i tr\u1eddi.<br \/>\n+Kh\u00e1ng th\u1eddi ti\u1ebft<br \/>\n+\u0110\u1ed9 d\u1ebbo dai cao<br \/>\n+\u0110\u1ed9 c\u1ee9ng cao<br \/>\n+Kh\u1ea3 n\u0103ng ch\u1ed1ng va \u0111\u1eadp cao<\/p>\n<p>\u1ee8ng d\u1ee5ng:<br \/>\n+V\u1eadt li\u1ec7u x\u00e2y d\u1ef1ng<br \/>\n+\u00d4 t\u00f4<br \/>\n+Ngo\u00e0i tr\u1eddi<br \/>\n+\u0110i\u1ec7n t\u1eed v\u00e0 \u0111i\u1ec7n<\/p>\n<p>Filament Properties Table<br \/>\n+3D PRINTING FILAMENT\teASA<br \/>\n+Density(g\/cm3)\t1<br \/>\n+Heat Distortion Temp(\u2103,0.45MPa)\t88<br \/>\n+Melt Flow Index(g\/10min)\t10-15(220\u2103\/10kg)<br \/>\n+Tensile Strength(MPa)\t50<br \/>\n+Elongation at Break(%)\t30<br \/>\n+Flexural Strength(MPa)\t35<br \/>\n+Flexural Modulus(MPa)\t4300<br \/>\n+IZOD Impact Strength(kJ\/\u33a1)\t19<br \/>\n+Durability\t10\/10<br \/>\n+Printability\t7\/10<\/p>\n<p>_Recommended printing parameters<br \/>\n+Extruder Temperature(\u2103)\t240 \u2013 270\u2103<br \/>\n+Recommended temperature  240\u2103<br \/>\n+Bed temperature(\u2103)\t 90 \u2013 110\u00b0C<br \/>\n+Fan Speed\t 0%<br \/>\n+Printing Speed\t 40 \u2013 100mm\/s<br \/>\n+Heated Bed\t Required<br \/>\n+Recommended Build Surfaces\tPVP solid glue, PEI<\/p>\n<p>**To receive a better price, please contact the shop directly.<br \/>\n     0913.939.775 contact A.Quan (for English)<br \/>\n     094.144.0951 contact A.Quynh<br \/>\n**Selling price does not include VAT (+10% if VAT invoice is issued)<\/p>","protected":false},"excerpt":{"rendered":"<p>3D printing plastic FDM eSun eASA is UV resistant and has high hardness &amp; durability like ABS 1kg\/roll<\/p>","protected":false},"featured_media":4058,"comment_status":"open","ping_status":"closed","template":"","meta":{"inline_featured_image":false},"product_brand":[],"product_cat":[455,464,466],"product_tag":[],"class_list":{"0":"post-4067","1":"product","2":"type-product","3":"status-publish","4":"has-post-thumbnail","6":"product_cat-nhua-in-3d","7":"product_cat-nhua-in-3d-resin-esun","8":"product_cat-soi-nhua-esun-fdm","10":"first","11":"instock","12":"taxable","13":"shipping-taxable","14":"purchasable","15":"product-type-simple"},"yoast_head":"<!-- This site is optimized with the Yoast SEO Premium plugin v22.8 (Yoast SEO v26.9) - https:\/\/yoast.com\/product\/yoast-seo-premium-wordpress\/ -->\n<title>Nh\u1ef1a in 3d FDM eSun eASA ch\u1ed1ng tia c\u1ef1c t\u00edm v\u00e0 c\u00f3 \u0111\u1ed9 c\u1ee9ng &amp; b\u1ec1n cao nh\u01b0 ABS 1kg\/ cu\u1ed9n - NGE 3D Printers Services<\/title>\n<meta name=\"robots\" content=\"index, follow, max-snippet:-1, max-image-preview:large, max-video-preview:-1\" \/>\n<link rel=\"canonical\" href=\"https:\/\/nge.vn\/en\/product\/nhua-in-3d-fdm-esun-easa-chong-tia-cuc-tim-va-co-do-cung-ben-cao-nhu-abs-1kg-cuon\/\" \/>\n<meta property=\"og:locale\" content=\"en_US\" \/>\n<meta property=\"og:type\" content=\"article\" \/>\n<meta property=\"og:title\" content=\"Nh\u1ef1a in 3d FDM eSun eASA ch\u1ed1ng tia c\u1ef1c t\u00edm v\u00e0 c\u00f3 \u0111\u1ed9 c\u1ee9ng &amp; b\u1ec1n cao nh\u01b0 ABS 1kg\/ cu\u1ed9n\" \/>\n<meta property=\"og:description\" content=\"Nh\u1ef1a in 3d FDM eSun eASA ch\u1ed1ng tia c\u1ef1c t\u00edm v\u00e0 c\u00f3 \u0111\u1ed9 c\u1ee9ng &amp; b\u1ec1n cao nh\u01b0 ABS 1kg\/ cu\u1ed9n\" \/>\n<meta property=\"og:url\" content=\"https:\/\/nge.vn\/en\/product\/nhua-in-3d-fdm-esun-easa-chong-tia-cuc-tim-va-co-do-cung-ben-cao-nhu-abs-1kg-cuon\/\" \/>\n<meta property=\"og:site_name\" content=\"NGE 3D Printers Services\" \/>\n<meta property=\"article:modified_time\" content=\"2024-10-29T07:23:25+00:00\" \/>\n<meta property=\"og:image\" content=\"https:\/\/nge.vn\/wp-content\/uploads\/2024\/10\/images-upload-woo2Fe6963542e2cf098875fba1a26fc10e20.jpg\" \/>\n\t<meta property=\"og:image:width\" content=\"1000\" \/>\n\t<meta property=\"og:image:height\" content=\"1000\" \/>\n\t<meta property=\"og:image:type\" content=\"image\/jpeg\" \/>\n<meta name=\"twitter:card\" content=\"summary_large_image\" \/>\n<meta name=\"twitter:label1\" content=\"Est. reading time\" \/>\n\t<meta name=\"twitter:data1\" content=\"2 minutes\" \/>\n<script type=\"application\/ld+json\" class=\"yoast-schema-graph\">{\"@context\":\"https:\/\/schema.org\",\"@graph\":[{\"@type\":\"WebPage\",\"@id\":\"https:\/\/nge.vn\/san-pham\/nhua-in-3d-fdm-esun-easa-chong-tia-cuc-tim-va-co-do-cung-ben-cao-nhu-abs-1kg-cuon\/\",\"url\":\"https:\/\/nge.vn\/san-pham\/nhua-in-3d-fdm-esun-easa-chong-tia-cuc-tim-va-co-do-cung-ben-cao-nhu-abs-1kg-cuon\/\",\"name\":\"Nh\u1ef1a in 3d FDM eSun eASA ch\u1ed1ng tia c\u1ef1c t\u00edm v\u00e0 c\u00f3 \u0111\u1ed9 c\u1ee9ng &amp; b\u1ec1n cao nh\u01b0 ABS 1kg\/ cu\u1ed9n - NGE 3D Printers Services\",\"isPartOf\":{\"@id\":\"https:\/\/nge.vn\/#website\"},\"primaryImageOfPage\":{\"@id\":\"https:\/\/nge.vn\/san-pham\/nhua-in-3d-fdm-esun-easa-chong-tia-cuc-tim-va-co-do-cung-ben-cao-nhu-abs-1kg-cuon\/#primaryimage\"},\"image\":{\"@id\":\"https:\/\/nge.vn\/san-pham\/nhua-in-3d-fdm-esun-easa-chong-tia-cuc-tim-va-co-do-cung-ben-cao-nhu-abs-1kg-cuon\/#primaryimage\"},\"thumbnailUrl\":\"https:\/\/nge.vn\/wp-content\/uploads\/2024\/10\/images-upload-woo2Fe6963542e2cf098875fba1a26fc10e20.jpg\",\"datePublished\":\"2024-10-26T10:01:47+00:00\",\"dateModified\":\"2024-10-29T07:23:25+00:00\",\"breadcrumb\":{\"@id\":\"https:\/\/nge.vn\/san-pham\/nhua-in-3d-fdm-esun-easa-chong-tia-cuc-tim-va-co-do-cung-ben-cao-nhu-abs-1kg-cuon\/#breadcrumb\"},\"inLanguage\":\"en-US\",\"potentialAction\":[{\"@type\":\"ReadAction\",\"target\":[\"https:\/\/nge.vn\/san-pham\/nhua-in-3d-fdm-esun-easa-chong-tia-cuc-tim-va-co-do-cung-ben-cao-nhu-abs-1kg-cuon\/\"]}]},{\"@type\":\"ImageObject\",\"inLanguage\":\"en-US\",\"@id\":\"https:\/\/nge.vn\/san-pham\/nhua-in-3d-fdm-esun-easa-chong-tia-cuc-tim-va-co-do-cung-ben-cao-nhu-abs-1kg-cuon\/#primaryimage\",\"url\":\"https:\/\/nge.vn\/wp-content\/uploads\/2024\/10\/images-upload-woo2Fe6963542e2cf098875fba1a26fc10e20.jpg\",\"contentUrl\":\"https:\/\/nge.vn\/wp-content\/uploads\/2024\/10\/images-upload-woo2Fe6963542e2cf098875fba1a26fc10e20.jpg\",\"width\":1000,\"height\":1000},{\"@type\":\"BreadcrumbList\",\"@id\":\"https:\/\/nge.vn\/san-pham\/nhua-in-3d-fdm-esun-easa-chong-tia-cuc-tim-va-co-do-cung-ben-cao-nhu-abs-1kg-cuon\/#breadcrumb\",\"itemListElement\":[{\"@type\":\"ListItem\",\"position\":1,\"name\":\"Trang ch\u1ee7\",\"item\":\"https:\/\/nge.vn\/\"},{\"@type\":\"ListItem\",\"position\":2,\"name\":\"S\u1ea3n ph\u1ea9m\",\"item\":\"https:\/\/nge.vn\/san-pham\/\"},{\"@type\":\"ListItem\",\"position\":3,\"name\":\"Nh\u1ef1a in 3d FDM eSun eASA ch\u1ed1ng tia c\u1ef1c t\u00edm v\u00e0 c\u00f3 \u0111\u1ed9 c\u1ee9ng &amp; b\u1ec1n cao nh\u01b0 ABS 1kg\/ cu\u1ed9n\"}]},{\"@type\":\"WebSite\",\"@id\":\"https:\/\/nge.vn\/#website\",\"url\":\"https:\/\/nge.vn\/\",\"name\":\"NGE 3D Printers Services\",\"description\":\"\",\"potentialAction\":[{\"@type\":\"SearchAction\",\"target\":{\"@type\":\"EntryPoint\",\"urlTemplate\":\"https:\/\/nge.vn\/?s={search_term_string}\"},\"query-input\":{\"@type\":\"PropertyValueSpecification\",\"valueRequired\":true,\"valueName\":\"search_term_string\"}}],\"inLanguage\":\"en-US\"}]}<\/script>\n<!-- \/ Yoast SEO Premium plugin. -->","yoast_head_json":{"title":"Nh\u1ef1a in 3d FDM eSun eASA ch\u1ed1ng tia c\u1ef1c t\u00edm v\u00e0 c\u00f3 \u0111\u1ed9 c\u1ee9ng &amp; b\u1ec1n cao nh\u01b0 ABS 1kg\/ cu\u1ed9n - NGE 3D Printers Services","robots":{"index":"index","follow":"follow","max-snippet":"max-snippet:-1","max-image-preview":"max-image-preview:large","max-video-preview":"max-video-preview:-1"},"canonical":"https:\/\/nge.vn\/en\/product\/nhua-in-3d-fdm-esun-easa-chong-tia-cuc-tim-va-co-do-cung-ben-cao-nhu-abs-1kg-cuon\/","og_locale":"en_US","og_type":"article","og_title":"Nh\u1ef1a in 3d FDM eSun eASA ch\u1ed1ng tia c\u1ef1c t\u00edm v\u00e0 c\u00f3 \u0111\u1ed9 c\u1ee9ng &amp; b\u1ec1n cao nh\u01b0 ABS 1kg\/ cu\u1ed9n","og_description":"Nh\u1ef1a in 3d FDM eSun eASA ch\u1ed1ng tia c\u1ef1c t\u00edm v\u00e0 c\u00f3 \u0111\u1ed9 c\u1ee9ng &amp; b\u1ec1n cao nh\u01b0 ABS 1kg\/ cu\u1ed9n","og_url":"https:\/\/nge.vn\/en\/product\/nhua-in-3d-fdm-esun-easa-chong-tia-cuc-tim-va-co-do-cung-ben-cao-nhu-abs-1kg-cuon\/","og_site_name":"NGE 3D Printers Services","article_modified_time":"2024-10-29T07:23:25+00:00","og_image":[{"width":1000,"height":1000,"url":"https:\/\/nge.vn\/wp-content\/uploads\/2024\/10\/images-upload-woo2Fe6963542e2cf098875fba1a26fc10e20.jpg","type":"image\/jpeg"}],"twitter_card":"summary_large_image","twitter_misc":{"Est. reading time":"2 minutes"},"schema":{"@context":"https:\/\/schema.org","@graph":[{"@type":"WebPage","@id":"https:\/\/nge.vn\/san-pham\/nhua-in-3d-fdm-esun-easa-chong-tia-cuc-tim-va-co-do-cung-ben-cao-nhu-abs-1kg-cuon\/","url":"https:\/\/nge.vn\/san-pham\/nhua-in-3d-fdm-esun-easa-chong-tia-cuc-tim-va-co-do-cung-ben-cao-nhu-abs-1kg-cuon\/","name":"Nh\u1ef1a in 3d FDM eSun eASA ch\u1ed1ng tia c\u1ef1c t\u00edm v\u00e0 c\u00f3 \u0111\u1ed9 c\u1ee9ng &amp; b\u1ec1n cao nh\u01b0 ABS 1kg\/ cu\u1ed9n - NGE 3D Printers Services","isPartOf":{"@id":"https:\/\/nge.vn\/#website"},"primaryImageOfPage":{"@id":"https:\/\/nge.vn\/san-pham\/nhua-in-3d-fdm-esun-easa-chong-tia-cuc-tim-va-co-do-cung-ben-cao-nhu-abs-1kg-cuon\/#primaryimage"},"image":{"@id":"https:\/\/nge.vn\/san-pham\/nhua-in-3d-fdm-esun-easa-chong-tia-cuc-tim-va-co-do-cung-ben-cao-nhu-abs-1kg-cuon\/#primaryimage"},"thumbnailUrl":"https:\/\/nge.vn\/wp-content\/uploads\/2024\/10\/images-upload-woo2Fe6963542e2cf098875fba1a26fc10e20.jpg","datePublished":"2024-10-26T10:01:47+00:00","dateModified":"2024-10-29T07:23:25+00:00","breadcrumb":{"@id":"https:\/\/nge.vn\/san-pham\/nhua-in-3d-fdm-esun-easa-chong-tia-cuc-tim-va-co-do-cung-ben-cao-nhu-abs-1kg-cuon\/#breadcrumb"},"inLanguage":"en-US","potentialAction":[{"@type":"ReadAction","target":["https:\/\/nge.vn\/san-pham\/nhua-in-3d-fdm-esun-easa-chong-tia-cuc-tim-va-co-do-cung-ben-cao-nhu-abs-1kg-cuon\/"]}]},{"@type":"ImageObject","inLanguage":"en-US","@id":"https:\/\/nge.vn\/san-pham\/nhua-in-3d-fdm-esun-easa-chong-tia-cuc-tim-va-co-do-cung-ben-cao-nhu-abs-1kg-cuon\/#primaryimage","url":"https:\/\/nge.vn\/wp-content\/uploads\/2024\/10\/images-upload-woo2Fe6963542e2cf098875fba1a26fc10e20.jpg","contentUrl":"https:\/\/nge.vn\/wp-content\/uploads\/2024\/10\/images-upload-woo2Fe6963542e2cf098875fba1a26fc10e20.jpg","width":1000,"height":1000},{"@type":"BreadcrumbList","@id":"https:\/\/nge.vn\/san-pham\/nhua-in-3d-fdm-esun-easa-chong-tia-cuc-tim-va-co-do-cung-ben-cao-nhu-abs-1kg-cuon\/#breadcrumb","itemListElement":[{"@type":"ListItem","position":1,"name":"Trang ch\u1ee7","item":"https:\/\/nge.vn\/"},{"@type":"ListItem","position":2,"name":"S\u1ea3n ph\u1ea9m","item":"https:\/\/nge.vn\/san-pham\/"},{"@type":"ListItem","position":3,"name":"Nh\u1ef1a in 3d FDM eSun eASA ch\u1ed1ng tia c\u1ef1c t\u00edm v\u00e0 c\u00f3 \u0111\u1ed9 c\u1ee9ng &amp; b\u1ec1n cao nh\u01b0 ABS 1kg\/ cu\u1ed9n"}]},{"@type":"WebSite","@id":"https:\/\/nge.vn\/#website","url":"https:\/\/nge.vn\/","name":"NGE 3D Printers Services","description":"","potentialAction":[{"@type":"SearchAction","target":{"@type":"EntryPoint","urlTemplate":"https:\/\/nge.vn\/?s={search_term_string}"},"query-input":{"@type":"PropertyValueSpecification","valueRequired":true,"valueName":"search_term_string"}}],"inLanguage":"en-US"}]}},"_links":{"self":[{"href":"https:\/\/nge.vn\/en\/wp-json\/wp\/v2\/product\/4067","targetHints":{"allow":["GET"]}}],"collection":[{"href":"https:\/\/nge.vn\/en\/wp-json\/wp\/v2\/product"}],"about":[{"href":"https:\/\/nge.vn\/en\/wp-json\/wp\/v2\/types\/product"}],"replies":[{"embeddable":true,"href":"https:\/\/nge.vn\/en\/wp-json\/wp\/v2\/comments?post=4067"}],"wp:featuredmedia":[{"embeddable":true,"href":"https:\/\/nge.vn\/en\/wp-json\/wp\/v2\/media\/4058"}],"wp:attachment":[{"href":"https:\/\/nge.vn\/en\/wp-json\/wp\/v2\/media?parent=4067"}],"wp:term":[{"taxonomy":"product_brand","embeddable":true,"href":"https:\/\/nge.vn\/en\/wp-json\/wp\/v2\/product_brand?post=4067"},{"taxonomy":"product_cat","embeddable":true,"href":"https:\/\/nge.vn\/en\/wp-json\/wp\/v2\/product_cat?post=4067"},{"taxonomy":"product_tag","embeddable":true,"href":"https:\/\/nge.vn\/en\/wp-json\/wp\/v2\/product_tag?post=4067"}],"curies":[{"name":"wp","href":"https:\/\/api.w.org\/{rel}","templated":true}]}}