{"id":4047,"date":"2024-10-26T16:57:35","date_gmt":"2024-10-26T09:57:35","guid":{"rendered":"https:\/\/nge.123websitedev.com\/san-pham\/module-cam-bien-soi-nhua-thong-minh-btt-sfs-v1-0-smart-filament-sensor-detection-phat-hien-nhua-dut-va-bi-ket\/"},"modified":"2024-10-28T16:06:58","modified_gmt":"2024-10-28T09:06:58","slug":"module-cam-bien-soi-nhua-thong-minh-btt-sfs-v1-0-smart-filament-sensor-detection-phat-hien-nhua-dut-va-bi-ket","status":"publish","type":"product","link":"https:\/\/nge.vn\/en\/product\/module-cam-bien-soi-nhua-thong-minh-btt-sfs-v1-0-smart-filament-sensor-detection-phat-hien-nhua-dut-va-bi-ket\/","title":{"rendered":"BTT SFS V1.0 Smart Filament Sensor Detection Module detects broken and jammed plastic"},"content":{"rendered":"<p>C\u1ea3m bi\u1ebfn s\u1ee3i nh\u1ef1a th\u00f4ng minh BTT SFS V1.0 Smart Filament Sensor Detection ph\u00e1t hi\u1ec7n nh\u1ef1a \u0111\u1ee9t v\u00e0 b\u1ecb k\u1eb9t<\/p>\n<p>_Ch\u1ee9c n\u0103ng ph\u00e1t hi\u1ec7n \u0111\u1ee9t s\u1ee3i nh\u1ef1a th\u00f4ng minh<br \/>\n+T\u0103ng kh\u1ea3 n\u0103ng gi\u00e1m s\u00e1t th\u00f4ng minh c\u1ee7a m\u00e1y \u0111\u00f9n Khi v\u1eadt li\u1ec7u b\u1ea5t th\u01b0\u1eddng, m\u00e1y s\u1ebd t\u1ef1 \u0111\u1ed9ng nh\u1eafc nh\u1edf \u0111\u1ec3 gi\u1ea3m r\u1ee7i ro<br \/>\n+B\u1ea5t k\u1ef3 bo m\u1ea1ch ch\u1ee7 n\u00e0o c\u00f3 giao di\u1ec7n ph\u00e1t hi\u1ec7n \u0111\u1ee9t \u0111\u1ec1u c\u00f3 th\u1ec3 \u0111\u01b0\u1ee3c s\u1eed d\u1ee5ng<br \/>\n+Khi qu\u00e1 tr\u00ecnh x\u1ea3 b\u1ea5t th\u01b0\u1eddng, m\u00e0n h\u00ecnh s\u1ebd hi\u1ec3n th\u1ecb qu\u00e1 tr\u00ecnh \u00e9p \u0111\u00f9n b\u1ea5t th\u01b0\u1eddng v\u00e0 ng\u1eebng ho\u1ea1t \u0111\u1ed9ng.<\/p>\n<p>&gt;&gt;&gt; \u0110\u1eb7c \u0111i\u1ec3m k\u1ef9 thu\u1eadt<br \/>\n+\u0110i\u1ec7n \u00e1p: 3.3V-5V<br \/>\n+Ki\u1ec3m tra v\u1eadt t\u01b0 ti\u00eau hao \u0110\u01b0\u1eddng k\u00ednh: 1.75mm<br \/>\n+Chi\u1ec1u d\u00e0i ph\u00e1t hi\u1ec7n v\u1eadt t\u01b0 ti\u00eau hao : 7mm<br \/>\n+Ph\u1ea7n s\u1ee5n: marlin2.0.x<br \/>\n+K\u00edch th\u01b0\u1edbc ngo\u1ea1i h\u00ecnh: 75*30mm<br \/>\n+Tr\u1ecdng l\u01b0\u1ee3ng: 60g<br \/>\n+Ch\u1ea5t li\u1ec7u: PLA (b\u1ed9 ph\u1eadn nh\u1ef1a)<\/p>\n<p>_Hi\u1ec3n th\u1ecb ch\u1ee9c n\u0103ng<br \/>\n+Ch\u1ee9c n\u0103ng ph\u00e1t hi\u1ec7n \u0111\u1ee9t s\u1ee3i nh\u1ef1a th\u00f4ng minh<br \/>\n+Khi v\u1eadt li\u1ec7u b\u1ea5t th\u01b0\u1eddng, m\u00e1y s\u1ebd t\u1ef1 \u0111\u1ed9ng nh\u1eafc nh\u1edf \u0111\u1ec3 gi\u1ea3m r\u1ee7i ro<br \/>\n+N\u00f3 c\u0169ng c\u00f3 th\u1ec3 \u0111\u01b0\u1ee3c hi\u1ec3n th\u1ecb k\u1ecbp th\u1eddi v\u00e0 ng\u1eebng ho\u1ea1t \u0111\u1ed9ng<\/p>\n<p>T\u1ef1 \u0111\u1ed9ng c\u1ea3nh b\u00e1o n\u1ebfu s\u1ee3i nh\u1ef1a h\u1ebft ho\u1eb7c \u0111\u1ee9t. Th\u00f4ng minh gi\u00fap ti\u1ebft ki\u1ec7m th\u1eddi gian v\u00e0 s\u1ee3i nh\u1ef1a<\/p>\n<p>_N\u00e2ng c\u1ea5p v\u1eadt li\u1ec7u<br \/>\n+V\u1eadt li\u1ec7u c\u1eadp nh\u1eadt b\u1ec1n h\u01a1n v\u00e0 c\u00f3 tu\u1ed5i th\u1ecd cao h\u01a1n. Gi\u1ea3m ma s\u00e1t gi\u1eefa c\u00e1c th\u00e0nh ph\u1ea7n v\u00e0 \u0111\u00e1p \u1ee9ng nhanh h\u01a1n. Ngo\u1ea1i h\u00ecnh c\u0169ng tinh t\u1ebf v\u00e0 \u0111\u1eb9p m\u1eaft h\u01a1n.<br \/>\n+H\u1ed9 tr\u1ee3 t\u1ea5t c\u1ea3 c\u00e1c lo\u1ea1i nh\u1ef1a 1.75mm<\/p>\n<p>_B\u1ea5t k\u1ef3 bo m\u1ea1ch ch\u1ee7 n\u00e0o c\u00f3 giao di\u1ec7n ph\u00e1t hi\u1ec7n \u0111\u1ee9t \u0111\u1ec1u c\u00f3 th\u1ec3 \u0111\u01b0\u1ee3c s\u1eed d\u1ee5ng.<br \/>\n+V\u00ed d\u1ee5: BIGTREETECH SKR MINI E3 , SKR E3 DIP , SKRV1.3, MKS GEN L, MKS GEN V1.4, M4P, M8P v.v.<\/p>\n<p>Th\u1eddi gian ph\u1ea3n \u1ee9ng ch\u1ec9 7 mm<br \/>\n+C\u00f3 th\u1ec3 s\u1eed d\u1ee5ng tr\u1ef1c ti\u1ebfp c\u00e1c m\u00e0n h\u00ecnh 2004, 12864, TFT 24 (mode 12864), TFT35_V3.0 (mode  12864). M\u00f4-\u0111un \u0111ang \u0111\u01b0\u1ee3c t\u1ed1i \u01b0u h\u00f3a v\u00e0 s\u1ebd t\u01b0\u01a1ng th\u00edch v\u1edbi m\u00e0n h\u00ecnh c\u1ea3m \u1ee9ng sau n\u00e0y.<\/p>\n<p>**\u0110\u1ec3 \u0111\u01b0\u1ee3c nh\u1eadn \u0111\u01b0\u1ee3c gi\u00e1 \u01b0u \u0111\u00e3i t\u1ed1t nh\u1ea5t vui l\u00f2ng li\u00ean h\u1ec7 mua tr\u1ef1c ti\u1ebfp shop:<br \/>\n     0913.939.775 contact A.Quan (for English)<br \/>\n     094.144.0951 contact A.Quynh<br \/>\n**Selling price does not include VAT (+10% if VAT invoice is issued)<\/p>","protected":false},"excerpt":{"rendered":"<p>BTT SFS V1.0 Smart Filament Sensor Detection Module detects broken and jammed plastic<\/p>","protected":false},"featured_media":4038,"comment_status":"open","ping_status":"closed","template":"","meta":{"inline_featured_image":false},"product_brand":[],"product_cat":[40,39,49,58],"product_tag":[],"class_list":{"0":"post-4047","1":"product","2":"type-product","3":"status-publish","4":"has-post-thumbnail","6":"product_cat-linh-kien-va-phu-kien","7":"product_cat-may-in-3d","8":"product_cat-may-in-3d-biqu","9":"product_cat-phu-kien-may-in-3d-bigtreetech","11":"first","12":"outofstock","13":"taxable","14":"shipping-taxable","15":"purchasable","16":"product-type-simple"},"yoast_head":"<!-- This site is optimized with the Yoast SEO Premium plugin v22.8 (Yoast SEO v26.9) - https:\/\/yoast.com\/product\/yoast-seo-premium-wordpress\/ -->\n<title>Module c\u1ea3m bi\u1ebfn s\u1ee3i nh\u1ef1a th\u00f4ng minh BTT SFS V1.0 Smart Filament Sensor Detection ph\u00e1t hi\u1ec7n nh\u1ef1a \u0111\u1ee9t v\u00e0 b\u1ecb k\u1eb9t - NGE 3D Printers Services<\/title>\n<meta name=\"robots\" content=\"index, follow, max-snippet:-1, max-image-preview:large, max-video-preview:-1\" \/>\n<link rel=\"canonical\" href=\"https:\/\/nge.vn\/en\/product\/module-cam-bien-soi-nhua-thong-minh-btt-sfs-v1-0-smart-filament-sensor-detection-phat-hien-nhua-dut-va-bi-ket\/\" \/>\n<meta property=\"og:locale\" content=\"en_US\" \/>\n<meta property=\"og:type\" content=\"article\" \/>\n<meta property=\"og:title\" content=\"Module c\u1ea3m bi\u1ebfn s\u1ee3i nh\u1ef1a th\u00f4ng minh BTT SFS V1.0 Smart Filament Sensor Detection ph\u00e1t hi\u1ec7n nh\u1ef1a \u0111\u1ee9t v\u00e0 b\u1ecb k\u1eb9t\" \/>\n<meta property=\"og:description\" content=\"Module c\u1ea3m bi\u1ebfn s\u1ee3i nh\u1ef1a th\u00f4ng minh BTT SFS V1.0 Smart Filament Sensor Detection ph\u00e1t hi\u1ec7n nh\u1ef1a \u0111\u1ee9t v\u00e0 b\u1ecb k\u1eb9t\" \/>\n<meta property=\"og:url\" content=\"https:\/\/nge.vn\/en\/product\/module-cam-bien-soi-nhua-thong-minh-btt-sfs-v1-0-smart-filament-sensor-detection-phat-hien-nhua-dut-va-bi-ket\/\" \/>\n<meta property=\"og:site_name\" content=\"NGE 3D Printers Services\" \/>\n<meta property=\"article:modified_time\" content=\"2024-10-28T09:06:58+00:00\" \/>\n<meta property=\"og:image\" content=\"https:\/\/nge.vn\/wp-content\/uploads\/2024\/10\/images-upload-woo2F35c4edeb8a2a2d4cc7e732f24d2fdeff.jpg\" \/>\n\t<meta property=\"og:image:width\" content=\"764\" \/>\n\t<meta property=\"og:image:height\" content=\"764\" \/>\n\t<meta property=\"og:image:type\" content=\"image\/jpeg\" \/>\n<meta name=\"twitter:card\" content=\"summary_large_image\" \/>\n<meta name=\"twitter:label1\" content=\"Est. reading time\" \/>\n\t<meta name=\"twitter:data1\" content=\"3 minutes\" \/>\n<script type=\"application\/ld+json\" class=\"yoast-schema-graph\">{\"@context\":\"https:\/\/schema.org\",\"@graph\":[{\"@type\":\"WebPage\",\"@id\":\"https:\/\/nge.vn\/san-pham\/module-cam-bien-soi-nhua-thong-minh-btt-sfs-v1-0-smart-filament-sensor-detection-phat-hien-nhua-dut-va-bi-ket\/\",\"url\":\"https:\/\/nge.vn\/san-pham\/module-cam-bien-soi-nhua-thong-minh-btt-sfs-v1-0-smart-filament-sensor-detection-phat-hien-nhua-dut-va-bi-ket\/\",\"name\":\"Module c\u1ea3m bi\u1ebfn s\u1ee3i nh\u1ef1a th\u00f4ng minh BTT SFS V1.0 Smart Filament Sensor Detection ph\u00e1t hi\u1ec7n nh\u1ef1a \u0111\u1ee9t v\u00e0 b\u1ecb k\u1eb9t - NGE 3D Printers Services\",\"isPartOf\":{\"@id\":\"https:\/\/nge.vn\/#website\"},\"primaryImageOfPage\":{\"@id\":\"https:\/\/nge.vn\/san-pham\/module-cam-bien-soi-nhua-thong-minh-btt-sfs-v1-0-smart-filament-sensor-detection-phat-hien-nhua-dut-va-bi-ket\/#primaryimage\"},\"image\":{\"@id\":\"https:\/\/nge.vn\/san-pham\/module-cam-bien-soi-nhua-thong-minh-btt-sfs-v1-0-smart-filament-sensor-detection-phat-hien-nhua-dut-va-bi-ket\/#primaryimage\"},\"thumbnailUrl\":\"https:\/\/nge.vn\/wp-content\/uploads\/2024\/10\/images-upload-woo2F35c4edeb8a2a2d4cc7e732f24d2fdeff.jpg\",\"datePublished\":\"2024-10-26T09:57:35+00:00\",\"dateModified\":\"2024-10-28T09:06:58+00:00\",\"breadcrumb\":{\"@id\":\"https:\/\/nge.vn\/san-pham\/module-cam-bien-soi-nhua-thong-minh-btt-sfs-v1-0-smart-filament-sensor-detection-phat-hien-nhua-dut-va-bi-ket\/#breadcrumb\"},\"inLanguage\":\"en-US\",\"potentialAction\":[{\"@type\":\"ReadAction\",\"target\":[\"https:\/\/nge.vn\/san-pham\/module-cam-bien-soi-nhua-thong-minh-btt-sfs-v1-0-smart-filament-sensor-detection-phat-hien-nhua-dut-va-bi-ket\/\"]}]},{\"@type\":\"ImageObject\",\"inLanguage\":\"en-US\",\"@id\":\"https:\/\/nge.vn\/san-pham\/module-cam-bien-soi-nhua-thong-minh-btt-sfs-v1-0-smart-filament-sensor-detection-phat-hien-nhua-dut-va-bi-ket\/#primaryimage\",\"url\":\"https:\/\/nge.vn\/wp-content\/uploads\/2024\/10\/images-upload-woo2F35c4edeb8a2a2d4cc7e732f24d2fdeff.jpg\",\"contentUrl\":\"https:\/\/nge.vn\/wp-content\/uploads\/2024\/10\/images-upload-woo2F35c4edeb8a2a2d4cc7e732f24d2fdeff.jpg\",\"width\":764,\"height\":764},{\"@type\":\"BreadcrumbList\",\"@id\":\"https:\/\/nge.vn\/san-pham\/module-cam-bien-soi-nhua-thong-minh-btt-sfs-v1-0-smart-filament-sensor-detection-phat-hien-nhua-dut-va-bi-ket\/#breadcrumb\",\"itemListElement\":[{\"@type\":\"ListItem\",\"position\":1,\"name\":\"Trang ch\u1ee7\",\"item\":\"https:\/\/nge.vn\/\"},{\"@type\":\"ListItem\",\"position\":2,\"name\":\"S\u1ea3n ph\u1ea9m\",\"item\":\"https:\/\/nge.vn\/san-pham\/\"},{\"@type\":\"ListItem\",\"position\":3,\"name\":\"Module c\u1ea3m bi\u1ebfn s\u1ee3i nh\u1ef1a th\u00f4ng minh BTT SFS V1.0 Smart Filament Sensor Detection ph\u00e1t hi\u1ec7n nh\u1ef1a \u0111\u1ee9t v\u00e0 b\u1ecb k\u1eb9t\"}]},{\"@type\":\"WebSite\",\"@id\":\"https:\/\/nge.vn\/#website\",\"url\":\"https:\/\/nge.vn\/\",\"name\":\"NGE 3D Printers Services\",\"description\":\"\",\"potentialAction\":[{\"@type\":\"SearchAction\",\"target\":{\"@type\":\"EntryPoint\",\"urlTemplate\":\"https:\/\/nge.vn\/?s={search_term_string}\"},\"query-input\":{\"@type\":\"PropertyValueSpecification\",\"valueRequired\":true,\"valueName\":\"search_term_string\"}}],\"inLanguage\":\"en-US\"}]}<\/script>\n<!-- \/ Yoast SEO Premium plugin. -->","yoast_head_json":{"title":"Module c\u1ea3m bi\u1ebfn s\u1ee3i nh\u1ef1a th\u00f4ng minh BTT SFS V1.0 Smart Filament Sensor Detection ph\u00e1t hi\u1ec7n nh\u1ef1a \u0111\u1ee9t v\u00e0 b\u1ecb k\u1eb9t - NGE 3D Printers Services","robots":{"index":"index","follow":"follow","max-snippet":"max-snippet:-1","max-image-preview":"max-image-preview:large","max-video-preview":"max-video-preview:-1"},"canonical":"https:\/\/nge.vn\/en\/product\/module-cam-bien-soi-nhua-thong-minh-btt-sfs-v1-0-smart-filament-sensor-detection-phat-hien-nhua-dut-va-bi-ket\/","og_locale":"en_US","og_type":"article","og_title":"Module c\u1ea3m bi\u1ebfn s\u1ee3i nh\u1ef1a th\u00f4ng minh BTT SFS V1.0 Smart Filament Sensor Detection ph\u00e1t hi\u1ec7n nh\u1ef1a \u0111\u1ee9t v\u00e0 b\u1ecb k\u1eb9t","og_description":"Module c\u1ea3m bi\u1ebfn s\u1ee3i nh\u1ef1a th\u00f4ng minh BTT SFS V1.0 Smart Filament Sensor Detection ph\u00e1t hi\u1ec7n nh\u1ef1a \u0111\u1ee9t v\u00e0 b\u1ecb k\u1eb9t","og_url":"https:\/\/nge.vn\/en\/product\/module-cam-bien-soi-nhua-thong-minh-btt-sfs-v1-0-smart-filament-sensor-detection-phat-hien-nhua-dut-va-bi-ket\/","og_site_name":"NGE 3D Printers Services","article_modified_time":"2024-10-28T09:06:58+00:00","og_image":[{"width":764,"height":764,"url":"https:\/\/nge.vn\/wp-content\/uploads\/2024\/10\/images-upload-woo2F35c4edeb8a2a2d4cc7e732f24d2fdeff.jpg","type":"image\/jpeg"}],"twitter_card":"summary_large_image","twitter_misc":{"Est. reading time":"3 minutes"},"schema":{"@context":"https:\/\/schema.org","@graph":[{"@type":"WebPage","@id":"https:\/\/nge.vn\/san-pham\/module-cam-bien-soi-nhua-thong-minh-btt-sfs-v1-0-smart-filament-sensor-detection-phat-hien-nhua-dut-va-bi-ket\/","url":"https:\/\/nge.vn\/san-pham\/module-cam-bien-soi-nhua-thong-minh-btt-sfs-v1-0-smart-filament-sensor-detection-phat-hien-nhua-dut-va-bi-ket\/","name":"Module c\u1ea3m bi\u1ebfn s\u1ee3i nh\u1ef1a th\u00f4ng minh BTT SFS V1.0 Smart Filament Sensor Detection ph\u00e1t hi\u1ec7n nh\u1ef1a \u0111\u1ee9t v\u00e0 b\u1ecb k\u1eb9t - NGE 3D Printers Services","isPartOf":{"@id":"https:\/\/nge.vn\/#website"},"primaryImageOfPage":{"@id":"https:\/\/nge.vn\/san-pham\/module-cam-bien-soi-nhua-thong-minh-btt-sfs-v1-0-smart-filament-sensor-detection-phat-hien-nhua-dut-va-bi-ket\/#primaryimage"},"image":{"@id":"https:\/\/nge.vn\/san-pham\/module-cam-bien-soi-nhua-thong-minh-btt-sfs-v1-0-smart-filament-sensor-detection-phat-hien-nhua-dut-va-bi-ket\/#primaryimage"},"thumbnailUrl":"https:\/\/nge.vn\/wp-content\/uploads\/2024\/10\/images-upload-woo2F35c4edeb8a2a2d4cc7e732f24d2fdeff.jpg","datePublished":"2024-10-26T09:57:35+00:00","dateModified":"2024-10-28T09:06:58+00:00","breadcrumb":{"@id":"https:\/\/nge.vn\/san-pham\/module-cam-bien-soi-nhua-thong-minh-btt-sfs-v1-0-smart-filament-sensor-detection-phat-hien-nhua-dut-va-bi-ket\/#breadcrumb"},"inLanguage":"en-US","potentialAction":[{"@type":"ReadAction","target":["https:\/\/nge.vn\/san-pham\/module-cam-bien-soi-nhua-thong-minh-btt-sfs-v1-0-smart-filament-sensor-detection-phat-hien-nhua-dut-va-bi-ket\/"]}]},{"@type":"ImageObject","inLanguage":"en-US","@id":"https:\/\/nge.vn\/san-pham\/module-cam-bien-soi-nhua-thong-minh-btt-sfs-v1-0-smart-filament-sensor-detection-phat-hien-nhua-dut-va-bi-ket\/#primaryimage","url":"https:\/\/nge.vn\/wp-content\/uploads\/2024\/10\/images-upload-woo2F35c4edeb8a2a2d4cc7e732f24d2fdeff.jpg","contentUrl":"https:\/\/nge.vn\/wp-content\/uploads\/2024\/10\/images-upload-woo2F35c4edeb8a2a2d4cc7e732f24d2fdeff.jpg","width":764,"height":764},{"@type":"BreadcrumbList","@id":"https:\/\/nge.vn\/san-pham\/module-cam-bien-soi-nhua-thong-minh-btt-sfs-v1-0-smart-filament-sensor-detection-phat-hien-nhua-dut-va-bi-ket\/#breadcrumb","itemListElement":[{"@type":"ListItem","position":1,"name":"Trang ch\u1ee7","item":"https:\/\/nge.vn\/"},{"@type":"ListItem","position":2,"name":"S\u1ea3n ph\u1ea9m","item":"https:\/\/nge.vn\/san-pham\/"},{"@type":"ListItem","position":3,"name":"Module c\u1ea3m bi\u1ebfn s\u1ee3i nh\u1ef1a th\u00f4ng minh BTT SFS V1.0 Smart Filament Sensor Detection ph\u00e1t hi\u1ec7n nh\u1ef1a \u0111\u1ee9t v\u00e0 b\u1ecb k\u1eb9t"}]},{"@type":"WebSite","@id":"https:\/\/nge.vn\/#website","url":"https:\/\/nge.vn\/","name":"NGE 3D Printers Services","description":"","potentialAction":[{"@type":"SearchAction","target":{"@type":"EntryPoint","urlTemplate":"https:\/\/nge.vn\/?s={search_term_string}"},"query-input":{"@type":"PropertyValueSpecification","valueRequired":true,"valueName":"search_term_string"}}],"inLanguage":"en-US"}]}},"_links":{"self":[{"href":"https:\/\/nge.vn\/en\/wp-json\/wp\/v2\/product\/4047","targetHints":{"allow":["GET"]}}],"collection":[{"href":"https:\/\/nge.vn\/en\/wp-json\/wp\/v2\/product"}],"about":[{"href":"https:\/\/nge.vn\/en\/wp-json\/wp\/v2\/types\/product"}],"replies":[{"embeddable":true,"href":"https:\/\/nge.vn\/en\/wp-json\/wp\/v2\/comments?post=4047"}],"wp:featuredmedia":[{"embeddable":true,"href":"https:\/\/nge.vn\/en\/wp-json\/wp\/v2\/media\/4038"}],"wp:attachment":[{"href":"https:\/\/nge.vn\/en\/wp-json\/wp\/v2\/media?parent=4047"}],"wp:term":[{"taxonomy":"product_brand","embeddable":true,"href":"https:\/\/nge.vn\/en\/wp-json\/wp\/v2\/product_brand?post=4047"},{"taxonomy":"product_cat","embeddable":true,"href":"https:\/\/nge.vn\/en\/wp-json\/wp\/v2\/product_cat?post=4047"},{"taxonomy":"product_tag","embeddable":true,"href":"https:\/\/nge.vn\/en\/wp-json\/wp\/v2\/product_tag?post=4047"}],"curies":[{"name":"wp","href":"https:\/\/api.w.org\/{rel}","templated":true}]}}