{"id":4037,"date":"2024-10-26T16:55:58","date_gmt":"2024-10-26T09:55:58","guid":{"rendered":"https:\/\/nge.123websitedev.com\/san-pham\/bo-dun-sprite-extruder-pro-kit-300%e2%84%83-in-nhiet-do-cao\/"},"modified":"2024-10-29T14:23:40","modified_gmt":"2024-10-29T07:23:40","slug":"bo-dun-sprite-extruder-pro-kit-300%e2%84%83-in-nhiet-do-cao","status":"publish","type":"product","link":"https:\/\/nge.vn\/en\/product\/bo-dun-sprite-extruder-pro-kit-300%e2%84%83-in-nhiet-do-cao\/","title":{"rendered":"B\u1ed9 \u0111\u00f9n Sprite Extruder Pro Kit 300\u2103 In nhi\u1ec7t \u0111\u1ed9 cao"},"content":{"rendered":"<p>B\u1ed9 \u0111\u00f9n Sprite Extruder Pro Kit 300\u2103 In nhi\u1ec7t \u0111\u1ed9 cao<br \/>\n_Gi\u1ea3i ph\u00e1p s\u1ea3n ph\u1ea9m m\u00f4-\u0111un, s\u1eeda \u0111\u1ed5i thu\u1eadn ti\u1ec7n v\u00e0 nhanh ch\u00f3ng<br \/>\nM\u00e1y \u0111\u00f9n Sprite, cho ph\u00e9p t\u1ea5t c\u1ea3 c\u00e1c m\u00e1y in 3D d\u00f2ng Ender-3 th\u1ef1c hi\u1ec7n \u0111\u00f9n tr\u1ef1c ti\u1ebfp v\u00e0 \u0111i\u1ec1u ki\u1ec7n in \u1edf nhi\u1ec7t \u0111\u1ed9 cao<\/p>\n<p>_H\u1ed7 tr\u1ee3 in c\u00e1c lo\u1ea1i s\u1ee3i m\u1ec1m d\u1ebbo \u1edf nhi\u1ec7t \u0111\u1ed9 cao<br \/>\nHi\u1ec7u su\u1ea5t \u0111\u01b0\u1ee3c n\u00e2ng c\u1ea5p, tr\u1ea3i nghi\u1ec7m t\u1ed1t h\u01a1n<\/p>\n<p>_T\u01b0\u01a1ng th\u00edch v\u1edbi nhi\u1ec1u lo\u1ea1i s\u1ee3i kh\u00e1c nhau, S\u00e1ng t\u1ea1o h\u01a1n<br \/>\nHo\u1ea1t \u0111\u1ed9ng v\u1edbi c\u00e1c s\u1ee3i kh\u00e1c nhau bao g\u1ed3m PLA \/TPU \/PETG \/ABS, v.v. Kh\u1ea3 n\u0103ng \u0111a v\u1eadt li\u1ec7u th\u00edch h\u1ee3p cho s\u1ef1 s\u00e1ng t\u1ea1o h\u01a1n.<\/p>\n<p>_S\u1ef1 \u0111\u1ed9t ph\u00e1 m\u1edbi, \u0111\u01b0\u1ee3c s\u1ea3n xu\u1ea5t t\u1ed1t<br \/>\n+ Sprite nh\u1ecf<br \/>\n+ M\u00f4 men xo\u1eafn l\u1edbn<br \/>\n+ Cho \u0103n b\u00e1nh r\u0103ng k\u00e9p<br \/>\n+ L\u1ef1c c\u0103ng c\u00f3 th\u1ec3 \u0111i\u1ec1u ch\u1ec9nh<br \/>\n+ Thi\u1ebft k\u1ebf ho\u00e0n to\u00e0n b\u1eb1ng kim lo\u1ea1i<br \/>\n+ T\u1ea3n nhi\u1ec7t hi\u1ec7u qu\u1ea3<\/p>\n<p>_Gi\u1ea3i ph\u00e1p s\u1ea3n ph\u1ea9m \u0111a d\u1ea1ng<br \/>\ns\u1eeda \u0111\u1ed5i thu\u1eadn ti\u1ec7n v\u00e0 nhanh ch\u00f3ng:<br \/>\nM\u00e1y \u0111\u00f9n Sprite, cho ph\u00e9p t\u1ea5t c\u1ea3 c\u00e1c m\u00e1y in 3D d\u00f2ng Ender-3 th\u1ef1c hi\u1ec7n \u0111\u00f9n tr\u1ef1c ti\u1ebfp v\u00e0 \u0111i\u1ec1u ki\u1ec7n in \u1edf nhi\u1ec7t \u0111\u1ed9 cao<\/p>\n<p>_Sprite nh\u1ecf, s\u1ee9c m\u1ea1nh kh\u1ed5ng l\u1ed3<br \/>\nK\u00edch th\u01b0\u1edbc nh\u1ecf 54x50x64.3mm, tr\u1ecdng l\u01b0\u1ee3ng 288g. Thi\u1ebft k\u1ebf tinh t\u1ebf, s\u1ef1 k\u1ebft h\u1ee3p ho\u00e0n h\u1ea3o gi\u1eefa m\u00e1y \u0111\u00f9n v\u00e0 m\u00e1y in t\u1ea1o ra nhi\u1ec1u ch\u1ee9c n\u0103ng m\u1ea1nh m\u1ebd h\u01a1n.<\/p>\n<p>_H\u00ecnh d\u1ea1ng tinh t\u1ebf<br \/>\nC\u1ea5u tr\u00fac ch\u00ednh x\u00e1c<\/p>\n<p>_M\u00f4 men xo\u1eafn l\u1edbn, l\u1ef1c \u0111\u00f9n l\u00ean \u0111\u1ebfn 80N<br \/>\nVi\u1ec7c s\u1eed d\u1ee5ng b\u00e1nh r\u0103ng v\u1edbi t\u1ef7 s\u1ed1 truy\u1ec1n 3.5:1 k\u1ebft h\u1ee3p ho\u00e0n h\u1ea3o v\u1edbi \u0111\u1ed9ng c\u01a1 t\u1ea1o ra l\u1ef1c \u0111\u00f9n l\u00ean \u0111\u1ebfn 80N (t\u00f9y thu\u1ed9c v\u00e0o d\u00e2y t\u00f3c). Ki\u1ec3m so\u00e1t ch\u00ednh x\u00e1c h\u01a1n vi\u1ec7c r\u00fat ti\u1ec1n cho \u0103n.<br \/>\n+Thi\u1ebft k\u1ebf m\u00f4-men xo\u1eafn l\u1edbn 80N<br \/>\n+T\u1ec9 s\u1ed1 truy\u1ec1n 3,5: 1<br \/>\n+L\u1ef1c \u0111\u00f9n l\u00ean \u0111\u1ebfn 80N<\/p>\n<p>_Ngu\u1ed3n c\u1ea5p d\u1eef li\u1ec7u b\u00e1nh r\u0103ng k\u00e9p, in \u1ed5n \u0111\u1ecbnh h\u01a1n<br \/>\nC\u1ea5u tr\u00fac r\u0103ng k\u00e9p kh\u00f4ng l\u00e0m h\u1ecfng c\u00e1c s\u1ee3i t\u01a1, cho \u0103n \u1ed5n \u0111\u1ecbnh v\u00e0 \u0111\u00e1ng tin c\u1eady h\u01a1n.<br \/>\nB\u00e1nh r\u0103ng k\u00e9p<\/p>\n<p>_\u0110\u1ed9 c\u0103ng c\u00f3 th\u1ec3 \u0111i\u1ec1u ch\u1ec9nh, chuy\u00ean nghi\u1ec7p<br \/>\nB\u1ed9 c\u0103ng cho ph\u00e9p b\u1ea1n tinh ch\u1ec9nh \u00e1p l\u1ef1c t\u00e1c \u0111\u1ed9ng b\u1edfi c\u00e1c b\u00e1nh r\u0103ng truy\u1ec1n \u0111\u1ed9ng l\u00ean d\u00e2y t\u00f3c theo s\u1edf th\u00edch c\u1ee7a b\u1ea1n, gi\u00fap in c\u00e1c m\u00f4 h\u00ecnh tinh t\u1ebf h\u01a1n.<\/p>\n<p>_ B\u1ed9 hotend to\u00e0n kim lo\u1ea1i, s\u1ee3i in y\u00eau c\u1ea7u nhi\u1ec7t \u0111\u1ed9 cao<br \/>\nHotend ho\u00e0n to\u00e0n b\u1eb1ng kim lo\u1ea1i v\u1edbi h\u1ecdng titan cho ph\u00e9p b\u1ea1n in c\u00e1c v\u1eadt li\u1ec7u \u1edf nhi\u1ec7t \u0111\u1ed9 cao \u1edf 300<br \/>\n1. Kh\u1ed1i gia nhi\u1ec7t: \u0110\u01b0\u1ee3c l\u00e0m b\u1eb1ng h\u1ee3p kim nh\u00f4m, l\u00e0m n\u00f3ng nhanh v\u00e0 c\u00e1c s\u1ee3i nh\u1ef1a tan ch\u1ea3y nhanh ch\u00f3ng<br \/>\n2. H\u1ecdng titan: \u0110\u1ed9 d\u1eabn nhi\u1ec7t th\u1ea5p, \u0111\u1ed9 b\u1ec1n nhi\u1ec7t cao \u0111\u01b0\u1ee3c \u0111\u00e1nh b\u00f3ng cao<br \/>\n3. Kh\u1ed1i l\u00e0m m\u00e1t: L\u00e0m b\u1eb1ng nh\u00f4m ch\u1ea5t l\u01b0\u1ee3ng cao v\u1edbi thi\u1ebft k\u1ebf r\u0103ng d\u00e0y v\u00e0 v\u1eeba v\u1eb7n v\u1edbi b\u1ec1 m\u1eb7t h\u1ecdng \u0111\u1ec3 t\u1ea3n nhi\u1ec7t t\u1ed1t h\u01a1n.<\/p>\n<p>_ T\u1ea3n nhi\u1ec7t hi\u1ec7u qu\u1ea3, In \u1ea5n kh\u00f4ng lo l\u1eafng<br \/>\nM\u00f4 ph\u1ecfng c\u01a1 h\u1ecdc tr\u01b0\u1eddng d\u00f2ng ch\u1ea3y v\u00e0 thi\u1ebft k\u1ebf qu\u1ea1t k\u00e9p d\u1eabn \u0111\u1ebfn ch\u1ee9c n\u0103ng t\u1ea3n nhi\u1ec7t m\u1ea1nh m\u1ebd v\u00e0 h\u00ecnh th\u00e0nh m\u00f4 h\u00ecnh \u1ed5n \u0111\u1ecbnh h\u01a1n.<br \/>\nQu\u1ea1t k\u00e9p t\u00f9y ch\u1ec9nh<\/p>\n<p>_Product parameter<br \/>\n+Product size: 195x130x75.5mm<br \/>\n+Gross weight: 810g<br \/>\n+Net weight: 575g<br \/>\n+Rated voltage: 1.4VDC<br \/>\n+Rated current: 0.8A<br \/>\n+Drive: Dual gear drive<br \/>\n+Maximum extrusion force: 80N (depending on filament)<br \/>\n+Reduction ratio: 3.5:1<br \/>\n+Withdrawal distandce: Max 3mm<br \/>\n+Hotend kit: High temperature hotend kit (&lt;300\u2103)<br \/>\n+Supported filaments: PLA, ABS, PA, PC,TPU<br \/>\n+Supported filaments diameter: 1.75+0.05mm<br \/>\n+Compatible models: Ender-3\/Ender-3 Pro\/Ender-3 Max\/Ender-3 V2<\/p>\n<p>**\u0110\u1ec3 \u0111\u01b0\u1ee3c nh\u1eadn \u0111\u01b0\u1ee3c gi\u00e1 \u01b0u \u0111\u00e3i t\u1ed1t nh\u1ea5t vui l\u00f2ng li\u00ean h\u1ec7 mua tr\u1ef1c ti\u1ebfp shop:<br \/>\n     0913.939.775 contact A.Quan (for English)<br \/>\n     094.144.0951 contact A.Quynh<br \/>\n**Selling price does not include VAT (+10% if VAT invoice is issued)<\/p>","protected":false},"excerpt":{"rendered":"<p>B\u1ed9 \u0111\u00f9n Sprite Extruder Pro Kit 300\u2103 In nhi\u1ec7t \u0111\u1ed9 cao<\/p>","protected":false},"featured_media":4028,"comment_status":"open","ping_status":"closed","template":"","meta":{"inline_featured_image":false},"product_brand":[],"product_cat":[461,40],"product_tag":[],"class_list":{"0":"post-4037","1":"product","2":"type-product","3":"status-publish","4":"has-post-thumbnail","6":"product_cat-linh-kien-cum-dun-va-cam-bien","7":"product_cat-linh-kien-va-phu-kien","9":"first","10":"instock","11":"taxable","12":"shipping-taxable","13":"purchasable","14":"product-type-simple"},"yoast_head":"<!-- This site is optimized with the Yoast SEO Premium plugin v22.8 (Yoast SEO v26.9) - https:\/\/yoast.com\/product\/yoast-seo-premium-wordpress\/ -->\n<title>B\u1ed9 \u0111\u00f9n Sprite Extruder Pro Kit 300\u2103 In nhi\u1ec7t \u0111\u1ed9 cao - NGE 3D Printers Services<\/title>\n<meta name=\"robots\" content=\"index, follow, max-snippet:-1, max-image-preview:large, max-video-preview:-1\" \/>\n<link rel=\"canonical\" href=\"https:\/\/nge.vn\/en\/product\/bo-dun-sprite-extruder-pro-kit-300\u2103-in-nhiet-do-cao\/\" \/>\n<meta property=\"og:locale\" content=\"en_US\" \/>\n<meta property=\"og:type\" content=\"article\" \/>\n<meta property=\"og:title\" content=\"B\u1ed9 \u0111\u00f9n Sprite Extruder Pro Kit 300\u2103 In nhi\u1ec7t \u0111\u1ed9 cao\" \/>\n<meta property=\"og:description\" content=\"B\u1ed9 \u0111\u00f9n Sprite Extruder Pro Kit 300\u2103 In nhi\u1ec7t \u0111\u1ed9 cao\" \/>\n<meta property=\"og:url\" content=\"https:\/\/nge.vn\/en\/product\/bo-dun-sprite-extruder-pro-kit-300\u2103-in-nhiet-do-cao\/\" \/>\n<meta property=\"og:site_name\" content=\"NGE 3D Printers Services\" \/>\n<meta property=\"article:modified_time\" content=\"2024-10-29T07:23:40+00:00\" \/>\n<meta property=\"og:image\" content=\"https:\/\/nge.vn\/wp-content\/uploads\/2024\/10\/images-upload-woo2F91effd94aed35bba5415fc02b541b5f3.jpg\" \/>\n\t<meta property=\"og:image:width\" content=\"906\" \/>\n\t<meta property=\"og:image:height\" content=\"906\" \/>\n\t<meta property=\"og:image:type\" content=\"image\/jpeg\" \/>\n<meta name=\"twitter:card\" content=\"summary_large_image\" \/>\n<meta name=\"twitter:label1\" content=\"Est. reading time\" \/>\n\t<meta name=\"twitter:data1\" content=\"4 minutes\" \/>\n<script type=\"application\/ld+json\" class=\"yoast-schema-graph\">{\"@context\":\"https:\/\/schema.org\",\"@graph\":[{\"@type\":\"WebPage\",\"@id\":\"https:\/\/nge.vn\/san-pham\/bo-dun-sprite-extruder-pro-kit-300%e2%84%83-in-nhiet-do-cao\/\",\"url\":\"https:\/\/nge.vn\/san-pham\/bo-dun-sprite-extruder-pro-kit-300%e2%84%83-in-nhiet-do-cao\/\",\"name\":\"B\u1ed9 \u0111\u00f9n Sprite Extruder Pro Kit 300\u2103 In nhi\u1ec7t \u0111\u1ed9 cao - NGE 3D Printers Services\",\"isPartOf\":{\"@id\":\"https:\/\/nge.vn\/#website\"},\"primaryImageOfPage\":{\"@id\":\"https:\/\/nge.vn\/san-pham\/bo-dun-sprite-extruder-pro-kit-300%e2%84%83-in-nhiet-do-cao\/#primaryimage\"},\"image\":{\"@id\":\"https:\/\/nge.vn\/san-pham\/bo-dun-sprite-extruder-pro-kit-300%e2%84%83-in-nhiet-do-cao\/#primaryimage\"},\"thumbnailUrl\":\"https:\/\/nge.vn\/wp-content\/uploads\/2024\/10\/images-upload-woo2F91effd94aed35bba5415fc02b541b5f3.jpg\",\"datePublished\":\"2024-10-26T09:55:58+00:00\",\"dateModified\":\"2024-10-29T07:23:40+00:00\",\"breadcrumb\":{\"@id\":\"https:\/\/nge.vn\/san-pham\/bo-dun-sprite-extruder-pro-kit-300%e2%84%83-in-nhiet-do-cao\/#breadcrumb\"},\"inLanguage\":\"en-US\",\"potentialAction\":[{\"@type\":\"ReadAction\",\"target\":[\"https:\/\/nge.vn\/san-pham\/bo-dun-sprite-extruder-pro-kit-300%e2%84%83-in-nhiet-do-cao\/\"]}]},{\"@type\":\"ImageObject\",\"inLanguage\":\"en-US\",\"@id\":\"https:\/\/nge.vn\/san-pham\/bo-dun-sprite-extruder-pro-kit-300%e2%84%83-in-nhiet-do-cao\/#primaryimage\",\"url\":\"https:\/\/nge.vn\/wp-content\/uploads\/2024\/10\/images-upload-woo2F91effd94aed35bba5415fc02b541b5f3.jpg\",\"contentUrl\":\"https:\/\/nge.vn\/wp-content\/uploads\/2024\/10\/images-upload-woo2F91effd94aed35bba5415fc02b541b5f3.jpg\",\"width\":906,\"height\":906},{\"@type\":\"BreadcrumbList\",\"@id\":\"https:\/\/nge.vn\/san-pham\/bo-dun-sprite-extruder-pro-kit-300%e2%84%83-in-nhiet-do-cao\/#breadcrumb\",\"itemListElement\":[{\"@type\":\"ListItem\",\"position\":1,\"name\":\"Trang ch\u1ee7\",\"item\":\"https:\/\/nge.vn\/\"},{\"@type\":\"ListItem\",\"position\":2,\"name\":\"S\u1ea3n ph\u1ea9m\",\"item\":\"https:\/\/nge.vn\/san-pham\/\"},{\"@type\":\"ListItem\",\"position\":3,\"name\":\"B\u1ed9 \u0111\u00f9n Sprite Extruder Pro Kit 300\u2103 In nhi\u1ec7t \u0111\u1ed9 cao\"}]},{\"@type\":\"WebSite\",\"@id\":\"https:\/\/nge.vn\/#website\",\"url\":\"https:\/\/nge.vn\/\",\"name\":\"NGE 3D Printers Services\",\"description\":\"\",\"potentialAction\":[{\"@type\":\"SearchAction\",\"target\":{\"@type\":\"EntryPoint\",\"urlTemplate\":\"https:\/\/nge.vn\/?s={search_term_string}\"},\"query-input\":{\"@type\":\"PropertyValueSpecification\",\"valueRequired\":true,\"valueName\":\"search_term_string\"}}],\"inLanguage\":\"en-US\"}]}<\/script>\n<!-- \/ Yoast SEO Premium plugin. -->","yoast_head_json":{"title":"B\u1ed9 \u0111\u00f9n Sprite Extruder Pro Kit 300\u2103 In nhi\u1ec7t \u0111\u1ed9 cao - NGE 3D Printers Services","robots":{"index":"index","follow":"follow","max-snippet":"max-snippet:-1","max-image-preview":"max-image-preview:large","max-video-preview":"max-video-preview:-1"},"canonical":"https:\/\/nge.vn\/en\/product\/bo-dun-sprite-extruder-pro-kit-300\u2103-in-nhiet-do-cao\/","og_locale":"en_US","og_type":"article","og_title":"B\u1ed9 \u0111\u00f9n Sprite Extruder Pro Kit 300\u2103 In nhi\u1ec7t \u0111\u1ed9 cao","og_description":"B\u1ed9 \u0111\u00f9n Sprite Extruder Pro Kit 300\u2103 In nhi\u1ec7t \u0111\u1ed9 cao","og_url":"https:\/\/nge.vn\/en\/product\/bo-dun-sprite-extruder-pro-kit-300\u2103-in-nhiet-do-cao\/","og_site_name":"NGE 3D Printers Services","article_modified_time":"2024-10-29T07:23:40+00:00","og_image":[{"width":906,"height":906,"url":"https:\/\/nge.vn\/wp-content\/uploads\/2024\/10\/images-upload-woo2F91effd94aed35bba5415fc02b541b5f3.jpg","type":"image\/jpeg"}],"twitter_card":"summary_large_image","twitter_misc":{"Est. reading time":"4 minutes"},"schema":{"@context":"https:\/\/schema.org","@graph":[{"@type":"WebPage","@id":"https:\/\/nge.vn\/san-pham\/bo-dun-sprite-extruder-pro-kit-300%e2%84%83-in-nhiet-do-cao\/","url":"https:\/\/nge.vn\/san-pham\/bo-dun-sprite-extruder-pro-kit-300%e2%84%83-in-nhiet-do-cao\/","name":"B\u1ed9 \u0111\u00f9n Sprite Extruder Pro Kit 300\u2103 In nhi\u1ec7t \u0111\u1ed9 cao - NGE 3D Printers Services","isPartOf":{"@id":"https:\/\/nge.vn\/#website"},"primaryImageOfPage":{"@id":"https:\/\/nge.vn\/san-pham\/bo-dun-sprite-extruder-pro-kit-300%e2%84%83-in-nhiet-do-cao\/#primaryimage"},"image":{"@id":"https:\/\/nge.vn\/san-pham\/bo-dun-sprite-extruder-pro-kit-300%e2%84%83-in-nhiet-do-cao\/#primaryimage"},"thumbnailUrl":"https:\/\/nge.vn\/wp-content\/uploads\/2024\/10\/images-upload-woo2F91effd94aed35bba5415fc02b541b5f3.jpg","datePublished":"2024-10-26T09:55:58+00:00","dateModified":"2024-10-29T07:23:40+00:00","breadcrumb":{"@id":"https:\/\/nge.vn\/san-pham\/bo-dun-sprite-extruder-pro-kit-300%e2%84%83-in-nhiet-do-cao\/#breadcrumb"},"inLanguage":"en-US","potentialAction":[{"@type":"ReadAction","target":["https:\/\/nge.vn\/san-pham\/bo-dun-sprite-extruder-pro-kit-300%e2%84%83-in-nhiet-do-cao\/"]}]},{"@type":"ImageObject","inLanguage":"en-US","@id":"https:\/\/nge.vn\/san-pham\/bo-dun-sprite-extruder-pro-kit-300%e2%84%83-in-nhiet-do-cao\/#primaryimage","url":"https:\/\/nge.vn\/wp-content\/uploads\/2024\/10\/images-upload-woo2F91effd94aed35bba5415fc02b541b5f3.jpg","contentUrl":"https:\/\/nge.vn\/wp-content\/uploads\/2024\/10\/images-upload-woo2F91effd94aed35bba5415fc02b541b5f3.jpg","width":906,"height":906},{"@type":"BreadcrumbList","@id":"https:\/\/nge.vn\/san-pham\/bo-dun-sprite-extruder-pro-kit-300%e2%84%83-in-nhiet-do-cao\/#breadcrumb","itemListElement":[{"@type":"ListItem","position":1,"name":"Trang ch\u1ee7","item":"https:\/\/nge.vn\/"},{"@type":"ListItem","position":2,"name":"S\u1ea3n ph\u1ea9m","item":"https:\/\/nge.vn\/san-pham\/"},{"@type":"ListItem","position":3,"name":"B\u1ed9 \u0111\u00f9n Sprite Extruder Pro Kit 300\u2103 In nhi\u1ec7t \u0111\u1ed9 cao"}]},{"@type":"WebSite","@id":"https:\/\/nge.vn\/#website","url":"https:\/\/nge.vn\/","name":"NGE 3D Printers Services","description":"","potentialAction":[{"@type":"SearchAction","target":{"@type":"EntryPoint","urlTemplate":"https:\/\/nge.vn\/?s={search_term_string}"},"query-input":{"@type":"PropertyValueSpecification","valueRequired":true,"valueName":"search_term_string"}}],"inLanguage":"en-US"}]}},"_links":{"self":[{"href":"https:\/\/nge.vn\/en\/wp-json\/wp\/v2\/product\/4037","targetHints":{"allow":["GET"]}}],"collection":[{"href":"https:\/\/nge.vn\/en\/wp-json\/wp\/v2\/product"}],"about":[{"href":"https:\/\/nge.vn\/en\/wp-json\/wp\/v2\/types\/product"}],"replies":[{"embeddable":true,"href":"https:\/\/nge.vn\/en\/wp-json\/wp\/v2\/comments?post=4037"}],"wp:featuredmedia":[{"embeddable":true,"href":"https:\/\/nge.vn\/en\/wp-json\/wp\/v2\/media\/4028"}],"wp:attachment":[{"href":"https:\/\/nge.vn\/en\/wp-json\/wp\/v2\/media?parent=4037"}],"wp:term":[{"taxonomy":"product_brand","embeddable":true,"href":"https:\/\/nge.vn\/en\/wp-json\/wp\/v2\/product_brand?post=4037"},{"taxonomy":"product_cat","embeddable":true,"href":"https:\/\/nge.vn\/en\/wp-json\/wp\/v2\/product_cat?post=4037"},{"taxonomy":"product_tag","embeddable":true,"href":"https:\/\/nge.vn\/en\/wp-json\/wp\/v2\/product_tag?post=4037"}],"curies":[{"name":"wp","href":"https:\/\/api.w.org\/{rel}","templated":true}]}}