{"id":4025,"date":"2024-10-26T16:54:12","date_gmt":"2024-10-26T09:54:12","guid":{"rendered":"https:\/\/nge.123websitedev.com\/san-pham\/may-cat-khac-laser-cr-laser-falcon-10w-size-4041cm\/"},"modified":"2024-10-29T17:09:02","modified_gmt":"2024-10-29T10:09:02","slug":"may-cat-khac-laser-cr-laser-falcon-10w-size-4041cm","status":"publish","type":"product","link":"https:\/\/nge.vn\/en\/product\/may-cat-khac-laser-cr-laser-falcon-10w-size-4041cm\/","title":{"rendered":"M\u00e1y c\u1eaft kh\u1eafc laser CR-Laser Falcon 10W size 40*41cm"},"content":{"rendered":"<p>M\u00e1y c\u1eaft kh\u1eafc laser CR-Laser Falcon 10W size 400*415mm<br \/>\nKh\u1eafc m\u1ed9t ki\u1ec7t t\u00e1c<br \/>\n+\u0110\u1ed9 ch\u00ednh x\u00e1c cao 0,06mm<br \/>\n+12mm c\u1eaft m\u1ed9t l\u1ea7n<br \/>\n+D\u1ec5 d\u00e0ng s\u1eed d\u1ee5ng<\/p>\n<p>_C\u00e1c t\u00ednh n\u0103ng ch\u00ednh<br \/>\n+C\u00f4ng su\u1ea5t laser 10w<br \/>\n+H\u1ed9i t\u1ee5 laser 6 th\u1ea5u k\u00ednh<br \/>\n+L\u1ea5y n\u00e9t nhanh<br \/>\n+Tr\u00ecnh san l\u1ea5p m\u1eb7t b\u1eb1ng t\u00edch h\u1ee3p<br \/>\n+Khu v\u1ef1c l\u00e0m vi\u1ec7c 400*415mm<br \/>\n+Thi\u1ebft k\u1ebf m\u00f4-\u0111un<br \/>\n+Ti\u00eau chu\u1ea9n an to\u00e0n FDA<br \/>\n+H\u1ed7 tr\u1ee3 nhi\u1ec1u v\u1eadt li\u1ec7u<\/p>\n<p>_\u0110i\u1ec3m n\u00e9n 0,06mm \u0111\u1ec3 kh\u1eafc.<br \/>\nD\u00e3y 6 th\u1ea5u k\u00ednh \u0111\u01b0\u1ee3c c\u1ea3i ti\u1ebfn gi\u00fap n\u00e9n ti\u00eau c\u1ef1 xu\u1ed1ng ch\u1ec9 c\u00f2n 0,06mm. N\u00f3 s\u1ebd cung c\u1ea5p nhi\u1ec1u chi ti\u1ebft h\u01a1n trong b\u1ea3n kh\u1eafc c\u1ee7a b\u1ea1n.<\/p>\n<p>_M\u1ea1nh m\u1ebd h\u01a1n \u0111\u1ec3 c\u1eaft v\u00e0 kh\u1eafc<br \/>\n+Laser 10W c\u1ea3i ti\u1ebfn, d\u1ec5 c\u1eaft h\u01a1n v\u1eadt li\u1ec7u d\u00e0y h\u01a1n.<br \/>\n+N\u00f3 kh\u1eafc c\u00e1c hoa v\u0103n r\u00f5 r\u00e0ng tr\u00ean c\u00e1c v\u1eadt th\u1ec3 c\u1ee9ng nh\u01b0 th\u00e9p kh\u00f4ng g\u1ec9<br \/>\n1.C\u1eaft qua t\u1ea5m g\u1ed7 12mm v\u1edbi m\u1ed9t \u0111\u01b0\u1eddng chuy\u1ec1n<br \/>\n2.C\u1eaft qua v\u00e1n g\u1ed7 l\u00ean \u0111\u1ebfn 18mm<\/p>\n<p>**Ho\u00e0n th\u00e0nh c\u00f4ng vi\u1ec7c v\u1edbi \u00edt r\u1eafc r\u1ed1i h\u01a1n<br \/>\n_Thao t\u00e1c m\u1ed9t n\u00fat<br \/>\n\u1ede tr\u1ea1ng th\u00e1i l\u00e0m vi\u1ec7c ngo\u1ea1i tuy\u1ebfn, m\u1ed9t n\u00fat duy nh\u1ea5t \u0111\u1ec3 xem tr\u01b0\u1edbc, b\u1eaft \u0111\u1ea7u, t\u1ea1m d\u1eebng ho\u1eb7c d\u1eebng kh\u1eafc. \u0110\u00e8n LED t\u00edch h\u1ee3p s\u1ebd b\u00e1o hi\u1ec7u tr\u1ea1ng th\u00e1i r\u00f5 r\u00e0ng.<\/p>\n<p>_3 b\u01b0\u1edbc l\u1ea5y n\u00e9t<br \/>\nN\u1edbi l\u1ecfng v\u00edt m\u00f4-\u0111un laser, tr\u01b0\u1ee3t m\u00f4-\u0111un cho \u0111\u1ebfn khi n\u1eafp b\u1ea3o v\u1ec7 c\u1ee7a n\u00f3 ch\u1ea1m v\u00e0o kh\u1ed1i l\u1ea5y n\u00e9t v\u00e0 v\u1eb7n ch\u1eb7t v\u00edt.<\/p>\n<p>_Nhanh ch\u00f3ng \u0111\u1ec3 l\u1eafp r\u00e1p.<br \/>\n60% c\u00e1c th\u00e0nh ph\u1ea7n \u0111\u01b0\u1ee3c c\u1ea3i ti\u1ebfn \u0111\u1ec3 l\u1eafp r\u00e1p d\u1ec5 d\u00e0ng h\u01a1n.<\/p>\n<p>_Kh\u1eafc ngo\u1ea1i tuy\u1ebfn<br \/>\nNh\u1eadp t\u1ec7p qua th\u1ebb TF.<br \/>\nS\u1eed d\u1ee5ng n\u00f3 trong nh\u00e0, ngo\u00e0i tr\u1eddi ho\u1eb7c b\u1ea5t c\u1ee9 n\u01a1i n\u00e0o b\u1ea1n th\u00edch m\u00e0 kh\u00f4ng c\u1ea7n k\u1ebft n\u1ed1i v\u1edbi m\u00e1y t\u00ednh.<\/p>\n<p>_Kh\u00f4ng gian l\u00e0m vi\u1ec7c l\u1edbn<br \/>\nV\u1edbi kh\u00f4ng gian l\u00e0m vi\u1ec7c 400*415, n\u00f3 cho ph\u00e9p ng\u01b0\u1eddi d\u00f9ng x\u1eed l\u00fd m\u1ed9t ph\u1ea7n l\u1edbn v\u1eadt li\u1ec7u c\u00f9ng m\u1ed9t l\u00fac. (Chi\u1ec1u cao t\u00f9y ch\u1ecdn, l\u00ean \u0111\u1ebfn 150mm)<\/p>\n<p>_C\u00f3 th\u1ec3 kh\u1eafc v\u00e0 c\u1eaft V\u1eadt li\u1ec7u kh\u00e1c nhau<br \/>\n+V\u1eadt li\u1ec7u linh ho\u1ea1t: gi\u1ea5y, n\u1ec9, da, v\u1ea3i, v.v.<br \/>\n+V\u1eadt li\u1ec7u c\u00f3 \u0111\u1ed9 c\u1ee9ng trung b\u00ecnh: g\u1ed7, tre, acrylics, g\u1ed1m s\u1ee9, v.v.<br \/>\n+V\u1eadt li\u1ec7u c\u00f3 \u0111\u1ed9 c\u1ee9ng cao: th\u00e9p kh\u00f4ng g\u1ec9 m\u1edd, b\u1ec1 m\u1eb7t kim lo\u1ea1i s\u01a1n, b\u1ec1 m\u1eb7t anodized, b\u1ec1 m\u1eb7t kim lo\u1ea1i \u0111en, v.v.<\/p>\n<p>_Kh\u1ea3 n\u0103ng t\u01b0\u01a1ng th\u00edch m\u1edf r\u1ed9ng:<br \/>\n+Ph\u1ea7n m\u1ec1m: LightBurn, LaserGRBL<br \/>\n+\u0110\u1ecbnh d\u1ea1ng t\u1ec7p: SVG \/ PNG \/ DX \/ TIF \/ BMP \/ PDF \/ NG<br \/>\n+H\u1ec7 \u0111i\u1ec1u h\u00e0nh: Mac OS \/ Windows<\/p>\n<p>**B\u1ea3o v\u1ec7 an to\u00e0n to\u00e0n di\u1ec7n<br \/>\n_Ch\u1ee9c n\u0103ng d\u1eebng ho\u1ea1t \u0111\u1ed9ng<br \/>\nV\u1edbi con quay h\u1ed3i chuy\u1ec3n, m\u00e1y s\u1ebd ng\u1eebng ho\u1ea1t \u0111\u1ed9ng trong tr\u01b0\u1eddng h\u1ee3p v\u00f4 t\u00ecnh nghi\u00eang, l\u1eadt ho\u1eb7c r\u01a1i, v\u1edbi c\u00f2i v\u00e0 ch\u1ec9 b\u00e1o g\u1eedi c\u1ea3nh b\u00e1o.<br \/>\n_V\u1ecf b\u1ea3o v\u1ec7 b\u1eb1ng tia laze<br \/>\nN\u1eafp b\u1ea3o v\u1ec7 xung quanh \u0111\u1ea7u laser s\u1ebd ng\u0103n tia laser l\u00e0m ch\u00f3i m\u1eaft.<\/p>\n<p>_Tr\u00ecnh san l\u1ea5p m\u1eb7t b\u1eb1ng t\u00edch h\u1ee3p<br \/>\nM\u1ed9t s\u1ef1 h\u1ed7 tr\u1ee3 tr\u1ef1c quan \u0111\u1ec3 c\u00e2n b\u1eb1ng th\u00e2n m\u00e1y \u0111\u1ec3 c\u00f3 \u0111\u01b0\u1ee3c \u0111\u1ed9 nh\u1ea5t qu\u00e1n kh\u1eafc l\u00fd t\u01b0\u1edfng.<\/p>\n<p>_Kh\u1ed1i l\u1ea5y n\u00e9t c\u1ed1 \u0111\u1ecbnh nhi\u1ec1u c\u1ea5p \u0111\u1ed9<br \/>\nN\u00f3 gi\u00fap b\u1ea1n t\u00ecm ra ti\u00eau \u0111i\u1ec3m ph\u00f9 h\u1ee3p cho c\u00e1c \u0111\u1ed9 s\u00e2u kh\u00e1c nhau c\u1ee7a v\u1eadt li\u1ec7u m\u00e0 kh\u00f4ng c\u1ea7n \u0111o.<\/p>\n<p>_Th\u01b0\u1edbc \u0111o tr\u00ean c\u00e1c c\u1ea5u h\u00ecnh tr\u1ee5c<br \/>\nNhanh ch\u00f3ng x\u00e1c \u0111\u1ecbnh v\u1ecb tr\u00ed kh\u1eafc v\u00e0 \u0111o k\u00edch th\u01b0\u1edbc c\u1ee7a \u0111\u1ed1i t\u01b0\u1ee3ng kh\u1eafc.<\/p>\n<p>_\u0110i\u1ec1u khi\u1ec3n \u0111\u1ecbnh h\u01b0\u1edbng \u1ed5n \u0111\u1ecbnh<br \/>\nChip 32-bit, bo m\u1ea1ch ch\u1ee7 im l\u1eb7ng v\u00e0 thu\u1eadt to\u00e1n t\u1ef1 ph\u00e1t tri\u1ec3n \u0111\u1ec3 \u0111i\u1ec1u khi\u1ec3n c\u00e1c motor tr\u1ee5c X v\u00e0 Y m\u1ed9t c\u00e1ch ch\u00ednh x\u00e1c, \u0111\u1ed3ng b\u1ed9 v\u00e0 y\u00ean t\u0129nh.<\/p>\n<p>_4 b\u00e1nh xe chuy\u1ec3n \u0111\u1ed9ng h\u00ecnh ch\u1eef v b\u1ec1n b\u1ec9 \u0111i k\u00e8m v\u1edbi ray tr\u01b0\u1ee3t r\u00e3nh ch\u1eef v \u1ed5n \u0111\u1ecbnh v\u00e0 \u0111ai th\u1eddi gian c\u00f3 \u0111\u1ed9 c\u0103ng cao. Kh\u00f4ng c\u00f3 khe h\u1edf chuy\u1ec3n \u0111\u1ed9ng k\u1ec3 c\u1ea3 sau th\u1eddi gian d\u00e0i s\u1eed d\u1ee5ng.<\/p>\n<p>Tr\u1ee5c 8mm thay v\u00ec tr\u1ee5c 6mm th\u00f4ng th\u01b0\u1eddng v\u00e0 ch\u00e2n m\u00e1y b\u1eb1ng cao su ch\u1ed1ng tr\u01b0\u1ee3t h\u00ecnh ch\u1eef L, t\u0103ng c\u01b0\u1eddng s\u1ef1 \u1ed5n \u0111\u1ecbnh trong c\u1ea5u tr\u00fac.<\/p>\n<p>0913.939.775 contact A.Quan (for English)<br \/>\n094.144.0951 contact A.Quynh<\/p>","protected":false},"excerpt":{"rendered":"<p>M\u00e1y c\u1eaft kh\u1eafc laser CR-Laser Falcon 10W size 40*41cm<\/p>","protected":false},"featured_media":4016,"comment_status":"open","ping_status":"closed","template":"","meta":{"inline_featured_image":false},"product_brand":[],"product_cat":[44],"product_tag":[],"class_list":{"0":"post-4025","1":"product","2":"type-product","3":"status-publish","4":"has-post-thumbnail","6":"product_cat-may-khac-cat-lazer","8":"first","9":"instock","10":"taxable","11":"shipping-taxable","12":"purchasable","13":"product-type-variable"},"yoast_head":"<!-- This site is optimized with the Yoast SEO Premium plugin v22.8 (Yoast SEO v26.9) - https:\/\/yoast.com\/product\/yoast-seo-premium-wordpress\/ -->\n<title>M\u00e1y c\u1eaft kh\u1eafc laser CR-Laser Falcon 10W size 40*41cm - NGE 3D Printers Services<\/title>\n<meta name=\"robots\" content=\"index, follow, max-snippet:-1, max-image-preview:large, max-video-preview:-1\" \/>\n<link rel=\"canonical\" href=\"https:\/\/nge.vn\/en\/product\/may-cat-khac-laser-cr-laser-falcon-10w-size-4041cm\/\" \/>\n<meta property=\"og:locale\" content=\"en_US\" \/>\n<meta property=\"og:type\" content=\"article\" \/>\n<meta property=\"og:title\" content=\"M\u00e1y c\u1eaft kh\u1eafc laser CR-Laser Falcon 10W size 40*41cm\" \/>\n<meta property=\"og:description\" content=\"M\u00e1y c\u1eaft kh\u1eafc laser CR-Laser Falcon 10W size 40*41cm\" \/>\n<meta property=\"og:url\" content=\"https:\/\/nge.vn\/en\/product\/may-cat-khac-laser-cr-laser-falcon-10w-size-4041cm\/\" \/>\n<meta property=\"og:site_name\" content=\"NGE 3D Printers Services\" \/>\n<meta property=\"article:modified_time\" content=\"2024-10-29T10:09:02+00:00\" \/>\n<meta property=\"og:image\" content=\"https:\/\/nge.vn\/wp-content\/uploads\/2024\/10\/images-upload-woo2F006ed5cd901399656dd16358bf1b9f26.jpg\" \/>\n\t<meta property=\"og:image:width\" content=\"1000\" \/>\n\t<meta property=\"og:image:height\" content=\"1000\" \/>\n\t<meta property=\"og:image:type\" content=\"image\/jpeg\" \/>\n<meta name=\"twitter:card\" content=\"summary_large_image\" \/>\n<meta name=\"twitter:label1\" content=\"Est. reading time\" \/>\n\t<meta name=\"twitter:data1\" content=\"5 minutes\" \/>\n<script type=\"application\/ld+json\" class=\"yoast-schema-graph\">{\"@context\":\"https:\/\/schema.org\",\"@graph\":[{\"@type\":\"WebPage\",\"@id\":\"https:\/\/nge.vn\/san-pham\/may-cat-khac-laser-cr-laser-falcon-10w-size-4041cm\/\",\"url\":\"https:\/\/nge.vn\/san-pham\/may-cat-khac-laser-cr-laser-falcon-10w-size-4041cm\/\",\"name\":\"M\u00e1y c\u1eaft kh\u1eafc laser CR-Laser Falcon 10W size 40*41cm - NGE 3D Printers Services\",\"isPartOf\":{\"@id\":\"https:\/\/nge.vn\/#website\"},\"primaryImageOfPage\":{\"@id\":\"https:\/\/nge.vn\/san-pham\/may-cat-khac-laser-cr-laser-falcon-10w-size-4041cm\/#primaryimage\"},\"image\":{\"@id\":\"https:\/\/nge.vn\/san-pham\/may-cat-khac-laser-cr-laser-falcon-10w-size-4041cm\/#primaryimage\"},\"thumbnailUrl\":\"https:\/\/nge.vn\/wp-content\/uploads\/2024\/10\/images-upload-woo2F006ed5cd901399656dd16358bf1b9f26.jpg\",\"datePublished\":\"2024-10-26T09:54:12+00:00\",\"dateModified\":\"2024-10-29T10:09:02+00:00\",\"breadcrumb\":{\"@id\":\"https:\/\/nge.vn\/san-pham\/may-cat-khac-laser-cr-laser-falcon-10w-size-4041cm\/#breadcrumb\"},\"inLanguage\":\"en-US\",\"potentialAction\":[{\"@type\":\"ReadAction\",\"target\":[\"https:\/\/nge.vn\/san-pham\/may-cat-khac-laser-cr-laser-falcon-10w-size-4041cm\/\"]}]},{\"@type\":\"ImageObject\",\"inLanguage\":\"en-US\",\"@id\":\"https:\/\/nge.vn\/san-pham\/may-cat-khac-laser-cr-laser-falcon-10w-size-4041cm\/#primaryimage\",\"url\":\"https:\/\/nge.vn\/wp-content\/uploads\/2024\/10\/images-upload-woo2F006ed5cd901399656dd16358bf1b9f26.jpg\",\"contentUrl\":\"https:\/\/nge.vn\/wp-content\/uploads\/2024\/10\/images-upload-woo2F006ed5cd901399656dd16358bf1b9f26.jpg\",\"width\":1000,\"height\":1000},{\"@type\":\"BreadcrumbList\",\"@id\":\"https:\/\/nge.vn\/san-pham\/may-cat-khac-laser-cr-laser-falcon-10w-size-4041cm\/#breadcrumb\",\"itemListElement\":[{\"@type\":\"ListItem\",\"position\":1,\"name\":\"Trang ch\u1ee7\",\"item\":\"https:\/\/nge.vn\/\"},{\"@type\":\"ListItem\",\"position\":2,\"name\":\"S\u1ea3n ph\u1ea9m\",\"item\":\"https:\/\/nge.vn\/san-pham\/\"},{\"@type\":\"ListItem\",\"position\":3,\"name\":\"M\u00e1y c\u1eaft kh\u1eafc laser CR-Laser Falcon 10W size 40*41cm\"}]},{\"@type\":\"WebSite\",\"@id\":\"https:\/\/nge.vn\/#website\",\"url\":\"https:\/\/nge.vn\/\",\"name\":\"NGE 3D Printers Services\",\"description\":\"\",\"potentialAction\":[{\"@type\":\"SearchAction\",\"target\":{\"@type\":\"EntryPoint\",\"urlTemplate\":\"https:\/\/nge.vn\/?s={search_term_string}\"},\"query-input\":{\"@type\":\"PropertyValueSpecification\",\"valueRequired\":true,\"valueName\":\"search_term_string\"}}],\"inLanguage\":\"en-US\"}]}<\/script>\n<!-- \/ Yoast SEO Premium plugin. -->","yoast_head_json":{"title":"M\u00e1y c\u1eaft kh\u1eafc laser CR-Laser Falcon 10W size 40*41cm - NGE 3D Printers Services","robots":{"index":"index","follow":"follow","max-snippet":"max-snippet:-1","max-image-preview":"max-image-preview:large","max-video-preview":"max-video-preview:-1"},"canonical":"https:\/\/nge.vn\/en\/product\/may-cat-khac-laser-cr-laser-falcon-10w-size-4041cm\/","og_locale":"en_US","og_type":"article","og_title":"M\u00e1y c\u1eaft kh\u1eafc laser CR-Laser Falcon 10W size 40*41cm","og_description":"M\u00e1y c\u1eaft kh\u1eafc laser CR-Laser Falcon 10W size 40*41cm","og_url":"https:\/\/nge.vn\/en\/product\/may-cat-khac-laser-cr-laser-falcon-10w-size-4041cm\/","og_site_name":"NGE 3D Printers Services","article_modified_time":"2024-10-29T10:09:02+00:00","og_image":[{"width":1000,"height":1000,"url":"https:\/\/nge.vn\/wp-content\/uploads\/2024\/10\/images-upload-woo2F006ed5cd901399656dd16358bf1b9f26.jpg","type":"image\/jpeg"}],"twitter_card":"summary_large_image","twitter_misc":{"Est. reading time":"5 minutes"},"schema":{"@context":"https:\/\/schema.org","@graph":[{"@type":"WebPage","@id":"https:\/\/nge.vn\/san-pham\/may-cat-khac-laser-cr-laser-falcon-10w-size-4041cm\/","url":"https:\/\/nge.vn\/san-pham\/may-cat-khac-laser-cr-laser-falcon-10w-size-4041cm\/","name":"M\u00e1y c\u1eaft kh\u1eafc laser CR-Laser Falcon 10W size 40*41cm - NGE 3D Printers Services","isPartOf":{"@id":"https:\/\/nge.vn\/#website"},"primaryImageOfPage":{"@id":"https:\/\/nge.vn\/san-pham\/may-cat-khac-laser-cr-laser-falcon-10w-size-4041cm\/#primaryimage"},"image":{"@id":"https:\/\/nge.vn\/san-pham\/may-cat-khac-laser-cr-laser-falcon-10w-size-4041cm\/#primaryimage"},"thumbnailUrl":"https:\/\/nge.vn\/wp-content\/uploads\/2024\/10\/images-upload-woo2F006ed5cd901399656dd16358bf1b9f26.jpg","datePublished":"2024-10-26T09:54:12+00:00","dateModified":"2024-10-29T10:09:02+00:00","breadcrumb":{"@id":"https:\/\/nge.vn\/san-pham\/may-cat-khac-laser-cr-laser-falcon-10w-size-4041cm\/#breadcrumb"},"inLanguage":"en-US","potentialAction":[{"@type":"ReadAction","target":["https:\/\/nge.vn\/san-pham\/may-cat-khac-laser-cr-laser-falcon-10w-size-4041cm\/"]}]},{"@type":"ImageObject","inLanguage":"en-US","@id":"https:\/\/nge.vn\/san-pham\/may-cat-khac-laser-cr-laser-falcon-10w-size-4041cm\/#primaryimage","url":"https:\/\/nge.vn\/wp-content\/uploads\/2024\/10\/images-upload-woo2F006ed5cd901399656dd16358bf1b9f26.jpg","contentUrl":"https:\/\/nge.vn\/wp-content\/uploads\/2024\/10\/images-upload-woo2F006ed5cd901399656dd16358bf1b9f26.jpg","width":1000,"height":1000},{"@type":"BreadcrumbList","@id":"https:\/\/nge.vn\/san-pham\/may-cat-khac-laser-cr-laser-falcon-10w-size-4041cm\/#breadcrumb","itemListElement":[{"@type":"ListItem","position":1,"name":"Trang ch\u1ee7","item":"https:\/\/nge.vn\/"},{"@type":"ListItem","position":2,"name":"S\u1ea3n ph\u1ea9m","item":"https:\/\/nge.vn\/san-pham\/"},{"@type":"ListItem","position":3,"name":"M\u00e1y c\u1eaft kh\u1eafc laser CR-Laser Falcon 10W size 40*41cm"}]},{"@type":"WebSite","@id":"https:\/\/nge.vn\/#website","url":"https:\/\/nge.vn\/","name":"NGE 3D Printers Services","description":"","potentialAction":[{"@type":"SearchAction","target":{"@type":"EntryPoint","urlTemplate":"https:\/\/nge.vn\/?s={search_term_string}"},"query-input":{"@type":"PropertyValueSpecification","valueRequired":true,"valueName":"search_term_string"}}],"inLanguage":"en-US"}]}},"_links":{"self":[{"href":"https:\/\/nge.vn\/en\/wp-json\/wp\/v2\/product\/4025","targetHints":{"allow":["GET"]}}],"collection":[{"href":"https:\/\/nge.vn\/en\/wp-json\/wp\/v2\/product"}],"about":[{"href":"https:\/\/nge.vn\/en\/wp-json\/wp\/v2\/types\/product"}],"replies":[{"embeddable":true,"href":"https:\/\/nge.vn\/en\/wp-json\/wp\/v2\/comments?post=4025"}],"wp:featuredmedia":[{"embeddable":true,"href":"https:\/\/nge.vn\/en\/wp-json\/wp\/v2\/media\/4016"}],"wp:attachment":[{"href":"https:\/\/nge.vn\/en\/wp-json\/wp\/v2\/media?parent=4025"}],"wp:term":[{"taxonomy":"product_brand","embeddable":true,"href":"https:\/\/nge.vn\/en\/wp-json\/wp\/v2\/product_brand?post=4025"},{"taxonomy":"product_cat","embeddable":true,"href":"https:\/\/nge.vn\/en\/wp-json\/wp\/v2\/product_cat?post=4025"},{"taxonomy":"product_tag","embeddable":true,"href":"https:\/\/nge.vn\/en\/wp-json\/wp\/v2\/product_tag?post=4025"}],"curies":[{"name":"wp","href":"https:\/\/api.w.org\/{rel}","templated":true}]}}